{"id":909,"date":"2025-01-27T10:09:32","date_gmt":"2025-01-27T07:09:32","guid":{"rendered":"https:\/\/ticaret.edu.tr\/endustriyel-tasarim\/?page_id=909"},"modified":"2026-03-31T11:09:12","modified_gmt":"2026-03-31T08:09:12","slug":"bolum-kurul-ve-komisyonlari","status":"publish","type":"page","link":"http:\/\/ticaret.edu.tr\/endustriyel-tasarim\/bolum-kurul-ve-komisyonlari\/","title":{"rendered":"B\u00f6l\u00fcm Kurul ve Komisyonlar\u0131"},"content":{"rendered":"<p data-start=\"304\" data-end=\"429\"><strong data-start=\"304\" data-end=\"328\">Mezuniyet Komisyonu:<\/strong><br data-start=\"328\" data-end=\"331\" \/>Do\u00e7. Dr. P\u0131nar \u00d6zt\u00fcrk Demirta\u015f, Do\u00e7. Dr. \u00c7\u0131nar Narter<\/p>\n<p data-start=\"431\" data-end=\"560\"><strong data-start=\"431\" data-end=\"450\">Staj Komisyonu:<\/strong><br data-start=\"450\" data-end=\"453\" \/>Do\u00e7. Dr. P\u0131nar \u00d6zt\u00fcrk Demirta\u015f, \u00d6\u011fr. G\u00f6r. Dr. Burcu Torum, \u00d6\u011fr. G\u00f6r. Dr. Ceylan \u015eahin, \u00d6\u011fr. G\u00f6r. Elif G\u00f6kaltay<\/p>\n<p data-start=\"562\" data-end=\"677\"><strong data-start=\"562\" data-end=\"608\">Yatay Ge\u00e7i\u015f, DGS, CAP ve Yandal Komisyonu:<\/strong><br data-start=\"608\" data-end=\"611\" \/>\u00d6\u011fr. G\u00f6r. Dr. Burcu Torum, \u00d6\u011fr. G\u00f6r. Aybike Eser, Ar\u015f. G\u00f6r. Elif \u0130lbay<\/p>\n<p data-start=\"679\" data-end=\"782\"><strong data-start=\"679\" data-end=\"713\">\u0130ntibak ve M\u00fcfredat Komisyonu:<\/strong><br data-start=\"713\" data-end=\"716\" \/>\u00d6\u011fr. G\u00f6r. Dr. Burcu Torum, \u00d6\u011fr. G\u00f6r. Aybike Eser, Ar\u015f. G\u00f6r. Elif \u0130lbay<\/p>\n<p data-start=\"784\" data-end=\"908\"><strong data-start=\"784\" data-end=\"816\">Kalite Geli\u015ftirme Komisyonu:<\/strong><br data-start=\"816\" data-end=\"819\" \/>Do\u00e7. Dr. P\u0131nar \u00d6zt\u00fcrk Demirta\u015f, Do\u00e7. Dr. \u00c7\u0131nar Narter, Ar\u015f. G\u00f6r. Elif \u0130lbay<\/p>\n<p data-start=\"910\" data-end=\"1037\"><strong data-start=\"910\" data-end=\"956\">Erasmus Farabi Mevlana Program\u0131 Komisyonu:<\/strong><br data-start=\"956\" data-end=\"959\" \/>\u00d6\u011fr. G\u00f6r. Dr. Burcu Torum, \u00d6\u011fr. G\u00f6r. Dr. Ceylan \u015eahin<\/p>\n<p data-start=\"910\" data-end=\"1037\"><strong>Muayene ve Kabul Komisyonu:<\/strong><\/p>\n<p data-start=\"910\" data-end=\"1037\">Ar\u015f. G\u00f6r. Elif \u0130lbay<\/p>\n","protected":false},"excerpt":{"rendered":"<p>Mezuniyet Komisyonu:Do\u00e7. Dr. P\u0131nar \u00d6zt\u00fcrk Demirta\u015f, Do\u00e7. Dr. \u00c7\u0131nar Narter Staj Komisyonu:Do\u00e7. Dr. P\u0131nar \u00d6zt\u00fcrk Demirta\u015f, \u00d6\u011fr. G\u00f6r. Dr. Burcu Torum, \u00d6\u011fr. G\u00f6r. Dr. Ceylan \u015eahin, \u00d6\u011fr. G\u00f6r. Elif G\u00f6kaltay Yatay Ge\u00e7i\u015f, DGS, CAP ve Yandal Komisyonu:\u00d6\u011fr. G\u00f6r. Dr. Burcu Torum, \u00d6\u011fr. G\u00f6r. Aybike Eser, Ar\u015f. G\u00f6r. Elif \u0130lbay \u0130ntibak ve M\u00fcfredat Komisyonu:\u00d6\u011fr. G\u00f6r. Dr. [&hellip;]<\/p>\n","protected":false},"author":139,"featured_media":0,"parent":0,"menu_order":0,"comment_status":"closed","ping_status":"closed","template":"genel_sayfa.php","meta":{"footnotes":""},"yoast_head":"<!-- This site is optimized with the Yoast SEO Premium plugin v22.1 (Yoast SEO v22.1) - https:\/\/yoast.com\/wordpress\/plugins\/seo\/ -->\n<title>B\u00f6l\u00fcm Kurul ve Komisyonlar\u0131 - End\u00fcstriyel Tasar\u0131m<\/title>\n<meta name=\"description\" content=\"B\u00f6l\u00fcm Kurul ve Komisyonlar\u0131\" \/>\n<meta name=\"robots\" content=\"index, follow, max-snippet:-1, max-image-preview:large, max-video-preview:-1\" \/>\n<link rel=\"canonical\" href=\"https:\/\/ticaret.edu.tr\/endustriyel-tasarim\/bolum-kurul-ve-komisyonlari\/\" \/>\n<meta property=\"og:locale\" content=\"tr_TR\" \/>\n<meta property=\"og:type\" content=\"article\" \/>\n<meta property=\"og:title\" content=\"B\u00f6l\u00fcm Kurul ve Komisyonlar\u0131\" \/>\n<meta property=\"og:description\" content=\"B\u00f6l\u00fcm Kurul ve Komisyonlar\u0131\" \/>\n<meta property=\"og:url\" content=\"https:\/\/ticaret.edu.tr\/endustriyel-tasarim\/bolum-kurul-ve-komisyonlari\/\" \/>\n<meta property=\"og:site_name\" content=\"End\u00fcstriyel Tasar\u0131m\" \/>\n<meta property=\"article:publisher\" content=\"https:\/\/www.facebook.com\/ticaretedutr\" \/>\n<meta property=\"article:modified_time\" content=\"2026-03-31T08:09:12+00:00\" \/>\n<meta property=\"og:image\" content=\"http:\/\/ticaret.edu.tr\/endustriyel-tasarim\/wp-content\/uploads\/sites\/23\/2021\/11\/web_logo-01.jpg\" \/>\n\t<meta property=\"og:image:width\" content=\"1250\" \/>\n\t<meta property=\"og:image:height\" content=\"833\" \/>\n\t<meta property=\"og:image:type\" content=\"image\/jpeg\" \/>\n<meta name=\"twitter:card\" content=\"summary_large_image\" \/>\n<meta name=\"twitter:site\" content=\"@ticaretedutr\" \/>\n<meta name=\"twitter:label1\" content=\"Tahmini okuma s\u00fcresi\" \/>\n\t<meta name=\"twitter:data1\" content=\"1 dakika\" \/>\n<script type=\"application\/ld+json\" class=\"yoast-schema-graph\">{\"@context\":\"https:\/\/schema.org\",\"@graph\":[{\"@type\":\"WebPage\",\"@id\":\"https:\/\/ticaret.edu.tr\/endustriyel-tasarim\/bolum-kurul-ve-komisyonlari\/\",\"url\":\"https:\/\/ticaret.edu.tr\/endustriyel-tasarim\/bolum-kurul-ve-komisyonlari\/\",\"name\":\"B\u00f6l\u00fcm Kurul ve Komisyonlar\u0131 - End\u00fcstriyel Tasar\u0131m\",\"isPartOf\":{\"@id\":\"http:\/\/ticaret.edu.tr\/endustriyel-tasarim\/en\/#website\"},\"datePublished\":\"2025-01-27T07:09:32+00:00\",\"dateModified\":\"2026-03-31T08:09:12+00:00\",\"description\":\"B\u00f6l\u00fcm Kurul ve Komisyonlar\u0131\",\"breadcrumb\":{\"@id\":\"https:\/\/ticaret.edu.tr\/endustriyel-tasarim\/bolum-kurul-ve-komisyonlari\/#breadcrumb\"},\"inLanguage\":\"tr\",\"potentialAction\":[{\"@type\":\"ReadAction\",\"target\":[\"https:\/\/ticaret.edu.tr\/endustriyel-tasarim\/bolum-kurul-ve-komisyonlari\/\"]}]},{\"@type\":\"BreadcrumbList\",\"@id\":\"https:\/\/ticaret.edu.tr\/endustriyel-tasarim\/bolum-kurul-ve-komisyonlari\/#breadcrumb\",\"itemListElement\":[{\"@type\":\"ListItem\",\"position\":1,\"name\":\"Ana sayfa\",\"item\":\"https:\/\/ticaret.edu.tr\/endustriyel-tasarim\/\"},{\"@type\":\"ListItem\",\"position\":2,\"name\":\"B\u00f6l\u00fcm Kurul ve Komisyonlar\u0131\"}]},{\"@type\":\"WebSite\",\"@id\":\"http:\/\/ticaret.edu.tr\/endustriyel-tasarim\/en\/#website\",\"url\":\"http:\/\/ticaret.edu.tr\/endustriyel-tasarim\/en\/\",\"name\":\"End\u00fcstriyel Tasar\u0131m\",\"description\":\"\",\"potentialAction\":[{\"@type\":\"SearchAction\",\"target\":{\"@type\":\"EntryPoint\",\"urlTemplate\":\"http:\/\/ticaret.edu.tr\/endustriyel-tasarim\/en\/?s={search_term_string}\"},\"query-input\":\"required name=search_term_string\"}],\"inLanguage\":\"tr\"}]}<\/script>\n<!-- \/ Yoast SEO Premium plugin. -->","yoast_head_json":{"title":"B\u00f6l\u00fcm Kurul ve Komisyonlar\u0131 - End\u00fcstriyel Tasar\u0131m","description":"B\u00f6l\u00fcm Kurul ve Komisyonlar\u0131","robots":{"index":"index","follow":"follow","max-snippet":"max-snippet:-1","max-image-preview":"max-image-preview:large","max-video-preview":"max-video-preview:-1"},"canonical":"https:\/\/ticaret.edu.tr\/endustriyel-tasarim\/bolum-kurul-ve-komisyonlari\/","og_locale":"tr_TR","og_type":"article","og_title":"B\u00f6l\u00fcm Kurul ve Komisyonlar\u0131","og_description":"B\u00f6l\u00fcm Kurul ve Komisyonlar\u0131","og_url":"https:\/\/ticaret.edu.tr\/endustriyel-tasarim\/bolum-kurul-ve-komisyonlari\/","og_site_name":"End\u00fcstriyel Tasar\u0131m","article_publisher":"https:\/\/www.facebook.com\/ticaretedutr","article_modified_time":"2026-03-31T08:09:12+00:00","og_image":[{"width":1250,"height":833,"url":"http:\/\/ticaret.edu.tr\/endustriyel-tasarim\/wp-content\/uploads\/sites\/23\/2021\/11\/web_logo-01.jpg","type":"image\/jpeg"}],"twitter_card":"summary_large_image","twitter_site":"@ticaretedutr","twitter_misc":{"Tahmini okuma s\u00fcresi":"1 dakika"},"schema":{"@context":"https:\/\/schema.org","@graph":[{"@type":"WebPage","@id":"https:\/\/ticaret.edu.tr\/endustriyel-tasarim\/bolum-kurul-ve-komisyonlari\/","url":"https:\/\/ticaret.edu.tr\/endustriyel-tasarim\/bolum-kurul-ve-komisyonlari\/","name":"B\u00f6l\u00fcm Kurul ve Komisyonlar\u0131 - End\u00fcstriyel Tasar\u0131m","isPartOf":{"@id":"http:\/\/ticaret.edu.tr\/endustriyel-tasarim\/en\/#website"},"datePublished":"2025-01-27T07:09:32+00:00","dateModified":"2026-03-31T08:09:12+00:00","description":"B\u00f6l\u00fcm Kurul ve Komisyonlar\u0131","breadcrumb":{"@id":"https:\/\/ticaret.edu.tr\/endustriyel-tasarim\/bolum-kurul-ve-komisyonlari\/#breadcrumb"},"inLanguage":"tr","potentialAction":[{"@type":"ReadAction","target":["https:\/\/ticaret.edu.tr\/endustriyel-tasarim\/bolum-kurul-ve-komisyonlari\/"]}]},{"@type":"BreadcrumbList","@id":"https:\/\/ticaret.edu.tr\/endustriyel-tasarim\/bolum-kurul-ve-komisyonlari\/#breadcrumb","itemListElement":[{"@type":"ListItem","position":1,"name":"Ana sayfa","item":"https:\/\/ticaret.edu.tr\/endustriyel-tasarim\/"},{"@type":"ListItem","position":2,"name":"B\u00f6l\u00fcm Kurul ve Komisyonlar\u0131"}]},{"@type":"WebSite","@id":"http:\/\/ticaret.edu.tr\/endustriyel-tasarim\/en\/#website","url":"http:\/\/ticaret.edu.tr\/endustriyel-tasarim\/en\/","name":"End\u00fcstriyel Tasar\u0131m","description":"","potentialAction":[{"@type":"SearchAction","target":{"@type":"EntryPoint","urlTemplate":"http:\/\/ticaret.edu.tr\/endustriyel-tasarim\/en\/?s={search_term_string}"},"query-input":"required name=search_term_string"}],"inLanguage":"tr"}]}},"lang":"tr","translations":{"en":911,"tr":909},"pll_sync_post":[],"_links":{"self":[{"href":"http:\/\/ticaret.edu.tr\/endustriyel-tasarim\/wp-json\/wp\/v2\/pages\/909"}],"collection":[{"href":"http:\/\/ticaret.edu.tr\/endustriyel-tasarim\/wp-json\/wp\/v2\/pages"}],"about":[{"href":"http:\/\/ticaret.edu.tr\/endustriyel-tasarim\/wp-json\/wp\/v2\/types\/page"}],"author":[{"embeddable":true,"href":"http:\/\/ticaret.edu.tr\/endustriyel-tasarim\/wp-json\/wp\/v2\/users\/139"}],"replies":[{"embeddable":true,"href":"http:\/\/ticaret.edu.tr\/endustriyel-tasarim\/wp-json\/wp\/v2\/comments?post=909"}],"version-history":[{"count":10,"href":"http:\/\/ticaret.edu.tr\/endustriyel-tasarim\/wp-json\/wp\/v2\/pages\/909\/revisions"}],"predecessor-version":[{"id":1703,"href":"http:\/\/ticaret.edu.tr\/endustriyel-tasarim\/wp-json\/wp\/v2\/pages\/909\/revisions\/1703"}],"wp:attachment":[{"href":"http:\/\/ticaret.edu.tr\/endustriyel-tasarim\/wp-json\/wp\/v2\/media?parent=909"}],"curies":[{"name":"wp","href":"https:\/\/api.w.org\/{rel}","templated":true}]}}