{"id":913,"date":"2025-01-27T10:09:57","date_gmt":"2025-01-27T07:09:57","guid":{"rendered":"https:\/\/ticaret.edu.tr\/endustriyel-tasarim\/?page_id=913"},"modified":"2025-10-20T19:06:43","modified_gmt":"2025-10-20T16:06:43","slug":"sayisal-bilgiler","status":"publish","type":"page","link":"http:\/\/ticaret.edu.tr\/endustriyel-tasarim\/sayisal-bilgiler\/","title":{"rendered":"Say\u0131sal Bilgiler"},"content":{"rendered":"<div>\n<table style=\"height: 412px\" width=\"463\">\n<tbody>\n<tr>\n<td>\n<div>\n<p>2025-2026 E\u011fitim ve \u00d6\u011fretim Y\u0131l\u0131<\/p>\n<\/div>\n<\/td>\n<td>\n<div>\n<p>\u00d6\u011frenci Say\u0131s\u0131<\/p>\n<\/div>\n<\/td>\n<\/tr>\n<tr>\n<td>\n<div>\n<p>1. S\u0131n\u0131f<\/p>\n<\/div>\n<\/td>\n<td>\n<div>\n<p>43<\/p>\n<\/div>\n<\/td>\n<\/tr>\n<tr>\n<td>\n<div>\n<p>2. S\u0131n\u0131f<\/p>\n<\/div>\n<\/td>\n<td>\n<div>\n<p>40<\/p>\n<\/div>\n<\/td>\n<\/tr>\n<tr>\n<td>\n<div>\n<p>3. S\u0131n\u0131f<\/p>\n<\/div>\n<\/td>\n<td>\n<div>\n<p>34<\/p>\n<\/div>\n<\/td>\n<\/tr>\n<tr>\n<td>\n<div>\n<p>4. S\u0131n\u0131f<\/p>\n<\/div>\n<\/td>\n<td>\n<div>\n<p>66<\/p>\n<\/div>\n<\/td>\n<\/tr>\n<tr>\n<td>\n<div>\n<p>\u0130ste\u011fe Ba\u011fl\u0131 Haz\u0131rl\u0131k<\/p>\n<\/div>\n<\/td>\n<td>\n<div>\n<p>2<\/p>\n<\/div>\n<\/td>\n<\/tr>\n<tr>\n<td>\n<div>\n<p>Toplam<\/p>\n<\/div>\n<\/td>\n<td>\n<div>\n<p>185<\/p>\n<\/div>\n<\/td>\n<\/tr>\n<\/tbody>\n<\/table>\n<\/div>\n","protected":false},"excerpt":{"rendered":"<p>2025-2026 E\u011fitim ve \u00d6\u011fretim Y\u0131l\u0131 \u00d6\u011frenci Say\u0131s\u0131 1. S\u0131n\u0131f 43 2. S\u0131n\u0131f 40 3. S\u0131n\u0131f 34 4. S\u0131n\u0131f 66 \u0130ste\u011fe Ba\u011fl\u0131 Haz\u0131rl\u0131k 2 Toplam 185<\/p>\n","protected":false},"author":139,"featured_media":0,"parent":0,"menu_order":0,"comment_status":"closed","ping_status":"closed","template":"genel_sayfa.php","meta":{"footnotes":""},"yoast_head":"<!-- This site is optimized with the Yoast SEO Premium plugin v22.1 (Yoast SEO v22.1) - https:\/\/yoast.com\/wordpress\/plugins\/seo\/ -->\n<title>Say\u0131sal Bilgiler - End\u00fcstriyel Tasar\u0131m<\/title>\n<meta name=\"robots\" content=\"index, follow, max-snippet:-1, max-image-preview:large, max-video-preview:-1\" \/>\n<link rel=\"canonical\" href=\"http:\/\/ticaret.edu.tr\/endustriyel-tasarim\/sayisal-bilgiler\/\" \/>\n<meta property=\"og:locale\" content=\"tr_TR\" \/>\n<meta property=\"og:type\" content=\"article\" \/>\n<meta property=\"og:title\" content=\"Say\u0131sal Bilgiler\" \/>\n<meta property=\"og:description\" content=\"2025-2026 E\u011fitim ve \u00d6\u011fretim Y\u0131l\u0131 \u00d6\u011frenci Say\u0131s\u0131 1. S\u0131n\u0131f 43 2. S\u0131n\u0131f 40 3. S\u0131n\u0131f 34 4. S\u0131n\u0131f 66 \u0130ste\u011fe Ba\u011fl\u0131 Haz\u0131rl\u0131k 2 Toplam 185\" \/>\n<meta property=\"og:url\" content=\"http:\/\/ticaret.edu.tr\/endustriyel-tasarim\/sayisal-bilgiler\/\" \/>\n<meta property=\"og:site_name\" content=\"End\u00fcstriyel Tasar\u0131m\" \/>\n<meta property=\"article:publisher\" content=\"https:\/\/www.facebook.com\/ticaretedutr\" \/>\n<meta property=\"article:modified_time\" content=\"2025-10-20T16:06:43+00:00\" \/>\n<meta property=\"og:image\" content=\"http:\/\/ticaret.edu.tr\/endustriyel-tasarim\/wp-content\/uploads\/sites\/23\/2021\/11\/web_logo-01.jpg\" \/>\n\t<meta property=\"og:image:width\" content=\"1250\" \/>\n\t<meta property=\"og:image:height\" content=\"833\" \/>\n\t<meta property=\"og:image:type\" content=\"image\/jpeg\" \/>\n<meta name=\"twitter:card\" content=\"summary_large_image\" \/>\n<meta name=\"twitter:site\" content=\"@ticaretedutr\" \/>\n<meta name=\"twitter:label1\" content=\"Tahmini okuma s\u00fcresi\" \/>\n\t<meta name=\"twitter:data1\" content=\"1 dakika\" \/>\n<script type=\"application\/ld+json\" class=\"yoast-schema-graph\">{\"@context\":\"https:\/\/schema.org\",\"@graph\":[{\"@type\":\"WebPage\",\"@id\":\"http:\/\/ticaret.edu.tr\/endustriyel-tasarim\/sayisal-bilgiler\/\",\"url\":\"http:\/\/ticaret.edu.tr\/endustriyel-tasarim\/sayisal-bilgiler\/\",\"name\":\"Say\u0131sal Bilgiler - End\u00fcstriyel Tasar\u0131m\",\"isPartOf\":{\"@id\":\"https:\/\/ticaret.edu.tr\/endustriyel-tasarim\/#website\"},\"datePublished\":\"2025-01-27T07:09:57+00:00\",\"dateModified\":\"2025-10-20T16:06:43+00:00\",\"breadcrumb\":{\"@id\":\"http:\/\/ticaret.edu.tr\/endustriyel-tasarim\/sayisal-bilgiler\/#breadcrumb\"},\"inLanguage\":\"tr\",\"potentialAction\":[{\"@type\":\"ReadAction\",\"target\":[\"http:\/\/ticaret.edu.tr\/endustriyel-tasarim\/sayisal-bilgiler\/\"]}]},{\"@type\":\"BreadcrumbList\",\"@id\":\"http:\/\/ticaret.edu.tr\/endustriyel-tasarim\/sayisal-bilgiler\/#breadcrumb\",\"itemListElement\":[{\"@type\":\"ListItem\",\"position\":1,\"name\":\"Ana sayfa\",\"item\":\"https:\/\/ticaret.edu.tr\/endustriyel-tasarim\/\"},{\"@type\":\"ListItem\",\"position\":2,\"name\":\"Say\u0131sal Bilgiler\"}]},{\"@type\":\"WebSite\",\"@id\":\"https:\/\/ticaret.edu.tr\/endustriyel-tasarim\/#website\",\"url\":\"https:\/\/ticaret.edu.tr\/endustriyel-tasarim\/\",\"name\":\"End\u00fcstriyel Tasar\u0131m\",\"description\":\"\",\"potentialAction\":[{\"@type\":\"SearchAction\",\"target\":{\"@type\":\"EntryPoint\",\"urlTemplate\":\"https:\/\/ticaret.edu.tr\/endustriyel-tasarim\/?s={search_term_string}\"},\"query-input\":\"required name=search_term_string\"}],\"inLanguage\":\"tr\"}]}<\/script>\n<!-- \/ Yoast SEO Premium plugin. -->","yoast_head_json":{"title":"Say\u0131sal Bilgiler - End\u00fcstriyel Tasar\u0131m","robots":{"index":"index","follow":"follow","max-snippet":"max-snippet:-1","max-image-preview":"max-image-preview:large","max-video-preview":"max-video-preview:-1"},"canonical":"http:\/\/ticaret.edu.tr\/endustriyel-tasarim\/sayisal-bilgiler\/","og_locale":"tr_TR","og_type":"article","og_title":"Say\u0131sal Bilgiler","og_description":"2025-2026 E\u011fitim ve \u00d6\u011fretim Y\u0131l\u0131 \u00d6\u011frenci Say\u0131s\u0131 1. S\u0131n\u0131f 43 2. S\u0131n\u0131f 40 3. S\u0131n\u0131f 34 4. S\u0131n\u0131f 66 \u0130ste\u011fe Ba\u011fl\u0131 Haz\u0131rl\u0131k 2 Toplam 185","og_url":"http:\/\/ticaret.edu.tr\/endustriyel-tasarim\/sayisal-bilgiler\/","og_site_name":"End\u00fcstriyel Tasar\u0131m","article_publisher":"https:\/\/www.facebook.com\/ticaretedutr","article_modified_time":"2025-10-20T16:06:43+00:00","og_image":[{"width":1250,"height":833,"url":"http:\/\/ticaret.edu.tr\/endustriyel-tasarim\/wp-content\/uploads\/sites\/23\/2021\/11\/web_logo-01.jpg","type":"image\/jpeg"}],"twitter_card":"summary_large_image","twitter_site":"@ticaretedutr","twitter_misc":{"Tahmini okuma s\u00fcresi":"1 dakika"},"schema":{"@context":"https:\/\/schema.org","@graph":[{"@type":"WebPage","@id":"http:\/\/ticaret.edu.tr\/endustriyel-tasarim\/sayisal-bilgiler\/","url":"http:\/\/ticaret.edu.tr\/endustriyel-tasarim\/sayisal-bilgiler\/","name":"Say\u0131sal Bilgiler - End\u00fcstriyel Tasar\u0131m","isPartOf":{"@id":"https:\/\/ticaret.edu.tr\/endustriyel-tasarim\/#website"},"datePublished":"2025-01-27T07:09:57+00:00","dateModified":"2025-10-20T16:06:43+00:00","breadcrumb":{"@id":"http:\/\/ticaret.edu.tr\/endustriyel-tasarim\/sayisal-bilgiler\/#breadcrumb"},"inLanguage":"tr","potentialAction":[{"@type":"ReadAction","target":["http:\/\/ticaret.edu.tr\/endustriyel-tasarim\/sayisal-bilgiler\/"]}]},{"@type":"BreadcrumbList","@id":"http:\/\/ticaret.edu.tr\/endustriyel-tasarim\/sayisal-bilgiler\/#breadcrumb","itemListElement":[{"@type":"ListItem","position":1,"name":"Ana sayfa","item":"https:\/\/ticaret.edu.tr\/endustriyel-tasarim\/"},{"@type":"ListItem","position":2,"name":"Say\u0131sal Bilgiler"}]},{"@type":"WebSite","@id":"https:\/\/ticaret.edu.tr\/endustriyel-tasarim\/#website","url":"https:\/\/ticaret.edu.tr\/endustriyel-tasarim\/","name":"End\u00fcstriyel Tasar\u0131m","description":"","potentialAction":[{"@type":"SearchAction","target":{"@type":"EntryPoint","urlTemplate":"https:\/\/ticaret.edu.tr\/endustriyel-tasarim\/?s={search_term_string}"},"query-input":"required name=search_term_string"}],"inLanguage":"tr"}]}},"lang":"tr","translations":{"en":915,"tr":913},"pll_sync_post":[],"_links":{"self":[{"href":"http:\/\/ticaret.edu.tr\/endustriyel-tasarim\/wp-json\/wp\/v2\/pages\/913"}],"collection":[{"href":"http:\/\/ticaret.edu.tr\/endustriyel-tasarim\/wp-json\/wp\/v2\/pages"}],"about":[{"href":"http:\/\/ticaret.edu.tr\/endustriyel-tasarim\/wp-json\/wp\/v2\/types\/page"}],"author":[{"embeddable":true,"href":"http:\/\/ticaret.edu.tr\/endustriyel-tasarim\/wp-json\/wp\/v2\/users\/139"}],"replies":[{"embeddable":true,"href":"http:\/\/ticaret.edu.tr\/endustriyel-tasarim\/wp-json\/wp\/v2\/comments?post=913"}],"version-history":[{"count":4,"href":"http:\/\/ticaret.edu.tr\/endustriyel-tasarim\/wp-json\/wp\/v2\/pages\/913\/revisions"}],"predecessor-version":[{"id":1379,"href":"http:\/\/ticaret.edu.tr\/endustriyel-tasarim\/wp-json\/wp\/v2\/pages\/913\/revisions\/1379"}],"wp:attachment":[{"href":"http:\/\/ticaret.edu.tr\/endustriyel-tasarim\/wp-json\/wp\/v2\/media?parent=913"}],"curies":[{"name":"wp","href":"https:\/\/api.w.org\/{rel}","templated":true}]}}