{"id":922,"date":"2025-01-27T10:11:10","date_gmt":"2025-01-27T07:11:10","guid":{"rendered":"https:\/\/ticaret.edu.tr\/endustriyel-tasarim\/?page_id=922"},"modified":"2025-10-20T19:10:34","modified_gmt":"2025-10-20T16:10:34","slug":"lisans-genel-bilgi","status":"publish","type":"page","link":"http:\/\/ticaret.edu.tr\/endustriyel-tasarim\/lisans-genel-bilgi\/","title":{"rendered":"Genel Bilgi"},"content":{"rendered":"<p><b>Y\u0131l:\u00a0<\/b>4 Y\u0131ll\u0131k \u00d6rg\u00fcn E\u011fitim<\/p>\n<p><b>AKTS:\u00a0<\/b>\u00d6\u011frencilerin mezun olabilmesi i\u00e7in toplam 240 AKTS tamamlanm\u0131\u015f olmas\u0131 gerekmektedir.<\/p>\n<p><b>Dil:\u00a0<\/b>E\u011fitim \u00f6\u011fretim dili T\u00fcrk\u00e7e\u2019dir.<\/p>\n<p><b>Birinci, ikinci, \u00fc\u00e7\u00fcnc\u00fc ve d\u00f6rd\u00fcnc\u00fc s\u0131n\u0131f derslerinin genel tan\u0131t\u0131m\u0131:\u00a0<\/b>E\u011fitimimiz, temel teorik dersler, teorik dersleri destekleyecek g\u00fcncel se\u00e7meli dersler ve end\u00fcstriyel tasar\u0131m e\u011fitiminin temelini olu\u015fturan st\u00fcdyo derslerinden olu\u015fan uygulamal\u0131 derslerle verilmektedir. Dersler, e\u011fitim \u00f6\u011fretim y\u0131l\u0131 boyunca, konusunda uzman konuklar\u0131n davet edildi\u011fi seminerler, \u00e7al\u0131\u015ftaylar ve teknik gezilerle desteklenmektedir. Teorik derslerde edinilen bilgiler, \u00fcr\u00fcn fikirleriyle birle\u015ftirilerek uygulama f\u0131rsat\u0131 bulunan st\u00fcdyolarda s\u00fcrd\u00fcr\u00fclmektedir. Avrupa Kredi Sistemi uygulanmakta, Erasmus ile \u00f6\u011frencilerimize yurt d\u0131\u015f\u0131 e\u011fitim imkan\u0131 sa\u011flanmaktad\u0131r. \u0130stanbul Ticaret Odas\u0131, e\u011fitim s\u00fcresinde, sonras\u0131nda destek olmaktad\u0131r.<\/p>\n<p><b>Staj bilgisi:\u00a0<\/b>4 Y\u0131ll\u0131k E\u011fitim \u00d6\u011fretim s\u00fcrecinde toplam 2 adet zorunlu staj yap\u0131lmas\u0131 gerekmektedir. Yeni Staj 1 (Fabrika Staj\u0131) ve Yeni Staj 2 (Ofis Staj\u0131) olmak \u00fczere her iki staj i\u00e7inde ayr\u0131 ayr\u0131 20\u2019\u015fer i\u015f g\u00fcnlerinin doldurulmas\u0131 beklenmektedir.<\/p>\n<p><b>Son S\u0131n\u0131fta Bitirme Projesi\u00a0<\/b>ve destekleyen teorik dersler bulunmaktad\u0131r.<\/p>\n","protected":false},"excerpt":{"rendered":"<p>Y\u0131l:\u00a04 Y\u0131ll\u0131k \u00d6rg\u00fcn E\u011fitim AKTS:\u00a0\u00d6\u011frencilerin mezun olabilmesi i\u00e7in toplam 240 AKTS tamamlanm\u0131\u015f olmas\u0131 gerekmektedir. Dil:\u00a0E\u011fitim \u00f6\u011fretim dili T\u00fcrk\u00e7e\u2019dir. Birinci, ikinci, \u00fc\u00e7\u00fcnc\u00fc ve d\u00f6rd\u00fcnc\u00fc s\u0131n\u0131f derslerinin genel tan\u0131t\u0131m\u0131:\u00a0E\u011fitimimiz, temel teorik dersler, teorik dersleri destekleyecek g\u00fcncel se\u00e7meli dersler ve end\u00fcstriyel tasar\u0131m e\u011fitiminin temelini olu\u015fturan st\u00fcdyo derslerinden olu\u015fan uygulamal\u0131 derslerle verilmektedir. Dersler, e\u011fitim \u00f6\u011fretim y\u0131l\u0131 boyunca, konusunda uzman [&hellip;]<\/p>\n","protected":false},"author":139,"featured_media":0,"parent":0,"menu_order":0,"comment_status":"closed","ping_status":"closed","template":"genel_sayfa.php","meta":{"footnotes":""},"yoast_head":"<!-- This site is optimized with the Yoast SEO Premium plugin v22.1 (Yoast SEO v22.1) - https:\/\/yoast.com\/wordpress\/plugins\/seo\/ -->\n<title>Genel Bilgi - End\u00fcstriyel Tasar\u0131m<\/title>\n<meta name=\"robots\" content=\"index, follow, max-snippet:-1, max-image-preview:large, max-video-preview:-1\" \/>\n<link rel=\"canonical\" href=\"http:\/\/ticaret.edu.tr\/endustriyel-tasarim\/lisans-genel-bilgi\/\" \/>\n<meta property=\"og:locale\" content=\"tr_TR\" \/>\n<meta property=\"og:type\" content=\"article\" \/>\n<meta property=\"og:title\" content=\"Genel Bilgi\" \/>\n<meta property=\"og:description\" content=\"Y\u0131l:\u00a04 Y\u0131ll\u0131k \u00d6rg\u00fcn E\u011fitim AKTS:\u00a0\u00d6\u011frencilerin mezun olabilmesi i\u00e7in toplam 240 AKTS tamamlanm\u0131\u015f olmas\u0131 gerekmektedir. Dil:\u00a0E\u011fitim \u00f6\u011fretim dili T\u00fcrk\u00e7e\u2019dir. Birinci, ikinci, \u00fc\u00e7\u00fcnc\u00fc ve d\u00f6rd\u00fcnc\u00fc s\u0131n\u0131f derslerinin genel tan\u0131t\u0131m\u0131:\u00a0E\u011fitimimiz, temel teorik dersler, teorik dersleri destekleyecek g\u00fcncel se\u00e7meli dersler ve end\u00fcstriyel tasar\u0131m e\u011fitiminin temelini olu\u015fturan st\u00fcdyo derslerinden olu\u015fan uygulamal\u0131 derslerle verilmektedir. Dersler, e\u011fitim \u00f6\u011fretim y\u0131l\u0131 boyunca, konusunda uzman [&hellip;]\" \/>\n<meta property=\"og:url\" content=\"http:\/\/ticaret.edu.tr\/endustriyel-tasarim\/lisans-genel-bilgi\/\" \/>\n<meta property=\"og:site_name\" content=\"End\u00fcstriyel Tasar\u0131m\" \/>\n<meta property=\"article:publisher\" content=\"https:\/\/www.facebook.com\/ticaretedutr\" \/>\n<meta property=\"article:modified_time\" content=\"2025-10-20T16:10:34+00:00\" \/>\n<meta property=\"og:image\" content=\"http:\/\/ticaret.edu.tr\/endustriyel-tasarim\/wp-content\/uploads\/sites\/23\/2021\/11\/web_logo-01.jpg\" \/>\n\t<meta property=\"og:image:width\" content=\"1250\" \/>\n\t<meta property=\"og:image:height\" content=\"833\" \/>\n\t<meta property=\"og:image:type\" content=\"image\/jpeg\" \/>\n<meta name=\"twitter:card\" content=\"summary_large_image\" \/>\n<meta name=\"twitter:site\" content=\"@ticaretedutr\" \/>\n<meta name=\"twitter:label1\" content=\"Tahmini okuma s\u00fcresi\" \/>\n\t<meta name=\"twitter:data1\" content=\"1 dakika\" \/>\n<script type=\"application\/ld+json\" class=\"yoast-schema-graph\">{\"@context\":\"https:\/\/schema.org\",\"@graph\":[{\"@type\":\"WebPage\",\"@id\":\"http:\/\/ticaret.edu.tr\/endustriyel-tasarim\/lisans-genel-bilgi\/\",\"url\":\"http:\/\/ticaret.edu.tr\/endustriyel-tasarim\/lisans-genel-bilgi\/\",\"name\":\"Genel Bilgi - End\u00fcstriyel Tasar\u0131m\",\"isPartOf\":{\"@id\":\"https:\/\/ticaret.edu.tr\/endustriyel-tasarim\/#website\"},\"datePublished\":\"2025-01-27T07:11:10+00:00\",\"dateModified\":\"2025-10-20T16:10:34+00:00\",\"breadcrumb\":{\"@id\":\"http:\/\/ticaret.edu.tr\/endustriyel-tasarim\/lisans-genel-bilgi\/#breadcrumb\"},\"inLanguage\":\"tr\",\"potentialAction\":[{\"@type\":\"ReadAction\",\"target\":[\"http:\/\/ticaret.edu.tr\/endustriyel-tasarim\/lisans-genel-bilgi\/\"]}]},{\"@type\":\"BreadcrumbList\",\"@id\":\"http:\/\/ticaret.edu.tr\/endustriyel-tasarim\/lisans-genel-bilgi\/#breadcrumb\",\"itemListElement\":[{\"@type\":\"ListItem\",\"position\":1,\"name\":\"Ana sayfa\",\"item\":\"https:\/\/ticaret.edu.tr\/endustriyel-tasarim\/\"},{\"@type\":\"ListItem\",\"position\":2,\"name\":\"Genel Bilgi\"}]},{\"@type\":\"WebSite\",\"@id\":\"https:\/\/ticaret.edu.tr\/endustriyel-tasarim\/#website\",\"url\":\"https:\/\/ticaret.edu.tr\/endustriyel-tasarim\/\",\"name\":\"End\u00fcstriyel Tasar\u0131m\",\"description\":\"\",\"potentialAction\":[{\"@type\":\"SearchAction\",\"target\":{\"@type\":\"EntryPoint\",\"urlTemplate\":\"https:\/\/ticaret.edu.tr\/endustriyel-tasarim\/?s={search_term_string}\"},\"query-input\":\"required name=search_term_string\"}],\"inLanguage\":\"tr\"}]}<\/script>\n<!-- \/ Yoast SEO Premium plugin. -->","yoast_head_json":{"title":"Genel Bilgi - End\u00fcstriyel Tasar\u0131m","robots":{"index":"index","follow":"follow","max-snippet":"max-snippet:-1","max-image-preview":"max-image-preview:large","max-video-preview":"max-video-preview:-1"},"canonical":"http:\/\/ticaret.edu.tr\/endustriyel-tasarim\/lisans-genel-bilgi\/","og_locale":"tr_TR","og_type":"article","og_title":"Genel Bilgi","og_description":"Y\u0131l:\u00a04 Y\u0131ll\u0131k \u00d6rg\u00fcn E\u011fitim AKTS:\u00a0\u00d6\u011frencilerin mezun olabilmesi i\u00e7in toplam 240 AKTS tamamlanm\u0131\u015f olmas\u0131 gerekmektedir. Dil:\u00a0E\u011fitim \u00f6\u011fretim dili T\u00fcrk\u00e7e\u2019dir. Birinci, ikinci, \u00fc\u00e7\u00fcnc\u00fc ve d\u00f6rd\u00fcnc\u00fc s\u0131n\u0131f derslerinin genel tan\u0131t\u0131m\u0131:\u00a0E\u011fitimimiz, temel teorik dersler, teorik dersleri destekleyecek g\u00fcncel se\u00e7meli dersler ve end\u00fcstriyel tasar\u0131m e\u011fitiminin temelini olu\u015fturan st\u00fcdyo derslerinden olu\u015fan uygulamal\u0131 derslerle verilmektedir. Dersler, e\u011fitim \u00f6\u011fretim y\u0131l\u0131 boyunca, konusunda uzman [&hellip;]","og_url":"http:\/\/ticaret.edu.tr\/endustriyel-tasarim\/lisans-genel-bilgi\/","og_site_name":"End\u00fcstriyel Tasar\u0131m","article_publisher":"https:\/\/www.facebook.com\/ticaretedutr","article_modified_time":"2025-10-20T16:10:34+00:00","og_image":[{"width":1250,"height":833,"url":"http:\/\/ticaret.edu.tr\/endustriyel-tasarim\/wp-content\/uploads\/sites\/23\/2021\/11\/web_logo-01.jpg","type":"image\/jpeg"}],"twitter_card":"summary_large_image","twitter_site":"@ticaretedutr","twitter_misc":{"Tahmini okuma s\u00fcresi":"1 dakika"},"schema":{"@context":"https:\/\/schema.org","@graph":[{"@type":"WebPage","@id":"http:\/\/ticaret.edu.tr\/endustriyel-tasarim\/lisans-genel-bilgi\/","url":"http:\/\/ticaret.edu.tr\/endustriyel-tasarim\/lisans-genel-bilgi\/","name":"Genel Bilgi - End\u00fcstriyel Tasar\u0131m","isPartOf":{"@id":"https:\/\/ticaret.edu.tr\/endustriyel-tasarim\/#website"},"datePublished":"2025-01-27T07:11:10+00:00","dateModified":"2025-10-20T16:10:34+00:00","breadcrumb":{"@id":"http:\/\/ticaret.edu.tr\/endustriyel-tasarim\/lisans-genel-bilgi\/#breadcrumb"},"inLanguage":"tr","potentialAction":[{"@type":"ReadAction","target":["http:\/\/ticaret.edu.tr\/endustriyel-tasarim\/lisans-genel-bilgi\/"]}]},{"@type":"BreadcrumbList","@id":"http:\/\/ticaret.edu.tr\/endustriyel-tasarim\/lisans-genel-bilgi\/#breadcrumb","itemListElement":[{"@type":"ListItem","position":1,"name":"Ana sayfa","item":"https:\/\/ticaret.edu.tr\/endustriyel-tasarim\/"},{"@type":"ListItem","position":2,"name":"Genel Bilgi"}]},{"@type":"WebSite","@id":"https:\/\/ticaret.edu.tr\/endustriyel-tasarim\/#website","url":"https:\/\/ticaret.edu.tr\/endustriyel-tasarim\/","name":"End\u00fcstriyel Tasar\u0131m","description":"","potentialAction":[{"@type":"SearchAction","target":{"@type":"EntryPoint","urlTemplate":"https:\/\/ticaret.edu.tr\/endustriyel-tasarim\/?s={search_term_string}"},"query-input":"required name=search_term_string"}],"inLanguage":"tr"}]}},"lang":"tr","translations":{"en":924,"tr":922},"pll_sync_post":[],"_links":{"self":[{"href":"http:\/\/ticaret.edu.tr\/endustriyel-tasarim\/wp-json\/wp\/v2\/pages\/922"}],"collection":[{"href":"http:\/\/ticaret.edu.tr\/endustriyel-tasarim\/wp-json\/wp\/v2\/pages"}],"about":[{"href":"http:\/\/ticaret.edu.tr\/endustriyel-tasarim\/wp-json\/wp\/v2\/types\/page"}],"author":[{"embeddable":true,"href":"http:\/\/ticaret.edu.tr\/endustriyel-tasarim\/wp-json\/wp\/v2\/users\/139"}],"replies":[{"embeddable":true,"href":"http:\/\/ticaret.edu.tr\/endustriyel-tasarim\/wp-json\/wp\/v2\/comments?post=922"}],"version-history":[{"count":2,"href":"http:\/\/ticaret.edu.tr\/endustriyel-tasarim\/wp-json\/wp\/v2\/pages\/922\/revisions"}],"predecessor-version":[{"id":1382,"href":"http:\/\/ticaret.edu.tr\/endustriyel-tasarim\/wp-json\/wp\/v2\/pages\/922\/revisions\/1382"}],"wp:attachment":[{"href":"http:\/\/ticaret.edu.tr\/endustriyel-tasarim\/wp-json\/wp\/v2\/media?parent=922"}],"curies":[{"name":"wp","href":"https:\/\/api.w.org\/{rel}","templated":true}]}}