{"id":931,"date":"2025-01-27T10:12:12","date_gmt":"2025-01-27T07:12:12","guid":{"rendered":"https:\/\/ticaret.edu.tr\/endustriyel-tasarim\/?page_id=931"},"modified":"2025-12-19T14:20:50","modified_gmt":"2025-12-19T11:20:50","slug":"program-egitim-amaclari","status":"publish","type":"page","link":"http:\/\/ticaret.edu.tr\/endustriyel-tasarim\/program-egitim-amaclari\/","title":{"rendered":"Program E\u011fitim Ama\u00e7lar\u0131"},"content":{"rendered":"<p>End\u00fcstriyel Tasar\u0131m Lisans Program\u0131, \u00f6\u011frencilere disiplinin kuramsal temelleri ile teknik donan\u0131m\u0131n\u0131 b\u00fct\u00fcnc\u00fcl bir \u015fekilde kazand\u0131rarak, tasar\u0131m alan\u0131nda \u00fcst d\u00fczey uygulama becerileri geli\u015ftirmeyi ama\u00e7lamaktad\u0131r. Program, str\u00fckt\u00fcr, malzeme bilgisi ve \u00fcretim y\u00f6ntemleri ile birlikte ergonomi, tasar\u0131m y\u00f6netimi, tasar\u0131m tarihi, pazarlama ve s\u00fcrd\u00fcr\u00fclebilirlik gibi konular\u0131 kapsayan geni\u015f bir ders yelpazesi sunmaktad\u0131r. \u00d6\u011frencilere ayr\u0131ca geleneksel ve bilgisayar destekli \u00e7izim, \u00fc\u00e7 boyutlu modelleme ve prototipleme y\u00f6ntemleri \u00f6\u011fretilerek tasar\u0131m s\u00fcrecini \u00e7ok y\u00f6nl\u00fc bir bi\u00e7imde y\u00fcr\u00fctmeleri desteklenmektedir.<\/p>\n<p>Program\u0131n merkezinde yer alan tasar\u0131m st\u00fcdyosu dersleri, \u00f6\u011frencilerin edindikleri bilgi ve becerileri b\u00fct\u00fcnle\u015ftirerek yarat\u0131c\u0131 problem \u00e7\u00f6zme, ele\u015ftirel d\u00fc\u015f\u00fcnme ve yenilik\u00e7i tasar\u0131m geli\u015ftirme yetkinliklerini g\u00fc\u00e7lendirmektedir. Son s\u0131n\u0131f st\u00fcdyo projelerinde genellikle sekt\u00f6rle i\u015fbirli\u011fi yap\u0131lmakta, bu sayede \u00f6\u011frencilerin ger\u00e7ek end\u00fcstriyel problemlerle kar\u015f\u0131la\u015fmalar\u0131 ve profesyonel tasar\u0131m prati\u011fi deneyimi kazanmalar\u0131n\u0131 sa\u011flamak ama\u00e7lanmaktad\u0131r.<\/p>\n<p>Program, \u00f6\u011frencilerin farkl\u0131 uzmanl\u0131k alanlar\u0131yla s\u0131n\u0131rlanmadan, end\u00fcstriyel tasar\u0131m\u0131n geni\u015f kapsam\u0131 i\u00e7inde kullan\u0131c\u0131 odakl\u0131, yenilik\u00e7i ve uygulanabilir \u00e7\u00f6z\u00fcmler geli\u015ftirebilen tasar\u0131mc\u0131lar olarak yeti\u015fmelerini hedeflemektedir.<\/p>\n","protected":false},"excerpt":{"rendered":"<p>End\u00fcstriyel Tasar\u0131m Lisans Program\u0131, \u00f6\u011frencilere disiplinin kuramsal temelleri ile teknik donan\u0131m\u0131n\u0131 b\u00fct\u00fcnc\u00fcl bir \u015fekilde kazand\u0131rarak, tasar\u0131m alan\u0131nda \u00fcst d\u00fczey uygulama becerileri geli\u015ftirmeyi ama\u00e7lamaktad\u0131r. Program, str\u00fckt\u00fcr, malzeme bilgisi ve \u00fcretim y\u00f6ntemleri ile birlikte ergonomi, tasar\u0131m y\u00f6netimi, tasar\u0131m tarihi, pazarlama ve s\u00fcrd\u00fcr\u00fclebilirlik gibi konular\u0131 kapsayan geni\u015f bir ders yelpazesi sunmaktad\u0131r. \u00d6\u011frencilere ayr\u0131ca geleneksel ve bilgisayar destekli \u00e7izim, [&hellip;]<\/p>\n","protected":false},"author":139,"featured_media":0,"parent":0,"menu_order":0,"comment_status":"closed","ping_status":"closed","template":"genel_sayfa.php","meta":{"footnotes":""},"yoast_head":"<!-- This site is optimized with the Yoast SEO Premium plugin v22.1 (Yoast SEO v22.1) - https:\/\/yoast.com\/wordpress\/plugins\/seo\/ -->\n<title>Program E\u011fitim Ama\u00e7lar\u0131 - End\u00fcstriyel Tasar\u0131m<\/title>\n<meta name=\"robots\" content=\"index, follow, max-snippet:-1, max-image-preview:large, max-video-preview:-1\" \/>\n<link rel=\"canonical\" href=\"https:\/\/ticaret.edu.tr\/endustriyel-tasarim\/program-egitim-amaclari\/\" \/>\n<meta property=\"og:locale\" content=\"tr_TR\" \/>\n<meta property=\"og:type\" content=\"article\" \/>\n<meta property=\"og:title\" content=\"Program E\u011fitim Ama\u00e7lar\u0131\" \/>\n<meta property=\"og:description\" content=\"End\u00fcstriyel Tasar\u0131m Lisans Program\u0131, \u00f6\u011frencilere disiplinin kuramsal temelleri ile teknik donan\u0131m\u0131n\u0131 b\u00fct\u00fcnc\u00fcl bir \u015fekilde kazand\u0131rarak, tasar\u0131m alan\u0131nda \u00fcst d\u00fczey uygulama becerileri geli\u015ftirmeyi ama\u00e7lamaktad\u0131r. Program, str\u00fckt\u00fcr, malzeme bilgisi ve \u00fcretim y\u00f6ntemleri ile birlikte ergonomi, tasar\u0131m y\u00f6netimi, tasar\u0131m tarihi, pazarlama ve s\u00fcrd\u00fcr\u00fclebilirlik gibi konular\u0131 kapsayan geni\u015f bir ders yelpazesi sunmaktad\u0131r. \u00d6\u011frencilere ayr\u0131ca geleneksel ve bilgisayar destekli \u00e7izim, [&hellip;]\" \/>\n<meta property=\"og:url\" content=\"https:\/\/ticaret.edu.tr\/endustriyel-tasarim\/program-egitim-amaclari\/\" \/>\n<meta property=\"og:site_name\" content=\"End\u00fcstriyel Tasar\u0131m\" \/>\n<meta property=\"article:publisher\" content=\"https:\/\/www.facebook.com\/ticaretedutr\" \/>\n<meta property=\"article:modified_time\" content=\"2025-12-19T11:20:50+00:00\" \/>\n<meta property=\"og:image\" content=\"http:\/\/ticaret.edu.tr\/endustriyel-tasarim\/wp-content\/uploads\/sites\/23\/2021\/11\/web_logo-01.jpg\" \/>\n\t<meta property=\"og:image:width\" content=\"1250\" \/>\n\t<meta property=\"og:image:height\" content=\"833\" \/>\n\t<meta property=\"og:image:type\" content=\"image\/jpeg\" \/>\n<meta name=\"twitter:card\" content=\"summary_large_image\" \/>\n<meta name=\"twitter:site\" content=\"@ticaretedutr\" \/>\n<meta name=\"twitter:label1\" content=\"Tahmini okuma s\u00fcresi\" \/>\n\t<meta name=\"twitter:data1\" content=\"1 dakika\" \/>\n<script type=\"application\/ld+json\" class=\"yoast-schema-graph\">{\"@context\":\"https:\/\/schema.org\",\"@graph\":[{\"@type\":\"WebPage\",\"@id\":\"https:\/\/ticaret.edu.tr\/endustriyel-tasarim\/program-egitim-amaclari\/\",\"url\":\"https:\/\/ticaret.edu.tr\/endustriyel-tasarim\/program-egitim-amaclari\/\",\"name\":\"Program E\u011fitim Ama\u00e7lar\u0131 - End\u00fcstriyel Tasar\u0131m\",\"isPartOf\":{\"@id\":\"https:\/\/ticaret.edu.tr\/endustriyel-tasarim\/#website\"},\"datePublished\":\"2025-01-27T07:12:12+00:00\",\"dateModified\":\"2025-12-19T11:20:50+00:00\",\"breadcrumb\":{\"@id\":\"https:\/\/ticaret.edu.tr\/endustriyel-tasarim\/program-egitim-amaclari\/#breadcrumb\"},\"inLanguage\":\"tr\",\"potentialAction\":[{\"@type\":\"ReadAction\",\"target\":[\"https:\/\/ticaret.edu.tr\/endustriyel-tasarim\/program-egitim-amaclari\/\"]}]},{\"@type\":\"BreadcrumbList\",\"@id\":\"https:\/\/ticaret.edu.tr\/endustriyel-tasarim\/program-egitim-amaclari\/#breadcrumb\",\"itemListElement\":[{\"@type\":\"ListItem\",\"position\":1,\"name\":\"Ana sayfa\",\"item\":\"https:\/\/ticaret.edu.tr\/endustriyel-tasarim\/\"},{\"@type\":\"ListItem\",\"position\":2,\"name\":\"Program E\u011fitim Ama\u00e7lar\u0131\"}]},{\"@type\":\"WebSite\",\"@id\":\"https:\/\/ticaret.edu.tr\/endustriyel-tasarim\/#website\",\"url\":\"https:\/\/ticaret.edu.tr\/endustriyel-tasarim\/\",\"name\":\"End\u00fcstriyel Tasar\u0131m\",\"description\":\"\",\"potentialAction\":[{\"@type\":\"SearchAction\",\"target\":{\"@type\":\"EntryPoint\",\"urlTemplate\":\"https:\/\/ticaret.edu.tr\/endustriyel-tasarim\/?s={search_term_string}\"},\"query-input\":\"required name=search_term_string\"}],\"inLanguage\":\"tr\"}]}<\/script>\n<!-- \/ Yoast SEO Premium plugin. -->","yoast_head_json":{"title":"Program E\u011fitim Ama\u00e7lar\u0131 - End\u00fcstriyel Tasar\u0131m","robots":{"index":"index","follow":"follow","max-snippet":"max-snippet:-1","max-image-preview":"max-image-preview:large","max-video-preview":"max-video-preview:-1"},"canonical":"https:\/\/ticaret.edu.tr\/endustriyel-tasarim\/program-egitim-amaclari\/","og_locale":"tr_TR","og_type":"article","og_title":"Program E\u011fitim Ama\u00e7lar\u0131","og_description":"End\u00fcstriyel Tasar\u0131m Lisans Program\u0131, \u00f6\u011frencilere disiplinin kuramsal temelleri ile teknik donan\u0131m\u0131n\u0131 b\u00fct\u00fcnc\u00fcl bir \u015fekilde kazand\u0131rarak, tasar\u0131m alan\u0131nda \u00fcst d\u00fczey uygulama becerileri geli\u015ftirmeyi ama\u00e7lamaktad\u0131r. Program, str\u00fckt\u00fcr, malzeme bilgisi ve \u00fcretim y\u00f6ntemleri ile birlikte ergonomi, tasar\u0131m y\u00f6netimi, tasar\u0131m tarihi, pazarlama ve s\u00fcrd\u00fcr\u00fclebilirlik gibi konular\u0131 kapsayan geni\u015f bir ders yelpazesi sunmaktad\u0131r. \u00d6\u011frencilere ayr\u0131ca geleneksel ve bilgisayar destekli \u00e7izim, [&hellip;]","og_url":"https:\/\/ticaret.edu.tr\/endustriyel-tasarim\/program-egitim-amaclari\/","og_site_name":"End\u00fcstriyel Tasar\u0131m","article_publisher":"https:\/\/www.facebook.com\/ticaretedutr","article_modified_time":"2025-12-19T11:20:50+00:00","og_image":[{"width":1250,"height":833,"url":"http:\/\/ticaret.edu.tr\/endustriyel-tasarim\/wp-content\/uploads\/sites\/23\/2021\/11\/web_logo-01.jpg","type":"image\/jpeg"}],"twitter_card":"summary_large_image","twitter_site":"@ticaretedutr","twitter_misc":{"Tahmini okuma s\u00fcresi":"1 dakika"},"schema":{"@context":"https:\/\/schema.org","@graph":[{"@type":"WebPage","@id":"https:\/\/ticaret.edu.tr\/endustriyel-tasarim\/program-egitim-amaclari\/","url":"https:\/\/ticaret.edu.tr\/endustriyel-tasarim\/program-egitim-amaclari\/","name":"Program E\u011fitim Ama\u00e7lar\u0131 - End\u00fcstriyel Tasar\u0131m","isPartOf":{"@id":"https:\/\/ticaret.edu.tr\/endustriyel-tasarim\/#website"},"datePublished":"2025-01-27T07:12:12+00:00","dateModified":"2025-12-19T11:20:50+00:00","breadcrumb":{"@id":"https:\/\/ticaret.edu.tr\/endustriyel-tasarim\/program-egitim-amaclari\/#breadcrumb"},"inLanguage":"tr","potentialAction":[{"@type":"ReadAction","target":["https:\/\/ticaret.edu.tr\/endustriyel-tasarim\/program-egitim-amaclari\/"]}]},{"@type":"BreadcrumbList","@id":"https:\/\/ticaret.edu.tr\/endustriyel-tasarim\/program-egitim-amaclari\/#breadcrumb","itemListElement":[{"@type":"ListItem","position":1,"name":"Ana sayfa","item":"https:\/\/ticaret.edu.tr\/endustriyel-tasarim\/"},{"@type":"ListItem","position":2,"name":"Program E\u011fitim Ama\u00e7lar\u0131"}]},{"@type":"WebSite","@id":"https:\/\/ticaret.edu.tr\/endustriyel-tasarim\/#website","url":"https:\/\/ticaret.edu.tr\/endustriyel-tasarim\/","name":"End\u00fcstriyel Tasar\u0131m","description":"","potentialAction":[{"@type":"SearchAction","target":{"@type":"EntryPoint","urlTemplate":"https:\/\/ticaret.edu.tr\/endustriyel-tasarim\/?s={search_term_string}"},"query-input":"required name=search_term_string"}],"inLanguage":"tr"}]}},"lang":"tr","translations":{"en":933,"tr":931},"pll_sync_post":[],"_links":{"self":[{"href":"http:\/\/ticaret.edu.tr\/endustriyel-tasarim\/wp-json\/wp\/v2\/pages\/931"}],"collection":[{"href":"http:\/\/ticaret.edu.tr\/endustriyel-tasarim\/wp-json\/wp\/v2\/pages"}],"about":[{"href":"http:\/\/ticaret.edu.tr\/endustriyel-tasarim\/wp-json\/wp\/v2\/types\/page"}],"author":[{"embeddable":true,"href":"http:\/\/ticaret.edu.tr\/endustriyel-tasarim\/wp-json\/wp\/v2\/users\/139"}],"replies":[{"embeddable":true,"href":"http:\/\/ticaret.edu.tr\/endustriyel-tasarim\/wp-json\/wp\/v2\/comments?post=931"}],"version-history":[{"count":6,"href":"http:\/\/ticaret.edu.tr\/endustriyel-tasarim\/wp-json\/wp\/v2\/pages\/931\/revisions"}],"predecessor-version":[{"id":1460,"href":"http:\/\/ticaret.edu.tr\/endustriyel-tasarim\/wp-json\/wp\/v2\/pages\/931\/revisions\/1460"}],"wp:attachment":[{"href":"http:\/\/ticaret.edu.tr\/endustriyel-tasarim\/wp-json\/wp\/v2\/media?parent=931"}],"curies":[{"name":"wp","href":"https:\/\/api.w.org\/{rel}","templated":true}]}}