{"id":936,"date":"2025-01-27T10:12:46","date_gmt":"2025-01-27T07:12:46","guid":{"rendered":"https:\/\/ticaret.edu.tr\/endustriyel-tasarim\/?page_id=936"},"modified":"2025-10-20T19:14:50","modified_gmt":"2025-10-20T16:14:50","slug":"program-ogretim-ciktilari","status":"publish","type":"page","link":"http:\/\/ticaret.edu.tr\/endustriyel-tasarim\/program-ogretim-ciktilari\/","title":{"rendered":"Program \u00d6\u011fretim \u00c7\u0131kt\u0131lar\u0131"},"content":{"rendered":"<ol>\n<li>Tasar\u0131m alan\u0131ndaki kavram ve y\u00f6ntemleri farkl\u0131 disiplinlerdeki y\u00f6ntemleri kullanarak de\u011ferlendirmek, kar\u015f\u0131la\u015f\u0131lan tasar\u0131m problemlerini saptayabilmek ve \u00e7\u00f6z\u00fcmleyebilmek.<\/li>\n<li>Tasar\u0131m alan\u0131nda gerekli olan g\u00fcncel teknolojik bilgi birikimini olu\u015fturmak ve kullanabilecek d\u00fczeye ula\u015fmak.<\/li>\n<li>Tasar\u0131m ve sanat alanlar\u0131nda gerekli tarihsel bilgi birikimini olu\u015fturmak ve yorumlayabilmek.<\/li>\n<li>End\u00fcstri \u00dcr\u00fcnleri Tasar\u0131m\u0131 disiplini dahilinde \u00fcr\u00fcn, sistem ve s\u00fcre\u00e7 tasarlayabilecek yeterlili\u011fe sahip olmak.<\/li>\n<li>Tasar\u0131m alan\u0131 kapsam\u0131na giren malzeme ve \u00fcretim y\u00f6ntemleri ile ilgili bilgi donan\u0131m\u0131na sahip olmak ve uygulamaya ge\u00e7irebilmek.<\/li>\n<li>Tasar\u0131m disiplini \u00e7er\u00e7evesinde iki ve \u00fc\u00e7 boyutlu d\u00fc\u015f\u00fcnebilme yetisini, g\u00f6rsel anlat\u0131mla ortaya koyabilmek.<\/li>\n<li>End\u00fcstriyel tasar\u0131m alan\u0131yla ilintili olan ileti\u015fim, i\u015fletme, hukuk, m\u00fchendislik, sosyoloji, antropoloji, fizik ve insan bilimleri v.b. gibi disiplinlerin etkilerini anlama yorumlama ve kullanma yetkinli\u011fine ula\u015fmak.<\/li>\n<li>End\u00fcstriyel Tasar\u0131ma ili\u015fkin konularda ayr\u0131nt\u0131l\u0131 yorum ve analiz yapabilme becerisini kazanmak.<\/li>\n<li>Disiplinler aras\u0131 \u00e7al\u0131\u015fabilmek.<\/li>\n<li>Zaman y\u00f6netimi ve meslek geli\u015fimini planlayabilme becerisi kazanmak.<\/li>\n<li>Literat\u00fcr takibi yapabilecek ve \u00e7al\u0131\u015fmalar\u0131n s\u00f6zl\u00fc ve yaz\u0131l\u0131 sunumunu yapabilecek seviyede etkin ileti\u015fim kurabilmek<\/li>\n<li>12. Yenilik\u00e7i ve sorgulay\u0131c\u0131 d\u00fc\u015f\u00fcnme yetene\u011fi ve s\u0131ra d\u0131\u015f\u0131 yollar ke\u015ffedebilme becerisi kazanmak.<\/li>\n<\/ol>\n","protected":false},"excerpt":{"rendered":"<p>Tasar\u0131m alan\u0131ndaki kavram ve y\u00f6ntemleri farkl\u0131 disiplinlerdeki y\u00f6ntemleri kullanarak de\u011ferlendirmek, kar\u015f\u0131la\u015f\u0131lan tasar\u0131m problemlerini saptayabilmek ve \u00e7\u00f6z\u00fcmleyebilmek. Tasar\u0131m alan\u0131nda gerekli olan g\u00fcncel teknolojik bilgi birikimini olu\u015fturmak ve kullanabilecek d\u00fczeye ula\u015fmak. Tasar\u0131m ve sanat alanlar\u0131nda gerekli tarihsel bilgi birikimini olu\u015fturmak ve yorumlayabilmek. End\u00fcstri \u00dcr\u00fcnleri Tasar\u0131m\u0131 disiplini dahilinde \u00fcr\u00fcn, sistem ve s\u00fcre\u00e7 tasarlayabilecek yeterlili\u011fe sahip olmak. Tasar\u0131m alan\u0131 [&hellip;]<\/p>\n","protected":false},"author":139,"featured_media":0,"parent":0,"menu_order":0,"comment_status":"closed","ping_status":"closed","template":"genel_sayfa.php","meta":{"footnotes":""},"yoast_head":"<!-- This site is optimized with the Yoast SEO Premium plugin v22.1 (Yoast SEO v22.1) - https:\/\/yoast.com\/wordpress\/plugins\/seo\/ -->\n<title>Program \u00d6\u011fretim \u00c7\u0131kt\u0131lar\u0131 - End\u00fcstriyel Tasar\u0131m<\/title>\n<meta name=\"robots\" content=\"index, follow, max-snippet:-1, max-image-preview:large, max-video-preview:-1\" \/>\n<link rel=\"canonical\" href=\"http:\/\/ticaret.edu.tr\/endustriyel-tasarim\/program-ogretim-ciktilari\/\" \/>\n<meta property=\"og:locale\" content=\"tr_TR\" \/>\n<meta property=\"og:type\" content=\"article\" \/>\n<meta property=\"og:title\" content=\"Program \u00d6\u011fretim \u00c7\u0131kt\u0131lar\u0131\" \/>\n<meta property=\"og:description\" content=\"Tasar\u0131m alan\u0131ndaki kavram ve y\u00f6ntemleri farkl\u0131 disiplinlerdeki y\u00f6ntemleri kullanarak de\u011ferlendirmek, kar\u015f\u0131la\u015f\u0131lan tasar\u0131m problemlerini saptayabilmek ve \u00e7\u00f6z\u00fcmleyebilmek. Tasar\u0131m alan\u0131nda gerekli olan g\u00fcncel teknolojik bilgi birikimini olu\u015fturmak ve kullanabilecek d\u00fczeye ula\u015fmak. Tasar\u0131m ve sanat alanlar\u0131nda gerekli tarihsel bilgi birikimini olu\u015fturmak ve yorumlayabilmek. End\u00fcstri \u00dcr\u00fcnleri Tasar\u0131m\u0131 disiplini dahilinde \u00fcr\u00fcn, sistem ve s\u00fcre\u00e7 tasarlayabilecek yeterlili\u011fe sahip olmak. Tasar\u0131m alan\u0131 [&hellip;]\" \/>\n<meta property=\"og:url\" content=\"http:\/\/ticaret.edu.tr\/endustriyel-tasarim\/program-ogretim-ciktilari\/\" \/>\n<meta property=\"og:site_name\" content=\"End\u00fcstriyel Tasar\u0131m\" \/>\n<meta property=\"article:publisher\" content=\"https:\/\/www.facebook.com\/ticaretedutr\" \/>\n<meta property=\"article:modified_time\" content=\"2025-10-20T16:14:50+00:00\" \/>\n<meta property=\"og:image\" content=\"http:\/\/ticaret.edu.tr\/endustriyel-tasarim\/wp-content\/uploads\/sites\/23\/2021\/11\/web_logo-01.jpg\" \/>\n\t<meta property=\"og:image:width\" content=\"1250\" \/>\n\t<meta property=\"og:image:height\" content=\"833\" \/>\n\t<meta property=\"og:image:type\" content=\"image\/jpeg\" \/>\n<meta name=\"twitter:card\" content=\"summary_large_image\" \/>\n<meta name=\"twitter:site\" content=\"@ticaretedutr\" \/>\n<meta name=\"twitter:label1\" content=\"Tahmini okuma s\u00fcresi\" \/>\n\t<meta name=\"twitter:data1\" content=\"1 dakika\" \/>\n<script type=\"application\/ld+json\" class=\"yoast-schema-graph\">{\"@context\":\"https:\/\/schema.org\",\"@graph\":[{\"@type\":\"WebPage\",\"@id\":\"http:\/\/ticaret.edu.tr\/endustriyel-tasarim\/program-ogretim-ciktilari\/\",\"url\":\"http:\/\/ticaret.edu.tr\/endustriyel-tasarim\/program-ogretim-ciktilari\/\",\"name\":\"Program \u00d6\u011fretim \u00c7\u0131kt\u0131lar\u0131 - End\u00fcstriyel Tasar\u0131m\",\"isPartOf\":{\"@id\":\"https:\/\/ticaret.edu.tr\/endustriyel-tasarim\/#website\"},\"datePublished\":\"2025-01-27T07:12:46+00:00\",\"dateModified\":\"2025-10-20T16:14:50+00:00\",\"breadcrumb\":{\"@id\":\"http:\/\/ticaret.edu.tr\/endustriyel-tasarim\/program-ogretim-ciktilari\/#breadcrumb\"},\"inLanguage\":\"tr\",\"potentialAction\":[{\"@type\":\"ReadAction\",\"target\":[\"http:\/\/ticaret.edu.tr\/endustriyel-tasarim\/program-ogretim-ciktilari\/\"]}]},{\"@type\":\"BreadcrumbList\",\"@id\":\"http:\/\/ticaret.edu.tr\/endustriyel-tasarim\/program-ogretim-ciktilari\/#breadcrumb\",\"itemListElement\":[{\"@type\":\"ListItem\",\"position\":1,\"name\":\"Ana sayfa\",\"item\":\"https:\/\/ticaret.edu.tr\/endustriyel-tasarim\/\"},{\"@type\":\"ListItem\",\"position\":2,\"name\":\"Program \u00d6\u011fretim \u00c7\u0131kt\u0131lar\u0131\"}]},{\"@type\":\"WebSite\",\"@id\":\"https:\/\/ticaret.edu.tr\/endustriyel-tasarim\/#website\",\"url\":\"https:\/\/ticaret.edu.tr\/endustriyel-tasarim\/\",\"name\":\"End\u00fcstriyel Tasar\u0131m\",\"description\":\"\",\"potentialAction\":[{\"@type\":\"SearchAction\",\"target\":{\"@type\":\"EntryPoint\",\"urlTemplate\":\"https:\/\/ticaret.edu.tr\/endustriyel-tasarim\/?s={search_term_string}\"},\"query-input\":\"required name=search_term_string\"}],\"inLanguage\":\"tr\"}]}<\/script>\n<!-- \/ Yoast SEO Premium plugin. -->","yoast_head_json":{"title":"Program \u00d6\u011fretim \u00c7\u0131kt\u0131lar\u0131 - End\u00fcstriyel Tasar\u0131m","robots":{"index":"index","follow":"follow","max-snippet":"max-snippet:-1","max-image-preview":"max-image-preview:large","max-video-preview":"max-video-preview:-1"},"canonical":"http:\/\/ticaret.edu.tr\/endustriyel-tasarim\/program-ogretim-ciktilari\/","og_locale":"tr_TR","og_type":"article","og_title":"Program \u00d6\u011fretim \u00c7\u0131kt\u0131lar\u0131","og_description":"Tasar\u0131m alan\u0131ndaki kavram ve y\u00f6ntemleri farkl\u0131 disiplinlerdeki y\u00f6ntemleri kullanarak de\u011ferlendirmek, kar\u015f\u0131la\u015f\u0131lan tasar\u0131m problemlerini saptayabilmek ve \u00e7\u00f6z\u00fcmleyebilmek. Tasar\u0131m alan\u0131nda gerekli olan g\u00fcncel teknolojik bilgi birikimini olu\u015fturmak ve kullanabilecek d\u00fczeye ula\u015fmak. Tasar\u0131m ve sanat alanlar\u0131nda gerekli tarihsel bilgi birikimini olu\u015fturmak ve yorumlayabilmek. End\u00fcstri \u00dcr\u00fcnleri Tasar\u0131m\u0131 disiplini dahilinde \u00fcr\u00fcn, sistem ve s\u00fcre\u00e7 tasarlayabilecek yeterlili\u011fe sahip olmak. Tasar\u0131m alan\u0131 [&hellip;]","og_url":"http:\/\/ticaret.edu.tr\/endustriyel-tasarim\/program-ogretim-ciktilari\/","og_site_name":"End\u00fcstriyel Tasar\u0131m","article_publisher":"https:\/\/www.facebook.com\/ticaretedutr","article_modified_time":"2025-10-20T16:14:50+00:00","og_image":[{"width":1250,"height":833,"url":"http:\/\/ticaret.edu.tr\/endustriyel-tasarim\/wp-content\/uploads\/sites\/23\/2021\/11\/web_logo-01.jpg","type":"image\/jpeg"}],"twitter_card":"summary_large_image","twitter_site":"@ticaretedutr","twitter_misc":{"Tahmini okuma s\u00fcresi":"1 dakika"},"schema":{"@context":"https:\/\/schema.org","@graph":[{"@type":"WebPage","@id":"http:\/\/ticaret.edu.tr\/endustriyel-tasarim\/program-ogretim-ciktilari\/","url":"http:\/\/ticaret.edu.tr\/endustriyel-tasarim\/program-ogretim-ciktilari\/","name":"Program \u00d6\u011fretim \u00c7\u0131kt\u0131lar\u0131 - End\u00fcstriyel Tasar\u0131m","isPartOf":{"@id":"https:\/\/ticaret.edu.tr\/endustriyel-tasarim\/#website"},"datePublished":"2025-01-27T07:12:46+00:00","dateModified":"2025-10-20T16:14:50+00:00","breadcrumb":{"@id":"http:\/\/ticaret.edu.tr\/endustriyel-tasarim\/program-ogretim-ciktilari\/#breadcrumb"},"inLanguage":"tr","potentialAction":[{"@type":"ReadAction","target":["http:\/\/ticaret.edu.tr\/endustriyel-tasarim\/program-ogretim-ciktilari\/"]}]},{"@type":"BreadcrumbList","@id":"http:\/\/ticaret.edu.tr\/endustriyel-tasarim\/program-ogretim-ciktilari\/#breadcrumb","itemListElement":[{"@type":"ListItem","position":1,"name":"Ana sayfa","item":"https:\/\/ticaret.edu.tr\/endustriyel-tasarim\/"},{"@type":"ListItem","position":2,"name":"Program \u00d6\u011fretim \u00c7\u0131kt\u0131lar\u0131"}]},{"@type":"WebSite","@id":"https:\/\/ticaret.edu.tr\/endustriyel-tasarim\/#website","url":"https:\/\/ticaret.edu.tr\/endustriyel-tasarim\/","name":"End\u00fcstriyel Tasar\u0131m","description":"","potentialAction":[{"@type":"SearchAction","target":{"@type":"EntryPoint","urlTemplate":"https:\/\/ticaret.edu.tr\/endustriyel-tasarim\/?s={search_term_string}"},"query-input":"required name=search_term_string"}],"inLanguage":"tr"}]}},"lang":"tr","translations":{"en":938,"tr":936},"pll_sync_post":[],"_links":{"self":[{"href":"http:\/\/ticaret.edu.tr\/endustriyel-tasarim\/wp-json\/wp\/v2\/pages\/936"}],"collection":[{"href":"http:\/\/ticaret.edu.tr\/endustriyel-tasarim\/wp-json\/wp\/v2\/pages"}],"about":[{"href":"http:\/\/ticaret.edu.tr\/endustriyel-tasarim\/wp-json\/wp\/v2\/types\/page"}],"author":[{"embeddable":true,"href":"http:\/\/ticaret.edu.tr\/endustriyel-tasarim\/wp-json\/wp\/v2\/users\/139"}],"replies":[{"embeddable":true,"href":"http:\/\/ticaret.edu.tr\/endustriyel-tasarim\/wp-json\/wp\/v2\/comments?post=936"}],"version-history":[{"count":2,"href":"http:\/\/ticaret.edu.tr\/endustriyel-tasarim\/wp-json\/wp\/v2\/pages\/936\/revisions"}],"predecessor-version":[{"id":1385,"href":"http:\/\/ticaret.edu.tr\/endustriyel-tasarim\/wp-json\/wp\/v2\/pages\/936\/revisions\/1385"}],"wp:attachment":[{"href":"http:\/\/ticaret.edu.tr\/endustriyel-tasarim\/wp-json\/wp\/v2\/media?parent=936"}],"curies":[{"name":"wp","href":"https:\/\/api.w.org\/{rel}","templated":true}]}}