{"id":940,"date":"2025-01-27T10:13:16","date_gmt":"2025-01-27T07:13:16","guid":{"rendered":"https:\/\/ticaret.edu.tr\/endustriyel-tasarim\/?page_id=940"},"modified":"2025-10-20T19:15:53","modified_gmt":"2025-10-20T16:15:53","slug":"kazanilan-derece","status":"publish","type":"page","link":"http:\/\/ticaret.edu.tr\/endustriyel-tasarim\/kazanilan-derece\/","title":{"rendered":"Kazan\u0131lan Derece"},"content":{"rendered":"<p>Program\u0131 ba\u015far\u0131yla tamamlayan \u00f6\u011frenciler lisans derecesine sahip olduklar\u0131n\u0131 g\u00f6steren lisans diplomas\u0131n\u0131 al\u0131rlar.<\/p>\n<p>Kazan\u0131lan derece:<strong>\u00a0Lisans<\/strong><\/p>\n<p><strong>Y\u00f6netmelik i\u00e7in t\u0131klayabilirsiniz:<\/strong>\u00a0<a href=\"https:\/\/www.mevzuat.gov.tr\/mevzuat?MevzuatNo=15066&amp;MevzuatTur=8&amp;MevzuatTertip=5\" target=\"_blank\" rel=\"noopener\">\u00d6n Lisans ve Lisans E\u011fitim \u00d6\u011fretim ve S\u0131nav Y\u00f6netmeli\u011fi<\/a><\/p>\n","protected":false},"excerpt":{"rendered":"<p>Program\u0131 ba\u015far\u0131yla tamamlayan \u00f6\u011frenciler lisans derecesine sahip olduklar\u0131n\u0131 g\u00f6steren lisans diplomas\u0131n\u0131 al\u0131rlar. Kazan\u0131lan derece:\u00a0Lisans Y\u00f6netmelik i\u00e7in t\u0131klayabilirsiniz:\u00a0\u00d6n Lisans ve Lisans E\u011fitim \u00d6\u011fretim ve S\u0131nav Y\u00f6netmeli\u011fi<\/p>\n","protected":false},"author":139,"featured_media":0,"parent":0,"menu_order":0,"comment_status":"closed","ping_status":"closed","template":"genel_sayfa.php","meta":{"footnotes":""},"yoast_head":"<!-- This site is optimized with the Yoast SEO Premium plugin v22.1 (Yoast SEO v22.1) - https:\/\/yoast.com\/wordpress\/plugins\/seo\/ -->\n<title>Kazan\u0131lan Derece - End\u00fcstriyel Tasar\u0131m<\/title>\n<meta name=\"robots\" content=\"index, follow, max-snippet:-1, max-image-preview:large, max-video-preview:-1\" \/>\n<link rel=\"canonical\" href=\"http:\/\/ticaret.edu.tr\/endustriyel-tasarim\/kazanilan-derece\/\" \/>\n<meta property=\"og:locale\" content=\"tr_TR\" \/>\n<meta property=\"og:type\" content=\"article\" \/>\n<meta property=\"og:title\" content=\"Kazan\u0131lan Derece\" \/>\n<meta property=\"og:description\" content=\"Program\u0131 ba\u015far\u0131yla tamamlayan \u00f6\u011frenciler lisans derecesine sahip olduklar\u0131n\u0131 g\u00f6steren lisans diplomas\u0131n\u0131 al\u0131rlar. Kazan\u0131lan derece:\u00a0Lisans Y\u00f6netmelik i\u00e7in t\u0131klayabilirsiniz:\u00a0\u00d6n Lisans ve Lisans E\u011fitim \u00d6\u011fretim ve S\u0131nav Y\u00f6netmeli\u011fi\" \/>\n<meta property=\"og:url\" content=\"http:\/\/ticaret.edu.tr\/endustriyel-tasarim\/kazanilan-derece\/\" \/>\n<meta property=\"og:site_name\" content=\"End\u00fcstriyel Tasar\u0131m\" \/>\n<meta property=\"article:publisher\" content=\"https:\/\/www.facebook.com\/ticaretedutr\" \/>\n<meta property=\"article:modified_time\" content=\"2025-10-20T16:15:53+00:00\" \/>\n<meta property=\"og:image\" content=\"http:\/\/ticaret.edu.tr\/endustriyel-tasarim\/wp-content\/uploads\/sites\/23\/2021\/11\/web_logo-01.jpg\" \/>\n\t<meta property=\"og:image:width\" content=\"1250\" \/>\n\t<meta property=\"og:image:height\" content=\"833\" \/>\n\t<meta property=\"og:image:type\" content=\"image\/jpeg\" \/>\n<meta name=\"twitter:card\" content=\"summary_large_image\" \/>\n<meta name=\"twitter:site\" content=\"@ticaretedutr\" \/>\n<meta name=\"twitter:label1\" content=\"Tahmini okuma s\u00fcresi\" \/>\n\t<meta name=\"twitter:data1\" content=\"1 dakika\" \/>\n<script type=\"application\/ld+json\" class=\"yoast-schema-graph\">{\"@context\":\"https:\/\/schema.org\",\"@graph\":[{\"@type\":\"WebPage\",\"@id\":\"http:\/\/ticaret.edu.tr\/endustriyel-tasarim\/kazanilan-derece\/\",\"url\":\"http:\/\/ticaret.edu.tr\/endustriyel-tasarim\/kazanilan-derece\/\",\"name\":\"Kazan\u0131lan Derece - End\u00fcstriyel Tasar\u0131m\",\"isPartOf\":{\"@id\":\"https:\/\/ticaret.edu.tr\/endustriyel-tasarim\/#website\"},\"datePublished\":\"2025-01-27T07:13:16+00:00\",\"dateModified\":\"2025-10-20T16:15:53+00:00\",\"breadcrumb\":{\"@id\":\"http:\/\/ticaret.edu.tr\/endustriyel-tasarim\/kazanilan-derece\/#breadcrumb\"},\"inLanguage\":\"tr\",\"potentialAction\":[{\"@type\":\"ReadAction\",\"target\":[\"http:\/\/ticaret.edu.tr\/endustriyel-tasarim\/kazanilan-derece\/\"]}]},{\"@type\":\"BreadcrumbList\",\"@id\":\"http:\/\/ticaret.edu.tr\/endustriyel-tasarim\/kazanilan-derece\/#breadcrumb\",\"itemListElement\":[{\"@type\":\"ListItem\",\"position\":1,\"name\":\"Ana sayfa\",\"item\":\"https:\/\/ticaret.edu.tr\/endustriyel-tasarim\/\"},{\"@type\":\"ListItem\",\"position\":2,\"name\":\"Kazan\u0131lan Derece\"}]},{\"@type\":\"WebSite\",\"@id\":\"https:\/\/ticaret.edu.tr\/endustriyel-tasarim\/#website\",\"url\":\"https:\/\/ticaret.edu.tr\/endustriyel-tasarim\/\",\"name\":\"End\u00fcstriyel Tasar\u0131m\",\"description\":\"\",\"potentialAction\":[{\"@type\":\"SearchAction\",\"target\":{\"@type\":\"EntryPoint\",\"urlTemplate\":\"https:\/\/ticaret.edu.tr\/endustriyel-tasarim\/?s={search_term_string}\"},\"query-input\":\"required name=search_term_string\"}],\"inLanguage\":\"tr\"}]}<\/script>\n<!-- \/ Yoast SEO Premium plugin. -->","yoast_head_json":{"title":"Kazan\u0131lan Derece - End\u00fcstriyel Tasar\u0131m","robots":{"index":"index","follow":"follow","max-snippet":"max-snippet:-1","max-image-preview":"max-image-preview:large","max-video-preview":"max-video-preview:-1"},"canonical":"http:\/\/ticaret.edu.tr\/endustriyel-tasarim\/kazanilan-derece\/","og_locale":"tr_TR","og_type":"article","og_title":"Kazan\u0131lan Derece","og_description":"Program\u0131 ba\u015far\u0131yla tamamlayan \u00f6\u011frenciler lisans derecesine sahip olduklar\u0131n\u0131 g\u00f6steren lisans diplomas\u0131n\u0131 al\u0131rlar. Kazan\u0131lan derece:\u00a0Lisans Y\u00f6netmelik i\u00e7in t\u0131klayabilirsiniz:\u00a0\u00d6n Lisans ve Lisans E\u011fitim \u00d6\u011fretim ve S\u0131nav Y\u00f6netmeli\u011fi","og_url":"http:\/\/ticaret.edu.tr\/endustriyel-tasarim\/kazanilan-derece\/","og_site_name":"End\u00fcstriyel Tasar\u0131m","article_publisher":"https:\/\/www.facebook.com\/ticaretedutr","article_modified_time":"2025-10-20T16:15:53+00:00","og_image":[{"width":1250,"height":833,"url":"http:\/\/ticaret.edu.tr\/endustriyel-tasarim\/wp-content\/uploads\/sites\/23\/2021\/11\/web_logo-01.jpg","type":"image\/jpeg"}],"twitter_card":"summary_large_image","twitter_site":"@ticaretedutr","twitter_misc":{"Tahmini okuma s\u00fcresi":"1 dakika"},"schema":{"@context":"https:\/\/schema.org","@graph":[{"@type":"WebPage","@id":"http:\/\/ticaret.edu.tr\/endustriyel-tasarim\/kazanilan-derece\/","url":"http:\/\/ticaret.edu.tr\/endustriyel-tasarim\/kazanilan-derece\/","name":"Kazan\u0131lan Derece - End\u00fcstriyel Tasar\u0131m","isPartOf":{"@id":"https:\/\/ticaret.edu.tr\/endustriyel-tasarim\/#website"},"datePublished":"2025-01-27T07:13:16+00:00","dateModified":"2025-10-20T16:15:53+00:00","breadcrumb":{"@id":"http:\/\/ticaret.edu.tr\/endustriyel-tasarim\/kazanilan-derece\/#breadcrumb"},"inLanguage":"tr","potentialAction":[{"@type":"ReadAction","target":["http:\/\/ticaret.edu.tr\/endustriyel-tasarim\/kazanilan-derece\/"]}]},{"@type":"BreadcrumbList","@id":"http:\/\/ticaret.edu.tr\/endustriyel-tasarim\/kazanilan-derece\/#breadcrumb","itemListElement":[{"@type":"ListItem","position":1,"name":"Ana sayfa","item":"https:\/\/ticaret.edu.tr\/endustriyel-tasarim\/"},{"@type":"ListItem","position":2,"name":"Kazan\u0131lan Derece"}]},{"@type":"WebSite","@id":"https:\/\/ticaret.edu.tr\/endustriyel-tasarim\/#website","url":"https:\/\/ticaret.edu.tr\/endustriyel-tasarim\/","name":"End\u00fcstriyel Tasar\u0131m","description":"","potentialAction":[{"@type":"SearchAction","target":{"@type":"EntryPoint","urlTemplate":"https:\/\/ticaret.edu.tr\/endustriyel-tasarim\/?s={search_term_string}"},"query-input":"required name=search_term_string"}],"inLanguage":"tr"}]}},"lang":"tr","translations":{"en":942,"tr":940},"pll_sync_post":[],"_links":{"self":[{"href":"http:\/\/ticaret.edu.tr\/endustriyel-tasarim\/wp-json\/wp\/v2\/pages\/940"}],"collection":[{"href":"http:\/\/ticaret.edu.tr\/endustriyel-tasarim\/wp-json\/wp\/v2\/pages"}],"about":[{"href":"http:\/\/ticaret.edu.tr\/endustriyel-tasarim\/wp-json\/wp\/v2\/types\/page"}],"author":[{"embeddable":true,"href":"http:\/\/ticaret.edu.tr\/endustriyel-tasarim\/wp-json\/wp\/v2\/users\/139"}],"replies":[{"embeddable":true,"href":"http:\/\/ticaret.edu.tr\/endustriyel-tasarim\/wp-json\/wp\/v2\/comments?post=940"}],"version-history":[{"count":2,"href":"http:\/\/ticaret.edu.tr\/endustriyel-tasarim\/wp-json\/wp\/v2\/pages\/940\/revisions"}],"predecessor-version":[{"id":1386,"href":"http:\/\/ticaret.edu.tr\/endustriyel-tasarim\/wp-json\/wp\/v2\/pages\/940\/revisions\/1386"}],"wp:attachment":[{"href":"http:\/\/ticaret.edu.tr\/endustriyel-tasarim\/wp-json\/wp\/v2\/media?parent=940"}],"curies":[{"name":"wp","href":"https:\/\/api.w.org\/{rel}","templated":true}]}}