{"id":954,"date":"2025-01-27T10:14:37","date_gmt":"2025-01-27T07:14:37","guid":{"rendered":"https:\/\/ticaret.edu.tr\/endustriyel-tasarim\/?page_id=954"},"modified":"2025-10-20T19:18:59","modified_gmt":"2025-10-20T16:18:59","slug":"kazanilan-derece-gereklilikleri-ve-kurallar","status":"publish","type":"page","link":"http:\/\/ticaret.edu.tr\/endustriyel-tasarim\/kazanilan-derece-gereklilikleri-ve-kurallar\/","title":{"rendered":"Kazan\u0131lan Derece Gereklilikleri ve Kurallar"},"content":{"rendered":"<ul>\n<li>4 y\u0131ll\u0131k m\u00fcfredat programda yer alan t\u00fcm zorunlu derslerin ve se\u00e7meli derslerin tamamlanmas\u0131,<\/li>\n<li>2 adet zorunlu staj\u0131n (Fabrika ve Ofis Staj\u0131) tamamlanmas\u0131,<\/li>\n<li>4.00 \u00fczerinden en az 2.00 not ortalamas\u0131na sahip olmas\u0131,<\/li>\n<li>240 AKTS ders y\u00fck\u00fcn\u00fcn tamamlanmas\u0131 ile \u00f6\u011frenciler programdan mezun olmaya hak kazan\u0131r.<\/li>\n<\/ul>\n","protected":false},"excerpt":{"rendered":"<p>4 y\u0131ll\u0131k m\u00fcfredat programda yer alan t\u00fcm zorunlu derslerin ve se\u00e7meli derslerin tamamlanmas\u0131, 2 adet zorunlu staj\u0131n (Fabrika ve Ofis Staj\u0131) tamamlanmas\u0131, 4.00 \u00fczerinden en az 2.00 not ortalamas\u0131na sahip olmas\u0131, 240 AKTS ders y\u00fck\u00fcn\u00fcn tamamlanmas\u0131 ile \u00f6\u011frenciler programdan mezun olmaya hak kazan\u0131r.<\/p>\n","protected":false},"author":139,"featured_media":0,"parent":0,"menu_order":0,"comment_status":"closed","ping_status":"closed","template":"genel_sayfa.php","meta":{"footnotes":""},"yoast_head":"<!-- This site is optimized with the Yoast SEO Premium plugin v22.1 (Yoast SEO v22.1) - https:\/\/yoast.com\/wordpress\/plugins\/seo\/ -->\n<title>Kazan\u0131lan Derece Gereklilikleri ve Kurallar - End\u00fcstriyel Tasar\u0131m<\/title>\n<meta name=\"robots\" content=\"index, follow, max-snippet:-1, max-image-preview:large, max-video-preview:-1\" \/>\n<link rel=\"canonical\" href=\"http:\/\/ticaret.edu.tr\/endustriyel-tasarim\/kazanilan-derece-gereklilikleri-ve-kurallar\/\" \/>\n<meta property=\"og:locale\" content=\"tr_TR\" \/>\n<meta property=\"og:type\" content=\"article\" \/>\n<meta property=\"og:title\" content=\"Kazan\u0131lan Derece Gereklilikleri ve Kurallar\" \/>\n<meta property=\"og:description\" content=\"4 y\u0131ll\u0131k m\u00fcfredat programda yer alan t\u00fcm zorunlu derslerin ve se\u00e7meli derslerin tamamlanmas\u0131, 2 adet zorunlu staj\u0131n (Fabrika ve Ofis Staj\u0131) tamamlanmas\u0131, 4.00 \u00fczerinden en az 2.00 not ortalamas\u0131na sahip olmas\u0131, 240 AKTS ders y\u00fck\u00fcn\u00fcn tamamlanmas\u0131 ile \u00f6\u011frenciler programdan mezun olmaya hak kazan\u0131r.\" \/>\n<meta property=\"og:url\" content=\"http:\/\/ticaret.edu.tr\/endustriyel-tasarim\/kazanilan-derece-gereklilikleri-ve-kurallar\/\" \/>\n<meta property=\"og:site_name\" content=\"End\u00fcstriyel Tasar\u0131m\" \/>\n<meta property=\"article:publisher\" content=\"https:\/\/www.facebook.com\/ticaretedutr\" \/>\n<meta property=\"article:modified_time\" content=\"2025-10-20T16:18:59+00:00\" \/>\n<meta property=\"og:image\" content=\"http:\/\/ticaret.edu.tr\/endustriyel-tasarim\/wp-content\/uploads\/sites\/23\/2021\/11\/web_logo-01.jpg\" \/>\n\t<meta property=\"og:image:width\" content=\"1250\" \/>\n\t<meta property=\"og:image:height\" content=\"833\" \/>\n\t<meta property=\"og:image:type\" content=\"image\/jpeg\" \/>\n<meta name=\"twitter:card\" content=\"summary_large_image\" \/>\n<meta name=\"twitter:site\" content=\"@ticaretedutr\" \/>\n<meta name=\"twitter:label1\" content=\"Tahmini okuma s\u00fcresi\" \/>\n\t<meta name=\"twitter:data1\" content=\"1 dakika\" \/>\n<script type=\"application\/ld+json\" class=\"yoast-schema-graph\">{\"@context\":\"https:\/\/schema.org\",\"@graph\":[{\"@type\":\"WebPage\",\"@id\":\"http:\/\/ticaret.edu.tr\/endustriyel-tasarim\/kazanilan-derece-gereklilikleri-ve-kurallar\/\",\"url\":\"http:\/\/ticaret.edu.tr\/endustriyel-tasarim\/kazanilan-derece-gereklilikleri-ve-kurallar\/\",\"name\":\"Kazan\u0131lan Derece Gereklilikleri ve Kurallar - End\u00fcstriyel Tasar\u0131m\",\"isPartOf\":{\"@id\":\"https:\/\/ticaret.edu.tr\/endustriyel-tasarim\/#website\"},\"datePublished\":\"2025-01-27T07:14:37+00:00\",\"dateModified\":\"2025-10-20T16:18:59+00:00\",\"breadcrumb\":{\"@id\":\"http:\/\/ticaret.edu.tr\/endustriyel-tasarim\/kazanilan-derece-gereklilikleri-ve-kurallar\/#breadcrumb\"},\"inLanguage\":\"tr\",\"potentialAction\":[{\"@type\":\"ReadAction\",\"target\":[\"http:\/\/ticaret.edu.tr\/endustriyel-tasarim\/kazanilan-derece-gereklilikleri-ve-kurallar\/\"]}]},{\"@type\":\"BreadcrumbList\",\"@id\":\"http:\/\/ticaret.edu.tr\/endustriyel-tasarim\/kazanilan-derece-gereklilikleri-ve-kurallar\/#breadcrumb\",\"itemListElement\":[{\"@type\":\"ListItem\",\"position\":1,\"name\":\"Ana sayfa\",\"item\":\"https:\/\/ticaret.edu.tr\/endustriyel-tasarim\/\"},{\"@type\":\"ListItem\",\"position\":2,\"name\":\"Kazan\u0131lan Derece Gereklilikleri ve Kurallar\"}]},{\"@type\":\"WebSite\",\"@id\":\"https:\/\/ticaret.edu.tr\/endustriyel-tasarim\/#website\",\"url\":\"https:\/\/ticaret.edu.tr\/endustriyel-tasarim\/\",\"name\":\"End\u00fcstriyel Tasar\u0131m\",\"description\":\"\",\"potentialAction\":[{\"@type\":\"SearchAction\",\"target\":{\"@type\":\"EntryPoint\",\"urlTemplate\":\"https:\/\/ticaret.edu.tr\/endustriyel-tasarim\/?s={search_term_string}\"},\"query-input\":\"required name=search_term_string\"}],\"inLanguage\":\"tr\"}]}<\/script>\n<!-- \/ Yoast SEO Premium plugin. -->","yoast_head_json":{"title":"Kazan\u0131lan Derece Gereklilikleri ve Kurallar - End\u00fcstriyel Tasar\u0131m","robots":{"index":"index","follow":"follow","max-snippet":"max-snippet:-1","max-image-preview":"max-image-preview:large","max-video-preview":"max-video-preview:-1"},"canonical":"http:\/\/ticaret.edu.tr\/endustriyel-tasarim\/kazanilan-derece-gereklilikleri-ve-kurallar\/","og_locale":"tr_TR","og_type":"article","og_title":"Kazan\u0131lan Derece Gereklilikleri ve Kurallar","og_description":"4 y\u0131ll\u0131k m\u00fcfredat programda yer alan t\u00fcm zorunlu derslerin ve se\u00e7meli derslerin tamamlanmas\u0131, 2 adet zorunlu staj\u0131n (Fabrika ve Ofis Staj\u0131) tamamlanmas\u0131, 4.00 \u00fczerinden en az 2.00 not ortalamas\u0131na sahip olmas\u0131, 240 AKTS ders y\u00fck\u00fcn\u00fcn tamamlanmas\u0131 ile \u00f6\u011frenciler programdan mezun olmaya hak kazan\u0131r.","og_url":"http:\/\/ticaret.edu.tr\/endustriyel-tasarim\/kazanilan-derece-gereklilikleri-ve-kurallar\/","og_site_name":"End\u00fcstriyel Tasar\u0131m","article_publisher":"https:\/\/www.facebook.com\/ticaretedutr","article_modified_time":"2025-10-20T16:18:59+00:00","og_image":[{"width":1250,"height":833,"url":"http:\/\/ticaret.edu.tr\/endustriyel-tasarim\/wp-content\/uploads\/sites\/23\/2021\/11\/web_logo-01.jpg","type":"image\/jpeg"}],"twitter_card":"summary_large_image","twitter_site":"@ticaretedutr","twitter_misc":{"Tahmini okuma s\u00fcresi":"1 dakika"},"schema":{"@context":"https:\/\/schema.org","@graph":[{"@type":"WebPage","@id":"http:\/\/ticaret.edu.tr\/endustriyel-tasarim\/kazanilan-derece-gereklilikleri-ve-kurallar\/","url":"http:\/\/ticaret.edu.tr\/endustriyel-tasarim\/kazanilan-derece-gereklilikleri-ve-kurallar\/","name":"Kazan\u0131lan Derece Gereklilikleri ve Kurallar - End\u00fcstriyel Tasar\u0131m","isPartOf":{"@id":"https:\/\/ticaret.edu.tr\/endustriyel-tasarim\/#website"},"datePublished":"2025-01-27T07:14:37+00:00","dateModified":"2025-10-20T16:18:59+00:00","breadcrumb":{"@id":"http:\/\/ticaret.edu.tr\/endustriyel-tasarim\/kazanilan-derece-gereklilikleri-ve-kurallar\/#breadcrumb"},"inLanguage":"tr","potentialAction":[{"@type":"ReadAction","target":["http:\/\/ticaret.edu.tr\/endustriyel-tasarim\/kazanilan-derece-gereklilikleri-ve-kurallar\/"]}]},{"@type":"BreadcrumbList","@id":"http:\/\/ticaret.edu.tr\/endustriyel-tasarim\/kazanilan-derece-gereklilikleri-ve-kurallar\/#breadcrumb","itemListElement":[{"@type":"ListItem","position":1,"name":"Ana sayfa","item":"https:\/\/ticaret.edu.tr\/endustriyel-tasarim\/"},{"@type":"ListItem","position":2,"name":"Kazan\u0131lan Derece Gereklilikleri ve Kurallar"}]},{"@type":"WebSite","@id":"https:\/\/ticaret.edu.tr\/endustriyel-tasarim\/#website","url":"https:\/\/ticaret.edu.tr\/endustriyel-tasarim\/","name":"End\u00fcstriyel Tasar\u0131m","description":"","potentialAction":[{"@type":"SearchAction","target":{"@type":"EntryPoint","urlTemplate":"https:\/\/ticaret.edu.tr\/endustriyel-tasarim\/?s={search_term_string}"},"query-input":"required name=search_term_string"}],"inLanguage":"tr"}]}},"lang":"tr","translations":{"en":957,"tr":954},"pll_sync_post":[],"_links":{"self":[{"href":"http:\/\/ticaret.edu.tr\/endustriyel-tasarim\/wp-json\/wp\/v2\/pages\/954"}],"collection":[{"href":"http:\/\/ticaret.edu.tr\/endustriyel-tasarim\/wp-json\/wp\/v2\/pages"}],"about":[{"href":"http:\/\/ticaret.edu.tr\/endustriyel-tasarim\/wp-json\/wp\/v2\/types\/page"}],"author":[{"embeddable":true,"href":"http:\/\/ticaret.edu.tr\/endustriyel-tasarim\/wp-json\/wp\/v2\/users\/139"}],"replies":[{"embeddable":true,"href":"http:\/\/ticaret.edu.tr\/endustriyel-tasarim\/wp-json\/wp\/v2\/comments?post=954"}],"version-history":[{"count":2,"href":"http:\/\/ticaret.edu.tr\/endustriyel-tasarim\/wp-json\/wp\/v2\/pages\/954\/revisions"}],"predecessor-version":[{"id":1389,"href":"http:\/\/ticaret.edu.tr\/endustriyel-tasarim\/wp-json\/wp\/v2\/pages\/954\/revisions\/1389"}],"wp:attachment":[{"href":"http:\/\/ticaret.edu.tr\/endustriyel-tasarim\/wp-json\/wp\/v2\/media?parent=954"}],"curies":[{"name":"wp","href":"https:\/\/api.w.org\/{rel}","templated":true}]}}