{"id":964,"date":"2025-01-27T10:15:30","date_gmt":"2025-01-27T07:15:30","guid":{"rendered":"https:\/\/ticaret.edu.tr\/endustriyel-tasarim\/?page_id=964"},"modified":"2025-10-20T19:22:46","modified_gmt":"2025-10-20T16:22:46","slug":"calisma-turu","status":"publish","type":"page","link":"http:\/\/ticaret.edu.tr\/endustriyel-tasarim\/calisma-turu\/","title":{"rendered":"\u00c7al\u0131\u015fma T\u00fcr\u00fc"},"content":{"rendered":"<p class=\"p1\">End\u00fcstriyel tasar\u0131mc\u0131lar; farkl\u0131 sekt\u00f6rlerde, \u00fcr\u00fcnlerin fikir a\u015famas\u0131ndan kullan\u0131c\u0131yla bulu\u015ftu\u011fu son noktaya kadar uzanan s\u00fcre\u00e7lerde g\u00f6rev alabilirler. Mezunlar\u0131m\u0131z; <span class=\"s1\"><b>t\u00fcketici \u00fcr\u00fcnleri<\/b><\/span>, <span class=\"s1\"><b>mobilya<\/b><\/span>, <span class=\"s1\"><b>ev e\u015fyalar\u0131<\/b><\/span>, <span class=\"s1\"><b>elektronik<\/b><\/span>, <span class=\"s1\"><b>otomotiv<\/b><\/span>, <span class=\"s1\"><b>oyun ve spor ekipmanlar\u0131<\/b><\/span>, <span class=\"s1\"><b>ambalaj<\/b><\/span>, <span class=\"s1\"><b>sa\u011fl\u0131k \u00fcr\u00fcnleri<\/b><\/span>, <span class=\"s1\"><b>kent mobilyalar\u0131<\/b><\/span>, <span class=\"s1\"><b>seramik ve cam \u00fcr\u00fcnleri<\/b><\/span>, <span class=\"s1\"><b>m\u00fccevher ve aksesuar tasar\u0131m\u0131<\/b><\/span> gibi geni\u015f bir yelpazede \u00e7al\u0131\u015fma olana\u011f\u0131na sahiptir.<\/p>\n<p class=\"p1\">End\u00fcstriyel tasar\u0131mc\u0131lar, \u00fcretim \u00f6ncesi ara\u015ft\u0131rma, fikir geli\u015ftirme, \u00e7izim, modelleme, prototipleme ve kullan\u0131c\u0131 testleri gibi a\u015famalarda aktif rol \u00fcstlenirler. Bu s\u00fcre\u00e7te; <span class=\"s1\"><b>tasar\u0131mc\u0131<\/b><\/span>, <span class=\"s1\"><b>\u00fcr\u00fcn geli\u015ftirme uzman\u0131<\/b><\/span>, <span class=\"s1\"><b>kullan\u0131c\u0131 deneyimi (UX-UI) tasar\u0131mc\u0131s\u0131<\/b><\/span>, <span class=\"s1\"><b>AR-VR ortamlar\u0131 i\u00e7in konsept geli\u015ftirici<\/b><\/span>, <span class=\"s1\"><b>modelleme ve prototip uzman\u0131<\/b><\/span>, <span class=\"s1\"><b>tasar\u0131m y\u00f6neticisi<\/b><\/span> veya <span class=\"s1\"><b>marka ve \u00fcr\u00fcn stratejisti<\/b><\/span> gibi farkl\u0131 pozisyonlarda g\u00f6rev alabilirler.<\/p>\n<p class=\"p1\">Ayr\u0131ca end\u00fcstriyel tasar\u0131m e\u011fitimi, mezunlara sadece \u00f6zel sekt\u00f6r olanaklar\u0131 de\u011fil, ayn\u0131 zamanda <span class=\"s1\"><b>akademik ara\u015ft\u0131rma<\/b><\/span>, <span class=\"s1\"><b>tasar\u0131m dan\u0131\u015fmanl\u0131\u011f\u0131<\/b><\/span>, <span class=\"s1\"><b>kamu kurumlar\u0131<\/b><\/span> ve <span class=\"s1\"><b>giri\u015fimcilik<\/b><\/span> alanlar\u0131nda da geni\u015f bir kariyer perspektifi sunar. Tasar\u0131mc\u0131lar, disiplinler aras\u0131 ekiplerde yer alarak kullan\u0131c\u0131 ihtiya\u00e7lar\u0131n\u0131, \u00fcretim teknolojilerini ve toplumsal de\u011ferleri bir araya getiren yenilik\u00e7i \u00e7\u00f6z\u00fcmler geli\u015ftirebilirler.<\/p>\n","protected":false},"excerpt":{"rendered":"<p>End\u00fcstriyel tasar\u0131mc\u0131lar; farkl\u0131 sekt\u00f6rlerde, \u00fcr\u00fcnlerin fikir a\u015famas\u0131ndan kullan\u0131c\u0131yla bulu\u015ftu\u011fu son noktaya kadar uzanan s\u00fcre\u00e7lerde g\u00f6rev alabilirler. Mezunlar\u0131m\u0131z; t\u00fcketici \u00fcr\u00fcnleri, mobilya, ev e\u015fyalar\u0131, elektronik, otomotiv, oyun ve spor ekipmanlar\u0131, ambalaj, sa\u011fl\u0131k \u00fcr\u00fcnleri, kent mobilyalar\u0131, seramik ve cam \u00fcr\u00fcnleri, m\u00fccevher ve aksesuar tasar\u0131m\u0131 gibi geni\u015f bir yelpazede \u00e7al\u0131\u015fma olana\u011f\u0131na sahiptir. End\u00fcstriyel tasar\u0131mc\u0131lar, \u00fcretim \u00f6ncesi ara\u015ft\u0131rma, fikir geli\u015ftirme, [&hellip;]<\/p>\n","protected":false},"author":139,"featured_media":0,"parent":0,"menu_order":0,"comment_status":"closed","ping_status":"closed","template":"genel_sayfa.php","meta":{"footnotes":""},"yoast_head":"<!-- This site is optimized with the Yoast SEO Premium plugin v22.1 (Yoast SEO v22.1) - https:\/\/yoast.com\/wordpress\/plugins\/seo\/ -->\n<title>\u00c7al\u0131\u015fma T\u00fcr\u00fc - End\u00fcstriyel Tasar\u0131m<\/title>\n<meta name=\"robots\" content=\"index, follow, max-snippet:-1, max-image-preview:large, max-video-preview:-1\" \/>\n<link rel=\"canonical\" href=\"http:\/\/ticaret.edu.tr\/endustriyel-tasarim\/calisma-turu\/\" \/>\n<meta property=\"og:locale\" content=\"tr_TR\" \/>\n<meta property=\"og:type\" content=\"article\" \/>\n<meta property=\"og:title\" content=\"\u00c7al\u0131\u015fma T\u00fcr\u00fc\" \/>\n<meta property=\"og:description\" content=\"End\u00fcstriyel tasar\u0131mc\u0131lar; farkl\u0131 sekt\u00f6rlerde, \u00fcr\u00fcnlerin fikir a\u015famas\u0131ndan kullan\u0131c\u0131yla bulu\u015ftu\u011fu son noktaya kadar uzanan s\u00fcre\u00e7lerde g\u00f6rev alabilirler. Mezunlar\u0131m\u0131z; t\u00fcketici \u00fcr\u00fcnleri, mobilya, ev e\u015fyalar\u0131, elektronik, otomotiv, oyun ve spor ekipmanlar\u0131, ambalaj, sa\u011fl\u0131k \u00fcr\u00fcnleri, kent mobilyalar\u0131, seramik ve cam \u00fcr\u00fcnleri, m\u00fccevher ve aksesuar tasar\u0131m\u0131 gibi geni\u015f bir yelpazede \u00e7al\u0131\u015fma olana\u011f\u0131na sahiptir. End\u00fcstriyel tasar\u0131mc\u0131lar, \u00fcretim \u00f6ncesi ara\u015ft\u0131rma, fikir geli\u015ftirme, [&hellip;]\" \/>\n<meta property=\"og:url\" content=\"http:\/\/ticaret.edu.tr\/endustriyel-tasarim\/calisma-turu\/\" \/>\n<meta property=\"og:site_name\" content=\"End\u00fcstriyel Tasar\u0131m\" \/>\n<meta property=\"article:publisher\" content=\"https:\/\/www.facebook.com\/ticaretedutr\" \/>\n<meta property=\"article:modified_time\" content=\"2025-10-20T16:22:46+00:00\" \/>\n<meta property=\"og:image\" content=\"http:\/\/ticaret.edu.tr\/endustriyel-tasarim\/wp-content\/uploads\/sites\/23\/2021\/11\/web_logo-01.jpg\" \/>\n\t<meta property=\"og:image:width\" content=\"1250\" \/>\n\t<meta property=\"og:image:height\" content=\"833\" \/>\n\t<meta property=\"og:image:type\" content=\"image\/jpeg\" \/>\n<meta name=\"twitter:card\" content=\"summary_large_image\" \/>\n<meta name=\"twitter:site\" content=\"@ticaretedutr\" \/>\n<meta name=\"twitter:label1\" content=\"Tahmini okuma s\u00fcresi\" \/>\n\t<meta name=\"twitter:data1\" content=\"1 dakika\" \/>\n<script type=\"application\/ld+json\" class=\"yoast-schema-graph\">{\"@context\":\"https:\/\/schema.org\",\"@graph\":[{\"@type\":\"WebPage\",\"@id\":\"http:\/\/ticaret.edu.tr\/endustriyel-tasarim\/calisma-turu\/\",\"url\":\"http:\/\/ticaret.edu.tr\/endustriyel-tasarim\/calisma-turu\/\",\"name\":\"\u00c7al\u0131\u015fma T\u00fcr\u00fc - End\u00fcstriyel Tasar\u0131m\",\"isPartOf\":{\"@id\":\"https:\/\/ticaret.edu.tr\/endustriyel-tasarim\/#website\"},\"datePublished\":\"2025-01-27T07:15:30+00:00\",\"dateModified\":\"2025-10-20T16:22:46+00:00\",\"breadcrumb\":{\"@id\":\"http:\/\/ticaret.edu.tr\/endustriyel-tasarim\/calisma-turu\/#breadcrumb\"},\"inLanguage\":\"tr\",\"potentialAction\":[{\"@type\":\"ReadAction\",\"target\":[\"http:\/\/ticaret.edu.tr\/endustriyel-tasarim\/calisma-turu\/\"]}]},{\"@type\":\"BreadcrumbList\",\"@id\":\"http:\/\/ticaret.edu.tr\/endustriyel-tasarim\/calisma-turu\/#breadcrumb\",\"itemListElement\":[{\"@type\":\"ListItem\",\"position\":1,\"name\":\"Ana sayfa\",\"item\":\"https:\/\/ticaret.edu.tr\/endustriyel-tasarim\/\"},{\"@type\":\"ListItem\",\"position\":2,\"name\":\"\u00c7al\u0131\u015fma T\u00fcr\u00fc\"}]},{\"@type\":\"WebSite\",\"@id\":\"https:\/\/ticaret.edu.tr\/endustriyel-tasarim\/#website\",\"url\":\"https:\/\/ticaret.edu.tr\/endustriyel-tasarim\/\",\"name\":\"End\u00fcstriyel Tasar\u0131m\",\"description\":\"\",\"potentialAction\":[{\"@type\":\"SearchAction\",\"target\":{\"@type\":\"EntryPoint\",\"urlTemplate\":\"https:\/\/ticaret.edu.tr\/endustriyel-tasarim\/?s={search_term_string}\"},\"query-input\":\"required name=search_term_string\"}],\"inLanguage\":\"tr\"}]}<\/script>\n<!-- \/ Yoast SEO Premium plugin. -->","yoast_head_json":{"title":"\u00c7al\u0131\u015fma T\u00fcr\u00fc - End\u00fcstriyel Tasar\u0131m","robots":{"index":"index","follow":"follow","max-snippet":"max-snippet:-1","max-image-preview":"max-image-preview:large","max-video-preview":"max-video-preview:-1"},"canonical":"http:\/\/ticaret.edu.tr\/endustriyel-tasarim\/calisma-turu\/","og_locale":"tr_TR","og_type":"article","og_title":"\u00c7al\u0131\u015fma T\u00fcr\u00fc","og_description":"End\u00fcstriyel tasar\u0131mc\u0131lar; farkl\u0131 sekt\u00f6rlerde, \u00fcr\u00fcnlerin fikir a\u015famas\u0131ndan kullan\u0131c\u0131yla bulu\u015ftu\u011fu son noktaya kadar uzanan s\u00fcre\u00e7lerde g\u00f6rev alabilirler. Mezunlar\u0131m\u0131z; t\u00fcketici \u00fcr\u00fcnleri, mobilya, ev e\u015fyalar\u0131, elektronik, otomotiv, oyun ve spor ekipmanlar\u0131, ambalaj, sa\u011fl\u0131k \u00fcr\u00fcnleri, kent mobilyalar\u0131, seramik ve cam \u00fcr\u00fcnleri, m\u00fccevher ve aksesuar tasar\u0131m\u0131 gibi geni\u015f bir yelpazede \u00e7al\u0131\u015fma olana\u011f\u0131na sahiptir. End\u00fcstriyel tasar\u0131mc\u0131lar, \u00fcretim \u00f6ncesi ara\u015ft\u0131rma, fikir geli\u015ftirme, [&hellip;]","og_url":"http:\/\/ticaret.edu.tr\/endustriyel-tasarim\/calisma-turu\/","og_site_name":"End\u00fcstriyel Tasar\u0131m","article_publisher":"https:\/\/www.facebook.com\/ticaretedutr","article_modified_time":"2025-10-20T16:22:46+00:00","og_image":[{"width":1250,"height":833,"url":"http:\/\/ticaret.edu.tr\/endustriyel-tasarim\/wp-content\/uploads\/sites\/23\/2021\/11\/web_logo-01.jpg","type":"image\/jpeg"}],"twitter_card":"summary_large_image","twitter_site":"@ticaretedutr","twitter_misc":{"Tahmini okuma s\u00fcresi":"1 dakika"},"schema":{"@context":"https:\/\/schema.org","@graph":[{"@type":"WebPage","@id":"http:\/\/ticaret.edu.tr\/endustriyel-tasarim\/calisma-turu\/","url":"http:\/\/ticaret.edu.tr\/endustriyel-tasarim\/calisma-turu\/","name":"\u00c7al\u0131\u015fma T\u00fcr\u00fc - End\u00fcstriyel Tasar\u0131m","isPartOf":{"@id":"https:\/\/ticaret.edu.tr\/endustriyel-tasarim\/#website"},"datePublished":"2025-01-27T07:15:30+00:00","dateModified":"2025-10-20T16:22:46+00:00","breadcrumb":{"@id":"http:\/\/ticaret.edu.tr\/endustriyel-tasarim\/calisma-turu\/#breadcrumb"},"inLanguage":"tr","potentialAction":[{"@type":"ReadAction","target":["http:\/\/ticaret.edu.tr\/endustriyel-tasarim\/calisma-turu\/"]}]},{"@type":"BreadcrumbList","@id":"http:\/\/ticaret.edu.tr\/endustriyel-tasarim\/calisma-turu\/#breadcrumb","itemListElement":[{"@type":"ListItem","position":1,"name":"Ana sayfa","item":"https:\/\/ticaret.edu.tr\/endustriyel-tasarim\/"},{"@type":"ListItem","position":2,"name":"\u00c7al\u0131\u015fma T\u00fcr\u00fc"}]},{"@type":"WebSite","@id":"https:\/\/ticaret.edu.tr\/endustriyel-tasarim\/#website","url":"https:\/\/ticaret.edu.tr\/endustriyel-tasarim\/","name":"End\u00fcstriyel Tasar\u0131m","description":"","potentialAction":[{"@type":"SearchAction","target":{"@type":"EntryPoint","urlTemplate":"https:\/\/ticaret.edu.tr\/endustriyel-tasarim\/?s={search_term_string}"},"query-input":"required name=search_term_string"}],"inLanguage":"tr"}]}},"lang":"tr","translations":{"en":966,"tr":964},"pll_sync_post":[],"_links":{"self":[{"href":"http:\/\/ticaret.edu.tr\/endustriyel-tasarim\/wp-json\/wp\/v2\/pages\/964"}],"collection":[{"href":"http:\/\/ticaret.edu.tr\/endustriyel-tasarim\/wp-json\/wp\/v2\/pages"}],"about":[{"href":"http:\/\/ticaret.edu.tr\/endustriyel-tasarim\/wp-json\/wp\/v2\/types\/page"}],"author":[{"embeddable":true,"href":"http:\/\/ticaret.edu.tr\/endustriyel-tasarim\/wp-json\/wp\/v2\/users\/139"}],"replies":[{"embeddable":true,"href":"http:\/\/ticaret.edu.tr\/endustriyel-tasarim\/wp-json\/wp\/v2\/comments?post=964"}],"version-history":[{"count":2,"href":"http:\/\/ticaret.edu.tr\/endustriyel-tasarim\/wp-json\/wp\/v2\/pages\/964\/revisions"}],"predecessor-version":[{"id":1391,"href":"http:\/\/ticaret.edu.tr\/endustriyel-tasarim\/wp-json\/wp\/v2\/pages\/964\/revisions\/1391"}],"wp:attachment":[{"href":"http:\/\/ticaret.edu.tr\/endustriyel-tasarim\/wp-json\/wp\/v2\/media?parent=964"}],"curies":[{"name":"wp","href":"https:\/\/api.w.org\/{rel}","templated":true}]}}