{"id":968,"date":"2025-01-27T10:15:56","date_gmt":"2025-01-27T07:15:56","guid":{"rendered":"https:\/\/ticaret.edu.tr\/endustriyel-tasarim\/?page_id=968"},"modified":"2025-10-20T19:24:00","modified_gmt":"2025-10-20T16:24:00","slug":"onceki-ogrenmenin-tanimlanmasi","status":"publish","type":"page","link":"http:\/\/ticaret.edu.tr\/endustriyel-tasarim\/onceki-ogrenmenin-tanimlanmasi\/","title":{"rendered":"\u00d6nceki \u00d6\u011frenmenin Tan\u0131mlanmas\u0131"},"content":{"rendered":"<ul>\n<li>Bir \u00f6\u011frenci, yurt i\u00e7inde ya da yurt d\u0131\u015f\u0131nda e\u015fde\u011fer bir programa ba\u015flam\u0131\u015fsa yatay ge\u00e7i\u015f i\u00e7in ba\u015fvuru yapabilir.<\/li>\n<li>Ba\u015fvurular, d\u00f6nemin ba\u015flamas\u0131ndan \u00f6nce de\u011ferlendirilir ve her \u00f6\u011frencinin durumu ile ba\u015fvurdu\u011fu program seviyesi dikkate al\u0131narak \u00f6zel olarak incelenir.<\/li>\n<li>\u00dcniversitenin onaylad\u0131\u011f\u0131 ve kapsam\u0131 belirlenmi\u015f bir anla\u015fma \u00e7er\u00e7evesinde y\u00fcr\u00fct\u00fclen \u00f6\u011frenci de\u011fi\u015fim programlar\u0131yla gelen yabanc\u0131 \u00f6\u011frenciler, di\u011fer fak\u00fcltelerde verilen dersleri de se\u00e7meli ders olarak alabilirler.<\/li>\n<\/ul>\n","protected":false},"excerpt":{"rendered":"<p>Bir \u00f6\u011frenci, yurt i\u00e7inde ya da yurt d\u0131\u015f\u0131nda e\u015fde\u011fer bir programa ba\u015flam\u0131\u015fsa yatay ge\u00e7i\u015f i\u00e7in ba\u015fvuru yapabilir. Ba\u015fvurular, d\u00f6nemin ba\u015flamas\u0131ndan \u00f6nce de\u011ferlendirilir ve her \u00f6\u011frencinin durumu ile ba\u015fvurdu\u011fu program seviyesi dikkate al\u0131narak \u00f6zel olarak incelenir. \u00dcniversitenin onaylad\u0131\u011f\u0131 ve kapsam\u0131 belirlenmi\u015f bir anla\u015fma \u00e7er\u00e7evesinde y\u00fcr\u00fct\u00fclen \u00f6\u011frenci de\u011fi\u015fim programlar\u0131yla gelen yabanc\u0131 \u00f6\u011frenciler, di\u011fer fak\u00fcltelerde verilen dersleri de [&hellip;]<\/p>\n","protected":false},"author":139,"featured_media":0,"parent":0,"menu_order":0,"comment_status":"closed","ping_status":"closed","template":"genel_sayfa.php","meta":{"footnotes":""},"yoast_head":"<!-- This site is optimized with the Yoast SEO Premium plugin v22.1 (Yoast SEO v22.1) - https:\/\/yoast.com\/wordpress\/plugins\/seo\/ -->\n<title>\u00d6nceki \u00d6\u011frenmenin Tan\u0131mlanmas\u0131 - End\u00fcstriyel Tasar\u0131m<\/title>\n<meta name=\"robots\" content=\"index, follow, max-snippet:-1, max-image-preview:large, max-video-preview:-1\" \/>\n<link rel=\"canonical\" href=\"http:\/\/ticaret.edu.tr\/endustriyel-tasarim\/onceki-ogrenmenin-tanimlanmasi\/\" \/>\n<meta property=\"og:locale\" content=\"tr_TR\" \/>\n<meta property=\"og:type\" content=\"article\" \/>\n<meta property=\"og:title\" content=\"\u00d6nceki \u00d6\u011frenmenin Tan\u0131mlanmas\u0131\" \/>\n<meta property=\"og:description\" content=\"Bir \u00f6\u011frenci, yurt i\u00e7inde ya da yurt d\u0131\u015f\u0131nda e\u015fde\u011fer bir programa ba\u015flam\u0131\u015fsa yatay ge\u00e7i\u015f i\u00e7in ba\u015fvuru yapabilir. Ba\u015fvurular, d\u00f6nemin ba\u015flamas\u0131ndan \u00f6nce de\u011ferlendirilir ve her \u00f6\u011frencinin durumu ile ba\u015fvurdu\u011fu program seviyesi dikkate al\u0131narak \u00f6zel olarak incelenir. \u00dcniversitenin onaylad\u0131\u011f\u0131 ve kapsam\u0131 belirlenmi\u015f bir anla\u015fma \u00e7er\u00e7evesinde y\u00fcr\u00fct\u00fclen \u00f6\u011frenci de\u011fi\u015fim programlar\u0131yla gelen yabanc\u0131 \u00f6\u011frenciler, di\u011fer fak\u00fcltelerde verilen dersleri de [&hellip;]\" \/>\n<meta property=\"og:url\" content=\"http:\/\/ticaret.edu.tr\/endustriyel-tasarim\/onceki-ogrenmenin-tanimlanmasi\/\" \/>\n<meta property=\"og:site_name\" content=\"End\u00fcstriyel Tasar\u0131m\" \/>\n<meta property=\"article:publisher\" content=\"https:\/\/www.facebook.com\/ticaretedutr\" \/>\n<meta property=\"article:modified_time\" content=\"2025-10-20T16:24:00+00:00\" \/>\n<meta property=\"og:image\" content=\"http:\/\/ticaret.edu.tr\/endustriyel-tasarim\/wp-content\/uploads\/sites\/23\/2021\/11\/web_logo-01.jpg\" \/>\n\t<meta property=\"og:image:width\" content=\"1250\" \/>\n\t<meta property=\"og:image:height\" content=\"833\" \/>\n\t<meta property=\"og:image:type\" content=\"image\/jpeg\" \/>\n<meta name=\"twitter:card\" content=\"summary_large_image\" \/>\n<meta name=\"twitter:site\" content=\"@ticaretedutr\" \/>\n<meta name=\"twitter:label1\" content=\"Tahmini okuma s\u00fcresi\" \/>\n\t<meta name=\"twitter:data1\" content=\"1 dakika\" \/>\n<script type=\"application\/ld+json\" class=\"yoast-schema-graph\">{\"@context\":\"https:\/\/schema.org\",\"@graph\":[{\"@type\":\"WebPage\",\"@id\":\"http:\/\/ticaret.edu.tr\/endustriyel-tasarim\/onceki-ogrenmenin-tanimlanmasi\/\",\"url\":\"http:\/\/ticaret.edu.tr\/endustriyel-tasarim\/onceki-ogrenmenin-tanimlanmasi\/\",\"name\":\"\u00d6nceki \u00d6\u011frenmenin Tan\u0131mlanmas\u0131 - End\u00fcstriyel Tasar\u0131m\",\"isPartOf\":{\"@id\":\"https:\/\/ticaret.edu.tr\/endustriyel-tasarim\/#website\"},\"datePublished\":\"2025-01-27T07:15:56+00:00\",\"dateModified\":\"2025-10-20T16:24:00+00:00\",\"breadcrumb\":{\"@id\":\"http:\/\/ticaret.edu.tr\/endustriyel-tasarim\/onceki-ogrenmenin-tanimlanmasi\/#breadcrumb\"},\"inLanguage\":\"tr\",\"potentialAction\":[{\"@type\":\"ReadAction\",\"target\":[\"http:\/\/ticaret.edu.tr\/endustriyel-tasarim\/onceki-ogrenmenin-tanimlanmasi\/\"]}]},{\"@type\":\"BreadcrumbList\",\"@id\":\"http:\/\/ticaret.edu.tr\/endustriyel-tasarim\/onceki-ogrenmenin-tanimlanmasi\/#breadcrumb\",\"itemListElement\":[{\"@type\":\"ListItem\",\"position\":1,\"name\":\"Ana sayfa\",\"item\":\"https:\/\/ticaret.edu.tr\/endustriyel-tasarim\/\"},{\"@type\":\"ListItem\",\"position\":2,\"name\":\"\u00d6nceki \u00d6\u011frenmenin Tan\u0131mlanmas\u0131\"}]},{\"@type\":\"WebSite\",\"@id\":\"https:\/\/ticaret.edu.tr\/endustriyel-tasarim\/#website\",\"url\":\"https:\/\/ticaret.edu.tr\/endustriyel-tasarim\/\",\"name\":\"End\u00fcstriyel Tasar\u0131m\",\"description\":\"\",\"potentialAction\":[{\"@type\":\"SearchAction\",\"target\":{\"@type\":\"EntryPoint\",\"urlTemplate\":\"https:\/\/ticaret.edu.tr\/endustriyel-tasarim\/?s={search_term_string}\"},\"query-input\":\"required name=search_term_string\"}],\"inLanguage\":\"tr\"}]}<\/script>\n<!-- \/ Yoast SEO Premium plugin. -->","yoast_head_json":{"title":"\u00d6nceki \u00d6\u011frenmenin Tan\u0131mlanmas\u0131 - End\u00fcstriyel Tasar\u0131m","robots":{"index":"index","follow":"follow","max-snippet":"max-snippet:-1","max-image-preview":"max-image-preview:large","max-video-preview":"max-video-preview:-1"},"canonical":"http:\/\/ticaret.edu.tr\/endustriyel-tasarim\/onceki-ogrenmenin-tanimlanmasi\/","og_locale":"tr_TR","og_type":"article","og_title":"\u00d6nceki \u00d6\u011frenmenin Tan\u0131mlanmas\u0131","og_description":"Bir \u00f6\u011frenci, yurt i\u00e7inde ya da yurt d\u0131\u015f\u0131nda e\u015fde\u011fer bir programa ba\u015flam\u0131\u015fsa yatay ge\u00e7i\u015f i\u00e7in ba\u015fvuru yapabilir. Ba\u015fvurular, d\u00f6nemin ba\u015flamas\u0131ndan \u00f6nce de\u011ferlendirilir ve her \u00f6\u011frencinin durumu ile ba\u015fvurdu\u011fu program seviyesi dikkate al\u0131narak \u00f6zel olarak incelenir. \u00dcniversitenin onaylad\u0131\u011f\u0131 ve kapsam\u0131 belirlenmi\u015f bir anla\u015fma \u00e7er\u00e7evesinde y\u00fcr\u00fct\u00fclen \u00f6\u011frenci de\u011fi\u015fim programlar\u0131yla gelen yabanc\u0131 \u00f6\u011frenciler, di\u011fer fak\u00fcltelerde verilen dersleri de [&hellip;]","og_url":"http:\/\/ticaret.edu.tr\/endustriyel-tasarim\/onceki-ogrenmenin-tanimlanmasi\/","og_site_name":"End\u00fcstriyel Tasar\u0131m","article_publisher":"https:\/\/www.facebook.com\/ticaretedutr","article_modified_time":"2025-10-20T16:24:00+00:00","og_image":[{"width":1250,"height":833,"url":"http:\/\/ticaret.edu.tr\/endustriyel-tasarim\/wp-content\/uploads\/sites\/23\/2021\/11\/web_logo-01.jpg","type":"image\/jpeg"}],"twitter_card":"summary_large_image","twitter_site":"@ticaretedutr","twitter_misc":{"Tahmini okuma s\u00fcresi":"1 dakika"},"schema":{"@context":"https:\/\/schema.org","@graph":[{"@type":"WebPage","@id":"http:\/\/ticaret.edu.tr\/endustriyel-tasarim\/onceki-ogrenmenin-tanimlanmasi\/","url":"http:\/\/ticaret.edu.tr\/endustriyel-tasarim\/onceki-ogrenmenin-tanimlanmasi\/","name":"\u00d6nceki \u00d6\u011frenmenin Tan\u0131mlanmas\u0131 - End\u00fcstriyel Tasar\u0131m","isPartOf":{"@id":"https:\/\/ticaret.edu.tr\/endustriyel-tasarim\/#website"},"datePublished":"2025-01-27T07:15:56+00:00","dateModified":"2025-10-20T16:24:00+00:00","breadcrumb":{"@id":"http:\/\/ticaret.edu.tr\/endustriyel-tasarim\/onceki-ogrenmenin-tanimlanmasi\/#breadcrumb"},"inLanguage":"tr","potentialAction":[{"@type":"ReadAction","target":["http:\/\/ticaret.edu.tr\/endustriyel-tasarim\/onceki-ogrenmenin-tanimlanmasi\/"]}]},{"@type":"BreadcrumbList","@id":"http:\/\/ticaret.edu.tr\/endustriyel-tasarim\/onceki-ogrenmenin-tanimlanmasi\/#breadcrumb","itemListElement":[{"@type":"ListItem","position":1,"name":"Ana sayfa","item":"https:\/\/ticaret.edu.tr\/endustriyel-tasarim\/"},{"@type":"ListItem","position":2,"name":"\u00d6nceki \u00d6\u011frenmenin Tan\u0131mlanmas\u0131"}]},{"@type":"WebSite","@id":"https:\/\/ticaret.edu.tr\/endustriyel-tasarim\/#website","url":"https:\/\/ticaret.edu.tr\/endustriyel-tasarim\/","name":"End\u00fcstriyel Tasar\u0131m","description":"","potentialAction":[{"@type":"SearchAction","target":{"@type":"EntryPoint","urlTemplate":"https:\/\/ticaret.edu.tr\/endustriyel-tasarim\/?s={search_term_string}"},"query-input":"required name=search_term_string"}],"inLanguage":"tr"}]}},"lang":"tr","translations":{"en":970,"tr":968},"pll_sync_post":[],"_links":{"self":[{"href":"http:\/\/ticaret.edu.tr\/endustriyel-tasarim\/wp-json\/wp\/v2\/pages\/968"}],"collection":[{"href":"http:\/\/ticaret.edu.tr\/endustriyel-tasarim\/wp-json\/wp\/v2\/pages"}],"about":[{"href":"http:\/\/ticaret.edu.tr\/endustriyel-tasarim\/wp-json\/wp\/v2\/types\/page"}],"author":[{"embeddable":true,"href":"http:\/\/ticaret.edu.tr\/endustriyel-tasarim\/wp-json\/wp\/v2\/users\/139"}],"replies":[{"embeddable":true,"href":"http:\/\/ticaret.edu.tr\/endustriyel-tasarim\/wp-json\/wp\/v2\/comments?post=968"}],"version-history":[{"count":2,"href":"http:\/\/ticaret.edu.tr\/endustriyel-tasarim\/wp-json\/wp\/v2\/pages\/968\/revisions"}],"predecessor-version":[{"id":1392,"href":"http:\/\/ticaret.edu.tr\/endustriyel-tasarim\/wp-json\/wp\/v2\/pages\/968\/revisions\/1392"}],"wp:attachment":[{"href":"http:\/\/ticaret.edu.tr\/endustriyel-tasarim\/wp-json\/wp\/v2\/media?parent=968"}],"curies":[{"name":"wp","href":"https:\/\/api.w.org\/{rel}","templated":true}]}}