{"id":983,"date":"2025-01-27T10:19:20","date_gmt":"2025-01-27T07:19:20","guid":{"rendered":"https:\/\/ticaret.edu.tr\/endustriyel-tasarim\/?page_id=983"},"modified":"2025-12-24T15:42:12","modified_gmt":"2025-12-24T12:42:12","slug":"cap-yandal-yatay-gecis","status":"publish","type":"page","link":"http:\/\/ticaret.edu.tr\/endustriyel-tasarim\/cap-yandal-yatay-gecis\/","title":{"rendered":"\u00c7ap-Yandal \/ Yatay Ge\u00e7i\u015f"},"content":{"rendered":"<p><strong>Yatay ge\u00e7i\u015fler;<\/strong>\u00a0genel not ortalamas\u0131 (GNO) ve merkezi yerle\u015ftirme puan\u0131 (MYP) ile olmak \u00fczere iki farkl\u0131 \u015fekilde yap\u0131lmaktad\u0131r. \u00d6\u011frenciler ilgili d\u00f6nemde MYP ve GNO yatay ge\u00e7i\u015f ba\u015fvurular\u0131nda bulunarak \u00fcniversitemize belgelerini eksiksiz bir \u015fekilde teslim etmektedir. Yatay ge\u00e7i\u015f ba\u015fvurular\u0131n\u0131n ilan edildi\u011fi tarihten en az 1 hafta \u00f6nce ba\u015fvurular intibak komisyonu taraf\u0131ndan de\u011ferlendirilmeye ba\u015flanmaktad\u0131r. Yatay ge\u00e7i\u015f de\u011ferlendirme tablolar\u0131 (\u00f6\u011frenci i\u015flerinden altl\u0131\u011f\u0131 haz\u0131rlanm\u0131\u015f olarak gelerek) kontrol edilerek eksik bilgiler tamamlanarak kabul edilenler (s\u0131n\u0131f\u0131, bursu vs.) ve reddedilenlerin listesi olu\u015fturulmaktad\u0131r.<\/p>\n<p><strong>Detayl\u0131 bilgi almak i\u00e7in t\u0131klay\u0131n\u0131z:<\/strong>\u00a0<a href=\"https:\/\/lisansaday.ticaret.edu.tr\/yatay-gecis-ve-dgs\/\" target=\"_blank\" rel=\"noopener\">Yatay Ge\u00e7i\u015f<\/a><\/p>\n<p><strong>Dikey ge\u00e7i\u015fler;<\/strong>\u00a0\u00f6n lisans program\u0131nda olan \u00f6\u011frenciler DGS s\u0131nav\u0131na girerek, ald\u0131klar\u0131 puanlara g\u00f6re \u00d6SYM taraf\u0131ndan belirlenen tercih zamanlar\u0131nda tercih yapmaktad\u0131rlar. \u00d6SYM\u2019nin a\u00e7\u0131klad\u0131klar\u0131na g\u00f6re \u00fcniversitemizi kazanan \u00f6\u011frenciler kay\u0131t yapt\u0131rd\u0131ktan sonra ilgili b\u00f6l\u00fcme dilek\u00e7esi ile ba\u015fvurmaktad\u0131r. Bu sebeple \u00f6\u011frencilerin kabul edili\u015finde herhangi bir de\u011ferlendirme tablosunun yap\u0131lmas\u0131na gerek yoktur. DGS ile gelen \u00f6\u011frenciler i\u00e7in, aksini gerektiren ko\u015fullar olmad\u0131\u011f\u0131 s\u00fcrece, ba\u015fvurudan \u00f6nce okuduklar\u0131 b\u00f6l\u00fcm ve bu b\u00f6l\u00fcmlerin dengi olan b\u00f6l\u00fcmler g\u00f6zetilerek, standart bir intibak s\u00fcreci ve formu ge\u00e7erli olmaktad\u0131r.<\/p>\n<p><strong>\u00c7ift Anadal s\u00fcre\u00e7lerinde;<\/strong> ilgili e\u011fitim ve \u00f6\u011fretim y\u0131l\u0131nda g\u00fcncellenen m\u00fcfredat ve intibak dosyalar\u0131 ile \u00f6\u011frencinin kurumumuzdan gelmi\u015f oldu\u011fu b\u00f6l\u00fcmdeki (mimarl\u0131k, tekstil ve moda tasar\u0131m\u0131, i\u00e7 mimarl\u0131k ve \u00e7evre tasar\u0131m\u0131) m\u00fcfredatlar ve intibak dosyalar\u0131 incelenerek derslerin TRANSFER ve SORUMLU tablosu olu\u015fturulmaktad\u0131r. Transfer dersler, kendi b\u00f6l\u00fcm\u00fcnde daha \u00f6nce al\u0131p ba\u015far\u0131yla tamamlam\u0131\u015f oldu\u011fu ve b\u00f6l\u00fcm\u00fcm\u00fczde denkli\u011fin sa\u011fland\u0131\u011f\u0131 dersler olarak kabul edilmekte, SORUMLU dersleri b\u00f6l\u00fcm\u00fcm\u00fczde almas\u0131 beklenmektedir. Olu\u015fturulan tablolar \u00f6\u011frenci bazl\u0131 yap\u0131lmam\u0131\u015f olup, genel intibak dosyas\u0131 haz\u0131rlanmaktad\u0131r. \u00d6\u011frenci MUAF olaca\u011f\u0131 derslerin kontrol\u00fcn\u00fc haz\u0131rlanm\u0131\u015f olan genel dosyalardan takip etmektedir. \u00dcst yaz\u0131lar iletilirken ek olarak b\u00f6l\u00fcm ba\u015fkan\u0131 taraf\u0131ndan onaylan\u0131p y\u00fczdelik dilim tablosu i\u00e7in bir yaz\u0131 ekleriyle iletilmelidir. Y\u00fczdelik dilim ile ilgili hesaplamalar ilgili b\u00f6l\u00fcm\u00fcn \u00f6\u011frenci i\u015flerinden istenmektedir.<\/p>\n","protected":false},"excerpt":{"rendered":"<p>Yatay ge\u00e7i\u015fler;\u00a0genel not ortalamas\u0131 (GNO) ve merkezi yerle\u015ftirme puan\u0131 (MYP) ile olmak \u00fczere iki farkl\u0131 \u015fekilde yap\u0131lmaktad\u0131r. \u00d6\u011frenciler ilgili d\u00f6nemde MYP ve GNO yatay ge\u00e7i\u015f ba\u015fvurular\u0131nda bulunarak \u00fcniversitemize belgelerini eksiksiz bir \u015fekilde teslim etmektedir. Yatay ge\u00e7i\u015f ba\u015fvurular\u0131n\u0131n ilan edildi\u011fi tarihten en az 1 hafta \u00f6nce ba\u015fvurular intibak komisyonu taraf\u0131ndan de\u011ferlendirilmeye ba\u015flanmaktad\u0131r. Yatay ge\u00e7i\u015f de\u011ferlendirme tablolar\u0131 [&hellip;]<\/p>\n","protected":false},"author":139,"featured_media":0,"parent":0,"menu_order":0,"comment_status":"closed","ping_status":"closed","template":"genel_sayfa.php","meta":{"footnotes":""},"yoast_head":"<!-- This site is optimized with the Yoast SEO Premium plugin v22.1 (Yoast SEO v22.1) - https:\/\/yoast.com\/wordpress\/plugins\/seo\/ -->\n<title>\u00c7ap-Yandal \/ Yatay Ge\u00e7i\u015f - End\u00fcstriyel Tasar\u0131m<\/title>\n<meta name=\"description\" content=\"\u00c7ap-Yandal \/ Yatay Ge\u00e7i\u015f ile ilgili detayl\u0131 bilgi almak i\u00e7in t\u0131klay\u0131n\u0131z.\" \/>\n<meta name=\"robots\" content=\"index, follow, max-snippet:-1, max-image-preview:large, max-video-preview:-1\" \/>\n<link rel=\"canonical\" href=\"http:\/\/ticaret.edu.tr\/endustriyel-tasarim\/cap-yandal-yatay-gecis\/\" \/>\n<meta property=\"og:locale\" content=\"tr_TR\" \/>\n<meta property=\"og:type\" content=\"article\" \/>\n<meta property=\"og:title\" content=\"\u00c7ap-Yandal \/ Yatay Ge\u00e7i\u015f\" \/>\n<meta property=\"og:description\" content=\"\u00c7ap-Yandal \/ Yatay Ge\u00e7i\u015f ile ilgili detayl\u0131 bilgi almak i\u00e7in t\u0131klay\u0131n\u0131z.\" \/>\n<meta property=\"og:url\" content=\"http:\/\/ticaret.edu.tr\/endustriyel-tasarim\/cap-yandal-yatay-gecis\/\" \/>\n<meta property=\"og:site_name\" content=\"End\u00fcstriyel Tasar\u0131m\" \/>\n<meta property=\"article:publisher\" content=\"https:\/\/www.facebook.com\/ticaretedutr\" \/>\n<meta property=\"article:modified_time\" content=\"2025-12-24T12:42:12+00:00\" \/>\n<meta property=\"og:image\" content=\"http:\/\/ticaret.edu.tr\/endustriyel-tasarim\/wp-content\/uploads\/sites\/23\/2021\/11\/web_logo-01.jpg\" \/>\n\t<meta property=\"og:image:width\" content=\"1250\" \/>\n\t<meta property=\"og:image:height\" content=\"833\" \/>\n\t<meta property=\"og:image:type\" content=\"image\/jpeg\" \/>\n<meta name=\"twitter:card\" content=\"summary_large_image\" \/>\n<meta name=\"twitter:site\" content=\"@ticaretedutr\" \/>\n<meta name=\"twitter:label1\" content=\"Tahmini okuma s\u00fcresi\" \/>\n\t<meta name=\"twitter:data1\" content=\"2 dakika\" \/>\n<script type=\"application\/ld+json\" class=\"yoast-schema-graph\">{\"@context\":\"https:\/\/schema.org\",\"@graph\":[{\"@type\":\"WebPage\",\"@id\":\"http:\/\/ticaret.edu.tr\/endustriyel-tasarim\/cap-yandal-yatay-gecis\/\",\"url\":\"http:\/\/ticaret.edu.tr\/endustriyel-tasarim\/cap-yandal-yatay-gecis\/\",\"name\":\"\u00c7ap-Yandal \/ Yatay Ge\u00e7i\u015f - End\u00fcstriyel Tasar\u0131m\",\"isPartOf\":{\"@id\":\"https:\/\/ticaret.edu.tr\/endustriyel-tasarim\/#website\"},\"datePublished\":\"2025-01-27T07:19:20+00:00\",\"dateModified\":\"2025-12-24T12:42:12+00:00\",\"description\":\"\u00c7ap-Yandal \/ Yatay Ge\u00e7i\u015f ile ilgili detayl\u0131 bilgi almak i\u00e7in t\u0131klay\u0131n\u0131z.\",\"breadcrumb\":{\"@id\":\"http:\/\/ticaret.edu.tr\/endustriyel-tasarim\/cap-yandal-yatay-gecis\/#breadcrumb\"},\"inLanguage\":\"tr\",\"potentialAction\":[{\"@type\":\"ReadAction\",\"target\":[\"http:\/\/ticaret.edu.tr\/endustriyel-tasarim\/cap-yandal-yatay-gecis\/\"]}]},{\"@type\":\"BreadcrumbList\",\"@id\":\"http:\/\/ticaret.edu.tr\/endustriyel-tasarim\/cap-yandal-yatay-gecis\/#breadcrumb\",\"itemListElement\":[{\"@type\":\"ListItem\",\"position\":1,\"name\":\"Ana sayfa\",\"item\":\"https:\/\/ticaret.edu.tr\/endustriyel-tasarim\/\"},{\"@type\":\"ListItem\",\"position\":2,\"name\":\"\u00c7ap-Yandal \/ Yatay Ge\u00e7i\u015f\"}]},{\"@type\":\"WebSite\",\"@id\":\"https:\/\/ticaret.edu.tr\/endustriyel-tasarim\/#website\",\"url\":\"https:\/\/ticaret.edu.tr\/endustriyel-tasarim\/\",\"name\":\"End\u00fcstriyel Tasar\u0131m\",\"description\":\"\",\"potentialAction\":[{\"@type\":\"SearchAction\",\"target\":{\"@type\":\"EntryPoint\",\"urlTemplate\":\"https:\/\/ticaret.edu.tr\/endustriyel-tasarim\/?s={search_term_string}\"},\"query-input\":\"required name=search_term_string\"}],\"inLanguage\":\"tr\"}]}<\/script>\n<!-- \/ Yoast SEO Premium plugin. -->","yoast_head_json":{"title":"\u00c7ap-Yandal \/ Yatay Ge\u00e7i\u015f - End\u00fcstriyel Tasar\u0131m","description":"\u00c7ap-Yandal \/ Yatay Ge\u00e7i\u015f ile ilgili detayl\u0131 bilgi almak i\u00e7in t\u0131klay\u0131n\u0131z.","robots":{"index":"index","follow":"follow","max-snippet":"max-snippet:-1","max-image-preview":"max-image-preview:large","max-video-preview":"max-video-preview:-1"},"canonical":"http:\/\/ticaret.edu.tr\/endustriyel-tasarim\/cap-yandal-yatay-gecis\/","og_locale":"tr_TR","og_type":"article","og_title":"\u00c7ap-Yandal \/ Yatay Ge\u00e7i\u015f","og_description":"\u00c7ap-Yandal \/ Yatay Ge\u00e7i\u015f ile ilgili detayl\u0131 bilgi almak i\u00e7in t\u0131klay\u0131n\u0131z.","og_url":"http:\/\/ticaret.edu.tr\/endustriyel-tasarim\/cap-yandal-yatay-gecis\/","og_site_name":"End\u00fcstriyel Tasar\u0131m","article_publisher":"https:\/\/www.facebook.com\/ticaretedutr","article_modified_time":"2025-12-24T12:42:12+00:00","og_image":[{"width":1250,"height":833,"url":"http:\/\/ticaret.edu.tr\/endustriyel-tasarim\/wp-content\/uploads\/sites\/23\/2021\/11\/web_logo-01.jpg","type":"image\/jpeg"}],"twitter_card":"summary_large_image","twitter_site":"@ticaretedutr","twitter_misc":{"Tahmini okuma s\u00fcresi":"2 dakika"},"schema":{"@context":"https:\/\/schema.org","@graph":[{"@type":"WebPage","@id":"http:\/\/ticaret.edu.tr\/endustriyel-tasarim\/cap-yandal-yatay-gecis\/","url":"http:\/\/ticaret.edu.tr\/endustriyel-tasarim\/cap-yandal-yatay-gecis\/","name":"\u00c7ap-Yandal \/ Yatay Ge\u00e7i\u015f - End\u00fcstriyel Tasar\u0131m","isPartOf":{"@id":"https:\/\/ticaret.edu.tr\/endustriyel-tasarim\/#website"},"datePublished":"2025-01-27T07:19:20+00:00","dateModified":"2025-12-24T12:42:12+00:00","description":"\u00c7ap-Yandal \/ Yatay Ge\u00e7i\u015f ile ilgili detayl\u0131 bilgi almak i\u00e7in t\u0131klay\u0131n\u0131z.","breadcrumb":{"@id":"http:\/\/ticaret.edu.tr\/endustriyel-tasarim\/cap-yandal-yatay-gecis\/#breadcrumb"},"inLanguage":"tr","potentialAction":[{"@type":"ReadAction","target":["http:\/\/ticaret.edu.tr\/endustriyel-tasarim\/cap-yandal-yatay-gecis\/"]}]},{"@type":"BreadcrumbList","@id":"http:\/\/ticaret.edu.tr\/endustriyel-tasarim\/cap-yandal-yatay-gecis\/#breadcrumb","itemListElement":[{"@type":"ListItem","position":1,"name":"Ana sayfa","item":"https:\/\/ticaret.edu.tr\/endustriyel-tasarim\/"},{"@type":"ListItem","position":2,"name":"\u00c7ap-Yandal \/ Yatay Ge\u00e7i\u015f"}]},{"@type":"WebSite","@id":"https:\/\/ticaret.edu.tr\/endustriyel-tasarim\/#website","url":"https:\/\/ticaret.edu.tr\/endustriyel-tasarim\/","name":"End\u00fcstriyel Tasar\u0131m","description":"","potentialAction":[{"@type":"SearchAction","target":{"@type":"EntryPoint","urlTemplate":"https:\/\/ticaret.edu.tr\/endustriyel-tasarim\/?s={search_term_string}"},"query-input":"required name=search_term_string"}],"inLanguage":"tr"}]}},"lang":"tr","translations":{"en":986,"tr":983},"pll_sync_post":[],"_links":{"self":[{"href":"http:\/\/ticaret.edu.tr\/endustriyel-tasarim\/wp-json\/wp\/v2\/pages\/983"}],"collection":[{"href":"http:\/\/ticaret.edu.tr\/endustriyel-tasarim\/wp-json\/wp\/v2\/pages"}],"about":[{"href":"http:\/\/ticaret.edu.tr\/endustriyel-tasarim\/wp-json\/wp\/v2\/types\/page"}],"author":[{"embeddable":true,"href":"http:\/\/ticaret.edu.tr\/endustriyel-tasarim\/wp-json\/wp\/v2\/users\/139"}],"replies":[{"embeddable":true,"href":"http:\/\/ticaret.edu.tr\/endustriyel-tasarim\/wp-json\/wp\/v2\/comments?post=983"}],"version-history":[{"count":4,"href":"http:\/\/ticaret.edu.tr\/endustriyel-tasarim\/wp-json\/wp\/v2\/pages\/983\/revisions"}],"predecessor-version":[{"id":1507,"href":"http:\/\/ticaret.edu.tr\/endustriyel-tasarim\/wp-json\/wp\/v2\/pages\/983\/revisions\/1507"}],"wp:attachment":[{"href":"http:\/\/ticaret.edu.tr\/endustriyel-tasarim\/wp-json\/wp\/v2\/media?parent=983"}],"curies":[{"name":"wp","href":"https:\/\/api.w.org\/{rel}","templated":true}]}}