{"id":997,"date":"2025-01-27T10:21:00","date_gmt":"2025-01-27T07:21:00","guid":{"rendered":"https:\/\/ticaret.edu.tr\/endustriyel-tasarim\/?page_id=997"},"modified":"2025-10-20T19:31:10","modified_gmt":"2025-10-20T16:31:10","slug":"staj","status":"publish","type":"page","link":"http:\/\/ticaret.edu.tr\/endustriyel-tasarim\/staj\/","title":{"rendered":"Staj"},"content":{"rendered":"<p class=\"cvGsUA direction-ltr align-start para-style-body\"><span class=\"a_GcMg font-feature-liga-off font-feature-clig-off font-feature-calt-off text-decoration-none text-strikethrough-none\">End\u00fcstriyel Tasar\u0131m B\u00f6l\u00fcm\u00fcnde<\/span><span class=\"a_GcMg font-feature-liga-off font-feature-clig-off font-feature-calt-off text-decoration-none text-strikethrough-none\"> iki adet zorunlu staj<\/span><span class=\"a_GcMg font-feature-liga-off font-feature-clig-off font-feature-calt-off text-decoration-none text-strikethrough-none\"> bulunmaktad\u0131r.<\/span><\/p>\n<ul>\n<li><span class=\"a_GcMg font-feature-liga-off font-feature-clig-off font-feature-calt-off text-decoration-none text-strikethrough-none\">\u00dcretim\/fabrika staj\u0131 (20 g\u00fcn)<\/span>\n<ul>\n<li><span class=\"a_GcMg font-feature-liga-off font-feature-clig-off font-feature-calt-off text-decoration-none text-strikethrough-none\">2. s\u0131n\u0131ftan 3. s\u0131n\u0131fa ge\u00e7erken tamamlan\u0131r.<\/span><\/li>\n<\/ul>\n<\/li>\n<li><span class=\"a_GcMg font-feature-liga-off font-feature-clig-off font-feature-calt-off text-decoration-none text-strikethrough-none\">Ofis staj\u0131 (20 g\u00fcn)<\/span>\n<ul>\n<li><span class=\"a_GcMg font-feature-liga-off font-feature-clig-off font-feature-calt-off text-decoration-none text-strikethrough-none\">3. s\u0131n\u0131ftan 4. s\u0131n\u0131fa ge\u00e7erken tamamlan\u0131r.<\/span><\/li>\n<\/ul>\n<\/li>\n<li><span class=\"a_GcMg font-feature-liga-off font-feature-clig-off font-feature-calt-off text-decoration-none text-strikethrough-none\">Stajlar\u0131n yar\u0131y\u0131l veya yaz tatiline rastlayan aylarda yap\u0131lmas\u0131 esast\u0131r.<\/span><\/li>\n<li><span class=\"a_GcMg font-feature-liga-off font-feature-clig-off font-feature-calt-off text-decoration-none text-strikethrough-none\">\u0130lgili program\u0131n veya i\u015fletme ko\u015fullar\u0131n\u0131n uygun olmamas\u0131 durumunda bu s\u00fcreler d\u0131\u015f\u0131nda ve e\u011fitim ve \u00f6\u011fretimi aksatmamak \u015fart\u0131yla staj yapt\u0131r\u0131labilir.<\/span><\/li>\n<li><span class=\"a_GcMg font-feature-liga-off font-feature-clig-off font-feature-calt-off text-decoration-none text-strikethrough-none\">\u00d6\u011frenci b\u00fct\u00fcn derslerini tamamlam\u0131\u015f ancak staj\u0131n\u0131 hen\u00fcz tamamlayamam\u0131\u015f ise staj\u0131n\u0131 herhangi bir ayda yapabilir.<\/span><\/li>\n<li><span class=\"a_GcMg font-feature-liga-off font-feature-clig-off font-feature-calt-off text-decoration-none text-strikethrough-none\">Staj, ayn\u0131 s\u00fcreli ve haftal\u0131k \u00fc\u00e7 g\u00fcnden az olmamak \u015fart\u0131yla e\u011fitim ve \u00f6\u011fretim d\u00f6nemi, yaz okulu ve genel s\u0131nav d\u00f6nemlerinde de yapt\u0131r\u0131labilir.<\/span><\/li>\n<\/ul>\n<p><span class=\"a_GcMg font-feature-liga-off font-feature-clig-off font-feature-calt-off text-decoration-none text-strikethrough-none\">Staj Y\u00f6nergesi: <\/span><a class=\"a_GcMg font-feature-liga-off font-feature-clig-off font-feature-calt-off text-decoration-underline text-strikethrough-none\" href=\"https:\/\/kariyer.ticaret.edu.tr\/ogrenciler\/staj-belgeleri\/staj-kilavuzlari\" target=\"_blank\" rel=\"noopener\">https:\/\/kariyer.ticaret.edu.tr\/ogrenciler\/staj-belgeleri\/staj-kilavuzlari<\/a><\/p>\n","protected":false},"excerpt":{"rendered":"<p>End\u00fcstriyel Tasar\u0131m B\u00f6l\u00fcm\u00fcnde iki adet zorunlu staj bulunmaktad\u0131r. \u00dcretim\/fabrika staj\u0131 (20 g\u00fcn) 2. s\u0131n\u0131ftan 3. s\u0131n\u0131fa ge\u00e7erken tamamlan\u0131r. Ofis staj\u0131 (20 g\u00fcn) 3. s\u0131n\u0131ftan 4. s\u0131n\u0131fa ge\u00e7erken tamamlan\u0131r. Stajlar\u0131n yar\u0131y\u0131l veya yaz tatiline rastlayan aylarda yap\u0131lmas\u0131 esast\u0131r. \u0130lgili program\u0131n veya i\u015fletme ko\u015fullar\u0131n\u0131n uygun olmamas\u0131 durumunda bu s\u00fcreler d\u0131\u015f\u0131nda ve e\u011fitim ve \u00f6\u011fretimi aksatmamak \u015fart\u0131yla staj [&hellip;]<\/p>\n","protected":false},"author":139,"featured_media":0,"parent":0,"menu_order":0,"comment_status":"closed","ping_status":"closed","template":"genel_sayfa.php","meta":{"footnotes":""},"yoast_head":"<!-- This site is optimized with the Yoast SEO Premium plugin v22.1 (Yoast SEO v22.1) - https:\/\/yoast.com\/wordpress\/plugins\/seo\/ -->\n<title>Staj - End\u00fcstriyel Tasar\u0131m<\/title>\n<meta name=\"robots\" content=\"index, follow, max-snippet:-1, max-image-preview:large, max-video-preview:-1\" \/>\n<link rel=\"canonical\" href=\"http:\/\/ticaret.edu.tr\/endustriyel-tasarim\/staj\/\" \/>\n<meta property=\"og:locale\" content=\"tr_TR\" \/>\n<meta property=\"og:type\" content=\"article\" \/>\n<meta property=\"og:title\" content=\"Staj\" \/>\n<meta property=\"og:description\" content=\"End\u00fcstriyel Tasar\u0131m B\u00f6l\u00fcm\u00fcnde iki adet zorunlu staj bulunmaktad\u0131r. \u00dcretim\/fabrika staj\u0131 (20 g\u00fcn) 2. s\u0131n\u0131ftan 3. s\u0131n\u0131fa ge\u00e7erken tamamlan\u0131r. Ofis staj\u0131 (20 g\u00fcn) 3. s\u0131n\u0131ftan 4. s\u0131n\u0131fa ge\u00e7erken tamamlan\u0131r. Stajlar\u0131n yar\u0131y\u0131l veya yaz tatiline rastlayan aylarda yap\u0131lmas\u0131 esast\u0131r. \u0130lgili program\u0131n veya i\u015fletme ko\u015fullar\u0131n\u0131n uygun olmamas\u0131 durumunda bu s\u00fcreler d\u0131\u015f\u0131nda ve e\u011fitim ve \u00f6\u011fretimi aksatmamak \u015fart\u0131yla staj [&hellip;]\" \/>\n<meta property=\"og:url\" content=\"http:\/\/ticaret.edu.tr\/endustriyel-tasarim\/staj\/\" \/>\n<meta property=\"og:site_name\" content=\"End\u00fcstriyel Tasar\u0131m\" \/>\n<meta property=\"article:publisher\" content=\"https:\/\/www.facebook.com\/ticaretedutr\" \/>\n<meta property=\"article:modified_time\" content=\"2025-10-20T16:31:10+00:00\" \/>\n<meta property=\"og:image\" content=\"http:\/\/ticaret.edu.tr\/endustriyel-tasarim\/wp-content\/uploads\/sites\/23\/2021\/11\/web_logo-01.jpg\" \/>\n\t<meta property=\"og:image:width\" content=\"1250\" \/>\n\t<meta property=\"og:image:height\" content=\"833\" \/>\n\t<meta property=\"og:image:type\" content=\"image\/jpeg\" \/>\n<meta name=\"twitter:card\" content=\"summary_large_image\" \/>\n<meta name=\"twitter:site\" content=\"@ticaretedutr\" \/>\n<meta name=\"twitter:label1\" content=\"Tahmini okuma s\u00fcresi\" \/>\n\t<meta name=\"twitter:data1\" content=\"1 dakika\" \/>\n<script type=\"application\/ld+json\" class=\"yoast-schema-graph\">{\"@context\":\"https:\/\/schema.org\",\"@graph\":[{\"@type\":\"WebPage\",\"@id\":\"http:\/\/ticaret.edu.tr\/endustriyel-tasarim\/staj\/\",\"url\":\"http:\/\/ticaret.edu.tr\/endustriyel-tasarim\/staj\/\",\"name\":\"Staj - End\u00fcstriyel Tasar\u0131m\",\"isPartOf\":{\"@id\":\"https:\/\/ticaret.edu.tr\/endustriyel-tasarim\/#website\"},\"datePublished\":\"2025-01-27T07:21:00+00:00\",\"dateModified\":\"2025-10-20T16:31:10+00:00\",\"breadcrumb\":{\"@id\":\"http:\/\/ticaret.edu.tr\/endustriyel-tasarim\/staj\/#breadcrumb\"},\"inLanguage\":\"tr\",\"potentialAction\":[{\"@type\":\"ReadAction\",\"target\":[\"http:\/\/ticaret.edu.tr\/endustriyel-tasarim\/staj\/\"]}]},{\"@type\":\"BreadcrumbList\",\"@id\":\"http:\/\/ticaret.edu.tr\/endustriyel-tasarim\/staj\/#breadcrumb\",\"itemListElement\":[{\"@type\":\"ListItem\",\"position\":1,\"name\":\"Ana sayfa\",\"item\":\"https:\/\/ticaret.edu.tr\/endustriyel-tasarim\/\"},{\"@type\":\"ListItem\",\"position\":2,\"name\":\"Staj\"}]},{\"@type\":\"WebSite\",\"@id\":\"https:\/\/ticaret.edu.tr\/endustriyel-tasarim\/#website\",\"url\":\"https:\/\/ticaret.edu.tr\/endustriyel-tasarim\/\",\"name\":\"End\u00fcstriyel Tasar\u0131m\",\"description\":\"\",\"potentialAction\":[{\"@type\":\"SearchAction\",\"target\":{\"@type\":\"EntryPoint\",\"urlTemplate\":\"https:\/\/ticaret.edu.tr\/endustriyel-tasarim\/?s={search_term_string}\"},\"query-input\":\"required name=search_term_string\"}],\"inLanguage\":\"tr\"}]}<\/script>\n<!-- \/ Yoast SEO Premium plugin. -->","yoast_head_json":{"title":"Staj - End\u00fcstriyel Tasar\u0131m","robots":{"index":"index","follow":"follow","max-snippet":"max-snippet:-1","max-image-preview":"max-image-preview:large","max-video-preview":"max-video-preview:-1"},"canonical":"http:\/\/ticaret.edu.tr\/endustriyel-tasarim\/staj\/","og_locale":"tr_TR","og_type":"article","og_title":"Staj","og_description":"End\u00fcstriyel Tasar\u0131m B\u00f6l\u00fcm\u00fcnde iki adet zorunlu staj bulunmaktad\u0131r. \u00dcretim\/fabrika staj\u0131 (20 g\u00fcn) 2. s\u0131n\u0131ftan 3. s\u0131n\u0131fa ge\u00e7erken tamamlan\u0131r. Ofis staj\u0131 (20 g\u00fcn) 3. s\u0131n\u0131ftan 4. s\u0131n\u0131fa ge\u00e7erken tamamlan\u0131r. Stajlar\u0131n yar\u0131y\u0131l veya yaz tatiline rastlayan aylarda yap\u0131lmas\u0131 esast\u0131r. \u0130lgili program\u0131n veya i\u015fletme ko\u015fullar\u0131n\u0131n uygun olmamas\u0131 durumunda bu s\u00fcreler d\u0131\u015f\u0131nda ve e\u011fitim ve \u00f6\u011fretimi aksatmamak \u015fart\u0131yla staj [&hellip;]","og_url":"http:\/\/ticaret.edu.tr\/endustriyel-tasarim\/staj\/","og_site_name":"End\u00fcstriyel Tasar\u0131m","article_publisher":"https:\/\/www.facebook.com\/ticaretedutr","article_modified_time":"2025-10-20T16:31:10+00:00","og_image":[{"width":1250,"height":833,"url":"http:\/\/ticaret.edu.tr\/endustriyel-tasarim\/wp-content\/uploads\/sites\/23\/2021\/11\/web_logo-01.jpg","type":"image\/jpeg"}],"twitter_card":"summary_large_image","twitter_site":"@ticaretedutr","twitter_misc":{"Tahmini okuma s\u00fcresi":"1 dakika"},"schema":{"@context":"https:\/\/schema.org","@graph":[{"@type":"WebPage","@id":"http:\/\/ticaret.edu.tr\/endustriyel-tasarim\/staj\/","url":"http:\/\/ticaret.edu.tr\/endustriyel-tasarim\/staj\/","name":"Staj - End\u00fcstriyel Tasar\u0131m","isPartOf":{"@id":"https:\/\/ticaret.edu.tr\/endustriyel-tasarim\/#website"},"datePublished":"2025-01-27T07:21:00+00:00","dateModified":"2025-10-20T16:31:10+00:00","breadcrumb":{"@id":"http:\/\/ticaret.edu.tr\/endustriyel-tasarim\/staj\/#breadcrumb"},"inLanguage":"tr","potentialAction":[{"@type":"ReadAction","target":["http:\/\/ticaret.edu.tr\/endustriyel-tasarim\/staj\/"]}]},{"@type":"BreadcrumbList","@id":"http:\/\/ticaret.edu.tr\/endustriyel-tasarim\/staj\/#breadcrumb","itemListElement":[{"@type":"ListItem","position":1,"name":"Ana sayfa","item":"https:\/\/ticaret.edu.tr\/endustriyel-tasarim\/"},{"@type":"ListItem","position":2,"name":"Staj"}]},{"@type":"WebSite","@id":"https:\/\/ticaret.edu.tr\/endustriyel-tasarim\/#website","url":"https:\/\/ticaret.edu.tr\/endustriyel-tasarim\/","name":"End\u00fcstriyel Tasar\u0131m","description":"","potentialAction":[{"@type":"SearchAction","target":{"@type":"EntryPoint","urlTemplate":"https:\/\/ticaret.edu.tr\/endustriyel-tasarim\/?s={search_term_string}"},"query-input":"required name=search_term_string"}],"inLanguage":"tr"}]}},"lang":"tr","translations":{"en":999,"tr":997},"pll_sync_post":[],"_links":{"self":[{"href":"http:\/\/ticaret.edu.tr\/endustriyel-tasarim\/wp-json\/wp\/v2\/pages\/997"}],"collection":[{"href":"http:\/\/ticaret.edu.tr\/endustriyel-tasarim\/wp-json\/wp\/v2\/pages"}],"about":[{"href":"http:\/\/ticaret.edu.tr\/endustriyel-tasarim\/wp-json\/wp\/v2\/types\/page"}],"author":[{"embeddable":true,"href":"http:\/\/ticaret.edu.tr\/endustriyel-tasarim\/wp-json\/wp\/v2\/users\/139"}],"replies":[{"embeddable":true,"href":"http:\/\/ticaret.edu.tr\/endustriyel-tasarim\/wp-json\/wp\/v2\/comments?post=997"}],"version-history":[{"count":2,"href":"http:\/\/ticaret.edu.tr\/endustriyel-tasarim\/wp-json\/wp\/v2\/pages\/997\/revisions"}],"predecessor-version":[{"id":1399,"href":"http:\/\/ticaret.edu.tr\/endustriyel-tasarim\/wp-json\/wp\/v2\/pages\/997\/revisions\/1399"}],"wp:attachment":[{"href":"http:\/\/ticaret.edu.tr\/endustriyel-tasarim\/wp-json\/wp\/v2\/media?parent=997"}],"curies":[{"name":"wp","href":"https:\/\/api.w.org\/{rel}","templated":true}]}}