{"id":152,"date":"2021-11-01T09:28:57","date_gmt":"2021-11-01T06:28:57","guid":{"rendered":"https:\/\/ticaret.edu.tr\/fmrhuam\/?page_id=152"},"modified":"2025-02-26T15:43:05","modified_gmt":"2025-02-26T12:43:05","slug":"fmrh-merkezi","status":"publish","type":"page","link":"http:\/\/ticaret.edu.tr\/fikri-mulkiyet-ve-rekabet-hukuku-uygulama-ve-arastirma-merkezi\/fmrh-merkezi\/","title":{"rendered":"FMRH Merkezi"},"content":{"rendered":"<h3>Ama\u00e7lar\u0131m\u0131z<\/h3>\n<p>FMRH Merkezi\u2019nin ba\u015fl\u0131ca ama\u00e7lar\u0131 \u015funlard\u0131r:<\/p>\n<ul>\n<li>Disiplinler aras\u0131 bir yakla\u015f\u0131mla, ulusal ve uluslararas\u0131 hukuk alan\u0131nda, bilimsel y\u00f6ntemlerle fikri m\u00fclkiyet ve rekabet hukukuna ili\u015fkin sorunlar\u0131 tespit etmek, bu sorunlara ili\u015fkin \u00e7\u00f6z\u00fcm \u00f6nerilerini tart\u0131\u015fmak ve sonu\u00e7lar\u0131n\u0131 kamuoyu ile payla\u015fmak,<\/li>\n<li>T\u00fcrkiye\u2019nin Avrupa Birli\u011fi ile fikri m\u00fclkiyet ve rekabet hukuku alan\u0131nda mevzuat uyumunu sa\u011flamak ve i\u015fbirli\u011fini geli\u015ftirmek,<\/li>\n<li>Fikri m\u00fclkiyet alan\u0131nda; \u00f6zellikle marka, patent ve faydal\u0131 model, end\u00fcstriyel tasar\u0131m, co\u011frafi i\u015faretler gibi fikr\u00ee haklar\u0131n uygulanmas\u0131n\u0131 yayg\u0131nla\u015ft\u0131rmak ve geli\u015ftirmek, toplumun ilgili kesimlerini bu konuda bilin\u00e7lendirmek,<\/li>\n<li>Rekabet hukuku alan\u0131nda; mal ve hizmet piyasalar\u0131ndaki rekabeti engelleyici, bozucu, k\u0131s\u0131tlay\u0131c\u0131 uygulamalar ile hakim durumun k\u00f6t\u00fcye kullan\u0131m\u0131na, rekabeti \u00f6nemli \u00f6l\u00e7\u00fcde azaltacak birle\u015fme ve devralma niteli\u011findeki her t\u00fcrl\u00fc hukuki i\u015flem ve davran\u0131\u015flara ili\u015fkin olarak toplumun ilgili kesimlerini \u00f6nemi ve korunmas\u0131 konusunda bilin\u00e7lendirmek.<\/li>\n<\/ul>\n","protected":false},"excerpt":{"rendered":"<p>Ama\u00e7lar\u0131m\u0131z FMRH Merkezi\u2019nin ba\u015fl\u0131ca ama\u00e7lar\u0131 \u015funlard\u0131r: Disiplinler aras\u0131 bir yakla\u015f\u0131mla, ulusal ve uluslararas\u0131 hukuk alan\u0131nda, bilimsel y\u00f6ntemlerle fikri m\u00fclkiyet ve rekabet hukukuna ili\u015fkin sorunlar\u0131 tespit etmek, bu sorunlara ili\u015fkin \u00e7\u00f6z\u00fcm \u00f6nerilerini tart\u0131\u015fmak ve sonu\u00e7lar\u0131n\u0131 kamuoyu ile payla\u015fmak, T\u00fcrkiye\u2019nin Avrupa Birli\u011fi ile fikri m\u00fclkiyet ve rekabet hukuku alan\u0131nda mevzuat uyumunu sa\u011flamak ve i\u015fbirli\u011fini geli\u015ftirmek, Fikri m\u00fclkiyet [&hellip;]<\/p>\n","protected":false},"author":149,"featured_media":0,"parent":0,"menu_order":0,"comment_status":"closed","ping_status":"closed","template":"genel_sayfa.php","meta":{"footnotes":""},"yoast_head":"<!-- This site is optimized with the Yoast SEO Premium plugin v22.1 (Yoast SEO v22.1) - https:\/\/yoast.com\/wordpress\/plugins\/seo\/ -->\n<title>FMRH Merkezi - Fikri M\u00fclkiyet ve Rekabet Hukuku Uygulama ve Ara\u015ft\u0131rma Merkezi<\/title>\n<meta name=\"robots\" content=\"index, follow, max-snippet:-1, max-image-preview:large, max-video-preview:-1\" \/>\n<link rel=\"canonical\" href=\"http:\/\/ticaret.edu.tr\/fikri-mulkiyet-ve-rekabet-hukuku-uygulama-ve-arastirma-merkezi\/fmrh-merkezi\/\" \/>\n<meta property=\"og:locale\" content=\"tr_TR\" \/>\n<meta property=\"og:type\" content=\"article\" \/>\n<meta property=\"og:title\" content=\"FMRH Merkezi\" \/>\n<meta property=\"og:description\" content=\"Ama\u00e7lar\u0131m\u0131z FMRH Merkezi\u2019nin ba\u015fl\u0131ca ama\u00e7lar\u0131 \u015funlard\u0131r: Disiplinler aras\u0131 bir yakla\u015f\u0131mla, ulusal ve uluslararas\u0131 hukuk alan\u0131nda, bilimsel y\u00f6ntemlerle fikri m\u00fclkiyet ve rekabet hukukuna ili\u015fkin sorunlar\u0131 tespit etmek, bu sorunlara ili\u015fkin \u00e7\u00f6z\u00fcm \u00f6nerilerini tart\u0131\u015fmak ve sonu\u00e7lar\u0131n\u0131 kamuoyu ile payla\u015fmak, T\u00fcrkiye\u2019nin Avrupa Birli\u011fi ile fikri m\u00fclkiyet ve rekabet hukuku alan\u0131nda mevzuat uyumunu sa\u011flamak ve i\u015fbirli\u011fini geli\u015ftirmek, Fikri m\u00fclkiyet [&hellip;]\" \/>\n<meta property=\"og:url\" content=\"http:\/\/ticaret.edu.tr\/fikri-mulkiyet-ve-rekabet-hukuku-uygulama-ve-arastirma-merkezi\/fmrh-merkezi\/\" \/>\n<meta property=\"og:site_name\" content=\"Fikri M\u00fclkiyet ve Rekabet Hukuku Uygulama ve Ara\u015ft\u0131rma Merkezi\" \/>\n<meta property=\"article:publisher\" content=\"https:\/\/www.facebook.com\/ticaretedutr\" \/>\n<meta property=\"article:modified_time\" content=\"2025-02-26T12:43:05+00:00\" \/>\n<meta property=\"og:image\" content=\"http:\/\/ticaret.edu.tr\/fikri-mulkiyet-ve-rekabet-hukuku-uygulama-ve-arastirma-merkezi\/wp-content\/uploads\/sites\/55\/2021\/11\/web_logo-01.jpg\" \/>\n\t<meta property=\"og:image:width\" content=\"1250\" \/>\n\t<meta property=\"og:image:height\" content=\"833\" \/>\n\t<meta property=\"og:image:type\" content=\"image\/jpeg\" \/>\n<meta name=\"twitter:card\" content=\"summary_large_image\" \/>\n<meta name=\"twitter:site\" content=\"@ticaretedutr\" \/>\n<meta name=\"twitter:label1\" content=\"Tahmini okuma s\u00fcresi\" \/>\n\t<meta name=\"twitter:data1\" content=\"1 dakika\" \/>\n<script type=\"application\/ld+json\" class=\"yoast-schema-graph\">{\"@context\":\"https:\/\/schema.org\",\"@graph\":[{\"@type\":\"WebPage\",\"@id\":\"http:\/\/ticaret.edu.tr\/fikri-mulkiyet-ve-rekabet-hukuku-uygulama-ve-arastirma-merkezi\/fmrh-merkezi\/\",\"url\":\"http:\/\/ticaret.edu.tr\/fikri-mulkiyet-ve-rekabet-hukuku-uygulama-ve-arastirma-merkezi\/fmrh-merkezi\/\",\"name\":\"FMRH Merkezi - Fikri M\u00fclkiyet ve Rekabet Hukuku Uygulama ve Ara\u015ft\u0131rma Merkezi\",\"isPartOf\":{\"@id\":\"https:\/\/ticaret.edu.tr\/fikri-mulkiyet-ve-rekabet-hukuku-uygulama-ve-arastirma-merkezi\/#website\"},\"datePublished\":\"2021-11-01T06:28:57+00:00\",\"dateModified\":\"2025-02-26T12:43:05+00:00\",\"breadcrumb\":{\"@id\":\"http:\/\/ticaret.edu.tr\/fikri-mulkiyet-ve-rekabet-hukuku-uygulama-ve-arastirma-merkezi\/fmrh-merkezi\/#breadcrumb\"},\"inLanguage\":\"tr\",\"potentialAction\":[{\"@type\":\"ReadAction\",\"target\":[\"http:\/\/ticaret.edu.tr\/fikri-mulkiyet-ve-rekabet-hukuku-uygulama-ve-arastirma-merkezi\/fmrh-merkezi\/\"]}]},{\"@type\":\"BreadcrumbList\",\"@id\":\"http:\/\/ticaret.edu.tr\/fikri-mulkiyet-ve-rekabet-hukuku-uygulama-ve-arastirma-merkezi\/fmrh-merkezi\/#breadcrumb\",\"itemListElement\":[{\"@type\":\"ListItem\",\"position\":1,\"name\":\"Ana sayfa\",\"item\":\"https:\/\/ticaret.edu.tr\/fikri-mulkiyet-ve-rekabet-hukuku-uygulama-ve-arastirma-merkezi\/\"},{\"@type\":\"ListItem\",\"position\":2,\"name\":\"FMRH Merkezi\"}]},{\"@type\":\"WebSite\",\"@id\":\"https:\/\/ticaret.edu.tr\/fikri-mulkiyet-ve-rekabet-hukuku-uygulama-ve-arastirma-merkezi\/#website\",\"url\":\"https:\/\/ticaret.edu.tr\/fikri-mulkiyet-ve-rekabet-hukuku-uygulama-ve-arastirma-merkezi\/\",\"name\":\"Fikri M\u00fclkiyet ve Rekabet Hukuku Uygulama ve Ara\u015ft\u0131rma Merkezi\",\"description\":\"Bir ba\u015fka \u0130stanbul Ticaret \u00dcniversitesi site sitesi\",\"potentialAction\":[{\"@type\":\"SearchAction\",\"target\":{\"@type\":\"EntryPoint\",\"urlTemplate\":\"https:\/\/ticaret.edu.tr\/fikri-mulkiyet-ve-rekabet-hukuku-uygulama-ve-arastirma-merkezi\/?s={search_term_string}\"},\"query-input\":\"required name=search_term_string\"}],\"inLanguage\":\"tr\"}]}<\/script>\n<!-- \/ Yoast SEO Premium plugin. -->","yoast_head_json":{"title":"FMRH Merkezi - Fikri M\u00fclkiyet ve Rekabet Hukuku Uygulama ve Ara\u015ft\u0131rma Merkezi","robots":{"index":"index","follow":"follow","max-snippet":"max-snippet:-1","max-image-preview":"max-image-preview:large","max-video-preview":"max-video-preview:-1"},"canonical":"http:\/\/ticaret.edu.tr\/fikri-mulkiyet-ve-rekabet-hukuku-uygulama-ve-arastirma-merkezi\/fmrh-merkezi\/","og_locale":"tr_TR","og_type":"article","og_title":"FMRH Merkezi","og_description":"Ama\u00e7lar\u0131m\u0131z FMRH Merkezi\u2019nin ba\u015fl\u0131ca ama\u00e7lar\u0131 \u015funlard\u0131r: Disiplinler aras\u0131 bir yakla\u015f\u0131mla, ulusal ve uluslararas\u0131 hukuk alan\u0131nda, bilimsel y\u00f6ntemlerle fikri m\u00fclkiyet ve rekabet hukukuna ili\u015fkin sorunlar\u0131 tespit etmek, bu sorunlara ili\u015fkin \u00e7\u00f6z\u00fcm \u00f6nerilerini tart\u0131\u015fmak ve sonu\u00e7lar\u0131n\u0131 kamuoyu ile payla\u015fmak, T\u00fcrkiye\u2019nin Avrupa Birli\u011fi ile fikri m\u00fclkiyet ve rekabet hukuku alan\u0131nda mevzuat uyumunu sa\u011flamak ve i\u015fbirli\u011fini geli\u015ftirmek, Fikri m\u00fclkiyet [&hellip;]","og_url":"http:\/\/ticaret.edu.tr\/fikri-mulkiyet-ve-rekabet-hukuku-uygulama-ve-arastirma-merkezi\/fmrh-merkezi\/","og_site_name":"Fikri M\u00fclkiyet ve Rekabet Hukuku Uygulama ve Ara\u015ft\u0131rma Merkezi","article_publisher":"https:\/\/www.facebook.com\/ticaretedutr","article_modified_time":"2025-02-26T12:43:05+00:00","og_image":[{"width":1250,"height":833,"url":"http:\/\/ticaret.edu.tr\/fikri-mulkiyet-ve-rekabet-hukuku-uygulama-ve-arastirma-merkezi\/wp-content\/uploads\/sites\/55\/2021\/11\/web_logo-01.jpg","type":"image\/jpeg"}],"twitter_card":"summary_large_image","twitter_site":"@ticaretedutr","twitter_misc":{"Tahmini okuma s\u00fcresi":"1 dakika"},"schema":{"@context":"https:\/\/schema.org","@graph":[{"@type":"WebPage","@id":"http:\/\/ticaret.edu.tr\/fikri-mulkiyet-ve-rekabet-hukuku-uygulama-ve-arastirma-merkezi\/fmrh-merkezi\/","url":"http:\/\/ticaret.edu.tr\/fikri-mulkiyet-ve-rekabet-hukuku-uygulama-ve-arastirma-merkezi\/fmrh-merkezi\/","name":"FMRH Merkezi - Fikri M\u00fclkiyet ve Rekabet Hukuku Uygulama ve Ara\u015ft\u0131rma Merkezi","isPartOf":{"@id":"https:\/\/ticaret.edu.tr\/fikri-mulkiyet-ve-rekabet-hukuku-uygulama-ve-arastirma-merkezi\/#website"},"datePublished":"2021-11-01T06:28:57+00:00","dateModified":"2025-02-26T12:43:05+00:00","breadcrumb":{"@id":"http:\/\/ticaret.edu.tr\/fikri-mulkiyet-ve-rekabet-hukuku-uygulama-ve-arastirma-merkezi\/fmrh-merkezi\/#breadcrumb"},"inLanguage":"tr","potentialAction":[{"@type":"ReadAction","target":["http:\/\/ticaret.edu.tr\/fikri-mulkiyet-ve-rekabet-hukuku-uygulama-ve-arastirma-merkezi\/fmrh-merkezi\/"]}]},{"@type":"BreadcrumbList","@id":"http:\/\/ticaret.edu.tr\/fikri-mulkiyet-ve-rekabet-hukuku-uygulama-ve-arastirma-merkezi\/fmrh-merkezi\/#breadcrumb","itemListElement":[{"@type":"ListItem","position":1,"name":"Ana sayfa","item":"https:\/\/ticaret.edu.tr\/fikri-mulkiyet-ve-rekabet-hukuku-uygulama-ve-arastirma-merkezi\/"},{"@type":"ListItem","position":2,"name":"FMRH Merkezi"}]},{"@type":"WebSite","@id":"https:\/\/ticaret.edu.tr\/fikri-mulkiyet-ve-rekabet-hukuku-uygulama-ve-arastirma-merkezi\/#website","url":"https:\/\/ticaret.edu.tr\/fikri-mulkiyet-ve-rekabet-hukuku-uygulama-ve-arastirma-merkezi\/","name":"Fikri M\u00fclkiyet ve Rekabet Hukuku Uygulama ve Ara\u015ft\u0131rma Merkezi","description":"Bir ba\u015fka \u0130stanbul Ticaret \u00dcniversitesi site sitesi","potentialAction":[{"@type":"SearchAction","target":{"@type":"EntryPoint","urlTemplate":"https:\/\/ticaret.edu.tr\/fikri-mulkiyet-ve-rekabet-hukuku-uygulama-ve-arastirma-merkezi\/?s={search_term_string}"},"query-input":"required name=search_term_string"}],"inLanguage":"tr"}]}},"lang":"tr","translations":{"en":314,"tr":152},"pll_sync_post":[],"_links":{"self":[{"href":"http:\/\/ticaret.edu.tr\/fikri-mulkiyet-ve-rekabet-hukuku-uygulama-ve-arastirma-merkezi\/wp-json\/wp\/v2\/pages\/152"}],"collection":[{"href":"http:\/\/ticaret.edu.tr\/fikri-mulkiyet-ve-rekabet-hukuku-uygulama-ve-arastirma-merkezi\/wp-json\/wp\/v2\/pages"}],"about":[{"href":"http:\/\/ticaret.edu.tr\/fikri-mulkiyet-ve-rekabet-hukuku-uygulama-ve-arastirma-merkezi\/wp-json\/wp\/v2\/types\/page"}],"author":[{"embeddable":true,"href":"http:\/\/ticaret.edu.tr\/fikri-mulkiyet-ve-rekabet-hukuku-uygulama-ve-arastirma-merkezi\/wp-json\/wp\/v2\/users\/149"}],"replies":[{"embeddable":true,"href":"http:\/\/ticaret.edu.tr\/fikri-mulkiyet-ve-rekabet-hukuku-uygulama-ve-arastirma-merkezi\/wp-json\/wp\/v2\/comments?post=152"}],"version-history":[{"count":3,"href":"http:\/\/ticaret.edu.tr\/fikri-mulkiyet-ve-rekabet-hukuku-uygulama-ve-arastirma-merkezi\/wp-json\/wp\/v2\/pages\/152\/revisions"}],"predecessor-version":[{"id":226,"href":"http:\/\/ticaret.edu.tr\/fikri-mulkiyet-ve-rekabet-hukuku-uygulama-ve-arastirma-merkezi\/wp-json\/wp\/v2\/pages\/152\/revisions\/226"}],"wp:attachment":[{"href":"http:\/\/ticaret.edu.tr\/fikri-mulkiyet-ve-rekabet-hukuku-uygulama-ve-arastirma-merkezi\/wp-json\/wp\/v2\/media?parent=152"}],"curies":[{"name":"wp","href":"https:\/\/api.w.org\/{rel}","templated":true}]}}