{"id":25,"date":"2021-01-15T22:24:41","date_gmt":"2021-01-15T19:24:41","guid":{"rendered":"http:\/\/ticaret.edu.tr\/fmrhuam\/?page_id=25"},"modified":"2025-02-26T15:43:04","modified_gmt":"2025-02-26T12:43:04","slug":"egitim-programlari","status":"publish","type":"page","link":"http:\/\/ticaret.edu.tr\/fikri-mulkiyet-ve-rekabet-hukuku-uygulama-ve-arastirma-merkezi\/egitim-programlari\/","title":{"rendered":"E\u011fitim Programlar\u0131"},"content":{"rendered":"<h5 id=\"category_baslik\">Sertifikal\u0131 Rekabet Hukuku ve Uygulamalar\u0131 E\u011fitim Program\u0131<\/h5>\n<p>Hukuk ve hukuk d\u0131\u015f\u0131 disiplinlerden t\u00fcm kat\u0131l\u0131mc\u0131lara a\u00e7\u0131k olan bu e\u011fitimde, kat\u0131l\u0131mc\u0131lara rekabet hukukunu temelden ba\u015flayarak uygulamalar\u0131 ile birlikte ayr\u0131nt\u0131l\u0131 bir bi\u00e7imde aktarmakt\u0131r. E\u011fitimin sonunda kat\u0131l\u0131mc\u0131lar, i\u015f hayat\u0131nda kar\u015f\u0131la\u015f\u0131lan \u00e7ok farkl\u0131 durumlar\u0131 ve sorunlar\u0131 rekabet hukuku perspektifinden de\u011ferlendirebilecek teorik ve pratik bilgiye sahip olabilmeleri ama\u00e7lanm\u0131\u015ft\u0131r.<\/p>\n<p><img loading=\"lazy\" decoding=\"async\" class=\"alignnone wp-image-385 size-full\" src=\"http:\/\/ticaret.edu.tr\/fikri-mulkiyet-ve-rekabet-hukuku-uygulama-ve-arastirma-merkezi\/wp-content\/uploads\/sites\/55\/2022\/05\/Sertifikali-Rekabet-Hukuku-ve-Uygulamalari-Egitim-Programi_360x240.jpg\" alt=\"\" width=\"360\" height=\"240\" srcset=\"http:\/\/ticaret.edu.tr\/fikri-mulkiyet-ve-rekabet-hukuku-uygulama-ve-arastirma-merkezi\/wp-content\/uploads\/sites\/55\/2022\/05\/Sertifikali-Rekabet-Hukuku-ve-Uygulamalari-Egitim-Programi_360x240.jpg 360w, http:\/\/ticaret.edu.tr\/fikri-mulkiyet-ve-rekabet-hukuku-uygulama-ve-arastirma-merkezi\/wp-content\/uploads\/sites\/55\/2022\/05\/Sertifikali-Rekabet-Hukuku-ve-Uygulamalari-Egitim-Programi_360x240-300x200.jpg 300w\" sizes=\"(max-width: 360px) 100vw, 360px\" \/><\/p>\n<p>22 Ocak 2002 tarihinde ba\u015flayan 14 Oturumdan online olarak 27 saatlik bir e\u011fitim s\u00fcresinde Sertifikal\u0131 Rekabet Hukuku ve Uygulamalar\u0131 E\u011fitim Program\u0131m\u0131z sona ermi\u015f bulunmaktad\u0131r. Kat\u0131l\u0131mc\u0131lardan b\u00fcy\u00fck bir ilgi g\u00f6ren program\u0131n sonunda ba\u015far\u0131l\u0131 olan kat\u0131l\u0131mc\u0131lara sertifikalar\u0131 da\u011f\u0131t\u0131lm\u0131\u015ft\u0131r.<\/p>\n<p><a href=\"https:\/\/sem.ticaret.edu.tr\/courses\/sertifikali-rekabet-hukuku-ve-uygulamalari-egitim-programi\/#1639132320527-15789c9d-bea0\">Sertifikal\u0131 Rekabet Hukuku ve Uygulamalar\u0131 E\u011fitim Program\u0131 \u2013 \u0130stanbul Ticaret \u00dcniversitesi S\u00fcrekli E\u011fitim Merkezi -SEM<\/a><\/p>\n<h4><\/h4>\n<h4>Sertifikal\u0131 Rekabet Hukuku ve Uygulamalar\u0131 E\u011fitim Program\u0131<\/h4>\n<p>10 hafta boyunca s\u00fcren 33 saatlik Sertifikal\u0131 Rekabet Hukuku ve Uygulamalar\u0131 E\u011fitim Program\u0131m\u0131z sona ermi\u015f bulunmaktad\u0131r. Kat\u0131l\u0131mc\u0131lardan b\u00fcy\u00fck bir ilgi g\u00f6ren program\u0131n sonunda ba\u015far\u0131l\u0131 olan kat\u0131l\u0131mc\u0131lara sertifikalar\u0131 da\u011f\u0131t\u0131lm\u0131\u015ft\u0131r.<\/p>\n<h3>Sertifikal\u0131 Rekabet Hukuku ve Uygulamalar\u0131 E\u011fitim Program\u0131<\/h3>\n<p>Uygulama alan\u0131 g\u00fcn\u00fcm\u00fczde gittik\u00e7e artan rekabet hukuku ve uygulamas\u0131n\u0131 \u00f6\u011frenmek, \u015firketlerin hukuk y\u00f6neticileri, uyum y\u00f6neticileri, avukatlar, stajyer avukatlar ve \u00f6\u011frencilerin kariyerlerine katk\u0131 sa\u011flayacakt\u0131r. Rekabet kurallar\u0131, hukuk ve uyum y\u00f6neticilerinin yan\u0131s\u0131ra, hukuk d\u0131\u015f\u0131 disiplinlerde e\u011fitim alm\u0131\u015f olan \u00e7al\u0131\u015fma hayat\u0131ndaki profesyoneller ve y\u00f6neticilerin belirli \u00f6l\u00e7\u00fclerde bilmeleri gereken kurallard\u0131r.<\/p>\n<p><a href=\"http:\/\/ticaret.edu.tr\/fmrhuam\/wp-content\/uploads\/sites\/55\/2021\/10\/SERTI%CC%87FI%CC%87KALI-REKABET-HUKUKU-VE-UYGULAMALARI-EG%CC%86I%CC%87TI%CC%87M-PROGRAMI_tanitim_03.03.2021-1.pdf\">SERTI\u0307FI\u0307KALI-REKABET-HUKUKU-VE-UYGULAMALARI-EG\u0306I\u0307TI\u0307M-PROGRAMI_tan\u0131t\u0131m_03.03.2021 (1)<\/a><\/p>\n<p><img loading=\"lazy\" decoding=\"async\" class=\"alignnone wp-image-130 size-full\" src=\"http:\/\/ticaret.edu.tr\/fmrhuam\/wp-content\/uploads\/sites\/55\/2021\/10\/FMRH_image0-1024x379-1.jpeg\" alt=\"\" width=\"1024\" height=\"379\" srcset=\"http:\/\/ticaret.edu.tr\/fikri-mulkiyet-ve-rekabet-hukuku-uygulama-ve-arastirma-merkezi\/wp-content\/uploads\/sites\/55\/2021\/10\/FMRH_image0-1024x379-1.jpeg 1024w, http:\/\/ticaret.edu.tr\/fikri-mulkiyet-ve-rekabet-hukuku-uygulama-ve-arastirma-merkezi\/wp-content\/uploads\/sites\/55\/2021\/10\/FMRH_image0-1024x379-1-300x111.jpeg 300w, http:\/\/ticaret.edu.tr\/fikri-mulkiyet-ve-rekabet-hukuku-uygulama-ve-arastirma-merkezi\/wp-content\/uploads\/sites\/55\/2021\/10\/FMRH_image0-1024x379-1-768x284.jpeg 768w\" sizes=\"(max-width: 1024px) 100vw, 1024px\" \/><\/p>\n<p>&nbsp;<\/p>\n<p><img loading=\"lazy\" decoding=\"async\" class=\"alignnone wp-image-221 size-full\" src=\"http:\/\/ticaret.edu.tr\/fmrhuam\/wp-content\/uploads\/sites\/55\/2021\/11\/FMRH-Egitim.jpeg\" alt=\"\" width=\"724\" height=\"1024\" srcset=\"http:\/\/ticaret.edu.tr\/fikri-mulkiyet-ve-rekabet-hukuku-uygulama-ve-arastirma-merkezi\/wp-content\/uploads\/sites\/55\/2021\/11\/FMRH-Egitim.jpeg 724w, http:\/\/ticaret.edu.tr\/fikri-mulkiyet-ve-rekabet-hukuku-uygulama-ve-arastirma-merkezi\/wp-content\/uploads\/sites\/55\/2021\/11\/FMRH-Egitim-212x300.jpeg 212w\" sizes=\"(max-width: 724px) 100vw, 724px\" \/><\/p>\n","protected":false},"excerpt":{"rendered":"<p>Sertifikal\u0131 Rekabet Hukuku ve Uygulamalar\u0131 E\u011fitim Program\u0131 Hukuk ve hukuk d\u0131\u015f\u0131 disiplinlerden t\u00fcm kat\u0131l\u0131mc\u0131lara a\u00e7\u0131k olan bu e\u011fitimde, kat\u0131l\u0131mc\u0131lara rekabet hukukunu temelden ba\u015flayarak uygulamalar\u0131 ile birlikte ayr\u0131nt\u0131l\u0131 bir bi\u00e7imde aktarmakt\u0131r. E\u011fitimin sonunda kat\u0131l\u0131mc\u0131lar, i\u015f hayat\u0131nda kar\u015f\u0131la\u015f\u0131lan \u00e7ok farkl\u0131 durumlar\u0131 ve sorunlar\u0131 rekabet hukuku perspektifinden de\u011ferlendirebilecek teorik ve pratik bilgiye sahip olabilmeleri ama\u00e7lanm\u0131\u015ft\u0131r. 22 Ocak 2002 [&hellip;]<\/p>\n","protected":false},"author":101,"featured_media":0,"parent":0,"menu_order":0,"comment_status":"closed","ping_status":"closed","template":"genel_sayfa.php","meta":{"footnotes":""},"yoast_head":"<!-- This site is optimized with the Yoast SEO Premium plugin v22.1 (Yoast SEO v22.1) - https:\/\/yoast.com\/wordpress\/plugins\/seo\/ -->\n<title>E\u011fitim Programlar\u0131 - Fikri M\u00fclkiyet ve Rekabet Hukuku Uygulama ve Ara\u015ft\u0131rma Merkezi<\/title>\n<meta name=\"robots\" content=\"index, follow, max-snippet:-1, max-image-preview:large, max-video-preview:-1\" \/>\n<link rel=\"canonical\" href=\"http:\/\/ticaret.edu.tr\/fikri-mulkiyet-ve-rekabet-hukuku-uygulama-ve-arastirma-merkezi\/egitim-programlari\/\" \/>\n<meta property=\"og:locale\" content=\"tr_TR\" \/>\n<meta property=\"og:type\" content=\"article\" \/>\n<meta property=\"og:title\" content=\"E\u011fitim Programlar\u0131\" \/>\n<meta property=\"og:description\" content=\"Sertifikal\u0131 Rekabet Hukuku ve Uygulamalar\u0131 E\u011fitim Program\u0131 Hukuk ve hukuk d\u0131\u015f\u0131 disiplinlerden t\u00fcm kat\u0131l\u0131mc\u0131lara a\u00e7\u0131k olan bu e\u011fitimde, kat\u0131l\u0131mc\u0131lara rekabet hukukunu temelden ba\u015flayarak uygulamalar\u0131 ile birlikte ayr\u0131nt\u0131l\u0131 bir bi\u00e7imde aktarmakt\u0131r. E\u011fitimin sonunda kat\u0131l\u0131mc\u0131lar, i\u015f hayat\u0131nda kar\u015f\u0131la\u015f\u0131lan \u00e7ok farkl\u0131 durumlar\u0131 ve sorunlar\u0131 rekabet hukuku perspektifinden de\u011ferlendirebilecek teorik ve pratik bilgiye sahip olabilmeleri ama\u00e7lanm\u0131\u015ft\u0131r. 22 Ocak 2002 [&hellip;]\" \/>\n<meta property=\"og:url\" content=\"http:\/\/ticaret.edu.tr\/fikri-mulkiyet-ve-rekabet-hukuku-uygulama-ve-arastirma-merkezi\/egitim-programlari\/\" \/>\n<meta property=\"og:site_name\" content=\"Fikri M\u00fclkiyet ve Rekabet Hukuku Uygulama ve Ara\u015ft\u0131rma Merkezi\" \/>\n<meta property=\"article:publisher\" content=\"https:\/\/www.facebook.com\/ticaretedutr\" \/>\n<meta property=\"article:modified_time\" content=\"2025-02-26T12:43:04+00:00\" \/>\n<meta property=\"og:image\" content=\"http:\/\/ticaret.edu.tr\/fikri-mulkiyet-ve-rekabet-hukuku-uygulama-ve-arastirma-merkezi\/wp-content\/uploads\/sites\/55\/2022\/05\/Sertifikali-Rekabet-Hukuku-ve-Uygulamalari-Egitim-Programi_360x240.jpg\" \/>\n<meta name=\"twitter:card\" content=\"summary_large_image\" \/>\n<meta name=\"twitter:site\" content=\"@ticaretedutr\" \/>\n<meta name=\"twitter:label1\" content=\"Tahmini okuma s\u00fcresi\" \/>\n\t<meta name=\"twitter:data1\" content=\"1 dakika\" \/>\n<script type=\"application\/ld+json\" class=\"yoast-schema-graph\">{\"@context\":\"https:\/\/schema.org\",\"@graph\":[{\"@type\":\"WebPage\",\"@id\":\"http:\/\/ticaret.edu.tr\/fikri-mulkiyet-ve-rekabet-hukuku-uygulama-ve-arastirma-merkezi\/egitim-programlari\/\",\"url\":\"http:\/\/ticaret.edu.tr\/fikri-mulkiyet-ve-rekabet-hukuku-uygulama-ve-arastirma-merkezi\/egitim-programlari\/\",\"name\":\"E\u011fitim Programlar\u0131 - Fikri M\u00fclkiyet ve Rekabet Hukuku Uygulama ve Ara\u015ft\u0131rma Merkezi\",\"isPartOf\":{\"@id\":\"https:\/\/ticaret.edu.tr\/fikri-mulkiyet-ve-rekabet-hukuku-uygulama-ve-arastirma-merkezi\/#website\"},\"datePublished\":\"2021-01-15T19:24:41+00:00\",\"dateModified\":\"2025-02-26T12:43:04+00:00\",\"breadcrumb\":{\"@id\":\"http:\/\/ticaret.edu.tr\/fikri-mulkiyet-ve-rekabet-hukuku-uygulama-ve-arastirma-merkezi\/egitim-programlari\/#breadcrumb\"},\"inLanguage\":\"tr\",\"potentialAction\":[{\"@type\":\"ReadAction\",\"target\":[\"http:\/\/ticaret.edu.tr\/fikri-mulkiyet-ve-rekabet-hukuku-uygulama-ve-arastirma-merkezi\/egitim-programlari\/\"]}]},{\"@type\":\"BreadcrumbList\",\"@id\":\"http:\/\/ticaret.edu.tr\/fikri-mulkiyet-ve-rekabet-hukuku-uygulama-ve-arastirma-merkezi\/egitim-programlari\/#breadcrumb\",\"itemListElement\":[{\"@type\":\"ListItem\",\"position\":1,\"name\":\"Ana sayfa\",\"item\":\"https:\/\/ticaret.edu.tr\/fikri-mulkiyet-ve-rekabet-hukuku-uygulama-ve-arastirma-merkezi\/\"},{\"@type\":\"ListItem\",\"position\":2,\"name\":\"E\u011fitim Programlar\u0131\"}]},{\"@type\":\"WebSite\",\"@id\":\"https:\/\/ticaret.edu.tr\/fikri-mulkiyet-ve-rekabet-hukuku-uygulama-ve-arastirma-merkezi\/#website\",\"url\":\"https:\/\/ticaret.edu.tr\/fikri-mulkiyet-ve-rekabet-hukuku-uygulama-ve-arastirma-merkezi\/\",\"name\":\"Fikri M\u00fclkiyet ve Rekabet Hukuku Uygulama ve Ara\u015ft\u0131rma Merkezi\",\"description\":\"Bir ba\u015fka \u0130stanbul Ticaret \u00dcniversitesi site sitesi\",\"potentialAction\":[{\"@type\":\"SearchAction\",\"target\":{\"@type\":\"EntryPoint\",\"urlTemplate\":\"https:\/\/ticaret.edu.tr\/fikri-mulkiyet-ve-rekabet-hukuku-uygulama-ve-arastirma-merkezi\/?s={search_term_string}\"},\"query-input\":\"required name=search_term_string\"}],\"inLanguage\":\"tr\"}]}<\/script>\n<!-- \/ Yoast SEO Premium plugin. -->","yoast_head_json":{"title":"E\u011fitim Programlar\u0131 - Fikri M\u00fclkiyet ve Rekabet Hukuku Uygulama ve Ara\u015ft\u0131rma Merkezi","robots":{"index":"index","follow":"follow","max-snippet":"max-snippet:-1","max-image-preview":"max-image-preview:large","max-video-preview":"max-video-preview:-1"},"canonical":"http:\/\/ticaret.edu.tr\/fikri-mulkiyet-ve-rekabet-hukuku-uygulama-ve-arastirma-merkezi\/egitim-programlari\/","og_locale":"tr_TR","og_type":"article","og_title":"E\u011fitim Programlar\u0131","og_description":"Sertifikal\u0131 Rekabet Hukuku ve Uygulamalar\u0131 E\u011fitim Program\u0131 Hukuk ve hukuk d\u0131\u015f\u0131 disiplinlerden t\u00fcm kat\u0131l\u0131mc\u0131lara a\u00e7\u0131k olan bu e\u011fitimde, kat\u0131l\u0131mc\u0131lara rekabet hukukunu temelden ba\u015flayarak uygulamalar\u0131 ile birlikte ayr\u0131nt\u0131l\u0131 bir bi\u00e7imde aktarmakt\u0131r. E\u011fitimin sonunda kat\u0131l\u0131mc\u0131lar, i\u015f hayat\u0131nda kar\u015f\u0131la\u015f\u0131lan \u00e7ok farkl\u0131 durumlar\u0131 ve sorunlar\u0131 rekabet hukuku perspektifinden de\u011ferlendirebilecek teorik ve pratik bilgiye sahip olabilmeleri ama\u00e7lanm\u0131\u015ft\u0131r. 22 Ocak 2002 [&hellip;]","og_url":"http:\/\/ticaret.edu.tr\/fikri-mulkiyet-ve-rekabet-hukuku-uygulama-ve-arastirma-merkezi\/egitim-programlari\/","og_site_name":"Fikri M\u00fclkiyet ve Rekabet Hukuku Uygulama ve Ara\u015ft\u0131rma Merkezi","article_publisher":"https:\/\/www.facebook.com\/ticaretedutr","article_modified_time":"2025-02-26T12:43:04+00:00","og_image":[{"url":"http:\/\/ticaret.edu.tr\/fikri-mulkiyet-ve-rekabet-hukuku-uygulama-ve-arastirma-merkezi\/wp-content\/uploads\/sites\/55\/2022\/05\/Sertifikali-Rekabet-Hukuku-ve-Uygulamalari-Egitim-Programi_360x240.jpg"}],"twitter_card":"summary_large_image","twitter_site":"@ticaretedutr","twitter_misc":{"Tahmini okuma s\u00fcresi":"1 dakika"},"schema":{"@context":"https:\/\/schema.org","@graph":[{"@type":"WebPage","@id":"http:\/\/ticaret.edu.tr\/fikri-mulkiyet-ve-rekabet-hukuku-uygulama-ve-arastirma-merkezi\/egitim-programlari\/","url":"http:\/\/ticaret.edu.tr\/fikri-mulkiyet-ve-rekabet-hukuku-uygulama-ve-arastirma-merkezi\/egitim-programlari\/","name":"E\u011fitim Programlar\u0131 - Fikri M\u00fclkiyet ve Rekabet Hukuku Uygulama ve Ara\u015ft\u0131rma Merkezi","isPartOf":{"@id":"https:\/\/ticaret.edu.tr\/fikri-mulkiyet-ve-rekabet-hukuku-uygulama-ve-arastirma-merkezi\/#website"},"datePublished":"2021-01-15T19:24:41+00:00","dateModified":"2025-02-26T12:43:04+00:00","breadcrumb":{"@id":"http:\/\/ticaret.edu.tr\/fikri-mulkiyet-ve-rekabet-hukuku-uygulama-ve-arastirma-merkezi\/egitim-programlari\/#breadcrumb"},"inLanguage":"tr","potentialAction":[{"@type":"ReadAction","target":["http:\/\/ticaret.edu.tr\/fikri-mulkiyet-ve-rekabet-hukuku-uygulama-ve-arastirma-merkezi\/egitim-programlari\/"]}]},{"@type":"BreadcrumbList","@id":"http:\/\/ticaret.edu.tr\/fikri-mulkiyet-ve-rekabet-hukuku-uygulama-ve-arastirma-merkezi\/egitim-programlari\/#breadcrumb","itemListElement":[{"@type":"ListItem","position":1,"name":"Ana sayfa","item":"https:\/\/ticaret.edu.tr\/fikri-mulkiyet-ve-rekabet-hukuku-uygulama-ve-arastirma-merkezi\/"},{"@type":"ListItem","position":2,"name":"E\u011fitim Programlar\u0131"}]},{"@type":"WebSite","@id":"https:\/\/ticaret.edu.tr\/fikri-mulkiyet-ve-rekabet-hukuku-uygulama-ve-arastirma-merkezi\/#website","url":"https:\/\/ticaret.edu.tr\/fikri-mulkiyet-ve-rekabet-hukuku-uygulama-ve-arastirma-merkezi\/","name":"Fikri M\u00fclkiyet ve Rekabet Hukuku Uygulama ve Ara\u015ft\u0131rma Merkezi","description":"Bir ba\u015fka \u0130stanbul Ticaret \u00dcniversitesi site sitesi","potentialAction":[{"@type":"SearchAction","target":{"@type":"EntryPoint","urlTemplate":"https:\/\/ticaret.edu.tr\/fikri-mulkiyet-ve-rekabet-hukuku-uygulama-ve-arastirma-merkezi\/?s={search_term_string}"},"query-input":"required name=search_term_string"}],"inLanguage":"tr"}]}},"lang":"tr","translations":{"en":48,"tr":25},"pll_sync_post":[],"_links":{"self":[{"href":"http:\/\/ticaret.edu.tr\/fikri-mulkiyet-ve-rekabet-hukuku-uygulama-ve-arastirma-merkezi\/wp-json\/wp\/v2\/pages\/25"}],"collection":[{"href":"http:\/\/ticaret.edu.tr\/fikri-mulkiyet-ve-rekabet-hukuku-uygulama-ve-arastirma-merkezi\/wp-json\/wp\/v2\/pages"}],"about":[{"href":"http:\/\/ticaret.edu.tr\/fikri-mulkiyet-ve-rekabet-hukuku-uygulama-ve-arastirma-merkezi\/wp-json\/wp\/v2\/types\/page"}],"author":[{"embeddable":true,"href":"http:\/\/ticaret.edu.tr\/fikri-mulkiyet-ve-rekabet-hukuku-uygulama-ve-arastirma-merkezi\/wp-json\/wp\/v2\/users\/101"}],"replies":[{"embeddable":true,"href":"http:\/\/ticaret.edu.tr\/fikri-mulkiyet-ve-rekabet-hukuku-uygulama-ve-arastirma-merkezi\/wp-json\/wp\/v2\/comments?post=25"}],"version-history":[{"count":12,"href":"http:\/\/ticaret.edu.tr\/fikri-mulkiyet-ve-rekabet-hukuku-uygulama-ve-arastirma-merkezi\/wp-json\/wp\/v2\/pages\/25\/revisions"}],"predecessor-version":[{"id":401,"href":"http:\/\/ticaret.edu.tr\/fikri-mulkiyet-ve-rekabet-hukuku-uygulama-ve-arastirma-merkezi\/wp-json\/wp\/v2\/pages\/25\/revisions\/401"}],"wp:attachment":[{"href":"http:\/\/ticaret.edu.tr\/fikri-mulkiyet-ve-rekabet-hukuku-uygulama-ve-arastirma-merkezi\/wp-json\/wp\/v2\/media?parent=25"}],"curies":[{"name":"wp","href":"https:\/\/api.w.org\/{rel}","templated":true}]}}