{"id":318,"date":"2021-12-01T11:14:07","date_gmt":"2021-12-01T08:14:07","guid":{"rendered":"https:\/\/ticaret.edu.tr\/fikri-mulkiyet-ve-rekabet-hukuku-uygulama-ve-arastirma-merkezi\/?page_id=318"},"modified":"2025-02-26T15:43:03","modified_gmt":"2025-02-26T12:43:03","slug":"bylaws","status":"publish","type":"page","link":"http:\/\/ticaret.edu.tr\/fikri-mulkiyet-ve-rekabet-hukuku-uygulama-ve-arastirma-merkezi\/en\/bylaws\/","title":{"rendered":"Bylaws"},"content":{"rendered":"<h4 style=\"margin-top: 0cm;background: #FEFEFE\"><span style=\"font-family: 'inherit',serif;color: #212529;font-weight: normal\">Intellectual Property and Competition Law Application and Research Center (FMRH)<\/span><\/h4>\n<p style=\"margin-top: 0cm;background: #FEFEFE\"><span style=\"font-size: 10.5pt;font-family: Roboto;color: #212529\">The purpose of this Bylaws is to set forth the procedures and principles regarding the objectives, activities, management bodies, duties of the management bodies, and working methods of the Istanbul Ticaret University Intellectual Property and Competition Law Application and Research Center, which was established under Istanbul Ticaret University.<\/span><\/p>\n<p><a href=\"http:\/\/ticaret.edu.tr\/fikri-mulkiyet-ve-rekabet-hukuku-uygulama-ve-arastirma-merkezi\/wp-content\/uploads\/sites\/55\/2022\/03\/FMRH_Yonetmelik.pdf\">FMRH_Bylaws<\/a><\/p>\n<p>&nbsp;<\/p>\n","protected":false},"excerpt":{"rendered":"<p>Intellectual Property and Competition Law Application and Research Center (FMRH) The purpose of this Bylaws is to set forth the procedures and principles regarding the objectives, activities, management bodies, duties of the management bodies, and working methods of the Istanbul Ticaret University Intellectual Property and Competition Law Application and Research Center, which was established under [&hellip;]<\/p>\n","protected":false},"author":149,"featured_media":0,"parent":0,"menu_order":0,"comment_status":"closed","ping_status":"closed","template":"genel_sayfa.php","meta":{"footnotes":""},"yoast_head":"<!-- This site is optimized with the Yoast SEO Premium plugin v22.1 (Yoast SEO v22.1) - https:\/\/yoast.com\/wordpress\/plugins\/seo\/ -->\n<title>Bylaws - Fikri M\u00fclkiyet ve Rekabet Hukuku Uygulama ve Ara\u015ft\u0131rma Merkezi<\/title>\n<meta name=\"robots\" content=\"index, follow, max-snippet:-1, max-image-preview:large, max-video-preview:-1\" \/>\n<link rel=\"canonical\" href=\"https:\/\/ticaret.edu.tr\/fikri-mulkiyet-ve-rekabet-hukuku-uygulama-ve-arastirma-merkezi\/en\/bylaws\/\" \/>\n<meta property=\"og:locale\" content=\"tr_TR\" \/>\n<meta property=\"og:type\" content=\"article\" \/>\n<meta property=\"og:title\" content=\"Bylaws\" \/>\n<meta property=\"og:description\" content=\"Intellectual Property and Competition Law Application and Research Center (FMRH) The purpose of this Bylaws is to set forth the procedures and principles regarding the objectives, activities, management bodies, duties of the management bodies, and working methods of the Istanbul Ticaret University Intellectual Property and Competition Law Application and Research Center, which was established under [&hellip;]\" \/>\n<meta property=\"og:url\" content=\"https:\/\/ticaret.edu.tr\/fikri-mulkiyet-ve-rekabet-hukuku-uygulama-ve-arastirma-merkezi\/en\/bylaws\/\" \/>\n<meta property=\"og:site_name\" content=\"Fikri M\u00fclkiyet ve Rekabet Hukuku Uygulama ve Ara\u015ft\u0131rma Merkezi\" \/>\n<meta property=\"article:publisher\" content=\"https:\/\/www.facebook.com\/ticaretedutr\" \/>\n<meta property=\"article:modified_time\" content=\"2025-02-26T12:43:03+00:00\" \/>\n<meta property=\"og:image\" content=\"http:\/\/ticaret.edu.tr\/fikri-mulkiyet-ve-rekabet-hukuku-uygulama-ve-arastirma-merkezi\/wp-content\/uploads\/sites\/55\/2021\/11\/web_logo-01.jpg\" \/>\n\t<meta property=\"og:image:width\" content=\"1250\" \/>\n\t<meta property=\"og:image:height\" content=\"833\" \/>\n\t<meta property=\"og:image:type\" content=\"image\/jpeg\" \/>\n<meta name=\"twitter:card\" content=\"summary_large_image\" \/>\n<meta name=\"twitter:site\" content=\"@ticaretedutr\" \/>\n<meta name=\"twitter:label1\" content=\"Tahmini okuma s\u00fcresi\" \/>\n\t<meta name=\"twitter:data1\" content=\"1 dakika\" \/>\n<script type=\"application\/ld+json\" class=\"yoast-schema-graph\">{\"@context\":\"https:\/\/schema.org\",\"@graph\":[{\"@type\":\"WebPage\",\"@id\":\"https:\/\/ticaret.edu.tr\/fikri-mulkiyet-ve-rekabet-hukuku-uygulama-ve-arastirma-merkezi\/en\/bylaws\/\",\"url\":\"https:\/\/ticaret.edu.tr\/fikri-mulkiyet-ve-rekabet-hukuku-uygulama-ve-arastirma-merkezi\/en\/bylaws\/\",\"name\":\"Bylaws - Fikri M\u00fclkiyet ve Rekabet Hukuku Uygulama ve Ara\u015ft\u0131rma Merkezi\",\"isPartOf\":{\"@id\":\"https:\/\/ticaret.edu.tr\/fikri-mulkiyet-ve-rekabet-hukuku-uygulama-ve-arastirma-merkezi\/#website\"},\"datePublished\":\"2021-12-01T08:14:07+00:00\",\"dateModified\":\"2025-02-26T12:43:03+00:00\",\"breadcrumb\":{\"@id\":\"https:\/\/ticaret.edu.tr\/fikri-mulkiyet-ve-rekabet-hukuku-uygulama-ve-arastirma-merkezi\/en\/bylaws\/#breadcrumb\"},\"inLanguage\":\"tr\",\"potentialAction\":[{\"@type\":\"ReadAction\",\"target\":[\"https:\/\/ticaret.edu.tr\/fikri-mulkiyet-ve-rekabet-hukuku-uygulama-ve-arastirma-merkezi\/en\/bylaws\/\"]}]},{\"@type\":\"BreadcrumbList\",\"@id\":\"https:\/\/ticaret.edu.tr\/fikri-mulkiyet-ve-rekabet-hukuku-uygulama-ve-arastirma-merkezi\/en\/bylaws\/#breadcrumb\",\"itemListElement\":[{\"@type\":\"ListItem\",\"position\":1,\"name\":\"Ana sayfa\",\"item\":\"https:\/\/ticaret.edu.tr\/fikri-mulkiyet-ve-rekabet-hukuku-uygulama-ve-arastirma-merkezi\/\"},{\"@type\":\"ListItem\",\"position\":2,\"name\":\"Bylaws\"}]},{\"@type\":\"WebSite\",\"@id\":\"https:\/\/ticaret.edu.tr\/fikri-mulkiyet-ve-rekabet-hukuku-uygulama-ve-arastirma-merkezi\/#website\",\"url\":\"https:\/\/ticaret.edu.tr\/fikri-mulkiyet-ve-rekabet-hukuku-uygulama-ve-arastirma-merkezi\/\",\"name\":\"Fikri M\u00fclkiyet ve Rekabet Hukuku Uygulama ve Ara\u015ft\u0131rma Merkezi\",\"description\":\"Bir ba\u015fka \u0130stanbul Ticaret \u00dcniversitesi site sitesi\",\"potentialAction\":[{\"@type\":\"SearchAction\",\"target\":{\"@type\":\"EntryPoint\",\"urlTemplate\":\"https:\/\/ticaret.edu.tr\/fikri-mulkiyet-ve-rekabet-hukuku-uygulama-ve-arastirma-merkezi\/?s={search_term_string}\"},\"query-input\":\"required name=search_term_string\"}],\"inLanguage\":\"tr\"}]}<\/script>\n<!-- \/ Yoast SEO Premium plugin. -->","yoast_head_json":{"title":"Bylaws - Fikri M\u00fclkiyet ve Rekabet Hukuku Uygulama ve Ara\u015ft\u0131rma Merkezi","robots":{"index":"index","follow":"follow","max-snippet":"max-snippet:-1","max-image-preview":"max-image-preview:large","max-video-preview":"max-video-preview:-1"},"canonical":"https:\/\/ticaret.edu.tr\/fikri-mulkiyet-ve-rekabet-hukuku-uygulama-ve-arastirma-merkezi\/en\/bylaws\/","og_locale":"tr_TR","og_type":"article","og_title":"Bylaws","og_description":"Intellectual Property and Competition Law Application and Research Center (FMRH) The purpose of this Bylaws is to set forth the procedures and principles regarding the objectives, activities, management bodies, duties of the management bodies, and working methods of the Istanbul Ticaret University Intellectual Property and Competition Law Application and Research Center, which was established under [&hellip;]","og_url":"https:\/\/ticaret.edu.tr\/fikri-mulkiyet-ve-rekabet-hukuku-uygulama-ve-arastirma-merkezi\/en\/bylaws\/","og_site_name":"Fikri M\u00fclkiyet ve Rekabet Hukuku Uygulama ve Ara\u015ft\u0131rma Merkezi","article_publisher":"https:\/\/www.facebook.com\/ticaretedutr","article_modified_time":"2025-02-26T12:43:03+00:00","og_image":[{"width":1250,"height":833,"url":"http:\/\/ticaret.edu.tr\/fikri-mulkiyet-ve-rekabet-hukuku-uygulama-ve-arastirma-merkezi\/wp-content\/uploads\/sites\/55\/2021\/11\/web_logo-01.jpg","type":"image\/jpeg"}],"twitter_card":"summary_large_image","twitter_site":"@ticaretedutr","twitter_misc":{"Tahmini okuma s\u00fcresi":"1 dakika"},"schema":{"@context":"https:\/\/schema.org","@graph":[{"@type":"WebPage","@id":"https:\/\/ticaret.edu.tr\/fikri-mulkiyet-ve-rekabet-hukuku-uygulama-ve-arastirma-merkezi\/en\/bylaws\/","url":"https:\/\/ticaret.edu.tr\/fikri-mulkiyet-ve-rekabet-hukuku-uygulama-ve-arastirma-merkezi\/en\/bylaws\/","name":"Bylaws - Fikri M\u00fclkiyet ve Rekabet Hukuku Uygulama ve Ara\u015ft\u0131rma Merkezi","isPartOf":{"@id":"https:\/\/ticaret.edu.tr\/fikri-mulkiyet-ve-rekabet-hukuku-uygulama-ve-arastirma-merkezi\/#website"},"datePublished":"2021-12-01T08:14:07+00:00","dateModified":"2025-02-26T12:43:03+00:00","breadcrumb":{"@id":"https:\/\/ticaret.edu.tr\/fikri-mulkiyet-ve-rekabet-hukuku-uygulama-ve-arastirma-merkezi\/en\/bylaws\/#breadcrumb"},"inLanguage":"tr","potentialAction":[{"@type":"ReadAction","target":["https:\/\/ticaret.edu.tr\/fikri-mulkiyet-ve-rekabet-hukuku-uygulama-ve-arastirma-merkezi\/en\/bylaws\/"]}]},{"@type":"BreadcrumbList","@id":"https:\/\/ticaret.edu.tr\/fikri-mulkiyet-ve-rekabet-hukuku-uygulama-ve-arastirma-merkezi\/en\/bylaws\/#breadcrumb","itemListElement":[{"@type":"ListItem","position":1,"name":"Ana sayfa","item":"https:\/\/ticaret.edu.tr\/fikri-mulkiyet-ve-rekabet-hukuku-uygulama-ve-arastirma-merkezi\/"},{"@type":"ListItem","position":2,"name":"Bylaws"}]},{"@type":"WebSite","@id":"https:\/\/ticaret.edu.tr\/fikri-mulkiyet-ve-rekabet-hukuku-uygulama-ve-arastirma-merkezi\/#website","url":"https:\/\/ticaret.edu.tr\/fikri-mulkiyet-ve-rekabet-hukuku-uygulama-ve-arastirma-merkezi\/","name":"Fikri M\u00fclkiyet ve Rekabet Hukuku Uygulama ve Ara\u015ft\u0131rma Merkezi","description":"Bir ba\u015fka \u0130stanbul Ticaret \u00dcniversitesi site sitesi","potentialAction":[{"@type":"SearchAction","target":{"@type":"EntryPoint","urlTemplate":"https:\/\/ticaret.edu.tr\/fikri-mulkiyet-ve-rekabet-hukuku-uygulama-ve-arastirma-merkezi\/?s={search_term_string}"},"query-input":"required name=search_term_string"}],"inLanguage":"tr"}]}},"lang":"en","translations":{"en":318,"tr":156},"pll_sync_post":[],"_links":{"self":[{"href":"http:\/\/ticaret.edu.tr\/fikri-mulkiyet-ve-rekabet-hukuku-uygulama-ve-arastirma-merkezi\/wp-json\/wp\/v2\/pages\/318"}],"collection":[{"href":"http:\/\/ticaret.edu.tr\/fikri-mulkiyet-ve-rekabet-hukuku-uygulama-ve-arastirma-merkezi\/wp-json\/wp\/v2\/pages"}],"about":[{"href":"http:\/\/ticaret.edu.tr\/fikri-mulkiyet-ve-rekabet-hukuku-uygulama-ve-arastirma-merkezi\/wp-json\/wp\/v2\/types\/page"}],"author":[{"embeddable":true,"href":"http:\/\/ticaret.edu.tr\/fikri-mulkiyet-ve-rekabet-hukuku-uygulama-ve-arastirma-merkezi\/wp-json\/wp\/v2\/users\/149"}],"replies":[{"embeddable":true,"href":"http:\/\/ticaret.edu.tr\/fikri-mulkiyet-ve-rekabet-hukuku-uygulama-ve-arastirma-merkezi\/wp-json\/wp\/v2\/comments?post=318"}],"version-history":[{"count":3,"href":"http:\/\/ticaret.edu.tr\/fikri-mulkiyet-ve-rekabet-hukuku-uygulama-ve-arastirma-merkezi\/wp-json\/wp\/v2\/pages\/318\/revisions"}],"predecessor-version":[{"id":343,"href":"http:\/\/ticaret.edu.tr\/fikri-mulkiyet-ve-rekabet-hukuku-uygulama-ve-arastirma-merkezi\/wp-json\/wp\/v2\/pages\/318\/revisions\/343"}],"wp:attachment":[{"href":"http:\/\/ticaret.edu.tr\/fikri-mulkiyet-ve-rekabet-hukuku-uygulama-ve-arastirma-merkezi\/wp-json\/wp\/v2\/media?parent=318"}],"curies":[{"name":"wp","href":"https:\/\/api.w.org\/{rel}","templated":true}]}}