{"id":32,"date":"2021-09-17T14:01:30","date_gmt":"2021-09-17T11:01:30","guid":{"rendered":"https:\/\/ticaret.edu.tr\/fmrhuam\/?page_id=32"},"modified":"2025-02-26T15:42:46","modified_gmt":"2025-02-26T12:42:46","slug":"homepage","status":"publish","type":"page","link":"http:\/\/ticaret.edu.tr\/fikri-mulkiyet-ve-rekabet-hukuku-uygulama-ve-arastirma-merkezi\/en\/","title":{"rendered":"Homepage"},"content":{"rendered":"<h4 style=\"margin-top: 0in;background: #FEFEFE\"><span style=\"font-family: 'inherit',serif;color: #212529;font-weight: normal\">Competition Law and Practices Training Certification Program<\/span><\/h4>\n<p style=\"margin-top: 0in;background: #FEFEFE\"><span style=\"font-size: 10.5pt;font-family: Roboto;color: #212529\">Our 33-hour Competition Law and Practices Training Certification Program, which lasted for 10 weeks and attracted great interest from the participants, has come to an end. Certificates were distributed to the successful participants at the end of the program.<\/span><\/p>\n","protected":false},"excerpt":{"rendered":"<p>Competition Law and Practices Training Certification Program Our 33-hour Competition Law and Practices Training Certification Program, which lasted for 10 weeks and attracted great interest from the participants, has come to an end. Certificates were distributed to the successful participants at the end of the program.<\/p>\n","protected":false},"author":149,"featured_media":0,"parent":0,"menu_order":0,"comment_status":"closed","ping_status":"closed","template":"pages\/homepage.php","meta":{"footnotes":""},"yoast_head":"<!-- This site is optimized with the Yoast SEO Premium plugin v22.1 (Yoast SEO v22.1) - https:\/\/yoast.com\/wordpress\/plugins\/seo\/ -->\n<title>Homepage - Fikri M\u00fclkiyet ve Rekabet Hukuku Uygulama ve Ara\u015ft\u0131rma Merkezi<\/title>\n<meta name=\"robots\" content=\"index, follow, max-snippet:-1, max-image-preview:large, max-video-preview:-1\" \/>\n<link rel=\"canonical\" href=\"https:\/\/ticaret.edu.tr\/fikri-mulkiyet-ve-rekabet-hukuku-uygulama-ve-arastirma-merkezi\/en\/\" \/>\n<meta property=\"og:locale\" content=\"tr_TR\" \/>\n<meta property=\"og:type\" content=\"article\" \/>\n<meta property=\"og:title\" content=\"Homepage\" \/>\n<meta property=\"og:description\" content=\"Competition Law and Practices Training Certification Program Our 33-hour Competition Law and Practices Training Certification Program, which lasted for 10 weeks and attracted great interest from the participants, has come to an end. Certificates were distributed to the successful participants at the end of the program.\" \/>\n<meta property=\"og:url\" content=\"https:\/\/ticaret.edu.tr\/fikri-mulkiyet-ve-rekabet-hukuku-uygulama-ve-arastirma-merkezi\/en\/\" \/>\n<meta property=\"og:site_name\" content=\"Fikri M\u00fclkiyet ve Rekabet Hukuku Uygulama ve Ara\u015ft\u0131rma Merkezi\" \/>\n<meta property=\"article:publisher\" content=\"https:\/\/www.facebook.com\/ticaretedutr\" \/>\n<meta property=\"article:modified_time\" content=\"2025-02-26T12:42:46+00:00\" \/>\n<meta property=\"og:image\" content=\"http:\/\/ticaret.edu.tr\/fikri-mulkiyet-ve-rekabet-hukuku-uygulama-ve-arastirma-merkezi\/wp-content\/uploads\/sites\/55\/2021\/11\/web_logo-01.jpg\" \/>\n\t<meta property=\"og:image:width\" content=\"1250\" \/>\n\t<meta property=\"og:image:height\" content=\"833\" \/>\n\t<meta property=\"og:image:type\" content=\"image\/jpeg\" \/>\n<meta name=\"twitter:card\" content=\"summary_large_image\" \/>\n<meta name=\"twitter:site\" content=\"@ticaretedutr\" \/>\n<script type=\"application\/ld+json\" class=\"yoast-schema-graph\">{\"@context\":\"https:\/\/schema.org\",\"@graph\":[{\"@type\":\"WebPage\",\"@id\":\"https:\/\/ticaret.edu.tr\/fikri-mulkiyet-ve-rekabet-hukuku-uygulama-ve-arastirma-merkezi\/en\/\",\"url\":\"https:\/\/ticaret.edu.tr\/fikri-mulkiyet-ve-rekabet-hukuku-uygulama-ve-arastirma-merkezi\/en\/\",\"name\":\"Homepage - Fikri M\u00fclkiyet ve Rekabet Hukuku Uygulama ve Ara\u015ft\u0131rma Merkezi\",\"isPartOf\":{\"@id\":\"http:\/\/ticaret.edu.tr\/fikri-mulkiyet-ve-rekabet-hukuku-uygulama-ve-arastirma-merkezi\/#website\"},\"datePublished\":\"2021-09-17T11:01:30+00:00\",\"dateModified\":\"2025-02-26T12:42:46+00:00\",\"breadcrumb\":{\"@id\":\"https:\/\/ticaret.edu.tr\/fikri-mulkiyet-ve-rekabet-hukuku-uygulama-ve-arastirma-merkezi\/en\/#breadcrumb\"},\"inLanguage\":\"tr\",\"potentialAction\":[{\"@type\":\"ReadAction\",\"target\":[\"https:\/\/ticaret.edu.tr\/fikri-mulkiyet-ve-rekabet-hukuku-uygulama-ve-arastirma-merkezi\/en\/\"]}]},{\"@type\":\"BreadcrumbList\",\"@id\":\"https:\/\/ticaret.edu.tr\/fikri-mulkiyet-ve-rekabet-hukuku-uygulama-ve-arastirma-merkezi\/en\/#breadcrumb\",\"itemListElement\":[{\"@type\":\"ListItem\",\"position\":1,\"name\":\"Ana sayfa\",\"item\":\"http:\/\/ticaret.edu.tr\/fikri-mulkiyet-ve-rekabet-hukuku-uygulama-ve-arastirma-merkezi\/\"},{\"@type\":\"ListItem\",\"position\":2,\"name\":\"Homepage\"}]},{\"@type\":\"WebSite\",\"@id\":\"http:\/\/ticaret.edu.tr\/fikri-mulkiyet-ve-rekabet-hukuku-uygulama-ve-arastirma-merkezi\/#website\",\"url\":\"http:\/\/ticaret.edu.tr\/fikri-mulkiyet-ve-rekabet-hukuku-uygulama-ve-arastirma-merkezi\/\",\"name\":\"Fikri M\u00fclkiyet ve Rekabet Hukuku Uygulama ve Ara\u015ft\u0131rma Merkezi\",\"description\":\"Bir ba\u015fka \u0130stanbul Ticaret \u00dcniversitesi site sitesi\",\"potentialAction\":[{\"@type\":\"SearchAction\",\"target\":{\"@type\":\"EntryPoint\",\"urlTemplate\":\"http:\/\/ticaret.edu.tr\/fikri-mulkiyet-ve-rekabet-hukuku-uygulama-ve-arastirma-merkezi\/?s={search_term_string}\"},\"query-input\":\"required name=search_term_string\"}],\"inLanguage\":\"tr\"}]}<\/script>\n<!-- \/ Yoast SEO Premium plugin. -->","yoast_head_json":{"title":"Homepage - Fikri M\u00fclkiyet ve Rekabet Hukuku Uygulama ve Ara\u015ft\u0131rma Merkezi","robots":{"index":"index","follow":"follow","max-snippet":"max-snippet:-1","max-image-preview":"max-image-preview:large","max-video-preview":"max-video-preview:-1"},"canonical":"https:\/\/ticaret.edu.tr\/fikri-mulkiyet-ve-rekabet-hukuku-uygulama-ve-arastirma-merkezi\/en\/","og_locale":"tr_TR","og_type":"article","og_title":"Homepage","og_description":"Competition Law and Practices Training Certification Program Our 33-hour Competition Law and Practices Training Certification Program, which lasted for 10 weeks and attracted great interest from the participants, has come to an end. Certificates were distributed to the successful participants at the end of the program.","og_url":"https:\/\/ticaret.edu.tr\/fikri-mulkiyet-ve-rekabet-hukuku-uygulama-ve-arastirma-merkezi\/en\/","og_site_name":"Fikri M\u00fclkiyet ve Rekabet Hukuku Uygulama ve Ara\u015ft\u0131rma Merkezi","article_publisher":"https:\/\/www.facebook.com\/ticaretedutr","article_modified_time":"2025-02-26T12:42:46+00:00","og_image":[{"width":1250,"height":833,"url":"http:\/\/ticaret.edu.tr\/fikri-mulkiyet-ve-rekabet-hukuku-uygulama-ve-arastirma-merkezi\/wp-content\/uploads\/sites\/55\/2021\/11\/web_logo-01.jpg","type":"image\/jpeg"}],"twitter_card":"summary_large_image","twitter_site":"@ticaretedutr","schema":{"@context":"https:\/\/schema.org","@graph":[{"@type":"WebPage","@id":"https:\/\/ticaret.edu.tr\/fikri-mulkiyet-ve-rekabet-hukuku-uygulama-ve-arastirma-merkezi\/en\/","url":"https:\/\/ticaret.edu.tr\/fikri-mulkiyet-ve-rekabet-hukuku-uygulama-ve-arastirma-merkezi\/en\/","name":"Homepage - Fikri M\u00fclkiyet ve Rekabet Hukuku Uygulama ve Ara\u015ft\u0131rma Merkezi","isPartOf":{"@id":"http:\/\/ticaret.edu.tr\/fikri-mulkiyet-ve-rekabet-hukuku-uygulama-ve-arastirma-merkezi\/#website"},"datePublished":"2021-09-17T11:01:30+00:00","dateModified":"2025-02-26T12:42:46+00:00","breadcrumb":{"@id":"https:\/\/ticaret.edu.tr\/fikri-mulkiyet-ve-rekabet-hukuku-uygulama-ve-arastirma-merkezi\/en\/#breadcrumb"},"inLanguage":"tr","potentialAction":[{"@type":"ReadAction","target":["https:\/\/ticaret.edu.tr\/fikri-mulkiyet-ve-rekabet-hukuku-uygulama-ve-arastirma-merkezi\/en\/"]}]},{"@type":"BreadcrumbList","@id":"https:\/\/ticaret.edu.tr\/fikri-mulkiyet-ve-rekabet-hukuku-uygulama-ve-arastirma-merkezi\/en\/#breadcrumb","itemListElement":[{"@type":"ListItem","position":1,"name":"Ana sayfa","item":"http:\/\/ticaret.edu.tr\/fikri-mulkiyet-ve-rekabet-hukuku-uygulama-ve-arastirma-merkezi\/"},{"@type":"ListItem","position":2,"name":"Homepage"}]},{"@type":"WebSite","@id":"http:\/\/ticaret.edu.tr\/fikri-mulkiyet-ve-rekabet-hukuku-uygulama-ve-arastirma-merkezi\/#website","url":"http:\/\/ticaret.edu.tr\/fikri-mulkiyet-ve-rekabet-hukuku-uygulama-ve-arastirma-merkezi\/","name":"Fikri M\u00fclkiyet ve Rekabet Hukuku Uygulama ve Ara\u015ft\u0131rma Merkezi","description":"Bir ba\u015fka \u0130stanbul Ticaret \u00dcniversitesi site sitesi","potentialAction":[{"@type":"SearchAction","target":{"@type":"EntryPoint","urlTemplate":"http:\/\/ticaret.edu.tr\/fikri-mulkiyet-ve-rekabet-hukuku-uygulama-ve-arastirma-merkezi\/?s={search_term_string}"},"query-input":"required name=search_term_string"}],"inLanguage":"tr"}]}},"lang":"en","translations":{"en":32,"tr":5},"pll_sync_post":[],"_links":{"self":[{"href":"http:\/\/ticaret.edu.tr\/fikri-mulkiyet-ve-rekabet-hukuku-uygulama-ve-arastirma-merkezi\/wp-json\/wp\/v2\/pages\/32"}],"collection":[{"href":"http:\/\/ticaret.edu.tr\/fikri-mulkiyet-ve-rekabet-hukuku-uygulama-ve-arastirma-merkezi\/wp-json\/wp\/v2\/pages"}],"about":[{"href":"http:\/\/ticaret.edu.tr\/fikri-mulkiyet-ve-rekabet-hukuku-uygulama-ve-arastirma-merkezi\/wp-json\/wp\/v2\/types\/page"}],"author":[{"embeddable":true,"href":"http:\/\/ticaret.edu.tr\/fikri-mulkiyet-ve-rekabet-hukuku-uygulama-ve-arastirma-merkezi\/wp-json\/wp\/v2\/users\/149"}],"replies":[{"embeddable":true,"href":"http:\/\/ticaret.edu.tr\/fikri-mulkiyet-ve-rekabet-hukuku-uygulama-ve-arastirma-merkezi\/wp-json\/wp\/v2\/comments?post=32"}],"version-history":[{"count":3,"href":"http:\/\/ticaret.edu.tr\/fikri-mulkiyet-ve-rekabet-hukuku-uygulama-ve-arastirma-merkezi\/wp-json\/wp\/v2\/pages\/32\/revisions"}],"predecessor-version":[{"id":433,"href":"http:\/\/ticaret.edu.tr\/fikri-mulkiyet-ve-rekabet-hukuku-uygulama-ve-arastirma-merkezi\/wp-json\/wp\/v2\/pages\/32\/revisions\/433"}],"wp:attachment":[{"href":"http:\/\/ticaret.edu.tr\/fikri-mulkiyet-ve-rekabet-hukuku-uygulama-ve-arastirma-merkezi\/wp-json\/wp\/v2\/media?parent=32"}],"curies":[{"name":"wp","href":"https:\/\/api.w.org\/{rel}","templated":true}]}}