{"id":48,"date":"2021-10-27T11:22:56","date_gmt":"2021-10-27T08:22:56","guid":{"rendered":"https:\/\/ticaret.edu.tr\/fmrhuam\/?page_id=48"},"modified":"2025-02-26T15:43:08","modified_gmt":"2025-02-26T12:43:08","slug":"training-programs","status":"publish","type":"page","link":"http:\/\/ticaret.edu.tr\/fikri-mulkiyet-ve-rekabet-hukuku-uygulama-ve-arastirma-merkezi\/en\/training-programs\/","title":{"rendered":"TRAINING PROGRAMS"},"content":{"rendered":"<h3 style=\"margin-top: 0cm;background: #FEFEFE\"><b><span style=\"font-family: 'inherit',serif;color: #212529\">Competition Law and Practices Training Certification Program<\/span><\/b><\/h3>\n<p style=\"margin-top: 0cm;background: #FEFEFE\"><span style=\"font-size: 10.5pt;font-family: Roboto;color: #212529\">Learning about the theory and practice of competition law, which is practiced in an increasing number of fields with each passing day, will contribute to the careers of companies&#8217; legal managers, compliance managers, lawyers, trainee lawyers and law students. Competition rules are the rules that should be known to a certain extent also by the professionals and managers, who have been trained in non-law disciplines and are active in the business life, in addition to the legal and compliance managers.<\/span><\/p>\n<p><a href=\"http:\/\/ticaret.edu.tr\/fikri-mulkiyet-ve-rekabet-hukuku-uygulama-ve-arastirma-merkezi\/wp-content\/uploads\/sites\/55\/2022\/03\/SERTI\u0307FI\u0307KALI-REKABET-HUKUKU-VE-UYGULAMALARI-EG\u0306I\u0307TI\u0307M-PROGRAMI_tanitim_03.03.2021-1.pdf\">COMPETITION-LAW-AND-PRACTICES-TRAINING-CERTIFICATION-PROGRAM_overview-03.03.2021<\/a><\/p>\n<p>&nbsp;<\/p>\n","protected":false},"excerpt":{"rendered":"<p>Competition Law and Practices Training Certification Program Learning about the theory and practice of competition law, which is practiced in an increasing number of fields with each passing day, will contribute to the careers of companies&#8217; legal managers, compliance managers, lawyers, trainee lawyers and law students. Competition rules are the rules that should be known [&hellip;]<\/p>\n","protected":false},"author":149,"featured_media":0,"parent":0,"menu_order":0,"comment_status":"closed","ping_status":"closed","template":"genel_sayfa.php","meta":{"footnotes":""},"yoast_head":"<!-- This site is optimized with the Yoast SEO Premium plugin v22.1 (Yoast SEO v22.1) - https:\/\/yoast.com\/wordpress\/plugins\/seo\/ -->\n<title>TRAINING PROGRAMS - Fikri M\u00fclkiyet ve Rekabet Hukuku Uygulama ve Ara\u015ft\u0131rma Merkezi<\/title>\n<meta name=\"robots\" content=\"index, follow, max-snippet:-1, max-image-preview:large, max-video-preview:-1\" \/>\n<link rel=\"canonical\" href=\"https:\/\/ticaret.edu.tr\/fikri-mulkiyet-ve-rekabet-hukuku-uygulama-ve-arastirma-merkezi\/en\/training-programs\/\" \/>\n<meta property=\"og:locale\" content=\"tr_TR\" \/>\n<meta property=\"og:type\" content=\"article\" \/>\n<meta property=\"og:title\" content=\"TRAINING PROGRAMS\" \/>\n<meta property=\"og:description\" content=\"Competition Law and Practices Training Certification Program Learning about the theory and practice of competition law, which is practiced in an increasing number of fields with each passing day, will contribute to the careers of companies&#8217; legal managers, compliance managers, lawyers, trainee lawyers and law students. Competition rules are the rules that should be known [&hellip;]\" \/>\n<meta property=\"og:url\" content=\"https:\/\/ticaret.edu.tr\/fikri-mulkiyet-ve-rekabet-hukuku-uygulama-ve-arastirma-merkezi\/en\/training-programs\/\" \/>\n<meta property=\"og:site_name\" content=\"Fikri M\u00fclkiyet ve Rekabet Hukuku Uygulama ve Ara\u015ft\u0131rma Merkezi\" \/>\n<meta property=\"article:publisher\" content=\"https:\/\/www.facebook.com\/ticaretedutr\" \/>\n<meta property=\"article:modified_time\" content=\"2025-02-26T12:43:08+00:00\" \/>\n<meta property=\"og:image\" content=\"http:\/\/ticaret.edu.tr\/fikri-mulkiyet-ve-rekabet-hukuku-uygulama-ve-arastirma-merkezi\/wp-content\/uploads\/sites\/55\/2021\/11\/web_logo-01.jpg\" \/>\n\t<meta property=\"og:image:width\" content=\"1250\" \/>\n\t<meta property=\"og:image:height\" content=\"833\" \/>\n\t<meta property=\"og:image:type\" content=\"image\/jpeg\" \/>\n<meta name=\"twitter:card\" content=\"summary_large_image\" \/>\n<meta name=\"twitter:site\" content=\"@ticaretedutr\" \/>\n<meta name=\"twitter:label1\" content=\"Tahmini okuma s\u00fcresi\" \/>\n\t<meta name=\"twitter:data1\" content=\"1 dakika\" \/>\n<script type=\"application\/ld+json\" class=\"yoast-schema-graph\">{\"@context\":\"https:\/\/schema.org\",\"@graph\":[{\"@type\":\"WebPage\",\"@id\":\"https:\/\/ticaret.edu.tr\/fikri-mulkiyet-ve-rekabet-hukuku-uygulama-ve-arastirma-merkezi\/en\/training-programs\/\",\"url\":\"https:\/\/ticaret.edu.tr\/fikri-mulkiyet-ve-rekabet-hukuku-uygulama-ve-arastirma-merkezi\/en\/training-programs\/\",\"name\":\"TRAINING PROGRAMS - Fikri M\u00fclkiyet ve Rekabet Hukuku Uygulama ve Ara\u015ft\u0131rma Merkezi\",\"isPartOf\":{\"@id\":\"https:\/\/ticaret.edu.tr\/fikri-mulkiyet-ve-rekabet-hukuku-uygulama-ve-arastirma-merkezi\/#website\"},\"datePublished\":\"2021-10-27T08:22:56+00:00\",\"dateModified\":\"2025-02-26T12:43:08+00:00\",\"breadcrumb\":{\"@id\":\"https:\/\/ticaret.edu.tr\/fikri-mulkiyet-ve-rekabet-hukuku-uygulama-ve-arastirma-merkezi\/en\/training-programs\/#breadcrumb\"},\"inLanguage\":\"tr\",\"potentialAction\":[{\"@type\":\"ReadAction\",\"target\":[\"https:\/\/ticaret.edu.tr\/fikri-mulkiyet-ve-rekabet-hukuku-uygulama-ve-arastirma-merkezi\/en\/training-programs\/\"]}]},{\"@type\":\"BreadcrumbList\",\"@id\":\"https:\/\/ticaret.edu.tr\/fikri-mulkiyet-ve-rekabet-hukuku-uygulama-ve-arastirma-merkezi\/en\/training-programs\/#breadcrumb\",\"itemListElement\":[{\"@type\":\"ListItem\",\"position\":1,\"name\":\"Ana sayfa\",\"item\":\"https:\/\/ticaret.edu.tr\/fikri-mulkiyet-ve-rekabet-hukuku-uygulama-ve-arastirma-merkezi\/\"},{\"@type\":\"ListItem\",\"position\":2,\"name\":\"TRAINING PROGRAMS\"}]},{\"@type\":\"WebSite\",\"@id\":\"https:\/\/ticaret.edu.tr\/fikri-mulkiyet-ve-rekabet-hukuku-uygulama-ve-arastirma-merkezi\/#website\",\"url\":\"https:\/\/ticaret.edu.tr\/fikri-mulkiyet-ve-rekabet-hukuku-uygulama-ve-arastirma-merkezi\/\",\"name\":\"Fikri M\u00fclkiyet ve Rekabet Hukuku Uygulama ve Ara\u015ft\u0131rma Merkezi\",\"description\":\"Bir ba\u015fka \u0130stanbul Ticaret \u00dcniversitesi site sitesi\",\"potentialAction\":[{\"@type\":\"SearchAction\",\"target\":{\"@type\":\"EntryPoint\",\"urlTemplate\":\"https:\/\/ticaret.edu.tr\/fikri-mulkiyet-ve-rekabet-hukuku-uygulama-ve-arastirma-merkezi\/?s={search_term_string}\"},\"query-input\":\"required name=search_term_string\"}],\"inLanguage\":\"tr\"}]}<\/script>\n<!-- \/ Yoast SEO Premium plugin. -->","yoast_head_json":{"title":"TRAINING PROGRAMS - Fikri M\u00fclkiyet ve Rekabet Hukuku Uygulama ve Ara\u015ft\u0131rma Merkezi","robots":{"index":"index","follow":"follow","max-snippet":"max-snippet:-1","max-image-preview":"max-image-preview:large","max-video-preview":"max-video-preview:-1"},"canonical":"https:\/\/ticaret.edu.tr\/fikri-mulkiyet-ve-rekabet-hukuku-uygulama-ve-arastirma-merkezi\/en\/training-programs\/","og_locale":"tr_TR","og_type":"article","og_title":"TRAINING PROGRAMS","og_description":"Competition Law and Practices Training Certification Program Learning about the theory and practice of competition law, which is practiced in an increasing number of fields with each passing day, will contribute to the careers of companies&#8217; legal managers, compliance managers, lawyers, trainee lawyers and law students. Competition rules are the rules that should be known [&hellip;]","og_url":"https:\/\/ticaret.edu.tr\/fikri-mulkiyet-ve-rekabet-hukuku-uygulama-ve-arastirma-merkezi\/en\/training-programs\/","og_site_name":"Fikri M\u00fclkiyet ve Rekabet Hukuku Uygulama ve Ara\u015ft\u0131rma Merkezi","article_publisher":"https:\/\/www.facebook.com\/ticaretedutr","article_modified_time":"2025-02-26T12:43:08+00:00","og_image":[{"width":1250,"height":833,"url":"http:\/\/ticaret.edu.tr\/fikri-mulkiyet-ve-rekabet-hukuku-uygulama-ve-arastirma-merkezi\/wp-content\/uploads\/sites\/55\/2021\/11\/web_logo-01.jpg","type":"image\/jpeg"}],"twitter_card":"summary_large_image","twitter_site":"@ticaretedutr","twitter_misc":{"Tahmini okuma s\u00fcresi":"1 dakika"},"schema":{"@context":"https:\/\/schema.org","@graph":[{"@type":"WebPage","@id":"https:\/\/ticaret.edu.tr\/fikri-mulkiyet-ve-rekabet-hukuku-uygulama-ve-arastirma-merkezi\/en\/training-programs\/","url":"https:\/\/ticaret.edu.tr\/fikri-mulkiyet-ve-rekabet-hukuku-uygulama-ve-arastirma-merkezi\/en\/training-programs\/","name":"TRAINING PROGRAMS - Fikri M\u00fclkiyet ve Rekabet Hukuku Uygulama ve Ara\u015ft\u0131rma Merkezi","isPartOf":{"@id":"https:\/\/ticaret.edu.tr\/fikri-mulkiyet-ve-rekabet-hukuku-uygulama-ve-arastirma-merkezi\/#website"},"datePublished":"2021-10-27T08:22:56+00:00","dateModified":"2025-02-26T12:43:08+00:00","breadcrumb":{"@id":"https:\/\/ticaret.edu.tr\/fikri-mulkiyet-ve-rekabet-hukuku-uygulama-ve-arastirma-merkezi\/en\/training-programs\/#breadcrumb"},"inLanguage":"tr","potentialAction":[{"@type":"ReadAction","target":["https:\/\/ticaret.edu.tr\/fikri-mulkiyet-ve-rekabet-hukuku-uygulama-ve-arastirma-merkezi\/en\/training-programs\/"]}]},{"@type":"BreadcrumbList","@id":"https:\/\/ticaret.edu.tr\/fikri-mulkiyet-ve-rekabet-hukuku-uygulama-ve-arastirma-merkezi\/en\/training-programs\/#breadcrumb","itemListElement":[{"@type":"ListItem","position":1,"name":"Ana sayfa","item":"https:\/\/ticaret.edu.tr\/fikri-mulkiyet-ve-rekabet-hukuku-uygulama-ve-arastirma-merkezi\/"},{"@type":"ListItem","position":2,"name":"TRAINING PROGRAMS"}]},{"@type":"WebSite","@id":"https:\/\/ticaret.edu.tr\/fikri-mulkiyet-ve-rekabet-hukuku-uygulama-ve-arastirma-merkezi\/#website","url":"https:\/\/ticaret.edu.tr\/fikri-mulkiyet-ve-rekabet-hukuku-uygulama-ve-arastirma-merkezi\/","name":"Fikri M\u00fclkiyet ve Rekabet Hukuku Uygulama ve Ara\u015ft\u0131rma Merkezi","description":"Bir ba\u015fka \u0130stanbul Ticaret \u00dcniversitesi site sitesi","potentialAction":[{"@type":"SearchAction","target":{"@type":"EntryPoint","urlTemplate":"https:\/\/ticaret.edu.tr\/fikri-mulkiyet-ve-rekabet-hukuku-uygulama-ve-arastirma-merkezi\/?s={search_term_string}"},"query-input":"required name=search_term_string"}],"inLanguage":"tr"}]}},"lang":"en","translations":{"en":48,"tr":25},"pll_sync_post":[],"_links":{"self":[{"href":"http:\/\/ticaret.edu.tr\/fikri-mulkiyet-ve-rekabet-hukuku-uygulama-ve-arastirma-merkezi\/wp-json\/wp\/v2\/pages\/48"}],"collection":[{"href":"http:\/\/ticaret.edu.tr\/fikri-mulkiyet-ve-rekabet-hukuku-uygulama-ve-arastirma-merkezi\/wp-json\/wp\/v2\/pages"}],"about":[{"href":"http:\/\/ticaret.edu.tr\/fikri-mulkiyet-ve-rekabet-hukuku-uygulama-ve-arastirma-merkezi\/wp-json\/wp\/v2\/types\/page"}],"author":[{"embeddable":true,"href":"http:\/\/ticaret.edu.tr\/fikri-mulkiyet-ve-rekabet-hukuku-uygulama-ve-arastirma-merkezi\/wp-json\/wp\/v2\/users\/149"}],"replies":[{"embeddable":true,"href":"http:\/\/ticaret.edu.tr\/fikri-mulkiyet-ve-rekabet-hukuku-uygulama-ve-arastirma-merkezi\/wp-json\/wp\/v2\/comments?post=48"}],"version-history":[{"count":4,"href":"http:\/\/ticaret.edu.tr\/fikri-mulkiyet-ve-rekabet-hukuku-uygulama-ve-arastirma-merkezi\/wp-json\/wp\/v2\/pages\/48\/revisions"}],"predecessor-version":[{"id":346,"href":"http:\/\/ticaret.edu.tr\/fikri-mulkiyet-ve-rekabet-hukuku-uygulama-ve-arastirma-merkezi\/wp-json\/wp\/v2\/pages\/48\/revisions\/346"}],"wp:attachment":[{"href":"http:\/\/ticaret.edu.tr\/fikri-mulkiyet-ve-rekabet-hukuku-uygulama-ve-arastirma-merkezi\/wp-json\/wp\/v2\/media?parent=48"}],"curies":[{"name":"wp","href":"https:\/\/api.w.org\/{rel}","templated":true}]}}