{"id":5,"date":"2020-07-20T07:54:17","date_gmt":"2020-07-20T04:54:17","guid":{"rendered":"http:\/\/ticaret.edu.tr\/fmrhuam\/?page_id=5"},"modified":"2025-02-26T15:54:17","modified_gmt":"2025-02-26T12:54:17","slug":"ana-sayfa","status":"publish","type":"page","link":"http:\/\/ticaret.edu.tr\/fikri-mulkiyet-ve-rekabet-hukuku-uygulama-ve-arastirma-merkezi\/","title":{"rendered":"Ana Sayfa"},"content":{"rendered":"<h2>Fikr\u00ee Ve S\u0131nai M\u00fclkiyet Hukuku \u00c7evrimi\u00e7i Sertifika Program\u0131 &#8211; Ekim 2022<\/h2>\n<p><img loading=\"lazy\" decoding=\"async\" class=\"alignnone wp-image-412 size-full\" src=\"http:\/\/ticaret.edu.tr\/fikri-mulkiyet-ve-rekabet-hukuku-uygulama-ve-arastirma-merkezi\/wp-content\/uploads\/sites\/55\/2022\/10\/Ekran-Alintisi.jpg\" alt=\"\" width=\"756\" height=\"413\" srcset=\"http:\/\/ticaret.edu.tr\/fikri-mulkiyet-ve-rekabet-hukuku-uygulama-ve-arastirma-merkezi\/wp-content\/uploads\/sites\/55\/2022\/10\/Ekran-Alintisi.jpg 756w, http:\/\/ticaret.edu.tr\/fikri-mulkiyet-ve-rekabet-hukuku-uygulama-ve-arastirma-merkezi\/wp-content\/uploads\/sites\/55\/2022\/10\/Ekran-Alintisi-300x164.jpg 300w\" sizes=\"(max-width: 756px) 100vw, 756px\" \/><br \/>\nSertifika Program\u0131, \u0130stanbul Ticaret \u00dcniversitesi S\u00fcrekli E\u011fitim Merkezi, \u0130stanbul Ticaret \u00dcniversitesi Hukuk Fak\u00fcltesi ile \u0130stanbul Ticaret \u00dcniversitesi Fikr\u00ee M\u00fclkiyet ve Rekabet Hukuku Uygulama ve Ara\u015ft\u0131rma Merkezi taraf\u0131ndan d\u00fczenlenmi\u015ftir. Bu e\u011fitim program\u0131n\u0131n amac\u0131, kat\u0131l\u0131mc\u0131lara fikr\u00ee ve s\u0131nai m\u00fclkiyet hukukunu temelden ba\u015flayarak uygulamalar\u0131 ile birlikte ayr\u0131nt\u0131l\u0131 bir bi\u00e7imde aktarmakt\u0131r.<\/p>\n<p><a href=\"http:\/\/ticaret.edu.tr\/fikri-mulkiyet-ve-rekabet-hukuku-uygulama-ve-arastirma-merkezi\/wp-content\/uploads\/sites\/55\/2022\/10\/FIKRI-VE-SINAI-MULKIYET-HUKUKU-_Duyuru-Metni.pdf\">Program i\u00e7in t\u0131klay\u0131n\u0131z.<\/a><\/p>\n<div class=\"textLayer\">Detayl\u0131 Bilgi ve \u00d6n kay\u0131t \u0130\u00e7in:<\/div>\n<div><a href=\"https:\/\/sem.ticaret.edu.tr\/courses\/fikri-ve-sinai-mulkiyet-hukuku-cevrimici-sertifika-programi\/\">https:\/\/sem.ticaret.edu.tr\/courses\/fikri-ve-sinai-mulkiyet-hukuku-cevrimici-sertifika-programi\/<\/a><\/div>\n<div><\/div>\n<div><\/div>\n<div><\/div>\n<div><\/div>\n<div><\/div>\n<h5 id=\"category_baslik\">Sertifikal\u0131 Rekabet Hukuku ve Uygulamalar\u0131 E\u011fitim Program\u0131<\/h5>\n<p>Hukuk ve hukuk d\u0131\u015f\u0131 disiplinlerden t\u00fcm kat\u0131l\u0131mc\u0131lara a\u00e7\u0131k olan bu e\u011fitim program\u0131n\u0131n amac\u0131, kat\u0131l\u0131mc\u0131lara rekabet hukukunu temelden ba\u015flayarak uygulamalar\u0131 ile birlikte ayr\u0131nt\u0131l\u0131 bir bi\u00e7imde aktarmakt\u0131r. E\u011fitimin sonunda kat\u0131l\u0131mc\u0131lar, i\u015f hayat\u0131nda kar\u015f\u0131la\u015f\u0131lan \u00e7ok farkl\u0131 durumlar\u0131 ve sorunlar\u0131 rekabet hukuku perspektifinden de\u011ferlendirebilecek teorik ve pratik bilgiye sahip olabilmeleri ama\u00e7lanm\u0131\u015ft\u0131r.<\/p>\n<p><img loading=\"lazy\" decoding=\"async\" class=\"alignnone wp-image-385 \" src=\"http:\/\/ticaret.edu.tr\/fikri-mulkiyet-ve-rekabet-hukuku-uygulama-ve-arastirma-merkezi\/wp-content\/uploads\/sites\/55\/2022\/05\/Sertifikali-Rekabet-Hukuku-ve-Uygulamalari-Egitim-Programi_360x240.jpg\" alt=\"\" width=\"1031\" height=\"687\" srcset=\"http:\/\/ticaret.edu.tr\/fikri-mulkiyet-ve-rekabet-hukuku-uygulama-ve-arastirma-merkezi\/wp-content\/uploads\/sites\/55\/2022\/05\/Sertifikali-Rekabet-Hukuku-ve-Uygulamalari-Egitim-Programi_360x240.jpg 360w, http:\/\/ticaret.edu.tr\/fikri-mulkiyet-ve-rekabet-hukuku-uygulama-ve-arastirma-merkezi\/wp-content\/uploads\/sites\/55\/2022\/05\/Sertifikali-Rekabet-Hukuku-ve-Uygulamalari-Egitim-Programi_360x240-300x200.jpg 300w\" sizes=\"(max-width: 1031px) 100vw, 1031px\" \/><\/p>\n<p>22 Ocak 2002 tarihinde 14 Oturumdan online olarak 27 saatlik bir e\u011fitim s\u00fcresinde Sertifikal\u0131 Rekabet Hukuku ve Uygulamalar\u0131 E\u011fitim Program\u0131m\u0131z sona ermi\u015f bulunmaktad\u0131r. Kat\u0131l\u0131mc\u0131lardan b\u00fcy\u00fck bir ilgi g\u00f6ren program\u0131n sonunda ba\u015far\u0131l\u0131 olan kat\u0131l\u0131mc\u0131lara sertifikalar\u0131 da\u011f\u0131t\u0131lm\u0131\u015ft\u0131r.<\/p>\n<p><a href=\"https:\/\/sem.ticaret.edu.tr\/courses\/sertifikali-rekabet-hukuku-ve-uygulamalari-egitim-programi\/#1639132320527-15789c9d-bea0\">Sertifikal\u0131 Rekabet Hukuku ve Uygulamalar\u0131 E\u011fitim Program\u0131 \u2013 \u0130stanbul Ticaret \u00dcniversitesi S\u00fcrekli E\u011fitim Merkezi -SEM<\/a><\/p>\n<h4><\/h4>\n<h4>Sertifikal\u0131 Rekabet Hukuku ve Uygulamalar\u0131 E\u011fitim Program\u0131<\/h4>\n<p>10 hafta boyunca s\u00fcren 33 saatlik Sertifikal\u0131 Rekabet Hukuku ve Uygulamalar\u0131 E\u011fitim Program\u0131m\u0131z sona ermi\u015f bulunmaktad\u0131r. Kat\u0131l\u0131mc\u0131lardan b\u00fcy\u00fck bir ilgi g\u00f6ren program\u0131n sonunda ba\u015far\u0131l\u0131 olan kat\u0131l\u0131mc\u0131lara sertifikalar\u0131 da\u011f\u0131t\u0131lm\u0131\u015ft\u0131r.<\/p>\n<p>&nbsp;<\/p>\n<p><img loading=\"lazy\" decoding=\"async\" class=\"alignnone wp-image-130 size-full\" src=\"http:\/\/ticaret.edu.tr\/fmrhuam\/wp-content\/uploads\/sites\/55\/2021\/10\/FMRH_image0-1024x379-1.jpeg\" alt=\"\" width=\"1024\" height=\"379\" srcset=\"http:\/\/ticaret.edu.tr\/fikri-mulkiyet-ve-rekabet-hukuku-uygulama-ve-arastirma-merkezi\/wp-content\/uploads\/sites\/55\/2021\/10\/FMRH_image0-1024x379-1.jpeg 1024w, http:\/\/ticaret.edu.tr\/fikri-mulkiyet-ve-rekabet-hukuku-uygulama-ve-arastirma-merkezi\/wp-content\/uploads\/sites\/55\/2021\/10\/FMRH_image0-1024x379-1-300x111.jpeg 300w, http:\/\/ticaret.edu.tr\/fikri-mulkiyet-ve-rekabet-hukuku-uygulama-ve-arastirma-merkezi\/wp-content\/uploads\/sites\/55\/2021\/10\/FMRH_image0-1024x379-1-768x284.jpeg 768w\" sizes=\"(max-width: 1024px) 100vw, 1024px\" \/><\/p>\n","protected":false},"excerpt":{"rendered":"<p>Fikr\u00ee Ve S\u0131nai M\u00fclkiyet Hukuku \u00c7evrimi\u00e7i Sertifika Program\u0131 &#8211; Ekim 2022 Sertifika Program\u0131, \u0130stanbul Ticaret \u00dcniversitesi S\u00fcrekli E\u011fitim Merkezi, \u0130stanbul Ticaret \u00dcniversitesi Hukuk Fak\u00fcltesi ile \u0130stanbul Ticaret \u00dcniversitesi Fikr\u00ee M\u00fclkiyet ve Rekabet Hukuku Uygulama ve Ara\u015ft\u0131rma Merkezi taraf\u0131ndan d\u00fczenlenmi\u015ftir. Bu e\u011fitim program\u0131n\u0131n amac\u0131, kat\u0131l\u0131mc\u0131lara fikr\u00ee ve s\u0131nai m\u00fclkiyet hukukunu temelden ba\u015flayarak uygulamalar\u0131 ile birlikte ayr\u0131nt\u0131l\u0131 [&hellip;]<\/p>\n","protected":false},"author":142,"featured_media":130,"parent":0,"menu_order":0,"comment_status":"closed","ping_status":"closed","template":"pages\/homepage.php","meta":{"footnotes":""},"yoast_head":"<!-- This site is optimized with the Yoast SEO Premium plugin v22.1 (Yoast SEO v22.1) - https:\/\/yoast.com\/wordpress\/plugins\/seo\/ -->\n<title>Ana Sayfa - Fikri M\u00fclkiyet ve Rekabet Hukuku Uygulama ve Ara\u015ft\u0131rma Merkezi<\/title>\n<meta name=\"robots\" content=\"index, follow, max-snippet:-1, max-image-preview:large, max-video-preview:-1\" \/>\n<link rel=\"canonical\" href=\"https:\/\/ticaret.edu.tr\/fikri-mulkiyet-ve-rekabet-hukuku-uygulama-ve-arastirma-merkezi\/\" \/>\n<meta property=\"og:locale\" content=\"tr_TR\" \/>\n<meta property=\"og:type\" content=\"article\" \/>\n<meta property=\"og:title\" content=\"Ana Sayfa\" \/>\n<meta property=\"og:description\" content=\"Fikr\u00ee Ve S\u0131nai M\u00fclkiyet Hukuku \u00c7evrimi\u00e7i Sertifika Program\u0131 &#8211; Ekim 2022 Sertifika Program\u0131, \u0130stanbul Ticaret \u00dcniversitesi S\u00fcrekli E\u011fitim Merkezi, \u0130stanbul Ticaret \u00dcniversitesi Hukuk Fak\u00fcltesi ile \u0130stanbul Ticaret \u00dcniversitesi Fikr\u00ee M\u00fclkiyet ve Rekabet Hukuku Uygulama ve Ara\u015ft\u0131rma Merkezi taraf\u0131ndan d\u00fczenlenmi\u015ftir. Bu e\u011fitim program\u0131n\u0131n amac\u0131, kat\u0131l\u0131mc\u0131lara fikr\u00ee ve s\u0131nai m\u00fclkiyet hukukunu temelden ba\u015flayarak uygulamalar\u0131 ile birlikte ayr\u0131nt\u0131l\u0131 [&hellip;]\" \/>\n<meta property=\"og:url\" content=\"https:\/\/ticaret.edu.tr\/fikri-mulkiyet-ve-rekabet-hukuku-uygulama-ve-arastirma-merkezi\/\" \/>\n<meta property=\"og:site_name\" content=\"Fikri M\u00fclkiyet ve Rekabet Hukuku Uygulama ve Ara\u015ft\u0131rma Merkezi\" \/>\n<meta property=\"article:publisher\" content=\"https:\/\/www.facebook.com\/ticaretedutr\" \/>\n<meta property=\"article:modified_time\" content=\"2025-02-26T12:54:17+00:00\" \/>\n<meta property=\"og:image\" content=\"https:\/\/ticaret.edu.tr\/fikri-mulkiyet-ve-rekabet-hukuku-uygulama-ve-arastirma-merkezi\/wp-content\/uploads\/sites\/55\/2021\/10\/FMRH_image0-1024x379-1.jpeg\" \/>\n\t<meta property=\"og:image:width\" content=\"1024\" \/>\n\t<meta property=\"og:image:height\" content=\"379\" \/>\n\t<meta property=\"og:image:type\" content=\"image\/jpeg\" \/>\n<meta name=\"twitter:card\" content=\"summary_large_image\" \/>\n<meta name=\"twitter:site\" content=\"@ticaretedutr\" \/>\n<meta name=\"twitter:label1\" content=\"Tahmini okuma s\u00fcresi\" \/>\n\t<meta name=\"twitter:data1\" content=\"3 dakika\" \/>\n<script type=\"application\/ld+json\" class=\"yoast-schema-graph\">{\"@context\":\"https:\/\/schema.org\",\"@graph\":[{\"@type\":\"WebPage\",\"@id\":\"https:\/\/ticaret.edu.tr\/fikri-mulkiyet-ve-rekabet-hukuku-uygulama-ve-arastirma-merkezi\/\",\"url\":\"https:\/\/ticaret.edu.tr\/fikri-mulkiyet-ve-rekabet-hukuku-uygulama-ve-arastirma-merkezi\/\",\"name\":\"Ana Sayfa - Fikri M\u00fclkiyet ve Rekabet Hukuku Uygulama ve Ara\u015ft\u0131rma Merkezi\",\"isPartOf\":{\"@id\":\"https:\/\/ticaret.edu.tr\/fikri-mulkiyet-ve-rekabet-hukuku-uygulama-ve-arastirma-merkezi\/#website\"},\"datePublished\":\"2020-07-20T04:54:17+00:00\",\"dateModified\":\"2025-02-26T12:54:17+00:00\",\"breadcrumb\":{\"@id\":\"https:\/\/ticaret.edu.tr\/fikri-mulkiyet-ve-rekabet-hukuku-uygulama-ve-arastirma-merkezi\/#breadcrumb\"},\"inLanguage\":\"tr\",\"potentialAction\":[{\"@type\":\"ReadAction\",\"target\":[\"https:\/\/ticaret.edu.tr\/fikri-mulkiyet-ve-rekabet-hukuku-uygulama-ve-arastirma-merkezi\/\"]}]},{\"@type\":\"BreadcrumbList\",\"@id\":\"https:\/\/ticaret.edu.tr\/fikri-mulkiyet-ve-rekabet-hukuku-uygulama-ve-arastirma-merkezi\/#breadcrumb\",\"itemListElement\":[{\"@type\":\"ListItem\",\"position\":1,\"name\":\"Ana sayfa\",\"item\":\"https:\/\/ticaret.edu.tr\/fikri-mulkiyet-ve-rekabet-hukuku-uygulama-ve-arastirma-merkezi\/\"},{\"@type\":\"ListItem\",\"position\":2,\"name\":\"Ana Sayfa\"}]},{\"@type\":\"WebSite\",\"@id\":\"https:\/\/ticaret.edu.tr\/fikri-mulkiyet-ve-rekabet-hukuku-uygulama-ve-arastirma-merkezi\/#website\",\"url\":\"https:\/\/ticaret.edu.tr\/fikri-mulkiyet-ve-rekabet-hukuku-uygulama-ve-arastirma-merkezi\/\",\"name\":\"Fikri M\u00fclkiyet ve Rekabet Hukuku Uygulama ve Ara\u015ft\u0131rma Merkezi\",\"description\":\"Bir ba\u015fka \u0130stanbul Ticaret \u00dcniversitesi site sitesi\",\"potentialAction\":[{\"@type\":\"SearchAction\",\"target\":{\"@type\":\"EntryPoint\",\"urlTemplate\":\"https:\/\/ticaret.edu.tr\/fikri-mulkiyet-ve-rekabet-hukuku-uygulama-ve-arastirma-merkezi\/?s={search_term_string}\"},\"query-input\":\"required name=search_term_string\"}],\"inLanguage\":\"tr\"}]}<\/script>\n<!-- \/ Yoast SEO Premium plugin. -->","yoast_head_json":{"title":"Ana Sayfa - Fikri M\u00fclkiyet ve Rekabet Hukuku Uygulama ve Ara\u015ft\u0131rma Merkezi","robots":{"index":"index","follow":"follow","max-snippet":"max-snippet:-1","max-image-preview":"max-image-preview:large","max-video-preview":"max-video-preview:-1"},"canonical":"https:\/\/ticaret.edu.tr\/fikri-mulkiyet-ve-rekabet-hukuku-uygulama-ve-arastirma-merkezi\/","og_locale":"tr_TR","og_type":"article","og_title":"Ana Sayfa","og_description":"Fikr\u00ee Ve S\u0131nai M\u00fclkiyet Hukuku \u00c7evrimi\u00e7i Sertifika Program\u0131 &#8211; Ekim 2022 Sertifika Program\u0131, \u0130stanbul Ticaret \u00dcniversitesi S\u00fcrekli E\u011fitim Merkezi, \u0130stanbul Ticaret \u00dcniversitesi Hukuk Fak\u00fcltesi ile \u0130stanbul Ticaret \u00dcniversitesi Fikr\u00ee M\u00fclkiyet ve Rekabet Hukuku Uygulama ve Ara\u015ft\u0131rma Merkezi taraf\u0131ndan d\u00fczenlenmi\u015ftir. Bu e\u011fitim program\u0131n\u0131n amac\u0131, kat\u0131l\u0131mc\u0131lara fikr\u00ee ve s\u0131nai m\u00fclkiyet hukukunu temelden ba\u015flayarak uygulamalar\u0131 ile birlikte ayr\u0131nt\u0131l\u0131 [&hellip;]","og_url":"https:\/\/ticaret.edu.tr\/fikri-mulkiyet-ve-rekabet-hukuku-uygulama-ve-arastirma-merkezi\/","og_site_name":"Fikri M\u00fclkiyet ve Rekabet Hukuku Uygulama ve Ara\u015ft\u0131rma Merkezi","article_publisher":"https:\/\/www.facebook.com\/ticaretedutr","article_modified_time":"2025-02-26T12:54:17+00:00","og_image":[{"width":1024,"height":379,"url":"https:\/\/ticaret.edu.tr\/fikri-mulkiyet-ve-rekabet-hukuku-uygulama-ve-arastirma-merkezi\/wp-content\/uploads\/sites\/55\/2021\/10\/FMRH_image0-1024x379-1.jpeg","type":"image\/jpeg"}],"twitter_card":"summary_large_image","twitter_site":"@ticaretedutr","twitter_misc":{"Tahmini okuma s\u00fcresi":"3 dakika"},"schema":{"@context":"https:\/\/schema.org","@graph":[{"@type":"WebPage","@id":"https:\/\/ticaret.edu.tr\/fikri-mulkiyet-ve-rekabet-hukuku-uygulama-ve-arastirma-merkezi\/","url":"https:\/\/ticaret.edu.tr\/fikri-mulkiyet-ve-rekabet-hukuku-uygulama-ve-arastirma-merkezi\/","name":"Ana Sayfa - Fikri M\u00fclkiyet ve Rekabet Hukuku Uygulama ve Ara\u015ft\u0131rma Merkezi","isPartOf":{"@id":"https:\/\/ticaret.edu.tr\/fikri-mulkiyet-ve-rekabet-hukuku-uygulama-ve-arastirma-merkezi\/#website"},"datePublished":"2020-07-20T04:54:17+00:00","dateModified":"2025-02-26T12:54:17+00:00","breadcrumb":{"@id":"https:\/\/ticaret.edu.tr\/fikri-mulkiyet-ve-rekabet-hukuku-uygulama-ve-arastirma-merkezi\/#breadcrumb"},"inLanguage":"tr","potentialAction":[{"@type":"ReadAction","target":["https:\/\/ticaret.edu.tr\/fikri-mulkiyet-ve-rekabet-hukuku-uygulama-ve-arastirma-merkezi\/"]}]},{"@type":"BreadcrumbList","@id":"https:\/\/ticaret.edu.tr\/fikri-mulkiyet-ve-rekabet-hukuku-uygulama-ve-arastirma-merkezi\/#breadcrumb","itemListElement":[{"@type":"ListItem","position":1,"name":"Ana sayfa","item":"https:\/\/ticaret.edu.tr\/fikri-mulkiyet-ve-rekabet-hukuku-uygulama-ve-arastirma-merkezi\/"},{"@type":"ListItem","position":2,"name":"Ana Sayfa"}]},{"@type":"WebSite","@id":"https:\/\/ticaret.edu.tr\/fikri-mulkiyet-ve-rekabet-hukuku-uygulama-ve-arastirma-merkezi\/#website","url":"https:\/\/ticaret.edu.tr\/fikri-mulkiyet-ve-rekabet-hukuku-uygulama-ve-arastirma-merkezi\/","name":"Fikri M\u00fclkiyet ve Rekabet Hukuku Uygulama ve Ara\u015ft\u0131rma Merkezi","description":"Bir ba\u015fka \u0130stanbul Ticaret \u00dcniversitesi site sitesi","potentialAction":[{"@type":"SearchAction","target":{"@type":"EntryPoint","urlTemplate":"https:\/\/ticaret.edu.tr\/fikri-mulkiyet-ve-rekabet-hukuku-uygulama-ve-arastirma-merkezi\/?s={search_term_string}"},"query-input":"required name=search_term_string"}],"inLanguage":"tr"}]}},"lang":"tr","translations":{"en":32,"tr":5},"pll_sync_post":[],"_links":{"self":[{"href":"http:\/\/ticaret.edu.tr\/fikri-mulkiyet-ve-rekabet-hukuku-uygulama-ve-arastirma-merkezi\/wp-json\/wp\/v2\/pages\/5"}],"collection":[{"href":"http:\/\/ticaret.edu.tr\/fikri-mulkiyet-ve-rekabet-hukuku-uygulama-ve-arastirma-merkezi\/wp-json\/wp\/v2\/pages"}],"about":[{"href":"http:\/\/ticaret.edu.tr\/fikri-mulkiyet-ve-rekabet-hukuku-uygulama-ve-arastirma-merkezi\/wp-json\/wp\/v2\/types\/page"}],"author":[{"embeddable":true,"href":"http:\/\/ticaret.edu.tr\/fikri-mulkiyet-ve-rekabet-hukuku-uygulama-ve-arastirma-merkezi\/wp-json\/wp\/v2\/users\/142"}],"replies":[{"embeddable":true,"href":"http:\/\/ticaret.edu.tr\/fikri-mulkiyet-ve-rekabet-hukuku-uygulama-ve-arastirma-merkezi\/wp-json\/wp\/v2\/comments?post=5"}],"version-history":[{"count":16,"href":"http:\/\/ticaret.edu.tr\/fikri-mulkiyet-ve-rekabet-hukuku-uygulama-ve-arastirma-merkezi\/wp-json\/wp\/v2\/pages\/5\/revisions"}],"predecessor-version":[{"id":463,"href":"http:\/\/ticaret.edu.tr\/fikri-mulkiyet-ve-rekabet-hukuku-uygulama-ve-arastirma-merkezi\/wp-json\/wp\/v2\/pages\/5\/revisions\/463"}],"wp:featuredmedia":[{"embeddable":true,"href":"http:\/\/ticaret.edu.tr\/fikri-mulkiyet-ve-rekabet-hukuku-uygulama-ve-arastirma-merkezi\/wp-json\/wp\/v2\/media\/130"}],"wp:attachment":[{"href":"http:\/\/ticaret.edu.tr\/fikri-mulkiyet-ve-rekabet-hukuku-uygulama-ve-arastirma-merkezi\/wp-json\/wp\/v2\/media?parent=5"}],"curies":[{"name":"wp","href":"https:\/\/api.w.org\/{rel}","templated":true}]}}