{"id":10,"date":"2020-05-03T12:47:21","date_gmt":"2020-05-03T09:47:21","guid":{"rendered":"http:\/\/ticaret.edu.tr\/fb\/?page_id=10"},"modified":"2025-02-14T09:15:30","modified_gmt":"2025-02-14T06:15:30","slug":"ders-programlari","status":"publish","type":"page","link":"http:\/\/ticaret.edu.tr\/finans-ve-bankacilik\/ders-programlari\/","title":{"rendered":"DERS PROGRAMLARI"},"content":{"rendered":"<p><script>window.location.href = \"https:\/\/istanbulticaretuniversitesi.edupage.org\/timetable\/view.php?num=47&class=-200\";<\/script><\/p>\n","protected":false},"excerpt":{"rendered":"","protected":false},"author":1,"featured_media":0,"parent":0,"menu_order":0,"comment_status":"closed","ping_status":"closed","template":"genel_sayfa.php","meta":{"footnotes":""},"yoast_head":"<!-- This site is optimized with the Yoast SEO Premium plugin v22.1 (Yoast SEO v22.1) - https:\/\/yoast.com\/wordpress\/plugins\/seo\/ -->\n<title>DERS PROGRAMLARI - Finans ve Bankac\u0131l\u0131k<\/title>\n<meta name=\"description\" content=\"\u0130stanbul Ticaret \u00dcniversitesi Finans ve Bankac\u0131l\u0131k ile Bankac\u0131l\u0131k ve Finans Lisans Program\u0131 Ders Programlar\u0131\" \/>\n<meta name=\"robots\" content=\"index, follow, max-snippet:-1, max-image-preview:large, max-video-preview:-1\" \/>\n<link rel=\"canonical\" href=\"http:\/\/ticaret.edu.tr\/finans-ve-bankacilik\/ders-programlari\/\" \/>\n<meta property=\"og:locale\" content=\"tr_TR\" \/>\n<meta property=\"og:type\" content=\"article\" \/>\n<meta property=\"og:title\" content=\"DERS PROGRAMLARI\" \/>\n<meta property=\"og:description\" content=\"\u0130stanbul Ticaret \u00dcniversitesi Finans ve Bankac\u0131l\u0131k ile Bankac\u0131l\u0131k ve Finans Lisans Program\u0131 Ders Programlar\u0131\" \/>\n<meta property=\"og:url\" content=\"http:\/\/ticaret.edu.tr\/finans-ve-bankacilik\/ders-programlari\/\" \/>\n<meta property=\"og:site_name\" content=\"Finans ve Bankac\u0131l\u0131k\" \/>\n<meta property=\"article:publisher\" content=\"https:\/\/www.facebook.com\/ticaretedutr\" \/>\n<meta property=\"article:modified_time\" content=\"2025-02-14T06:15:30+00:00\" \/>\n<meta property=\"og:image\" content=\"http:\/\/ticaret.edu.tr\/finans-ve-bankacilik\/wp-content\/uploads\/sites\/15\/2021\/11\/web_logo-01.jpg\" \/>\n\t<meta property=\"og:image:width\" content=\"1250\" \/>\n\t<meta property=\"og:image:height\" content=\"833\" \/>\n\t<meta property=\"og:image:type\" content=\"image\/jpeg\" \/>\n<meta name=\"twitter:card\" content=\"summary_large_image\" \/>\n<meta name=\"twitter:site\" content=\"@ticaretedutr\" \/>\n<script type=\"application\/ld+json\" class=\"yoast-schema-graph\">{\"@context\":\"https:\/\/schema.org\",\"@graph\":[{\"@type\":\"WebPage\",\"@id\":\"http:\/\/ticaret.edu.tr\/finans-ve-bankacilik\/ders-programlari\/\",\"url\":\"http:\/\/ticaret.edu.tr\/finans-ve-bankacilik\/ders-programlari\/\",\"name\":\"DERS PROGRAMLARI - Finans ve Bankac\u0131l\u0131k\",\"isPartOf\":{\"@id\":\"http:\/\/ticaret.edu.tr\/finans-ve-bankacilik\/en\/#website\"},\"datePublished\":\"2020-05-03T09:47:21+00:00\",\"dateModified\":\"2025-02-14T06:15:30+00:00\",\"description\":\"\u0130stanbul Ticaret \u00dcniversitesi Finans ve Bankac\u0131l\u0131k ile Bankac\u0131l\u0131k ve Finans Lisans Program\u0131 Ders Programlar\u0131\",\"breadcrumb\":{\"@id\":\"http:\/\/ticaret.edu.tr\/finans-ve-bankacilik\/ders-programlari\/#breadcrumb\"},\"inLanguage\":\"tr\",\"potentialAction\":[{\"@type\":\"ReadAction\",\"target\":[\"http:\/\/ticaret.edu.tr\/finans-ve-bankacilik\/ders-programlari\/\"]}]},{\"@type\":\"BreadcrumbList\",\"@id\":\"http:\/\/ticaret.edu.tr\/finans-ve-bankacilik\/ders-programlari\/#breadcrumb\",\"itemListElement\":[{\"@type\":\"ListItem\",\"position\":1,\"name\":\"Ana sayfa\",\"item\":\"https:\/\/ticaret.edu.tr\/finans-ve-bankacilik\/\"},{\"@type\":\"ListItem\",\"position\":2,\"name\":\"DERS PROGRAMLARI\"}]},{\"@type\":\"WebSite\",\"@id\":\"http:\/\/ticaret.edu.tr\/finans-ve-bankacilik\/en\/#website\",\"url\":\"http:\/\/ticaret.edu.tr\/finans-ve-bankacilik\/en\/\",\"name\":\"Finans ve Bankac\u0131l\u0131k\",\"description\":\"\",\"potentialAction\":[{\"@type\":\"SearchAction\",\"target\":{\"@type\":\"EntryPoint\",\"urlTemplate\":\"http:\/\/ticaret.edu.tr\/finans-ve-bankacilik\/en\/?s={search_term_string}\"},\"query-input\":\"required name=search_term_string\"}],\"inLanguage\":\"tr\"}]}<\/script>\n<!-- \/ Yoast SEO Premium plugin. -->","yoast_head_json":{"title":"DERS PROGRAMLARI - Finans ve Bankac\u0131l\u0131k","description":"\u0130stanbul Ticaret \u00dcniversitesi Finans ve Bankac\u0131l\u0131k ile Bankac\u0131l\u0131k ve Finans Lisans Program\u0131 Ders Programlar\u0131","robots":{"index":"index","follow":"follow","max-snippet":"max-snippet:-1","max-image-preview":"max-image-preview:large","max-video-preview":"max-video-preview:-1"},"canonical":"http:\/\/ticaret.edu.tr\/finans-ve-bankacilik\/ders-programlari\/","og_locale":"tr_TR","og_type":"article","og_title":"DERS PROGRAMLARI","og_description":"\u0130stanbul Ticaret \u00dcniversitesi Finans ve Bankac\u0131l\u0131k ile Bankac\u0131l\u0131k ve Finans Lisans Program\u0131 Ders Programlar\u0131","og_url":"http:\/\/ticaret.edu.tr\/finans-ve-bankacilik\/ders-programlari\/","og_site_name":"Finans ve Bankac\u0131l\u0131k","article_publisher":"https:\/\/www.facebook.com\/ticaretedutr","article_modified_time":"2025-02-14T06:15:30+00:00","og_image":[{"width":1250,"height":833,"url":"http:\/\/ticaret.edu.tr\/finans-ve-bankacilik\/wp-content\/uploads\/sites\/15\/2021\/11\/web_logo-01.jpg","type":"image\/jpeg"}],"twitter_card":"summary_large_image","twitter_site":"@ticaretedutr","schema":{"@context":"https:\/\/schema.org","@graph":[{"@type":"WebPage","@id":"http:\/\/ticaret.edu.tr\/finans-ve-bankacilik\/ders-programlari\/","url":"http:\/\/ticaret.edu.tr\/finans-ve-bankacilik\/ders-programlari\/","name":"DERS PROGRAMLARI - Finans ve Bankac\u0131l\u0131k","isPartOf":{"@id":"http:\/\/ticaret.edu.tr\/finans-ve-bankacilik\/en\/#website"},"datePublished":"2020-05-03T09:47:21+00:00","dateModified":"2025-02-14T06:15:30+00:00","description":"\u0130stanbul Ticaret \u00dcniversitesi Finans ve Bankac\u0131l\u0131k ile Bankac\u0131l\u0131k ve Finans Lisans Program\u0131 Ders Programlar\u0131","breadcrumb":{"@id":"http:\/\/ticaret.edu.tr\/finans-ve-bankacilik\/ders-programlari\/#breadcrumb"},"inLanguage":"tr","potentialAction":[{"@type":"ReadAction","target":["http:\/\/ticaret.edu.tr\/finans-ve-bankacilik\/ders-programlari\/"]}]},{"@type":"BreadcrumbList","@id":"http:\/\/ticaret.edu.tr\/finans-ve-bankacilik\/ders-programlari\/#breadcrumb","itemListElement":[{"@type":"ListItem","position":1,"name":"Ana sayfa","item":"https:\/\/ticaret.edu.tr\/finans-ve-bankacilik\/"},{"@type":"ListItem","position":2,"name":"DERS PROGRAMLARI"}]},{"@type":"WebSite","@id":"http:\/\/ticaret.edu.tr\/finans-ve-bankacilik\/en\/#website","url":"http:\/\/ticaret.edu.tr\/finans-ve-bankacilik\/en\/","name":"Finans ve Bankac\u0131l\u0131k","description":"","potentialAction":[{"@type":"SearchAction","target":{"@type":"EntryPoint","urlTemplate":"http:\/\/ticaret.edu.tr\/finans-ve-bankacilik\/en\/?s={search_term_string}"},"query-input":"required name=search_term_string"}],"inLanguage":"tr"}]}},"lang":"tr","translations":{"en":538,"tr":10},"pll_sync_post":[],"_links":{"self":[{"href":"http:\/\/ticaret.edu.tr\/finans-ve-bankacilik\/wp-json\/wp\/v2\/pages\/10"}],"collection":[{"href":"http:\/\/ticaret.edu.tr\/finans-ve-bankacilik\/wp-json\/wp\/v2\/pages"}],"about":[{"href":"http:\/\/ticaret.edu.tr\/finans-ve-bankacilik\/wp-json\/wp\/v2\/types\/page"}],"author":[{"embeddable":true,"href":"http:\/\/ticaret.edu.tr\/finans-ve-bankacilik\/wp-json\/wp\/v2\/users\/1"}],"replies":[{"embeddable":true,"href":"http:\/\/ticaret.edu.tr\/finans-ve-bankacilik\/wp-json\/wp\/v2\/comments?post=10"}],"version-history":[{"count":51,"href":"http:\/\/ticaret.edu.tr\/finans-ve-bankacilik\/wp-json\/wp\/v2\/pages\/10\/revisions"}],"predecessor-version":[{"id":1861,"href":"http:\/\/ticaret.edu.tr\/finans-ve-bankacilik\/wp-json\/wp\/v2\/pages\/10\/revisions\/1861"}],"wp:attachment":[{"href":"http:\/\/ticaret.edu.tr\/finans-ve-bankacilik\/wp-json\/wp\/v2\/media?parent=10"}],"curies":[{"name":"wp","href":"https:\/\/api.w.org\/{rel}","templated":true}]}}