{"id":1370,"date":"2025-01-26T21:25:40","date_gmt":"2025-01-26T18:25:40","guid":{"rendered":"https:\/\/ticaret.edu.tr\/finans-ve-bankacilik\/?page_id=1370"},"modified":"2025-10-21T11:47:29","modified_gmt":"2025-10-21T08:47:29","slug":"giris-yazisi","status":"publish","type":"page","link":"http:\/\/ticaret.edu.tr\/finans-ve-bankacilik\/giris-yazisi\/","title":{"rendered":"G\u0130R\u0130\u015e YAZISI"},"content":{"rendered":"<p>Finans ve Bankac\u0131l\u0131k (\u0130ngilizce) B\u00f6l\u00fcm\u00fc, gelece\u011fin i\u015f insanlar\u0131n\u0131, bankac\u0131l\u0131k ve finans profesyonellerini ve akademisyenlerini yeti\u015ftirmeyi hedeflemektedir. Lisans e\u011fitiminin yan\u0131 s\u0131ra, Ticaret ve Finans Enstit\u00fcs\u00fc b\u00fcnyesinde lisans\u00fcst\u00fc programlar da sunulmaktad\u0131r. Ticaret ve Finans Enstit\u00fcs\u00fc, T\u00fcrkiye&#8217;de Finans, Bankac\u0131l\u0131k, Sigortac\u0131l\u0131k ve Risk Y\u00f6netimi ve Sermaye Piyasalar\u0131 gibi uzmanl\u0131k alanlar\u0131nda uzmanla\u015fm\u0131\u015f lisans\u00fcst\u00fc e\u011fitim sunan ilk ve tek enstit\u00fcd\u00fcr. Finans ve Bankac\u0131l\u0131k (\u0130ngilizce) B\u00f6l\u00fcm\u00fc Ticaret ve Finans Enstit\u00fcs\u00fc ile koordineli olmas\u0131 bak\u0131m\u0131ndan finans \u00e7evreleriyle do\u011frudan ba\u011flant\u0131 i\u00e7erisinde oldu\u011fu i\u00e7in fark olu\u015fturmaktad\u0131r.<\/p>\n","protected":false},"excerpt":{"rendered":"<p>Finans ve Bankac\u0131l\u0131k (\u0130ngilizce) B\u00f6l\u00fcm\u00fc, gelece\u011fin i\u015f insanlar\u0131n\u0131, bankac\u0131l\u0131k ve finans profesyonellerini ve akademisyenlerini yeti\u015ftirmeyi hedeflemektedir. Lisans e\u011fitiminin yan\u0131 s\u0131ra, Ticaret ve Finans Enstit\u00fcs\u00fc b\u00fcnyesinde lisans\u00fcst\u00fc programlar da sunulmaktad\u0131r. Ticaret ve Finans Enstit\u00fcs\u00fc, T\u00fcrkiye&#8217;de Finans, Bankac\u0131l\u0131k, Sigortac\u0131l\u0131k ve Risk Y\u00f6netimi ve Sermaye Piyasalar\u0131 gibi uzmanl\u0131k alanlar\u0131nda uzmanla\u015fm\u0131\u015f lisans\u00fcst\u00fc e\u011fitim sunan ilk ve tek enstit\u00fcd\u00fcr. Finans [&hellip;]<\/p>\n","protected":false},"author":98,"featured_media":0,"parent":0,"menu_order":0,"comment_status":"closed","ping_status":"closed","template":"genel_sayfa.php","meta":{"footnotes":""},"yoast_head":"<!-- This site is optimized with the Yoast SEO Premium plugin v22.1 (Yoast SEO v22.1) - https:\/\/yoast.com\/wordpress\/plugins\/seo\/ -->\n<title>G\u0130R\u0130\u015e YAZISI - Finans ve Bankac\u0131l\u0131k<\/title>\n<meta name=\"robots\" content=\"index, follow, max-snippet:-1, max-image-preview:large, max-video-preview:-1\" \/>\n<link rel=\"canonical\" href=\"http:\/\/ticaret.edu.tr\/finans-ve-bankacilik\/giris-yazisi\/\" \/>\n<meta property=\"og:locale\" content=\"tr_TR\" \/>\n<meta property=\"og:type\" content=\"article\" \/>\n<meta property=\"og:title\" content=\"G\u0130R\u0130\u015e YAZISI\" \/>\n<meta property=\"og:description\" content=\"Finans ve Bankac\u0131l\u0131k (\u0130ngilizce) B\u00f6l\u00fcm\u00fc, gelece\u011fin i\u015f insanlar\u0131n\u0131, bankac\u0131l\u0131k ve finans profesyonellerini ve akademisyenlerini yeti\u015ftirmeyi hedeflemektedir. Lisans e\u011fitiminin yan\u0131 s\u0131ra, Ticaret ve Finans Enstit\u00fcs\u00fc b\u00fcnyesinde lisans\u00fcst\u00fc programlar da sunulmaktad\u0131r. Ticaret ve Finans Enstit\u00fcs\u00fc, T\u00fcrkiye&#8217;de Finans, Bankac\u0131l\u0131k, Sigortac\u0131l\u0131k ve Risk Y\u00f6netimi ve Sermaye Piyasalar\u0131 gibi uzmanl\u0131k alanlar\u0131nda uzmanla\u015fm\u0131\u015f lisans\u00fcst\u00fc e\u011fitim sunan ilk ve tek enstit\u00fcd\u00fcr. Finans [&hellip;]\" \/>\n<meta property=\"og:url\" content=\"http:\/\/ticaret.edu.tr\/finans-ve-bankacilik\/giris-yazisi\/\" \/>\n<meta property=\"og:site_name\" content=\"Finans ve Bankac\u0131l\u0131k\" \/>\n<meta property=\"article:publisher\" content=\"https:\/\/www.facebook.com\/ticaretedutr\" \/>\n<meta property=\"article:modified_time\" content=\"2025-10-21T08:47:29+00:00\" \/>\n<meta property=\"og:image\" content=\"http:\/\/ticaret.edu.tr\/finans-ve-bankacilik\/wp-content\/uploads\/sites\/15\/2021\/11\/web_logo-01.jpg\" \/>\n\t<meta property=\"og:image:width\" content=\"1250\" \/>\n\t<meta property=\"og:image:height\" content=\"833\" \/>\n\t<meta property=\"og:image:type\" content=\"image\/jpeg\" \/>\n<meta name=\"twitter:card\" content=\"summary_large_image\" \/>\n<meta name=\"twitter:site\" content=\"@ticaretedutr\" \/>\n<meta name=\"twitter:label1\" content=\"Tahmini okuma s\u00fcresi\" \/>\n\t<meta name=\"twitter:data1\" content=\"1 dakika\" \/>\n<script type=\"application\/ld+json\" class=\"yoast-schema-graph\">{\"@context\":\"https:\/\/schema.org\",\"@graph\":[{\"@type\":\"WebPage\",\"@id\":\"http:\/\/ticaret.edu.tr\/finans-ve-bankacilik\/giris-yazisi\/\",\"url\":\"http:\/\/ticaret.edu.tr\/finans-ve-bankacilik\/giris-yazisi\/\",\"name\":\"G\u0130R\u0130\u015e YAZISI - Finans ve Bankac\u0131l\u0131k\",\"isPartOf\":{\"@id\":\"http:\/\/ticaret.edu.tr\/finans-ve-bankacilik\/#website\"},\"datePublished\":\"2025-01-26T18:25:40+00:00\",\"dateModified\":\"2025-10-21T08:47:29+00:00\",\"breadcrumb\":{\"@id\":\"http:\/\/ticaret.edu.tr\/finans-ve-bankacilik\/giris-yazisi\/#breadcrumb\"},\"inLanguage\":\"tr\",\"potentialAction\":[{\"@type\":\"ReadAction\",\"target\":[\"http:\/\/ticaret.edu.tr\/finans-ve-bankacilik\/giris-yazisi\/\"]}]},{\"@type\":\"BreadcrumbList\",\"@id\":\"http:\/\/ticaret.edu.tr\/finans-ve-bankacilik\/giris-yazisi\/#breadcrumb\",\"itemListElement\":[{\"@type\":\"ListItem\",\"position\":1,\"name\":\"Ana sayfa\",\"item\":\"http:\/\/ticaret.edu.tr\/finans-ve-bankacilik\/\"},{\"@type\":\"ListItem\",\"position\":2,\"name\":\"G\u0130R\u0130\u015e YAZISI\"}]},{\"@type\":\"WebSite\",\"@id\":\"http:\/\/ticaret.edu.tr\/finans-ve-bankacilik\/#website\",\"url\":\"http:\/\/ticaret.edu.tr\/finans-ve-bankacilik\/\",\"name\":\"Finans ve Bankac\u0131l\u0131k\",\"description\":\"\",\"potentialAction\":[{\"@type\":\"SearchAction\",\"target\":{\"@type\":\"EntryPoint\",\"urlTemplate\":\"http:\/\/ticaret.edu.tr\/finans-ve-bankacilik\/?s={search_term_string}\"},\"query-input\":\"required name=search_term_string\"}],\"inLanguage\":\"tr\"}]}<\/script>\n<!-- \/ Yoast SEO Premium plugin. -->","yoast_head_json":{"title":"G\u0130R\u0130\u015e YAZISI - Finans ve Bankac\u0131l\u0131k","robots":{"index":"index","follow":"follow","max-snippet":"max-snippet:-1","max-image-preview":"max-image-preview:large","max-video-preview":"max-video-preview:-1"},"canonical":"http:\/\/ticaret.edu.tr\/finans-ve-bankacilik\/giris-yazisi\/","og_locale":"tr_TR","og_type":"article","og_title":"G\u0130R\u0130\u015e YAZISI","og_description":"Finans ve Bankac\u0131l\u0131k (\u0130ngilizce) B\u00f6l\u00fcm\u00fc, gelece\u011fin i\u015f insanlar\u0131n\u0131, bankac\u0131l\u0131k ve finans profesyonellerini ve akademisyenlerini yeti\u015ftirmeyi hedeflemektedir. Lisans e\u011fitiminin yan\u0131 s\u0131ra, Ticaret ve Finans Enstit\u00fcs\u00fc b\u00fcnyesinde lisans\u00fcst\u00fc programlar da sunulmaktad\u0131r. Ticaret ve Finans Enstit\u00fcs\u00fc, T\u00fcrkiye&#8217;de Finans, Bankac\u0131l\u0131k, Sigortac\u0131l\u0131k ve Risk Y\u00f6netimi ve Sermaye Piyasalar\u0131 gibi uzmanl\u0131k alanlar\u0131nda uzmanla\u015fm\u0131\u015f lisans\u00fcst\u00fc e\u011fitim sunan ilk ve tek enstit\u00fcd\u00fcr. Finans [&hellip;]","og_url":"http:\/\/ticaret.edu.tr\/finans-ve-bankacilik\/giris-yazisi\/","og_site_name":"Finans ve Bankac\u0131l\u0131k","article_publisher":"https:\/\/www.facebook.com\/ticaretedutr","article_modified_time":"2025-10-21T08:47:29+00:00","og_image":[{"width":1250,"height":833,"url":"http:\/\/ticaret.edu.tr\/finans-ve-bankacilik\/wp-content\/uploads\/sites\/15\/2021\/11\/web_logo-01.jpg","type":"image\/jpeg"}],"twitter_card":"summary_large_image","twitter_site":"@ticaretedutr","twitter_misc":{"Tahmini okuma s\u00fcresi":"1 dakika"},"schema":{"@context":"https:\/\/schema.org","@graph":[{"@type":"WebPage","@id":"http:\/\/ticaret.edu.tr\/finans-ve-bankacilik\/giris-yazisi\/","url":"http:\/\/ticaret.edu.tr\/finans-ve-bankacilik\/giris-yazisi\/","name":"G\u0130R\u0130\u015e YAZISI - Finans ve Bankac\u0131l\u0131k","isPartOf":{"@id":"http:\/\/ticaret.edu.tr\/finans-ve-bankacilik\/#website"},"datePublished":"2025-01-26T18:25:40+00:00","dateModified":"2025-10-21T08:47:29+00:00","breadcrumb":{"@id":"http:\/\/ticaret.edu.tr\/finans-ve-bankacilik\/giris-yazisi\/#breadcrumb"},"inLanguage":"tr","potentialAction":[{"@type":"ReadAction","target":["http:\/\/ticaret.edu.tr\/finans-ve-bankacilik\/giris-yazisi\/"]}]},{"@type":"BreadcrumbList","@id":"http:\/\/ticaret.edu.tr\/finans-ve-bankacilik\/giris-yazisi\/#breadcrumb","itemListElement":[{"@type":"ListItem","position":1,"name":"Ana sayfa","item":"http:\/\/ticaret.edu.tr\/finans-ve-bankacilik\/"},{"@type":"ListItem","position":2,"name":"G\u0130R\u0130\u015e YAZISI"}]},{"@type":"WebSite","@id":"http:\/\/ticaret.edu.tr\/finans-ve-bankacilik\/#website","url":"http:\/\/ticaret.edu.tr\/finans-ve-bankacilik\/","name":"Finans ve Bankac\u0131l\u0131k","description":"","potentialAction":[{"@type":"SearchAction","target":{"@type":"EntryPoint","urlTemplate":"http:\/\/ticaret.edu.tr\/finans-ve-bankacilik\/?s={search_term_string}"},"query-input":"required name=search_term_string"}],"inLanguage":"tr"}]}},"lang":"tr","translations":{"en":1602,"tr":1370},"pll_sync_post":[],"_links":{"self":[{"href":"http:\/\/ticaret.edu.tr\/finans-ve-bankacilik\/wp-json\/wp\/v2\/pages\/1370"}],"collection":[{"href":"http:\/\/ticaret.edu.tr\/finans-ve-bankacilik\/wp-json\/wp\/v2\/pages"}],"about":[{"href":"http:\/\/ticaret.edu.tr\/finans-ve-bankacilik\/wp-json\/wp\/v2\/types\/page"}],"author":[{"embeddable":true,"href":"http:\/\/ticaret.edu.tr\/finans-ve-bankacilik\/wp-json\/wp\/v2\/users\/98"}],"replies":[{"embeddable":true,"href":"http:\/\/ticaret.edu.tr\/finans-ve-bankacilik\/wp-json\/wp\/v2\/comments?post=1370"}],"version-history":[{"count":2,"href":"http:\/\/ticaret.edu.tr\/finans-ve-bankacilik\/wp-json\/wp\/v2\/pages\/1370\/revisions"}],"predecessor-version":[{"id":1949,"href":"http:\/\/ticaret.edu.tr\/finans-ve-bankacilik\/wp-json\/wp\/v2\/pages\/1370\/revisions\/1949"}],"wp:attachment":[{"href":"http:\/\/ticaret.edu.tr\/finans-ve-bankacilik\/wp-json\/wp\/v2\/media?parent=1370"}],"curies":[{"name":"wp","href":"https:\/\/api.w.org\/{rel}","templated":true}]}}