{"id":1375,"date":"2025-01-26T21:25:37","date_gmt":"2025-01-26T18:25:37","guid":{"rendered":"https:\/\/ticaret.edu.tr\/finans-ve-bankacilik\/?page_id=1375"},"modified":"2025-10-21T11:48:45","modified_gmt":"2025-10-21T08:48:45","slug":"aday-ogrenci","status":"publish","type":"page","link":"http:\/\/ticaret.edu.tr\/finans-ve-bankacilik\/aday-ogrenci\/","title":{"rendered":"ADAY \u00d6\u011eRENC\u0130"},"content":{"rendered":"<p>\u0130stanbul Ticaret \u00dcniversitesi d\u00f6n\u00fc\u015ft\u00fcr\u00fcc\u00fc \u00f6\u011frenci deneyimi ile akademik, sosyal ve k\u00fclt\u00fcrel geli\u015fime destek sa\u011flamaktad\u0131r.. \u00dcniversitemiz sundu\u011fu olanaklarla \u00f6\u011frencilerinin yetkinliklerini ke\u015ffetmesini sa\u011flayan kapsaml\u0131 e\u011fitim yakla\u015f\u0131m\u0131 ile mezunlar\u0131n\u0131n i\u015f d\u00fcnyas\u0131 i\u00e7in donan\u0131ml\u0131 hale gelmelerini, sosyal aktivitelerle yeni yetkinlikler edinerek kendilerini geli\u015ftirmelerini, mezun olmadan \u00f6nce de\u011fi\u015fim programlar\u0131 ya da staj olanaklar\u0131yla yurt d\u0131\u015f\u0131na \u00e7\u0131karak global bir vizyon edinmelerini hedeflemektedir.<\/p>\n<p>Finans ve Bankac\u0131l\u0131k (\u0130ngilizce) B\u00f6l\u00fcm\u00fc \u00f6\u011frencilerimiz, finans sekt\u00f6r\u00fcn\u00fcn h\u0131zl\u0131 geli\u015fimi ve bu alanda nitelikli personele kar\u015f\u0131 her ge\u00e7en g\u00fcn artan ihtiya\u00e7, yeti\u015fmi\u015f uzmanlara duyulan talep do\u011frultusunda geni\u015f \u00e7al\u0131\u015fma a\u011f\u0131na sahiptirler. Kamu ve \u00f6zel kurulu\u015flarda istihdam imk\u00e2n\u0131na sahip olan mezunlar\u0131m\u0131z, ulusal ve uluslararas\u0131 alanlarda s\u00f6z sahibi orta ve \u00fcst d\u00fczey y\u00f6netici olarak yer alacaklard\u0131r. Mezunlar\u0131m\u0131z Finans ve Bankac\u0131l\u0131k alan\u0131nda alacaklar\u0131 lisans derecesiyle ele\u015ftirel ve yarat\u0131c\u0131 d\u00fc\u015f\u00fcnebilecek, bilim ve teknoloji \u0131\u015f\u0131\u011f\u0131nda hareket ederek finans\u0131n farkl\u0131 disiplinlerinde lider konumlarda rol \u00fcstlenebilecek \u015fekilde bilgi birikimine sahip olacaklard\u0131r.<\/p>\n<p>B\u00f6l\u00fcm m\u00fcfredat\u0131ndaki teorik ve uygulamal\u0131 dersler, donan\u0131ml\u0131 akademik kadro, \u00f6\u011frenci toplulu\u011fu etkinlikleri ve gezileri, Uygulamal\u0131 Bankac\u0131l\u0131k ve BISTLAB labororatuvar\u0131nda ger\u00e7ekle\u015ftirilen sekt\u00f6re y\u00f6nelik uygulamalar, sekt\u00f6rel tecr\u00fcbesi y\u00fcksek uzmanlar\u0131n derslere kat\u0131l\u0131m\u0131 ile mezunlar\u0131m\u0131z sekt\u00f6r\u00fcn her dal\u0131nda dal\u0131nda aktif bir \u015fekilde istihdam imkan\u0131na sahiptirler.<\/p>\n","protected":false},"excerpt":{"rendered":"<p>\u0130stanbul Ticaret \u00dcniversitesi d\u00f6n\u00fc\u015ft\u00fcr\u00fcc\u00fc \u00f6\u011frenci deneyimi ile akademik, sosyal ve k\u00fclt\u00fcrel geli\u015fime destek sa\u011flamaktad\u0131r.. \u00dcniversitemiz sundu\u011fu olanaklarla \u00f6\u011frencilerinin yetkinliklerini ke\u015ffetmesini sa\u011flayan kapsaml\u0131 e\u011fitim yakla\u015f\u0131m\u0131 ile mezunlar\u0131n\u0131n i\u015f d\u00fcnyas\u0131 i\u00e7in donan\u0131ml\u0131 hale gelmelerini, sosyal aktivitelerle yeni yetkinlikler edinerek kendilerini geli\u015ftirmelerini, mezun olmadan \u00f6nce de\u011fi\u015fim programlar\u0131 ya da staj olanaklar\u0131yla yurt d\u0131\u015f\u0131na \u00e7\u0131karak global bir vizyon edinmelerini [&hellip;]<\/p>\n","protected":false},"author":98,"featured_media":0,"parent":0,"menu_order":0,"comment_status":"closed","ping_status":"closed","template":"genel_sayfa.php","meta":{"footnotes":""},"yoast_head":"<!-- This site is optimized with the Yoast SEO Premium plugin v22.1 (Yoast SEO v22.1) - https:\/\/yoast.com\/wordpress\/plugins\/seo\/ -->\n<title>ADAY \u00d6\u011eRENC\u0130 - Finans ve Bankac\u0131l\u0131k<\/title>\n<meta name=\"robots\" content=\"index, follow, max-snippet:-1, max-image-preview:large, max-video-preview:-1\" \/>\n<link rel=\"canonical\" href=\"https:\/\/ticaret.edu.tr\/finans-ve-bankacilik\/aday-ogrenci\/\" \/>\n<meta property=\"og:locale\" content=\"tr_TR\" \/>\n<meta property=\"og:type\" content=\"article\" \/>\n<meta property=\"og:title\" content=\"ADAY \u00d6\u011eRENC\u0130\" \/>\n<meta property=\"og:description\" content=\"\u0130stanbul Ticaret \u00dcniversitesi d\u00f6n\u00fc\u015ft\u00fcr\u00fcc\u00fc \u00f6\u011frenci deneyimi ile akademik, sosyal ve k\u00fclt\u00fcrel geli\u015fime destek sa\u011flamaktad\u0131r.. \u00dcniversitemiz sundu\u011fu olanaklarla \u00f6\u011frencilerinin yetkinliklerini ke\u015ffetmesini sa\u011flayan kapsaml\u0131 e\u011fitim yakla\u015f\u0131m\u0131 ile mezunlar\u0131n\u0131n i\u015f d\u00fcnyas\u0131 i\u00e7in donan\u0131ml\u0131 hale gelmelerini, sosyal aktivitelerle yeni yetkinlikler edinerek kendilerini geli\u015ftirmelerini, mezun olmadan \u00f6nce de\u011fi\u015fim programlar\u0131 ya da staj olanaklar\u0131yla yurt d\u0131\u015f\u0131na \u00e7\u0131karak global bir vizyon edinmelerini [&hellip;]\" \/>\n<meta property=\"og:url\" content=\"https:\/\/ticaret.edu.tr\/finans-ve-bankacilik\/aday-ogrenci\/\" \/>\n<meta property=\"og:site_name\" content=\"Finans ve Bankac\u0131l\u0131k\" \/>\n<meta property=\"article:publisher\" content=\"https:\/\/www.facebook.com\/ticaretedutr\" \/>\n<meta property=\"article:modified_time\" content=\"2025-10-21T08:48:45+00:00\" \/>\n<meta property=\"og:image\" content=\"http:\/\/ticaret.edu.tr\/finans-ve-bankacilik\/wp-content\/uploads\/sites\/15\/2021\/11\/web_logo-01.jpg\" \/>\n\t<meta property=\"og:image:width\" content=\"1250\" \/>\n\t<meta property=\"og:image:height\" content=\"833\" \/>\n\t<meta property=\"og:image:type\" content=\"image\/jpeg\" \/>\n<meta name=\"twitter:card\" content=\"summary_large_image\" \/>\n<meta name=\"twitter:site\" content=\"@ticaretedutr\" \/>\n<meta name=\"twitter:label1\" content=\"Tahmini okuma s\u00fcresi\" \/>\n\t<meta name=\"twitter:data1\" content=\"2 dakika\" \/>\n<script type=\"application\/ld+json\" class=\"yoast-schema-graph\">{\"@context\":\"https:\/\/schema.org\",\"@graph\":[{\"@type\":\"WebPage\",\"@id\":\"https:\/\/ticaret.edu.tr\/finans-ve-bankacilik\/aday-ogrenci\/\",\"url\":\"https:\/\/ticaret.edu.tr\/finans-ve-bankacilik\/aday-ogrenci\/\",\"name\":\"ADAY \u00d6\u011eRENC\u0130 - Finans ve Bankac\u0131l\u0131k\",\"isPartOf\":{\"@id\":\"https:\/\/ticaret.edu.tr\/finans-ve-bankacilik\/en\/#website\"},\"datePublished\":\"2025-01-26T18:25:37+00:00\",\"dateModified\":\"2025-10-21T08:48:45+00:00\",\"breadcrumb\":{\"@id\":\"https:\/\/ticaret.edu.tr\/finans-ve-bankacilik\/aday-ogrenci\/#breadcrumb\"},\"inLanguage\":\"tr\",\"potentialAction\":[{\"@type\":\"ReadAction\",\"target\":[\"https:\/\/ticaret.edu.tr\/finans-ve-bankacilik\/aday-ogrenci\/\"]}]},{\"@type\":\"BreadcrumbList\",\"@id\":\"https:\/\/ticaret.edu.tr\/finans-ve-bankacilik\/aday-ogrenci\/#breadcrumb\",\"itemListElement\":[{\"@type\":\"ListItem\",\"position\":1,\"name\":\"Ana sayfa\",\"item\":\"https:\/\/ticaret.edu.tr\/finans-ve-bankacilik\/\"},{\"@type\":\"ListItem\",\"position\":2,\"name\":\"ADAY \u00d6\u011eRENC\u0130\"}]},{\"@type\":\"WebSite\",\"@id\":\"https:\/\/ticaret.edu.tr\/finans-ve-bankacilik\/en\/#website\",\"url\":\"https:\/\/ticaret.edu.tr\/finans-ve-bankacilik\/en\/\",\"name\":\"Finans ve Bankac\u0131l\u0131k\",\"description\":\"\",\"potentialAction\":[{\"@type\":\"SearchAction\",\"target\":{\"@type\":\"EntryPoint\",\"urlTemplate\":\"https:\/\/ticaret.edu.tr\/finans-ve-bankacilik\/en\/?s={search_term_string}\"},\"query-input\":\"required name=search_term_string\"}],\"inLanguage\":\"tr\"}]}<\/script>\n<!-- \/ Yoast SEO Premium plugin. -->","yoast_head_json":{"title":"ADAY \u00d6\u011eRENC\u0130 - Finans ve Bankac\u0131l\u0131k","robots":{"index":"index","follow":"follow","max-snippet":"max-snippet:-1","max-image-preview":"max-image-preview:large","max-video-preview":"max-video-preview:-1"},"canonical":"https:\/\/ticaret.edu.tr\/finans-ve-bankacilik\/aday-ogrenci\/","og_locale":"tr_TR","og_type":"article","og_title":"ADAY \u00d6\u011eRENC\u0130","og_description":"\u0130stanbul Ticaret \u00dcniversitesi d\u00f6n\u00fc\u015ft\u00fcr\u00fcc\u00fc \u00f6\u011frenci deneyimi ile akademik, sosyal ve k\u00fclt\u00fcrel geli\u015fime destek sa\u011flamaktad\u0131r.. \u00dcniversitemiz sundu\u011fu olanaklarla \u00f6\u011frencilerinin yetkinliklerini ke\u015ffetmesini sa\u011flayan kapsaml\u0131 e\u011fitim yakla\u015f\u0131m\u0131 ile mezunlar\u0131n\u0131n i\u015f d\u00fcnyas\u0131 i\u00e7in donan\u0131ml\u0131 hale gelmelerini, sosyal aktivitelerle yeni yetkinlikler edinerek kendilerini geli\u015ftirmelerini, mezun olmadan \u00f6nce de\u011fi\u015fim programlar\u0131 ya da staj olanaklar\u0131yla yurt d\u0131\u015f\u0131na \u00e7\u0131karak global bir vizyon edinmelerini [&hellip;]","og_url":"https:\/\/ticaret.edu.tr\/finans-ve-bankacilik\/aday-ogrenci\/","og_site_name":"Finans ve Bankac\u0131l\u0131k","article_publisher":"https:\/\/www.facebook.com\/ticaretedutr","article_modified_time":"2025-10-21T08:48:45+00:00","og_image":[{"width":1250,"height":833,"url":"http:\/\/ticaret.edu.tr\/finans-ve-bankacilik\/wp-content\/uploads\/sites\/15\/2021\/11\/web_logo-01.jpg","type":"image\/jpeg"}],"twitter_card":"summary_large_image","twitter_site":"@ticaretedutr","twitter_misc":{"Tahmini okuma s\u00fcresi":"2 dakika"},"schema":{"@context":"https:\/\/schema.org","@graph":[{"@type":"WebPage","@id":"https:\/\/ticaret.edu.tr\/finans-ve-bankacilik\/aday-ogrenci\/","url":"https:\/\/ticaret.edu.tr\/finans-ve-bankacilik\/aday-ogrenci\/","name":"ADAY \u00d6\u011eRENC\u0130 - Finans ve Bankac\u0131l\u0131k","isPartOf":{"@id":"https:\/\/ticaret.edu.tr\/finans-ve-bankacilik\/en\/#website"},"datePublished":"2025-01-26T18:25:37+00:00","dateModified":"2025-10-21T08:48:45+00:00","breadcrumb":{"@id":"https:\/\/ticaret.edu.tr\/finans-ve-bankacilik\/aday-ogrenci\/#breadcrumb"},"inLanguage":"tr","potentialAction":[{"@type":"ReadAction","target":["https:\/\/ticaret.edu.tr\/finans-ve-bankacilik\/aday-ogrenci\/"]}]},{"@type":"BreadcrumbList","@id":"https:\/\/ticaret.edu.tr\/finans-ve-bankacilik\/aday-ogrenci\/#breadcrumb","itemListElement":[{"@type":"ListItem","position":1,"name":"Ana sayfa","item":"https:\/\/ticaret.edu.tr\/finans-ve-bankacilik\/"},{"@type":"ListItem","position":2,"name":"ADAY \u00d6\u011eRENC\u0130"}]},{"@type":"WebSite","@id":"https:\/\/ticaret.edu.tr\/finans-ve-bankacilik\/en\/#website","url":"https:\/\/ticaret.edu.tr\/finans-ve-bankacilik\/en\/","name":"Finans ve Bankac\u0131l\u0131k","description":"","potentialAction":[{"@type":"SearchAction","target":{"@type":"EntryPoint","urlTemplate":"https:\/\/ticaret.edu.tr\/finans-ve-bankacilik\/en\/?s={search_term_string}"},"query-input":"required name=search_term_string"}],"inLanguage":"tr"}]}},"lang":"tr","translations":{"en":1598,"tr":1375},"pll_sync_post":[],"_links":{"self":[{"href":"http:\/\/ticaret.edu.tr\/finans-ve-bankacilik\/wp-json\/wp\/v2\/pages\/1375"}],"collection":[{"href":"http:\/\/ticaret.edu.tr\/finans-ve-bankacilik\/wp-json\/wp\/v2\/pages"}],"about":[{"href":"http:\/\/ticaret.edu.tr\/finans-ve-bankacilik\/wp-json\/wp\/v2\/types\/page"}],"author":[{"embeddable":true,"href":"http:\/\/ticaret.edu.tr\/finans-ve-bankacilik\/wp-json\/wp\/v2\/users\/98"}],"replies":[{"embeddable":true,"href":"http:\/\/ticaret.edu.tr\/finans-ve-bankacilik\/wp-json\/wp\/v2\/comments?post=1375"}],"version-history":[{"count":2,"href":"http:\/\/ticaret.edu.tr\/finans-ve-bankacilik\/wp-json\/wp\/v2\/pages\/1375\/revisions"}],"predecessor-version":[{"id":1952,"href":"http:\/\/ticaret.edu.tr\/finans-ve-bankacilik\/wp-json\/wp\/v2\/pages\/1375\/revisions\/1952"}],"wp:attachment":[{"href":"http:\/\/ticaret.edu.tr\/finans-ve-bankacilik\/wp-json\/wp\/v2\/media?parent=1375"}],"curies":[{"name":"wp","href":"https:\/\/api.w.org\/{rel}","templated":true}]}}