{"id":1379,"date":"2025-01-26T21:25:36","date_gmt":"2025-01-26T18:25:36","guid":{"rendered":"https:\/\/ticaret.edu.tr\/finans-ve-bankacilik\/?page_id=1379"},"modified":"2025-10-21T11:50:18","modified_gmt":"2025-10-21T08:50:18","slug":"tarihce","status":"publish","type":"page","link":"http:\/\/ticaret.edu.tr\/finans-ve-bankacilik\/tarihce\/","title":{"rendered":"TAR\u0130H\u00c7E"},"content":{"rendered":"<p>2020 y\u0131l\u0131ndan bu yana b\u00f6l\u00fcm\u00fcm\u00fczde e\u011fitim dili \u0130ngilizce&#8217;dir. Bu karar\u0131n arkas\u0131ndaki temel sebep, \u00f6\u011frencilerimizi uluslararas\u0131 piyasalara entegre etmek ve \u0130stanbul&#8217;u Uluslararas\u0131 Finans Merkezi yapma hedefi do\u011frultusunda nitelikli i\u015f g\u00fcc\u00fc sa\u011flamakt\u0131r. Finans ve Bankac\u0131l\u0131k B\u00f6l\u00fcm\u00fc, \u00f6\u011frencilerin uluslararas\u0131 ara\u015ft\u0131rmac\u0131lar\u0131n ve sekt\u00f6r profesyonellerinin deneyimlerinden faydalanmalar\u0131n\u0131 sa\u011flamak i\u00e7in ulusal ve uluslararas\u0131 seviyede seminerler ve \u00e7al\u0131\u015ftaylar d\u00fczenlemektedir.<\/p>\n","protected":false},"excerpt":{"rendered":"<p>2020 y\u0131l\u0131ndan bu yana b\u00f6l\u00fcm\u00fcm\u00fczde e\u011fitim dili \u0130ngilizce&#8217;dir. Bu karar\u0131n arkas\u0131ndaki temel sebep, \u00f6\u011frencilerimizi uluslararas\u0131 piyasalara entegre etmek ve \u0130stanbul&#8217;u Uluslararas\u0131 Finans Merkezi yapma hedefi do\u011frultusunda nitelikli i\u015f g\u00fcc\u00fc sa\u011flamakt\u0131r. Finans ve Bankac\u0131l\u0131k B\u00f6l\u00fcm\u00fc, \u00f6\u011frencilerin uluslararas\u0131 ara\u015ft\u0131rmac\u0131lar\u0131n ve sekt\u00f6r profesyonellerinin deneyimlerinden faydalanmalar\u0131n\u0131 sa\u011flamak i\u00e7in ulusal ve uluslararas\u0131 seviyede seminerler ve \u00e7al\u0131\u015ftaylar d\u00fczenlemektedir.<\/p>\n","protected":false},"author":98,"featured_media":0,"parent":0,"menu_order":0,"comment_status":"closed","ping_status":"closed","template":"genel_sayfa.php","meta":{"footnotes":""},"yoast_head":"<!-- This site is optimized with the Yoast SEO Premium plugin v22.1 (Yoast SEO v22.1) - https:\/\/yoast.com\/wordpress\/plugins\/seo\/ -->\n<title>TAR\u0130H\u00c7E - Finans ve Bankac\u0131l\u0131k<\/title>\n<meta name=\"robots\" content=\"index, follow, max-snippet:-1, max-image-preview:large, max-video-preview:-1\" \/>\n<link rel=\"canonical\" href=\"http:\/\/ticaret.edu.tr\/finans-ve-bankacilik\/tarihce\/\" \/>\n<meta property=\"og:locale\" content=\"tr_TR\" \/>\n<meta property=\"og:type\" content=\"article\" \/>\n<meta property=\"og:title\" content=\"TAR\u0130H\u00c7E\" \/>\n<meta property=\"og:description\" content=\"2020 y\u0131l\u0131ndan bu yana b\u00f6l\u00fcm\u00fcm\u00fczde e\u011fitim dili \u0130ngilizce&#8217;dir. Bu karar\u0131n arkas\u0131ndaki temel sebep, \u00f6\u011frencilerimizi uluslararas\u0131 piyasalara entegre etmek ve \u0130stanbul&#8217;u Uluslararas\u0131 Finans Merkezi yapma hedefi do\u011frultusunda nitelikli i\u015f g\u00fcc\u00fc sa\u011flamakt\u0131r. Finans ve Bankac\u0131l\u0131k B\u00f6l\u00fcm\u00fc, \u00f6\u011frencilerin uluslararas\u0131 ara\u015ft\u0131rmac\u0131lar\u0131n ve sekt\u00f6r profesyonellerinin deneyimlerinden faydalanmalar\u0131n\u0131 sa\u011flamak i\u00e7in ulusal ve uluslararas\u0131 seviyede seminerler ve \u00e7al\u0131\u015ftaylar d\u00fczenlemektedir.\" \/>\n<meta property=\"og:url\" content=\"http:\/\/ticaret.edu.tr\/finans-ve-bankacilik\/tarihce\/\" \/>\n<meta property=\"og:site_name\" content=\"Finans ve Bankac\u0131l\u0131k\" \/>\n<meta property=\"article:publisher\" content=\"https:\/\/www.facebook.com\/ticaretedutr\" \/>\n<meta property=\"article:modified_time\" content=\"2025-10-21T08:50:18+00:00\" \/>\n<meta property=\"og:image\" content=\"http:\/\/ticaret.edu.tr\/finans-ve-bankacilik\/wp-content\/uploads\/sites\/15\/2021\/11\/web_logo-01.jpg\" \/>\n\t<meta property=\"og:image:width\" content=\"1250\" \/>\n\t<meta property=\"og:image:height\" content=\"833\" \/>\n\t<meta property=\"og:image:type\" content=\"image\/jpeg\" \/>\n<meta name=\"twitter:card\" content=\"summary_large_image\" \/>\n<meta name=\"twitter:site\" content=\"@ticaretedutr\" \/>\n<meta name=\"twitter:label1\" content=\"Tahmini okuma s\u00fcresi\" \/>\n\t<meta name=\"twitter:data1\" content=\"1 dakika\" \/>\n<script type=\"application\/ld+json\" class=\"yoast-schema-graph\">{\"@context\":\"https:\/\/schema.org\",\"@graph\":[{\"@type\":\"WebPage\",\"@id\":\"http:\/\/ticaret.edu.tr\/finans-ve-bankacilik\/tarihce\/\",\"url\":\"http:\/\/ticaret.edu.tr\/finans-ve-bankacilik\/tarihce\/\",\"name\":\"TAR\u0130H\u00c7E - Finans ve Bankac\u0131l\u0131k\",\"isPartOf\":{\"@id\":\"https:\/\/ticaret.edu.tr\/finans-ve-bankacilik\/en\/#website\"},\"datePublished\":\"2025-01-26T18:25:36+00:00\",\"dateModified\":\"2025-10-21T08:50:18+00:00\",\"breadcrumb\":{\"@id\":\"http:\/\/ticaret.edu.tr\/finans-ve-bankacilik\/tarihce\/#breadcrumb\"},\"inLanguage\":\"tr\",\"potentialAction\":[{\"@type\":\"ReadAction\",\"target\":[\"http:\/\/ticaret.edu.tr\/finans-ve-bankacilik\/tarihce\/\"]}]},{\"@type\":\"BreadcrumbList\",\"@id\":\"http:\/\/ticaret.edu.tr\/finans-ve-bankacilik\/tarihce\/#breadcrumb\",\"itemListElement\":[{\"@type\":\"ListItem\",\"position\":1,\"name\":\"Ana sayfa\",\"item\":\"https:\/\/ticaret.edu.tr\/finans-ve-bankacilik\/\"},{\"@type\":\"ListItem\",\"position\":2,\"name\":\"TAR\u0130H\u00c7E\"}]},{\"@type\":\"WebSite\",\"@id\":\"https:\/\/ticaret.edu.tr\/finans-ve-bankacilik\/en\/#website\",\"url\":\"https:\/\/ticaret.edu.tr\/finans-ve-bankacilik\/en\/\",\"name\":\"Finans ve Bankac\u0131l\u0131k\",\"description\":\"\",\"potentialAction\":[{\"@type\":\"SearchAction\",\"target\":{\"@type\":\"EntryPoint\",\"urlTemplate\":\"https:\/\/ticaret.edu.tr\/finans-ve-bankacilik\/en\/?s={search_term_string}\"},\"query-input\":\"required name=search_term_string\"}],\"inLanguage\":\"tr\"}]}<\/script>\n<!-- \/ Yoast SEO Premium plugin. -->","yoast_head_json":{"title":"TAR\u0130H\u00c7E - Finans ve Bankac\u0131l\u0131k","robots":{"index":"index","follow":"follow","max-snippet":"max-snippet:-1","max-image-preview":"max-image-preview:large","max-video-preview":"max-video-preview:-1"},"canonical":"http:\/\/ticaret.edu.tr\/finans-ve-bankacilik\/tarihce\/","og_locale":"tr_TR","og_type":"article","og_title":"TAR\u0130H\u00c7E","og_description":"2020 y\u0131l\u0131ndan bu yana b\u00f6l\u00fcm\u00fcm\u00fczde e\u011fitim dili \u0130ngilizce&#8217;dir. Bu karar\u0131n arkas\u0131ndaki temel sebep, \u00f6\u011frencilerimizi uluslararas\u0131 piyasalara entegre etmek ve \u0130stanbul&#8217;u Uluslararas\u0131 Finans Merkezi yapma hedefi do\u011frultusunda nitelikli i\u015f g\u00fcc\u00fc sa\u011flamakt\u0131r. Finans ve Bankac\u0131l\u0131k B\u00f6l\u00fcm\u00fc, \u00f6\u011frencilerin uluslararas\u0131 ara\u015ft\u0131rmac\u0131lar\u0131n ve sekt\u00f6r profesyonellerinin deneyimlerinden faydalanmalar\u0131n\u0131 sa\u011flamak i\u00e7in ulusal ve uluslararas\u0131 seviyede seminerler ve \u00e7al\u0131\u015ftaylar d\u00fczenlemektedir.","og_url":"http:\/\/ticaret.edu.tr\/finans-ve-bankacilik\/tarihce\/","og_site_name":"Finans ve Bankac\u0131l\u0131k","article_publisher":"https:\/\/www.facebook.com\/ticaretedutr","article_modified_time":"2025-10-21T08:50:18+00:00","og_image":[{"width":1250,"height":833,"url":"http:\/\/ticaret.edu.tr\/finans-ve-bankacilik\/wp-content\/uploads\/sites\/15\/2021\/11\/web_logo-01.jpg","type":"image\/jpeg"}],"twitter_card":"summary_large_image","twitter_site":"@ticaretedutr","twitter_misc":{"Tahmini okuma s\u00fcresi":"1 dakika"},"schema":{"@context":"https:\/\/schema.org","@graph":[{"@type":"WebPage","@id":"http:\/\/ticaret.edu.tr\/finans-ve-bankacilik\/tarihce\/","url":"http:\/\/ticaret.edu.tr\/finans-ve-bankacilik\/tarihce\/","name":"TAR\u0130H\u00c7E - Finans ve Bankac\u0131l\u0131k","isPartOf":{"@id":"https:\/\/ticaret.edu.tr\/finans-ve-bankacilik\/en\/#website"},"datePublished":"2025-01-26T18:25:36+00:00","dateModified":"2025-10-21T08:50:18+00:00","breadcrumb":{"@id":"http:\/\/ticaret.edu.tr\/finans-ve-bankacilik\/tarihce\/#breadcrumb"},"inLanguage":"tr","potentialAction":[{"@type":"ReadAction","target":["http:\/\/ticaret.edu.tr\/finans-ve-bankacilik\/tarihce\/"]}]},{"@type":"BreadcrumbList","@id":"http:\/\/ticaret.edu.tr\/finans-ve-bankacilik\/tarihce\/#breadcrumb","itemListElement":[{"@type":"ListItem","position":1,"name":"Ana sayfa","item":"https:\/\/ticaret.edu.tr\/finans-ve-bankacilik\/"},{"@type":"ListItem","position":2,"name":"TAR\u0130H\u00c7E"}]},{"@type":"WebSite","@id":"https:\/\/ticaret.edu.tr\/finans-ve-bankacilik\/en\/#website","url":"https:\/\/ticaret.edu.tr\/finans-ve-bankacilik\/en\/","name":"Finans ve Bankac\u0131l\u0131k","description":"","potentialAction":[{"@type":"SearchAction","target":{"@type":"EntryPoint","urlTemplate":"https:\/\/ticaret.edu.tr\/finans-ve-bankacilik\/en\/?s={search_term_string}"},"query-input":"required name=search_term_string"}],"inLanguage":"tr"}]}},"lang":"tr","translations":{"en":1594,"tr":1379},"pll_sync_post":[],"_links":{"self":[{"href":"http:\/\/ticaret.edu.tr\/finans-ve-bankacilik\/wp-json\/wp\/v2\/pages\/1379"}],"collection":[{"href":"http:\/\/ticaret.edu.tr\/finans-ve-bankacilik\/wp-json\/wp\/v2\/pages"}],"about":[{"href":"http:\/\/ticaret.edu.tr\/finans-ve-bankacilik\/wp-json\/wp\/v2\/types\/page"}],"author":[{"embeddable":true,"href":"http:\/\/ticaret.edu.tr\/finans-ve-bankacilik\/wp-json\/wp\/v2\/users\/98"}],"replies":[{"embeddable":true,"href":"http:\/\/ticaret.edu.tr\/finans-ve-bankacilik\/wp-json\/wp\/v2\/comments?post=1379"}],"version-history":[{"count":2,"href":"http:\/\/ticaret.edu.tr\/finans-ve-bankacilik\/wp-json\/wp\/v2\/pages\/1379\/revisions"}],"predecessor-version":[{"id":1956,"href":"http:\/\/ticaret.edu.tr\/finans-ve-bankacilik\/wp-json\/wp\/v2\/pages\/1379\/revisions\/1956"}],"wp:attachment":[{"href":"http:\/\/ticaret.edu.tr\/finans-ve-bankacilik\/wp-json\/wp\/v2\/media?parent=1379"}],"curies":[{"name":"wp","href":"https:\/\/api.w.org\/{rel}","templated":true}]}}