{"id":1381,"date":"2025-01-26T21:28:32","date_gmt":"2025-01-26T18:28:32","guid":{"rendered":"https:\/\/ticaret.edu.tr\/finans-ve-bankacilik\/?page_id=1381"},"modified":"2025-10-21T11:52:24","modified_gmt":"2025-10-21T08:52:24","slug":"vizyon-ve-misyon","status":"publish","type":"page","link":"http:\/\/ticaret.edu.tr\/finans-ve-bankacilik\/vizyon-ve-misyon\/","title":{"rendered":"V\u0130ZYON VE M\u0130SYON"},"content":{"rendered":"<h3>Misyon<\/h3>\n<p>Finans ve bankac\u0131l\u0131k sekt\u00f6r\u00fcn\u00fcn ulusal ve uluslararas\u0131 \u00f6l\u00e7ekte geli\u015fen ihtiya\u00e7lar\u0131na cevap verebilecek, etik de\u011ferlere ba\u011fl\u0131, sorumluluk sahibi, analitik d\u00fc\u015f\u00fcnebilen ve \u00e7a\u011f\u0131n teknolojik gereksinimlerine uyum sa\u011flayan mezunlar yeti\u015ftirmek.<br \/>\n\u00d6\u011frencilere teorik bilgi birikimi ile birlikte uygulama becerisi kazand\u0131rmak, ara\u015ft\u0131rma k\u00fclt\u00fcr\u00fcn\u00fc te\u015fvik etmek ve sekt\u00f6rle g\u00fc\u00e7l\u00fc i\u015f birlikleri kurarak e\u011fitim-\u00f6\u011fretim faaliyetlerini s\u00fcrekli geli\u015ftirmek.<\/p>\n<h3>Vizyon<\/h3>\n<p>E\u011fitim kalitesi, akademik birikimi, teknolojik yeniliklere a\u00e7\u0131kl\u0131\u011f\u0131 ve sekt\u00f6rle kurdu\u011fu g\u00fc\u00e7l\u00fc i\u015f birlikleriyle Bankac\u0131l\u0131k, Sermaye Piyasas\u0131, Sigortac\u0131l\u0131k ve finans\u0131n t\u00fcm di\u011fer alanlar\u0131nda ulusal ve uluslararas\u0131 d\u00fczeyde tan\u0131nan, \u00f6nc\u00fc ve tercih edilen bir b\u00f6l\u00fcm olmak.<br \/>\nMezunlar\u0131n dinamik finans sekt\u00f6r\u00fcnde fark yaratan profesyoneller olarak yer almalar\u0131n\u0131 sa\u011flayarak sekt\u00f6re y\u00f6n veren akademik merkez olmak.<\/p>\n<p>&nbsp;<\/p>\n<h3>Temel De\u011ferler<\/h3>\n<p>Akademik M\u00fckemmeliyet<br \/>\nEtik ve Sorumluluk<br \/>\nS\u00fcrekli Geli\u015fim<br \/>\nYenilik\u00e7ilik ve Teknoloji Odakl\u0131l\u0131k<br \/>\nSekt\u00f6rle \u0130\u015f Birli\u011fi<br \/>\n\u00c7evresel ve Sosyal Duyarl\u0131l\u0131k<br \/>\nGiri\u015fimcilik ve Liderlik<\/p>\n","protected":false},"excerpt":{"rendered":"<p>Misyon Finans ve bankac\u0131l\u0131k sekt\u00f6r\u00fcn\u00fcn ulusal ve uluslararas\u0131 \u00f6l\u00e7ekte geli\u015fen ihtiya\u00e7lar\u0131na cevap verebilecek, etik de\u011ferlere ba\u011fl\u0131, sorumluluk sahibi, analitik d\u00fc\u015f\u00fcnebilen ve \u00e7a\u011f\u0131n teknolojik gereksinimlerine uyum sa\u011flayan mezunlar yeti\u015ftirmek. \u00d6\u011frencilere teorik bilgi birikimi ile birlikte uygulama becerisi kazand\u0131rmak, ara\u015ft\u0131rma k\u00fclt\u00fcr\u00fcn\u00fc te\u015fvik etmek ve sekt\u00f6rle g\u00fc\u00e7l\u00fc i\u015f birlikleri kurarak e\u011fitim-\u00f6\u011fretim faaliyetlerini s\u00fcrekli geli\u015ftirmek. Vizyon E\u011fitim kalitesi, akademik [&hellip;]<\/p>\n","protected":false},"author":98,"featured_media":0,"parent":0,"menu_order":0,"comment_status":"closed","ping_status":"closed","template":"genel_sayfa.php","meta":{"footnotes":""},"yoast_head":"<!-- This site is optimized with the Yoast SEO Premium plugin v22.1 (Yoast SEO v22.1) - https:\/\/yoast.com\/wordpress\/plugins\/seo\/ -->\n<title>V\u0130ZYON VE M\u0130SYON - Finans ve Bankac\u0131l\u0131k<\/title>\n<meta name=\"robots\" content=\"index, follow, max-snippet:-1, max-image-preview:large, max-video-preview:-1\" \/>\n<link rel=\"canonical\" href=\"http:\/\/ticaret.edu.tr\/finans-ve-bankacilik\/vizyon-ve-misyon\/\" \/>\n<meta property=\"og:locale\" content=\"tr_TR\" \/>\n<meta property=\"og:type\" content=\"article\" \/>\n<meta property=\"og:title\" content=\"V\u0130ZYON VE M\u0130SYON\" \/>\n<meta property=\"og:description\" content=\"Misyon Finans ve bankac\u0131l\u0131k sekt\u00f6r\u00fcn\u00fcn ulusal ve uluslararas\u0131 \u00f6l\u00e7ekte geli\u015fen ihtiya\u00e7lar\u0131na cevap verebilecek, etik de\u011ferlere ba\u011fl\u0131, sorumluluk sahibi, analitik d\u00fc\u015f\u00fcnebilen ve \u00e7a\u011f\u0131n teknolojik gereksinimlerine uyum sa\u011flayan mezunlar yeti\u015ftirmek. \u00d6\u011frencilere teorik bilgi birikimi ile birlikte uygulama becerisi kazand\u0131rmak, ara\u015ft\u0131rma k\u00fclt\u00fcr\u00fcn\u00fc te\u015fvik etmek ve sekt\u00f6rle g\u00fc\u00e7l\u00fc i\u015f birlikleri kurarak e\u011fitim-\u00f6\u011fretim faaliyetlerini s\u00fcrekli geli\u015ftirmek. Vizyon E\u011fitim kalitesi, akademik [&hellip;]\" \/>\n<meta property=\"og:url\" content=\"http:\/\/ticaret.edu.tr\/finans-ve-bankacilik\/vizyon-ve-misyon\/\" \/>\n<meta property=\"og:site_name\" content=\"Finans ve Bankac\u0131l\u0131k\" \/>\n<meta property=\"article:publisher\" content=\"https:\/\/www.facebook.com\/ticaretedutr\" \/>\n<meta property=\"article:modified_time\" content=\"2025-10-21T08:52:24+00:00\" \/>\n<meta property=\"og:image\" content=\"http:\/\/ticaret.edu.tr\/finans-ve-bankacilik\/wp-content\/uploads\/sites\/15\/2021\/11\/web_logo-01.jpg\" \/>\n\t<meta property=\"og:image:width\" content=\"1250\" \/>\n\t<meta property=\"og:image:height\" content=\"833\" \/>\n\t<meta property=\"og:image:type\" content=\"image\/jpeg\" \/>\n<meta name=\"twitter:card\" content=\"summary_large_image\" \/>\n<meta name=\"twitter:site\" content=\"@ticaretedutr\" \/>\n<meta name=\"twitter:label1\" content=\"Tahmini okuma s\u00fcresi\" \/>\n\t<meta name=\"twitter:data1\" content=\"1 dakika\" \/>\n<script type=\"application\/ld+json\" class=\"yoast-schema-graph\">{\"@context\":\"https:\/\/schema.org\",\"@graph\":[{\"@type\":\"WebPage\",\"@id\":\"http:\/\/ticaret.edu.tr\/finans-ve-bankacilik\/vizyon-ve-misyon\/\",\"url\":\"http:\/\/ticaret.edu.tr\/finans-ve-bankacilik\/vizyon-ve-misyon\/\",\"name\":\"V\u0130ZYON VE M\u0130SYON - Finans ve Bankac\u0131l\u0131k\",\"isPartOf\":{\"@id\":\"http:\/\/ticaret.edu.tr\/finans-ve-bankacilik\/#website\"},\"datePublished\":\"2025-01-26T18:28:32+00:00\",\"dateModified\":\"2025-10-21T08:52:24+00:00\",\"breadcrumb\":{\"@id\":\"http:\/\/ticaret.edu.tr\/finans-ve-bankacilik\/vizyon-ve-misyon\/#breadcrumb\"},\"inLanguage\":\"tr\",\"potentialAction\":[{\"@type\":\"ReadAction\",\"target\":[\"http:\/\/ticaret.edu.tr\/finans-ve-bankacilik\/vizyon-ve-misyon\/\"]}]},{\"@type\":\"BreadcrumbList\",\"@id\":\"http:\/\/ticaret.edu.tr\/finans-ve-bankacilik\/vizyon-ve-misyon\/#breadcrumb\",\"itemListElement\":[{\"@type\":\"ListItem\",\"position\":1,\"name\":\"Ana sayfa\",\"item\":\"http:\/\/ticaret.edu.tr\/finans-ve-bankacilik\/\"},{\"@type\":\"ListItem\",\"position\":2,\"name\":\"V\u0130ZYON VE M\u0130SYON\"}]},{\"@type\":\"WebSite\",\"@id\":\"http:\/\/ticaret.edu.tr\/finans-ve-bankacilik\/#website\",\"url\":\"http:\/\/ticaret.edu.tr\/finans-ve-bankacilik\/\",\"name\":\"Finans ve Bankac\u0131l\u0131k\",\"description\":\"\",\"potentialAction\":[{\"@type\":\"SearchAction\",\"target\":{\"@type\":\"EntryPoint\",\"urlTemplate\":\"http:\/\/ticaret.edu.tr\/finans-ve-bankacilik\/?s={search_term_string}\"},\"query-input\":\"required name=search_term_string\"}],\"inLanguage\":\"tr\"}]}<\/script>\n<!-- \/ Yoast SEO Premium plugin. -->","yoast_head_json":{"title":"V\u0130ZYON VE M\u0130SYON - Finans ve Bankac\u0131l\u0131k","robots":{"index":"index","follow":"follow","max-snippet":"max-snippet:-1","max-image-preview":"max-image-preview:large","max-video-preview":"max-video-preview:-1"},"canonical":"http:\/\/ticaret.edu.tr\/finans-ve-bankacilik\/vizyon-ve-misyon\/","og_locale":"tr_TR","og_type":"article","og_title":"V\u0130ZYON VE M\u0130SYON","og_description":"Misyon Finans ve bankac\u0131l\u0131k sekt\u00f6r\u00fcn\u00fcn ulusal ve uluslararas\u0131 \u00f6l\u00e7ekte geli\u015fen ihtiya\u00e7lar\u0131na cevap verebilecek, etik de\u011ferlere ba\u011fl\u0131, sorumluluk sahibi, analitik d\u00fc\u015f\u00fcnebilen ve \u00e7a\u011f\u0131n teknolojik gereksinimlerine uyum sa\u011flayan mezunlar yeti\u015ftirmek. \u00d6\u011frencilere teorik bilgi birikimi ile birlikte uygulama becerisi kazand\u0131rmak, ara\u015ft\u0131rma k\u00fclt\u00fcr\u00fcn\u00fc te\u015fvik etmek ve sekt\u00f6rle g\u00fc\u00e7l\u00fc i\u015f birlikleri kurarak e\u011fitim-\u00f6\u011fretim faaliyetlerini s\u00fcrekli geli\u015ftirmek. Vizyon E\u011fitim kalitesi, akademik [&hellip;]","og_url":"http:\/\/ticaret.edu.tr\/finans-ve-bankacilik\/vizyon-ve-misyon\/","og_site_name":"Finans ve Bankac\u0131l\u0131k","article_publisher":"https:\/\/www.facebook.com\/ticaretedutr","article_modified_time":"2025-10-21T08:52:24+00:00","og_image":[{"width":1250,"height":833,"url":"http:\/\/ticaret.edu.tr\/finans-ve-bankacilik\/wp-content\/uploads\/sites\/15\/2021\/11\/web_logo-01.jpg","type":"image\/jpeg"}],"twitter_card":"summary_large_image","twitter_site":"@ticaretedutr","twitter_misc":{"Tahmini okuma s\u00fcresi":"1 dakika"},"schema":{"@context":"https:\/\/schema.org","@graph":[{"@type":"WebPage","@id":"http:\/\/ticaret.edu.tr\/finans-ve-bankacilik\/vizyon-ve-misyon\/","url":"http:\/\/ticaret.edu.tr\/finans-ve-bankacilik\/vizyon-ve-misyon\/","name":"V\u0130ZYON VE M\u0130SYON - Finans ve Bankac\u0131l\u0131k","isPartOf":{"@id":"http:\/\/ticaret.edu.tr\/finans-ve-bankacilik\/#website"},"datePublished":"2025-01-26T18:28:32+00:00","dateModified":"2025-10-21T08:52:24+00:00","breadcrumb":{"@id":"http:\/\/ticaret.edu.tr\/finans-ve-bankacilik\/vizyon-ve-misyon\/#breadcrumb"},"inLanguage":"tr","potentialAction":[{"@type":"ReadAction","target":["http:\/\/ticaret.edu.tr\/finans-ve-bankacilik\/vizyon-ve-misyon\/"]}]},{"@type":"BreadcrumbList","@id":"http:\/\/ticaret.edu.tr\/finans-ve-bankacilik\/vizyon-ve-misyon\/#breadcrumb","itemListElement":[{"@type":"ListItem","position":1,"name":"Ana sayfa","item":"http:\/\/ticaret.edu.tr\/finans-ve-bankacilik\/"},{"@type":"ListItem","position":2,"name":"V\u0130ZYON VE M\u0130SYON"}]},{"@type":"WebSite","@id":"http:\/\/ticaret.edu.tr\/finans-ve-bankacilik\/#website","url":"http:\/\/ticaret.edu.tr\/finans-ve-bankacilik\/","name":"Finans ve Bankac\u0131l\u0131k","description":"","potentialAction":[{"@type":"SearchAction","target":{"@type":"EntryPoint","urlTemplate":"http:\/\/ticaret.edu.tr\/finans-ve-bankacilik\/?s={search_term_string}"},"query-input":"required name=search_term_string"}],"inLanguage":"tr"}]}},"lang":"tr","translations":{"en":1591,"tr":1381},"pll_sync_post":[],"_links":{"self":[{"href":"http:\/\/ticaret.edu.tr\/finans-ve-bankacilik\/wp-json\/wp\/v2\/pages\/1381"}],"collection":[{"href":"http:\/\/ticaret.edu.tr\/finans-ve-bankacilik\/wp-json\/wp\/v2\/pages"}],"about":[{"href":"http:\/\/ticaret.edu.tr\/finans-ve-bankacilik\/wp-json\/wp\/v2\/types\/page"}],"author":[{"embeddable":true,"href":"http:\/\/ticaret.edu.tr\/finans-ve-bankacilik\/wp-json\/wp\/v2\/users\/98"}],"replies":[{"embeddable":true,"href":"http:\/\/ticaret.edu.tr\/finans-ve-bankacilik\/wp-json\/wp\/v2\/comments?post=1381"}],"version-history":[{"count":5,"href":"http:\/\/ticaret.edu.tr\/finans-ve-bankacilik\/wp-json\/wp\/v2\/pages\/1381\/revisions"}],"predecessor-version":[{"id":1959,"href":"http:\/\/ticaret.edu.tr\/finans-ve-bankacilik\/wp-json\/wp\/v2\/pages\/1381\/revisions\/1959"}],"wp:attachment":[{"href":"http:\/\/ticaret.edu.tr\/finans-ve-bankacilik\/wp-json\/wp\/v2\/media?parent=1381"}],"curies":[{"name":"wp","href":"https:\/\/api.w.org\/{rel}","templated":true}]}}