{"id":1393,"date":"2025-01-26T21:25:31","date_gmt":"2025-01-26T18:25:31","guid":{"rendered":"https:\/\/ticaret.edu.tr\/finans-ve-bankacilik\/?page_id=1393"},"modified":"2025-10-22T14:51:06","modified_gmt":"2025-10-22T11:51:06","slug":"lisansustu-genel-bilgi","status":"publish","type":"page","link":"http:\/\/ticaret.edu.tr\/finans-ve-bankacilik\/lisansustu-genel-bilgi\/","title":{"rendered":"GENEL B\u0130LG\u0130"},"content":{"rendered":"<p><strong><a href=\"https:\/\/ticaret.edu.tr\/ticaret-ve-finans-enstitusu\/\">Ticaret ve Finans Enstit\u00fcs\u00fc<\/a>,<\/strong> geli\u015fen ve de\u011fi\u015fen i\u015fletme\/piyasa dinamiklerini iyi okuyabilen, bu de\u011fi\u015fimlere h\u0131zl\u0131 uyum sa\u011flayabilen, bu uyumu m\u00fcfredatlar\u0131na ve ders programlar\u0131na yans\u0131tabilen \u00e7ok y\u00f6nl\u00fc programlara ve akademisyenlere sahip bir e\u011fitim \u00f6\u011fretim birimidir. T\u00fcrkiye\u2019de ilk ve tek olan Ticaret ve Finans Enstit\u00fcs\u00fc \u00f6zelinde yer alan farkl\u0131 anabilim dallar\u0131 ve ba\u011fl\u0131 programlar\u0131 sayesinde, \u00f6\u011frencilere \u00e7ok y\u00f6nl\u00fc, s\u00fcrd\u00fcr\u00fclebilir ve katma de\u011fer sa\u011flayacak kazan\u0131mlar aktar\u0131lmaya \u00e7al\u0131\u015f\u0131lmaktad\u0131r. Bu kapsamda sekt\u00f6r payda\u015flar\u0131, kamu kurumlar\u0131, sivil toplum kurulu\u015flar\u0131 ve di\u011fer e\u011fitim \u00f6\u011fretim birimleri ba\u015fta olmak \u00fczere \u00e7ok y\u00f6nl\u00fc bir ili\u015fki a\u011f\u0131 tesis edilmi\u015ftir.<\/p>\n<p>Enstit\u00fc b\u00fcnyesinde; Bankac\u0131l\u0131k, Sigorta ve Risk Y\u00f6netimi, Sermaye Piyasas\u0131, Finans ana bilim dallar\u0131nda yer alan \u00e7ok farkl\u0131 \u00f6rg\u00fcn ve uzaktan programlar sayesinde hem piyasa i\u00e7in hem de ili\u015fkili t\u00fcm taraflar i\u00e7in\u00a0<em>\u201cbilgi\u201d<\/em>\u00a0kavram\u0131n\u0131n \u00f6nemi ve anlam\u0131 aktar\u0131lmaya \u00e7al\u0131\u015f\u0131lmaktad\u0131r. Zira i\u00e7inde bulundu\u011fumuz y\u00fczy\u0131l\u0131n en k\u0131ymetli ve paha bi\u00e7ilemez de\u011feri bilgidir.<\/p>\n<p>Programlar\u0131m\u0131zda e\u011fitim g\u00f6ren\/g\u00f6recek olan t\u00fcm \u00f6\u011frencilerimiz \u0130stanbul Ticaret \u00dcniversitesinin \u00e7ok geni\u015f ve r\u00fc\u015ft\u00fcn\u00fc ispat etmi\u015f akademik kadrosu ile bir araya gelebilecek, bu sayede hem teori hem uygulama noktas\u0131nda derinlemesine kazan\u0131mlar elde edebilecektir. Finans biliminin yan\u0131nda i\u015fletme, ekonomi, ekonometri, muhasebe, denetim gibi azami derecede ili\u015fkili ve k\u0131ymetli temalar i\u00e7eren dersleri de alabilecek ve \u00e7ok y\u00f6nl\u00fc bir bak\u0131\u015f a\u00e7\u0131s\u0131 ile mezun olabilecektir.<\/p>\n<p>&nbsp;<\/p>\n<p><strong>Ticaret ve Finans Enstit\u00fcs\u00fc Y\u00fcksek Lisans Programlar\u0131<\/strong><\/p>\n<p>\u2022 Uluslararas\u0131 Bankac\u0131l\u0131k ve Finans Y\u00fcksek Lisans<br data-start=\"49\" data-end=\"52\" \/>\u2022 Uluslararas\u0131 Bankac\u0131l\u0131k ve Finans Tezsiz Y\u00fcksek Lisans Uzaktan E\u011fitim Program\u0131<br data-start=\"132\" data-end=\"135\" \/>\u2022 Uluslararas\u0131 Finans (\u0130ngilizce) Tezli \u2013 Tezsiz Y\u00fcksek Lisans Program\u0131<br data-start=\"206\" data-end=\"209\" \/>\u2022 Sigortac\u0131l\u0131k Tezsiz Y\u00fcksek Lisans Program\u0131<br data-start=\"253\" data-end=\"256\" \/>\u2022 Sigorta ve Risk Y\u00f6netimi Tezli Y\u00fcksek Lisans\u0131<br data-start=\"303\" data-end=\"306\" \/>\u2022 Sermaye Piyasas\u0131 Tezli ve Tezsiz Y\u00fcksek Lisans Program\u0131<br data-start=\"363\" data-end=\"366\" \/>\u2022 Bankac\u0131l\u0131k Tezsiz Y\u00fcksek Lisans Program\u0131<br data-start=\"408\" data-end=\"411\" \/>\u2022 Finansal Hizmetler Pazarlamas\u0131 Tezsiz Y\u00fcksek Lisans Program\u0131<\/p>\n<p><strong>Ticaret ve Finans Enstit\u00fcs\u00fc Doktora Programlar\u0131<\/strong><\/p>\n<p>\u2022 Finansal Ekonomi<br data-start=\"18\" data-end=\"21\" \/>\u2022 Bankac\u0131l\u0131k<br data-start=\"33\" data-end=\"36\" \/>\u2022 Sigorta ve Risk Y\u00f6netimi<\/p>\n","protected":false},"excerpt":{"rendered":"<p>Ticaret ve Finans Enstit\u00fcs\u00fc, geli\u015fen ve de\u011fi\u015fen i\u015fletme\/piyasa dinamiklerini iyi okuyabilen, bu de\u011fi\u015fimlere h\u0131zl\u0131 uyum sa\u011flayabilen, bu uyumu m\u00fcfredatlar\u0131na ve ders programlar\u0131na yans\u0131tabilen \u00e7ok y\u00f6nl\u00fc programlara ve akademisyenlere sahip bir e\u011fitim \u00f6\u011fretim birimidir. T\u00fcrkiye\u2019de ilk ve tek olan Ticaret ve Finans Enstit\u00fcs\u00fc \u00f6zelinde yer alan farkl\u0131 anabilim dallar\u0131 ve ba\u011fl\u0131 programlar\u0131 sayesinde, \u00f6\u011frencilere \u00e7ok y\u00f6nl\u00fc, [&hellip;]<\/p>\n","protected":false},"author":98,"featured_media":0,"parent":0,"menu_order":0,"comment_status":"closed","ping_status":"closed","template":"genel_sayfa.php","meta":{"footnotes":""},"yoast_head":"<!-- This site is optimized with the Yoast SEO Premium plugin v22.1 (Yoast SEO v22.1) - https:\/\/yoast.com\/wordpress\/plugins\/seo\/ -->\n<title>GENEL B\u0130LG\u0130 - Finans ve Bankac\u0131l\u0131k<\/title>\n<meta name=\"robots\" content=\"index, follow, max-snippet:-1, max-image-preview:large, max-video-preview:-1\" \/>\n<link rel=\"canonical\" href=\"http:\/\/ticaret.edu.tr\/finans-ve-bankacilik\/lisansustu-genel-bilgi\/\" \/>\n<meta property=\"og:locale\" content=\"tr_TR\" \/>\n<meta property=\"og:type\" content=\"article\" \/>\n<meta property=\"og:title\" content=\"GENEL B\u0130LG\u0130\" \/>\n<meta property=\"og:description\" content=\"Ticaret ve Finans Enstit\u00fcs\u00fc, geli\u015fen ve de\u011fi\u015fen i\u015fletme\/piyasa dinamiklerini iyi okuyabilen, bu de\u011fi\u015fimlere h\u0131zl\u0131 uyum sa\u011flayabilen, bu uyumu m\u00fcfredatlar\u0131na ve ders programlar\u0131na yans\u0131tabilen \u00e7ok y\u00f6nl\u00fc programlara ve akademisyenlere sahip bir e\u011fitim \u00f6\u011fretim birimidir. T\u00fcrkiye\u2019de ilk ve tek olan Ticaret ve Finans Enstit\u00fcs\u00fc \u00f6zelinde yer alan farkl\u0131 anabilim dallar\u0131 ve ba\u011fl\u0131 programlar\u0131 sayesinde, \u00f6\u011frencilere \u00e7ok y\u00f6nl\u00fc, [&hellip;]\" \/>\n<meta property=\"og:url\" content=\"http:\/\/ticaret.edu.tr\/finans-ve-bankacilik\/lisansustu-genel-bilgi\/\" \/>\n<meta property=\"og:site_name\" content=\"Finans ve Bankac\u0131l\u0131k\" \/>\n<meta property=\"article:publisher\" content=\"https:\/\/www.facebook.com\/ticaretedutr\" \/>\n<meta property=\"article:modified_time\" content=\"2025-10-22T11:51:06+00:00\" \/>\n<meta property=\"og:image\" content=\"http:\/\/ticaret.edu.tr\/finans-ve-bankacilik\/wp-content\/uploads\/sites\/15\/2021\/11\/web_logo-01.jpg\" \/>\n\t<meta property=\"og:image:width\" content=\"1250\" \/>\n\t<meta property=\"og:image:height\" content=\"833\" \/>\n\t<meta property=\"og:image:type\" content=\"image\/jpeg\" \/>\n<meta name=\"twitter:card\" content=\"summary_large_image\" \/>\n<meta name=\"twitter:site\" content=\"@ticaretedutr\" \/>\n<meta name=\"twitter:label1\" content=\"Tahmini okuma s\u00fcresi\" \/>\n\t<meta name=\"twitter:data1\" content=\"2 dakika\" \/>\n<script type=\"application\/ld+json\" class=\"yoast-schema-graph\">{\"@context\":\"https:\/\/schema.org\",\"@graph\":[{\"@type\":\"WebPage\",\"@id\":\"http:\/\/ticaret.edu.tr\/finans-ve-bankacilik\/lisansustu-genel-bilgi\/\",\"url\":\"http:\/\/ticaret.edu.tr\/finans-ve-bankacilik\/lisansustu-genel-bilgi\/\",\"name\":\"GENEL B\u0130LG\u0130 - Finans ve Bankac\u0131l\u0131k\",\"isPartOf\":{\"@id\":\"https:\/\/ticaret.edu.tr\/finans-ve-bankacilik\/en\/#website\"},\"datePublished\":\"2025-01-26T18:25:31+00:00\",\"dateModified\":\"2025-10-22T11:51:06+00:00\",\"breadcrumb\":{\"@id\":\"http:\/\/ticaret.edu.tr\/finans-ve-bankacilik\/lisansustu-genel-bilgi\/#breadcrumb\"},\"inLanguage\":\"tr\",\"potentialAction\":[{\"@type\":\"ReadAction\",\"target\":[\"http:\/\/ticaret.edu.tr\/finans-ve-bankacilik\/lisansustu-genel-bilgi\/\"]}]},{\"@type\":\"BreadcrumbList\",\"@id\":\"http:\/\/ticaret.edu.tr\/finans-ve-bankacilik\/lisansustu-genel-bilgi\/#breadcrumb\",\"itemListElement\":[{\"@type\":\"ListItem\",\"position\":1,\"name\":\"Ana sayfa\",\"item\":\"https:\/\/ticaret.edu.tr\/finans-ve-bankacilik\/\"},{\"@type\":\"ListItem\",\"position\":2,\"name\":\"GENEL B\u0130LG\u0130\"}]},{\"@type\":\"WebSite\",\"@id\":\"https:\/\/ticaret.edu.tr\/finans-ve-bankacilik\/en\/#website\",\"url\":\"https:\/\/ticaret.edu.tr\/finans-ve-bankacilik\/en\/\",\"name\":\"Finans ve Bankac\u0131l\u0131k\",\"description\":\"\",\"potentialAction\":[{\"@type\":\"SearchAction\",\"target\":{\"@type\":\"EntryPoint\",\"urlTemplate\":\"https:\/\/ticaret.edu.tr\/finans-ve-bankacilik\/en\/?s={search_term_string}\"},\"query-input\":\"required name=search_term_string\"}],\"inLanguage\":\"tr\"}]}<\/script>\n<!-- \/ Yoast SEO Premium plugin. -->","yoast_head_json":{"title":"GENEL B\u0130LG\u0130 - Finans ve Bankac\u0131l\u0131k","robots":{"index":"index","follow":"follow","max-snippet":"max-snippet:-1","max-image-preview":"max-image-preview:large","max-video-preview":"max-video-preview:-1"},"canonical":"http:\/\/ticaret.edu.tr\/finans-ve-bankacilik\/lisansustu-genel-bilgi\/","og_locale":"tr_TR","og_type":"article","og_title":"GENEL B\u0130LG\u0130","og_description":"Ticaret ve Finans Enstit\u00fcs\u00fc, geli\u015fen ve de\u011fi\u015fen i\u015fletme\/piyasa dinamiklerini iyi okuyabilen, bu de\u011fi\u015fimlere h\u0131zl\u0131 uyum sa\u011flayabilen, bu uyumu m\u00fcfredatlar\u0131na ve ders programlar\u0131na yans\u0131tabilen \u00e7ok y\u00f6nl\u00fc programlara ve akademisyenlere sahip bir e\u011fitim \u00f6\u011fretim birimidir. T\u00fcrkiye\u2019de ilk ve tek olan Ticaret ve Finans Enstit\u00fcs\u00fc \u00f6zelinde yer alan farkl\u0131 anabilim dallar\u0131 ve ba\u011fl\u0131 programlar\u0131 sayesinde, \u00f6\u011frencilere \u00e7ok y\u00f6nl\u00fc, [&hellip;]","og_url":"http:\/\/ticaret.edu.tr\/finans-ve-bankacilik\/lisansustu-genel-bilgi\/","og_site_name":"Finans ve Bankac\u0131l\u0131k","article_publisher":"https:\/\/www.facebook.com\/ticaretedutr","article_modified_time":"2025-10-22T11:51:06+00:00","og_image":[{"width":1250,"height":833,"url":"http:\/\/ticaret.edu.tr\/finans-ve-bankacilik\/wp-content\/uploads\/sites\/15\/2021\/11\/web_logo-01.jpg","type":"image\/jpeg"}],"twitter_card":"summary_large_image","twitter_site":"@ticaretedutr","twitter_misc":{"Tahmini okuma s\u00fcresi":"2 dakika"},"schema":{"@context":"https:\/\/schema.org","@graph":[{"@type":"WebPage","@id":"http:\/\/ticaret.edu.tr\/finans-ve-bankacilik\/lisansustu-genel-bilgi\/","url":"http:\/\/ticaret.edu.tr\/finans-ve-bankacilik\/lisansustu-genel-bilgi\/","name":"GENEL B\u0130LG\u0130 - Finans ve Bankac\u0131l\u0131k","isPartOf":{"@id":"https:\/\/ticaret.edu.tr\/finans-ve-bankacilik\/en\/#website"},"datePublished":"2025-01-26T18:25:31+00:00","dateModified":"2025-10-22T11:51:06+00:00","breadcrumb":{"@id":"http:\/\/ticaret.edu.tr\/finans-ve-bankacilik\/lisansustu-genel-bilgi\/#breadcrumb"},"inLanguage":"tr","potentialAction":[{"@type":"ReadAction","target":["http:\/\/ticaret.edu.tr\/finans-ve-bankacilik\/lisansustu-genel-bilgi\/"]}]},{"@type":"BreadcrumbList","@id":"http:\/\/ticaret.edu.tr\/finans-ve-bankacilik\/lisansustu-genel-bilgi\/#breadcrumb","itemListElement":[{"@type":"ListItem","position":1,"name":"Ana sayfa","item":"https:\/\/ticaret.edu.tr\/finans-ve-bankacilik\/"},{"@type":"ListItem","position":2,"name":"GENEL B\u0130LG\u0130"}]},{"@type":"WebSite","@id":"https:\/\/ticaret.edu.tr\/finans-ve-bankacilik\/en\/#website","url":"https:\/\/ticaret.edu.tr\/finans-ve-bankacilik\/en\/","name":"Finans ve Bankac\u0131l\u0131k","description":"","potentialAction":[{"@type":"SearchAction","target":{"@type":"EntryPoint","urlTemplate":"https:\/\/ticaret.edu.tr\/finans-ve-bankacilik\/en\/?s={search_term_string}"},"query-input":"required name=search_term_string"}],"inLanguage":"tr"}]}},"lang":"tr","translations":{"tr":1393,"en":1807},"pll_sync_post":[],"_links":{"self":[{"href":"http:\/\/ticaret.edu.tr\/finans-ve-bankacilik\/wp-json\/wp\/v2\/pages\/1393"}],"collection":[{"href":"http:\/\/ticaret.edu.tr\/finans-ve-bankacilik\/wp-json\/wp\/v2\/pages"}],"about":[{"href":"http:\/\/ticaret.edu.tr\/finans-ve-bankacilik\/wp-json\/wp\/v2\/types\/page"}],"author":[{"embeddable":true,"href":"http:\/\/ticaret.edu.tr\/finans-ve-bankacilik\/wp-json\/wp\/v2\/users\/98"}],"replies":[{"embeddable":true,"href":"http:\/\/ticaret.edu.tr\/finans-ve-bankacilik\/wp-json\/wp\/v2\/comments?post=1393"}],"version-history":[{"count":5,"href":"http:\/\/ticaret.edu.tr\/finans-ve-bankacilik\/wp-json\/wp\/v2\/pages\/1393\/revisions"}],"predecessor-version":[{"id":2062,"href":"http:\/\/ticaret.edu.tr\/finans-ve-bankacilik\/wp-json\/wp\/v2\/pages\/1393\/revisions\/2062"}],"wp:attachment":[{"href":"http:\/\/ticaret.edu.tr\/finans-ve-bankacilik\/wp-json\/wp\/v2\/media?parent=1393"}],"curies":[{"name":"wp","href":"https:\/\/api.w.org\/{rel}","templated":true}]}}