{"id":1395,"date":"2025-01-26T21:25:30","date_gmt":"2025-01-26T18:25:30","guid":{"rendered":"https:\/\/ticaret.edu.tr\/finans-ve-bankacilik\/?page_id=1395"},"modified":"2025-10-21T13:26:03","modified_gmt":"2025-10-21T10:26:03","slug":"genel-bilgi","status":"publish","type":"page","link":"http:\/\/ticaret.edu.tr\/finans-ve-bankacilik\/genel-bilgi\/","title":{"rendered":"GENEL B\u0130LG\u0130"},"content":{"rendered":"<p>Finans ve Bankac\u0131l\u0131k (ingilizce) B\u00f6l\u00fcm\u00fc Nedir?<\/p>\n<p>Finans ve Bankac\u0131l\u0131k sekt\u00f6r\u00fcne nitelikli i\u015fg\u00fcc\u00fc yetirmek amac\u0131na y\u00f6nelik olarak sekt\u00f6r payda\u015flar\u0131n\u0131 i\u00e7in bir araya getirmek hedefine y\u00f6nelik olarak e\u011fitim veren bir b\u00f6l\u00fcmd\u00fcr.<\/p>\n<p>Finans ve Bankac\u0131l\u0131k B\u00f6l\u00fcm\u00fc E\u011fitim S\u00fcresi Ka\u00e7 Y\u0131ld\u0131r?<\/p>\n<p>B\u00f6l\u00fcm\u00fcn e\u011fitim s\u00fcresi 4 y\u0131ld\u0131r. E\u015fit a\u011f\u0131rl\u0131k puan t\u00fcr\u00fcnden \u00f6\u011frenci kabul etmektedir.<\/p>\n<p>Finans ve Bankac\u0131l\u0131k B\u00f6l\u00fcm\u00fc Mezunu Ne \u0130\u015f Yapar?<\/p>\n<p>Finans ve Bankac\u0131l\u0131k sekt\u00f6r\u00fcnde kamuda ve \u00f6zel sekt\u00f6rde istihdam olanaklar\u0131n\u0131n yan \u0131 s\u0131ra mezunlar\u0131m\u0131z reel sekt\u00f6r\u00fcn ve hizmetler sekt\u00f6r\u00fcn\u00fcn her alan\u0131nda finans departmalar\u0131nda \u00e7al\u0131\u015fabilirler.<\/p>\n<p>Finans ve Bankac\u0131l\u0131k B\u00f6l\u00fcm\u00fc Mezunu \u0130\u015f Olanaklar\u0131 Nelerdir?<\/p>\n<p>B\u00f6l\u00fcm mezunlar\u0131n\u0131n \u00e7al\u0131\u015fabilece\u011fi ba\u015fl\u0131ca kurulu\u015flar, yap\u0131lan ara\u015ft\u0131rmalara g\u00f6re \u015fu \u015fekilde listelenmi\u015ftir:<br \/>\n&#8211; Bankac\u0131l\u0131k Sekt\u00f6r\u00fc: Genel M\u00fcd\u00fcrl\u00fck ve \u015eubelerde, m\u00fcfetti\u015f ve m\u00fcfetti\u015f yard\u0131mc\u0131l\u0131\u011f\u0131, uzman ve uzman yard\u0131mc\u0131l\u0131\u011f\u0131 vb.<\/p>\n<p>&#8211; D\u00fczenleyici ve Denetleyici Kurum Kurulu\u015flar: BDDK, SPK, TCMB gibi finansal sekt\u00f6r\u00fcn d\u00fczenlenmesinden ve denetlenmesinden sorumlu kamu kurumlar\u0131nda uzman, uzman yard\u0131mc\u0131s\u0131, memur, yetkili yrd. vb.<br \/>\n-Reel ve Hizmetler Sekt\u00f6r\u00fc: Finans ve Muhasebe departmanlar\u0131nda uzman, memur, tahsildar, takip ve i\u00e7 kontrol birimi yetkilisi vb.<\/p>\n<p>Bunlar\u0131n yan\u0131 s\u0131ra \u00f6\u011frenciler mezun olduktan sonra y\u00fcksek lisans ve doktora e\u011fitimlerine devam ederek \u201cFinans ve Bankac\u0131l\u0131k\u201d alan\u0131nda akademisyenlik i\u00e7in de \u00e7al\u0131\u015fmalar\u0131n\u0131 s\u00fcrd\u00fcrebilirler.<\/p>\n","protected":false},"excerpt":{"rendered":"<p>Finans ve Bankac\u0131l\u0131k (ingilizce) B\u00f6l\u00fcm\u00fc Nedir? Finans ve Bankac\u0131l\u0131k sekt\u00f6r\u00fcne nitelikli i\u015fg\u00fcc\u00fc yetirmek amac\u0131na y\u00f6nelik olarak sekt\u00f6r payda\u015flar\u0131n\u0131 i\u00e7in bir araya getirmek hedefine y\u00f6nelik olarak e\u011fitim veren bir b\u00f6l\u00fcmd\u00fcr. Finans ve Bankac\u0131l\u0131k B\u00f6l\u00fcm\u00fc E\u011fitim S\u00fcresi Ka\u00e7 Y\u0131ld\u0131r? B\u00f6l\u00fcm\u00fcn e\u011fitim s\u00fcresi 4 y\u0131ld\u0131r. E\u015fit a\u011f\u0131rl\u0131k puan t\u00fcr\u00fcnden \u00f6\u011frenci kabul etmektedir. Finans ve Bankac\u0131l\u0131k B\u00f6l\u00fcm\u00fc Mezunu Ne [&hellip;]<\/p>\n","protected":false},"author":98,"featured_media":0,"parent":0,"menu_order":0,"comment_status":"closed","ping_status":"closed","template":"genel_sayfa.php","meta":{"footnotes":""},"yoast_head":"<!-- This site is optimized with the Yoast SEO Premium plugin v22.1 (Yoast SEO v22.1) - https:\/\/yoast.com\/wordpress\/plugins\/seo\/ -->\n<title>GENEL B\u0130LG\u0130 - Finans ve Bankac\u0131l\u0131k<\/title>\n<meta name=\"robots\" content=\"index, follow, max-snippet:-1, max-image-preview:large, max-video-preview:-1\" \/>\n<link rel=\"canonical\" href=\"https:\/\/ticaret.edu.tr\/finans-ve-bankacilik\/genel-bilgi\/\" \/>\n<meta property=\"og:locale\" content=\"tr_TR\" \/>\n<meta property=\"og:type\" content=\"article\" \/>\n<meta property=\"og:title\" content=\"GENEL B\u0130LG\u0130\" \/>\n<meta property=\"og:description\" content=\"Finans ve Bankac\u0131l\u0131k (ingilizce) B\u00f6l\u00fcm\u00fc Nedir? Finans ve Bankac\u0131l\u0131k sekt\u00f6r\u00fcne nitelikli i\u015fg\u00fcc\u00fc yetirmek amac\u0131na y\u00f6nelik olarak sekt\u00f6r payda\u015flar\u0131n\u0131 i\u00e7in bir araya getirmek hedefine y\u00f6nelik olarak e\u011fitim veren bir b\u00f6l\u00fcmd\u00fcr. Finans ve Bankac\u0131l\u0131k B\u00f6l\u00fcm\u00fc E\u011fitim S\u00fcresi Ka\u00e7 Y\u0131ld\u0131r? B\u00f6l\u00fcm\u00fcn e\u011fitim s\u00fcresi 4 y\u0131ld\u0131r. E\u015fit a\u011f\u0131rl\u0131k puan t\u00fcr\u00fcnden \u00f6\u011frenci kabul etmektedir. Finans ve Bankac\u0131l\u0131k B\u00f6l\u00fcm\u00fc Mezunu Ne [&hellip;]\" \/>\n<meta property=\"og:url\" content=\"https:\/\/ticaret.edu.tr\/finans-ve-bankacilik\/genel-bilgi\/\" \/>\n<meta property=\"og:site_name\" content=\"Finans ve Bankac\u0131l\u0131k\" \/>\n<meta property=\"article:publisher\" content=\"https:\/\/www.facebook.com\/ticaretedutr\" \/>\n<meta property=\"article:modified_time\" content=\"2025-10-21T10:26:03+00:00\" \/>\n<meta property=\"og:image\" content=\"http:\/\/ticaret.edu.tr\/finans-ve-bankacilik\/wp-content\/uploads\/sites\/15\/2021\/11\/web_logo-01.jpg\" \/>\n\t<meta property=\"og:image:width\" content=\"1250\" \/>\n\t<meta property=\"og:image:height\" content=\"833\" \/>\n\t<meta property=\"og:image:type\" content=\"image\/jpeg\" \/>\n<meta name=\"twitter:card\" content=\"summary_large_image\" \/>\n<meta name=\"twitter:site\" content=\"@ticaretedutr\" \/>\n<meta name=\"twitter:label1\" content=\"Tahmini okuma s\u00fcresi\" \/>\n\t<meta name=\"twitter:data1\" content=\"2 dakika\" \/>\n<script type=\"application\/ld+json\" class=\"yoast-schema-graph\">{\"@context\":\"https:\/\/schema.org\",\"@graph\":[{\"@type\":\"WebPage\",\"@id\":\"https:\/\/ticaret.edu.tr\/finans-ve-bankacilik\/genel-bilgi\/\",\"url\":\"https:\/\/ticaret.edu.tr\/finans-ve-bankacilik\/genel-bilgi\/\",\"name\":\"GENEL B\u0130LG\u0130 - Finans ve Bankac\u0131l\u0131k\",\"isPartOf\":{\"@id\":\"http:\/\/ticaret.edu.tr\/finans-ve-bankacilik\/#website\"},\"datePublished\":\"2025-01-26T18:25:30+00:00\",\"dateModified\":\"2025-10-21T10:26:03+00:00\",\"breadcrumb\":{\"@id\":\"https:\/\/ticaret.edu.tr\/finans-ve-bankacilik\/genel-bilgi\/#breadcrumb\"},\"inLanguage\":\"tr\",\"potentialAction\":[{\"@type\":\"ReadAction\",\"target\":[\"https:\/\/ticaret.edu.tr\/finans-ve-bankacilik\/genel-bilgi\/\"]}]},{\"@type\":\"BreadcrumbList\",\"@id\":\"https:\/\/ticaret.edu.tr\/finans-ve-bankacilik\/genel-bilgi\/#breadcrumb\",\"itemListElement\":[{\"@type\":\"ListItem\",\"position\":1,\"name\":\"Ana sayfa\",\"item\":\"http:\/\/ticaret.edu.tr\/finans-ve-bankacilik\/\"},{\"@type\":\"ListItem\",\"position\":2,\"name\":\"GENEL B\u0130LG\u0130\"}]},{\"@type\":\"WebSite\",\"@id\":\"http:\/\/ticaret.edu.tr\/finans-ve-bankacilik\/#website\",\"url\":\"http:\/\/ticaret.edu.tr\/finans-ve-bankacilik\/\",\"name\":\"Finans ve Bankac\u0131l\u0131k\",\"description\":\"\",\"potentialAction\":[{\"@type\":\"SearchAction\",\"target\":{\"@type\":\"EntryPoint\",\"urlTemplate\":\"http:\/\/ticaret.edu.tr\/finans-ve-bankacilik\/?s={search_term_string}\"},\"query-input\":\"required name=search_term_string\"}],\"inLanguage\":\"tr\"}]}<\/script>\n<!-- \/ Yoast SEO Premium plugin. -->","yoast_head_json":{"title":"GENEL B\u0130LG\u0130 - Finans ve Bankac\u0131l\u0131k","robots":{"index":"index","follow":"follow","max-snippet":"max-snippet:-1","max-image-preview":"max-image-preview:large","max-video-preview":"max-video-preview:-1"},"canonical":"https:\/\/ticaret.edu.tr\/finans-ve-bankacilik\/genel-bilgi\/","og_locale":"tr_TR","og_type":"article","og_title":"GENEL B\u0130LG\u0130","og_description":"Finans ve Bankac\u0131l\u0131k (ingilizce) B\u00f6l\u00fcm\u00fc Nedir? Finans ve Bankac\u0131l\u0131k sekt\u00f6r\u00fcne nitelikli i\u015fg\u00fcc\u00fc yetirmek amac\u0131na y\u00f6nelik olarak sekt\u00f6r payda\u015flar\u0131n\u0131 i\u00e7in bir araya getirmek hedefine y\u00f6nelik olarak e\u011fitim veren bir b\u00f6l\u00fcmd\u00fcr. Finans ve Bankac\u0131l\u0131k B\u00f6l\u00fcm\u00fc E\u011fitim S\u00fcresi Ka\u00e7 Y\u0131ld\u0131r? B\u00f6l\u00fcm\u00fcn e\u011fitim s\u00fcresi 4 y\u0131ld\u0131r. E\u015fit a\u011f\u0131rl\u0131k puan t\u00fcr\u00fcnden \u00f6\u011frenci kabul etmektedir. Finans ve Bankac\u0131l\u0131k B\u00f6l\u00fcm\u00fc Mezunu Ne [&hellip;]","og_url":"https:\/\/ticaret.edu.tr\/finans-ve-bankacilik\/genel-bilgi\/","og_site_name":"Finans ve Bankac\u0131l\u0131k","article_publisher":"https:\/\/www.facebook.com\/ticaretedutr","article_modified_time":"2025-10-21T10:26:03+00:00","og_image":[{"width":1250,"height":833,"url":"http:\/\/ticaret.edu.tr\/finans-ve-bankacilik\/wp-content\/uploads\/sites\/15\/2021\/11\/web_logo-01.jpg","type":"image\/jpeg"}],"twitter_card":"summary_large_image","twitter_site":"@ticaretedutr","twitter_misc":{"Tahmini okuma s\u00fcresi":"2 dakika"},"schema":{"@context":"https:\/\/schema.org","@graph":[{"@type":"WebPage","@id":"https:\/\/ticaret.edu.tr\/finans-ve-bankacilik\/genel-bilgi\/","url":"https:\/\/ticaret.edu.tr\/finans-ve-bankacilik\/genel-bilgi\/","name":"GENEL B\u0130LG\u0130 - Finans ve Bankac\u0131l\u0131k","isPartOf":{"@id":"http:\/\/ticaret.edu.tr\/finans-ve-bankacilik\/#website"},"datePublished":"2025-01-26T18:25:30+00:00","dateModified":"2025-10-21T10:26:03+00:00","breadcrumb":{"@id":"https:\/\/ticaret.edu.tr\/finans-ve-bankacilik\/genel-bilgi\/#breadcrumb"},"inLanguage":"tr","potentialAction":[{"@type":"ReadAction","target":["https:\/\/ticaret.edu.tr\/finans-ve-bankacilik\/genel-bilgi\/"]}]},{"@type":"BreadcrumbList","@id":"https:\/\/ticaret.edu.tr\/finans-ve-bankacilik\/genel-bilgi\/#breadcrumb","itemListElement":[{"@type":"ListItem","position":1,"name":"Ana sayfa","item":"http:\/\/ticaret.edu.tr\/finans-ve-bankacilik\/"},{"@type":"ListItem","position":2,"name":"GENEL B\u0130LG\u0130"}]},{"@type":"WebSite","@id":"http:\/\/ticaret.edu.tr\/finans-ve-bankacilik\/#website","url":"http:\/\/ticaret.edu.tr\/finans-ve-bankacilik\/","name":"Finans ve Bankac\u0131l\u0131k","description":"","potentialAction":[{"@type":"SearchAction","target":{"@type":"EntryPoint","urlTemplate":"http:\/\/ticaret.edu.tr\/finans-ve-bankacilik\/?s={search_term_string}"},"query-input":"required name=search_term_string"}],"inLanguage":"tr"}]}},"lang":"tr","translations":{"en":1577,"tr":1395},"pll_sync_post":[],"_links":{"self":[{"href":"http:\/\/ticaret.edu.tr\/finans-ve-bankacilik\/wp-json\/wp\/v2\/pages\/1395"}],"collection":[{"href":"http:\/\/ticaret.edu.tr\/finans-ve-bankacilik\/wp-json\/wp\/v2\/pages"}],"about":[{"href":"http:\/\/ticaret.edu.tr\/finans-ve-bankacilik\/wp-json\/wp\/v2\/types\/page"}],"author":[{"embeddable":true,"href":"http:\/\/ticaret.edu.tr\/finans-ve-bankacilik\/wp-json\/wp\/v2\/users\/98"}],"replies":[{"embeddable":true,"href":"http:\/\/ticaret.edu.tr\/finans-ve-bankacilik\/wp-json\/wp\/v2\/comments?post=1395"}],"version-history":[{"count":2,"href":"http:\/\/ticaret.edu.tr\/finans-ve-bankacilik\/wp-json\/wp\/v2\/pages\/1395\/revisions"}],"predecessor-version":[{"id":1977,"href":"http:\/\/ticaret.edu.tr\/finans-ve-bankacilik\/wp-json\/wp\/v2\/pages\/1395\/revisions\/1977"}],"wp:attachment":[{"href":"http:\/\/ticaret.edu.tr\/finans-ve-bankacilik\/wp-json\/wp\/v2\/media?parent=1395"}],"curies":[{"name":"wp","href":"https:\/\/api.w.org\/{rel}","templated":true}]}}