{"id":1399,"date":"2025-01-26T21:26:19","date_gmt":"2025-01-26T18:26:19","guid":{"rendered":"https:\/\/ticaret.edu.tr\/finans-ve-bankacilik\/?page_id=1399"},"modified":"2025-10-21T19:47:31","modified_gmt":"2025-10-21T16:47:31","slug":"program-egitim-amaclari","status":"publish","type":"page","link":"http:\/\/ticaret.edu.tr\/finans-ve-bankacilik\/program-egitim-amaclari\/","title":{"rendered":"PROGRAM E\u011e\u0130T\u0130M AMA\u00c7LARI"},"content":{"rendered":"<h3>Program E\u011fitim Ama\u00e7lar\u0131 (PEA)<\/h3>\n<table width=\"1519\">\n<tbody>\n<tr>\n<td width=\"1519\">1- K\u00fcresel \u00f6l\u00e7ekte rekabet edebilecek finansal analiz ve karar verme yetkinlikleri ile donat\u0131lm\u0131\u015f mezunlar yeti\u015ftirmek.<\/td>\n<\/tr>\n<tr>\n<td>2- Finansal kurumlar, sermaye piyasalar\u0131 ve bankac\u0131l\u0131k alanlar\u0131nda uzmanla\u015farak kariyerlerini \u00f6zel ve kamusal kurumlarda s\u00fcrd\u00fcrebilen, katma de\u011fer yaratan bireyler yeti\u015ftirmek.<\/td>\n<\/tr>\n<tr>\n<td>3- Giri\u015fimci bir bak\u0131\u015f a\u00e7\u0131s\u0131yla finansal inovasyonlar geli\u015ftirebilen ve yat\u0131r\u0131m stratejileri olu\u015fturabilen yenilik\u00e7i profesyoneller yeti\u015ftirmek.<\/td>\n<\/tr>\n<tr>\n<td>4- Etik de\u011ferlere, s\u00fcrd\u00fcr\u00fclebilirlik ilkelerine ve toplumsal sorumluluk bilincine sahip; ulusal ve k\u00fcresel finansal d\u00fczenlemelere duyarl\u0131 mezunlar yeti\u015ftirmek.<\/td>\n<\/tr>\n<tr>\n<td>5- Finansal krizler, dijitalle\u015fme ve s\u00fcrd\u00fcr\u00fclebilirlik gibi g\u00fcncel dinamikleri analiz edebilen ve bu konular\u0131 finansal karar alma s\u00fcre\u00e7lerine entegre edebilen liderlik \u00f6zelliklerine sahip mezunlar yeti\u015ftirmek.<\/td>\n<\/tr>\n<tr>\n<td>6- Ya\u015fam boyu \u00f6\u011frenmeyi ilke edinmi\u015f; lisans\u00fcst\u00fc e\u011fitim, mesleki sertifikasyon ve sekt\u00f6rel geli\u015fmeleri yak\u0131ndan takip eden bireyler yeti\u015ftirmek.<\/td>\n<\/tr>\n<tr>\n<td>7- K\u00fcresel d\u00fczeyde finansal okuryazarl\u0131\u011f\u0131 y\u00fcksek, \u00e7ok k\u00fclt\u00fcrl\u00fc ortamlarda etkili ileti\u015fim kurabilen, liderlik ve tak\u0131m \u00e7al\u0131\u015fmas\u0131 becerilerine sahip mezunlar yeti\u015ftirmek.<\/td>\n<\/tr>\n<\/tbody>\n<\/table>\n","protected":false},"excerpt":{"rendered":"<p>Program E\u011fitim Ama\u00e7lar\u0131 (PEA) 1- K\u00fcresel \u00f6l\u00e7ekte rekabet edebilecek finansal analiz ve karar verme yetkinlikleri ile donat\u0131lm\u0131\u015f mezunlar yeti\u015ftirmek. 2- Finansal kurumlar, sermaye piyasalar\u0131 ve bankac\u0131l\u0131k alanlar\u0131nda uzmanla\u015farak kariyerlerini \u00f6zel ve kamusal kurumlarda s\u00fcrd\u00fcrebilen, katma de\u011fer yaratan bireyler yeti\u015ftirmek. 3- Giri\u015fimci bir bak\u0131\u015f a\u00e7\u0131s\u0131yla finansal inovasyonlar geli\u015ftirebilen ve yat\u0131r\u0131m stratejileri olu\u015fturabilen yenilik\u00e7i profesyoneller yeti\u015ftirmek. 4- [&hellip;]<\/p>\n","protected":false},"author":98,"featured_media":0,"parent":0,"menu_order":0,"comment_status":"closed","ping_status":"closed","template":"genel_sayfa.php","meta":{"footnotes":""},"yoast_head":"<!-- This site is optimized with the Yoast SEO Premium plugin v22.1 (Yoast SEO v22.1) - https:\/\/yoast.com\/wordpress\/plugins\/seo\/ -->\n<title>PROGRAM E\u011e\u0130T\u0130M AMA\u00c7LARI - Finans ve Bankac\u0131l\u0131k<\/title>\n<meta name=\"robots\" content=\"index, follow, max-snippet:-1, max-image-preview:large, max-video-preview:-1\" \/>\n<link rel=\"canonical\" href=\"http:\/\/ticaret.edu.tr\/finans-ve-bankacilik\/program-egitim-amaclari\/\" \/>\n<meta property=\"og:locale\" content=\"tr_TR\" \/>\n<meta property=\"og:type\" content=\"article\" \/>\n<meta property=\"og:title\" content=\"PROGRAM E\u011e\u0130T\u0130M AMA\u00c7LARI\" \/>\n<meta property=\"og:description\" content=\"Program E\u011fitim Ama\u00e7lar\u0131 (PEA) 1- K\u00fcresel \u00f6l\u00e7ekte rekabet edebilecek finansal analiz ve karar verme yetkinlikleri ile donat\u0131lm\u0131\u015f mezunlar yeti\u015ftirmek. 2- Finansal kurumlar, sermaye piyasalar\u0131 ve bankac\u0131l\u0131k alanlar\u0131nda uzmanla\u015farak kariyerlerini \u00f6zel ve kamusal kurumlarda s\u00fcrd\u00fcrebilen, katma de\u011fer yaratan bireyler yeti\u015ftirmek. 3- Giri\u015fimci bir bak\u0131\u015f a\u00e7\u0131s\u0131yla finansal inovasyonlar geli\u015ftirebilen ve yat\u0131r\u0131m stratejileri olu\u015fturabilen yenilik\u00e7i profesyoneller yeti\u015ftirmek. 4- [&hellip;]\" \/>\n<meta property=\"og:url\" content=\"http:\/\/ticaret.edu.tr\/finans-ve-bankacilik\/program-egitim-amaclari\/\" \/>\n<meta property=\"og:site_name\" content=\"Finans ve Bankac\u0131l\u0131k\" \/>\n<meta property=\"article:publisher\" content=\"https:\/\/www.facebook.com\/ticaretedutr\" \/>\n<meta property=\"article:modified_time\" content=\"2025-10-21T16:47:31+00:00\" \/>\n<meta property=\"og:image\" content=\"http:\/\/ticaret.edu.tr\/finans-ve-bankacilik\/wp-content\/uploads\/sites\/15\/2021\/11\/web_logo-01.jpg\" \/>\n\t<meta property=\"og:image:width\" content=\"1250\" \/>\n\t<meta property=\"og:image:height\" content=\"833\" \/>\n\t<meta property=\"og:image:type\" content=\"image\/jpeg\" \/>\n<meta name=\"twitter:card\" content=\"summary_large_image\" \/>\n<meta name=\"twitter:site\" content=\"@ticaretedutr\" \/>\n<meta name=\"twitter:label1\" content=\"Tahmini okuma s\u00fcresi\" \/>\n\t<meta name=\"twitter:data1\" content=\"1 dakika\" \/>\n<script type=\"application\/ld+json\" class=\"yoast-schema-graph\">{\"@context\":\"https:\/\/schema.org\",\"@graph\":[{\"@type\":\"WebPage\",\"@id\":\"http:\/\/ticaret.edu.tr\/finans-ve-bankacilik\/program-egitim-amaclari\/\",\"url\":\"http:\/\/ticaret.edu.tr\/finans-ve-bankacilik\/program-egitim-amaclari\/\",\"name\":\"PROGRAM E\u011e\u0130T\u0130M AMA\u00c7LARI - Finans ve Bankac\u0131l\u0131k\",\"isPartOf\":{\"@id\":\"https:\/\/ticaret.edu.tr\/finans-ve-bankacilik\/en\/#website\"},\"datePublished\":\"2025-01-26T18:26:19+00:00\",\"dateModified\":\"2025-10-21T16:47:31+00:00\",\"breadcrumb\":{\"@id\":\"http:\/\/ticaret.edu.tr\/finans-ve-bankacilik\/program-egitim-amaclari\/#breadcrumb\"},\"inLanguage\":\"tr\",\"potentialAction\":[{\"@type\":\"ReadAction\",\"target\":[\"http:\/\/ticaret.edu.tr\/finans-ve-bankacilik\/program-egitim-amaclari\/\"]}]},{\"@type\":\"BreadcrumbList\",\"@id\":\"http:\/\/ticaret.edu.tr\/finans-ve-bankacilik\/program-egitim-amaclari\/#breadcrumb\",\"itemListElement\":[{\"@type\":\"ListItem\",\"position\":1,\"name\":\"Ana sayfa\",\"item\":\"https:\/\/ticaret.edu.tr\/finans-ve-bankacilik\/\"},{\"@type\":\"ListItem\",\"position\":2,\"name\":\"PROGRAM E\u011e\u0130T\u0130M AMA\u00c7LARI\"}]},{\"@type\":\"WebSite\",\"@id\":\"https:\/\/ticaret.edu.tr\/finans-ve-bankacilik\/en\/#website\",\"url\":\"https:\/\/ticaret.edu.tr\/finans-ve-bankacilik\/en\/\",\"name\":\"Finans ve Bankac\u0131l\u0131k\",\"description\":\"\",\"potentialAction\":[{\"@type\":\"SearchAction\",\"target\":{\"@type\":\"EntryPoint\",\"urlTemplate\":\"https:\/\/ticaret.edu.tr\/finans-ve-bankacilik\/en\/?s={search_term_string}\"},\"query-input\":\"required name=search_term_string\"}],\"inLanguage\":\"tr\"}]}<\/script>\n<!-- \/ Yoast SEO Premium plugin. -->","yoast_head_json":{"title":"PROGRAM E\u011e\u0130T\u0130M AMA\u00c7LARI - Finans ve Bankac\u0131l\u0131k","robots":{"index":"index","follow":"follow","max-snippet":"max-snippet:-1","max-image-preview":"max-image-preview:large","max-video-preview":"max-video-preview:-1"},"canonical":"http:\/\/ticaret.edu.tr\/finans-ve-bankacilik\/program-egitim-amaclari\/","og_locale":"tr_TR","og_type":"article","og_title":"PROGRAM E\u011e\u0130T\u0130M AMA\u00c7LARI","og_description":"Program E\u011fitim Ama\u00e7lar\u0131 (PEA) 1- K\u00fcresel \u00f6l\u00e7ekte rekabet edebilecek finansal analiz ve karar verme yetkinlikleri ile donat\u0131lm\u0131\u015f mezunlar yeti\u015ftirmek. 2- Finansal kurumlar, sermaye piyasalar\u0131 ve bankac\u0131l\u0131k alanlar\u0131nda uzmanla\u015farak kariyerlerini \u00f6zel ve kamusal kurumlarda s\u00fcrd\u00fcrebilen, katma de\u011fer yaratan bireyler yeti\u015ftirmek. 3- Giri\u015fimci bir bak\u0131\u015f a\u00e7\u0131s\u0131yla finansal inovasyonlar geli\u015ftirebilen ve yat\u0131r\u0131m stratejileri olu\u015fturabilen yenilik\u00e7i profesyoneller yeti\u015ftirmek. 4- [&hellip;]","og_url":"http:\/\/ticaret.edu.tr\/finans-ve-bankacilik\/program-egitim-amaclari\/","og_site_name":"Finans ve Bankac\u0131l\u0131k","article_publisher":"https:\/\/www.facebook.com\/ticaretedutr","article_modified_time":"2025-10-21T16:47:31+00:00","og_image":[{"width":1250,"height":833,"url":"http:\/\/ticaret.edu.tr\/finans-ve-bankacilik\/wp-content\/uploads\/sites\/15\/2021\/11\/web_logo-01.jpg","type":"image\/jpeg"}],"twitter_card":"summary_large_image","twitter_site":"@ticaretedutr","twitter_misc":{"Tahmini okuma s\u00fcresi":"1 dakika"},"schema":{"@context":"https:\/\/schema.org","@graph":[{"@type":"WebPage","@id":"http:\/\/ticaret.edu.tr\/finans-ve-bankacilik\/program-egitim-amaclari\/","url":"http:\/\/ticaret.edu.tr\/finans-ve-bankacilik\/program-egitim-amaclari\/","name":"PROGRAM E\u011e\u0130T\u0130M AMA\u00c7LARI - Finans ve Bankac\u0131l\u0131k","isPartOf":{"@id":"https:\/\/ticaret.edu.tr\/finans-ve-bankacilik\/en\/#website"},"datePublished":"2025-01-26T18:26:19+00:00","dateModified":"2025-10-21T16:47:31+00:00","breadcrumb":{"@id":"http:\/\/ticaret.edu.tr\/finans-ve-bankacilik\/program-egitim-amaclari\/#breadcrumb"},"inLanguage":"tr","potentialAction":[{"@type":"ReadAction","target":["http:\/\/ticaret.edu.tr\/finans-ve-bankacilik\/program-egitim-amaclari\/"]}]},{"@type":"BreadcrumbList","@id":"http:\/\/ticaret.edu.tr\/finans-ve-bankacilik\/program-egitim-amaclari\/#breadcrumb","itemListElement":[{"@type":"ListItem","position":1,"name":"Ana sayfa","item":"https:\/\/ticaret.edu.tr\/finans-ve-bankacilik\/"},{"@type":"ListItem","position":2,"name":"PROGRAM E\u011e\u0130T\u0130M AMA\u00c7LARI"}]},{"@type":"WebSite","@id":"https:\/\/ticaret.edu.tr\/finans-ve-bankacilik\/en\/#website","url":"https:\/\/ticaret.edu.tr\/finans-ve-bankacilik\/en\/","name":"Finans ve Bankac\u0131l\u0131k","description":"","potentialAction":[{"@type":"SearchAction","target":{"@type":"EntryPoint","urlTemplate":"https:\/\/ticaret.edu.tr\/finans-ve-bankacilik\/en\/?s={search_term_string}"},"query-input":"required name=search_term_string"}],"inLanguage":"tr"}]}},"lang":"tr","translations":{"en":1573,"tr":1399},"pll_sync_post":[],"_links":{"self":[{"href":"http:\/\/ticaret.edu.tr\/finans-ve-bankacilik\/wp-json\/wp\/v2\/pages\/1399"}],"collection":[{"href":"http:\/\/ticaret.edu.tr\/finans-ve-bankacilik\/wp-json\/wp\/v2\/pages"}],"about":[{"href":"http:\/\/ticaret.edu.tr\/finans-ve-bankacilik\/wp-json\/wp\/v2\/types\/page"}],"author":[{"embeddable":true,"href":"http:\/\/ticaret.edu.tr\/finans-ve-bankacilik\/wp-json\/wp\/v2\/users\/98"}],"replies":[{"embeddable":true,"href":"http:\/\/ticaret.edu.tr\/finans-ve-bankacilik\/wp-json\/wp\/v2\/comments?post=1399"}],"version-history":[{"count":4,"href":"http:\/\/ticaret.edu.tr\/finans-ve-bankacilik\/wp-json\/wp\/v2\/pages\/1399\/revisions"}],"predecessor-version":[{"id":1990,"href":"http:\/\/ticaret.edu.tr\/finans-ve-bankacilik\/wp-json\/wp\/v2\/pages\/1399\/revisions\/1990"}],"wp:attachment":[{"href":"http:\/\/ticaret.edu.tr\/finans-ve-bankacilik\/wp-json\/wp\/v2\/media?parent=1399"}],"curies":[{"name":"wp","href":"https:\/\/api.w.org\/{rel}","templated":true}]}}