{"id":1401,"date":"2025-01-26T21:26:18","date_gmt":"2025-01-26T18:26:18","guid":{"rendered":"https:\/\/ticaret.edu.tr\/finans-ve-bankacilik\/?page_id=1401"},"modified":"2025-10-21T19:51:10","modified_gmt":"2025-10-21T16:51:10","slug":"program-ogrenme-ciktilari","status":"publish","type":"page","link":"http:\/\/ticaret.edu.tr\/finans-ve-bankacilik\/program-ogrenme-ciktilari\/","title":{"rendered":"PROGRAM \u00d6\u011eRENME \u00c7IKTILARI"},"content":{"rendered":"<h3>F\u0130NANS VE BANKACILIK B\u00d6L\u00dcM\u00dc PROGRAM \u00d6\u011eRENME \u00c7IKTILARI<\/h3>\n<p data-start=\"0\" data-end=\"109\">1- Finans, ekonomi ve bankac\u0131l\u0131kla ilgili temel tarihsel ve g\u00fcncel kuramsal bilgileri tan\u0131mlar ve yorumlar.<\/p>\n<p data-start=\"111\" data-end=\"260\">2- Ulusal ve uluslararas\u0131 finansal piyasalar\u0131n i\u015fleyi\u015fi, denetimi, enstr\u00fcmanlar\u0131 ve kurumlar\u0131 hakk\u0131nda ileri d\u00fczeyde bilgi kullanarak \u00e7\u00f6z\u00fcm \u00fcretir.<\/p>\n<p data-start=\"262\" data-end=\"460\">3- Finansal analiz y\u00f6ntemlerini, bilan\u00e7o okuma, oran analizi ve risk de\u011ferlendirmesi, de\u011ferleme ve yat\u0131r\u0131m yapma gibi uygulamal\u0131 becerilerle b\u00fct\u00fcnle\u015ftirir, bireyler ve kurumlar i\u00e7in uygulayabilir.<\/p>\n<p data-start=\"462\" data-end=\"627\">4- G\u00fcncel finansal yaz\u0131l\u0131m ve teknolojileri kullanarak veri ve yat\u0131r\u0131m analizi yapar, rapor olu\u015fturur, finansal dan\u0131\u015fmanl\u0131k-y\u00f6neticilik faaliyetlerini y\u00fcr\u00fctebilir.<\/p>\n<p data-start=\"629\" data-end=\"808\">5- Ulusal ve uluslararas\u0131 finansal y\u00f6netim ve yat\u0131r\u0131m kararlar\u0131n\u0131 finansal mevzuat \u00e7er\u00e7evesinde ba\u011f\u0131ms\u0131z bi\u00e7imde de\u011ferlendirir, karar alma ve problem \u00e7\u00f6zme sorumlulu\u011fu \u00fcstlenir.<\/p>\n<p data-start=\"810\" data-end=\"900\">6- Etik ilkelere ve s\u00fcrd\u00fcr\u00fclebilirlik kriterlerine uygun \u015fekilde finansal kararlar al\u0131r.<\/p>\n<p data-start=\"902\" data-end=\"989\">7- Akademik geli\u015fim ve mesleki yeterlilik i\u00e7in ya\u015fam boyu \u00f6\u011frenme bilincine sahiptir.<\/p>\n<p data-start=\"991\" data-end=\"1138\">8- Finans ve bankac\u0131l\u0131k alan\u0131ndaki g\u00fcncel konular\u0131, dijitalle\u015fme ve teknolojik geli\u015fmeleri takip eder, yorumlar ve mesleki uygulamalara yans\u0131t\u0131r.<\/p>\n<p data-start=\"1140\" data-end=\"1230\">9- Bireysel ve tak\u0131m ortamlar\u0131nda etkin ileti\u015fim kurar; yaz\u0131l\u0131 ve s\u00f6zl\u00fc sunum yapabilir.<\/p>\n<p data-start=\"1232\" data-end=\"1330\">10- Tak\u0131m i\u00e7inde i\u015f birli\u011fine dayal\u0131 \u00e7al\u0131\u015fma y\u00fcr\u00fct\u00fcr ve \u00e7ok k\u00fclt\u00fcrl\u00fc ortamlarda sorumluluk al\u0131r.<\/p>\n<p data-start=\"1332\" data-end=\"1422\">11- Ele\u015ftirel ve stratejik d\u00fc\u015f\u00fcnerek finansal problemlere yenilik\u00e7i \u00e7\u00f6z\u00fcmler geli\u015ftirir.<\/p>\n<p data-start=\"1424\" data-end=\"1533\" data-is-last-node=\"\" data-is-only-node=\"\">12- Sekt\u00f6re \u00f6zg\u00fc analitik, y\u00f6netsel ve giri\u015fimcilik yetkinliklerini b\u00fct\u00fcnle\u015ftirerek yenilik\u00e7i \u00e7\u00f6z\u00fcmler sunar.<\/p>\n","protected":false},"excerpt":{"rendered":"<p>F\u0130NANS VE BANKACILIK B\u00d6L\u00dcM\u00dc PROGRAM \u00d6\u011eRENME \u00c7IKTILARI 1- Finans, ekonomi ve bankac\u0131l\u0131kla ilgili temel tarihsel ve g\u00fcncel kuramsal bilgileri tan\u0131mlar ve yorumlar. 2- Ulusal ve uluslararas\u0131 finansal piyasalar\u0131n i\u015fleyi\u015fi, denetimi, enstr\u00fcmanlar\u0131 ve kurumlar\u0131 hakk\u0131nda ileri d\u00fczeyde bilgi kullanarak \u00e7\u00f6z\u00fcm \u00fcretir. 3- Finansal analiz y\u00f6ntemlerini, bilan\u00e7o okuma, oran analizi ve risk de\u011ferlendirmesi, de\u011ferleme ve yat\u0131r\u0131m yapma [&hellip;]<\/p>\n","protected":false},"author":98,"featured_media":0,"parent":0,"menu_order":0,"comment_status":"closed","ping_status":"closed","template":"genel_sayfa.php","meta":{"footnotes":""},"yoast_head":"<!-- This site is optimized with the Yoast SEO Premium plugin v22.1 (Yoast SEO v22.1) - https:\/\/yoast.com\/wordpress\/plugins\/seo\/ -->\n<title>PROGRAM \u00d6\u011eRENME \u00c7IKTILARI - Finans ve Bankac\u0131l\u0131k<\/title>\n<meta name=\"robots\" content=\"index, follow, max-snippet:-1, max-image-preview:large, max-video-preview:-1\" \/>\n<link rel=\"canonical\" href=\"http:\/\/ticaret.edu.tr\/finans-ve-bankacilik\/program-ogrenme-ciktilari\/\" \/>\n<meta property=\"og:locale\" content=\"tr_TR\" \/>\n<meta property=\"og:type\" content=\"article\" \/>\n<meta property=\"og:title\" content=\"PROGRAM \u00d6\u011eRENME \u00c7IKTILARI\" \/>\n<meta property=\"og:description\" content=\"F\u0130NANS VE BANKACILIK B\u00d6L\u00dcM\u00dc PROGRAM \u00d6\u011eRENME \u00c7IKTILARI 1- Finans, ekonomi ve bankac\u0131l\u0131kla ilgili temel tarihsel ve g\u00fcncel kuramsal bilgileri tan\u0131mlar ve yorumlar. 2- Ulusal ve uluslararas\u0131 finansal piyasalar\u0131n i\u015fleyi\u015fi, denetimi, enstr\u00fcmanlar\u0131 ve kurumlar\u0131 hakk\u0131nda ileri d\u00fczeyde bilgi kullanarak \u00e7\u00f6z\u00fcm \u00fcretir. 3- Finansal analiz y\u00f6ntemlerini, bilan\u00e7o okuma, oran analizi ve risk de\u011ferlendirmesi, de\u011ferleme ve yat\u0131r\u0131m yapma [&hellip;]\" \/>\n<meta property=\"og:url\" content=\"http:\/\/ticaret.edu.tr\/finans-ve-bankacilik\/program-ogrenme-ciktilari\/\" \/>\n<meta property=\"og:site_name\" content=\"Finans ve Bankac\u0131l\u0131k\" \/>\n<meta property=\"article:publisher\" content=\"https:\/\/www.facebook.com\/ticaretedutr\" \/>\n<meta property=\"article:modified_time\" content=\"2025-10-21T16:51:10+00:00\" \/>\n<meta property=\"og:image\" content=\"http:\/\/ticaret.edu.tr\/finans-ve-bankacilik\/wp-content\/uploads\/sites\/15\/2021\/11\/web_logo-01.jpg\" \/>\n\t<meta property=\"og:image:width\" content=\"1250\" \/>\n\t<meta property=\"og:image:height\" content=\"833\" \/>\n\t<meta property=\"og:image:type\" content=\"image\/jpeg\" \/>\n<meta name=\"twitter:card\" content=\"summary_large_image\" \/>\n<meta name=\"twitter:site\" content=\"@ticaretedutr\" \/>\n<meta name=\"twitter:label1\" content=\"Tahmini okuma s\u00fcresi\" \/>\n\t<meta name=\"twitter:data1\" content=\"2 dakika\" \/>\n<script type=\"application\/ld+json\" class=\"yoast-schema-graph\">{\"@context\":\"https:\/\/schema.org\",\"@graph\":[{\"@type\":\"WebPage\",\"@id\":\"http:\/\/ticaret.edu.tr\/finans-ve-bankacilik\/program-ogrenme-ciktilari\/\",\"url\":\"http:\/\/ticaret.edu.tr\/finans-ve-bankacilik\/program-ogrenme-ciktilari\/\",\"name\":\"PROGRAM \u00d6\u011eRENME \u00c7IKTILARI - Finans ve Bankac\u0131l\u0131k\",\"isPartOf\":{\"@id\":\"https:\/\/ticaret.edu.tr\/finans-ve-bankacilik\/en\/#website\"},\"datePublished\":\"2025-01-26T18:26:18+00:00\",\"dateModified\":\"2025-10-21T16:51:10+00:00\",\"breadcrumb\":{\"@id\":\"http:\/\/ticaret.edu.tr\/finans-ve-bankacilik\/program-ogrenme-ciktilari\/#breadcrumb\"},\"inLanguage\":\"tr\",\"potentialAction\":[{\"@type\":\"ReadAction\",\"target\":[\"http:\/\/ticaret.edu.tr\/finans-ve-bankacilik\/program-ogrenme-ciktilari\/\"]}]},{\"@type\":\"BreadcrumbList\",\"@id\":\"http:\/\/ticaret.edu.tr\/finans-ve-bankacilik\/program-ogrenme-ciktilari\/#breadcrumb\",\"itemListElement\":[{\"@type\":\"ListItem\",\"position\":1,\"name\":\"Ana sayfa\",\"item\":\"https:\/\/ticaret.edu.tr\/finans-ve-bankacilik\/\"},{\"@type\":\"ListItem\",\"position\":2,\"name\":\"PROGRAM \u00d6\u011eRENME \u00c7IKTILARI\"}]},{\"@type\":\"WebSite\",\"@id\":\"https:\/\/ticaret.edu.tr\/finans-ve-bankacilik\/en\/#website\",\"url\":\"https:\/\/ticaret.edu.tr\/finans-ve-bankacilik\/en\/\",\"name\":\"Finans ve Bankac\u0131l\u0131k\",\"description\":\"\",\"potentialAction\":[{\"@type\":\"SearchAction\",\"target\":{\"@type\":\"EntryPoint\",\"urlTemplate\":\"https:\/\/ticaret.edu.tr\/finans-ve-bankacilik\/en\/?s={search_term_string}\"},\"query-input\":\"required name=search_term_string\"}],\"inLanguage\":\"tr\"}]}<\/script>\n<!-- \/ Yoast SEO Premium plugin. -->","yoast_head_json":{"title":"PROGRAM \u00d6\u011eRENME \u00c7IKTILARI - Finans ve Bankac\u0131l\u0131k","robots":{"index":"index","follow":"follow","max-snippet":"max-snippet:-1","max-image-preview":"max-image-preview:large","max-video-preview":"max-video-preview:-1"},"canonical":"http:\/\/ticaret.edu.tr\/finans-ve-bankacilik\/program-ogrenme-ciktilari\/","og_locale":"tr_TR","og_type":"article","og_title":"PROGRAM \u00d6\u011eRENME \u00c7IKTILARI","og_description":"F\u0130NANS VE BANKACILIK B\u00d6L\u00dcM\u00dc PROGRAM \u00d6\u011eRENME \u00c7IKTILARI 1- Finans, ekonomi ve bankac\u0131l\u0131kla ilgili temel tarihsel ve g\u00fcncel kuramsal bilgileri tan\u0131mlar ve yorumlar. 2- Ulusal ve uluslararas\u0131 finansal piyasalar\u0131n i\u015fleyi\u015fi, denetimi, enstr\u00fcmanlar\u0131 ve kurumlar\u0131 hakk\u0131nda ileri d\u00fczeyde bilgi kullanarak \u00e7\u00f6z\u00fcm \u00fcretir. 3- Finansal analiz y\u00f6ntemlerini, bilan\u00e7o okuma, oran analizi ve risk de\u011ferlendirmesi, de\u011ferleme ve yat\u0131r\u0131m yapma [&hellip;]","og_url":"http:\/\/ticaret.edu.tr\/finans-ve-bankacilik\/program-ogrenme-ciktilari\/","og_site_name":"Finans ve Bankac\u0131l\u0131k","article_publisher":"https:\/\/www.facebook.com\/ticaretedutr","article_modified_time":"2025-10-21T16:51:10+00:00","og_image":[{"width":1250,"height":833,"url":"http:\/\/ticaret.edu.tr\/finans-ve-bankacilik\/wp-content\/uploads\/sites\/15\/2021\/11\/web_logo-01.jpg","type":"image\/jpeg"}],"twitter_card":"summary_large_image","twitter_site":"@ticaretedutr","twitter_misc":{"Tahmini okuma s\u00fcresi":"2 dakika"},"schema":{"@context":"https:\/\/schema.org","@graph":[{"@type":"WebPage","@id":"http:\/\/ticaret.edu.tr\/finans-ve-bankacilik\/program-ogrenme-ciktilari\/","url":"http:\/\/ticaret.edu.tr\/finans-ve-bankacilik\/program-ogrenme-ciktilari\/","name":"PROGRAM \u00d6\u011eRENME \u00c7IKTILARI - Finans ve Bankac\u0131l\u0131k","isPartOf":{"@id":"https:\/\/ticaret.edu.tr\/finans-ve-bankacilik\/en\/#website"},"datePublished":"2025-01-26T18:26:18+00:00","dateModified":"2025-10-21T16:51:10+00:00","breadcrumb":{"@id":"http:\/\/ticaret.edu.tr\/finans-ve-bankacilik\/program-ogrenme-ciktilari\/#breadcrumb"},"inLanguage":"tr","potentialAction":[{"@type":"ReadAction","target":["http:\/\/ticaret.edu.tr\/finans-ve-bankacilik\/program-ogrenme-ciktilari\/"]}]},{"@type":"BreadcrumbList","@id":"http:\/\/ticaret.edu.tr\/finans-ve-bankacilik\/program-ogrenme-ciktilari\/#breadcrumb","itemListElement":[{"@type":"ListItem","position":1,"name":"Ana sayfa","item":"https:\/\/ticaret.edu.tr\/finans-ve-bankacilik\/"},{"@type":"ListItem","position":2,"name":"PROGRAM \u00d6\u011eRENME \u00c7IKTILARI"}]},{"@type":"WebSite","@id":"https:\/\/ticaret.edu.tr\/finans-ve-bankacilik\/en\/#website","url":"https:\/\/ticaret.edu.tr\/finans-ve-bankacilik\/en\/","name":"Finans ve Bankac\u0131l\u0131k","description":"","potentialAction":[{"@type":"SearchAction","target":{"@type":"EntryPoint","urlTemplate":"https:\/\/ticaret.edu.tr\/finans-ve-bankacilik\/en\/?s={search_term_string}"},"query-input":"required name=search_term_string"}],"inLanguage":"tr"}]}},"lang":"tr","translations":{"en":1571,"tr":1401},"pll_sync_post":[],"_links":{"self":[{"href":"http:\/\/ticaret.edu.tr\/finans-ve-bankacilik\/wp-json\/wp\/v2\/pages\/1401"}],"collection":[{"href":"http:\/\/ticaret.edu.tr\/finans-ve-bankacilik\/wp-json\/wp\/v2\/pages"}],"about":[{"href":"http:\/\/ticaret.edu.tr\/finans-ve-bankacilik\/wp-json\/wp\/v2\/types\/page"}],"author":[{"embeddable":true,"href":"http:\/\/ticaret.edu.tr\/finans-ve-bankacilik\/wp-json\/wp\/v2\/users\/98"}],"replies":[{"embeddable":true,"href":"http:\/\/ticaret.edu.tr\/finans-ve-bankacilik\/wp-json\/wp\/v2\/comments?post=1401"}],"version-history":[{"count":2,"href":"http:\/\/ticaret.edu.tr\/finans-ve-bankacilik\/wp-json\/wp\/v2\/pages\/1401\/revisions"}],"predecessor-version":[{"id":1991,"href":"http:\/\/ticaret.edu.tr\/finans-ve-bankacilik\/wp-json\/wp\/v2\/pages\/1401\/revisions\/1991"}],"wp:attachment":[{"href":"http:\/\/ticaret.edu.tr\/finans-ve-bankacilik\/wp-json\/wp\/v2\/media?parent=1401"}],"curies":[{"name":"wp","href":"https:\/\/api.w.org\/{rel}","templated":true}]}}