{"id":1407,"date":"2025-01-26T21:26:16","date_gmt":"2025-01-26T18:26:16","guid":{"rendered":"https:\/\/ticaret.edu.tr\/finans-ve-bankacilik\/?page_id=1407"},"modified":"2025-10-22T07:57:50","modified_gmt":"2025-10-22T04:57:50","slug":"kayit-kabul-sartlari","status":"publish","type":"page","link":"http:\/\/ticaret.edu.tr\/finans-ve-bankacilik\/kayit-kabul-sartlari\/","title":{"rendered":"KAYIT KABUL \u015eARTLARI"},"content":{"rendered":"<h3>Lisans Program\u0131na Ba\u015fvuru ve Kabul Ko\u015fullar\u0131<\/h3>\n<p>Programa kay\u0131t yapt\u0131rmak isteyen \u00f6\u011frencilerin a\u015fa\u011f\u0131daki \u015fartlar\u0131 sa\u011flamas\u0131 gerekmektedir:<\/p>\n<p>\u00d6SYM taraf\u0131ndan d\u00fczenlenen merkezi s\u0131navlara (TYT-AYT) kat\u0131lmak ve ilgili b\u00f6l\u00fcme yerle\u015fmek.<br \/>\nT\u00fcrkiye Cumhuriyeti vatanda\u015f\u0131 olan adaylar i\u00e7in \u00d6SYM\u2019nin belirledi\u011fi taban puan\u0131 ve s\u0131ralama \u015fartlar\u0131n\u0131 sa\u011flamak.<br \/>\nUluslararas\u0131 \u00f6\u011frenciler i\u00e7in \u00fcniversitenin belirledi\u011fi kabul kriterlerini yerine getirmek.<br \/>\nYatay veya dikey ge\u00e7i\u015f yapacak \u00f6\u011frenciler i\u00e7in ilgili y\u00f6netmeliklerde belirtilen ko\u015fullar\u0131 sa\u011flamak.<\/p>\n<h4>Kay\u0131t S\u00fcreci ve Tarihleri<\/h4>\n<p>Kay\u0131t i\u015flemleri, akademik takvimde belirtilen tarihler aras\u0131nda ger\u00e7ekle\u015ftirilmelidir.<\/p>\n","protected":false},"excerpt":{"rendered":"<p>Lisans Program\u0131na Ba\u015fvuru ve Kabul Ko\u015fullar\u0131 Programa kay\u0131t yapt\u0131rmak isteyen \u00f6\u011frencilerin a\u015fa\u011f\u0131daki \u015fartlar\u0131 sa\u011flamas\u0131 gerekmektedir: \u00d6SYM taraf\u0131ndan d\u00fczenlenen merkezi s\u0131navlara (TYT-AYT) kat\u0131lmak ve ilgili b\u00f6l\u00fcme yerle\u015fmek. T\u00fcrkiye Cumhuriyeti vatanda\u015f\u0131 olan adaylar i\u00e7in \u00d6SYM\u2019nin belirledi\u011fi taban puan\u0131 ve s\u0131ralama \u015fartlar\u0131n\u0131 sa\u011flamak. Uluslararas\u0131 \u00f6\u011frenciler i\u00e7in \u00fcniversitenin belirledi\u011fi kabul kriterlerini yerine getirmek. Yatay veya dikey ge\u00e7i\u015f yapacak \u00f6\u011frenciler [&hellip;]<\/p>\n","protected":false},"author":98,"featured_media":0,"parent":0,"menu_order":0,"comment_status":"closed","ping_status":"closed","template":"genel_sayfa.php","meta":{"footnotes":""},"yoast_head":"<!-- This site is optimized with the Yoast SEO Premium plugin v22.1 (Yoast SEO v22.1) - https:\/\/yoast.com\/wordpress\/plugins\/seo\/ -->\n<title>KAYIT KABUL \u015eARTLARI - Finans ve Bankac\u0131l\u0131k<\/title>\n<meta name=\"robots\" content=\"index, follow, max-snippet:-1, max-image-preview:large, max-video-preview:-1\" \/>\n<link rel=\"canonical\" href=\"http:\/\/ticaret.edu.tr\/finans-ve-bankacilik\/kayit-kabul-sartlari\/\" \/>\n<meta property=\"og:locale\" content=\"tr_TR\" \/>\n<meta property=\"og:type\" content=\"article\" \/>\n<meta property=\"og:title\" content=\"KAYIT KABUL \u015eARTLARI\" \/>\n<meta property=\"og:description\" content=\"Lisans Program\u0131na Ba\u015fvuru ve Kabul Ko\u015fullar\u0131 Programa kay\u0131t yapt\u0131rmak isteyen \u00f6\u011frencilerin a\u015fa\u011f\u0131daki \u015fartlar\u0131 sa\u011flamas\u0131 gerekmektedir: \u00d6SYM taraf\u0131ndan d\u00fczenlenen merkezi s\u0131navlara (TYT-AYT) kat\u0131lmak ve ilgili b\u00f6l\u00fcme yerle\u015fmek. T\u00fcrkiye Cumhuriyeti vatanda\u015f\u0131 olan adaylar i\u00e7in \u00d6SYM\u2019nin belirledi\u011fi taban puan\u0131 ve s\u0131ralama \u015fartlar\u0131n\u0131 sa\u011flamak. Uluslararas\u0131 \u00f6\u011frenciler i\u00e7in \u00fcniversitenin belirledi\u011fi kabul kriterlerini yerine getirmek. Yatay veya dikey ge\u00e7i\u015f yapacak \u00f6\u011frenciler [&hellip;]\" \/>\n<meta property=\"og:url\" content=\"http:\/\/ticaret.edu.tr\/finans-ve-bankacilik\/kayit-kabul-sartlari\/\" \/>\n<meta property=\"og:site_name\" content=\"Finans ve Bankac\u0131l\u0131k\" \/>\n<meta property=\"article:publisher\" content=\"https:\/\/www.facebook.com\/ticaretedutr\" \/>\n<meta property=\"article:modified_time\" content=\"2025-10-22T04:57:50+00:00\" \/>\n<meta property=\"og:image\" content=\"http:\/\/ticaret.edu.tr\/finans-ve-bankacilik\/wp-content\/uploads\/sites\/15\/2021\/11\/web_logo-01.jpg\" \/>\n\t<meta property=\"og:image:width\" content=\"1250\" \/>\n\t<meta property=\"og:image:height\" content=\"833\" \/>\n\t<meta property=\"og:image:type\" content=\"image\/jpeg\" \/>\n<meta name=\"twitter:card\" content=\"summary_large_image\" \/>\n<meta name=\"twitter:site\" content=\"@ticaretedutr\" \/>\n<meta name=\"twitter:label1\" content=\"Tahmini okuma s\u00fcresi\" \/>\n\t<meta name=\"twitter:data1\" content=\"1 dakika\" \/>\n<script type=\"application\/ld+json\" class=\"yoast-schema-graph\">{\"@context\":\"https:\/\/schema.org\",\"@graph\":[{\"@type\":\"WebPage\",\"@id\":\"http:\/\/ticaret.edu.tr\/finans-ve-bankacilik\/kayit-kabul-sartlari\/\",\"url\":\"http:\/\/ticaret.edu.tr\/finans-ve-bankacilik\/kayit-kabul-sartlari\/\",\"name\":\"KAYIT KABUL \u015eARTLARI - Finans ve Bankac\u0131l\u0131k\",\"isPartOf\":{\"@id\":\"https:\/\/ticaret.edu.tr\/finans-ve-bankacilik\/en\/#website\"},\"datePublished\":\"2025-01-26T18:26:16+00:00\",\"dateModified\":\"2025-10-22T04:57:50+00:00\",\"breadcrumb\":{\"@id\":\"http:\/\/ticaret.edu.tr\/finans-ve-bankacilik\/kayit-kabul-sartlari\/#breadcrumb\"},\"inLanguage\":\"tr\",\"potentialAction\":[{\"@type\":\"ReadAction\",\"target\":[\"http:\/\/ticaret.edu.tr\/finans-ve-bankacilik\/kayit-kabul-sartlari\/\"]}]},{\"@type\":\"BreadcrumbList\",\"@id\":\"http:\/\/ticaret.edu.tr\/finans-ve-bankacilik\/kayit-kabul-sartlari\/#breadcrumb\",\"itemListElement\":[{\"@type\":\"ListItem\",\"position\":1,\"name\":\"Ana sayfa\",\"item\":\"https:\/\/ticaret.edu.tr\/finans-ve-bankacilik\/\"},{\"@type\":\"ListItem\",\"position\":2,\"name\":\"KAYIT KABUL \u015eARTLARI\"}]},{\"@type\":\"WebSite\",\"@id\":\"https:\/\/ticaret.edu.tr\/finans-ve-bankacilik\/en\/#website\",\"url\":\"https:\/\/ticaret.edu.tr\/finans-ve-bankacilik\/en\/\",\"name\":\"Finans ve Bankac\u0131l\u0131k\",\"description\":\"\",\"potentialAction\":[{\"@type\":\"SearchAction\",\"target\":{\"@type\":\"EntryPoint\",\"urlTemplate\":\"https:\/\/ticaret.edu.tr\/finans-ve-bankacilik\/en\/?s={search_term_string}\"},\"query-input\":\"required name=search_term_string\"}],\"inLanguage\":\"tr\"}]}<\/script>\n<!-- \/ Yoast SEO Premium plugin. -->","yoast_head_json":{"title":"KAYIT KABUL \u015eARTLARI - Finans ve Bankac\u0131l\u0131k","robots":{"index":"index","follow":"follow","max-snippet":"max-snippet:-1","max-image-preview":"max-image-preview:large","max-video-preview":"max-video-preview:-1"},"canonical":"http:\/\/ticaret.edu.tr\/finans-ve-bankacilik\/kayit-kabul-sartlari\/","og_locale":"tr_TR","og_type":"article","og_title":"KAYIT KABUL \u015eARTLARI","og_description":"Lisans Program\u0131na Ba\u015fvuru ve Kabul Ko\u015fullar\u0131 Programa kay\u0131t yapt\u0131rmak isteyen \u00f6\u011frencilerin a\u015fa\u011f\u0131daki \u015fartlar\u0131 sa\u011flamas\u0131 gerekmektedir: \u00d6SYM taraf\u0131ndan d\u00fczenlenen merkezi s\u0131navlara (TYT-AYT) kat\u0131lmak ve ilgili b\u00f6l\u00fcme yerle\u015fmek. T\u00fcrkiye Cumhuriyeti vatanda\u015f\u0131 olan adaylar i\u00e7in \u00d6SYM\u2019nin belirledi\u011fi taban puan\u0131 ve s\u0131ralama \u015fartlar\u0131n\u0131 sa\u011flamak. Uluslararas\u0131 \u00f6\u011frenciler i\u00e7in \u00fcniversitenin belirledi\u011fi kabul kriterlerini yerine getirmek. Yatay veya dikey ge\u00e7i\u015f yapacak \u00f6\u011frenciler [&hellip;]","og_url":"http:\/\/ticaret.edu.tr\/finans-ve-bankacilik\/kayit-kabul-sartlari\/","og_site_name":"Finans ve Bankac\u0131l\u0131k","article_publisher":"https:\/\/www.facebook.com\/ticaretedutr","article_modified_time":"2025-10-22T04:57:50+00:00","og_image":[{"width":1250,"height":833,"url":"http:\/\/ticaret.edu.tr\/finans-ve-bankacilik\/wp-content\/uploads\/sites\/15\/2021\/11\/web_logo-01.jpg","type":"image\/jpeg"}],"twitter_card":"summary_large_image","twitter_site":"@ticaretedutr","twitter_misc":{"Tahmini okuma s\u00fcresi":"1 dakika"},"schema":{"@context":"https:\/\/schema.org","@graph":[{"@type":"WebPage","@id":"http:\/\/ticaret.edu.tr\/finans-ve-bankacilik\/kayit-kabul-sartlari\/","url":"http:\/\/ticaret.edu.tr\/finans-ve-bankacilik\/kayit-kabul-sartlari\/","name":"KAYIT KABUL \u015eARTLARI - Finans ve Bankac\u0131l\u0131k","isPartOf":{"@id":"https:\/\/ticaret.edu.tr\/finans-ve-bankacilik\/en\/#website"},"datePublished":"2025-01-26T18:26:16+00:00","dateModified":"2025-10-22T04:57:50+00:00","breadcrumb":{"@id":"http:\/\/ticaret.edu.tr\/finans-ve-bankacilik\/kayit-kabul-sartlari\/#breadcrumb"},"inLanguage":"tr","potentialAction":[{"@type":"ReadAction","target":["http:\/\/ticaret.edu.tr\/finans-ve-bankacilik\/kayit-kabul-sartlari\/"]}]},{"@type":"BreadcrumbList","@id":"http:\/\/ticaret.edu.tr\/finans-ve-bankacilik\/kayit-kabul-sartlari\/#breadcrumb","itemListElement":[{"@type":"ListItem","position":1,"name":"Ana sayfa","item":"https:\/\/ticaret.edu.tr\/finans-ve-bankacilik\/"},{"@type":"ListItem","position":2,"name":"KAYIT KABUL \u015eARTLARI"}]},{"@type":"WebSite","@id":"https:\/\/ticaret.edu.tr\/finans-ve-bankacilik\/en\/#website","url":"https:\/\/ticaret.edu.tr\/finans-ve-bankacilik\/en\/","name":"Finans ve Bankac\u0131l\u0131k","description":"","potentialAction":[{"@type":"SearchAction","target":{"@type":"EntryPoint","urlTemplate":"https:\/\/ticaret.edu.tr\/finans-ve-bankacilik\/en\/?s={search_term_string}"},"query-input":"required name=search_term_string"}],"inLanguage":"tr"}]}},"lang":"tr","translations":{"en":1565,"tr":1407},"pll_sync_post":[],"_links":{"self":[{"href":"http:\/\/ticaret.edu.tr\/finans-ve-bankacilik\/wp-json\/wp\/v2\/pages\/1407"}],"collection":[{"href":"http:\/\/ticaret.edu.tr\/finans-ve-bankacilik\/wp-json\/wp\/v2\/pages"}],"about":[{"href":"http:\/\/ticaret.edu.tr\/finans-ve-bankacilik\/wp-json\/wp\/v2\/types\/page"}],"author":[{"embeddable":true,"href":"http:\/\/ticaret.edu.tr\/finans-ve-bankacilik\/wp-json\/wp\/v2\/users\/98"}],"replies":[{"embeddable":true,"href":"http:\/\/ticaret.edu.tr\/finans-ve-bankacilik\/wp-json\/wp\/v2\/comments?post=1407"}],"version-history":[{"count":2,"href":"http:\/\/ticaret.edu.tr\/finans-ve-bankacilik\/wp-json\/wp\/v2\/pages\/1407\/revisions"}],"predecessor-version":[{"id":2000,"href":"http:\/\/ticaret.edu.tr\/finans-ve-bankacilik\/wp-json\/wp\/v2\/pages\/1407\/revisions\/2000"}],"wp:attachment":[{"href":"http:\/\/ticaret.edu.tr\/finans-ve-bankacilik\/wp-json\/wp\/v2\/media?parent=1407"}],"curies":[{"name":"wp","href":"https:\/\/api.w.org\/{rel}","templated":true}]}}