{"id":1411,"date":"2025-01-26T21:26:14","date_gmt":"2025-01-26T18:26:14","guid":{"rendered":"https:\/\/ticaret.edu.tr\/finans-ve-bankacilik\/?page_id=1411"},"modified":"2025-10-22T08:15:27","modified_gmt":"2025-10-22T05:15:27","slug":"mezuniyet-kosullari","status":"publish","type":"page","link":"http:\/\/ticaret.edu.tr\/finans-ve-bankacilik\/mezuniyet-kosullari\/","title":{"rendered":"MEZUN\u0130YET KO\u015eULLARI"},"content":{"rendered":"<h3>Mezuniyet \u0130\u00e7in Gerekli \u015eartlar<\/h3>\n<p>Lisans diplomas\u0131na hak kazanabilmek i\u00e7in \u00f6\u011frencilerin a\u015fa\u011f\u0131daki ko\u015fullar\u0131 sa\u011flamas\u0131 gerekmektedir:<\/p>\n<p>Programda yer alan t\u00fcm zorunlu ve se\u00e7meli dersleri ba\u015far\u0131yla tamamlamak.<br \/>\nEn az 240 AKTS (ECTS) kredi toplamak.<br \/>\nGenel Not Ortalamas\u0131n\u0131n (GNO) en az 2.00\/4.00 olmas\u0131.<br \/>\nZorunlu staj veya bitirme projesini ba\u015far\u0131yla tamamlamak.<br \/>\n\u00dcniversiteye ait t\u00fcm mali y\u00fck\u00fcml\u00fcl\u00fckleri ve idari i\u015flemleri tamamlam\u0131\u015f olmak.<br \/>\nNot: Akademik ba\u015far\u0131 durumu \u00d6\u011frenci Bilgi Sistemi (OBS) \u00fczerinden takip edilebilir.<\/p>\n","protected":false},"excerpt":{"rendered":"<p>Mezuniyet \u0130\u00e7in Gerekli \u015eartlar Lisans diplomas\u0131na hak kazanabilmek i\u00e7in \u00f6\u011frencilerin a\u015fa\u011f\u0131daki ko\u015fullar\u0131 sa\u011flamas\u0131 gerekmektedir: Programda yer alan t\u00fcm zorunlu ve se\u00e7meli dersleri ba\u015far\u0131yla tamamlamak. En az 240 AKTS (ECTS) kredi toplamak. Genel Not Ortalamas\u0131n\u0131n (GNO) en az 2.00\/4.00 olmas\u0131. Zorunlu staj veya bitirme projesini ba\u015far\u0131yla tamamlamak. \u00dcniversiteye ait t\u00fcm mali y\u00fck\u00fcml\u00fcl\u00fckleri ve idari i\u015flemleri tamamlam\u0131\u015f [&hellip;]<\/p>\n","protected":false},"author":98,"featured_media":0,"parent":0,"menu_order":0,"comment_status":"closed","ping_status":"closed","template":"genel_sayfa.php","meta":{"footnotes":""},"yoast_head":"<!-- This site is optimized with the Yoast SEO Premium plugin v22.1 (Yoast SEO v22.1) - https:\/\/yoast.com\/wordpress\/plugins\/seo\/ -->\n<title>MEZUN\u0130YET KO\u015eULLARI - Finans ve Bankac\u0131l\u0131k<\/title>\n<meta name=\"robots\" content=\"index, follow, max-snippet:-1, max-image-preview:large, max-video-preview:-1\" \/>\n<link rel=\"canonical\" href=\"https:\/\/ticaret.edu.tr\/finans-ve-bankacilik\/mezuniyet-kosullari\/\" \/>\n<meta property=\"og:locale\" content=\"tr_TR\" \/>\n<meta property=\"og:type\" content=\"article\" \/>\n<meta property=\"og:title\" content=\"MEZUN\u0130YET KO\u015eULLARI\" \/>\n<meta property=\"og:description\" content=\"Mezuniyet \u0130\u00e7in Gerekli \u015eartlar Lisans diplomas\u0131na hak kazanabilmek i\u00e7in \u00f6\u011frencilerin a\u015fa\u011f\u0131daki ko\u015fullar\u0131 sa\u011flamas\u0131 gerekmektedir: Programda yer alan t\u00fcm zorunlu ve se\u00e7meli dersleri ba\u015far\u0131yla tamamlamak. En az 240 AKTS (ECTS) kredi toplamak. Genel Not Ortalamas\u0131n\u0131n (GNO) en az 2.00\/4.00 olmas\u0131. Zorunlu staj veya bitirme projesini ba\u015far\u0131yla tamamlamak. \u00dcniversiteye ait t\u00fcm mali y\u00fck\u00fcml\u00fcl\u00fckleri ve idari i\u015flemleri tamamlam\u0131\u015f [&hellip;]\" \/>\n<meta property=\"og:url\" content=\"https:\/\/ticaret.edu.tr\/finans-ve-bankacilik\/mezuniyet-kosullari\/\" \/>\n<meta property=\"og:site_name\" content=\"Finans ve Bankac\u0131l\u0131k\" \/>\n<meta property=\"article:publisher\" content=\"https:\/\/www.facebook.com\/ticaretedutr\" \/>\n<meta property=\"article:modified_time\" content=\"2025-10-22T05:15:27+00:00\" \/>\n<meta property=\"og:image\" content=\"http:\/\/ticaret.edu.tr\/finans-ve-bankacilik\/wp-content\/uploads\/sites\/15\/2021\/11\/web_logo-01.jpg\" \/>\n\t<meta property=\"og:image:width\" content=\"1250\" \/>\n\t<meta property=\"og:image:height\" content=\"833\" \/>\n\t<meta property=\"og:image:type\" content=\"image\/jpeg\" \/>\n<meta name=\"twitter:card\" content=\"summary_large_image\" \/>\n<meta name=\"twitter:site\" content=\"@ticaretedutr\" \/>\n<meta name=\"twitter:label1\" content=\"Tahmini okuma s\u00fcresi\" \/>\n\t<meta name=\"twitter:data1\" content=\"1 dakika\" \/>\n<script type=\"application\/ld+json\" class=\"yoast-schema-graph\">{\"@context\":\"https:\/\/schema.org\",\"@graph\":[{\"@type\":\"WebPage\",\"@id\":\"https:\/\/ticaret.edu.tr\/finans-ve-bankacilik\/mezuniyet-kosullari\/\",\"url\":\"https:\/\/ticaret.edu.tr\/finans-ve-bankacilik\/mezuniyet-kosullari\/\",\"name\":\"MEZUN\u0130YET KO\u015eULLARI - Finans ve Bankac\u0131l\u0131k\",\"isPartOf\":{\"@id\":\"http:\/\/ticaret.edu.tr\/finans-ve-bankacilik\/#website\"},\"datePublished\":\"2025-01-26T18:26:14+00:00\",\"dateModified\":\"2025-10-22T05:15:27+00:00\",\"breadcrumb\":{\"@id\":\"https:\/\/ticaret.edu.tr\/finans-ve-bankacilik\/mezuniyet-kosullari\/#breadcrumb\"},\"inLanguage\":\"tr\",\"potentialAction\":[{\"@type\":\"ReadAction\",\"target\":[\"https:\/\/ticaret.edu.tr\/finans-ve-bankacilik\/mezuniyet-kosullari\/\"]}]},{\"@type\":\"BreadcrumbList\",\"@id\":\"https:\/\/ticaret.edu.tr\/finans-ve-bankacilik\/mezuniyet-kosullari\/#breadcrumb\",\"itemListElement\":[{\"@type\":\"ListItem\",\"position\":1,\"name\":\"Ana sayfa\",\"item\":\"http:\/\/ticaret.edu.tr\/finans-ve-bankacilik\/\"},{\"@type\":\"ListItem\",\"position\":2,\"name\":\"MEZUN\u0130YET KO\u015eULLARI\"}]},{\"@type\":\"WebSite\",\"@id\":\"http:\/\/ticaret.edu.tr\/finans-ve-bankacilik\/#website\",\"url\":\"http:\/\/ticaret.edu.tr\/finans-ve-bankacilik\/\",\"name\":\"Finans ve Bankac\u0131l\u0131k\",\"description\":\"\",\"potentialAction\":[{\"@type\":\"SearchAction\",\"target\":{\"@type\":\"EntryPoint\",\"urlTemplate\":\"http:\/\/ticaret.edu.tr\/finans-ve-bankacilik\/?s={search_term_string}\"},\"query-input\":\"required name=search_term_string\"}],\"inLanguage\":\"tr\"}]}<\/script>\n<!-- \/ Yoast SEO Premium plugin. -->","yoast_head_json":{"title":"MEZUN\u0130YET KO\u015eULLARI - Finans ve Bankac\u0131l\u0131k","robots":{"index":"index","follow":"follow","max-snippet":"max-snippet:-1","max-image-preview":"max-image-preview:large","max-video-preview":"max-video-preview:-1"},"canonical":"https:\/\/ticaret.edu.tr\/finans-ve-bankacilik\/mezuniyet-kosullari\/","og_locale":"tr_TR","og_type":"article","og_title":"MEZUN\u0130YET KO\u015eULLARI","og_description":"Mezuniyet \u0130\u00e7in Gerekli \u015eartlar Lisans diplomas\u0131na hak kazanabilmek i\u00e7in \u00f6\u011frencilerin a\u015fa\u011f\u0131daki ko\u015fullar\u0131 sa\u011flamas\u0131 gerekmektedir: Programda yer alan t\u00fcm zorunlu ve se\u00e7meli dersleri ba\u015far\u0131yla tamamlamak. En az 240 AKTS (ECTS) kredi toplamak. Genel Not Ortalamas\u0131n\u0131n (GNO) en az 2.00\/4.00 olmas\u0131. Zorunlu staj veya bitirme projesini ba\u015far\u0131yla tamamlamak. \u00dcniversiteye ait t\u00fcm mali y\u00fck\u00fcml\u00fcl\u00fckleri ve idari i\u015flemleri tamamlam\u0131\u015f [&hellip;]","og_url":"https:\/\/ticaret.edu.tr\/finans-ve-bankacilik\/mezuniyet-kosullari\/","og_site_name":"Finans ve Bankac\u0131l\u0131k","article_publisher":"https:\/\/www.facebook.com\/ticaretedutr","article_modified_time":"2025-10-22T05:15:27+00:00","og_image":[{"width":1250,"height":833,"url":"http:\/\/ticaret.edu.tr\/finans-ve-bankacilik\/wp-content\/uploads\/sites\/15\/2021\/11\/web_logo-01.jpg","type":"image\/jpeg"}],"twitter_card":"summary_large_image","twitter_site":"@ticaretedutr","twitter_misc":{"Tahmini okuma s\u00fcresi":"1 dakika"},"schema":{"@context":"https:\/\/schema.org","@graph":[{"@type":"WebPage","@id":"https:\/\/ticaret.edu.tr\/finans-ve-bankacilik\/mezuniyet-kosullari\/","url":"https:\/\/ticaret.edu.tr\/finans-ve-bankacilik\/mezuniyet-kosullari\/","name":"MEZUN\u0130YET KO\u015eULLARI - Finans ve Bankac\u0131l\u0131k","isPartOf":{"@id":"http:\/\/ticaret.edu.tr\/finans-ve-bankacilik\/#website"},"datePublished":"2025-01-26T18:26:14+00:00","dateModified":"2025-10-22T05:15:27+00:00","breadcrumb":{"@id":"https:\/\/ticaret.edu.tr\/finans-ve-bankacilik\/mezuniyet-kosullari\/#breadcrumb"},"inLanguage":"tr","potentialAction":[{"@type":"ReadAction","target":["https:\/\/ticaret.edu.tr\/finans-ve-bankacilik\/mezuniyet-kosullari\/"]}]},{"@type":"BreadcrumbList","@id":"https:\/\/ticaret.edu.tr\/finans-ve-bankacilik\/mezuniyet-kosullari\/#breadcrumb","itemListElement":[{"@type":"ListItem","position":1,"name":"Ana sayfa","item":"http:\/\/ticaret.edu.tr\/finans-ve-bankacilik\/"},{"@type":"ListItem","position":2,"name":"MEZUN\u0130YET KO\u015eULLARI"}]},{"@type":"WebSite","@id":"http:\/\/ticaret.edu.tr\/finans-ve-bankacilik\/#website","url":"http:\/\/ticaret.edu.tr\/finans-ve-bankacilik\/","name":"Finans ve Bankac\u0131l\u0131k","description":"","potentialAction":[{"@type":"SearchAction","target":{"@type":"EntryPoint","urlTemplate":"http:\/\/ticaret.edu.tr\/finans-ve-bankacilik\/?s={search_term_string}"},"query-input":"required name=search_term_string"}],"inLanguage":"tr"}]}},"lang":"tr","translations":{"en":1561,"tr":1411},"pll_sync_post":[],"_links":{"self":[{"href":"http:\/\/ticaret.edu.tr\/finans-ve-bankacilik\/wp-json\/wp\/v2\/pages\/1411"}],"collection":[{"href":"http:\/\/ticaret.edu.tr\/finans-ve-bankacilik\/wp-json\/wp\/v2\/pages"}],"about":[{"href":"http:\/\/ticaret.edu.tr\/finans-ve-bankacilik\/wp-json\/wp\/v2\/types\/page"}],"author":[{"embeddable":true,"href":"http:\/\/ticaret.edu.tr\/finans-ve-bankacilik\/wp-json\/wp\/v2\/users\/98"}],"replies":[{"embeddable":true,"href":"http:\/\/ticaret.edu.tr\/finans-ve-bankacilik\/wp-json\/wp\/v2\/comments?post=1411"}],"version-history":[{"count":2,"href":"http:\/\/ticaret.edu.tr\/finans-ve-bankacilik\/wp-json\/wp\/v2\/pages\/1411\/revisions"}],"predecessor-version":[{"id":2006,"href":"http:\/\/ticaret.edu.tr\/finans-ve-bankacilik\/wp-json\/wp\/v2\/pages\/1411\/revisions\/2006"}],"wp:attachment":[{"href":"http:\/\/ticaret.edu.tr\/finans-ve-bankacilik\/wp-json\/wp\/v2\/media?parent=1411"}],"curies":[{"name":"wp","href":"https:\/\/api.w.org\/{rel}","templated":true}]}}