{"id":1431,"date":"2025-01-26T21:26:04","date_gmt":"2025-01-26T18:26:04","guid":{"rendered":"https:\/\/ticaret.edu.tr\/finans-ve-bankacilik\/?page_id=1431"},"modified":"2025-10-22T09:05:13","modified_gmt":"2025-10-22T06:05:13","slug":"staj","status":"publish","type":"page","link":"http:\/\/ticaret.edu.tr\/finans-ve-bankacilik\/staj\/","title":{"rendered":"STAJ"},"content":{"rendered":"<p data-start=\"0\" data-end=\"53\"><strong data-start=\"0\" data-end=\"51\">Bankac\u0131l\u0131k ve Finans Lisans Program\u0131 Staj Dersi<\/strong><\/p>\n<p data-start=\"55\" data-end=\"261\"><strong data-start=\"55\" data-end=\"96\">Bankac\u0131l\u0131k ve Finans lisans m\u00fcfredat\u0131<\/strong> kapsam\u0131nda, \u00f6\u011frencilerimizin akademik bilgilerini ger\u00e7ek i\u015f deneyimiyle birle\u015ftirebilmeleri amac\u0131yla <strong data-start=\"198\" data-end=\"232\">\u00a0se\u00e7meli bir staj dersi<\/strong> programa dahil edilmi\u015ftir.<\/p>\n<hr data-start=\"263\" data-end=\"266\" \/>\n<h3 data-start=\"268\" data-end=\"290\"><strong data-start=\"272\" data-end=\"288\">Dersin Amac\u0131<\/strong><\/h3>\n<p data-start=\"291\" data-end=\"661\">Staj dersinin temel amac\u0131, \u00f6\u011frencilerin finans sekt\u00f6r\u00fcne y\u00f6nelik teorik bilgilerini uygulamaya d\u00f6n\u00fc\u015ft\u00fcrmelerini sa\u011flayarak mesleki yeterlilik, analitik d\u00fc\u015f\u00fcnme ve karar verme becerilerini geli\u015ftirmektir. Bu ders sayesinde \u00f6\u011frenciler; finansal piyasalar, bankac\u0131l\u0131k i\u015flemleri, yat\u0131r\u0131m analizi gibi alanlarda edindikleri bilgileri i\u015f ortam\u0131nda kullanma f\u0131rsat\u0131 bulurlar.<\/p>\n<hr data-start=\"663\" data-end=\"666\" \/>\n<h3 data-start=\"668\" data-end=\"692\"><strong data-start=\"672\" data-end=\"690\">Kapsam ve S\u00fcre<\/strong><\/h3>\n<p data-start=\"693\" data-end=\"1007\">\u00d6\u011frenciler, <strong data-start=\"705\" data-end=\"799\">bankalarda, arac\u0131 kurumlarda veya kamu ve \u00f6zel sekt\u00f6r kurumlar\u0131n\u0131n finans departmanlar\u0131nda<\/strong> staj yapabilmektedirler.<br data-start=\"824\" data-end=\"827\" \/>Staj s\u00fcresi <strong data-start=\"839\" data-end=\"853\">20 i\u015f g\u00fcn\u00fc<\/strong> olup, \u00f6\u011frenciler bu s\u00fcre boyunca profesyonel denetim alt\u0131nda g\u00fcnl\u00fck finansal i\u015flemler, veri analizi ve proje bazl\u0131 g\u00f6revlerde aktif olarak yer al\u0131rlar.<\/p>\n<hr data-start=\"1009\" data-end=\"1012\" \/>\n<h3 data-start=\"1014\" data-end=\"1054\"><strong data-start=\"1018\" data-end=\"1052\">Kariyer ve \u00d6\u011frenme Kazan\u0131mlar\u0131<\/strong><\/h3>\n<p data-start=\"1055\" data-end=\"1155\">Staj dersi, \u00f6\u011frencilerin kariyer geli\u015fimine \u00f6nemli katk\u0131lar sa\u011flamaktad\u0131r. Bu kapsamda \u00f6\u011frenciler:<\/p>\n<ul data-start=\"1156\" data-end=\"1576\">\n<li data-start=\"1156\" data-end=\"1229\">\n<p data-start=\"1158\" data-end=\"1229\">Finansal kurumlar\u0131n i\u00e7 i\u015fleyi\u015fini ve dinamiklerini yerinde g\u00f6zlemler,<\/p>\n<\/li>\n<li data-start=\"1230\" data-end=\"1323\">\n<p data-start=\"1232\" data-end=\"1323\">Bankac\u0131l\u0131k, sermaye piyasalar\u0131 ve kurumsal finans alanlar\u0131nda uygulamal\u0131 deneyim kazan\u0131r,<\/p>\n<\/li>\n<li data-start=\"1324\" data-end=\"1406\">\n<p data-start=\"1326\" data-end=\"1406\">Tak\u0131m \u00e7al\u0131\u015fmas\u0131, ileti\u015fim ve mesleki etik konular\u0131nda becerilerini geli\u015ftirir,<\/p>\n<\/li>\n<li data-start=\"1407\" data-end=\"1488\">\n<p data-start=\"1409\" data-end=\"1488\">Mezuniyet sonras\u0131 istihdam olanaklar\u0131n\u0131 art\u0131rarak \u00f6zge\u00e7mi\u015flerini g\u00fc\u00e7lendirir,<\/p>\n<\/li>\n<li data-start=\"1489\" data-end=\"1576\">\n<p data-start=\"1491\" data-end=\"1576\">Finans ve bankac\u0131l\u0131k sekt\u00f6r\u00fcyle profesyonel ba\u011flant\u0131lar kurma f\u0131rsat\u0131 elde ederler.<\/p>\n<\/li>\n<\/ul>\n<hr data-start=\"1578\" data-end=\"1581\" \/>\n<p data-start=\"1583\" data-end=\"1798\">Akademik bilgi ile i\u015f d\u00fcnyas\u0131 deneyimini b\u00fct\u00fcnle\u015ftiren bu ders, \u00f6\u011frencilerin <strong data-start=\"1660\" data-end=\"1751\">k\u00fcresel finansal sistemin gereksinimlerine uygun, donan\u0131ml\u0131 ve rekabet\u00e7i profesyoneller<\/strong> olarak mezun olmalar\u0131na katk\u0131 sa\u011flamaktad\u0131r.<\/p>\n","protected":false},"excerpt":{"rendered":"<p>Bankac\u0131l\u0131k ve Finans Lisans Program\u0131 Staj Dersi Bankac\u0131l\u0131k ve Finans lisans m\u00fcfredat\u0131 kapsam\u0131nda, \u00f6\u011frencilerimizin akademik bilgilerini ger\u00e7ek i\u015f deneyimiyle birle\u015ftirebilmeleri amac\u0131yla \u00a0se\u00e7meli bir staj dersi programa dahil edilmi\u015ftir. Dersin Amac\u0131 Staj dersinin temel amac\u0131, \u00f6\u011frencilerin finans sekt\u00f6r\u00fcne y\u00f6nelik teorik bilgilerini uygulamaya d\u00f6n\u00fc\u015ft\u00fcrmelerini sa\u011flayarak mesleki yeterlilik, analitik d\u00fc\u015f\u00fcnme ve karar verme becerilerini geli\u015ftirmektir. Bu ders sayesinde [&hellip;]<\/p>\n","protected":false},"author":98,"featured_media":0,"parent":0,"menu_order":0,"comment_status":"closed","ping_status":"closed","template":"genel_sayfa.php","meta":{"footnotes":""},"yoast_head":"<!-- This site is optimized with the Yoast SEO Premium plugin v22.1 (Yoast SEO v22.1) - https:\/\/yoast.com\/wordpress\/plugins\/seo\/ -->\n<title>STAJ - Finans ve Bankac\u0131l\u0131k<\/title>\n<meta name=\"robots\" content=\"index, follow, max-snippet:-1, max-image-preview:large, max-video-preview:-1\" \/>\n<link rel=\"canonical\" href=\"https:\/\/ticaret.edu.tr\/finans-ve-bankacilik\/staj\/\" \/>\n<meta property=\"og:locale\" content=\"tr_TR\" \/>\n<meta property=\"og:type\" content=\"article\" \/>\n<meta property=\"og:title\" content=\"STAJ\" \/>\n<meta property=\"og:description\" content=\"Bankac\u0131l\u0131k ve Finans Lisans Program\u0131 Staj Dersi Bankac\u0131l\u0131k ve Finans lisans m\u00fcfredat\u0131 kapsam\u0131nda, \u00f6\u011frencilerimizin akademik bilgilerini ger\u00e7ek i\u015f deneyimiyle birle\u015ftirebilmeleri amac\u0131yla \u00a0se\u00e7meli bir staj dersi programa dahil edilmi\u015ftir. Dersin Amac\u0131 Staj dersinin temel amac\u0131, \u00f6\u011frencilerin finans sekt\u00f6r\u00fcne y\u00f6nelik teorik bilgilerini uygulamaya d\u00f6n\u00fc\u015ft\u00fcrmelerini sa\u011flayarak mesleki yeterlilik, analitik d\u00fc\u015f\u00fcnme ve karar verme becerilerini geli\u015ftirmektir. Bu ders sayesinde [&hellip;]\" \/>\n<meta property=\"og:url\" content=\"https:\/\/ticaret.edu.tr\/finans-ve-bankacilik\/staj\/\" \/>\n<meta property=\"og:site_name\" content=\"Finans ve Bankac\u0131l\u0131k\" \/>\n<meta property=\"article:publisher\" content=\"https:\/\/www.facebook.com\/ticaretedutr\" \/>\n<meta property=\"article:modified_time\" content=\"2025-10-22T06:05:13+00:00\" \/>\n<meta property=\"og:image\" content=\"http:\/\/ticaret.edu.tr\/finans-ve-bankacilik\/wp-content\/uploads\/sites\/15\/2021\/11\/web_logo-01.jpg\" \/>\n\t<meta property=\"og:image:width\" content=\"1250\" \/>\n\t<meta property=\"og:image:height\" content=\"833\" \/>\n\t<meta property=\"og:image:type\" content=\"image\/jpeg\" \/>\n<meta name=\"twitter:card\" content=\"summary_large_image\" \/>\n<meta name=\"twitter:site\" content=\"@ticaretedutr\" \/>\n<meta name=\"twitter:label1\" content=\"Tahmini okuma s\u00fcresi\" \/>\n\t<meta name=\"twitter:data1\" content=\"2 dakika\" \/>\n<script type=\"application\/ld+json\" class=\"yoast-schema-graph\">{\"@context\":\"https:\/\/schema.org\",\"@graph\":[{\"@type\":\"WebPage\",\"@id\":\"https:\/\/ticaret.edu.tr\/finans-ve-bankacilik\/staj\/\",\"url\":\"https:\/\/ticaret.edu.tr\/finans-ve-bankacilik\/staj\/\",\"name\":\"STAJ - Finans ve Bankac\u0131l\u0131k\",\"isPartOf\":{\"@id\":\"https:\/\/ticaret.edu.tr\/finans-ve-bankacilik\/#website\"},\"datePublished\":\"2025-01-26T18:26:04+00:00\",\"dateModified\":\"2025-10-22T06:05:13+00:00\",\"breadcrumb\":{\"@id\":\"https:\/\/ticaret.edu.tr\/finans-ve-bankacilik\/staj\/#breadcrumb\"},\"inLanguage\":\"tr\",\"potentialAction\":[{\"@type\":\"ReadAction\",\"target\":[\"https:\/\/ticaret.edu.tr\/finans-ve-bankacilik\/staj\/\"]}]},{\"@type\":\"BreadcrumbList\",\"@id\":\"https:\/\/ticaret.edu.tr\/finans-ve-bankacilik\/staj\/#breadcrumb\",\"itemListElement\":[{\"@type\":\"ListItem\",\"position\":1,\"name\":\"Ana sayfa\",\"item\":\"https:\/\/ticaret.edu.tr\/finans-ve-bankacilik\/\"},{\"@type\":\"ListItem\",\"position\":2,\"name\":\"STAJ\"}]},{\"@type\":\"WebSite\",\"@id\":\"https:\/\/ticaret.edu.tr\/finans-ve-bankacilik\/#website\",\"url\":\"https:\/\/ticaret.edu.tr\/finans-ve-bankacilik\/\",\"name\":\"Finans ve Bankac\u0131l\u0131k\",\"description\":\"\",\"potentialAction\":[{\"@type\":\"SearchAction\",\"target\":{\"@type\":\"EntryPoint\",\"urlTemplate\":\"https:\/\/ticaret.edu.tr\/finans-ve-bankacilik\/?s={search_term_string}\"},\"query-input\":\"required name=search_term_string\"}],\"inLanguage\":\"tr\"}]}<\/script>\n<!-- \/ Yoast SEO Premium plugin. -->","yoast_head_json":{"title":"STAJ - Finans ve Bankac\u0131l\u0131k","robots":{"index":"index","follow":"follow","max-snippet":"max-snippet:-1","max-image-preview":"max-image-preview:large","max-video-preview":"max-video-preview:-1"},"canonical":"https:\/\/ticaret.edu.tr\/finans-ve-bankacilik\/staj\/","og_locale":"tr_TR","og_type":"article","og_title":"STAJ","og_description":"Bankac\u0131l\u0131k ve Finans Lisans Program\u0131 Staj Dersi Bankac\u0131l\u0131k ve Finans lisans m\u00fcfredat\u0131 kapsam\u0131nda, \u00f6\u011frencilerimizin akademik bilgilerini ger\u00e7ek i\u015f deneyimiyle birle\u015ftirebilmeleri amac\u0131yla \u00a0se\u00e7meli bir staj dersi programa dahil edilmi\u015ftir. Dersin Amac\u0131 Staj dersinin temel amac\u0131, \u00f6\u011frencilerin finans sekt\u00f6r\u00fcne y\u00f6nelik teorik bilgilerini uygulamaya d\u00f6n\u00fc\u015ft\u00fcrmelerini sa\u011flayarak mesleki yeterlilik, analitik d\u00fc\u015f\u00fcnme ve karar verme becerilerini geli\u015ftirmektir. Bu ders sayesinde [&hellip;]","og_url":"https:\/\/ticaret.edu.tr\/finans-ve-bankacilik\/staj\/","og_site_name":"Finans ve Bankac\u0131l\u0131k","article_publisher":"https:\/\/www.facebook.com\/ticaretedutr","article_modified_time":"2025-10-22T06:05:13+00:00","og_image":[{"width":1250,"height":833,"url":"http:\/\/ticaret.edu.tr\/finans-ve-bankacilik\/wp-content\/uploads\/sites\/15\/2021\/11\/web_logo-01.jpg","type":"image\/jpeg"}],"twitter_card":"summary_large_image","twitter_site":"@ticaretedutr","twitter_misc":{"Tahmini okuma s\u00fcresi":"2 dakika"},"schema":{"@context":"https:\/\/schema.org","@graph":[{"@type":"WebPage","@id":"https:\/\/ticaret.edu.tr\/finans-ve-bankacilik\/staj\/","url":"https:\/\/ticaret.edu.tr\/finans-ve-bankacilik\/staj\/","name":"STAJ - Finans ve Bankac\u0131l\u0131k","isPartOf":{"@id":"https:\/\/ticaret.edu.tr\/finans-ve-bankacilik\/#website"},"datePublished":"2025-01-26T18:26:04+00:00","dateModified":"2025-10-22T06:05:13+00:00","breadcrumb":{"@id":"https:\/\/ticaret.edu.tr\/finans-ve-bankacilik\/staj\/#breadcrumb"},"inLanguage":"tr","potentialAction":[{"@type":"ReadAction","target":["https:\/\/ticaret.edu.tr\/finans-ve-bankacilik\/staj\/"]}]},{"@type":"BreadcrumbList","@id":"https:\/\/ticaret.edu.tr\/finans-ve-bankacilik\/staj\/#breadcrumb","itemListElement":[{"@type":"ListItem","position":1,"name":"Ana sayfa","item":"https:\/\/ticaret.edu.tr\/finans-ve-bankacilik\/"},{"@type":"ListItem","position":2,"name":"STAJ"}]},{"@type":"WebSite","@id":"https:\/\/ticaret.edu.tr\/finans-ve-bankacilik\/#website","url":"https:\/\/ticaret.edu.tr\/finans-ve-bankacilik\/","name":"Finans ve Bankac\u0131l\u0131k","description":"","potentialAction":[{"@type":"SearchAction","target":{"@type":"EntryPoint","urlTemplate":"https:\/\/ticaret.edu.tr\/finans-ve-bankacilik\/?s={search_term_string}"},"query-input":"required name=search_term_string"}],"inLanguage":"tr"}]}},"lang":"tr","translations":{"en":1541,"tr":1431},"pll_sync_post":[],"_links":{"self":[{"href":"http:\/\/ticaret.edu.tr\/finans-ve-bankacilik\/wp-json\/wp\/v2\/pages\/1431"}],"collection":[{"href":"http:\/\/ticaret.edu.tr\/finans-ve-bankacilik\/wp-json\/wp\/v2\/pages"}],"about":[{"href":"http:\/\/ticaret.edu.tr\/finans-ve-bankacilik\/wp-json\/wp\/v2\/types\/page"}],"author":[{"embeddable":true,"href":"http:\/\/ticaret.edu.tr\/finans-ve-bankacilik\/wp-json\/wp\/v2\/users\/98"}],"replies":[{"embeddable":true,"href":"http:\/\/ticaret.edu.tr\/finans-ve-bankacilik\/wp-json\/wp\/v2\/comments?post=1431"}],"version-history":[{"count":3,"href":"http:\/\/ticaret.edu.tr\/finans-ve-bankacilik\/wp-json\/wp\/v2\/pages\/1431\/revisions"}],"predecessor-version":[{"id":2044,"href":"http:\/\/ticaret.edu.tr\/finans-ve-bankacilik\/wp-json\/wp\/v2\/pages\/1431\/revisions\/2044"}],"wp:attachment":[{"href":"http:\/\/ticaret.edu.tr\/finans-ve-bankacilik\/wp-json\/wp\/v2\/media?parent=1431"}],"curies":[{"name":"wp","href":"https:\/\/api.w.org\/{rel}","templated":true}]}}