{"id":1441,"date":"2025-01-26T21:27:04","date_gmt":"2025-01-26T18:27:04","guid":{"rendered":"https:\/\/ticaret.edu.tr\/finans-ve-bankacilik\/?page_id=1441"},"modified":"2025-10-22T15:02:03","modified_gmt":"2025-10-22T12:02:03","slug":"basvuru-kosullari","status":"publish","type":"page","link":"http:\/\/ticaret.edu.tr\/finans-ve-bankacilik\/basvuru-kosullari\/","title":{"rendered":"BA\u015eVURU KO\u015eULLARI"},"content":{"rendered":"<p>Ticaret ve Finans Enstit\u00fcs\u00fc Y\u00fcksek Lisans ve Doktora Programlar\u0131na \u0130li\u015fkin Ba\u015fvuru \u015eartlar\u0131n\u0131 G\u00f6r\u00fcnt\u00fclemek \u0130\u00e7in Diledi\u011finiz Programa T\u0131klay\u0131n\u0131z.<\/p>\n<p>&nbsp;<\/p>\n<p><strong>Ticaret ve Finans Enstit\u00fcs\u00fc Y\u00fcksek Lisans Programlar\u0131<\/strong><\/p>\n<p>\u2022 <a href=\"http:\/\/ticaret.edu.tr\/finans\/wp-content\/uploads\/sites\/36\/2021\/07\/Uluslararasi-Bankacilik-ve-Finans-Kontenjan.pdf\">Uluslararas\u0131 Bankac\u0131l\u0131k ve Finans Y\u00fcksek Lisans<\/a><br data-start=\"49\" data-end=\"52\" \/>\u2022 <a href=\"http:\/\/ticaret.edu.tr\/finans-enstitusu\/wp-content\/uploads\/sites\/36\/2021\/12\/uzaktan-program-basvuru.pdf\">Uluslararas\u0131 Bankac\u0131l\u0131k ve Finans Tezsiz Y\u00fcksek Lisans Uzaktan E\u011fitim Program\u0131<\/a><br data-start=\"132\" data-end=\"135\" \/>\u2022 <a href=\"http:\/\/ticaret.edu.tr\/finans-enstitusu\/wp-content\/uploads\/sites\/36\/2025\/06\/Ulusl.-Fin-Kont-1.pdf\">Uluslararas\u0131 Finans (\u0130ngilizce) Tezli \u2013 Tezsiz Y\u00fcksek Lisans Program\u0131<\/a><br data-start=\"206\" data-end=\"209\" \/>\u2022<a href=\"http:\/\/ticaret.edu.tr\/finans\/wp-content\/uploads\/sites\/36\/2020\/07\/Sig.-Tezsiz-Ba%C5%9Fvuru-Ko%C5%9Fullar%C4%B1.pdf\"> Sigortac\u0131l\u0131k Tezsiz Y\u00fcksek Lisans Program\u0131<\/a><br data-start=\"253\" data-end=\"256\" \/>\u2022<a href=\"http:\/\/ticaret.edu.tr\/finans\/wp-content\/uploads\/sites\/36\/2021\/07\/Sigorta-ve-Risk-Yonetimi-Kontenjan.pdf\"> Sigorta ve Risk Y\u00f6netimi Tezli Y\u00fcksek Lisans\u0131<\/a><br data-start=\"303\" data-end=\"306\" \/>\u2022 <a href=\"http:\/\/ticaret.edu.tr\/finans-enstitusu\/wp-content\/uploads\/sites\/36\/2021\/11\/SP-tezsiz-kontenjan.pdf\">Sermaye Piyasas\u0131 Tezli ve Tezsiz Y\u00fcksek Lisans Program\u0131<\/a><br data-start=\"363\" data-end=\"366\" \/>\u2022 <a href=\"http:\/\/ticaret.edu.tr\/finans\/wp-content\/uploads\/sites\/36\/2021\/06\/Bankac%C4%B1l%C4%B1k-tezsiz-Kont.pdf\">Bankac\u0131l\u0131k Tezsiz Y\u00fcksek Lisans Program\u0131<\/a><br data-start=\"408\" data-end=\"411\" \/>\u2022 <a href=\"http:\/\/ticaret.edu.tr\/finans\/wp-content\/uploads\/sites\/36\/2021\/06\/Fin-Hizm-Paz-Kont.pdf\">Finansal Hizmetler Pazarlamas\u0131 Tezsiz Y\u00fcksek Lisans Program\u0131<\/a><\/p>\n<p><strong>Ticaret ve Finans Enstit\u00fcs\u00fc Doktora Programlar\u0131<\/strong><\/p>\n<p>\u2022 <a href=\"http:\/\/ticaret.edu.tr\/finans-enstitusu\/wp-content\/uploads\/sites\/36\/2024\/04\/DR-Basvuru-Kosullari-Guncel.pdf\">Finansal Ekonomi<\/a><br data-start=\"18\" data-end=\"21\" \/>\u2022 <a href=\"http:\/\/ticaret.edu.tr\/finans-enstitusu\/wp-content\/uploads\/sites\/36\/2024\/04\/ban-DR-Basvuru-Kosullari-Guncel.pdf\">Bankac\u0131l\u0131k<\/a><br data-start=\"33\" data-end=\"36\" \/>\u2022 <a href=\"http:\/\/ticaret.edu.tr\/finans-enstitusu\/wp-content\/uploads\/sites\/36\/2021\/11\/SIG-DR-Basvuru-Kosullari-Guncel.pdf\">Sigorta ve Risk Y\u00f6netimi<\/a><\/p>\n<p>Detayl\u0131 Bilgi \u0130\u00e7in Ticaret ve Finans Enstit\u00fcs\u00fc Web Sayfas\u0131n\u0131 <em><strong><a href=\"https:\/\/ticaret.edu.tr\/ticaret-ve-finans-enstitusu\/\">buraya<\/a> <\/strong><\/em>t\u0131klayarak ziyaret edebilirsiniz.<\/p>\n","protected":false},"excerpt":{"rendered":"<p>Ticaret ve Finans Enstit\u00fcs\u00fc Y\u00fcksek Lisans ve Doktora Programlar\u0131na \u0130li\u015fkin Ba\u015fvuru \u015eartlar\u0131n\u0131 G\u00f6r\u00fcnt\u00fclemek \u0130\u00e7in Diledi\u011finiz Programa T\u0131klay\u0131n\u0131z. &nbsp; Ticaret ve Finans Enstit\u00fcs\u00fc Y\u00fcksek Lisans Programlar\u0131 \u2022 Uluslararas\u0131 Bankac\u0131l\u0131k ve Finans Y\u00fcksek Lisans\u2022 Uluslararas\u0131 Bankac\u0131l\u0131k ve Finans Tezsiz Y\u00fcksek Lisans Uzaktan E\u011fitim Program\u0131\u2022 Uluslararas\u0131 Finans (\u0130ngilizce) Tezli \u2013 Tezsiz Y\u00fcksek Lisans Program\u0131\u2022 Sigortac\u0131l\u0131k Tezsiz Y\u00fcksek Lisans [&hellip;]<\/p>\n","protected":false},"author":98,"featured_media":0,"parent":0,"menu_order":0,"comment_status":"closed","ping_status":"closed","template":"genel_sayfa.php","meta":{"footnotes":""},"yoast_head":"<!-- This site is optimized with the Yoast SEO Premium plugin v22.1 (Yoast SEO v22.1) - https:\/\/yoast.com\/wordpress\/plugins\/seo\/ -->\n<title>BA\u015eVURU KO\u015eULLARI - Finans ve Bankac\u0131l\u0131k<\/title>\n<meta name=\"robots\" content=\"index, follow, max-snippet:-1, max-image-preview:large, max-video-preview:-1\" \/>\n<link rel=\"canonical\" href=\"http:\/\/ticaret.edu.tr\/finans-ve-bankacilik\/basvuru-kosullari\/\" \/>\n<meta property=\"og:locale\" content=\"tr_TR\" \/>\n<meta property=\"og:type\" content=\"article\" \/>\n<meta property=\"og:title\" content=\"BA\u015eVURU KO\u015eULLARI\" \/>\n<meta property=\"og:description\" content=\"Ticaret ve Finans Enstit\u00fcs\u00fc Y\u00fcksek Lisans ve Doktora Programlar\u0131na \u0130li\u015fkin Ba\u015fvuru \u015eartlar\u0131n\u0131 G\u00f6r\u00fcnt\u00fclemek \u0130\u00e7in Diledi\u011finiz Programa T\u0131klay\u0131n\u0131z. &nbsp; Ticaret ve Finans Enstit\u00fcs\u00fc Y\u00fcksek Lisans Programlar\u0131 \u2022 Uluslararas\u0131 Bankac\u0131l\u0131k ve Finans Y\u00fcksek Lisans\u2022 Uluslararas\u0131 Bankac\u0131l\u0131k ve Finans Tezsiz Y\u00fcksek Lisans Uzaktan E\u011fitim Program\u0131\u2022 Uluslararas\u0131 Finans (\u0130ngilizce) Tezli \u2013 Tezsiz Y\u00fcksek Lisans Program\u0131\u2022 Sigortac\u0131l\u0131k Tezsiz Y\u00fcksek Lisans [&hellip;]\" \/>\n<meta property=\"og:url\" content=\"http:\/\/ticaret.edu.tr\/finans-ve-bankacilik\/basvuru-kosullari\/\" \/>\n<meta property=\"og:site_name\" content=\"Finans ve Bankac\u0131l\u0131k\" \/>\n<meta property=\"article:publisher\" content=\"https:\/\/www.facebook.com\/ticaretedutr\" \/>\n<meta property=\"article:modified_time\" content=\"2025-10-22T12:02:03+00:00\" \/>\n<meta property=\"og:image\" content=\"http:\/\/ticaret.edu.tr\/finans-ve-bankacilik\/wp-content\/uploads\/sites\/15\/2021\/11\/web_logo-01.jpg\" \/>\n\t<meta property=\"og:image:width\" content=\"1250\" \/>\n\t<meta property=\"og:image:height\" content=\"833\" \/>\n\t<meta property=\"og:image:type\" content=\"image\/jpeg\" \/>\n<meta name=\"twitter:card\" content=\"summary_large_image\" \/>\n<meta name=\"twitter:site\" content=\"@ticaretedutr\" \/>\n<meta name=\"twitter:label1\" content=\"Tahmini okuma s\u00fcresi\" \/>\n\t<meta name=\"twitter:data1\" content=\"1 dakika\" \/>\n<script type=\"application\/ld+json\" class=\"yoast-schema-graph\">{\"@context\":\"https:\/\/schema.org\",\"@graph\":[{\"@type\":\"WebPage\",\"@id\":\"http:\/\/ticaret.edu.tr\/finans-ve-bankacilik\/basvuru-kosullari\/\",\"url\":\"http:\/\/ticaret.edu.tr\/finans-ve-bankacilik\/basvuru-kosullari\/\",\"name\":\"BA\u015eVURU KO\u015eULLARI - Finans ve Bankac\u0131l\u0131k\",\"isPartOf\":{\"@id\":\"https:\/\/ticaret.edu.tr\/finans-ve-bankacilik\/en\/#website\"},\"datePublished\":\"2025-01-26T18:27:04+00:00\",\"dateModified\":\"2025-10-22T12:02:03+00:00\",\"breadcrumb\":{\"@id\":\"http:\/\/ticaret.edu.tr\/finans-ve-bankacilik\/basvuru-kosullari\/#breadcrumb\"},\"inLanguage\":\"tr\",\"potentialAction\":[{\"@type\":\"ReadAction\",\"target\":[\"http:\/\/ticaret.edu.tr\/finans-ve-bankacilik\/basvuru-kosullari\/\"]}]},{\"@type\":\"BreadcrumbList\",\"@id\":\"http:\/\/ticaret.edu.tr\/finans-ve-bankacilik\/basvuru-kosullari\/#breadcrumb\",\"itemListElement\":[{\"@type\":\"ListItem\",\"position\":1,\"name\":\"Ana sayfa\",\"item\":\"https:\/\/ticaret.edu.tr\/finans-ve-bankacilik\/\"},{\"@type\":\"ListItem\",\"position\":2,\"name\":\"BA\u015eVURU KO\u015eULLARI\"}]},{\"@type\":\"WebSite\",\"@id\":\"https:\/\/ticaret.edu.tr\/finans-ve-bankacilik\/en\/#website\",\"url\":\"https:\/\/ticaret.edu.tr\/finans-ve-bankacilik\/en\/\",\"name\":\"Finans ve Bankac\u0131l\u0131k\",\"description\":\"\",\"potentialAction\":[{\"@type\":\"SearchAction\",\"target\":{\"@type\":\"EntryPoint\",\"urlTemplate\":\"https:\/\/ticaret.edu.tr\/finans-ve-bankacilik\/en\/?s={search_term_string}\"},\"query-input\":\"required name=search_term_string\"}],\"inLanguage\":\"tr\"}]}<\/script>\n<!-- \/ Yoast SEO Premium plugin. -->","yoast_head_json":{"title":"BA\u015eVURU KO\u015eULLARI - Finans ve Bankac\u0131l\u0131k","robots":{"index":"index","follow":"follow","max-snippet":"max-snippet:-1","max-image-preview":"max-image-preview:large","max-video-preview":"max-video-preview:-1"},"canonical":"http:\/\/ticaret.edu.tr\/finans-ve-bankacilik\/basvuru-kosullari\/","og_locale":"tr_TR","og_type":"article","og_title":"BA\u015eVURU KO\u015eULLARI","og_description":"Ticaret ve Finans Enstit\u00fcs\u00fc Y\u00fcksek Lisans ve Doktora Programlar\u0131na \u0130li\u015fkin Ba\u015fvuru \u015eartlar\u0131n\u0131 G\u00f6r\u00fcnt\u00fclemek \u0130\u00e7in Diledi\u011finiz Programa T\u0131klay\u0131n\u0131z. &nbsp; Ticaret ve Finans Enstit\u00fcs\u00fc Y\u00fcksek Lisans Programlar\u0131 \u2022 Uluslararas\u0131 Bankac\u0131l\u0131k ve Finans Y\u00fcksek Lisans\u2022 Uluslararas\u0131 Bankac\u0131l\u0131k ve Finans Tezsiz Y\u00fcksek Lisans Uzaktan E\u011fitim Program\u0131\u2022 Uluslararas\u0131 Finans (\u0130ngilizce) Tezli \u2013 Tezsiz Y\u00fcksek Lisans Program\u0131\u2022 Sigortac\u0131l\u0131k Tezsiz Y\u00fcksek Lisans [&hellip;]","og_url":"http:\/\/ticaret.edu.tr\/finans-ve-bankacilik\/basvuru-kosullari\/","og_site_name":"Finans ve Bankac\u0131l\u0131k","article_publisher":"https:\/\/www.facebook.com\/ticaretedutr","article_modified_time":"2025-10-22T12:02:03+00:00","og_image":[{"width":1250,"height":833,"url":"http:\/\/ticaret.edu.tr\/finans-ve-bankacilik\/wp-content\/uploads\/sites\/15\/2021\/11\/web_logo-01.jpg","type":"image\/jpeg"}],"twitter_card":"summary_large_image","twitter_site":"@ticaretedutr","twitter_misc":{"Tahmini okuma s\u00fcresi":"1 dakika"},"schema":{"@context":"https:\/\/schema.org","@graph":[{"@type":"WebPage","@id":"http:\/\/ticaret.edu.tr\/finans-ve-bankacilik\/basvuru-kosullari\/","url":"http:\/\/ticaret.edu.tr\/finans-ve-bankacilik\/basvuru-kosullari\/","name":"BA\u015eVURU KO\u015eULLARI - Finans ve Bankac\u0131l\u0131k","isPartOf":{"@id":"https:\/\/ticaret.edu.tr\/finans-ve-bankacilik\/en\/#website"},"datePublished":"2025-01-26T18:27:04+00:00","dateModified":"2025-10-22T12:02:03+00:00","breadcrumb":{"@id":"http:\/\/ticaret.edu.tr\/finans-ve-bankacilik\/basvuru-kosullari\/#breadcrumb"},"inLanguage":"tr","potentialAction":[{"@type":"ReadAction","target":["http:\/\/ticaret.edu.tr\/finans-ve-bankacilik\/basvuru-kosullari\/"]}]},{"@type":"BreadcrumbList","@id":"http:\/\/ticaret.edu.tr\/finans-ve-bankacilik\/basvuru-kosullari\/#breadcrumb","itemListElement":[{"@type":"ListItem","position":1,"name":"Ana sayfa","item":"https:\/\/ticaret.edu.tr\/finans-ve-bankacilik\/"},{"@type":"ListItem","position":2,"name":"BA\u015eVURU KO\u015eULLARI"}]},{"@type":"WebSite","@id":"https:\/\/ticaret.edu.tr\/finans-ve-bankacilik\/en\/#website","url":"https:\/\/ticaret.edu.tr\/finans-ve-bankacilik\/en\/","name":"Finans ve Bankac\u0131l\u0131k","description":"","potentialAction":[{"@type":"SearchAction","target":{"@type":"EntryPoint","urlTemplate":"https:\/\/ticaret.edu.tr\/finans-ve-bankacilik\/en\/?s={search_term_string}"},"query-input":"required name=search_term_string"}],"inLanguage":"tr"}]}},"lang":"tr","translations":{"en":1531,"tr":1441},"pll_sync_post":[],"_links":{"self":[{"href":"http:\/\/ticaret.edu.tr\/finans-ve-bankacilik\/wp-json\/wp\/v2\/pages\/1441"}],"collection":[{"href":"http:\/\/ticaret.edu.tr\/finans-ve-bankacilik\/wp-json\/wp\/v2\/pages"}],"about":[{"href":"http:\/\/ticaret.edu.tr\/finans-ve-bankacilik\/wp-json\/wp\/v2\/types\/page"}],"author":[{"embeddable":true,"href":"http:\/\/ticaret.edu.tr\/finans-ve-bankacilik\/wp-json\/wp\/v2\/users\/98"}],"replies":[{"embeddable":true,"href":"http:\/\/ticaret.edu.tr\/finans-ve-bankacilik\/wp-json\/wp\/v2\/comments?post=1441"}],"version-history":[{"count":4,"href":"http:\/\/ticaret.edu.tr\/finans-ve-bankacilik\/wp-json\/wp\/v2\/pages\/1441\/revisions"}],"predecessor-version":[{"id":2066,"href":"http:\/\/ticaret.edu.tr\/finans-ve-bankacilik\/wp-json\/wp\/v2\/pages\/1441\/revisions\/2066"}],"wp:attachment":[{"href":"http:\/\/ticaret.edu.tr\/finans-ve-bankacilik\/wp-json\/wp\/v2\/media?parent=1441"}],"curies":[{"name":"wp","href":"https:\/\/api.w.org\/{rel}","templated":true}]}}