{"id":1451,"date":"2025-01-26T21:27:01","date_gmt":"2025-01-26T18:27:01","guid":{"rendered":"https:\/\/ticaret.edu.tr\/finans-ve-bankacilik\/?page_id=1451"},"modified":"2025-10-22T14:07:18","modified_gmt":"2025-10-22T11:07:18","slug":"lisans-yonetmelikler","status":"publish","type":"page","link":"http:\/\/ticaret.edu.tr\/finans-ve-bankacilik\/lisans-yonetmelikler\/","title":{"rendered":"Y\u00d6NETMEL\u0130KLER"},"content":{"rendered":"<p><a href=\"https:\/\/www.mevzuat.gov.tr\/mevzuat?MevzuatNo=15066&amp;MevzuatTur=8&amp;MevzuatTertip=5\">\u0130stanbul Ticaret \u00dcniversitesi \u00d6n Lisans ve Lisans E\u011fitim, \u00d6\u011fretim ve S\u0131nav Y\u00f6netmeli\u011fi<\/a><br \/>\n<a href=\"https:\/\/www.mevzuat.gov.tr\/mevzuat?MevzuatNo=7267&amp;MevzuatTur=8&amp;MevzuatTertip=5\">\u0130stanbul Ticaret \u00dcniversitesi Yaz \u00d6\u011fretimi Y\u00f6netmeli\u011fi<\/a><br \/>\n<a href=\"https:\/\/ticaret.edu.tr\/wp-content\/uploads\/2025\/05\/Istanbul-Ticaret-Universitesi-Staj-Yonergesi.pdf\">\u0130stanbul Ticaret \u00dcniversitesi Staj Y\u00f6nergesi<\/a><br \/>\n<a href=\"https:\/\/ticaret.edu.tr\/wp-content\/uploads\/2021\/04\/lisans.pdf\">\u0130stanbul Ticaret \u00dcniversitesi Lisans Bitirme Projesi Ana Y\u00f6nergesi<\/a><br \/>\n<a href=\"https:\/\/ticaret.edu.tr\/wp-content\/uploads\/sites\/32\/2020\/05\/%C4%B0stanbul-Ticaret-%C3%9Cniversitesi-%C3%96%C4%9Frenci-Topluluklar%C4%B1-Y%C3%B6nergesi.pdf\">\u0130stanbul Ticaret \u00dcniversitesi \u00d6\u011frenci Topluluklar\u0131 Y\u00f6nergesi<\/a><br \/>\n<a href=\"https:\/\/ticaret.edu.tr\/wp-content\/uploads\/2025\/07\/nottlyz2fe-istanbul-ticaret-universitesi-on-lisans-ve-lisans-burs-yonergesi.pdf\">\u0130stanbul Ticaret \u00dcniversitesi \u00d6n Lisans ve Lisans Burs Y\u00f6nergesi<\/a><\/p>\n","protected":false},"excerpt":{"rendered":"<p>\u0130stanbul Ticaret \u00dcniversitesi \u00d6n Lisans ve Lisans E\u011fitim, \u00d6\u011fretim ve S\u0131nav Y\u00f6netmeli\u011fi \u0130stanbul Ticaret \u00dcniversitesi Yaz \u00d6\u011fretimi Y\u00f6netmeli\u011fi \u0130stanbul Ticaret \u00dcniversitesi Staj Y\u00f6nergesi \u0130stanbul Ticaret \u00dcniversitesi Lisans Bitirme Projesi Ana Y\u00f6nergesi \u0130stanbul Ticaret \u00dcniversitesi \u00d6\u011frenci Topluluklar\u0131 Y\u00f6nergesi \u0130stanbul Ticaret \u00dcniversitesi \u00d6n Lisans ve Lisans Burs Y\u00f6nergesi<\/p>\n","protected":false},"author":98,"featured_media":0,"parent":0,"menu_order":0,"comment_status":"closed","ping_status":"closed","template":"genel_sayfa.php","meta":{"footnotes":""},"yoast_head":"<!-- This site is optimized with the Yoast SEO Premium plugin v22.1 (Yoast SEO v22.1) - https:\/\/yoast.com\/wordpress\/plugins\/seo\/ -->\n<title>Y\u00d6NETMEL\u0130KLER - Finans ve Bankac\u0131l\u0131k<\/title>\n<meta name=\"robots\" content=\"index, follow, max-snippet:-1, max-image-preview:large, max-video-preview:-1\" \/>\n<link rel=\"canonical\" href=\"http:\/\/ticaret.edu.tr\/finans-ve-bankacilik\/lisans-yonetmelikler\/\" \/>\n<meta property=\"og:locale\" content=\"tr_TR\" \/>\n<meta property=\"og:type\" content=\"article\" \/>\n<meta property=\"og:title\" content=\"Y\u00d6NETMEL\u0130KLER\" \/>\n<meta property=\"og:description\" content=\"\u0130stanbul Ticaret \u00dcniversitesi \u00d6n Lisans ve Lisans E\u011fitim, \u00d6\u011fretim ve S\u0131nav Y\u00f6netmeli\u011fi \u0130stanbul Ticaret \u00dcniversitesi Yaz \u00d6\u011fretimi Y\u00f6netmeli\u011fi \u0130stanbul Ticaret \u00dcniversitesi Staj Y\u00f6nergesi \u0130stanbul Ticaret \u00dcniversitesi Lisans Bitirme Projesi Ana Y\u00f6nergesi \u0130stanbul Ticaret \u00dcniversitesi \u00d6\u011frenci Topluluklar\u0131 Y\u00f6nergesi \u0130stanbul Ticaret \u00dcniversitesi \u00d6n Lisans ve Lisans Burs Y\u00f6nergesi\" \/>\n<meta property=\"og:url\" content=\"http:\/\/ticaret.edu.tr\/finans-ve-bankacilik\/lisans-yonetmelikler\/\" \/>\n<meta property=\"og:site_name\" content=\"Finans ve Bankac\u0131l\u0131k\" \/>\n<meta property=\"article:publisher\" content=\"https:\/\/www.facebook.com\/ticaretedutr\" \/>\n<meta property=\"article:modified_time\" content=\"2025-10-22T11:07:18+00:00\" \/>\n<meta property=\"og:image\" content=\"http:\/\/ticaret.edu.tr\/finans-ve-bankacilik\/wp-content\/uploads\/sites\/15\/2021\/11\/web_logo-01.jpg\" \/>\n\t<meta property=\"og:image:width\" content=\"1250\" \/>\n\t<meta property=\"og:image:height\" content=\"833\" \/>\n\t<meta property=\"og:image:type\" content=\"image\/jpeg\" \/>\n<meta name=\"twitter:card\" content=\"summary_large_image\" \/>\n<meta name=\"twitter:site\" content=\"@ticaretedutr\" \/>\n<meta name=\"twitter:label1\" content=\"Tahmini okuma s\u00fcresi\" \/>\n\t<meta name=\"twitter:data1\" content=\"1 dakika\" \/>\n<script type=\"application\/ld+json\" class=\"yoast-schema-graph\">{\"@context\":\"https:\/\/schema.org\",\"@graph\":[{\"@type\":\"WebPage\",\"@id\":\"http:\/\/ticaret.edu.tr\/finans-ve-bankacilik\/lisans-yonetmelikler\/\",\"url\":\"http:\/\/ticaret.edu.tr\/finans-ve-bankacilik\/lisans-yonetmelikler\/\",\"name\":\"Y\u00d6NETMEL\u0130KLER - Finans ve Bankac\u0131l\u0131k\",\"isPartOf\":{\"@id\":\"https:\/\/ticaret.edu.tr\/finans-ve-bankacilik\/en\/#website\"},\"datePublished\":\"2025-01-26T18:27:01+00:00\",\"dateModified\":\"2025-10-22T11:07:18+00:00\",\"breadcrumb\":{\"@id\":\"http:\/\/ticaret.edu.tr\/finans-ve-bankacilik\/lisans-yonetmelikler\/#breadcrumb\"},\"inLanguage\":\"tr\",\"potentialAction\":[{\"@type\":\"ReadAction\",\"target\":[\"http:\/\/ticaret.edu.tr\/finans-ve-bankacilik\/lisans-yonetmelikler\/\"]}]},{\"@type\":\"BreadcrumbList\",\"@id\":\"http:\/\/ticaret.edu.tr\/finans-ve-bankacilik\/lisans-yonetmelikler\/#breadcrumb\",\"itemListElement\":[{\"@type\":\"ListItem\",\"position\":1,\"name\":\"Ana sayfa\",\"item\":\"https:\/\/ticaret.edu.tr\/finans-ve-bankacilik\/\"},{\"@type\":\"ListItem\",\"position\":2,\"name\":\"Y\u00d6NETMEL\u0130KLER\"}]},{\"@type\":\"WebSite\",\"@id\":\"https:\/\/ticaret.edu.tr\/finans-ve-bankacilik\/en\/#website\",\"url\":\"https:\/\/ticaret.edu.tr\/finans-ve-bankacilik\/en\/\",\"name\":\"Finans ve Bankac\u0131l\u0131k\",\"description\":\"\",\"potentialAction\":[{\"@type\":\"SearchAction\",\"target\":{\"@type\":\"EntryPoint\",\"urlTemplate\":\"https:\/\/ticaret.edu.tr\/finans-ve-bankacilik\/en\/?s={search_term_string}\"},\"query-input\":\"required name=search_term_string\"}],\"inLanguage\":\"tr\"}]}<\/script>\n<!-- \/ Yoast SEO Premium plugin. -->","yoast_head_json":{"title":"Y\u00d6NETMEL\u0130KLER - Finans ve Bankac\u0131l\u0131k","robots":{"index":"index","follow":"follow","max-snippet":"max-snippet:-1","max-image-preview":"max-image-preview:large","max-video-preview":"max-video-preview:-1"},"canonical":"http:\/\/ticaret.edu.tr\/finans-ve-bankacilik\/lisans-yonetmelikler\/","og_locale":"tr_TR","og_type":"article","og_title":"Y\u00d6NETMEL\u0130KLER","og_description":"\u0130stanbul Ticaret \u00dcniversitesi \u00d6n Lisans ve Lisans E\u011fitim, \u00d6\u011fretim ve S\u0131nav Y\u00f6netmeli\u011fi \u0130stanbul Ticaret \u00dcniversitesi Yaz \u00d6\u011fretimi Y\u00f6netmeli\u011fi \u0130stanbul Ticaret \u00dcniversitesi Staj Y\u00f6nergesi \u0130stanbul Ticaret \u00dcniversitesi Lisans Bitirme Projesi Ana Y\u00f6nergesi \u0130stanbul Ticaret \u00dcniversitesi \u00d6\u011frenci Topluluklar\u0131 Y\u00f6nergesi \u0130stanbul Ticaret \u00dcniversitesi \u00d6n Lisans ve Lisans Burs Y\u00f6nergesi","og_url":"http:\/\/ticaret.edu.tr\/finans-ve-bankacilik\/lisans-yonetmelikler\/","og_site_name":"Finans ve Bankac\u0131l\u0131k","article_publisher":"https:\/\/www.facebook.com\/ticaretedutr","article_modified_time":"2025-10-22T11:07:18+00:00","og_image":[{"width":1250,"height":833,"url":"http:\/\/ticaret.edu.tr\/finans-ve-bankacilik\/wp-content\/uploads\/sites\/15\/2021\/11\/web_logo-01.jpg","type":"image\/jpeg"}],"twitter_card":"summary_large_image","twitter_site":"@ticaretedutr","twitter_misc":{"Tahmini okuma s\u00fcresi":"1 dakika"},"schema":{"@context":"https:\/\/schema.org","@graph":[{"@type":"WebPage","@id":"http:\/\/ticaret.edu.tr\/finans-ve-bankacilik\/lisans-yonetmelikler\/","url":"http:\/\/ticaret.edu.tr\/finans-ve-bankacilik\/lisans-yonetmelikler\/","name":"Y\u00d6NETMEL\u0130KLER - Finans ve Bankac\u0131l\u0131k","isPartOf":{"@id":"https:\/\/ticaret.edu.tr\/finans-ve-bankacilik\/en\/#website"},"datePublished":"2025-01-26T18:27:01+00:00","dateModified":"2025-10-22T11:07:18+00:00","breadcrumb":{"@id":"http:\/\/ticaret.edu.tr\/finans-ve-bankacilik\/lisans-yonetmelikler\/#breadcrumb"},"inLanguage":"tr","potentialAction":[{"@type":"ReadAction","target":["http:\/\/ticaret.edu.tr\/finans-ve-bankacilik\/lisans-yonetmelikler\/"]}]},{"@type":"BreadcrumbList","@id":"http:\/\/ticaret.edu.tr\/finans-ve-bankacilik\/lisans-yonetmelikler\/#breadcrumb","itemListElement":[{"@type":"ListItem","position":1,"name":"Ana sayfa","item":"https:\/\/ticaret.edu.tr\/finans-ve-bankacilik\/"},{"@type":"ListItem","position":2,"name":"Y\u00d6NETMEL\u0130KLER"}]},{"@type":"WebSite","@id":"https:\/\/ticaret.edu.tr\/finans-ve-bankacilik\/en\/#website","url":"https:\/\/ticaret.edu.tr\/finans-ve-bankacilik\/en\/","name":"Finans ve Bankac\u0131l\u0131k","description":"","potentialAction":[{"@type":"SearchAction","target":{"@type":"EntryPoint","urlTemplate":"https:\/\/ticaret.edu.tr\/finans-ve-bankacilik\/en\/?s={search_term_string}"},"query-input":"required name=search_term_string"}],"inLanguage":"tr"}]}},"lang":"tr","translations":{"en":1516,"tr":1451},"pll_sync_post":[],"_links":{"self":[{"href":"http:\/\/ticaret.edu.tr\/finans-ve-bankacilik\/wp-json\/wp\/v2\/pages\/1451"}],"collection":[{"href":"http:\/\/ticaret.edu.tr\/finans-ve-bankacilik\/wp-json\/wp\/v2\/pages"}],"about":[{"href":"http:\/\/ticaret.edu.tr\/finans-ve-bankacilik\/wp-json\/wp\/v2\/types\/page"}],"author":[{"embeddable":true,"href":"http:\/\/ticaret.edu.tr\/finans-ve-bankacilik\/wp-json\/wp\/v2\/users\/98"}],"replies":[{"embeddable":true,"href":"http:\/\/ticaret.edu.tr\/finans-ve-bankacilik\/wp-json\/wp\/v2\/comments?post=1451"}],"version-history":[{"count":6,"href":"http:\/\/ticaret.edu.tr\/finans-ve-bankacilik\/wp-json\/wp\/v2\/pages\/1451\/revisions"}],"predecessor-version":[{"id":2050,"href":"http:\/\/ticaret.edu.tr\/finans-ve-bankacilik\/wp-json\/wp\/v2\/pages\/1451\/revisions\/2050"}],"wp:attachment":[{"href":"http:\/\/ticaret.edu.tr\/finans-ve-bankacilik\/wp-json\/wp\/v2\/media?parent=1451"}],"curies":[{"name":"wp","href":"https:\/\/api.w.org\/{rel}","templated":true}]}}