{"id":1457,"date":"2025-01-26T21:26:58","date_gmt":"2025-01-26T18:26:58","guid":{"rendered":"https:\/\/ticaret.edu.tr\/finans-ve-bankacilik\/?page_id=1457"},"modified":"2025-10-22T15:49:40","modified_gmt":"2025-10-22T12:49:40","slug":"laboratuvarlar","status":"publish","type":"page","link":"http:\/\/ticaret.edu.tr\/finans-ve-bankacilik\/laboratuvarlar\/","title":{"rendered":"LABORATUVARLAR"},"content":{"rendered":"<h3 data-start=\"1177\" data-end=\"1222\"><strong data-start=\"1183\" data-end=\"1220\">Laboratuvar Olanaklar\u0131 ve Donan\u0131m<\/strong><\/h3>\n<ul>\n<li data-start=\"1224\" data-end=\"1612\">R, Python, E-Views, SPSS, MATLAB vb. analiz yaz\u0131l\u0131mlar\u0131n\u0131n bulundu\u011fu g\u00fcncel teknolojiye sahip bilgisayarlar<\/li>\n<li data-start=\"1224\" data-end=\"1612\">Y\u00fcksek h\u0131zl\u0131 internet ba\u011flant\u0131s\u0131 ve bulut tabanl\u0131 analiz ara\u00e7lar\u0131na eri\u015fim olanaklar\u0131<\/li>\n<li data-start=\"1224\" data-end=\"1612\">Akademik ara\u015ft\u0131rmalar ve projeler i\u00e7in veri setleri ve analiz kaynaklar\u0131<\/li>\n<li data-start=\"1224\" data-end=\"1612\">\u00d6\u011frenciler ve ara\u015ft\u0131rmac\u0131lar i\u00e7in interaktif at\u00f6lyeler ve uygulamal\u0131 dersler<\/li>\n<li data-start=\"1224\" data-end=\"1612\">Borsa \u0130stanbul (BIST-LAB) ile \u00d6\u011frenciler teorik derslerde \u00f6\u011frendikleri finansal piyasalar, sermaye piyasalar\u0131, hisse senedi, t\u00fcrev ara\u00e7lar gibi konular\u0131; burada ger\u00e7ek ya da sim\u00fcle edilmi\u015f ortamda uygulama imk\u00e2n\u0131yla deneyimleyebilirler.<\/li>\n<\/ul>\n<table width=\"812\">\n<tbody>\n<tr>\n<td width=\"660\"><b>Laboratuvar ad\u0131<\/b><\/td>\n<td width=\"660\"><b>Bulundu\u011fu kamp\u00fcs<\/b><\/td>\n<\/tr>\n<tr>\n<td width=\"660\"><b>BIST-LAB<\/b><\/td>\n<td width=\"660\">S\u00fctl\u00fcce<\/td>\n<\/tr>\n<tr>\n<td width=\"660\"><b>LAB-E104<\/b><\/td>\n<td width=\"660\">S\u00fctl\u00fcce<\/td>\n<\/tr>\n<tr>\n<td width=\"660\"><b>LAB-E204<\/b><\/td>\n<td width=\"660\">S\u00fctl\u00fcce<\/td>\n<\/tr>\n<tr>\n<td width=\"660\"><b>MAC-A.203 LAB.<\/b><\/td>\n<td width=\"660\">S\u00fctl\u00fcce<\/td>\n<\/tr>\n<tr>\n<td width=\"660\"><b>MAC A.204 LAB.<\/b><\/td>\n<td width=\"660\">S\u00fctl\u00fcce<\/td>\n<\/tr>\n<tr>\n<td width=\"660\"><b>MAC A.403 LAB.<\/b><\/td>\n<td width=\"660\">S\u00fctl\u00fcce<\/td>\n<\/tr>\n<tr>\n<td width=\"660\"><b>LAB104b<\/b><\/td>\n<td width=\"660\">S\u00fctl\u00fcce<\/td>\n<\/tr>\n<tr>\n<td width=\"660\"><b>LABE207<\/b><\/td>\n<td width=\"660\">S\u00fctl\u00fcce<\/td>\n<\/tr>\n<tr>\n<td width=\"660\"><b>LABE208<\/b><\/td>\n<td width=\"660\">S\u00fctl\u00fcce<\/td>\n<\/tr>\n<tr>\n<td width=\"660\"><b>LABA306<\/b><\/td>\n<td width=\"660\">S\u00fctl\u00fcce<\/td>\n<\/tr>\n<tr>\n<td width=\"660\"><b>LABE304<\/b><\/td>\n<td width=\"660\">S\u00fctl\u00fcce<\/td>\n<\/tr>\n<tr>\n<td width=\"660\"><b>LABE305<\/b><\/td>\n<td width=\"660\">S\u00fctl\u00fcce<\/td>\n<\/tr>\n<tr>\n<td width=\"660\"><b>LABE306<\/b><\/td>\n<td width=\"660\">S\u00fctl\u00fcce<\/td>\n<\/tr>\n<tr>\n<td width=\"660\"><b>LABE402<\/b><\/td>\n<td width=\"660\">S\u00fctl\u00fcce<\/td>\n<\/tr>\n<tr>\n<td width=\"660\"><b>LABE406<\/b><\/td>\n<td width=\"660\">S\u00fctl\u00fcce<\/td>\n<\/tr>\n<tr>\n<td width=\"660\"><b>TV KOORD\u0130NASYON<\/b><\/td>\n<td width=\"660\">S\u00fctl\u00fcce<\/td>\n<\/tr>\n<tr>\n<td width=\"660\"><b>YAYIN ST\u00dcDYO<\/b><\/td>\n<td width=\"660\">S\u00fctl\u00fcce<\/td>\n<\/tr>\n<\/tbody>\n<\/table>\n<p><img loading=\"lazy\" decoding=\"async\" class=\"alignnone size-medium wp-image-2107\" src=\"http:\/\/ticaret.edu.tr\/finans-ve-bankacilik\/wp-content\/uploads\/sites\/15\/2025\/10\/0J1A0545-6-300x200.jpeg\" alt=\"\" width=\"300\" height=\"200\" srcset=\"http:\/\/ticaret.edu.tr\/finans-ve-bankacilik\/wp-content\/uploads\/sites\/15\/2025\/10\/0J1A0545-6-300x200.jpeg 300w, http:\/\/ticaret.edu.tr\/finans-ve-bankacilik\/wp-content\/uploads\/sites\/15\/2025\/10\/0J1A0545-6-1024x683.jpeg 1024w, http:\/\/ticaret.edu.tr\/finans-ve-bankacilik\/wp-content\/uploads\/sites\/15\/2025\/10\/0J1A0545-6-768x512.jpeg 768w, http:\/\/ticaret.edu.tr\/finans-ve-bankacilik\/wp-content\/uploads\/sites\/15\/2025\/10\/0J1A0545-6-1536x1024.jpeg 1536w, http:\/\/ticaret.edu.tr\/finans-ve-bankacilik\/wp-content\/uploads\/sites\/15\/2025\/10\/0J1A0545-6.jpeg 1920w\" sizes=\"(max-width: 300px) 100vw, 300px\" \/><\/p>\n","protected":false},"excerpt":{"rendered":"<p>Laboratuvar Olanaklar\u0131 ve Donan\u0131m R, Python, E-Views, SPSS, MATLAB vb. analiz yaz\u0131l\u0131mlar\u0131n\u0131n bulundu\u011fu g\u00fcncel teknolojiye sahip bilgisayarlar Y\u00fcksek h\u0131zl\u0131 internet ba\u011flant\u0131s\u0131 ve bulut tabanl\u0131 analiz ara\u00e7lar\u0131na eri\u015fim olanaklar\u0131 Akademik ara\u015ft\u0131rmalar ve projeler i\u00e7in veri setleri ve analiz kaynaklar\u0131 \u00d6\u011frenciler ve ara\u015ft\u0131rmac\u0131lar i\u00e7in interaktif at\u00f6lyeler ve uygulamal\u0131 dersler Borsa \u0130stanbul (BIST-LAB) ile \u00d6\u011frenciler teorik derslerde \u00f6\u011frendikleri [&hellip;]<\/p>\n","protected":false},"author":98,"featured_media":0,"parent":0,"menu_order":0,"comment_status":"closed","ping_status":"closed","template":"genel_sayfa.php","meta":{"footnotes":""},"yoast_head":"<!-- This site is optimized with the Yoast SEO Premium plugin v22.1 (Yoast SEO v22.1) - https:\/\/yoast.com\/wordpress\/plugins\/seo\/ -->\n<title>LABORATUVARLAR - Finans ve Bankac\u0131l\u0131k<\/title>\n<meta name=\"robots\" content=\"index, follow, max-snippet:-1, max-image-preview:large, max-video-preview:-1\" \/>\n<link rel=\"canonical\" href=\"https:\/\/ticaret.edu.tr\/finans-ve-bankacilik\/laboratuvarlar\/\" \/>\n<meta property=\"og:locale\" content=\"tr_TR\" \/>\n<meta property=\"og:type\" content=\"article\" \/>\n<meta property=\"og:title\" content=\"LABORATUVARLAR\" \/>\n<meta property=\"og:description\" content=\"Laboratuvar Olanaklar\u0131 ve Donan\u0131m R, Python, E-Views, SPSS, MATLAB vb. analiz yaz\u0131l\u0131mlar\u0131n\u0131n bulundu\u011fu g\u00fcncel teknolojiye sahip bilgisayarlar Y\u00fcksek h\u0131zl\u0131 internet ba\u011flant\u0131s\u0131 ve bulut tabanl\u0131 analiz ara\u00e7lar\u0131na eri\u015fim olanaklar\u0131 Akademik ara\u015ft\u0131rmalar ve projeler i\u00e7in veri setleri ve analiz kaynaklar\u0131 \u00d6\u011frenciler ve ara\u015ft\u0131rmac\u0131lar i\u00e7in interaktif at\u00f6lyeler ve uygulamal\u0131 dersler Borsa \u0130stanbul (BIST-LAB) ile \u00d6\u011frenciler teorik derslerde \u00f6\u011frendikleri [&hellip;]\" \/>\n<meta property=\"og:url\" content=\"https:\/\/ticaret.edu.tr\/finans-ve-bankacilik\/laboratuvarlar\/\" \/>\n<meta property=\"og:site_name\" content=\"Finans ve Bankac\u0131l\u0131k\" \/>\n<meta property=\"article:publisher\" content=\"https:\/\/www.facebook.com\/ticaretedutr\" \/>\n<meta property=\"article:modified_time\" content=\"2025-10-22T12:49:40+00:00\" \/>\n<meta property=\"og:image\" content=\"http:\/\/ticaret.edu.tr\/finans-ve-bankacilik\/wp-content\/uploads\/sites\/15\/2025\/10\/0J1A0545-6-300x200.jpeg\" \/>\n<meta name=\"twitter:card\" content=\"summary_large_image\" \/>\n<meta name=\"twitter:site\" content=\"@ticaretedutr\" \/>\n<meta name=\"twitter:label1\" content=\"Tahmini okuma s\u00fcresi\" \/>\n\t<meta name=\"twitter:data1\" content=\"1 dakika\" \/>\n<script type=\"application\/ld+json\" class=\"yoast-schema-graph\">{\"@context\":\"https:\/\/schema.org\",\"@graph\":[{\"@type\":\"WebPage\",\"@id\":\"https:\/\/ticaret.edu.tr\/finans-ve-bankacilik\/laboratuvarlar\/\",\"url\":\"https:\/\/ticaret.edu.tr\/finans-ve-bankacilik\/laboratuvarlar\/\",\"name\":\"LABORATUVARLAR - Finans ve Bankac\u0131l\u0131k\",\"isPartOf\":{\"@id\":\"http:\/\/ticaret.edu.tr\/finans-ve-bankacilik\/#website\"},\"datePublished\":\"2025-01-26T18:26:58+00:00\",\"dateModified\":\"2025-10-22T12:49:40+00:00\",\"breadcrumb\":{\"@id\":\"https:\/\/ticaret.edu.tr\/finans-ve-bankacilik\/laboratuvarlar\/#breadcrumb\"},\"inLanguage\":\"tr\",\"potentialAction\":[{\"@type\":\"ReadAction\",\"target\":[\"https:\/\/ticaret.edu.tr\/finans-ve-bankacilik\/laboratuvarlar\/\"]}]},{\"@type\":\"BreadcrumbList\",\"@id\":\"https:\/\/ticaret.edu.tr\/finans-ve-bankacilik\/laboratuvarlar\/#breadcrumb\",\"itemListElement\":[{\"@type\":\"ListItem\",\"position\":1,\"name\":\"Ana sayfa\",\"item\":\"http:\/\/ticaret.edu.tr\/finans-ve-bankacilik\/\"},{\"@type\":\"ListItem\",\"position\":2,\"name\":\"LABORATUVARLAR\"}]},{\"@type\":\"WebSite\",\"@id\":\"http:\/\/ticaret.edu.tr\/finans-ve-bankacilik\/#website\",\"url\":\"http:\/\/ticaret.edu.tr\/finans-ve-bankacilik\/\",\"name\":\"Finans ve Bankac\u0131l\u0131k\",\"description\":\"\",\"potentialAction\":[{\"@type\":\"SearchAction\",\"target\":{\"@type\":\"EntryPoint\",\"urlTemplate\":\"http:\/\/ticaret.edu.tr\/finans-ve-bankacilik\/?s={search_term_string}\"},\"query-input\":\"required name=search_term_string\"}],\"inLanguage\":\"tr\"}]}<\/script>\n<!-- \/ Yoast SEO Premium plugin. -->","yoast_head_json":{"title":"LABORATUVARLAR - Finans ve Bankac\u0131l\u0131k","robots":{"index":"index","follow":"follow","max-snippet":"max-snippet:-1","max-image-preview":"max-image-preview:large","max-video-preview":"max-video-preview:-1"},"canonical":"https:\/\/ticaret.edu.tr\/finans-ve-bankacilik\/laboratuvarlar\/","og_locale":"tr_TR","og_type":"article","og_title":"LABORATUVARLAR","og_description":"Laboratuvar Olanaklar\u0131 ve Donan\u0131m R, Python, E-Views, SPSS, MATLAB vb. analiz yaz\u0131l\u0131mlar\u0131n\u0131n bulundu\u011fu g\u00fcncel teknolojiye sahip bilgisayarlar Y\u00fcksek h\u0131zl\u0131 internet ba\u011flant\u0131s\u0131 ve bulut tabanl\u0131 analiz ara\u00e7lar\u0131na eri\u015fim olanaklar\u0131 Akademik ara\u015ft\u0131rmalar ve projeler i\u00e7in veri setleri ve analiz kaynaklar\u0131 \u00d6\u011frenciler ve ara\u015ft\u0131rmac\u0131lar i\u00e7in interaktif at\u00f6lyeler ve uygulamal\u0131 dersler Borsa \u0130stanbul (BIST-LAB) ile \u00d6\u011frenciler teorik derslerde \u00f6\u011frendikleri [&hellip;]","og_url":"https:\/\/ticaret.edu.tr\/finans-ve-bankacilik\/laboratuvarlar\/","og_site_name":"Finans ve Bankac\u0131l\u0131k","article_publisher":"https:\/\/www.facebook.com\/ticaretedutr","article_modified_time":"2025-10-22T12:49:40+00:00","og_image":[{"url":"http:\/\/ticaret.edu.tr\/finans-ve-bankacilik\/wp-content\/uploads\/sites\/15\/2025\/10\/0J1A0545-6-300x200.jpeg"}],"twitter_card":"summary_large_image","twitter_site":"@ticaretedutr","twitter_misc":{"Tahmini okuma s\u00fcresi":"1 dakika"},"schema":{"@context":"https:\/\/schema.org","@graph":[{"@type":"WebPage","@id":"https:\/\/ticaret.edu.tr\/finans-ve-bankacilik\/laboratuvarlar\/","url":"https:\/\/ticaret.edu.tr\/finans-ve-bankacilik\/laboratuvarlar\/","name":"LABORATUVARLAR - Finans ve Bankac\u0131l\u0131k","isPartOf":{"@id":"http:\/\/ticaret.edu.tr\/finans-ve-bankacilik\/#website"},"datePublished":"2025-01-26T18:26:58+00:00","dateModified":"2025-10-22T12:49:40+00:00","breadcrumb":{"@id":"https:\/\/ticaret.edu.tr\/finans-ve-bankacilik\/laboratuvarlar\/#breadcrumb"},"inLanguage":"tr","potentialAction":[{"@type":"ReadAction","target":["https:\/\/ticaret.edu.tr\/finans-ve-bankacilik\/laboratuvarlar\/"]}]},{"@type":"BreadcrumbList","@id":"https:\/\/ticaret.edu.tr\/finans-ve-bankacilik\/laboratuvarlar\/#breadcrumb","itemListElement":[{"@type":"ListItem","position":1,"name":"Ana sayfa","item":"http:\/\/ticaret.edu.tr\/finans-ve-bankacilik\/"},{"@type":"ListItem","position":2,"name":"LABORATUVARLAR"}]},{"@type":"WebSite","@id":"http:\/\/ticaret.edu.tr\/finans-ve-bankacilik\/#website","url":"http:\/\/ticaret.edu.tr\/finans-ve-bankacilik\/","name":"Finans ve Bankac\u0131l\u0131k","description":"","potentialAction":[{"@type":"SearchAction","target":{"@type":"EntryPoint","urlTemplate":"http:\/\/ticaret.edu.tr\/finans-ve-bankacilik\/?s={search_term_string}"},"query-input":"required name=search_term_string"}],"inLanguage":"tr"}]}},"lang":"tr","translations":{"en":1510,"tr":1457},"pll_sync_post":[],"_links":{"self":[{"href":"http:\/\/ticaret.edu.tr\/finans-ve-bankacilik\/wp-json\/wp\/v2\/pages\/1457"}],"collection":[{"href":"http:\/\/ticaret.edu.tr\/finans-ve-bankacilik\/wp-json\/wp\/v2\/pages"}],"about":[{"href":"http:\/\/ticaret.edu.tr\/finans-ve-bankacilik\/wp-json\/wp\/v2\/types\/page"}],"author":[{"embeddable":true,"href":"http:\/\/ticaret.edu.tr\/finans-ve-bankacilik\/wp-json\/wp\/v2\/users\/98"}],"replies":[{"embeddable":true,"href":"http:\/\/ticaret.edu.tr\/finans-ve-bankacilik\/wp-json\/wp\/v2\/comments?post=1457"}],"version-history":[{"count":3,"href":"http:\/\/ticaret.edu.tr\/finans-ve-bankacilik\/wp-json\/wp\/v2\/pages\/1457\/revisions"}],"predecessor-version":[{"id":2108,"href":"http:\/\/ticaret.edu.tr\/finans-ve-bankacilik\/wp-json\/wp\/v2\/pages\/1457\/revisions\/2108"}],"wp:attachment":[{"href":"http:\/\/ticaret.edu.tr\/finans-ve-bankacilik\/wp-json\/wp\/v2\/media?parent=1457"}],"curies":[{"name":"wp","href":"https:\/\/api.w.org\/{rel}","templated":true}]}}