{"id":1461,"date":"2025-01-26T21:26:56","date_gmt":"2025-01-26T18:26:56","guid":{"rendered":"https:\/\/ticaret.edu.tr\/finans-ve-bankacilik\/?page_id=1461"},"modified":"2025-10-22T16:12:05","modified_gmt":"2025-10-22T13:12:05","slug":"arastirma-alanlari","status":"publish","type":"page","link":"http:\/\/ticaret.edu.tr\/finans-ve-bankacilik\/arastirma-alanlari\/","title":{"rendered":"ARA\u015eTIRMA ALANLARI"},"content":{"rendered":"<p>Prof. Dr. Hicabi Ersoy; Finans, Bankac\u0131l\u0131k, Denetim, Yap\u0131land\u0131rma Projeleri<br \/>\nProf. Dr. Ali Osman G\u00fcrb\u00fcz; Finans, Sermaye Piyasas\u0131, Halka Arz, Yap\u0131land\u0131rma Projeleri<br \/>\nProf. Dr. Serkan \u00c7ankaya; Finans, Davran\u0131\u015fsal Finans, S\u00fcrd\u00fcr\u00fclebilir Finans<br \/>\nProf. Dr. Recep Bildik; Finans,Sermaye Piyasas\u0131, T\u00fcrev \u00dcr\u00fcnler ve Risk Y\u00f6netim<br \/>\nDo\u00e7. Dr. S\u0131tk\u0131 S\u00f6nmezer; Finans, Dijital Finans, Risk Y\u00f6netimi, T\u00fcrev \u00dcr\u00fcnler<br \/>\nDr. O\u011fuz \u015eim\u015fek; Finans, S\u00fcrd\u00fcr\u00fclebilir Finans<\/p>\n","protected":false},"excerpt":{"rendered":"<p>Prof. Dr. Hicabi Ersoy; Finans, Bankac\u0131l\u0131k, Denetim, Yap\u0131land\u0131rma Projeleri Prof. Dr. Ali Osman G\u00fcrb\u00fcz; Finans, Sermaye Piyasas\u0131, Halka Arz, Yap\u0131land\u0131rma Projeleri Prof. Dr. Serkan \u00c7ankaya; Finans, Davran\u0131\u015fsal Finans, S\u00fcrd\u00fcr\u00fclebilir Finans Prof. Dr. Recep Bildik; Finans,Sermaye Piyasas\u0131, T\u00fcrev \u00dcr\u00fcnler ve Risk Y\u00f6netim Do\u00e7. Dr. S\u0131tk\u0131 S\u00f6nmezer; Finans, Dijital Finans, Risk Y\u00f6netimi, T\u00fcrev \u00dcr\u00fcnler Dr. O\u011fuz \u015eim\u015fek; [&hellip;]<\/p>\n","protected":false},"author":98,"featured_media":0,"parent":0,"menu_order":0,"comment_status":"closed","ping_status":"closed","template":"genel_sayfa.php","meta":{"footnotes":""},"yoast_head":"<!-- This site is optimized with the Yoast SEO Premium plugin v22.1 (Yoast SEO v22.1) - https:\/\/yoast.com\/wordpress\/plugins\/seo\/ -->\n<title>ARA\u015eTIRMA ALANLARI - Finans ve Bankac\u0131l\u0131k<\/title>\n<meta name=\"robots\" content=\"index, follow, max-snippet:-1, max-image-preview:large, max-video-preview:-1\" \/>\n<link rel=\"canonical\" href=\"http:\/\/ticaret.edu.tr\/finans-ve-bankacilik\/arastirma-alanlari\/\" \/>\n<meta property=\"og:locale\" content=\"tr_TR\" \/>\n<meta property=\"og:type\" content=\"article\" \/>\n<meta property=\"og:title\" content=\"ARA\u015eTIRMA ALANLARI\" \/>\n<meta property=\"og:description\" content=\"Prof. Dr. Hicabi Ersoy; Finans, Bankac\u0131l\u0131k, Denetim, Yap\u0131land\u0131rma Projeleri Prof. Dr. Ali Osman G\u00fcrb\u00fcz; Finans, Sermaye Piyasas\u0131, Halka Arz, Yap\u0131land\u0131rma Projeleri Prof. Dr. Serkan \u00c7ankaya; Finans, Davran\u0131\u015fsal Finans, S\u00fcrd\u00fcr\u00fclebilir Finans Prof. Dr. Recep Bildik; Finans,Sermaye Piyasas\u0131, T\u00fcrev \u00dcr\u00fcnler ve Risk Y\u00f6netim Do\u00e7. Dr. S\u0131tk\u0131 S\u00f6nmezer; Finans, Dijital Finans, Risk Y\u00f6netimi, T\u00fcrev \u00dcr\u00fcnler Dr. O\u011fuz \u015eim\u015fek; [&hellip;]\" \/>\n<meta property=\"og:url\" content=\"http:\/\/ticaret.edu.tr\/finans-ve-bankacilik\/arastirma-alanlari\/\" \/>\n<meta property=\"og:site_name\" content=\"Finans ve Bankac\u0131l\u0131k\" \/>\n<meta property=\"article:publisher\" content=\"https:\/\/www.facebook.com\/ticaretedutr\" \/>\n<meta property=\"article:modified_time\" content=\"2025-10-22T13:12:05+00:00\" \/>\n<meta property=\"og:image\" content=\"http:\/\/ticaret.edu.tr\/finans-ve-bankacilik\/wp-content\/uploads\/sites\/15\/2021\/11\/web_logo-01.jpg\" \/>\n\t<meta property=\"og:image:width\" content=\"1250\" \/>\n\t<meta property=\"og:image:height\" content=\"833\" \/>\n\t<meta property=\"og:image:type\" content=\"image\/jpeg\" \/>\n<meta name=\"twitter:card\" content=\"summary_large_image\" \/>\n<meta name=\"twitter:site\" content=\"@ticaretedutr\" \/>\n<meta name=\"twitter:label1\" content=\"Tahmini okuma s\u00fcresi\" \/>\n\t<meta name=\"twitter:data1\" content=\"1 dakika\" \/>\n<script type=\"application\/ld+json\" class=\"yoast-schema-graph\">{\"@context\":\"https:\/\/schema.org\",\"@graph\":[{\"@type\":\"WebPage\",\"@id\":\"http:\/\/ticaret.edu.tr\/finans-ve-bankacilik\/arastirma-alanlari\/\",\"url\":\"http:\/\/ticaret.edu.tr\/finans-ve-bankacilik\/arastirma-alanlari\/\",\"name\":\"ARA\u015eTIRMA ALANLARI - Finans ve Bankac\u0131l\u0131k\",\"isPartOf\":{\"@id\":\"https:\/\/ticaret.edu.tr\/finans-ve-bankacilik\/en\/#website\"},\"datePublished\":\"2025-01-26T18:26:56+00:00\",\"dateModified\":\"2025-10-22T13:12:05+00:00\",\"breadcrumb\":{\"@id\":\"http:\/\/ticaret.edu.tr\/finans-ve-bankacilik\/arastirma-alanlari\/#breadcrumb\"},\"inLanguage\":\"tr\",\"potentialAction\":[{\"@type\":\"ReadAction\",\"target\":[\"http:\/\/ticaret.edu.tr\/finans-ve-bankacilik\/arastirma-alanlari\/\"]}]},{\"@type\":\"BreadcrumbList\",\"@id\":\"http:\/\/ticaret.edu.tr\/finans-ve-bankacilik\/arastirma-alanlari\/#breadcrumb\",\"itemListElement\":[{\"@type\":\"ListItem\",\"position\":1,\"name\":\"Ana sayfa\",\"item\":\"https:\/\/ticaret.edu.tr\/finans-ve-bankacilik\/\"},{\"@type\":\"ListItem\",\"position\":2,\"name\":\"ARA\u015eTIRMA ALANLARI\"}]},{\"@type\":\"WebSite\",\"@id\":\"https:\/\/ticaret.edu.tr\/finans-ve-bankacilik\/en\/#website\",\"url\":\"https:\/\/ticaret.edu.tr\/finans-ve-bankacilik\/en\/\",\"name\":\"Finans ve Bankac\u0131l\u0131k\",\"description\":\"\",\"potentialAction\":[{\"@type\":\"SearchAction\",\"target\":{\"@type\":\"EntryPoint\",\"urlTemplate\":\"https:\/\/ticaret.edu.tr\/finans-ve-bankacilik\/en\/?s={search_term_string}\"},\"query-input\":\"required name=search_term_string\"}],\"inLanguage\":\"tr\"}]}<\/script>\n<!-- \/ Yoast SEO Premium plugin. -->","yoast_head_json":{"title":"ARA\u015eTIRMA ALANLARI - Finans ve Bankac\u0131l\u0131k","robots":{"index":"index","follow":"follow","max-snippet":"max-snippet:-1","max-image-preview":"max-image-preview:large","max-video-preview":"max-video-preview:-1"},"canonical":"http:\/\/ticaret.edu.tr\/finans-ve-bankacilik\/arastirma-alanlari\/","og_locale":"tr_TR","og_type":"article","og_title":"ARA\u015eTIRMA ALANLARI","og_description":"Prof. Dr. Hicabi Ersoy; Finans, Bankac\u0131l\u0131k, Denetim, Yap\u0131land\u0131rma Projeleri Prof. Dr. Ali Osman G\u00fcrb\u00fcz; Finans, Sermaye Piyasas\u0131, Halka Arz, Yap\u0131land\u0131rma Projeleri Prof. Dr. Serkan \u00c7ankaya; Finans, Davran\u0131\u015fsal Finans, S\u00fcrd\u00fcr\u00fclebilir Finans Prof. Dr. Recep Bildik; Finans,Sermaye Piyasas\u0131, T\u00fcrev \u00dcr\u00fcnler ve Risk Y\u00f6netim Do\u00e7. Dr. S\u0131tk\u0131 S\u00f6nmezer; Finans, Dijital Finans, Risk Y\u00f6netimi, T\u00fcrev \u00dcr\u00fcnler Dr. O\u011fuz \u015eim\u015fek; [&hellip;]","og_url":"http:\/\/ticaret.edu.tr\/finans-ve-bankacilik\/arastirma-alanlari\/","og_site_name":"Finans ve Bankac\u0131l\u0131k","article_publisher":"https:\/\/www.facebook.com\/ticaretedutr","article_modified_time":"2025-10-22T13:12:05+00:00","og_image":[{"width":1250,"height":833,"url":"http:\/\/ticaret.edu.tr\/finans-ve-bankacilik\/wp-content\/uploads\/sites\/15\/2021\/11\/web_logo-01.jpg","type":"image\/jpeg"}],"twitter_card":"summary_large_image","twitter_site":"@ticaretedutr","twitter_misc":{"Tahmini okuma s\u00fcresi":"1 dakika"},"schema":{"@context":"https:\/\/schema.org","@graph":[{"@type":"WebPage","@id":"http:\/\/ticaret.edu.tr\/finans-ve-bankacilik\/arastirma-alanlari\/","url":"http:\/\/ticaret.edu.tr\/finans-ve-bankacilik\/arastirma-alanlari\/","name":"ARA\u015eTIRMA ALANLARI - Finans ve Bankac\u0131l\u0131k","isPartOf":{"@id":"https:\/\/ticaret.edu.tr\/finans-ve-bankacilik\/en\/#website"},"datePublished":"2025-01-26T18:26:56+00:00","dateModified":"2025-10-22T13:12:05+00:00","breadcrumb":{"@id":"http:\/\/ticaret.edu.tr\/finans-ve-bankacilik\/arastirma-alanlari\/#breadcrumb"},"inLanguage":"tr","potentialAction":[{"@type":"ReadAction","target":["http:\/\/ticaret.edu.tr\/finans-ve-bankacilik\/arastirma-alanlari\/"]}]},{"@type":"BreadcrumbList","@id":"http:\/\/ticaret.edu.tr\/finans-ve-bankacilik\/arastirma-alanlari\/#breadcrumb","itemListElement":[{"@type":"ListItem","position":1,"name":"Ana sayfa","item":"https:\/\/ticaret.edu.tr\/finans-ve-bankacilik\/"},{"@type":"ListItem","position":2,"name":"ARA\u015eTIRMA ALANLARI"}]},{"@type":"WebSite","@id":"https:\/\/ticaret.edu.tr\/finans-ve-bankacilik\/en\/#website","url":"https:\/\/ticaret.edu.tr\/finans-ve-bankacilik\/en\/","name":"Finans ve Bankac\u0131l\u0131k","description":"","potentialAction":[{"@type":"SearchAction","target":{"@type":"EntryPoint","urlTemplate":"https:\/\/ticaret.edu.tr\/finans-ve-bankacilik\/en\/?s={search_term_string}"},"query-input":"required name=search_term_string"}],"inLanguage":"tr"}]}},"lang":"tr","translations":{"en":1506,"tr":1461},"pll_sync_post":[],"_links":{"self":[{"href":"http:\/\/ticaret.edu.tr\/finans-ve-bankacilik\/wp-json\/wp\/v2\/pages\/1461"}],"collection":[{"href":"http:\/\/ticaret.edu.tr\/finans-ve-bankacilik\/wp-json\/wp\/v2\/pages"}],"about":[{"href":"http:\/\/ticaret.edu.tr\/finans-ve-bankacilik\/wp-json\/wp\/v2\/types\/page"}],"author":[{"embeddable":true,"href":"http:\/\/ticaret.edu.tr\/finans-ve-bankacilik\/wp-json\/wp\/v2\/users\/98"}],"replies":[{"embeddable":true,"href":"http:\/\/ticaret.edu.tr\/finans-ve-bankacilik\/wp-json\/wp\/v2\/comments?post=1461"}],"version-history":[{"count":2,"href":"http:\/\/ticaret.edu.tr\/finans-ve-bankacilik\/wp-json\/wp\/v2\/pages\/1461\/revisions"}],"predecessor-version":[{"id":2110,"href":"http:\/\/ticaret.edu.tr\/finans-ve-bankacilik\/wp-json\/wp\/v2\/pages\/1461\/revisions\/2110"}],"wp:attachment":[{"href":"http:\/\/ticaret.edu.tr\/finans-ve-bankacilik\/wp-json\/wp\/v2\/media?parent=1461"}],"curies":[{"name":"wp","href":"https:\/\/api.w.org\/{rel}","templated":true}]}}