{"id":1465,"date":"2025-01-26T21:27:32","date_gmt":"2025-01-26T18:27:32","guid":{"rendered":"https:\/\/ticaret.edu.tr\/finans-ve-bankacilik\/?page_id=1465"},"modified":"2025-10-22T16:30:10","modified_gmt":"2025-10-22T13:30:10","slug":"bilimsel-etkinlikler","status":"publish","type":"page","link":"http:\/\/ticaret.edu.tr\/finans-ve-bankacilik\/bilimsel-etkinlikler\/","title":{"rendered":"B\u0130L\u0130MSEL ETK\u0130NL\u0130KLER"},"content":{"rendered":"<p>Akademik kadromuzun bilimsel faaliyetlerine a\u015fa\u011f\u0131daki ba\u011flant\u0131lardan ula\u015fabilirsiniz:<\/p>\n<p>&nbsp;<\/p>\n<table border=\"1\" width=\"679\">\n<thead>\n<tr>\n<th>\u00d6\u011fretim Eleman\u0131<\/th>\n<th>Yay\u0131nlar Sayfas\u0131<\/th>\n<\/tr>\n<\/thead>\n<tbody>\n<tr>\n<td>Prof. Dr. Hicabi Ersoy<\/td>\n<td>https:\/\/avesis.ticaret.edu.tr\/hersoy\/bilimselfaaliyetler<\/td>\n<\/tr>\n<tr>\n<td>Prof. Dr. Ali Osman G\u00fcrb\u00fcz<\/td>\n<td>https:\/\/avesis.ticaret.edu.tr\/ogurbuz\/bilimselfaaliyetler<\/td>\n<\/tr>\n<tr>\n<td>Prof. Dr. Serkan \u00c7ankaya<\/td>\n<td>https:\/\/avesis.ticaret.edu.tr\/scankaya\/bilimselfaaliyetler<\/td>\n<\/tr>\n<tr>\n<td>\u00a0Prof. Dr. Recep Bildik<\/td>\n<td>https:\/\/avesis.ticaret.edu.tr\/rbildik\/bilimselfaaliyetler<\/td>\n<\/tr>\n<tr>\n<td>Prof. Dr. S\u0131tk\u0131 S\u00f6nmezer<\/td>\n<td>https:\/\/avesis.ticaret.edu.tr\/ssonmezer\/bilimselfaaliyetler<\/td>\n<\/tr>\n<tr>\n<td>Ar\u015f. G\u00f6r. Dr. O\u011fuz \u015eim\u015fek<\/td>\n<td>https:\/\/avesis.ticaret.edu.tr\/osimsek\/bilimselfaaliyetler<\/td>\n<\/tr>\n<\/tbody>\n<\/table>\n","protected":false},"excerpt":{"rendered":"<p>Akademik kadromuzun bilimsel faaliyetlerine a\u015fa\u011f\u0131daki ba\u011flant\u0131lardan ula\u015fabilirsiniz: &nbsp; \u00d6\u011fretim Eleman\u0131 Yay\u0131nlar Sayfas\u0131 Prof. Dr. Hicabi Ersoy https:\/\/avesis.ticaret.edu.tr\/hersoy\/bilimselfaaliyetler Prof. Dr. Ali Osman G\u00fcrb\u00fcz https:\/\/avesis.ticaret.edu.tr\/ogurbuz\/bilimselfaaliyetler Prof. Dr. Serkan \u00c7ankaya https:\/\/avesis.ticaret.edu.tr\/scankaya\/bilimselfaaliyetler \u00a0Prof. Dr. Recep Bildik https:\/\/avesis.ticaret.edu.tr\/rbildik\/bilimselfaaliyetler Prof. Dr. S\u0131tk\u0131 S\u00f6nmezer https:\/\/avesis.ticaret.edu.tr\/ssonmezer\/bilimselfaaliyetler Ar\u015f. G\u00f6r. Dr. O\u011fuz \u015eim\u015fek https:\/\/avesis.ticaret.edu.tr\/osimsek\/bilimselfaaliyetler<\/p>\n","protected":false},"author":98,"featured_media":0,"parent":0,"menu_order":0,"comment_status":"closed","ping_status":"closed","template":"genel_sayfa.php","meta":{"footnotes":""},"yoast_head":"<!-- This site is optimized with the Yoast SEO Premium plugin v22.1 (Yoast SEO v22.1) - https:\/\/yoast.com\/wordpress\/plugins\/seo\/ -->\n<title>B\u0130L\u0130MSEL ETK\u0130NL\u0130KLER - Finans ve Bankac\u0131l\u0131k<\/title>\n<meta name=\"robots\" content=\"index, follow, max-snippet:-1, max-image-preview:large, max-video-preview:-1\" \/>\n<link rel=\"canonical\" href=\"http:\/\/ticaret.edu.tr\/finans-ve-bankacilik\/bilimsel-etkinlikler\/\" \/>\n<meta property=\"og:locale\" content=\"tr_TR\" \/>\n<meta property=\"og:type\" content=\"article\" \/>\n<meta property=\"og:title\" content=\"B\u0130L\u0130MSEL ETK\u0130NL\u0130KLER\" \/>\n<meta property=\"og:description\" content=\"Akademik kadromuzun bilimsel faaliyetlerine a\u015fa\u011f\u0131daki ba\u011flant\u0131lardan ula\u015fabilirsiniz: &nbsp; \u00d6\u011fretim Eleman\u0131 Yay\u0131nlar Sayfas\u0131 Prof. Dr. Hicabi Ersoy https:\/\/avesis.ticaret.edu.tr\/hersoy\/bilimselfaaliyetler Prof. Dr. Ali Osman G\u00fcrb\u00fcz https:\/\/avesis.ticaret.edu.tr\/ogurbuz\/bilimselfaaliyetler Prof. Dr. Serkan \u00c7ankaya https:\/\/avesis.ticaret.edu.tr\/scankaya\/bilimselfaaliyetler \u00a0Prof. Dr. Recep Bildik https:\/\/avesis.ticaret.edu.tr\/rbildik\/bilimselfaaliyetler Prof. Dr. S\u0131tk\u0131 S\u00f6nmezer https:\/\/avesis.ticaret.edu.tr\/ssonmezer\/bilimselfaaliyetler Ar\u015f. G\u00f6r. Dr. O\u011fuz \u015eim\u015fek https:\/\/avesis.ticaret.edu.tr\/osimsek\/bilimselfaaliyetler\" \/>\n<meta property=\"og:url\" content=\"http:\/\/ticaret.edu.tr\/finans-ve-bankacilik\/bilimsel-etkinlikler\/\" \/>\n<meta property=\"og:site_name\" content=\"Finans ve Bankac\u0131l\u0131k\" \/>\n<meta property=\"article:publisher\" content=\"https:\/\/www.facebook.com\/ticaretedutr\" \/>\n<meta property=\"article:modified_time\" content=\"2025-10-22T13:30:10+00:00\" \/>\n<meta property=\"og:image\" content=\"http:\/\/ticaret.edu.tr\/finans-ve-bankacilik\/wp-content\/uploads\/sites\/15\/2021\/11\/web_logo-01.jpg\" \/>\n\t<meta property=\"og:image:width\" content=\"1250\" \/>\n\t<meta property=\"og:image:height\" content=\"833\" \/>\n\t<meta property=\"og:image:type\" content=\"image\/jpeg\" \/>\n<meta name=\"twitter:card\" content=\"summary_large_image\" \/>\n<meta name=\"twitter:site\" content=\"@ticaretedutr\" \/>\n<meta name=\"twitter:label1\" content=\"Tahmini okuma s\u00fcresi\" \/>\n\t<meta name=\"twitter:data1\" content=\"1 dakika\" \/>\n<script type=\"application\/ld+json\" class=\"yoast-schema-graph\">{\"@context\":\"https:\/\/schema.org\",\"@graph\":[{\"@type\":\"WebPage\",\"@id\":\"http:\/\/ticaret.edu.tr\/finans-ve-bankacilik\/bilimsel-etkinlikler\/\",\"url\":\"http:\/\/ticaret.edu.tr\/finans-ve-bankacilik\/bilimsel-etkinlikler\/\",\"name\":\"B\u0130L\u0130MSEL ETK\u0130NL\u0130KLER - Finans ve Bankac\u0131l\u0131k\",\"isPartOf\":{\"@id\":\"https:\/\/ticaret.edu.tr\/finans-ve-bankacilik\/en\/#website\"},\"datePublished\":\"2025-01-26T18:27:32+00:00\",\"dateModified\":\"2025-10-22T13:30:10+00:00\",\"breadcrumb\":{\"@id\":\"http:\/\/ticaret.edu.tr\/finans-ve-bankacilik\/bilimsel-etkinlikler\/#breadcrumb\"},\"inLanguage\":\"tr\",\"potentialAction\":[{\"@type\":\"ReadAction\",\"target\":[\"http:\/\/ticaret.edu.tr\/finans-ve-bankacilik\/bilimsel-etkinlikler\/\"]}]},{\"@type\":\"BreadcrumbList\",\"@id\":\"http:\/\/ticaret.edu.tr\/finans-ve-bankacilik\/bilimsel-etkinlikler\/#breadcrumb\",\"itemListElement\":[{\"@type\":\"ListItem\",\"position\":1,\"name\":\"Ana sayfa\",\"item\":\"https:\/\/ticaret.edu.tr\/finans-ve-bankacilik\/\"},{\"@type\":\"ListItem\",\"position\":2,\"name\":\"B\u0130L\u0130MSEL ETK\u0130NL\u0130KLER\"}]},{\"@type\":\"WebSite\",\"@id\":\"https:\/\/ticaret.edu.tr\/finans-ve-bankacilik\/en\/#website\",\"url\":\"https:\/\/ticaret.edu.tr\/finans-ve-bankacilik\/en\/\",\"name\":\"Finans ve Bankac\u0131l\u0131k\",\"description\":\"\",\"potentialAction\":[{\"@type\":\"SearchAction\",\"target\":{\"@type\":\"EntryPoint\",\"urlTemplate\":\"https:\/\/ticaret.edu.tr\/finans-ve-bankacilik\/en\/?s={search_term_string}\"},\"query-input\":\"required name=search_term_string\"}],\"inLanguage\":\"tr\"}]}<\/script>\n<!-- \/ Yoast SEO Premium plugin. -->","yoast_head_json":{"title":"B\u0130L\u0130MSEL ETK\u0130NL\u0130KLER - Finans ve Bankac\u0131l\u0131k","robots":{"index":"index","follow":"follow","max-snippet":"max-snippet:-1","max-image-preview":"max-image-preview:large","max-video-preview":"max-video-preview:-1"},"canonical":"http:\/\/ticaret.edu.tr\/finans-ve-bankacilik\/bilimsel-etkinlikler\/","og_locale":"tr_TR","og_type":"article","og_title":"B\u0130L\u0130MSEL ETK\u0130NL\u0130KLER","og_description":"Akademik kadromuzun bilimsel faaliyetlerine a\u015fa\u011f\u0131daki ba\u011flant\u0131lardan ula\u015fabilirsiniz: &nbsp; \u00d6\u011fretim Eleman\u0131 Yay\u0131nlar Sayfas\u0131 Prof. Dr. Hicabi Ersoy https:\/\/avesis.ticaret.edu.tr\/hersoy\/bilimselfaaliyetler Prof. Dr. Ali Osman G\u00fcrb\u00fcz https:\/\/avesis.ticaret.edu.tr\/ogurbuz\/bilimselfaaliyetler Prof. Dr. Serkan \u00c7ankaya https:\/\/avesis.ticaret.edu.tr\/scankaya\/bilimselfaaliyetler \u00a0Prof. Dr. Recep Bildik https:\/\/avesis.ticaret.edu.tr\/rbildik\/bilimselfaaliyetler Prof. Dr. S\u0131tk\u0131 S\u00f6nmezer https:\/\/avesis.ticaret.edu.tr\/ssonmezer\/bilimselfaaliyetler Ar\u015f. G\u00f6r. Dr. O\u011fuz \u015eim\u015fek https:\/\/avesis.ticaret.edu.tr\/osimsek\/bilimselfaaliyetler","og_url":"http:\/\/ticaret.edu.tr\/finans-ve-bankacilik\/bilimsel-etkinlikler\/","og_site_name":"Finans ve Bankac\u0131l\u0131k","article_publisher":"https:\/\/www.facebook.com\/ticaretedutr","article_modified_time":"2025-10-22T13:30:10+00:00","og_image":[{"width":1250,"height":833,"url":"http:\/\/ticaret.edu.tr\/finans-ve-bankacilik\/wp-content\/uploads\/sites\/15\/2021\/11\/web_logo-01.jpg","type":"image\/jpeg"}],"twitter_card":"summary_large_image","twitter_site":"@ticaretedutr","twitter_misc":{"Tahmini okuma s\u00fcresi":"1 dakika"},"schema":{"@context":"https:\/\/schema.org","@graph":[{"@type":"WebPage","@id":"http:\/\/ticaret.edu.tr\/finans-ve-bankacilik\/bilimsel-etkinlikler\/","url":"http:\/\/ticaret.edu.tr\/finans-ve-bankacilik\/bilimsel-etkinlikler\/","name":"B\u0130L\u0130MSEL ETK\u0130NL\u0130KLER - Finans ve Bankac\u0131l\u0131k","isPartOf":{"@id":"https:\/\/ticaret.edu.tr\/finans-ve-bankacilik\/en\/#website"},"datePublished":"2025-01-26T18:27:32+00:00","dateModified":"2025-10-22T13:30:10+00:00","breadcrumb":{"@id":"http:\/\/ticaret.edu.tr\/finans-ve-bankacilik\/bilimsel-etkinlikler\/#breadcrumb"},"inLanguage":"tr","potentialAction":[{"@type":"ReadAction","target":["http:\/\/ticaret.edu.tr\/finans-ve-bankacilik\/bilimsel-etkinlikler\/"]}]},{"@type":"BreadcrumbList","@id":"http:\/\/ticaret.edu.tr\/finans-ve-bankacilik\/bilimsel-etkinlikler\/#breadcrumb","itemListElement":[{"@type":"ListItem","position":1,"name":"Ana sayfa","item":"https:\/\/ticaret.edu.tr\/finans-ve-bankacilik\/"},{"@type":"ListItem","position":2,"name":"B\u0130L\u0130MSEL ETK\u0130NL\u0130KLER"}]},{"@type":"WebSite","@id":"https:\/\/ticaret.edu.tr\/finans-ve-bankacilik\/en\/#website","url":"https:\/\/ticaret.edu.tr\/finans-ve-bankacilik\/en\/","name":"Finans ve Bankac\u0131l\u0131k","description":"","potentialAction":[{"@type":"SearchAction","target":{"@type":"EntryPoint","urlTemplate":"https:\/\/ticaret.edu.tr\/finans-ve-bankacilik\/en\/?s={search_term_string}"},"query-input":"required name=search_term_string"}],"inLanguage":"tr"}]}},"lang":"tr","translations":{"en":1502,"tr":1465},"pll_sync_post":[],"_links":{"self":[{"href":"http:\/\/ticaret.edu.tr\/finans-ve-bankacilik\/wp-json\/wp\/v2\/pages\/1465"}],"collection":[{"href":"http:\/\/ticaret.edu.tr\/finans-ve-bankacilik\/wp-json\/wp\/v2\/pages"}],"about":[{"href":"http:\/\/ticaret.edu.tr\/finans-ve-bankacilik\/wp-json\/wp\/v2\/types\/page"}],"author":[{"embeddable":true,"href":"http:\/\/ticaret.edu.tr\/finans-ve-bankacilik\/wp-json\/wp\/v2\/users\/98"}],"replies":[{"embeddable":true,"href":"http:\/\/ticaret.edu.tr\/finans-ve-bankacilik\/wp-json\/wp\/v2\/comments?post=1465"}],"version-history":[{"count":7,"href":"http:\/\/ticaret.edu.tr\/finans-ve-bankacilik\/wp-json\/wp\/v2\/pages\/1465\/revisions"}],"predecessor-version":[{"id":2118,"href":"http:\/\/ticaret.edu.tr\/finans-ve-bankacilik\/wp-json\/wp\/v2\/pages\/1465\/revisions\/2118"}],"wp:attachment":[{"href":"http:\/\/ticaret.edu.tr\/finans-ve-bankacilik\/wp-json\/wp\/v2\/media?parent=1465"}],"curies":[{"name":"wp","href":"https:\/\/api.w.org\/{rel}","templated":true}]}}