{"id":1475,"date":"2025-01-26T21:26:52","date_gmt":"2025-01-26T18:26:52","guid":{"rendered":"https:\/\/ticaret.edu.tr\/finans-ve-bankacilik\/?page_id=1475"},"modified":"2025-12-08T12:45:47","modified_gmt":"2025-12-08T09:45:47","slug":"bolum-kalite-komisyonu","status":"publish","type":"page","link":"http:\/\/ticaret.edu.tr\/finans-ve-bankacilik\/bolum-kalite-komisyonu\/","title":{"rendered":"B\u00d6L\u00dcM KAL\u0130TE KOM\u0130SYONU"},"content":{"rendered":"<p><em data-start=\"295\" data-end=\"353\" data-is-last-node=\"\" data-is-only-node=\"\">Finans ve Bankac\u0131l\u0131k (\u0130ngilizce) B\u00f6l\u00fcm\u00fc Kalite Komisyonu<\/em><\/p>\n<table style=\"height: 135px;\" width=\"555\">\n<thead>\n<tr>\n<th><strong>G\u00f6rev \/ Pozisyon<\/strong><\/th>\n<th><strong>Ad\u0131 ve Unvan\u0131<\/strong><\/th>\n<\/tr>\n<\/thead>\n<tbody>\n<tr>\n<td><strong>B\u00f6l\u00fcm Ba\u015fkan\u0131 V.<\/strong><\/td>\n<td>Prof. Dr. Hicabi Ersoy<\/td>\n<\/tr>\n<tr>\n<td><strong>\u00dcye<\/strong><\/td>\n<td>Do\u00e7. Dr. S\u0131tk\u0131 S\u00f6nmezer<\/td>\n<\/tr>\n<tr>\n<td><strong>Kalite El\u00e7isi<\/strong><\/td>\n<td>Dr. \u00d6\u011fr. \u00dcyesi O\u011fuz \u015eim\u015fek<\/td>\n<\/tr>\n<tr>\n<td><strong>\u00d6\u011frenci Temsilcisi<\/strong><\/td>\n<td>Amir Chomaev<\/td>\n<\/tr>\n<\/tbody>\n<\/table>\n","protected":false},"excerpt":{"rendered":"<p>Finans ve Bankac\u0131l\u0131k (\u0130ngilizce) B\u00f6l\u00fcm\u00fc Kalite Komisyonu G\u00f6rev \/ Pozisyon Ad\u0131 ve Unvan\u0131 B\u00f6l\u00fcm Ba\u015fkan\u0131 V. Prof. Dr. Hicabi Ersoy \u00dcye Do\u00e7. Dr. S\u0131tk\u0131 S\u00f6nmezer Kalite El\u00e7isi Dr. \u00d6\u011fr. \u00dcyesi O\u011fuz \u015eim\u015fek \u00d6\u011frenci Temsilcisi Amir Chomaev<\/p>\n","protected":false},"author":98,"featured_media":0,"parent":0,"menu_order":0,"comment_status":"closed","ping_status":"closed","template":"genel_sayfa.php","meta":{"footnotes":""},"yoast_head":"<!-- This site is optimized with the Yoast SEO Premium plugin v22.1 (Yoast SEO v22.1) - https:\/\/yoast.com\/wordpress\/plugins\/seo\/ -->\n<title>B\u00d6L\u00dcM KAL\u0130TE KOM\u0130SYONU - Finans ve Bankac\u0131l\u0131k<\/title>\n<meta name=\"robots\" content=\"index, follow, max-snippet:-1, max-image-preview:large, max-video-preview:-1\" \/>\n<link rel=\"canonical\" href=\"http:\/\/ticaret.edu.tr\/finans-ve-bankacilik\/bolum-kalite-komisyonu\/\" \/>\n<meta property=\"og:locale\" content=\"tr_TR\" \/>\n<meta property=\"og:type\" content=\"article\" \/>\n<meta property=\"og:title\" content=\"B\u00d6L\u00dcM KAL\u0130TE KOM\u0130SYONU\" \/>\n<meta property=\"og:description\" content=\"Finans ve Bankac\u0131l\u0131k (\u0130ngilizce) B\u00f6l\u00fcm\u00fc Kalite Komisyonu G\u00f6rev \/ Pozisyon Ad\u0131 ve Unvan\u0131 B\u00f6l\u00fcm Ba\u015fkan\u0131 V. Prof. Dr. Hicabi Ersoy \u00dcye Do\u00e7. Dr. S\u0131tk\u0131 S\u00f6nmezer Kalite El\u00e7isi Dr. \u00d6\u011fr. \u00dcyesi O\u011fuz \u015eim\u015fek \u00d6\u011frenci Temsilcisi Amir Chomaev\" \/>\n<meta property=\"og:url\" content=\"http:\/\/ticaret.edu.tr\/finans-ve-bankacilik\/bolum-kalite-komisyonu\/\" \/>\n<meta property=\"og:site_name\" content=\"Finans ve Bankac\u0131l\u0131k\" \/>\n<meta property=\"article:publisher\" content=\"https:\/\/www.facebook.com\/ticaretedutr\" \/>\n<meta property=\"article:modified_time\" content=\"2025-12-08T09:45:47+00:00\" \/>\n<meta property=\"og:image\" content=\"http:\/\/ticaret.edu.tr\/finans-ve-bankacilik\/wp-content\/uploads\/sites\/15\/2021\/11\/web_logo-01.jpg\" \/>\n\t<meta property=\"og:image:width\" content=\"1250\" \/>\n\t<meta property=\"og:image:height\" content=\"833\" \/>\n\t<meta property=\"og:image:type\" content=\"image\/jpeg\" \/>\n<meta name=\"twitter:card\" content=\"summary_large_image\" \/>\n<meta name=\"twitter:site\" content=\"@ticaretedutr\" \/>\n<meta name=\"twitter:label1\" content=\"Tahmini okuma s\u00fcresi\" \/>\n\t<meta name=\"twitter:data1\" content=\"1 dakika\" \/>\n<script type=\"application\/ld+json\" class=\"yoast-schema-graph\">{\"@context\":\"https:\/\/schema.org\",\"@graph\":[{\"@type\":\"WebPage\",\"@id\":\"http:\/\/ticaret.edu.tr\/finans-ve-bankacilik\/bolum-kalite-komisyonu\/\",\"url\":\"http:\/\/ticaret.edu.tr\/finans-ve-bankacilik\/bolum-kalite-komisyonu\/\",\"name\":\"B\u00d6L\u00dcM KAL\u0130TE KOM\u0130SYONU - Finans ve Bankac\u0131l\u0131k\",\"isPartOf\":{\"@id\":\"https:\/\/ticaret.edu.tr\/finans-ve-bankacilik\/en\/#website\"},\"datePublished\":\"2025-01-26T18:26:52+00:00\",\"dateModified\":\"2025-12-08T09:45:47+00:00\",\"breadcrumb\":{\"@id\":\"http:\/\/ticaret.edu.tr\/finans-ve-bankacilik\/bolum-kalite-komisyonu\/#breadcrumb\"},\"inLanguage\":\"tr\",\"potentialAction\":[{\"@type\":\"ReadAction\",\"target\":[\"http:\/\/ticaret.edu.tr\/finans-ve-bankacilik\/bolum-kalite-komisyonu\/\"]}]},{\"@type\":\"BreadcrumbList\",\"@id\":\"http:\/\/ticaret.edu.tr\/finans-ve-bankacilik\/bolum-kalite-komisyonu\/#breadcrumb\",\"itemListElement\":[{\"@type\":\"ListItem\",\"position\":1,\"name\":\"Ana sayfa\",\"item\":\"https:\/\/ticaret.edu.tr\/finans-ve-bankacilik\/\"},{\"@type\":\"ListItem\",\"position\":2,\"name\":\"B\u00d6L\u00dcM KAL\u0130TE KOM\u0130SYONU\"}]},{\"@type\":\"WebSite\",\"@id\":\"https:\/\/ticaret.edu.tr\/finans-ve-bankacilik\/en\/#website\",\"url\":\"https:\/\/ticaret.edu.tr\/finans-ve-bankacilik\/en\/\",\"name\":\"Finans ve Bankac\u0131l\u0131k\",\"description\":\"\",\"potentialAction\":[{\"@type\":\"SearchAction\",\"target\":{\"@type\":\"EntryPoint\",\"urlTemplate\":\"https:\/\/ticaret.edu.tr\/finans-ve-bankacilik\/en\/?s={search_term_string}\"},\"query-input\":\"required name=search_term_string\"}],\"inLanguage\":\"tr\"}]}<\/script>\n<!-- \/ Yoast SEO Premium plugin. -->","yoast_head_json":{"title":"B\u00d6L\u00dcM KAL\u0130TE KOM\u0130SYONU - Finans ve Bankac\u0131l\u0131k","robots":{"index":"index","follow":"follow","max-snippet":"max-snippet:-1","max-image-preview":"max-image-preview:large","max-video-preview":"max-video-preview:-1"},"canonical":"http:\/\/ticaret.edu.tr\/finans-ve-bankacilik\/bolum-kalite-komisyonu\/","og_locale":"tr_TR","og_type":"article","og_title":"B\u00d6L\u00dcM KAL\u0130TE KOM\u0130SYONU","og_description":"Finans ve Bankac\u0131l\u0131k (\u0130ngilizce) B\u00f6l\u00fcm\u00fc Kalite Komisyonu G\u00f6rev \/ Pozisyon Ad\u0131 ve Unvan\u0131 B\u00f6l\u00fcm Ba\u015fkan\u0131 V. Prof. Dr. Hicabi Ersoy \u00dcye Do\u00e7. Dr. S\u0131tk\u0131 S\u00f6nmezer Kalite El\u00e7isi Dr. \u00d6\u011fr. \u00dcyesi O\u011fuz \u015eim\u015fek \u00d6\u011frenci Temsilcisi Amir Chomaev","og_url":"http:\/\/ticaret.edu.tr\/finans-ve-bankacilik\/bolum-kalite-komisyonu\/","og_site_name":"Finans ve Bankac\u0131l\u0131k","article_publisher":"https:\/\/www.facebook.com\/ticaretedutr","article_modified_time":"2025-12-08T09:45:47+00:00","og_image":[{"width":1250,"height":833,"url":"http:\/\/ticaret.edu.tr\/finans-ve-bankacilik\/wp-content\/uploads\/sites\/15\/2021\/11\/web_logo-01.jpg","type":"image\/jpeg"}],"twitter_card":"summary_large_image","twitter_site":"@ticaretedutr","twitter_misc":{"Tahmini okuma s\u00fcresi":"1 dakika"},"schema":{"@context":"https:\/\/schema.org","@graph":[{"@type":"WebPage","@id":"http:\/\/ticaret.edu.tr\/finans-ve-bankacilik\/bolum-kalite-komisyonu\/","url":"http:\/\/ticaret.edu.tr\/finans-ve-bankacilik\/bolum-kalite-komisyonu\/","name":"B\u00d6L\u00dcM KAL\u0130TE KOM\u0130SYONU - Finans ve Bankac\u0131l\u0131k","isPartOf":{"@id":"https:\/\/ticaret.edu.tr\/finans-ve-bankacilik\/en\/#website"},"datePublished":"2025-01-26T18:26:52+00:00","dateModified":"2025-12-08T09:45:47+00:00","breadcrumb":{"@id":"http:\/\/ticaret.edu.tr\/finans-ve-bankacilik\/bolum-kalite-komisyonu\/#breadcrumb"},"inLanguage":"tr","potentialAction":[{"@type":"ReadAction","target":["http:\/\/ticaret.edu.tr\/finans-ve-bankacilik\/bolum-kalite-komisyonu\/"]}]},{"@type":"BreadcrumbList","@id":"http:\/\/ticaret.edu.tr\/finans-ve-bankacilik\/bolum-kalite-komisyonu\/#breadcrumb","itemListElement":[{"@type":"ListItem","position":1,"name":"Ana sayfa","item":"https:\/\/ticaret.edu.tr\/finans-ve-bankacilik\/"},{"@type":"ListItem","position":2,"name":"B\u00d6L\u00dcM KAL\u0130TE KOM\u0130SYONU"}]},{"@type":"WebSite","@id":"https:\/\/ticaret.edu.tr\/finans-ve-bankacilik\/en\/#website","url":"https:\/\/ticaret.edu.tr\/finans-ve-bankacilik\/en\/","name":"Finans ve Bankac\u0131l\u0131k","description":"","potentialAction":[{"@type":"SearchAction","target":{"@type":"EntryPoint","urlTemplate":"https:\/\/ticaret.edu.tr\/finans-ve-bankacilik\/en\/?s={search_term_string}"},"query-input":"required name=search_term_string"}],"inLanguage":"tr"}]}},"lang":"tr","translations":{"en":1491,"tr":1475},"pll_sync_post":[],"_links":{"self":[{"href":"http:\/\/ticaret.edu.tr\/finans-ve-bankacilik\/wp-json\/wp\/v2\/pages\/1475"}],"collection":[{"href":"http:\/\/ticaret.edu.tr\/finans-ve-bankacilik\/wp-json\/wp\/v2\/pages"}],"about":[{"href":"http:\/\/ticaret.edu.tr\/finans-ve-bankacilik\/wp-json\/wp\/v2\/types\/page"}],"author":[{"embeddable":true,"href":"http:\/\/ticaret.edu.tr\/finans-ve-bankacilik\/wp-json\/wp\/v2\/users\/98"}],"replies":[{"embeddable":true,"href":"http:\/\/ticaret.edu.tr\/finans-ve-bankacilik\/wp-json\/wp\/v2\/comments?post=1475"}],"version-history":[{"count":4,"href":"http:\/\/ticaret.edu.tr\/finans-ve-bankacilik\/wp-json\/wp\/v2\/pages\/1475\/revisions"}],"predecessor-version":[{"id":2139,"href":"http:\/\/ticaret.edu.tr\/finans-ve-bankacilik\/wp-json\/wp\/v2\/pages\/1475\/revisions\/2139"}],"wp:attachment":[{"href":"http:\/\/ticaret.edu.tr\/finans-ve-bankacilik\/wp-json\/wp\/v2\/media?parent=1475"}],"curies":[{"name":"wp","href":"https:\/\/api.w.org\/{rel}","templated":true}]}}