{"id":1477,"date":"2025-01-26T21:26:50","date_gmt":"2025-01-26T18:26:50","guid":{"rendered":"https:\/\/ticaret.edu.tr\/finans-ve-bankacilik\/?page_id=1477"},"modified":"2025-12-22T08:35:44","modified_gmt":"2025-12-22T05:35:44","slug":"bolum-danisma-kurulu","status":"publish","type":"page","link":"http:\/\/ticaret.edu.tr\/finans-ve-bankacilik\/bolum-danisma-kurulu\/","title":{"rendered":"B\u00d6L\u00dcM DANI\u015eMA KURULU"},"content":{"rendered":"<h3>DANI\u015eMA KURULU<\/h3>\n<table style=\"height: 510px\" width=\"897\">\n<tbody>\n<tr>\n<td colspan=\"3\" width=\"708\"><strong>F\u0130NANS VE BANKACILIK (\u0130NG\u0130L\u0130ZCE) B\u00d6L\u00dcM\u00dc DANI\u015eMA KURULU \u00dcYELER\u0130<\/strong><\/td>\n<\/tr>\n<tr>\n<td width=\"208\"><strong>\u00a0<\/strong><\/td>\n<td width=\"312\"><strong>\u00a0<\/strong><\/td>\n<td width=\"189\"><strong>\u00a0<\/strong><\/td>\n<\/tr>\n<tr>\n<td width=\"208\"><strong>Unvan \/<\/strong><strong>Ad Soyad<\/strong><\/td>\n<td width=\"312\"><strong>\u00c7al\u0131\u015ft\u0131\u011f\u0131\u00a0<\/strong><strong>Kurum<\/strong><\/td>\n<td width=\"189\"><strong>G\u00f6revi<\/strong><\/td>\n<\/tr>\n<tr>\n<td width=\"208\">Prof. Dr. Hicabi Ersoy<\/td>\n<td width=\"312\">\u00a0\u0130stanbul Ticaret \u00dcniversitesi<\/td>\n<td width=\"189\">B\u00f6l\u00fcm Ba\u015fkan\u0131<\/td>\n<\/tr>\n<tr>\n<td width=\"208\">Prof. Dr. Ali Osman G\u00fcrb\u00fcz<\/td>\n<td width=\"312\">\u0130stanbul Ticaret \u00dcniversitesi<\/td>\n<td width=\"189\">\u00d6\u011fretim \u00dcyesi<\/td>\n<\/tr>\n<tr>\n<td width=\"208\">Prof. Dr. Salih Durer<\/td>\n<td width=\"312\">\u00a0Y\u0131ld\u0131z Teknik \u00dcniversitesi<\/td>\n<td width=\"189\">D\u0131\u015f Akademik Payda\u015f<\/td>\n<\/tr>\n<tr>\n<td width=\"208\">Prof. Dr. Serkan \u00c7ankaya<\/td>\n<td width=\"312\">\u0130stanbul Ticaret \u00dcniversitesi<\/td>\n<td width=\"189\">\u00d6\u011fretim \u00dcyesi<\/td>\n<\/tr>\n<tr>\n<td width=\"208\">Do\u00e7. Dr. Alaattin Ecer<\/td>\n<td width=\"312\">\u00a0Sermaye Piyasas\u0131 Kurulu<\/td>\n<td width=\"189\">Ara\u015ft\u0131rma Daire Ba\u015fkan\u0131<\/td>\n<\/tr>\n<tr>\n<td width=\"208\">Mehmet Gerz<\/td>\n<td width=\"312\">\u00a0Ata Portf\u00f6y A.\u015e.<\/td>\n<td width=\"189\">Genel M\u00fcd\u00fcr<\/td>\n<\/tr>\n<tr>\n<td width=\"208\">Osman Bahri Turgut<\/td>\n<td width=\"312\">\u00a0T. Garanti Bankas\u0131 A.\u015e.<\/td>\n<td width=\"189\">Tefti\u015f Kurulu Ba\u015fkan\u0131<\/td>\n<\/tr>\n<tr>\n<td width=\"208\">Dr. \u00d6\u011fr. \u00dcyesi O\u011fuz \u015eim\u015fek<\/td>\n<td width=\"312\">\u0130stanbul Ticaret \u00dcniversitesi<\/td>\n<td width=\"189\">B\u00f6l\u00fcm Kalite El\u00e7isi<\/td>\n<\/tr>\n<tr>\n<td width=\"208\">Amir Chomaev<\/td>\n<td width=\"312\">\u00a0\u0130stanbul Ticaret \u00dcniversitesi \u00d6\u011frencisi<\/td>\n<td width=\"189\">B\u00f6l\u00fcm \u00d6\u011frenci Temsilcisi<\/td>\n<\/tr>\n<\/tbody>\n<\/table>\n<p>&nbsp;<\/p>\n<h3>Finans ve Bankac\u0131l\u0131k B\u00f6l\u00fcm\u00fc Dan\u0131\u015fma Kurulu Toplant\u0131 Tutanaklar\u0131<\/h3>\n<p><a href=\"http:\/\/ticaret.edu.tr\/finans-ve-bankacilik\/wp-content\/uploads\/sites\/15\/2025\/12\/05.05.2025-Finans-ve-Bankacilik-Bolumu-Danisma-Kurulu-Toplantisi-Tutanagi.pdf\">05.05.2025 Finans ve Bankac\u0131l\u0131k B\u00f6l\u00fcm\u00fc Dan\u0131\u015fma Kurulu Toplant\u0131s\u0131 Tutana\u011f\u0131<\/a><\/p>\n<p>&nbsp;<\/p>\n","protected":false},"excerpt":{"rendered":"<p>DANI\u015eMA KURULU F\u0130NANS VE BANKACILIK (\u0130NG\u0130L\u0130ZCE) B\u00d6L\u00dcM\u00dc DANI\u015eMA KURULU \u00dcYELER\u0130 \u00a0 \u00a0 \u00a0 Unvan \/Ad Soyad \u00c7al\u0131\u015ft\u0131\u011f\u0131\u00a0Kurum G\u00f6revi Prof. Dr. Hicabi Ersoy \u00a0\u0130stanbul Ticaret \u00dcniversitesi B\u00f6l\u00fcm Ba\u015fkan\u0131 Prof. Dr. Ali Osman G\u00fcrb\u00fcz \u0130stanbul Ticaret \u00dcniversitesi \u00d6\u011fretim \u00dcyesi Prof. Dr. Salih Durer \u00a0Y\u0131ld\u0131z Teknik \u00dcniversitesi D\u0131\u015f Akademik Payda\u015f Prof. Dr. Serkan \u00c7ankaya \u0130stanbul Ticaret \u00dcniversitesi \u00d6\u011fretim [&hellip;]<\/p>\n","protected":false},"author":98,"featured_media":0,"parent":0,"menu_order":0,"comment_status":"closed","ping_status":"closed","template":"genel_sayfa.php","meta":{"footnotes":""},"yoast_head":"<!-- This site is optimized with the Yoast SEO Premium plugin v22.1 (Yoast SEO v22.1) - https:\/\/yoast.com\/wordpress\/plugins\/seo\/ -->\n<title>B\u00d6L\u00dcM DANI\u015eMA KURULU - Finans ve Bankac\u0131l\u0131k<\/title>\n<meta name=\"robots\" content=\"index, follow, max-snippet:-1, max-image-preview:large, max-video-preview:-1\" \/>\n<link rel=\"canonical\" href=\"http:\/\/ticaret.edu.tr\/finans-ve-bankacilik\/bolum-danisma-kurulu\/\" \/>\n<meta property=\"og:locale\" content=\"tr_TR\" \/>\n<meta property=\"og:type\" content=\"article\" \/>\n<meta property=\"og:title\" content=\"B\u00d6L\u00dcM DANI\u015eMA KURULU\" \/>\n<meta property=\"og:description\" content=\"DANI\u015eMA KURULU F\u0130NANS VE BANKACILIK (\u0130NG\u0130L\u0130ZCE) B\u00d6L\u00dcM\u00dc DANI\u015eMA KURULU \u00dcYELER\u0130 \u00a0 \u00a0 \u00a0 Unvan \/Ad Soyad \u00c7al\u0131\u015ft\u0131\u011f\u0131\u00a0Kurum G\u00f6revi Prof. Dr. Hicabi Ersoy \u00a0\u0130stanbul Ticaret \u00dcniversitesi B\u00f6l\u00fcm Ba\u015fkan\u0131 Prof. Dr. Ali Osman G\u00fcrb\u00fcz \u0130stanbul Ticaret \u00dcniversitesi \u00d6\u011fretim \u00dcyesi Prof. Dr. Salih Durer \u00a0Y\u0131ld\u0131z Teknik \u00dcniversitesi D\u0131\u015f Akademik Payda\u015f Prof. Dr. Serkan \u00c7ankaya \u0130stanbul Ticaret \u00dcniversitesi \u00d6\u011fretim [&hellip;]\" \/>\n<meta property=\"og:url\" content=\"http:\/\/ticaret.edu.tr\/finans-ve-bankacilik\/bolum-danisma-kurulu\/\" \/>\n<meta property=\"og:site_name\" content=\"Finans ve Bankac\u0131l\u0131k\" \/>\n<meta property=\"article:publisher\" content=\"https:\/\/www.facebook.com\/ticaretedutr\" \/>\n<meta property=\"article:modified_time\" content=\"2025-12-22T05:35:44+00:00\" \/>\n<meta property=\"og:image\" content=\"http:\/\/ticaret.edu.tr\/finans-ve-bankacilik\/wp-content\/uploads\/sites\/15\/2021\/11\/web_logo-01.jpg\" \/>\n\t<meta property=\"og:image:width\" content=\"1250\" \/>\n\t<meta property=\"og:image:height\" content=\"833\" \/>\n\t<meta property=\"og:image:type\" content=\"image\/jpeg\" \/>\n<meta name=\"twitter:card\" content=\"summary_large_image\" \/>\n<meta name=\"twitter:site\" content=\"@ticaretedutr\" \/>\n<meta name=\"twitter:label1\" content=\"Tahmini okuma s\u00fcresi\" \/>\n\t<meta name=\"twitter:data1\" content=\"1 dakika\" \/>\n<script type=\"application\/ld+json\" class=\"yoast-schema-graph\">{\"@context\":\"https:\/\/schema.org\",\"@graph\":[{\"@type\":\"WebPage\",\"@id\":\"http:\/\/ticaret.edu.tr\/finans-ve-bankacilik\/bolum-danisma-kurulu\/\",\"url\":\"http:\/\/ticaret.edu.tr\/finans-ve-bankacilik\/bolum-danisma-kurulu\/\",\"name\":\"B\u00d6L\u00dcM DANI\u015eMA KURULU - Finans ve Bankac\u0131l\u0131k\",\"isPartOf\":{\"@id\":\"http:\/\/ticaret.edu.tr\/finans-ve-bankacilik\/#website\"},\"datePublished\":\"2025-01-26T18:26:50+00:00\",\"dateModified\":\"2025-12-22T05:35:44+00:00\",\"breadcrumb\":{\"@id\":\"http:\/\/ticaret.edu.tr\/finans-ve-bankacilik\/bolum-danisma-kurulu\/#breadcrumb\"},\"inLanguage\":\"tr\",\"potentialAction\":[{\"@type\":\"ReadAction\",\"target\":[\"http:\/\/ticaret.edu.tr\/finans-ve-bankacilik\/bolum-danisma-kurulu\/\"]}]},{\"@type\":\"BreadcrumbList\",\"@id\":\"http:\/\/ticaret.edu.tr\/finans-ve-bankacilik\/bolum-danisma-kurulu\/#breadcrumb\",\"itemListElement\":[{\"@type\":\"ListItem\",\"position\":1,\"name\":\"Ana sayfa\",\"item\":\"http:\/\/ticaret.edu.tr\/finans-ve-bankacilik\/\"},{\"@type\":\"ListItem\",\"position\":2,\"name\":\"B\u00d6L\u00dcM DANI\u015eMA KURULU\"}]},{\"@type\":\"WebSite\",\"@id\":\"http:\/\/ticaret.edu.tr\/finans-ve-bankacilik\/#website\",\"url\":\"http:\/\/ticaret.edu.tr\/finans-ve-bankacilik\/\",\"name\":\"Finans ve Bankac\u0131l\u0131k\",\"description\":\"\",\"potentialAction\":[{\"@type\":\"SearchAction\",\"target\":{\"@type\":\"EntryPoint\",\"urlTemplate\":\"http:\/\/ticaret.edu.tr\/finans-ve-bankacilik\/?s={search_term_string}\"},\"query-input\":\"required name=search_term_string\"}],\"inLanguage\":\"tr\"}]}<\/script>\n<!-- \/ Yoast SEO Premium plugin. -->","yoast_head_json":{"title":"B\u00d6L\u00dcM DANI\u015eMA KURULU - Finans ve Bankac\u0131l\u0131k","robots":{"index":"index","follow":"follow","max-snippet":"max-snippet:-1","max-image-preview":"max-image-preview:large","max-video-preview":"max-video-preview:-1"},"canonical":"http:\/\/ticaret.edu.tr\/finans-ve-bankacilik\/bolum-danisma-kurulu\/","og_locale":"tr_TR","og_type":"article","og_title":"B\u00d6L\u00dcM DANI\u015eMA KURULU","og_description":"DANI\u015eMA KURULU F\u0130NANS VE BANKACILIK (\u0130NG\u0130L\u0130ZCE) B\u00d6L\u00dcM\u00dc DANI\u015eMA KURULU \u00dcYELER\u0130 \u00a0 \u00a0 \u00a0 Unvan \/Ad Soyad \u00c7al\u0131\u015ft\u0131\u011f\u0131\u00a0Kurum G\u00f6revi Prof. Dr. Hicabi Ersoy \u00a0\u0130stanbul Ticaret \u00dcniversitesi B\u00f6l\u00fcm Ba\u015fkan\u0131 Prof. Dr. Ali Osman G\u00fcrb\u00fcz \u0130stanbul Ticaret \u00dcniversitesi \u00d6\u011fretim \u00dcyesi Prof. Dr. Salih Durer \u00a0Y\u0131ld\u0131z Teknik \u00dcniversitesi D\u0131\u015f Akademik Payda\u015f Prof. Dr. Serkan \u00c7ankaya \u0130stanbul Ticaret \u00dcniversitesi \u00d6\u011fretim [&hellip;]","og_url":"http:\/\/ticaret.edu.tr\/finans-ve-bankacilik\/bolum-danisma-kurulu\/","og_site_name":"Finans ve Bankac\u0131l\u0131k","article_publisher":"https:\/\/www.facebook.com\/ticaretedutr","article_modified_time":"2025-12-22T05:35:44+00:00","og_image":[{"width":1250,"height":833,"url":"http:\/\/ticaret.edu.tr\/finans-ve-bankacilik\/wp-content\/uploads\/sites\/15\/2021\/11\/web_logo-01.jpg","type":"image\/jpeg"}],"twitter_card":"summary_large_image","twitter_site":"@ticaretedutr","twitter_misc":{"Tahmini okuma s\u00fcresi":"1 dakika"},"schema":{"@context":"https:\/\/schema.org","@graph":[{"@type":"WebPage","@id":"http:\/\/ticaret.edu.tr\/finans-ve-bankacilik\/bolum-danisma-kurulu\/","url":"http:\/\/ticaret.edu.tr\/finans-ve-bankacilik\/bolum-danisma-kurulu\/","name":"B\u00d6L\u00dcM DANI\u015eMA KURULU - Finans ve Bankac\u0131l\u0131k","isPartOf":{"@id":"http:\/\/ticaret.edu.tr\/finans-ve-bankacilik\/#website"},"datePublished":"2025-01-26T18:26:50+00:00","dateModified":"2025-12-22T05:35:44+00:00","breadcrumb":{"@id":"http:\/\/ticaret.edu.tr\/finans-ve-bankacilik\/bolum-danisma-kurulu\/#breadcrumb"},"inLanguage":"tr","potentialAction":[{"@type":"ReadAction","target":["http:\/\/ticaret.edu.tr\/finans-ve-bankacilik\/bolum-danisma-kurulu\/"]}]},{"@type":"BreadcrumbList","@id":"http:\/\/ticaret.edu.tr\/finans-ve-bankacilik\/bolum-danisma-kurulu\/#breadcrumb","itemListElement":[{"@type":"ListItem","position":1,"name":"Ana sayfa","item":"http:\/\/ticaret.edu.tr\/finans-ve-bankacilik\/"},{"@type":"ListItem","position":2,"name":"B\u00d6L\u00dcM DANI\u015eMA KURULU"}]},{"@type":"WebSite","@id":"http:\/\/ticaret.edu.tr\/finans-ve-bankacilik\/#website","url":"http:\/\/ticaret.edu.tr\/finans-ve-bankacilik\/","name":"Finans ve Bankac\u0131l\u0131k","description":"","potentialAction":[{"@type":"SearchAction","target":{"@type":"EntryPoint","urlTemplate":"http:\/\/ticaret.edu.tr\/finans-ve-bankacilik\/?s={search_term_string}"},"query-input":"required name=search_term_string"}],"inLanguage":"tr"}]}},"lang":"tr","translations":{"en":1489,"tr":1477},"pll_sync_post":[],"_links":{"self":[{"href":"http:\/\/ticaret.edu.tr\/finans-ve-bankacilik\/wp-json\/wp\/v2\/pages\/1477"}],"collection":[{"href":"http:\/\/ticaret.edu.tr\/finans-ve-bankacilik\/wp-json\/wp\/v2\/pages"}],"about":[{"href":"http:\/\/ticaret.edu.tr\/finans-ve-bankacilik\/wp-json\/wp\/v2\/types\/page"}],"author":[{"embeddable":true,"href":"http:\/\/ticaret.edu.tr\/finans-ve-bankacilik\/wp-json\/wp\/v2\/users\/98"}],"replies":[{"embeddable":true,"href":"http:\/\/ticaret.edu.tr\/finans-ve-bankacilik\/wp-json\/wp\/v2\/comments?post=1477"}],"version-history":[{"count":6,"href":"http:\/\/ticaret.edu.tr\/finans-ve-bankacilik\/wp-json\/wp\/v2\/pages\/1477\/revisions"}],"predecessor-version":[{"id":2175,"href":"http:\/\/ticaret.edu.tr\/finans-ve-bankacilik\/wp-json\/wp\/v2\/pages\/1477\/revisions\/2175"}],"wp:attachment":[{"href":"http:\/\/ticaret.edu.tr\/finans-ve-bankacilik\/wp-json\/wp\/v2\/media?parent=1477"}],"curies":[{"name":"wp","href":"https:\/\/api.w.org\/{rel}","templated":true}]}}