{"id":1479,"date":"2025-01-26T21:26:50","date_gmt":"2025-01-26T18:26:50","guid":{"rendered":"https:\/\/ticaret.edu.tr\/finans-ve-bankacilik\/?page_id=1479"},"modified":"2025-12-08T12:48:37","modified_gmt":"2025-12-08T09:48:37","slug":"iletisim-ulasim","status":"publish","type":"page","link":"http:\/\/ticaret.edu.tr\/finans-ve-bankacilik\/iletisim-ulasim\/","title":{"rendered":"\u0130LET\u0130\u015e\u0130M &amp; ULA\u015eIM"},"content":{"rendered":"<p><strong>Akademik kadromuzun ileti\u015fim bilgilerine a\u015fa\u011f\u0131daki ba\u011flant\u0131lardan ula\u015fabilirsiniz:<\/strong><\/p>\n<table border=\"1\" width=\"679\">\n<thead>\n<tr>\n<th>\u00d6\u011fretim Eleman\u0131<\/th>\n<th>Yay\u0131nlar Sayfas\u0131<\/th>\n<\/tr>\n<\/thead>\n<tbody>\n<tr>\n<td>Prof. Dr. Hicabi Ersoy<\/td>\n<td>https:\/\/avesis.ticaret.edu.tr\/hersoy<\/td>\n<\/tr>\n<tr>\n<td>Prof. Dr. Ali Osman G\u00fcrb\u00fcz<\/td>\n<td>https:\/\/avesis.ticaret.edu.tr\/ogurbuz<\/td>\n<\/tr>\n<tr>\n<td>Prof. Dr. Serkan \u00c7ankaya<\/td>\n<td>https:\/\/avesis.ticaret.edu.tr\/scankaya<\/td>\n<\/tr>\n<tr>\n<td>Prof. Dr. Recep Bildik<\/td>\n<td>https:\/\/avesis.ticaret.edu.tr\/rbildik<\/td>\n<\/tr>\n<tr>\n<td>Prof. Dr. S\u0131tk\u0131 S\u00f6nmezer<\/td>\n<td>https:\/\/avesis.ticaret.edu.tr\/ssonmezer<\/td>\n<\/tr>\n<tr>\n<td>Dr. \u00d6\u011fr. \u00dcyesi O\u011fuz \u015eim\u015fek<\/td>\n<td>https:\/\/avesis.ticaret.edu.tr\/osimsek<\/td>\n<\/tr>\n<\/tbody>\n<\/table>\n<h3><strong>Ula\u015f\u0131m<\/strong><\/h3>\n<p><strong>Adres:\u00a0<\/strong>\u0130stanbul Ticaret \u00dcniversitesi S\u00fctl\u00fcce Kamp\u00fcs\u00fc (\u00d6rnektepe Mah. \u0130mrahor Cad. No: 88\/2\u00a0 Beyo\u011flu\/\u0130stanbul)<\/p>\n<h3><strong>\u0130leti\u015fim<\/strong><\/h3>\n<p><strong>Telefon:\u00a0<\/strong>444 0 413<br \/>\n<strong>E-posta:<\/strong> bilgi@ticaret.edu.tr<\/p>\n<p>B\u00f6l\u00fcm web sitesi: https:\/\/ticaret.edu.tr\/finans-ve-bankacilik\/<\/p>\n<p>B\u00f6l\u00fcm Mail: osimsek@ticaret.edu.tr,hersoy@ticaret.edu.tr<\/p>\n<p>&nbsp;<\/p>\n<p><strong>Toplu Ta\u015f\u0131ma ile ula\u015f\u0131mlar a\u015fa\u011f\u0131daki gibidir:<\/strong><\/p>\n<p>Taksim \u2013 S\u00fctl\u00fcce (\u0130ETT Otob\u00fcsleri) \u0130stanbul Ticaret \u00dcniversitesi S\u00fctl\u00fcce Kamp\u00fcs\u00fc : 54HT- Hask\u00f6y \u2013 Taksim \/36T Cebeci \u2013 Taksim<\/p>\n<p>Mecidiyek\u00f6y \u2013 \u015ei\u015fli- S\u00fctl\u00fcce (\u0130ETT Otob\u00fcsleri): 54H\u015e \u2013 Hask\u00f6y \u2013 \u015ei\u015fli<\/p>\n<p>Emin\u00f6n\u00fc: S\u00fctl\u00fcce (\u0130ETT Otob\u00fcsleri): 47 \u2013 Ye\u015filp\u0131nar \u2013 Emin\u00f6n\u00fc \/ 47\u00c7 \u2013 G\u00fczeltepe \u2013 Emin\u00f6n\u00fc \/ 47E \u2013 Binevler \u2013 Emin\u00f6n\u00fc<\/p>\n<p>Topkap\u0131 \u2013 Seyrantepe \u2013 S\u00fctl\u00fcce (\u0130ETT Otob\u00fcsleri): 41ST \u2013 Seyrantepe<\/p>\n<p>\u015ei\u015fhane \/ Alibeyk\u00f6y (Minib\u00fcs)<\/p>\n<p>Metrob\u00fcs kullanacak aday \u00f6\u011frencilerimiz ve aileleri Hal\u0131c\u0131o\u011flu dura\u011f\u0131nda indiklerinde 41ST (Seyrantepe \u2013 Topkap\u0131) \u0130ETT otob\u00fcs\u00fc veya Topkap\u0131 Seyrantepe minib\u00fcslerini kullanarak S\u00fctl\u00fcce kamp\u00fcs\u00fcm\u00fcze ula\u015f\u0131m sa\u011flayabilirler.<\/p>\n","protected":false},"excerpt":{"rendered":"<p>Akademik kadromuzun ileti\u015fim bilgilerine a\u015fa\u011f\u0131daki ba\u011flant\u0131lardan ula\u015fabilirsiniz: \u00d6\u011fretim Eleman\u0131 Yay\u0131nlar Sayfas\u0131 Prof. Dr. Hicabi Ersoy https:\/\/avesis.ticaret.edu.tr\/hersoy Prof. Dr. Ali Osman G\u00fcrb\u00fcz https:\/\/avesis.ticaret.edu.tr\/ogurbuz Prof. Dr. Serkan \u00c7ankaya https:\/\/avesis.ticaret.edu.tr\/scankaya Prof. Dr. Recep Bildik https:\/\/avesis.ticaret.edu.tr\/rbildik Prof. Dr. S\u0131tk\u0131 S\u00f6nmezer https:\/\/avesis.ticaret.edu.tr\/ssonmezer Dr. \u00d6\u011fr. \u00dcyesi O\u011fuz \u015eim\u015fek https:\/\/avesis.ticaret.edu.tr\/osimsek Ula\u015f\u0131m Adres:\u00a0\u0130stanbul Ticaret \u00dcniversitesi S\u00fctl\u00fcce Kamp\u00fcs\u00fc (\u00d6rnektepe Mah. \u0130mrahor Cad. No: 88\/2\u00a0 [&hellip;]<\/p>\n","protected":false},"author":98,"featured_media":0,"parent":0,"menu_order":0,"comment_status":"closed","ping_status":"closed","template":"genel_sayfa.php","meta":{"footnotes":""},"yoast_head":"<!-- This site is optimized with the Yoast SEO Premium plugin v22.1 (Yoast SEO v22.1) - https:\/\/yoast.com\/wordpress\/plugins\/seo\/ -->\n<title>\u0130LET\u0130\u015e\u0130M &amp; ULA\u015eIM - Finans ve Bankac\u0131l\u0131k<\/title>\n<meta name=\"robots\" content=\"index, follow, max-snippet:-1, max-image-preview:large, max-video-preview:-1\" \/>\n<link rel=\"canonical\" href=\"https:\/\/ticaret.edu.tr\/finans-ve-bankacilik\/iletisim-ulasim\/\" \/>\n<meta property=\"og:locale\" content=\"tr_TR\" \/>\n<meta property=\"og:type\" content=\"article\" \/>\n<meta property=\"og:title\" content=\"\u0130LET\u0130\u015e\u0130M &amp; ULA\u015eIM\" \/>\n<meta property=\"og:description\" content=\"Akademik kadromuzun ileti\u015fim bilgilerine a\u015fa\u011f\u0131daki ba\u011flant\u0131lardan ula\u015fabilirsiniz: \u00d6\u011fretim Eleman\u0131 Yay\u0131nlar Sayfas\u0131 Prof. Dr. Hicabi Ersoy https:\/\/avesis.ticaret.edu.tr\/hersoy Prof. Dr. Ali Osman G\u00fcrb\u00fcz https:\/\/avesis.ticaret.edu.tr\/ogurbuz Prof. Dr. Serkan \u00c7ankaya https:\/\/avesis.ticaret.edu.tr\/scankaya Prof. Dr. Recep Bildik https:\/\/avesis.ticaret.edu.tr\/rbildik Prof. Dr. S\u0131tk\u0131 S\u00f6nmezer https:\/\/avesis.ticaret.edu.tr\/ssonmezer Dr. \u00d6\u011fr. \u00dcyesi O\u011fuz \u015eim\u015fek https:\/\/avesis.ticaret.edu.tr\/osimsek Ula\u015f\u0131m Adres:\u00a0\u0130stanbul Ticaret \u00dcniversitesi S\u00fctl\u00fcce Kamp\u00fcs\u00fc (\u00d6rnektepe Mah. \u0130mrahor Cad. No: 88\/2\u00a0 [&hellip;]\" \/>\n<meta property=\"og:url\" content=\"https:\/\/ticaret.edu.tr\/finans-ve-bankacilik\/iletisim-ulasim\/\" \/>\n<meta property=\"og:site_name\" content=\"Finans ve Bankac\u0131l\u0131k\" \/>\n<meta property=\"article:publisher\" content=\"https:\/\/www.facebook.com\/ticaretedutr\" \/>\n<meta property=\"article:modified_time\" content=\"2025-12-08T09:48:37+00:00\" \/>\n<meta property=\"og:image\" content=\"http:\/\/ticaret.edu.tr\/finans-ve-bankacilik\/wp-content\/uploads\/sites\/15\/2021\/11\/web_logo-01.jpg\" \/>\n\t<meta property=\"og:image:width\" content=\"1250\" \/>\n\t<meta property=\"og:image:height\" content=\"833\" \/>\n\t<meta property=\"og:image:type\" content=\"image\/jpeg\" \/>\n<meta name=\"twitter:card\" content=\"summary_large_image\" \/>\n<meta name=\"twitter:site\" content=\"@ticaretedutr\" \/>\n<meta name=\"twitter:label1\" content=\"Tahmini okuma s\u00fcresi\" \/>\n\t<meta name=\"twitter:data1\" content=\"1 dakika\" \/>\n<script type=\"application\/ld+json\" class=\"yoast-schema-graph\">{\"@context\":\"https:\/\/schema.org\",\"@graph\":[{\"@type\":\"WebPage\",\"@id\":\"https:\/\/ticaret.edu.tr\/finans-ve-bankacilik\/iletisim-ulasim\/\",\"url\":\"https:\/\/ticaret.edu.tr\/finans-ve-bankacilik\/iletisim-ulasim\/\",\"name\":\"\u0130LET\u0130\u015e\u0130M &amp; ULA\u015eIM - Finans ve Bankac\u0131l\u0131k\",\"isPartOf\":{\"@id\":\"https:\/\/ticaret.edu.tr\/finans-ve-bankacilik\/en\/#website\"},\"datePublished\":\"2025-01-26T18:26:50+00:00\",\"dateModified\":\"2025-12-08T09:48:37+00:00\",\"breadcrumb\":{\"@id\":\"https:\/\/ticaret.edu.tr\/finans-ve-bankacilik\/iletisim-ulasim\/#breadcrumb\"},\"inLanguage\":\"tr\",\"potentialAction\":[{\"@type\":\"ReadAction\",\"target\":[\"https:\/\/ticaret.edu.tr\/finans-ve-bankacilik\/iletisim-ulasim\/\"]}]},{\"@type\":\"BreadcrumbList\",\"@id\":\"https:\/\/ticaret.edu.tr\/finans-ve-bankacilik\/iletisim-ulasim\/#breadcrumb\",\"itemListElement\":[{\"@type\":\"ListItem\",\"position\":1,\"name\":\"Ana sayfa\",\"item\":\"https:\/\/ticaret.edu.tr\/finans-ve-bankacilik\/\"},{\"@type\":\"ListItem\",\"position\":2,\"name\":\"\u0130LET\u0130\u015e\u0130M &amp; ULA\u015eIM\"}]},{\"@type\":\"WebSite\",\"@id\":\"https:\/\/ticaret.edu.tr\/finans-ve-bankacilik\/en\/#website\",\"url\":\"https:\/\/ticaret.edu.tr\/finans-ve-bankacilik\/en\/\",\"name\":\"Finans ve Bankac\u0131l\u0131k\",\"description\":\"\",\"potentialAction\":[{\"@type\":\"SearchAction\",\"target\":{\"@type\":\"EntryPoint\",\"urlTemplate\":\"https:\/\/ticaret.edu.tr\/finans-ve-bankacilik\/en\/?s={search_term_string}\"},\"query-input\":\"required name=search_term_string\"}],\"inLanguage\":\"tr\"}]}<\/script>\n<!-- \/ Yoast SEO Premium plugin. -->","yoast_head_json":{"title":"\u0130LET\u0130\u015e\u0130M &amp; ULA\u015eIM - Finans ve Bankac\u0131l\u0131k","robots":{"index":"index","follow":"follow","max-snippet":"max-snippet:-1","max-image-preview":"max-image-preview:large","max-video-preview":"max-video-preview:-1"},"canonical":"https:\/\/ticaret.edu.tr\/finans-ve-bankacilik\/iletisim-ulasim\/","og_locale":"tr_TR","og_type":"article","og_title":"\u0130LET\u0130\u015e\u0130M &amp; ULA\u015eIM","og_description":"Akademik kadromuzun ileti\u015fim bilgilerine a\u015fa\u011f\u0131daki ba\u011flant\u0131lardan ula\u015fabilirsiniz: \u00d6\u011fretim Eleman\u0131 Yay\u0131nlar Sayfas\u0131 Prof. Dr. Hicabi Ersoy https:\/\/avesis.ticaret.edu.tr\/hersoy Prof. Dr. Ali Osman G\u00fcrb\u00fcz https:\/\/avesis.ticaret.edu.tr\/ogurbuz Prof. Dr. Serkan \u00c7ankaya https:\/\/avesis.ticaret.edu.tr\/scankaya Prof. Dr. Recep Bildik https:\/\/avesis.ticaret.edu.tr\/rbildik Prof. Dr. S\u0131tk\u0131 S\u00f6nmezer https:\/\/avesis.ticaret.edu.tr\/ssonmezer Dr. \u00d6\u011fr. \u00dcyesi O\u011fuz \u015eim\u015fek https:\/\/avesis.ticaret.edu.tr\/osimsek Ula\u015f\u0131m Adres:\u00a0\u0130stanbul Ticaret \u00dcniversitesi S\u00fctl\u00fcce Kamp\u00fcs\u00fc (\u00d6rnektepe Mah. \u0130mrahor Cad. No: 88\/2\u00a0 [&hellip;]","og_url":"https:\/\/ticaret.edu.tr\/finans-ve-bankacilik\/iletisim-ulasim\/","og_site_name":"Finans ve Bankac\u0131l\u0131k","article_publisher":"https:\/\/www.facebook.com\/ticaretedutr","article_modified_time":"2025-12-08T09:48:37+00:00","og_image":[{"width":1250,"height":833,"url":"http:\/\/ticaret.edu.tr\/finans-ve-bankacilik\/wp-content\/uploads\/sites\/15\/2021\/11\/web_logo-01.jpg","type":"image\/jpeg"}],"twitter_card":"summary_large_image","twitter_site":"@ticaretedutr","twitter_misc":{"Tahmini okuma s\u00fcresi":"1 dakika"},"schema":{"@context":"https:\/\/schema.org","@graph":[{"@type":"WebPage","@id":"https:\/\/ticaret.edu.tr\/finans-ve-bankacilik\/iletisim-ulasim\/","url":"https:\/\/ticaret.edu.tr\/finans-ve-bankacilik\/iletisim-ulasim\/","name":"\u0130LET\u0130\u015e\u0130M &amp; ULA\u015eIM - Finans ve Bankac\u0131l\u0131k","isPartOf":{"@id":"https:\/\/ticaret.edu.tr\/finans-ve-bankacilik\/en\/#website"},"datePublished":"2025-01-26T18:26:50+00:00","dateModified":"2025-12-08T09:48:37+00:00","breadcrumb":{"@id":"https:\/\/ticaret.edu.tr\/finans-ve-bankacilik\/iletisim-ulasim\/#breadcrumb"},"inLanguage":"tr","potentialAction":[{"@type":"ReadAction","target":["https:\/\/ticaret.edu.tr\/finans-ve-bankacilik\/iletisim-ulasim\/"]}]},{"@type":"BreadcrumbList","@id":"https:\/\/ticaret.edu.tr\/finans-ve-bankacilik\/iletisim-ulasim\/#breadcrumb","itemListElement":[{"@type":"ListItem","position":1,"name":"Ana sayfa","item":"https:\/\/ticaret.edu.tr\/finans-ve-bankacilik\/"},{"@type":"ListItem","position":2,"name":"\u0130LET\u0130\u015e\u0130M &amp; ULA\u015eIM"}]},{"@type":"WebSite","@id":"https:\/\/ticaret.edu.tr\/finans-ve-bankacilik\/en\/#website","url":"https:\/\/ticaret.edu.tr\/finans-ve-bankacilik\/en\/","name":"Finans ve Bankac\u0131l\u0131k","description":"","potentialAction":[{"@type":"SearchAction","target":{"@type":"EntryPoint","urlTemplate":"https:\/\/ticaret.edu.tr\/finans-ve-bankacilik\/en\/?s={search_term_string}"},"query-input":"required name=search_term_string"}],"inLanguage":"tr"}]}},"lang":"tr","translations":{"en":1487,"tr":1479},"pll_sync_post":[],"_links":{"self":[{"href":"http:\/\/ticaret.edu.tr\/finans-ve-bankacilik\/wp-json\/wp\/v2\/pages\/1479"}],"collection":[{"href":"http:\/\/ticaret.edu.tr\/finans-ve-bankacilik\/wp-json\/wp\/v2\/pages"}],"about":[{"href":"http:\/\/ticaret.edu.tr\/finans-ve-bankacilik\/wp-json\/wp\/v2\/types\/page"}],"author":[{"embeddable":true,"href":"http:\/\/ticaret.edu.tr\/finans-ve-bankacilik\/wp-json\/wp\/v2\/users\/98"}],"replies":[{"embeddable":true,"href":"http:\/\/ticaret.edu.tr\/finans-ve-bankacilik\/wp-json\/wp\/v2\/comments?post=1479"}],"version-history":[{"count":5,"href":"http:\/\/ticaret.edu.tr\/finans-ve-bankacilik\/wp-json\/wp\/v2\/pages\/1479\/revisions"}],"predecessor-version":[{"id":2143,"href":"http:\/\/ticaret.edu.tr\/finans-ve-bankacilik\/wp-json\/wp\/v2\/pages\/1479\/revisions\/2143"}],"wp:attachment":[{"href":"http:\/\/ticaret.edu.tr\/finans-ve-bankacilik\/wp-json\/wp\/v2\/media?parent=1479"}],"curies":[{"name":"wp","href":"https:\/\/api.w.org\/{rel}","templated":true}]}}