{"id":1502,"date":"2025-01-26T22:11:03","date_gmt":"2025-01-26T19:11:03","guid":{"rendered":"https:\/\/ticaret.edu.tr\/finans-ve-bankacilik\/?page_id=1502"},"modified":"2025-10-22T16:30:52","modified_gmt":"2025-10-22T13:30:52","slug":"scientific-events","status":"publish","type":"page","link":"http:\/\/ticaret.edu.tr\/finans-ve-bankacilik\/en\/scientific-events\/","title":{"rendered":"SCIENTIFIC EVENTS"},"content":{"rendered":"<p data-start=\"0\" data-end=\"93\"><strong data-start=\"0\" data-end=\"91\">You can access the scientific activities of our academic staff through the links below:<\/strong><\/p>\n<div class=\"_tableContainer_1rjym_1\">\n<div class=\"group _tableWrapper_1rjym_13 flex w-fit flex-col-reverse\">\n<table class=\"w-fit min-w-(--thread-content-width)\" data-start=\"95\" data-end=\"1127\" data-is-last-node=\"\" data-is-only-node=\"\">\n<thead data-start=\"95\" data-end=\"152\">\n<tr data-start=\"95\" data-end=\"152\">\n<th data-start=\"95\" data-end=\"116\" data-col-size=\"sm\"><strong data-start=\"97\" data-end=\"115\">Faculty Member<\/strong><\/th>\n<th data-start=\"116\" data-end=\"152\" data-col-size=\"md\"><strong data-start=\"118\" data-end=\"148\">Scientific Activities Page<\/strong><\/th>\n<\/tr>\n<\/thead>\n<tbody data-start=\"212\" data-end=\"1127\" data-is-last-node=\"\">\n<tr data-start=\"212\" data-end=\"359\">\n<td data-start=\"212\" data-end=\"237\" data-col-size=\"sm\">Prof. Dr. Hicabi Ersoy<\/td>\n<td data-col-size=\"md\" data-start=\"237\" data-end=\"359\"><a class=\"decorated-link\" href=\"https:\/\/avesis.ticaret.edu.tr\/hersoy\/bilimselfaaliyetler\" target=\"_new\" rel=\"noopener\" data-start=\"239\" data-end=\"355\">https:\/\/avesis.ticaret.edu.tr\/hersoy\/bilimselfaaliyetler<\/a><\/td>\n<\/tr>\n<tr data-start=\"360\" data-end=\"513\">\n<td data-start=\"360\" data-end=\"389\" data-col-size=\"sm\">Prof. Dr. Ali Osman G\u00fcrb\u00fcz<\/td>\n<td data-col-size=\"md\" data-start=\"389\" data-end=\"513\"><a class=\"decorated-link\" href=\"https:\/\/avesis.ticaret.edu.tr\/ogurbuz\/bilimselfaaliyetler\" target=\"_new\" rel=\"noopener\" data-start=\"391\" data-end=\"509\">https:\/\/avesis.ticaret.edu.tr\/ogurbuz\/bilimselfaaliyetler<\/a><\/td>\n<\/tr>\n<tr data-start=\"514\" data-end=\"667\">\n<td data-start=\"514\" data-end=\"541\" data-col-size=\"sm\">Prof. Dr. Serkan \u00c7ankaya<\/td>\n<td data-col-size=\"md\" data-start=\"541\" data-end=\"667\"><a class=\"decorated-link\" href=\"https:\/\/avesis.ticaret.edu.tr\/scankaya\/bilimselfaaliyetler\" target=\"_new\" rel=\"noopener\" data-start=\"543\" data-end=\"663\">https:\/\/avesis.ticaret.edu.tr\/scankaya\/bilimselfaaliyetler<\/a><\/td>\n<\/tr>\n<tr data-start=\"668\" data-end=\"817\">\n<td data-start=\"668\" data-end=\"693\" data-col-size=\"sm\">Prof. Dr. Recep Bildik<\/td>\n<td data-col-size=\"md\" data-start=\"693\" data-end=\"817\"><a class=\"decorated-link\" href=\"https:\/\/avesis.ticaret.edu.tr\/rbildik\/bilimselfaaliyetler\" target=\"_new\" rel=\"noopener\" data-start=\"695\" data-end=\"813\">https:\/\/avesis.ticaret.edu.tr\/rbildik\/bilimselfaaliyetler<\/a><\/td>\n<\/tr>\n<tr data-start=\"818\" data-end=\"973\">\n<td data-start=\"818\" data-end=\"845\" data-col-size=\"sm\">Prof. Dr. S\u0131tk\u0131 S\u00f6nmezer<\/td>\n<td data-col-size=\"md\" data-start=\"845\" data-end=\"973\"><a class=\"decorated-link\" href=\"https:\/\/avesis.ticaret.edu.tr\/ssonmezer\/bilimselfaaliyetler\" target=\"_new\" rel=\"noopener\" data-start=\"847\" data-end=\"969\">https:\/\/avesis.ticaret.edu.tr\/ssonmezer\/bilimselfaaliyetler<\/a><\/td>\n<\/tr>\n<tr data-start=\"974\" data-end=\"1127\" data-is-last-node=\"\">\n<td data-start=\"974\" data-end=\"1003\" data-col-size=\"sm\">Res. Asst. Dr. O\u011fuz \u015eim\u015fek<\/td>\n<td data-col-size=\"md\" data-start=\"1003\" data-end=\"1127\" data-is-last-node=\"\"><a class=\"decorated-link\" href=\"https:\/\/avesis.ticaret.edu.tr\/osimsek\/bilimselfaaliyetler\" target=\"_new\" rel=\"noopener\" data-start=\"1005\" data-end=\"1123\">https:\/\/avesis.ticaret.edu.tr\/osimsek\/bilimselfaaliyetler<\/a><\/td>\n<\/tr>\n<\/tbody>\n<\/table>\n<\/div>\n<\/div>\n","protected":false},"excerpt":{"rendered":"<p>You can access the scientific activities of our academic staff through the links below: Faculty Member Scientific Activities Page Prof. Dr. Hicabi Ersoy https:\/\/avesis.ticaret.edu.tr\/hersoy\/bilimselfaaliyetler Prof. Dr. Ali Osman G\u00fcrb\u00fcz https:\/\/avesis.ticaret.edu.tr\/ogurbuz\/bilimselfaaliyetler Prof. Dr. Serkan \u00c7ankaya https:\/\/avesis.ticaret.edu.tr\/scankaya\/bilimselfaaliyetler Prof. Dr. Recep Bildik https:\/\/avesis.ticaret.edu.tr\/rbildik\/bilimselfaaliyetler Prof. Dr. S\u0131tk\u0131 S\u00f6nmezer https:\/\/avesis.ticaret.edu.tr\/ssonmezer\/bilimselfaaliyetler Res. Asst. Dr. O\u011fuz \u015eim\u015fek https:\/\/avesis.ticaret.edu.tr\/osimsek\/bilimselfaaliyetler<\/p>\n","protected":false},"author":98,"featured_media":0,"parent":0,"menu_order":0,"comment_status":"closed","ping_status":"closed","template":"genel_sayfa.php","meta":{"footnotes":""},"yoast_head":"<!-- This site is optimized with the Yoast SEO Premium plugin v22.1 (Yoast SEO v22.1) - https:\/\/yoast.com\/wordpress\/plugins\/seo\/ -->\n<title>SCIENTIFIC EVENTS - Finans ve Bankac\u0131l\u0131k<\/title>\n<meta name=\"robots\" content=\"index, follow, max-snippet:-1, max-image-preview:large, max-video-preview:-1\" \/>\n<link rel=\"canonical\" href=\"http:\/\/ticaret.edu.tr\/finans-ve-bankacilik\/en\/scientific-events\/\" \/>\n<meta property=\"og:locale\" content=\"tr_TR\" \/>\n<meta property=\"og:type\" content=\"article\" \/>\n<meta property=\"og:title\" content=\"SCIENTIFIC EVENTS\" \/>\n<meta property=\"og:description\" content=\"You can access the scientific activities of our academic staff through the links below: Faculty Member Scientific Activities Page Prof. Dr. Hicabi Ersoy https:\/\/avesis.ticaret.edu.tr\/hersoy\/bilimselfaaliyetler Prof. Dr. Ali Osman G\u00fcrb\u00fcz https:\/\/avesis.ticaret.edu.tr\/ogurbuz\/bilimselfaaliyetler Prof. Dr. Serkan \u00c7ankaya https:\/\/avesis.ticaret.edu.tr\/scankaya\/bilimselfaaliyetler Prof. Dr. Recep Bildik https:\/\/avesis.ticaret.edu.tr\/rbildik\/bilimselfaaliyetler Prof. Dr. S\u0131tk\u0131 S\u00f6nmezer https:\/\/avesis.ticaret.edu.tr\/ssonmezer\/bilimselfaaliyetler Res. Asst. Dr. O\u011fuz \u015eim\u015fek https:\/\/avesis.ticaret.edu.tr\/osimsek\/bilimselfaaliyetler\" \/>\n<meta property=\"og:url\" content=\"http:\/\/ticaret.edu.tr\/finans-ve-bankacilik\/en\/scientific-events\/\" \/>\n<meta property=\"og:site_name\" content=\"Finans ve Bankac\u0131l\u0131k\" \/>\n<meta property=\"article:publisher\" content=\"https:\/\/www.facebook.com\/ticaretedutr\" \/>\n<meta property=\"article:modified_time\" content=\"2025-10-22T13:30:52+00:00\" \/>\n<meta property=\"og:image\" content=\"http:\/\/ticaret.edu.tr\/finans-ve-bankacilik\/wp-content\/uploads\/sites\/15\/2021\/11\/web_logo-01.jpg\" \/>\n\t<meta property=\"og:image:width\" content=\"1250\" \/>\n\t<meta property=\"og:image:height\" content=\"833\" \/>\n\t<meta property=\"og:image:type\" content=\"image\/jpeg\" \/>\n<meta name=\"twitter:card\" content=\"summary_large_image\" \/>\n<meta name=\"twitter:site\" content=\"@ticaretedutr\" \/>\n<script type=\"application\/ld+json\" class=\"yoast-schema-graph\">{\"@context\":\"https:\/\/schema.org\",\"@graph\":[{\"@type\":\"WebPage\",\"@id\":\"http:\/\/ticaret.edu.tr\/finans-ve-bankacilik\/en\/scientific-events\/\",\"url\":\"http:\/\/ticaret.edu.tr\/finans-ve-bankacilik\/en\/scientific-events\/\",\"name\":\"SCIENTIFIC EVENTS - Finans ve Bankac\u0131l\u0131k\",\"isPartOf\":{\"@id\":\"http:\/\/ticaret.edu.tr\/finans-ve-bankacilik\/#website\"},\"datePublished\":\"2025-01-26T19:11:03+00:00\",\"dateModified\":\"2025-10-22T13:30:52+00:00\",\"breadcrumb\":{\"@id\":\"http:\/\/ticaret.edu.tr\/finans-ve-bankacilik\/en\/scientific-events\/#breadcrumb\"},\"inLanguage\":\"tr\",\"potentialAction\":[{\"@type\":\"ReadAction\",\"target\":[\"http:\/\/ticaret.edu.tr\/finans-ve-bankacilik\/en\/scientific-events\/\"]}]},{\"@type\":\"BreadcrumbList\",\"@id\":\"http:\/\/ticaret.edu.tr\/finans-ve-bankacilik\/en\/scientific-events\/#breadcrumb\",\"itemListElement\":[{\"@type\":\"ListItem\",\"position\":1,\"name\":\"Ana sayfa\",\"item\":\"http:\/\/ticaret.edu.tr\/finans-ve-bankacilik\/\"},{\"@type\":\"ListItem\",\"position\":2,\"name\":\"SCIENTIFIC EVENTS\"}]},{\"@type\":\"WebSite\",\"@id\":\"http:\/\/ticaret.edu.tr\/finans-ve-bankacilik\/#website\",\"url\":\"http:\/\/ticaret.edu.tr\/finans-ve-bankacilik\/\",\"name\":\"Finans ve Bankac\u0131l\u0131k\",\"description\":\"\",\"potentialAction\":[{\"@type\":\"SearchAction\",\"target\":{\"@type\":\"EntryPoint\",\"urlTemplate\":\"http:\/\/ticaret.edu.tr\/finans-ve-bankacilik\/?s={search_term_string}\"},\"query-input\":\"required name=search_term_string\"}],\"inLanguage\":\"tr\"}]}<\/script>\n<!-- \/ Yoast SEO Premium plugin. -->","yoast_head_json":{"title":"SCIENTIFIC EVENTS - Finans ve Bankac\u0131l\u0131k","robots":{"index":"index","follow":"follow","max-snippet":"max-snippet:-1","max-image-preview":"max-image-preview:large","max-video-preview":"max-video-preview:-1"},"canonical":"http:\/\/ticaret.edu.tr\/finans-ve-bankacilik\/en\/scientific-events\/","og_locale":"tr_TR","og_type":"article","og_title":"SCIENTIFIC EVENTS","og_description":"You can access the scientific activities of our academic staff through the links below: Faculty Member Scientific Activities Page Prof. Dr. Hicabi Ersoy https:\/\/avesis.ticaret.edu.tr\/hersoy\/bilimselfaaliyetler Prof. Dr. Ali Osman G\u00fcrb\u00fcz https:\/\/avesis.ticaret.edu.tr\/ogurbuz\/bilimselfaaliyetler Prof. Dr. Serkan \u00c7ankaya https:\/\/avesis.ticaret.edu.tr\/scankaya\/bilimselfaaliyetler Prof. Dr. Recep Bildik https:\/\/avesis.ticaret.edu.tr\/rbildik\/bilimselfaaliyetler Prof. Dr. S\u0131tk\u0131 S\u00f6nmezer https:\/\/avesis.ticaret.edu.tr\/ssonmezer\/bilimselfaaliyetler Res. Asst. Dr. O\u011fuz \u015eim\u015fek https:\/\/avesis.ticaret.edu.tr\/osimsek\/bilimselfaaliyetler","og_url":"http:\/\/ticaret.edu.tr\/finans-ve-bankacilik\/en\/scientific-events\/","og_site_name":"Finans ve Bankac\u0131l\u0131k","article_publisher":"https:\/\/www.facebook.com\/ticaretedutr","article_modified_time":"2025-10-22T13:30:52+00:00","og_image":[{"width":1250,"height":833,"url":"http:\/\/ticaret.edu.tr\/finans-ve-bankacilik\/wp-content\/uploads\/sites\/15\/2021\/11\/web_logo-01.jpg","type":"image\/jpeg"}],"twitter_card":"summary_large_image","twitter_site":"@ticaretedutr","schema":{"@context":"https:\/\/schema.org","@graph":[{"@type":"WebPage","@id":"http:\/\/ticaret.edu.tr\/finans-ve-bankacilik\/en\/scientific-events\/","url":"http:\/\/ticaret.edu.tr\/finans-ve-bankacilik\/en\/scientific-events\/","name":"SCIENTIFIC EVENTS - Finans ve Bankac\u0131l\u0131k","isPartOf":{"@id":"http:\/\/ticaret.edu.tr\/finans-ve-bankacilik\/#website"},"datePublished":"2025-01-26T19:11:03+00:00","dateModified":"2025-10-22T13:30:52+00:00","breadcrumb":{"@id":"http:\/\/ticaret.edu.tr\/finans-ve-bankacilik\/en\/scientific-events\/#breadcrumb"},"inLanguage":"tr","potentialAction":[{"@type":"ReadAction","target":["http:\/\/ticaret.edu.tr\/finans-ve-bankacilik\/en\/scientific-events\/"]}]},{"@type":"BreadcrumbList","@id":"http:\/\/ticaret.edu.tr\/finans-ve-bankacilik\/en\/scientific-events\/#breadcrumb","itemListElement":[{"@type":"ListItem","position":1,"name":"Ana sayfa","item":"http:\/\/ticaret.edu.tr\/finans-ve-bankacilik\/"},{"@type":"ListItem","position":2,"name":"SCIENTIFIC EVENTS"}]},{"@type":"WebSite","@id":"http:\/\/ticaret.edu.tr\/finans-ve-bankacilik\/#website","url":"http:\/\/ticaret.edu.tr\/finans-ve-bankacilik\/","name":"Finans ve Bankac\u0131l\u0131k","description":"","potentialAction":[{"@type":"SearchAction","target":{"@type":"EntryPoint","urlTemplate":"http:\/\/ticaret.edu.tr\/finans-ve-bankacilik\/?s={search_term_string}"},"query-input":"required name=search_term_string"}],"inLanguage":"tr"}]}},"lang":"en","translations":{"en":1502,"tr":1465},"pll_sync_post":[],"_links":{"self":[{"href":"http:\/\/ticaret.edu.tr\/finans-ve-bankacilik\/wp-json\/wp\/v2\/pages\/1502"}],"collection":[{"href":"http:\/\/ticaret.edu.tr\/finans-ve-bankacilik\/wp-json\/wp\/v2\/pages"}],"about":[{"href":"http:\/\/ticaret.edu.tr\/finans-ve-bankacilik\/wp-json\/wp\/v2\/types\/page"}],"author":[{"embeddable":true,"href":"http:\/\/ticaret.edu.tr\/finans-ve-bankacilik\/wp-json\/wp\/v2\/users\/98"}],"replies":[{"embeddable":true,"href":"http:\/\/ticaret.edu.tr\/finans-ve-bankacilik\/wp-json\/wp\/v2\/comments?post=1502"}],"version-history":[{"count":2,"href":"http:\/\/ticaret.edu.tr\/finans-ve-bankacilik\/wp-json\/wp\/v2\/pages\/1502\/revisions"}],"predecessor-version":[{"id":2119,"href":"http:\/\/ticaret.edu.tr\/finans-ve-bankacilik\/wp-json\/wp\/v2\/pages\/1502\/revisions\/2119"}],"wp:attachment":[{"href":"http:\/\/ticaret.edu.tr\/finans-ve-bankacilik\/wp-json\/wp\/v2\/media?parent=1502"}],"curies":[{"name":"wp","href":"https:\/\/api.w.org\/{rel}","templated":true}]}}