{"id":1508,"date":"2025-01-26T22:11:00","date_gmt":"2025-01-26T19:11:00","guid":{"rendered":"https:\/\/ticaret.edu.tr\/finans-ve-bankacilik\/?page_id=1508"},"modified":"2025-02-14T09:25:33","modified_gmt":"2025-02-14T06:25:33","slug":"projects-incentives","status":"publish","type":"page","link":"http:\/\/ticaret.edu.tr\/finans-ve-bankacilik\/en\/projects-incentives\/","title":{"rendered":"PROJECTS \/ INCENTIVES"},"content":{"rendered":"<h2>Finance and Banking Department Seminar Series 2023<\/h2>\n<h4>Seminar Series -2-<\/h4>\n<p>Within the scope of the Seminar Series-2 of the Department of Finance and Banking, we hosted Prof. Dr. Geoge M. Constantinides from The University of Chicago Booth School of Business with a presentation titled &#8220;Sentiment, Production and Economic Growth&#8221; on March 7. Our seminar has been broadcasted live on our university Youtube channel.<\/p>\n<p>&nbsp;<\/p>\n<p><img loading=\"lazy\" decoding=\"async\" class=\"alignnone wp-image-1130 size-full\" src=\"http:\/\/ticaret.edu.tr\/finans-ve-bankacilik\/wp-content\/uploads\/sites\/15\/2023\/03\/image001-1.jpg\" alt=\"\" width=\"1080\" height=\"1080\" srcset=\"http:\/\/ticaret.edu.tr\/finans-ve-bankacilik\/wp-content\/uploads\/sites\/15\/2023\/03\/image001-1.jpg 1080w, http:\/\/ticaret.edu.tr\/finans-ve-bankacilik\/wp-content\/uploads\/sites\/15\/2023\/03\/image001-1-300x300.jpg 300w, http:\/\/ticaret.edu.tr\/finans-ve-bankacilik\/wp-content\/uploads\/sites\/15\/2023\/03\/image001-1-1024x1024.jpg 1024w, http:\/\/ticaret.edu.tr\/finans-ve-bankacilik\/wp-content\/uploads\/sites\/15\/2023\/03\/image001-1-150x150.jpg 150w, http:\/\/ticaret.edu.tr\/finans-ve-bankacilik\/wp-content\/uploads\/sites\/15\/2023\/03\/image001-1-768x768.jpg 768w\" sizes=\"(max-width: 1080px) 100vw, 1080px\" \/><\/p>\n<p>&nbsp;<\/p>\n<p>&nbsp;<\/p>\n<p>&nbsp;<\/p>\n<p>&nbsp;<\/p>\n<p>&#8212;&#8212;&#8212;&#8212;&#8212;&#8212;&#8212;&#8212;&#8212;&#8212;&#8212;&#8212;&#8212;&#8212;&#8212;&#8212;&#8212;&#8212;&#8212;&#8212;&#8212;&#8212;&#8212;&#8212;&#8212;&#8212;&#8212;&#8212;&#8212;&#8212;&#8212;&#8212;&#8212;&#8212;&#8212;&#8212;&#8212;&#8211;<\/p>\n<h4>Seminar Series -1-<\/h4>\n<p>As of 2023, we are starting the Istanbul Commerce University Finance and Banking department seminar series and invite you to our first seminar titled &#8220;IPOs and SPACs: Recent Developments&#8221; to be held on Monday, January 23 at 17:00 with the participation of the famous Professor Jay Ritter from the University of Florida.<\/p>\n<p><img loading=\"lazy\" decoding=\"async\" class=\"alignnone wp-image-1095 size-full\" src=\"http:\/\/ticaret.edu.tr\/finans-ve-bankacilik\/wp-content\/uploads\/sites\/15\/2023\/01\/twitter-ve-facebook-1.jpeg\" alt=\"\" width=\"1600\" height=\"899\" srcset=\"http:\/\/ticaret.edu.tr\/finans-ve-bankacilik\/wp-content\/uploads\/sites\/15\/2023\/01\/twitter-ve-facebook-1.jpeg 1600w, http:\/\/ticaret.edu.tr\/finans-ve-bankacilik\/wp-content\/uploads\/sites\/15\/2023\/01\/twitter-ve-facebook-1-300x169.jpeg 300w, http:\/\/ticaret.edu.tr\/finans-ve-bankacilik\/wp-content\/uploads\/sites\/15\/2023\/01\/twitter-ve-facebook-1-1024x575.jpeg 1024w, http:\/\/ticaret.edu.tr\/finans-ve-bankacilik\/wp-content\/uploads\/sites\/15\/2023\/01\/twitter-ve-facebook-1-768x432.jpeg 768w, http:\/\/ticaret.edu.tr\/finans-ve-bankacilik\/wp-content\/uploads\/sites\/15\/2023\/01\/twitter-ve-facebook-1-1536x863.jpeg 1536w\" sizes=\"(max-width: 1600px) 100vw, 1600px\" \/><\/p>\n<h2><\/h2>\n<h2><\/h2>\n<h2>Research, Project and Academic Activities Conducted by the Finance and Banking Department<\/h2>\n<p>In the academic years of 2019-2021, the academic staff of the Finance and Banking department completed a total of 22 academic studies both national and international. In the studies, subjects such as business finance, banking, digitalization, the impact of COVID-19 on financial markets and sustainability have been studied.<\/p>\n<p>Academic Studies by Faculty Members of Finance and Banking Department<\/p>\n<h4>Studies by Prof.Dr.Serkan \u00c7ankaya<\/h4>\n<p>&#8211; KILI\u00c7, E., \u00c7ANKAYA, S., (2020), Oil prices and economic activity in BRICS and G7 countries, Central European Journal of Operations Research, 28(4), 1315-1342<\/p>\n<p>&#8211; \u015e\u0130\u015eMAN, M. E., \u00c7ANKAYA, S., (2021), \u00c7evresel, Sosyal ve Kurumsal Y\u00f6neti\u015fim (ESG) Verilerinin Firmalar\u0131n Finansal Performans\u0131na Etkisi: Hava Yolu Sekt\u00f6r\u00fc \u00dczerine Bir \u00c7al\u0131\u015fma, \u00c7ukurova \u00dcniversitesi \u0130ktisadi ve \u0130dari Bilimler Fak\u00fcltesi Dergisi, 25(1), 73-91<\/p>\n<p>&#8211; \u00c7EV\u0130K, F., \u00c7ANKAYA, S., (2020), Geli\u015fmekte Olan \u00dclkelerde Borsa Getirileri, Net Yabanc\u0131 Al\u0131mlar\u0131 ve D\u00f6viz Kurlar\u0131 Aras\u0131ndaki \u0130li\u015fki, Bankac\u0131l\u0131k ve Sermaye Piyasas\u0131 Ara\u015ft\u0131rmalar\u0131 Dergisi, 4(9), 23-43<\/p>\n<p>&#8211; \u00c7ANKAYA, S., G\u00dc\u00c7VER, C., (2019), Borsa \u0130stanbul \u0130malat Sanayi Endeksine Kay\u0131tl\u0131 Firmalar\u0131n Finansal Risk Y\u00f6netimlerinde T\u00fcrev \u00dcr\u00fcn Kullan\u0131m\u0131n\u0131n Belirleyicileri, BDDK Bankac\u0131l\u0131k ve Finansal Piyasalar, 13(2), 185-213<\/p>\n<p>&#8211; \u00d6zaydin, O., &amp; \u00c7ankaya, S. (2020). VADEL\u0130 PAMUK EMT\u0130ASI GET\u0130R\u0130S\u0130 \u0130LE PAMUK REEL P\u0130YASA D\u0130NAM\u0130KLER\u0130N\u0130N ETK\u0130LE\u015e\u0130M\u0130. \u0130stanbul Ticaret \u00dcniversitesi Sosyal Bilimler Dergisi, 19(37), 733-767.<\/p>\n<h4>Studies by Prof.Dr. Ali Osman G\u00fcrb\u00fcz<\/h4>\n<p>&#8211; EREN, O., G\u00dcRB\u00dcZ, A. O., (2020), T\u00fcrkiye\u2019nin Se\u00e7ilmi\u015f \u00dclkeler ile Olan D\u0131\u015f Ticaretinin Belirleyicileri Ve Reel D\u00f6viz Kuru ile \u0130li\u015fkisi: Ekonometrik Bir Analiz, Maliye Finans Yaz\u0131lar\u0131, 2(114), 295-326<\/p>\n<p>&#8211; G\u00dcRB\u00dcZ, A. O., AYKA\u00c7 ALP, E., (2020), D\u00f6viz Kurunun Hane Halk\u0131 T\u00fcketim E\u011filimi \u00dczerine Etkisi: T\u00fcrkiye \u00d6rne\u011fi, Maliye Finans Yaz\u0131lar\u0131, 2(114), 263-294<\/p>\n<p>&#8211; G\u00dcRB\u00dcZ, A. O., ERDEM, A. N., (2021), Avrupa Piyasalar\u0131nda Do\u011fal Gaz Fiyat\u0131n\u0131n Petrol Fiyat\u0131 ile \u0130li\u015fkisi-S\u0131n\u0131r Testi Yakla\u015f\u0131m\u0131, Finans Ekonomi ve Sosyal Ara\u015ft\u0131rmalar Dergisi, 6(1), 123-134<\/p>\n<p>&#8211; ERSOY, H., G\u00dcRB\u00dcZ, A. O., FINDIK\u00c7I ERDO\u011eAN, M., (2020), Covid-19&#8217;un T\u00fcrk Bankac\u0131l\u0131k ve Finans Sekt\u00f6r\u00fc \u00dczerine Etkileri, Al\u0131nabilecek \u00d6nlemler, \u0130stanbul Ticaret \u00dcniversitesi Sosyal Bilimler Dergisi, 19(37), 146-173.<\/p>\n<h4>Studies by Assoc. Prof. Dr. Hicabi Ersoy<\/h4>\n<p>&#8211; ERSOY, H., G\u00dcRB\u00dcZ, A. O., FINDIK\u00c7I ERDO\u011eAN, M., (2020), COV\u0130D-19&#8217;UN T\u00dcRK BANKACILIK VE F\u0130NANS SEKT\u00d6R\u00dc \u00dcZER\u0130NE ETK\u0130LER\u0130, ALINAB\u0130LECEK \u00d6NLEMLER, \u0130stanbul Ticaret \u00dcniversitesi Sosyal Bilimler Dergisi, 1(37 (Covid-), 146-173<\/p>\n<p>&#8211; METE, S., KOY, A., ERSOY, H., (2019), Kriptoparalarda Fiyat Balonu \u0130ncelemesi, BDDK Bankac\u0131l\u0131k ve Finansal Piyasalar, 13(1), 105-120<\/p>\n<h4>Studies by Assoc. Prof. Dr. S\u0131tk\u0131 S\u00f6nmezer<\/h4>\n<p>&#8211; S\u00d6NMEZER, S., &amp; \u00c7EL\u0130K, \u0130. E. (2020). Traces of Gambling Tendencies in Equity Market Investments. Turkish Studies-Economics, Finance, Politics, 15(4), 2443-2453.<\/p>\n<h4>Studies by Assoc. Prof. Dr. Ayben Koy<\/h4>\n<p>&#8211; KOY, A., YAMAN, M., METE, S., (2021), KR\u0130PTO PARALARIN VOLAT\u0130L\u0130TE MODEL\u0130NDE ABD BORSA ENDEKSLER\u0130N\u0130N YER\u0130: B\u0130TCO\u0130N \u00dcZER\u0130NE B\u0130R UYGULAMA, Finansal Ara\u015ft\u0131rmalar ve \u00c7al\u0131\u015fmalar Dergisi, 13(24), 159-170<\/p>\n<p>&#8211; KOY, A., OKAY, G., (2020), Are Carbon Leader Indexes Related with Carbon Prices under Different Regimes?, International Journal of Energy Economics and Policy, 10(4), 1-7<\/p>\n<p>&#8211; Sefa, M. E. T. E., Ayben, K. O. Y., &amp; Ersoy, H. (2019). Kriptoparalarda fiyat balonu incelemesi. BDDK Bankac\u0131l\u0131k ve Finansal Piyasalar Dergisi, 13(1), 105-120.<\/p>\n<p>&#8211; ERDEM, K., KOY, A., AKDA\u011e, S., (2020), Pay Endekslerinde En Y\u00fcksek Fiyat Olu\u015fumu ile \u0130\u015flem Hacmi Aras\u0131ndaki \u0130li\u015fki: Do\u011frusal Analizler ve Frekans Alan\u0131 Nedensellik Analizi ile Kar\u015f\u0131la\u015ft\u0131rmal\u0131 Bir Yakla\u015f\u0131m, Uluslararas\u0131 Ekonomi ve Yenilik Dergisi, 6(2), 157-173<\/p>\n<h4>Studies by Faculty Member Dr. Vahit Ferhan Benli<\/h4>\n<p>&#8211; BENL\u0130, V. F., (2021), Structuring Key Credit Risk Parameters for Regulated Electric and Gas Utilities under Alternative Moody&#8217;s Rating Methodologies. A Case Study for a NG Distribution Utility, BDDK Bankac\u0131l\u0131k ve Finansal Piyasalar, 15(2), 1-29<\/p>\n<p>&#8211; ORHAN, A., BENL\u0130, V. F., CASTANHO, R. A., (2020), ASSESSING THE SYSTEMIC RISK BETWEEN AMERICAN AND EUROPEAN FINANCIAL SYSTEMS, Prague Economic Papers, 29(3), 1-26<\/p>\n<p>-BENLI, V. F., KARACAN, E. E., KARACAN, A. \u0130., (2021), Bankalarda Uygulacak Muhasebe ve Raporlama Standartlar\u0131, Tarihsel Bir G\u00f6zden Ge\u00e7irim, Banka ve Finans Hukuku Dergisi, 10(37), 25-87<\/p>\n<p>&#8211; BENL\u0130, V. F., KARACAN, A. \u0130., KARACAN, E. E., (2020), Bankac\u0131l\u0131kta Tekd\u00fczen Muhasebe Sisteminin Genel Bir De\u011ferlendirmesi, Banka ve Ticaret Hukuku Dergisi, 9(36), 1183-1187<\/p>\n<p>&#8211; KARACAN, A. \u0130., BENL\u0130, V. F., KARACAN, E. E., (2020), KAMUYA A\u00c7IKLAMA ARACI OLARAK BANKA YILLIK FAAL\u0130YET RAPORU, Banka ve Finans Hukuku Dergisi, 1(33), 0-78<\/p>\n<p>&#8211; KARACAN, E. E., BENL\u0130, V. F., KARACAN, A. \u0130., (2020), Bankac\u0131l\u0131kta \u015eeffafl\u0131k ve Kamuya A\u00e7\u0131klama \u00dczerine Bir \u0130nceleme, Banka ve Finans Hukuku Dergisi, 9(34), 379-517<\/p>\n<p>&nbsp;<\/p>\n<h2>10th Istanbul Finance Congress<\/h2>\n<p>The 10th Istanbul Finance Congress (IFK 2021) was held online on November 4, 2021, hosted by our university. Academicians, researchers and students from many countries attended the conference, where a total of 60 papers in Turkish and English were presented.<\/p>\n<p>The opening speeches were made by our rector Prof.Dr.Y\u00fccel O\u011furlu and as congress chairs, by Prof.Dr.Serkan \u00c7ankaya, our Head of Finance and Banking Department, and by Prof.Dr.Suat Teker from I\u015f\u0131k University.<\/p>\n<p>Following the opening speeches, keynote speaker speeches were made by Hakan Aran, General Manager of Turkey \u0130\u015e Bank, and Prof.Dr. from Zurich University. Thorsten Hens performed it.<\/p>\n<p>In the congress, where the Finance Institute and Finance and Banking Department of our university participated intensively, the faculty members of the Finance and Banking department participated with a total of 10 papers in Turkish and English.<\/p>\n<p>&nbsp;<\/p>\n<p>Studies by\u00a0<strong><a href=\"http:\/\/tubis.ticaret.edu.tr\/_Adek\/CV\/CV.aspx?adi=q5w7UH+bq2SD25kn1+DuFIGGL2UTGtVfALsaxwqaAjJYeCRH0K8XIITR1o5pddRMNHL4my8x8KRGC1jjg2tA2w==\">Prof. Dr. Serkan \u00c7ankaya<\/a>\u00a0<\/strong><\/p>\n<p><a href=\"http:\/\/www.pressacademia.org\/archives\/pap\/v14\/35.pdf\">Naeem, N., Cankaya, S., (2021). Does ESG performance affect the financial performance of environmentally sensitive industries? A comparison between emerging and developed markets. PressAcademia Procedia (PAP), 14, 135-136.<\/a><\/p>\n<p><a href=\"http:\/\/www.pressacademia.org\/archives\/pap\/v14\/46.pdf\">Baysan, Y., Cankaya, S., (2021). Effect of export credit insurance of Turk Eximbank on export: a study on Africa. PressAcademia Procedia (PAP), 14, 160-162.<\/a><\/p>\n<p><a href=\"http:\/\/www.pressacademia.org\/archives\/pap\/v14\/50.pdf\">Simsek, O., Cankaya, S., (2021). Examining the relationship between ESG scores and financial performance in banks: evidence from G8 Countries. PressAcademia Procedia (PAP), 14, 169-170.<\/a><\/p>\n<h4><\/h4>\n<h4>Studies by <strong><a href=\"http:\/\/tubis.ticaret.edu.tr\/_Adek\/CV\/CV.aspx?adi=t1or+cA4oaeeq6JG8NXo2gahC+5SryxwiWRkHmH3paTFsLVOyPJNEJeAp0Dhrf4xz0erin+1CHP7qUyWZ6lOng==\">Prof. Dr. Ali Osman G\u00fcrb\u00fcz<\/a>\u00a0<\/strong><\/h4>\n<p><a href=\"http:\/\/www.pressacademia.org\/archives\/pap\/v14\/12.pdf\">Kurban, D., Gurbuz, A.O., (2021), Impact of \u0131nitial public offering methods on loss and gain. PressAcademia Procedia (PAP), 14, 53-56.<\/a><\/p>\n<h4><\/h4>\n<h4>Studies by<strong><a href=\"http:\/\/tubis.ticaret.edu.tr\/_Adek\/CV\/CV.aspx?adi=A69QMoYoOU3rEzHqAzpzJjggeYOghdMJjDGahtPyS6MaOEizgyZCnZoHZ6XhEl62\">Assoc.Prof. Dr. Hicabi Ersoy<\/a>\u00a0<\/strong><\/h4>\n<p><a href=\"http:\/\/www.pressacademia.org\/archives\/pap\/v14\/38.pdf\">Ersoy, H., Musluoglu M., (2021). Sustainability and banking risks. PressAcademia Procedia (PAP), 14, 141-142.<\/a><\/p>\n<h4><\/h4>\n<h4>Studies by <strong><a href=\"http:\/\/tubis.ticaret.edu.tr\/_Adek\/CV\/CV.aspx?adi=XC03yqRfJrR+4t2guqrmN1rKIUZVkak7G0nEjg6He25qVJM9zcM0+6sKIdiurwoA\">Assoc.Prof. Dr. Ayben Koy<\/a>\u00a0<\/strong><\/h4>\n<p><a href=\"http:\/\/www.pressacademia.org\/archives\/pap\/v14\/23.pdf\">Licaj, E., Koy, A., (2021). The effects of Brexit on the UK capital markets. PressAcademia Procedia (PAP), 14, 108-109.<\/a><\/p>\n<p><a href=\"http:\/\/www.pressacademia.org\/archives\/pap\/v14\/43.pdf\">Yildirim, H., Koy, A., (2021). The effect of cryptocurrencies in portfolio management. PressAcademia Procedia (PAP), 14, 154-155.<\/a><\/p>\n<p><a href=\"http:\/\/www.pressacademia.org\/archives\/pap\/v14\/45.pdf\">Mentes, H., Koy, A., (2021). Multibubbles in Borsa Istanbul retail stocks during Covid-19 pandemic (2021). PressAcademia Procedia (PAP), 14, 158-159.<\/a><\/p>\n<h4><\/h4>\n<h4>Studies by <strong><a href=\"http:\/\/tubis.ticaret.edu.tr\/_Adek\/CV\/CV.aspx?adi=napY4bSjFgEBElAqZD0AguXxgGwa272gRGZhGqN5wJ2u+50BIx\/9FFPks3QV4kxA6dBvq834rUxwwy+SxDVAPg==\">Faculty Member Dr. Vahit Ferhan Benli<\/a>\u00a0<\/strong><\/h4>\n<p><a href=\"http:\/\/www.pressacademia.org\/archives\/pap\/v14\/22.pdf\">Thorsten, H.,Benli, V. F. (2021). Behavioral finance in the era of Covid-19. PressAcademia Procedia (PAP), 14, 106-107.<\/a><\/p>\n<p><a href=\"http:\/\/www.pressacademia.org\/archives\/pap\/v14\/30.pdf\">Benli, V. F., Yetgin, F. (2021). Structuring key credit risk parameters for regulated electric and gas utilities under alternative moody\u2019s rating methodologies: a case study for a natural gas distribution utility. PressAcademia Procedia (PAP), 14, 123-125.<\/a><\/p>\n","protected":false},"excerpt":{"rendered":"<p>Finance and Banking Department Seminar Series 2023 Seminar Series -2- Within the scope of the Seminar Series-2 of the Department of Finance and Banking, we hosted Prof. Dr. Geoge M. Constantinides from The University of Chicago Booth School of Business with a presentation titled &#8220;Sentiment, Production and Economic Growth&#8221; on March 7. Our seminar has [&hellip;]<\/p>\n","protected":false},"author":98,"featured_media":0,"parent":0,"menu_order":0,"comment_status":"closed","ping_status":"closed","template":"genel_sayfa.php","meta":{"footnotes":""},"yoast_head":"<!-- This site is optimized with the Yoast SEO Premium plugin v22.1 (Yoast SEO v22.1) - https:\/\/yoast.com\/wordpress\/plugins\/seo\/ -->\n<title>PROJECTS \/ INCENTIVES - Finans ve Bankac\u0131l\u0131k<\/title>\n<meta name=\"robots\" content=\"index, follow, max-snippet:-1, max-image-preview:large, max-video-preview:-1\" \/>\n<link rel=\"canonical\" href=\"https:\/\/ticaret.edu.tr\/finans-ve-bankacilik\/en\/projects-incentives\/\" \/>\n<meta property=\"og:locale\" content=\"tr_TR\" \/>\n<meta property=\"og:type\" content=\"article\" \/>\n<meta property=\"og:title\" content=\"PROJECTS \/ INCENTIVES\" \/>\n<meta property=\"og:description\" content=\"Finance and Banking Department Seminar Series 2023 Seminar Series -2- Within the scope of the Seminar Series-2 of the Department of Finance and Banking, we hosted Prof. Dr. Geoge M. Constantinides from The University of Chicago Booth School of Business with a presentation titled &#8220;Sentiment, Production and Economic Growth&#8221; on March 7. Our seminar has [&hellip;]\" \/>\n<meta property=\"og:url\" content=\"https:\/\/ticaret.edu.tr\/finans-ve-bankacilik\/en\/projects-incentives\/\" \/>\n<meta property=\"og:site_name\" content=\"Finans ve Bankac\u0131l\u0131k\" \/>\n<meta property=\"article:publisher\" content=\"https:\/\/www.facebook.com\/ticaretedutr\" \/>\n<meta property=\"article:modified_time\" content=\"2025-02-14T06:25:33+00:00\" \/>\n<meta property=\"og:image\" content=\"http:\/\/ticaret.edu.tr\/finans-ve-bankacilik\/wp-content\/uploads\/sites\/15\/2023\/03\/image001-1.jpg\" \/>\n<meta name=\"twitter:card\" content=\"summary_large_image\" \/>\n<meta name=\"twitter:site\" content=\"@ticaretedutr\" \/>\n<script type=\"application\/ld+json\" class=\"yoast-schema-graph\">{\"@context\":\"https:\/\/schema.org\",\"@graph\":[{\"@type\":\"WebPage\",\"@id\":\"https:\/\/ticaret.edu.tr\/finans-ve-bankacilik\/en\/projects-incentives\/\",\"url\":\"https:\/\/ticaret.edu.tr\/finans-ve-bankacilik\/en\/projects-incentives\/\",\"name\":\"PROJECTS \/ INCENTIVES - Finans ve Bankac\u0131l\u0131k\",\"isPartOf\":{\"@id\":\"http:\/\/ticaret.edu.tr\/finans-ve-bankacilik\/#website\"},\"datePublished\":\"2025-01-26T19:11:00+00:00\",\"dateModified\":\"2025-02-14T06:25:33+00:00\",\"breadcrumb\":{\"@id\":\"https:\/\/ticaret.edu.tr\/finans-ve-bankacilik\/en\/projects-incentives\/#breadcrumb\"},\"inLanguage\":\"tr\",\"potentialAction\":[{\"@type\":\"ReadAction\",\"target\":[\"https:\/\/ticaret.edu.tr\/finans-ve-bankacilik\/en\/projects-incentives\/\"]}]},{\"@type\":\"BreadcrumbList\",\"@id\":\"https:\/\/ticaret.edu.tr\/finans-ve-bankacilik\/en\/projects-incentives\/#breadcrumb\",\"itemListElement\":[{\"@type\":\"ListItem\",\"position\":1,\"name\":\"Ana sayfa\",\"item\":\"http:\/\/ticaret.edu.tr\/finans-ve-bankacilik\/\"},{\"@type\":\"ListItem\",\"position\":2,\"name\":\"PROJECTS \/ INCENTIVES\"}]},{\"@type\":\"WebSite\",\"@id\":\"http:\/\/ticaret.edu.tr\/finans-ve-bankacilik\/#website\",\"url\":\"http:\/\/ticaret.edu.tr\/finans-ve-bankacilik\/\",\"name\":\"Finans ve Bankac\u0131l\u0131k\",\"description\":\"\",\"potentialAction\":[{\"@type\":\"SearchAction\",\"target\":{\"@type\":\"EntryPoint\",\"urlTemplate\":\"http:\/\/ticaret.edu.tr\/finans-ve-bankacilik\/?s={search_term_string}\"},\"query-input\":\"required name=search_term_string\"}],\"inLanguage\":\"tr\"}]}<\/script>\n<!-- \/ Yoast SEO Premium plugin. -->","yoast_head_json":{"title":"PROJECTS \/ INCENTIVES - Finans ve Bankac\u0131l\u0131k","robots":{"index":"index","follow":"follow","max-snippet":"max-snippet:-1","max-image-preview":"max-image-preview:large","max-video-preview":"max-video-preview:-1"},"canonical":"https:\/\/ticaret.edu.tr\/finans-ve-bankacilik\/en\/projects-incentives\/","og_locale":"tr_TR","og_type":"article","og_title":"PROJECTS \/ INCENTIVES","og_description":"Finance and Banking Department Seminar Series 2023 Seminar Series -2- Within the scope of the Seminar Series-2 of the Department of Finance and Banking, we hosted Prof. Dr. Geoge M. Constantinides from The University of Chicago Booth School of Business with a presentation titled &#8220;Sentiment, Production and Economic Growth&#8221; on March 7. Our seminar has [&hellip;]","og_url":"https:\/\/ticaret.edu.tr\/finans-ve-bankacilik\/en\/projects-incentives\/","og_site_name":"Finans ve Bankac\u0131l\u0131k","article_publisher":"https:\/\/www.facebook.com\/ticaretedutr","article_modified_time":"2025-02-14T06:25:33+00:00","og_image":[{"url":"http:\/\/ticaret.edu.tr\/finans-ve-bankacilik\/wp-content\/uploads\/sites\/15\/2023\/03\/image001-1.jpg"}],"twitter_card":"summary_large_image","twitter_site":"@ticaretedutr","schema":{"@context":"https:\/\/schema.org","@graph":[{"@type":"WebPage","@id":"https:\/\/ticaret.edu.tr\/finans-ve-bankacilik\/en\/projects-incentives\/","url":"https:\/\/ticaret.edu.tr\/finans-ve-bankacilik\/en\/projects-incentives\/","name":"PROJECTS \/ INCENTIVES - Finans ve Bankac\u0131l\u0131k","isPartOf":{"@id":"http:\/\/ticaret.edu.tr\/finans-ve-bankacilik\/#website"},"datePublished":"2025-01-26T19:11:00+00:00","dateModified":"2025-02-14T06:25:33+00:00","breadcrumb":{"@id":"https:\/\/ticaret.edu.tr\/finans-ve-bankacilik\/en\/projects-incentives\/#breadcrumb"},"inLanguage":"tr","potentialAction":[{"@type":"ReadAction","target":["https:\/\/ticaret.edu.tr\/finans-ve-bankacilik\/en\/projects-incentives\/"]}]},{"@type":"BreadcrumbList","@id":"https:\/\/ticaret.edu.tr\/finans-ve-bankacilik\/en\/projects-incentives\/#breadcrumb","itemListElement":[{"@type":"ListItem","position":1,"name":"Ana sayfa","item":"http:\/\/ticaret.edu.tr\/finans-ve-bankacilik\/"},{"@type":"ListItem","position":2,"name":"PROJECTS \/ INCENTIVES"}]},{"@type":"WebSite","@id":"http:\/\/ticaret.edu.tr\/finans-ve-bankacilik\/#website","url":"http:\/\/ticaret.edu.tr\/finans-ve-bankacilik\/","name":"Finans ve Bankac\u0131l\u0131k","description":"","potentialAction":[{"@type":"SearchAction","target":{"@type":"EntryPoint","urlTemplate":"http:\/\/ticaret.edu.tr\/finans-ve-bankacilik\/?s={search_term_string}"},"query-input":"required name=search_term_string"}],"inLanguage":"tr"}]}},"lang":"en","translations":{"en":1508,"tr":1459},"pll_sync_post":[],"_links":{"self":[{"href":"http:\/\/ticaret.edu.tr\/finans-ve-bankacilik\/wp-json\/wp\/v2\/pages\/1508"}],"collection":[{"href":"http:\/\/ticaret.edu.tr\/finans-ve-bankacilik\/wp-json\/wp\/v2\/pages"}],"about":[{"href":"http:\/\/ticaret.edu.tr\/finans-ve-bankacilik\/wp-json\/wp\/v2\/types\/page"}],"author":[{"embeddable":true,"href":"http:\/\/ticaret.edu.tr\/finans-ve-bankacilik\/wp-json\/wp\/v2\/users\/98"}],"replies":[{"embeddable":true,"href":"http:\/\/ticaret.edu.tr\/finans-ve-bankacilik\/wp-json\/wp\/v2\/comments?post=1508"}],"version-history":[{"count":4,"href":"http:\/\/ticaret.edu.tr\/finans-ve-bankacilik\/wp-json\/wp\/v2\/pages\/1508\/revisions"}],"predecessor-version":[{"id":1879,"href":"http:\/\/ticaret.edu.tr\/finans-ve-bankacilik\/wp-json\/wp\/v2\/pages\/1508\/revisions\/1879"}],"wp:attachment":[{"href":"http:\/\/ticaret.edu.tr\/finans-ve-bankacilik\/wp-json\/wp\/v2\/media?parent=1508"}],"curies":[{"name":"wp","href":"https:\/\/api.w.org\/{rel}","templated":true}]}}