{"id":1585,"date":"2025-01-26T22:09:41","date_gmt":"2025-01-26T19:09:41","guid":{"rendered":"https:\/\/ticaret.edu.tr\/finans-ve-bankacilik\/?page_id=1585"},"modified":"2025-10-21T12:29:34","modified_gmt":"2025-10-21T09:29:34","slug":"department-boards-and-commissions","status":"publish","type":"page","link":"http:\/\/ticaret.edu.tr\/finans-ve-bankacilik\/en\/department-boards-and-commissions\/","title":{"rendered":"DEPARTMENT BOARDS AND COMMISSIONS"},"content":{"rendered":"<p>DEPARTMENT ADVISORY BOARD<\/p>\n<table>\n<thead>\n<tr>\n<th><strong>Title \/ Name-Surname<\/strong><\/th>\n<th><strong>Institution<\/strong><\/th>\n<th><strong>Position<\/strong><\/th>\n<\/tr>\n<\/thead>\n<tbody>\n<tr>\n<td>Assoc. Prof. Dr. Hicabi Ersoy<\/td>\n<td>\u0130stanbul Ticaret University<\/td>\n<td>Head of Department<\/td>\n<\/tr>\n<tr>\n<td>Prof. Dr. Ali Osman G\u00fcrb\u00fcz<\/td>\n<td>\u0130stanbul Ticaret University<\/td>\n<td>Faculty Member<\/td>\n<\/tr>\n<tr>\n<td>Prof. Dr. Salih Durer<\/td>\n<td>Y\u0131ld\u0131z Technical University<\/td>\n<td>External Academic Stakeholder<\/td>\n<\/tr>\n<tr>\n<td>Prof. Dr. Serkan \u00c7ankaya<\/td>\n<td>\u0130stanbul Ticaret University<\/td>\n<td>Faculty Member<\/td>\n<\/tr>\n<tr>\n<td>Assoc. Prof. Dr. Alaattin Ecer<\/td>\n<td>Capital Markets Board of Turkey<\/td>\n<td>Head of Research Department<\/td>\n<\/tr>\n<tr>\n<td>Mehmet Gerz<\/td>\n<td>Ata Portfolio Inc.<\/td>\n<td>General Manager<\/td>\n<\/tr>\n<tr>\n<td>Osman Bahri Turgut<\/td>\n<td>T. Garanti Bank Inc.<\/td>\n<td>Head of Audit Board<\/td>\n<\/tr>\n<tr>\n<td>O\u011fuz \u015eim\u015fek<\/td>\n<td>\u0130stanbul Ticaret University Research Assistant<\/td>\n<td>Department Quality Representative<\/td>\n<\/tr>\n<tr>\n<td>Amir Chomaev<\/td>\n<td>\u0130stanbul Ticaret University Student<\/td>\n<td>Department Student Representative<\/td>\n<\/tr>\n<\/tbody>\n<\/table>\n","protected":false},"excerpt":{"rendered":"<p>DEPARTMENT ADVISORY BOARD Title \/ Name-Surname Institution Position Assoc. Prof. Dr. Hicabi Ersoy \u0130stanbul Ticaret University Head of Department Prof. Dr. Ali Osman G\u00fcrb\u00fcz \u0130stanbul Ticaret University Faculty Member Prof. Dr. Salih Durer Y\u0131ld\u0131z Technical University External Academic Stakeholder Prof. Dr. Serkan \u00c7ankaya \u0130stanbul Ticaret University Faculty Member Assoc. Prof. Dr. Alaattin Ecer Capital Markets [&hellip;]<\/p>\n","protected":false},"author":98,"featured_media":0,"parent":0,"menu_order":0,"comment_status":"closed","ping_status":"closed","template":"genel_sayfa.php","meta":{"footnotes":""},"yoast_head":"<!-- This site is optimized with the Yoast SEO Premium plugin v22.1 (Yoast SEO v22.1) - https:\/\/yoast.com\/wordpress\/plugins\/seo\/ -->\n<title>DEPARTMENT BOARDS AND COMMISSIONS - Finans ve Bankac\u0131l\u0131k<\/title>\n<meta name=\"robots\" content=\"index, follow, max-snippet:-1, max-image-preview:large, max-video-preview:-1\" \/>\n<link rel=\"canonical\" href=\"https:\/\/ticaret.edu.tr\/finans-ve-bankacilik\/en\/department-boards-and-commissions\/\" \/>\n<meta property=\"og:locale\" content=\"tr_TR\" \/>\n<meta property=\"og:type\" content=\"article\" \/>\n<meta property=\"og:title\" content=\"DEPARTMENT BOARDS AND COMMISSIONS\" \/>\n<meta property=\"og:description\" content=\"DEPARTMENT ADVISORY BOARD Title \/ Name-Surname Institution Position Assoc. Prof. Dr. Hicabi Ersoy \u0130stanbul Ticaret University Head of Department Prof. Dr. Ali Osman G\u00fcrb\u00fcz \u0130stanbul Ticaret University Faculty Member Prof. Dr. Salih Durer Y\u0131ld\u0131z Technical University External Academic Stakeholder Prof. Dr. Serkan \u00c7ankaya \u0130stanbul Ticaret University Faculty Member Assoc. Prof. Dr. Alaattin Ecer Capital Markets [&hellip;]\" \/>\n<meta property=\"og:url\" content=\"https:\/\/ticaret.edu.tr\/finans-ve-bankacilik\/en\/department-boards-and-commissions\/\" \/>\n<meta property=\"og:site_name\" content=\"Finans ve Bankac\u0131l\u0131k\" \/>\n<meta property=\"article:publisher\" content=\"https:\/\/www.facebook.com\/ticaretedutr\" \/>\n<meta property=\"article:modified_time\" content=\"2025-10-21T09:29:34+00:00\" \/>\n<meta property=\"og:image\" content=\"http:\/\/ticaret.edu.tr\/finans-ve-bankacilik\/wp-content\/uploads\/sites\/15\/2021\/11\/web_logo-01.jpg\" \/>\n\t<meta property=\"og:image:width\" content=\"1250\" \/>\n\t<meta property=\"og:image:height\" content=\"833\" \/>\n\t<meta property=\"og:image:type\" content=\"image\/jpeg\" \/>\n<meta name=\"twitter:card\" content=\"summary_large_image\" \/>\n<meta name=\"twitter:site\" content=\"@ticaretedutr\" \/>\n<meta name=\"twitter:label1\" content=\"Tahmini okuma s\u00fcresi\" \/>\n\t<meta name=\"twitter:data1\" content=\"1 dakika\" \/>\n<script type=\"application\/ld+json\" class=\"yoast-schema-graph\">{\"@context\":\"https:\/\/schema.org\",\"@graph\":[{\"@type\":\"WebPage\",\"@id\":\"https:\/\/ticaret.edu.tr\/finans-ve-bankacilik\/en\/department-boards-and-commissions\/\",\"url\":\"https:\/\/ticaret.edu.tr\/finans-ve-bankacilik\/en\/department-boards-and-commissions\/\",\"name\":\"DEPARTMENT BOARDS AND COMMISSIONS - Finans ve Bankac\u0131l\u0131k\",\"isPartOf\":{\"@id\":\"http:\/\/ticaret.edu.tr\/finans-ve-bankacilik\/#website\"},\"datePublished\":\"2025-01-26T19:09:41+00:00\",\"dateModified\":\"2025-10-21T09:29:34+00:00\",\"breadcrumb\":{\"@id\":\"https:\/\/ticaret.edu.tr\/finans-ve-bankacilik\/en\/department-boards-and-commissions\/#breadcrumb\"},\"inLanguage\":\"tr\",\"potentialAction\":[{\"@type\":\"ReadAction\",\"target\":[\"https:\/\/ticaret.edu.tr\/finans-ve-bankacilik\/en\/department-boards-and-commissions\/\"]}]},{\"@type\":\"BreadcrumbList\",\"@id\":\"https:\/\/ticaret.edu.tr\/finans-ve-bankacilik\/en\/department-boards-and-commissions\/#breadcrumb\",\"itemListElement\":[{\"@type\":\"ListItem\",\"position\":1,\"name\":\"Ana sayfa\",\"item\":\"http:\/\/ticaret.edu.tr\/finans-ve-bankacilik\/\"},{\"@type\":\"ListItem\",\"position\":2,\"name\":\"DEPARTMENT BOARDS AND COMMISSIONS\"}]},{\"@type\":\"WebSite\",\"@id\":\"http:\/\/ticaret.edu.tr\/finans-ve-bankacilik\/#website\",\"url\":\"http:\/\/ticaret.edu.tr\/finans-ve-bankacilik\/\",\"name\":\"Finans ve Bankac\u0131l\u0131k\",\"description\":\"\",\"potentialAction\":[{\"@type\":\"SearchAction\",\"target\":{\"@type\":\"EntryPoint\",\"urlTemplate\":\"http:\/\/ticaret.edu.tr\/finans-ve-bankacilik\/?s={search_term_string}\"},\"query-input\":\"required name=search_term_string\"}],\"inLanguage\":\"tr\"}]}<\/script>\n<!-- \/ Yoast SEO Premium plugin. -->","yoast_head_json":{"title":"DEPARTMENT BOARDS AND COMMISSIONS - Finans ve Bankac\u0131l\u0131k","robots":{"index":"index","follow":"follow","max-snippet":"max-snippet:-1","max-image-preview":"max-image-preview:large","max-video-preview":"max-video-preview:-1"},"canonical":"https:\/\/ticaret.edu.tr\/finans-ve-bankacilik\/en\/department-boards-and-commissions\/","og_locale":"tr_TR","og_type":"article","og_title":"DEPARTMENT BOARDS AND COMMISSIONS","og_description":"DEPARTMENT ADVISORY BOARD Title \/ Name-Surname Institution Position Assoc. Prof. Dr. Hicabi Ersoy \u0130stanbul Ticaret University Head of Department Prof. Dr. Ali Osman G\u00fcrb\u00fcz \u0130stanbul Ticaret University Faculty Member Prof. Dr. Salih Durer Y\u0131ld\u0131z Technical University External Academic Stakeholder Prof. Dr. Serkan \u00c7ankaya \u0130stanbul Ticaret University Faculty Member Assoc. Prof. Dr. Alaattin Ecer Capital Markets [&hellip;]","og_url":"https:\/\/ticaret.edu.tr\/finans-ve-bankacilik\/en\/department-boards-and-commissions\/","og_site_name":"Finans ve Bankac\u0131l\u0131k","article_publisher":"https:\/\/www.facebook.com\/ticaretedutr","article_modified_time":"2025-10-21T09:29:34+00:00","og_image":[{"width":1250,"height":833,"url":"http:\/\/ticaret.edu.tr\/finans-ve-bankacilik\/wp-content\/uploads\/sites\/15\/2021\/11\/web_logo-01.jpg","type":"image\/jpeg"}],"twitter_card":"summary_large_image","twitter_site":"@ticaretedutr","twitter_misc":{"Tahmini okuma s\u00fcresi":"1 dakika"},"schema":{"@context":"https:\/\/schema.org","@graph":[{"@type":"WebPage","@id":"https:\/\/ticaret.edu.tr\/finans-ve-bankacilik\/en\/department-boards-and-commissions\/","url":"https:\/\/ticaret.edu.tr\/finans-ve-bankacilik\/en\/department-boards-and-commissions\/","name":"DEPARTMENT BOARDS AND COMMISSIONS - Finans ve Bankac\u0131l\u0131k","isPartOf":{"@id":"http:\/\/ticaret.edu.tr\/finans-ve-bankacilik\/#website"},"datePublished":"2025-01-26T19:09:41+00:00","dateModified":"2025-10-21T09:29:34+00:00","breadcrumb":{"@id":"https:\/\/ticaret.edu.tr\/finans-ve-bankacilik\/en\/department-boards-and-commissions\/#breadcrumb"},"inLanguage":"tr","potentialAction":[{"@type":"ReadAction","target":["https:\/\/ticaret.edu.tr\/finans-ve-bankacilik\/en\/department-boards-and-commissions\/"]}]},{"@type":"BreadcrumbList","@id":"https:\/\/ticaret.edu.tr\/finans-ve-bankacilik\/en\/department-boards-and-commissions\/#breadcrumb","itemListElement":[{"@type":"ListItem","position":1,"name":"Ana sayfa","item":"http:\/\/ticaret.edu.tr\/finans-ve-bankacilik\/"},{"@type":"ListItem","position":2,"name":"DEPARTMENT BOARDS AND COMMISSIONS"}]},{"@type":"WebSite","@id":"http:\/\/ticaret.edu.tr\/finans-ve-bankacilik\/#website","url":"http:\/\/ticaret.edu.tr\/finans-ve-bankacilik\/","name":"Finans ve Bankac\u0131l\u0131k","description":"","potentialAction":[{"@type":"SearchAction","target":{"@type":"EntryPoint","urlTemplate":"http:\/\/ticaret.edu.tr\/finans-ve-bankacilik\/?s={search_term_string}"},"query-input":"required name=search_term_string"}],"inLanguage":"tr"}]}},"lang":"en","translations":{"en":1585,"tr":1387},"pll_sync_post":[],"_links":{"self":[{"href":"http:\/\/ticaret.edu.tr\/finans-ve-bankacilik\/wp-json\/wp\/v2\/pages\/1585"}],"collection":[{"href":"http:\/\/ticaret.edu.tr\/finans-ve-bankacilik\/wp-json\/wp\/v2\/pages"}],"about":[{"href":"http:\/\/ticaret.edu.tr\/finans-ve-bankacilik\/wp-json\/wp\/v2\/types\/page"}],"author":[{"embeddable":true,"href":"http:\/\/ticaret.edu.tr\/finans-ve-bankacilik\/wp-json\/wp\/v2\/users\/98"}],"replies":[{"embeddable":true,"href":"http:\/\/ticaret.edu.tr\/finans-ve-bankacilik\/wp-json\/wp\/v2\/comments?post=1585"}],"version-history":[{"count":3,"href":"http:\/\/ticaret.edu.tr\/finans-ve-bankacilik\/wp-json\/wp\/v2\/pages\/1585\/revisions"}],"predecessor-version":[{"id":1973,"href":"http:\/\/ticaret.edu.tr\/finans-ve-bankacilik\/wp-json\/wp\/v2\/pages\/1585\/revisions\/1973"}],"wp:attachment":[{"href":"http:\/\/ticaret.edu.tr\/finans-ve-bankacilik\/wp-json\/wp\/v2\/media?parent=1585"}],"curies":[{"name":"wp","href":"https:\/\/api.w.org\/{rel}","templated":true}]}}