{"id":536,"date":"2022-01-04T09:27:14","date_gmt":"2022-01-04T06:27:14","guid":{"rendered":"https:\/\/ticaret.edu.tr\/finans-ve-bankacilik\/?page_id=536"},"modified":"2025-02-11T16:11:39","modified_gmt":"2025-02-11T13:11:39","slug":"department-chair-finance-and-banking","status":"publish","type":"page","link":"http:\/\/ticaret.edu.tr\/finans-ve-bankacilik\/en\/department-chair-finance-and-banking\/","title":{"rendered":"DEPARTMENT CHAIR"},"content":{"rendered":"<h3>Head of Finance and Banking Department<\/h3>\n<div id=\"attachment_291\" style=\"width: 310px\" class=\"wp-caption alignnone\"><img loading=\"lazy\" decoding=\"async\" aria-describedby=\"caption-attachment-291\" class=\"wp-image-291 size-full\" src=\"http:\/\/ticaret.edu.tr\/finans-ve-bankacilik\/wp-content\/uploads\/sites\/15\/2021\/04\/Prof.-Dr.-Serkan-\u00c7ankaya-.png\" alt=\"Finans ve Bankac\u0131l\u0131k B\u00f6l\u00fcm Ba\u015fkan\u0131 Prof.Dr.Serkan \u00c7ankaya\" width=\"300\" height=\"258\" aria-describedby=\"caption-attachment-291\" \/><p id=\"caption-attachment-291\" class=\"wp-caption-text\">Prof.Dr.Serkan \u00c7ankaya<\/p><\/div>\n<p><strong>Finance and Banking<\/strong> Department trains businessmen, banking and finance professionals and academics of the future. The strong academic staff of our department, in addition to undergraduate education, also continues postgraduate and undergraduate education within the scope of the Finance Institute of our university.<\/p>\n<p><strong>Finance<\/strong>, <strong>Banking<\/strong>, Capital Markets, Insurance and Risk Management areas of expertise are available within the body of the Finance Institute, which is the first and only in Turkey. Department&#8217;s academic staff with academic and industry experience train students by combining the innovative learning techniques of the age with practice and theory. Our department and academic staff are intertwined with the industry.<\/p>\n<p>Thanks to the special software developed in the &#8220;Branch Simulation and Application Laboratory&#8221; established in cooperation with Vak\u0131fbank, students are provided with a real banking experience in practice. The courses are given by faculty members who have long-term senior management experience in the sector.<\/p>\n<p>In addition, students who want to improve themselves in the field of Capital Markets receive training in the BISTLAB laboratory, which was established in cooperation with Borsa \u0130stanbul, through databases and statistical programs widely used in the sector such as Reuters Eikon, Matriks, EViews.<\/p>\n<p>In this way, students have the opportunity to implement capital market and banking applications before they even start their business life. In addition, our students are in direct contact with the founding will of the university, the Istanbul Chamber of Commerce (ITO) and the Financial Sector Committee. In this context, overseas education and travel opportunities are offered to our successful students. In addition, our students get job and internship opportunities in thousands of distinguished companies, both within the body of ITO and in ITO members.<\/p>\n<p>The language of instruction in our department has been English since 2020. The reason for this is to provide qualified workforce for the aim of integrating our students with international markets and making Istanbul an International Financial Center. As a department, seminars and workshops are organized in order to enable students to benefit from the experiences of international researchers and industry professionals.<\/p>\n<p>In addition, students who wish and fulfill the conditions have the opportunity to participate in the Frankfurt School of Finance &amp; Management summer school, one of the leading universities in Europe, on a contractual basis and gain experience.<\/p>\n<p>In order to catch up with the rapid change in national and international markets, we invite candidates who want to take part in the finance and banking sectors to the Finance Banking Department, the address where practice and theory combine.<\/p>\n<p>Prof. Dr. Serkan \u00c7ANKAYA<br \/>\nHead of department<\/p>\n<p>scankaya@ticaret.edu.tr<\/p>\n<p>444 0 413 \/ 4369<\/p>\n","protected":false},"excerpt":{"rendered":"<p>Head of Finance and Banking Department Finance and Banking Department trains businessmen, banking and finance professionals and academics of the future. The strong academic staff of our department, in addition to undergraduate education, also continues postgraduate and undergraduate education within the scope of the Finance Institute of our university. Finance, Banking, Capital Markets, Insurance and [&hellip;]<\/p>\n","protected":false},"author":149,"featured_media":0,"parent":0,"menu_order":0,"comment_status":"closed","ping_status":"closed","template":"genel_sayfa.php","meta":{"footnotes":""},"yoast_head":"<!-- This site is optimized with the Yoast SEO Premium plugin v22.1 (Yoast SEO v22.1) - https:\/\/yoast.com\/wordpress\/plugins\/seo\/ -->\n<title>DEPARTMENT CHAIR - Finans ve Bankac\u0131l\u0131k<\/title>\n<meta name=\"description\" content=\"Istanbul Ticaret University Head of Finance and Banking Department Professor Doctor Serkan \u00c7ankaya. Istanbul Commerce University\" \/>\n<meta name=\"robots\" content=\"index, follow, max-snippet:-1, max-image-preview:large, max-video-preview:-1\" \/>\n<link rel=\"canonical\" href=\"http:\/\/ticaret.edu.tr\/finans-ve-bankacilik\/en\/department-chair-finance-and-banking\/\" \/>\n<meta property=\"og:locale\" content=\"tr_TR\" \/>\n<meta property=\"og:type\" content=\"article\" \/>\n<meta property=\"og:title\" content=\"DEPARTMENT CHAIR\" \/>\n<meta property=\"og:description\" content=\"Istanbul Ticaret University Head of Finance and Banking Department Professor Doctor Serkan \u00c7ankaya. Istanbul Commerce University\" \/>\n<meta property=\"og:url\" content=\"http:\/\/ticaret.edu.tr\/finans-ve-bankacilik\/en\/department-chair-finance-and-banking\/\" \/>\n<meta property=\"og:site_name\" content=\"Finans ve Bankac\u0131l\u0131k\" \/>\n<meta property=\"article:publisher\" content=\"https:\/\/www.facebook.com\/ticaretedutr\" \/>\n<meta property=\"article:modified_time\" content=\"2025-02-11T13:11:39+00:00\" \/>\n<meta property=\"og:image\" content=\"http:\/\/ticaret.edu.tr\/finans-ve-bankacilik\/wp-content\/uploads\/sites\/15\/2021\/11\/web_logo-01.jpg\" \/>\n\t<meta property=\"og:image:width\" content=\"1250\" \/>\n\t<meta property=\"og:image:height\" content=\"833\" \/>\n\t<meta property=\"og:image:type\" content=\"image\/jpeg\" \/>\n<meta name=\"twitter:card\" content=\"summary_large_image\" \/>\n<meta name=\"twitter:site\" content=\"@ticaretedutr\" \/>\n<meta name=\"twitter:label1\" content=\"Tahmini okuma s\u00fcresi\" \/>\n\t<meta name=\"twitter:data1\" content=\"2 dakika\" \/>\n<script type=\"application\/ld+json\" class=\"yoast-schema-graph\">{\"@context\":\"https:\/\/schema.org\",\"@graph\":[{\"@type\":\"WebPage\",\"@id\":\"http:\/\/ticaret.edu.tr\/finans-ve-bankacilik\/en\/department-chair-finance-and-banking\/\",\"url\":\"http:\/\/ticaret.edu.tr\/finans-ve-bankacilik\/en\/department-chair-finance-and-banking\/\",\"name\":\"DEPARTMENT CHAIR - Finans ve Bankac\u0131l\u0131k\",\"isPartOf\":{\"@id\":\"https:\/\/ticaret.edu.tr\/finans-ve-bankacilik\/#website\"},\"datePublished\":\"2022-01-04T06:27:14+00:00\",\"dateModified\":\"2025-02-11T13:11:39+00:00\",\"description\":\"Istanbul Ticaret University Head of Finance and Banking Department Professor Doctor Serkan \u00c7ankaya. Istanbul Commerce University\",\"breadcrumb\":{\"@id\":\"http:\/\/ticaret.edu.tr\/finans-ve-bankacilik\/en\/department-chair-finance-and-banking\/#breadcrumb\"},\"inLanguage\":\"tr\",\"potentialAction\":[{\"@type\":\"ReadAction\",\"target\":[\"http:\/\/ticaret.edu.tr\/finans-ve-bankacilik\/en\/department-chair-finance-and-banking\/\"]}]},{\"@type\":\"BreadcrumbList\",\"@id\":\"http:\/\/ticaret.edu.tr\/finans-ve-bankacilik\/en\/department-chair-finance-and-banking\/#breadcrumb\",\"itemListElement\":[{\"@type\":\"ListItem\",\"position\":1,\"name\":\"Ana sayfa\",\"item\":\"https:\/\/ticaret.edu.tr\/finans-ve-bankacilik\/\"},{\"@type\":\"ListItem\",\"position\":2,\"name\":\"DEPARTMENT CHAIR\"}]},{\"@type\":\"WebSite\",\"@id\":\"https:\/\/ticaret.edu.tr\/finans-ve-bankacilik\/#website\",\"url\":\"https:\/\/ticaret.edu.tr\/finans-ve-bankacilik\/\",\"name\":\"Finans ve Bankac\u0131l\u0131k\",\"description\":\"\",\"potentialAction\":[{\"@type\":\"SearchAction\",\"target\":{\"@type\":\"EntryPoint\",\"urlTemplate\":\"https:\/\/ticaret.edu.tr\/finans-ve-bankacilik\/?s={search_term_string}\"},\"query-input\":\"required name=search_term_string\"}],\"inLanguage\":\"tr\"}]}<\/script>\n<!-- \/ Yoast SEO Premium plugin. -->","yoast_head_json":{"title":"DEPARTMENT CHAIR - Finans ve Bankac\u0131l\u0131k","description":"Istanbul Ticaret University Head of Finance and Banking Department Professor Doctor Serkan \u00c7ankaya. Istanbul Commerce University","robots":{"index":"index","follow":"follow","max-snippet":"max-snippet:-1","max-image-preview":"max-image-preview:large","max-video-preview":"max-video-preview:-1"},"canonical":"http:\/\/ticaret.edu.tr\/finans-ve-bankacilik\/en\/department-chair-finance-and-banking\/","og_locale":"tr_TR","og_type":"article","og_title":"DEPARTMENT CHAIR","og_description":"Istanbul Ticaret University Head of Finance and Banking Department Professor Doctor Serkan \u00c7ankaya. Istanbul Commerce University","og_url":"http:\/\/ticaret.edu.tr\/finans-ve-bankacilik\/en\/department-chair-finance-and-banking\/","og_site_name":"Finans ve Bankac\u0131l\u0131k","article_publisher":"https:\/\/www.facebook.com\/ticaretedutr","article_modified_time":"2025-02-11T13:11:39+00:00","og_image":[{"width":1250,"height":833,"url":"http:\/\/ticaret.edu.tr\/finans-ve-bankacilik\/wp-content\/uploads\/sites\/15\/2021\/11\/web_logo-01.jpg","type":"image\/jpeg"}],"twitter_card":"summary_large_image","twitter_site":"@ticaretedutr","twitter_misc":{"Tahmini okuma s\u00fcresi":"2 dakika"},"schema":{"@context":"https:\/\/schema.org","@graph":[{"@type":"WebPage","@id":"http:\/\/ticaret.edu.tr\/finans-ve-bankacilik\/en\/department-chair-finance-and-banking\/","url":"http:\/\/ticaret.edu.tr\/finans-ve-bankacilik\/en\/department-chair-finance-and-banking\/","name":"DEPARTMENT CHAIR - Finans ve Bankac\u0131l\u0131k","isPartOf":{"@id":"https:\/\/ticaret.edu.tr\/finans-ve-bankacilik\/#website"},"datePublished":"2022-01-04T06:27:14+00:00","dateModified":"2025-02-11T13:11:39+00:00","description":"Istanbul Ticaret University Head of Finance and Banking Department Professor Doctor Serkan \u00c7ankaya. Istanbul Commerce University","breadcrumb":{"@id":"http:\/\/ticaret.edu.tr\/finans-ve-bankacilik\/en\/department-chair-finance-and-banking\/#breadcrumb"},"inLanguage":"tr","potentialAction":[{"@type":"ReadAction","target":["http:\/\/ticaret.edu.tr\/finans-ve-bankacilik\/en\/department-chair-finance-and-banking\/"]}]},{"@type":"BreadcrumbList","@id":"http:\/\/ticaret.edu.tr\/finans-ve-bankacilik\/en\/department-chair-finance-and-banking\/#breadcrumb","itemListElement":[{"@type":"ListItem","position":1,"name":"Ana sayfa","item":"https:\/\/ticaret.edu.tr\/finans-ve-bankacilik\/"},{"@type":"ListItem","position":2,"name":"DEPARTMENT CHAIR"}]},{"@type":"WebSite","@id":"https:\/\/ticaret.edu.tr\/finans-ve-bankacilik\/#website","url":"https:\/\/ticaret.edu.tr\/finans-ve-bankacilik\/","name":"Finans ve Bankac\u0131l\u0131k","description":"","potentialAction":[{"@type":"SearchAction","target":{"@type":"EntryPoint","urlTemplate":"https:\/\/ticaret.edu.tr\/finans-ve-bankacilik\/?s={search_term_string}"},"query-input":"required name=search_term_string"}],"inLanguage":"tr"}]}},"lang":"en","translations":{"en":536,"tr":7},"pll_sync_post":[],"_links":{"self":[{"href":"http:\/\/ticaret.edu.tr\/finans-ve-bankacilik\/wp-json\/wp\/v2\/pages\/536"}],"collection":[{"href":"http:\/\/ticaret.edu.tr\/finans-ve-bankacilik\/wp-json\/wp\/v2\/pages"}],"about":[{"href":"http:\/\/ticaret.edu.tr\/finans-ve-bankacilik\/wp-json\/wp\/v2\/types\/page"}],"author":[{"embeddable":true,"href":"http:\/\/ticaret.edu.tr\/finans-ve-bankacilik\/wp-json\/wp\/v2\/users\/149"}],"replies":[{"embeddable":true,"href":"http:\/\/ticaret.edu.tr\/finans-ve-bankacilik\/wp-json\/wp\/v2\/comments?post=536"}],"version-history":[{"count":5,"href":"http:\/\/ticaret.edu.tr\/finans-ve-bankacilik\/wp-json\/wp\/v2\/pages\/536\/revisions"}],"predecessor-version":[{"id":593,"href":"http:\/\/ticaret.edu.tr\/finans-ve-bankacilik\/wp-json\/wp\/v2\/pages\/536\/revisions\/593"}],"wp:attachment":[{"href":"http:\/\/ticaret.edu.tr\/finans-ve-bankacilik\/wp-json\/wp\/v2\/media?parent=536"}],"curies":[{"name":"wp","href":"https:\/\/api.w.org\/{rel}","templated":true}]}}