{"id":9,"date":"2020-05-03T12:43:26","date_gmt":"2020-05-03T09:43:26","guid":{"rendered":"http:\/\/ticaret.edu.tr\/fb\/?page_id=9"},"modified":"2026-02-18T19:50:38","modified_gmt":"2026-02-18T16:50:38","slug":"mufredat","status":"publish","type":"page","link":"http:\/\/ticaret.edu.tr\/finans-ve-bankacilik\/mufredat\/","title":{"rendered":"M\u00dcFREDAT"},"content":{"rendered":"<p><strong>Bankac\u0131l\u0131k ve Finans B\u00f6l\u00fcm\u00fc M\u00fcfredat\u0131<\/strong><\/p>\n<p><a href=\"http:\/\/ticaret.edu.tr\/fb\/wp-content\/uploads\/sites\/15\/2021\/10\/2021-2022-Bankacilik-ve-Finans-Bolumu-Mufredati-1.pdf\">2021-2022 Akademik Y\u0131l\u0131 Bankac\u0131l\u0131k ve Finans (%30 \u0130ngilizce) B\u00f6l\u00fcm\u00fc M\u00fcfredat\u0131<\/a><\/p>\n<p><a href=\"http:\/\/ticaret.edu.tr\/finans-ve-bankacilik\/wp-content\/uploads\/sites\/15\/2023\/10\/2023-2024-Akademik-Yili-Bankacilik-ve-Finans-30-Ingilizce-Mufredat-Dosyasi.pdf\">2023-2024 Akademik Y\u0131l\u0131 Bankac\u0131l\u0131k ve Finans (%30 \u0130ngilizce) M\u00fcfredat Dosyas\u0131<\/a><\/p>\n<p><strong>Finans ve Bankac\u0131l\u0131k Lisans Program\u0131 M\u00fcfredat\u0131<\/strong><\/p>\n<p><a href=\"http:\/\/ticaret.edu.tr\/fb\/wp-content\/uploads\/sites\/15\/2021\/10\/2021-2022-Finans-ve-Bankacilik-Bolumu-Mufredati-3.pdf\">2021-2022 Akademik Y\u0131l\u0131 Finans ve Bankac\u0131l\u0131k (\u0130ngilizce) B\u00f6l\u00fcm\u00fc M\u00fcfredat\u0131<\/a><\/p>\n<p><a href=\"http:\/\/ticaret.edu.tr\/finans-ve-bankacilik\/wp-content\/uploads\/sites\/15\/2023\/10\/2023-2024-Akademik-Yili-Finans-ve-Bankacilik-Ingilizce-Mufredat-Dosyasi.pdf\">2023-2024 Akademik Y\u0131l\u0131 Finans ve Bankac\u0131l\u0131k (\u0130ngilizce) M\u00fcfredat Dosyas\u0131<\/a><\/p>\n<p><a href=\"http:\/\/ticaret.edu.tr\/finans-ve-bankacilik\/wp-content\/uploads\/sites\/15\/2024\/10\/2024-2025-Akademik-Yili-Finans-ve-Bankacilik-Ingilizce-Mufredati.pdf\">2024-2025 Akademik Y\u0131l\u0131 Finans ve Bankac\u0131l\u0131k (\u0130ngilizce) M\u00fcfredat Dosyas\u0131<\/a><\/p>\n<p><a href=\"http:\/\/ticaret.edu.tr\/finans-ve-bankacilik\/wp-content\/uploads\/sites\/15\/2026\/02\/Finans-ve-Bankacilik-Bolumu-2025-2026-Mufredati.pdf\">2025-2026 Akademik Y\u0131l\u0131 Finans ve Bankac\u0131l\u0131k (\u0130ngilizce) M\u00fcfredat Dosyas\u0131<\/a><\/p>\n<p>&nbsp;<\/p>\n","protected":false},"excerpt":{"rendered":"<p>Bankac\u0131l\u0131k ve Finans B\u00f6l\u00fcm\u00fc M\u00fcfredat\u0131 2021-2022 Akademik Y\u0131l\u0131 Bankac\u0131l\u0131k ve Finans (%30 \u0130ngilizce) B\u00f6l\u00fcm\u00fc M\u00fcfredat\u0131 2023-2024 Akademik Y\u0131l\u0131 Bankac\u0131l\u0131k ve Finans (%30 \u0130ngilizce) M\u00fcfredat Dosyas\u0131 Finans ve Bankac\u0131l\u0131k Lisans Program\u0131 M\u00fcfredat\u0131 2021-2022 Akademik Y\u0131l\u0131 Finans ve Bankac\u0131l\u0131k (\u0130ngilizce) B\u00f6l\u00fcm\u00fc M\u00fcfredat\u0131 2023-2024 Akademik Y\u0131l\u0131 Finans ve Bankac\u0131l\u0131k (\u0130ngilizce) M\u00fcfredat Dosyas\u0131 2024-2025 Akademik Y\u0131l\u0131 Finans ve Bankac\u0131l\u0131k [&hellip;]<\/p>\n","protected":false},"author":1,"featured_media":0,"parent":0,"menu_order":0,"comment_status":"closed","ping_status":"closed","template":"genel_sayfa.php","meta":{"footnotes":""},"yoast_head":"<!-- This site is optimized with the Yoast SEO Premium plugin v22.1 (Yoast SEO v22.1) - https:\/\/yoast.com\/wordpress\/plugins\/seo\/ -->\n<title>M\u00dcFREDAT - Finans ve Bankac\u0131l\u0131k<\/title>\n<meta name=\"description\" content=\"\u0130stanbul Ticaret \u00dcniversitesi Bankac\u0131l\u0131k ve Finans B\u00f6l\u00fcm\u00fc ile Finans ve Bankac\u0131l\u0131k B\u00f6l\u00fcm\u00fc M\u00fcfredatlar\u0131 2021-2022\" \/>\n<meta name=\"robots\" content=\"index, follow, max-snippet:-1, max-image-preview:large, max-video-preview:-1\" \/>\n<link rel=\"canonical\" href=\"http:\/\/ticaret.edu.tr\/finans-ve-bankacilik\/mufredat\/\" \/>\n<meta property=\"og:locale\" content=\"tr_TR\" \/>\n<meta property=\"og:type\" content=\"article\" \/>\n<meta property=\"og:title\" content=\"M\u00dcFREDAT\" \/>\n<meta property=\"og:description\" content=\"\u0130stanbul Ticaret \u00dcniversitesi Bankac\u0131l\u0131k ve Finans B\u00f6l\u00fcm\u00fc ile Finans ve Bankac\u0131l\u0131k B\u00f6l\u00fcm\u00fc M\u00fcfredatlar\u0131 2021-2022\" \/>\n<meta property=\"og:url\" content=\"http:\/\/ticaret.edu.tr\/finans-ve-bankacilik\/mufredat\/\" \/>\n<meta property=\"og:site_name\" content=\"Finans ve Bankac\u0131l\u0131k\" \/>\n<meta property=\"article:publisher\" content=\"https:\/\/www.facebook.com\/ticaretedutr\" \/>\n<meta property=\"article:modified_time\" content=\"2026-02-18T16:50:38+00:00\" \/>\n<meta property=\"og:image\" content=\"http:\/\/ticaret.edu.tr\/finans-ve-bankacilik\/wp-content\/uploads\/sites\/15\/2021\/11\/web_logo-01.jpg\" \/>\n\t<meta property=\"og:image:width\" content=\"1250\" \/>\n\t<meta property=\"og:image:height\" content=\"833\" \/>\n\t<meta property=\"og:image:type\" content=\"image\/jpeg\" \/>\n<meta name=\"twitter:card\" content=\"summary_large_image\" \/>\n<meta name=\"twitter:site\" content=\"@ticaretedutr\" \/>\n<meta name=\"twitter:label1\" content=\"Tahmini okuma s\u00fcresi\" \/>\n\t<meta name=\"twitter:data1\" content=\"1 dakika\" \/>\n<script type=\"application\/ld+json\" class=\"yoast-schema-graph\">{\"@context\":\"https:\/\/schema.org\",\"@graph\":[{\"@type\":\"WebPage\",\"@id\":\"http:\/\/ticaret.edu.tr\/finans-ve-bankacilik\/mufredat\/\",\"url\":\"http:\/\/ticaret.edu.tr\/finans-ve-bankacilik\/mufredat\/\",\"name\":\"M\u00dcFREDAT - Finans ve Bankac\u0131l\u0131k\",\"isPartOf\":{\"@id\":\"http:\/\/ticaret.edu.tr\/finans-ve-bankacilik\/#website\"},\"datePublished\":\"2020-05-03T09:43:26+00:00\",\"dateModified\":\"2026-02-18T16:50:38+00:00\",\"description\":\"\u0130stanbul Ticaret \u00dcniversitesi Bankac\u0131l\u0131k ve Finans B\u00f6l\u00fcm\u00fc ile Finans ve Bankac\u0131l\u0131k B\u00f6l\u00fcm\u00fc M\u00fcfredatlar\u0131 2021-2022\",\"breadcrumb\":{\"@id\":\"http:\/\/ticaret.edu.tr\/finans-ve-bankacilik\/mufredat\/#breadcrumb\"},\"inLanguage\":\"tr\",\"potentialAction\":[{\"@type\":\"ReadAction\",\"target\":[\"http:\/\/ticaret.edu.tr\/finans-ve-bankacilik\/mufredat\/\"]}]},{\"@type\":\"BreadcrumbList\",\"@id\":\"http:\/\/ticaret.edu.tr\/finans-ve-bankacilik\/mufredat\/#breadcrumb\",\"itemListElement\":[{\"@type\":\"ListItem\",\"position\":1,\"name\":\"Ana sayfa\",\"item\":\"http:\/\/ticaret.edu.tr\/finans-ve-bankacilik\/\"},{\"@type\":\"ListItem\",\"position\":2,\"name\":\"M\u00dcFREDAT\"}]},{\"@type\":\"WebSite\",\"@id\":\"http:\/\/ticaret.edu.tr\/finans-ve-bankacilik\/#website\",\"url\":\"http:\/\/ticaret.edu.tr\/finans-ve-bankacilik\/\",\"name\":\"Finans ve Bankac\u0131l\u0131k\",\"description\":\"\",\"potentialAction\":[{\"@type\":\"SearchAction\",\"target\":{\"@type\":\"EntryPoint\",\"urlTemplate\":\"http:\/\/ticaret.edu.tr\/finans-ve-bankacilik\/?s={search_term_string}\"},\"query-input\":\"required name=search_term_string\"}],\"inLanguage\":\"tr\"}]}<\/script>\n<!-- \/ Yoast SEO Premium plugin. -->","yoast_head_json":{"title":"M\u00dcFREDAT - Finans ve Bankac\u0131l\u0131k","description":"\u0130stanbul Ticaret \u00dcniversitesi Bankac\u0131l\u0131k ve Finans B\u00f6l\u00fcm\u00fc ile Finans ve Bankac\u0131l\u0131k B\u00f6l\u00fcm\u00fc M\u00fcfredatlar\u0131 2021-2022","robots":{"index":"index","follow":"follow","max-snippet":"max-snippet:-1","max-image-preview":"max-image-preview:large","max-video-preview":"max-video-preview:-1"},"canonical":"http:\/\/ticaret.edu.tr\/finans-ve-bankacilik\/mufredat\/","og_locale":"tr_TR","og_type":"article","og_title":"M\u00dcFREDAT","og_description":"\u0130stanbul Ticaret \u00dcniversitesi Bankac\u0131l\u0131k ve Finans B\u00f6l\u00fcm\u00fc ile Finans ve Bankac\u0131l\u0131k B\u00f6l\u00fcm\u00fc M\u00fcfredatlar\u0131 2021-2022","og_url":"http:\/\/ticaret.edu.tr\/finans-ve-bankacilik\/mufredat\/","og_site_name":"Finans ve Bankac\u0131l\u0131k","article_publisher":"https:\/\/www.facebook.com\/ticaretedutr","article_modified_time":"2026-02-18T16:50:38+00:00","og_image":[{"width":1250,"height":833,"url":"http:\/\/ticaret.edu.tr\/finans-ve-bankacilik\/wp-content\/uploads\/sites\/15\/2021\/11\/web_logo-01.jpg","type":"image\/jpeg"}],"twitter_card":"summary_large_image","twitter_site":"@ticaretedutr","twitter_misc":{"Tahmini okuma s\u00fcresi":"1 dakika"},"schema":{"@context":"https:\/\/schema.org","@graph":[{"@type":"WebPage","@id":"http:\/\/ticaret.edu.tr\/finans-ve-bankacilik\/mufredat\/","url":"http:\/\/ticaret.edu.tr\/finans-ve-bankacilik\/mufredat\/","name":"M\u00dcFREDAT - Finans ve Bankac\u0131l\u0131k","isPartOf":{"@id":"http:\/\/ticaret.edu.tr\/finans-ve-bankacilik\/#website"},"datePublished":"2020-05-03T09:43:26+00:00","dateModified":"2026-02-18T16:50:38+00:00","description":"\u0130stanbul Ticaret \u00dcniversitesi Bankac\u0131l\u0131k ve Finans B\u00f6l\u00fcm\u00fc ile Finans ve Bankac\u0131l\u0131k B\u00f6l\u00fcm\u00fc M\u00fcfredatlar\u0131 2021-2022","breadcrumb":{"@id":"http:\/\/ticaret.edu.tr\/finans-ve-bankacilik\/mufredat\/#breadcrumb"},"inLanguage":"tr","potentialAction":[{"@type":"ReadAction","target":["http:\/\/ticaret.edu.tr\/finans-ve-bankacilik\/mufredat\/"]}]},{"@type":"BreadcrumbList","@id":"http:\/\/ticaret.edu.tr\/finans-ve-bankacilik\/mufredat\/#breadcrumb","itemListElement":[{"@type":"ListItem","position":1,"name":"Ana sayfa","item":"http:\/\/ticaret.edu.tr\/finans-ve-bankacilik\/"},{"@type":"ListItem","position":2,"name":"M\u00dcFREDAT"}]},{"@type":"WebSite","@id":"http:\/\/ticaret.edu.tr\/finans-ve-bankacilik\/#website","url":"http:\/\/ticaret.edu.tr\/finans-ve-bankacilik\/","name":"Finans ve Bankac\u0131l\u0131k","description":"","potentialAction":[{"@type":"SearchAction","target":{"@type":"EntryPoint","urlTemplate":"http:\/\/ticaret.edu.tr\/finans-ve-bankacilik\/?s={search_term_string}"},"query-input":"required name=search_term_string"}],"inLanguage":"tr"}]}},"lang":"tr","translations":{"en":540,"tr":9},"pll_sync_post":[],"_links":{"self":[{"href":"http:\/\/ticaret.edu.tr\/finans-ve-bankacilik\/wp-json\/wp\/v2\/pages\/9"}],"collection":[{"href":"http:\/\/ticaret.edu.tr\/finans-ve-bankacilik\/wp-json\/wp\/v2\/pages"}],"about":[{"href":"http:\/\/ticaret.edu.tr\/finans-ve-bankacilik\/wp-json\/wp\/v2\/types\/page"}],"author":[{"embeddable":true,"href":"http:\/\/ticaret.edu.tr\/finans-ve-bankacilik\/wp-json\/wp\/v2\/users\/1"}],"replies":[{"embeddable":true,"href":"http:\/\/ticaret.edu.tr\/finans-ve-bankacilik\/wp-json\/wp\/v2\/comments?post=9"}],"version-history":[{"count":22,"href":"http:\/\/ticaret.edu.tr\/finans-ve-bankacilik\/wp-json\/wp\/v2\/pages\/9\/revisions"}],"predecessor-version":[{"id":2189,"href":"http:\/\/ticaret.edu.tr\/finans-ve-bankacilik\/wp-json\/wp\/v2\/pages\/9\/revisions\/2189"}],"wp:attachment":[{"href":"http:\/\/ticaret.edu.tr\/finans-ve-bankacilik\/wp-json\/wp\/v2\/media?parent=9"}],"curies":[{"name":"wp","href":"https:\/\/api.w.org\/{rel}","templated":true}]}}