{"id":10,"date":"2020-05-03T11:51:57","date_gmt":"2020-05-03T08:51:57","guid":{"rendered":"http:\/\/ticaret.edu.tr\/gorsel\/?page_id=10"},"modified":"2025-02-11T15:42:11","modified_gmt":"2025-02-11T12:42:11","slug":"bolum-baskani","status":"publish","type":"page","link":"http:\/\/ticaret.edu.tr\/gorsel-iletisim-tasarimi\/bolum-baskani\/","title":{"rendered":"B\u00f6l\u00fcm Ba\u015fkan\u0131"},"content":{"rendered":"<div class=\"BABaslik\">\n<h3><img loading=\"lazy\" decoding=\"async\" class=\"aligncenter size-full wp-image-196\" src=\"http:\/\/ticaret.edu.tr\/gorsel\/wp-content\/uploads\/sites\/12\/2020\/05\/r\u0131dvan_hoca.jpg\" alt=\"\" width=\"1115\" height=\"640\" srcset=\"http:\/\/ticaret.edu.tr\/gorsel-iletisim-tasarimi\/wp-content\/uploads\/sites\/12\/2020\/05\/r\u0131dvan_hoca.jpg 1115w, http:\/\/ticaret.edu.tr\/gorsel-iletisim-tasarimi\/wp-content\/uploads\/sites\/12\/2020\/05\/r\u0131dvan_hoca-300x172.jpg 300w, http:\/\/ticaret.edu.tr\/gorsel-iletisim-tasarimi\/wp-content\/uploads\/sites\/12\/2020\/05\/r\u0131dvan_hoca-1024x588.jpg 1024w, http:\/\/ticaret.edu.tr\/gorsel-iletisim-tasarimi\/wp-content\/uploads\/sites\/12\/2020\/05\/r\u0131dvan_hoca-768x441.jpg 768w\" sizes=\"(max-width: 1115px) 100vw, 1115px\" \/><\/h3>\n<h3><span id=\"MainContent_lblBI_Baslik\">G\u00f6rsel \u0130leti\u015fim Tasar\u0131m\u0131 B\u00f6l\u00fcm\u00fc<\/span><\/h3>\n<\/div>\n<div class=\"BAIcerik\">\n<div>\n<p>G\u00f6rselli\u011fin g\u00fcn\u00fcm\u00fczde ger\u00e7eklik alg\u0131s\u0131n\u0131n belirlenmesinde h\u00e2kim bir rol \u00fcstlendi\u011fi bilinmektedir. Matbaa ve foto\u011fraf makinesinin icad\u0131yla ba\u015flayan, sinema ve televizyonla devam eden bu s\u00fcre\u00e7 internet ve mobil ileti\u015fim ara\u00e7lar\u0131yla birlikte her ge\u00e7en g\u00fcn h\u00e2kimiyetini peki\u015ftirmekte ve ayn\u0131 oranda biraz daha karma\u015f\u0131k hale gelmektedir. Bu s\u00fcre\u00e7te sineman\u0131n \u00f6nemli bir k\u0131r\u0131lma noktas\u0131 olu\u015fturdu\u011fu muhakkakt\u0131r. Yakla\u015f\u0131k 120 y\u0131ll\u0131k geli\u015fim s\u00fcrecinde film, di\u011fer sanat dallar\u0131 gibi de\u011fi\u015fmi\u015f, toplumsal ve teknolojik geli\u015fmelere paralel olarak, d\u00f6n\u00fc\u015fm\u00fc\u015f ve kendini di\u011fer ileti\u015fim mecralar\u0131yla ili\u015fkilendirerek \u00e7e\u015fitlendirmi\u015ftir. \u00d6rne\u011fin ba\u015flang\u0131\u00e7ta sadece sinema salonlar\u0131 i\u00e7in d\u00fc\u015f\u00fcn\u00fclen filmler, televizyon i\u00e7in ayr\u0131ca formatlanm\u0131\u015f, interaktif bir ili\u015fki i\u00e7inde d\u00f6n\u00fc\u015ferek farkl\u0131 anlat\u0131m yap\u0131lar\u0131na, bi\u00e7imlerine ve t\u00fcrlerine kavu\u015fmu\u015ftur.<\/p>\n<p>Bilgisayar\u0131n icad\u0131 ile birlikte film tarihinde ikinci bir a\u015famaya, klasik filmden dijital film d\u00f6nemine ge\u00e7ilmi\u015ftir. G\u00fcn\u00fcm\u00fczde iki boyutlu filmlerden \u00fc\u00e7 boyutlulu\u011fa ge\u00e7i\u015fin \u00f6rnekleri sergilenmekte, sinema salonlar\u0131nda filme d\u00f6rd\u00fcnc\u00fc bir boyut kazand\u0131rman\u0131n denemeleri yap\u0131lmaktad\u0131r.<\/p>\n<p>Bilindi\u011fi \u00fczere, di\u011fer \u00fclkelerde oldu\u011fu gibi \u00fclkemizde de, yeni sinemac\u0131lar usta-\u00e7\u0131rak ili\u015fkisinden ziyade, akademik e\u011fitim alarak sahneye \u00e7\u0131kmakta, bu \u00e7er\u00e7evede ileti\u015fim fak\u00fcltelerinin film b\u00f6l\u00fcmlerinin \u00f6nemi daha da artmaktad\u0131r. Bu ba\u011flamda filmle ilgili b\u00f6l\u00fcmlerin sinema tarihindeki bu geli\u015fim s\u00fcrecine uyum sa\u011flamalar\u0131, kendilerini g\u00fcncellemeleri ve gelece\u011fi g\u00f6zetmeleri gerekmektedir.<\/p>\n<p>G\u00f6rsel \u0130leti\u015fim Tasar\u0131m\u0131 B\u00f6l\u00fcm\u00fcm\u00fcz b\u00fct\u00fcn bu geli\u015fmeleri dikkate alarak, \u00f6ncelikli olarak film sanat\u0131na odaklanmakta ve \u00f6zellikle dijital film d\u00f6neminde \u00e7e\u015fitlenen anlat\u0131m ve g\u00f6sterim bi\u00e7imlerini kapsayacak bi\u00e7imde gen\u00e7lerimizi gelece\u011fe haz\u0131rlamay\u0131 ama\u00e7lamaktad\u0131r. Bu \u00e7er\u00e7evede G\u00f6rsel \u0130leti\u015fim Tasar\u0131m\u0131 B\u00f6l\u00fcm\u00fcm\u00fcz teorik ve uygulamal\u0131 derslerden olu\u015fan m\u00fcfredat\u0131yla \u00e7ekim a\u015famas\u0131ndan montaj a\u015famas\u0131na kadar geli\u015fen b\u00fct\u00fcn s\u00fcre\u00e7lerde dijital film ve animasyonun efektif entegrasyonunun m\u00fcmk\u00fcn k\u0131lan imk\u00e2nlar sunmaktad\u0131r. B\u00f6l\u00fcm\u00fczde yer alan ger\u00e7ek \u00e7ekim efektlerine imk\u00e2n tan\u0131yan televizyon ve film st\u00fcdyosu, foto\u011fraf st\u00fcdyosu, reji odas\u0131, radyo st\u00fcdyosu, animasyon st\u00fcdyosu ve Mac bilgisayarlar\u0131yla donat\u0131lm\u0131\u015f laboratuvarlar\u0131yla \u00f6\u011frencilerimiz teorik ve pratik derslerde \u00f6\u011frendiklerini uygulama ve kendilerini b\u00f6ylece gelece\u011fe haz\u0131rlama imk\u00e2n\u0131 bulmaktad\u0131rlar. B\u00f6l\u00fcm\u00fcm\u00fcz \u00f6\u011frencilerini, y\u00fcksek lisans ve doktora programlar\u0131na haz\u0131rlaman\u0131n yan\u0131nda ayr\u0131ca reklamc\u0131l\u0131k, televizyon ve sinema sekt\u00f6rlerinde g\u00f6rsel ileti\u015fimin tasarlanmas\u0131na katk\u0131da bulunacak sanat y\u00f6netmeni, foto\u011fraf sanat\u00e7\u0131s\u0131, kameraman, kurgu ve grafik tasar\u0131m eleman\u0131, senarist, belgeselci, y\u00f6netmen, animat\u00f6r ve film ele\u015ftirmeni gibi meslek dallar\u0131nda yeti\u015ftirmeyi ama\u00e7lamaktad\u0131r.<\/p>\n<h4>Prof. Dr. R\u0131dvan \u015eent\u00fcrk<br \/>\nB\u00f6l\u00fcm Ba\u015fkan\u0131<\/h4>\n<p><u><strong>\u0130leti\u015fim Bilgileri:<\/strong><\/u><br \/>\nrsent\u00fcrk@ticaret.edu.tr<br \/>\n444 0 413 \/4123<\/p>\n<\/div>\n<\/div>\n","protected":false},"excerpt":{"rendered":"<p>G\u00f6rsel \u0130leti\u015fim Tasar\u0131m\u0131 B\u00f6l\u00fcm\u00fc G\u00f6rselli\u011fin g\u00fcn\u00fcm\u00fczde ger\u00e7eklik alg\u0131s\u0131n\u0131n belirlenmesinde h\u00e2kim bir rol \u00fcstlendi\u011fi bilinmektedir. Matbaa ve foto\u011fraf makinesinin icad\u0131yla ba\u015flayan, sinema ve televizyonla devam eden bu s\u00fcre\u00e7 internet ve mobil ileti\u015fim ara\u00e7lar\u0131yla birlikte her ge\u00e7en g\u00fcn h\u00e2kimiyetini peki\u015ftirmekte ve ayn\u0131 oranda biraz daha karma\u015f\u0131k hale gelmektedir. Bu s\u00fcre\u00e7te sineman\u0131n \u00f6nemli bir k\u0131r\u0131lma noktas\u0131 olu\u015fturdu\u011fu muhakkakt\u0131r. [&hellip;]<\/p>\n","protected":false},"author":1,"featured_media":0,"parent":0,"menu_order":0,"comment_status":"closed","ping_status":"closed","template":"genel_sayfa.php","meta":{"footnotes":""},"yoast_head":"<!-- This site is optimized with the Yoast SEO Premium plugin v22.1 (Yoast SEO v22.1) - https:\/\/yoast.com\/wordpress\/plugins\/seo\/ -->\n<title>B\u00f6l\u00fcm Ba\u015fkan\u0131 - G\u00f6rsel \u0130leti\u015fim Tasar\u0131m\u0131<\/title>\n<meta name=\"robots\" content=\"index, follow, max-snippet:-1, max-image-preview:large, max-video-preview:-1\" \/>\n<link rel=\"canonical\" href=\"https:\/\/ticaret.edu.tr\/gorsel-iletisim-tasarimi\/bolum-baskani\/\" \/>\n<meta property=\"og:locale\" content=\"tr_TR\" \/>\n<meta property=\"og:type\" content=\"article\" \/>\n<meta property=\"og:title\" content=\"B\u00f6l\u00fcm Ba\u015fkan\u0131\" \/>\n<meta property=\"og:description\" content=\"G\u00f6rsel \u0130leti\u015fim Tasar\u0131m\u0131 B\u00f6l\u00fcm\u00fc G\u00f6rselli\u011fin g\u00fcn\u00fcm\u00fczde ger\u00e7eklik alg\u0131s\u0131n\u0131n belirlenmesinde h\u00e2kim bir rol \u00fcstlendi\u011fi bilinmektedir. Matbaa ve foto\u011fraf makinesinin icad\u0131yla ba\u015flayan, sinema ve televizyonla devam eden bu s\u00fcre\u00e7 internet ve mobil ileti\u015fim ara\u00e7lar\u0131yla birlikte her ge\u00e7en g\u00fcn h\u00e2kimiyetini peki\u015ftirmekte ve ayn\u0131 oranda biraz daha karma\u015f\u0131k hale gelmektedir. Bu s\u00fcre\u00e7te sineman\u0131n \u00f6nemli bir k\u0131r\u0131lma noktas\u0131 olu\u015fturdu\u011fu muhakkakt\u0131r. [&hellip;]\" \/>\n<meta property=\"og:url\" content=\"https:\/\/ticaret.edu.tr\/gorsel-iletisim-tasarimi\/bolum-baskani\/\" \/>\n<meta property=\"og:site_name\" content=\"G\u00f6rsel \u0130leti\u015fim Tasar\u0131m\u0131\" \/>\n<meta property=\"article:publisher\" content=\"https:\/\/www.facebook.com\/ticaretedutr\" \/>\n<meta property=\"article:modified_time\" content=\"2025-02-11T12:42:11+00:00\" \/>\n<meta property=\"og:image\" content=\"http:\/\/ticaret.edu.tr\/gorsel-iletisim-tasarimi\/wp-content\/uploads\/sites\/12\/2021\/11\/web_logo-01.jpg\" \/>\n\t<meta property=\"og:image:width\" content=\"1250\" \/>\n\t<meta property=\"og:image:height\" content=\"833\" \/>\n\t<meta property=\"og:image:type\" content=\"image\/jpeg\" \/>\n<meta name=\"twitter:card\" content=\"summary_large_image\" \/>\n<meta name=\"twitter:site\" content=\"@ticaretedutr\" \/>\n<meta name=\"twitter:label1\" content=\"Tahmini okuma s\u00fcresi\" \/>\n\t<meta name=\"twitter:data1\" content=\"3 dakika\" \/>\n<script type=\"application\/ld+json\" class=\"yoast-schema-graph\">{\"@context\":\"https:\/\/schema.org\",\"@graph\":[{\"@type\":\"WebPage\",\"@id\":\"https:\/\/ticaret.edu.tr\/gorsel-iletisim-tasarimi\/bolum-baskani\/\",\"url\":\"https:\/\/ticaret.edu.tr\/gorsel-iletisim-tasarimi\/bolum-baskani\/\",\"name\":\"B\u00f6l\u00fcm Ba\u015fkan\u0131 - G\u00f6rsel \u0130leti\u015fim Tasar\u0131m\u0131\",\"isPartOf\":{\"@id\":\"https:\/\/ticaret.edu.tr\/gorsel-iletisim-tasarimi\/#website\"},\"datePublished\":\"2020-05-03T08:51:57+00:00\",\"dateModified\":\"2025-02-11T12:42:11+00:00\",\"breadcrumb\":{\"@id\":\"https:\/\/ticaret.edu.tr\/gorsel-iletisim-tasarimi\/bolum-baskani\/#breadcrumb\"},\"inLanguage\":\"tr\",\"potentialAction\":[{\"@type\":\"ReadAction\",\"target\":[\"https:\/\/ticaret.edu.tr\/gorsel-iletisim-tasarimi\/bolum-baskani\/\"]}]},{\"@type\":\"BreadcrumbList\",\"@id\":\"https:\/\/ticaret.edu.tr\/gorsel-iletisim-tasarimi\/bolum-baskani\/#breadcrumb\",\"itemListElement\":[{\"@type\":\"ListItem\",\"position\":1,\"name\":\"Ana sayfa\",\"item\":\"https:\/\/ticaret.edu.tr\/gorsel-iletisim-tasarimi\/\"},{\"@type\":\"ListItem\",\"position\":2,\"name\":\"B\u00f6l\u00fcm Ba\u015fkan\u0131\"}]},{\"@type\":\"WebSite\",\"@id\":\"https:\/\/ticaret.edu.tr\/gorsel-iletisim-tasarimi\/#website\",\"url\":\"https:\/\/ticaret.edu.tr\/gorsel-iletisim-tasarimi\/\",\"name\":\"G\u00f6rsel \u0130leti\u015fim Tasar\u0131m\u0131\",\"description\":\"\",\"potentialAction\":[{\"@type\":\"SearchAction\",\"target\":{\"@type\":\"EntryPoint\",\"urlTemplate\":\"https:\/\/ticaret.edu.tr\/gorsel-iletisim-tasarimi\/?s={search_term_string}\"},\"query-input\":\"required name=search_term_string\"}],\"inLanguage\":\"tr\"}]}<\/script>\n<!-- \/ Yoast SEO Premium plugin. -->","yoast_head_json":{"title":"B\u00f6l\u00fcm Ba\u015fkan\u0131 - G\u00f6rsel \u0130leti\u015fim Tasar\u0131m\u0131","robots":{"index":"index","follow":"follow","max-snippet":"max-snippet:-1","max-image-preview":"max-image-preview:large","max-video-preview":"max-video-preview:-1"},"canonical":"https:\/\/ticaret.edu.tr\/gorsel-iletisim-tasarimi\/bolum-baskani\/","og_locale":"tr_TR","og_type":"article","og_title":"B\u00f6l\u00fcm Ba\u015fkan\u0131","og_description":"G\u00f6rsel \u0130leti\u015fim Tasar\u0131m\u0131 B\u00f6l\u00fcm\u00fc G\u00f6rselli\u011fin g\u00fcn\u00fcm\u00fczde ger\u00e7eklik alg\u0131s\u0131n\u0131n belirlenmesinde h\u00e2kim bir rol \u00fcstlendi\u011fi bilinmektedir. Matbaa ve foto\u011fraf makinesinin icad\u0131yla ba\u015flayan, sinema ve televizyonla devam eden bu s\u00fcre\u00e7 internet ve mobil ileti\u015fim ara\u00e7lar\u0131yla birlikte her ge\u00e7en g\u00fcn h\u00e2kimiyetini peki\u015ftirmekte ve ayn\u0131 oranda biraz daha karma\u015f\u0131k hale gelmektedir. Bu s\u00fcre\u00e7te sineman\u0131n \u00f6nemli bir k\u0131r\u0131lma noktas\u0131 olu\u015fturdu\u011fu muhakkakt\u0131r. [&hellip;]","og_url":"https:\/\/ticaret.edu.tr\/gorsel-iletisim-tasarimi\/bolum-baskani\/","og_site_name":"G\u00f6rsel \u0130leti\u015fim Tasar\u0131m\u0131","article_publisher":"https:\/\/www.facebook.com\/ticaretedutr","article_modified_time":"2025-02-11T12:42:11+00:00","og_image":[{"width":1250,"height":833,"url":"http:\/\/ticaret.edu.tr\/gorsel-iletisim-tasarimi\/wp-content\/uploads\/sites\/12\/2021\/11\/web_logo-01.jpg","type":"image\/jpeg"}],"twitter_card":"summary_large_image","twitter_site":"@ticaretedutr","twitter_misc":{"Tahmini okuma s\u00fcresi":"3 dakika"},"schema":{"@context":"https:\/\/schema.org","@graph":[{"@type":"WebPage","@id":"https:\/\/ticaret.edu.tr\/gorsel-iletisim-tasarimi\/bolum-baskani\/","url":"https:\/\/ticaret.edu.tr\/gorsel-iletisim-tasarimi\/bolum-baskani\/","name":"B\u00f6l\u00fcm Ba\u015fkan\u0131 - G\u00f6rsel \u0130leti\u015fim Tasar\u0131m\u0131","isPartOf":{"@id":"https:\/\/ticaret.edu.tr\/gorsel-iletisim-tasarimi\/#website"},"datePublished":"2020-05-03T08:51:57+00:00","dateModified":"2025-02-11T12:42:11+00:00","breadcrumb":{"@id":"https:\/\/ticaret.edu.tr\/gorsel-iletisim-tasarimi\/bolum-baskani\/#breadcrumb"},"inLanguage":"tr","potentialAction":[{"@type":"ReadAction","target":["https:\/\/ticaret.edu.tr\/gorsel-iletisim-tasarimi\/bolum-baskani\/"]}]},{"@type":"BreadcrumbList","@id":"https:\/\/ticaret.edu.tr\/gorsel-iletisim-tasarimi\/bolum-baskani\/#breadcrumb","itemListElement":[{"@type":"ListItem","position":1,"name":"Ana sayfa","item":"https:\/\/ticaret.edu.tr\/gorsel-iletisim-tasarimi\/"},{"@type":"ListItem","position":2,"name":"B\u00f6l\u00fcm Ba\u015fkan\u0131"}]},{"@type":"WebSite","@id":"https:\/\/ticaret.edu.tr\/gorsel-iletisim-tasarimi\/#website","url":"https:\/\/ticaret.edu.tr\/gorsel-iletisim-tasarimi\/","name":"G\u00f6rsel \u0130leti\u015fim Tasar\u0131m\u0131","description":"","potentialAction":[{"@type":"SearchAction","target":{"@type":"EntryPoint","urlTemplate":"https:\/\/ticaret.edu.tr\/gorsel-iletisim-tasarimi\/?s={search_term_string}"},"query-input":"required name=search_term_string"}],"inLanguage":"tr"}]}},"lang":"tr","translations":{"en":610,"tr":10},"pll_sync_post":[],"_links":{"self":[{"href":"http:\/\/ticaret.edu.tr\/gorsel-iletisim-tasarimi\/wp-json\/wp\/v2\/pages\/10"}],"collection":[{"href":"http:\/\/ticaret.edu.tr\/gorsel-iletisim-tasarimi\/wp-json\/wp\/v2\/pages"}],"about":[{"href":"http:\/\/ticaret.edu.tr\/gorsel-iletisim-tasarimi\/wp-json\/wp\/v2\/types\/page"}],"author":[{"embeddable":true,"href":"http:\/\/ticaret.edu.tr\/gorsel-iletisim-tasarimi\/wp-json\/wp\/v2\/users\/1"}],"replies":[{"embeddable":true,"href":"http:\/\/ticaret.edu.tr\/gorsel-iletisim-tasarimi\/wp-json\/wp\/v2\/comments?post=10"}],"version-history":[{"count":12,"href":"http:\/\/ticaret.edu.tr\/gorsel-iletisim-tasarimi\/wp-json\/wp\/v2\/pages\/10\/revisions"}],"predecessor-version":[{"id":537,"href":"http:\/\/ticaret.edu.tr\/gorsel-iletisim-tasarimi\/wp-json\/wp\/v2\/pages\/10\/revisions\/537"}],"wp:attachment":[{"href":"http:\/\/ticaret.edu.tr\/gorsel-iletisim-tasarimi\/wp-json\/wp\/v2\/media?parent=10"}],"curies":[{"name":"wp","href":"https:\/\/api.w.org\/{rel}","templated":true}]}}