{"id":1753,"date":"2025-01-25T21:05:45","date_gmt":"2025-01-25T18:05:45","guid":{"rendered":"https:\/\/ticaret.edu.tr\/gorsel-iletisim-tasarimi\/?page_id=1753"},"modified":"2025-03-17T23:24:21","modified_gmt":"2025-03-17T20:24:21","slug":"giris-yazisi","status":"publish","type":"page","link":"http:\/\/ticaret.edu.tr\/gorsel-iletisim-tasarimi\/giris-yazisi\/","title":{"rendered":"Giri\u015f Yaz\u0131s\u0131"},"content":{"rendered":"<h3><img loading=\"lazy\" decoding=\"async\" class=\"wp-image-2213 aligncenter\" src=\"http:\/\/ticaret.edu.tr\/gorsel-iletisim-tasarimi\/wp-content\/uploads\/sites\/12\/2025\/03\/1.jpeg\" alt=\"\" width=\"615\" height=\"490\" srcset=\"http:\/\/ticaret.edu.tr\/gorsel-iletisim-tasarimi\/wp-content\/uploads\/sites\/12\/2025\/03\/1.jpeg 862w, http:\/\/ticaret.edu.tr\/gorsel-iletisim-tasarimi\/wp-content\/uploads\/sites\/12\/2025\/03\/1-300x239.jpeg 300w, http:\/\/ticaret.edu.tr\/gorsel-iletisim-tasarimi\/wp-content\/uploads\/sites\/12\/2025\/03\/1-768x612.jpeg 768w\" sizes=\"(max-width: 615px) 100vw, 615px\" \/><\/h3>\n<div class=\"BABaslik\">\n<h3><span id=\"MainContent_lblBI_Baslik\">G\u00f6rsel \u0130leti\u015fim Tasar\u0131m\u0131 B\u00f6l\u00fcm\u00fc<\/span><\/h3>\n<\/div>\n<div class=\"BAIcerik\">\n<div>\n<p>G\u00f6rselli\u011fin g\u00fcn\u00fcm\u00fczde ger\u00e7eklik alg\u0131s\u0131n\u0131n belirlenmesinde h\u00e2kim bir rol \u00fcstlendi\u011fi bilinmektedir. Matbaa ve foto\u011fraf makinesinin icad\u0131yla ba\u015flayan, sinema ve televizyonla devam eden bu s\u00fcre\u00e7 internet ve mobil ileti\u015fim ara\u00e7lar\u0131yla birlikte her ge\u00e7en g\u00fcn h\u00e2kimiyetini peki\u015ftirmekte ve ayn\u0131 oranda biraz daha karma\u015f\u0131k hale gelmektedir.<\/p>\n<p>Bilgisayar\u0131n icad\u0131 ile birlikte g\u00f6rsel ileti\u015fim tasar\u0131m\u0131 alan\u0131nda ikinci bir a\u015famaya, analog d\u00f6nemden dijital tasar\u0131m d\u00f6nemine ge\u00e7ilmi\u015ftir. G\u00fcn\u00fcm\u00fczde iki boyutlu tasar\u0131mlardan \u00fc\u00e7 boyutlulu\u011fa ge\u00e7i\u015fin \u00f6rnekleri sergilenmekte, fiziksel ger\u00e7eklikle potansiyel ger\u00e7eklik aras\u0131nda ineteraktif ili\u015fkileri m\u00fcmk\u00fcn k\u0131lan teknolojik geli\u015fmeler tecr\u00fcbe edilmektedir.<\/p>\n<p>G\u00f6rsel \u0130leti\u015fim Tasar\u0131m\u0131 B\u00f6l\u00fcm\u00fcm\u00fcz b\u00fct\u00fcn bu geli\u015fmeleri dikkate alarak, \u00f6ncelikli olarak yeni estetik tasar\u0131m ve i\u00e7erik \u00fcretimi s\u00fcre\u00e7lerine odaklanmakta, \u00f6zellikle dijital d\u00f6nemde \u00e7e\u015fitlenen g\u00f6rsel ve i\u015fitsel ifade bi\u00e7imlerini kapsayacak bi\u00e7imde gen\u00e7lerimizi gelece\u011fe haz\u0131rlamay\u0131 ama\u00e7lamaktad\u0131r. Bu \u00e7er\u00e7evede G\u00f6rsel \u0130leti\u015fim Tasar\u0131m\u0131 B\u00f6l\u00fcm\u00fcm\u00fcz teorik ve uygulamal\u0131 derslerden olu\u015fan m\u00fcfredat\u0131yla \u00e7ekim a\u015famas\u0131ndan montaj a\u015famas\u0131na kadar geli\u015fen b\u00fct\u00fcn s\u00fcre\u00e7lerde grafik tasar\u0131m\u0131, foto\u011fraf, video, YZ uygulamalar\u0131 ve animasyonun efektif entegrasyonunu m\u00fcmk\u00fcn k\u0131lan imk\u00e2nlar sunmaktad\u0131r. B\u00f6l\u00fcm\u00fczde yer alan ger\u00e7ek \u00e7ekim efektlerine imk\u00e2n tan\u0131yan televizyon ve film st\u00fcdyosu, foto\u011fraf st\u00fcdyosu, reji odas\u0131, radyo st\u00fcdyosu, animasyon st\u00fcdyosu ve bilgisayar laboratuvarlar\u0131yla \u00f6\u011frencilerimiz teorik ve pratik derslerde \u00f6\u011frendiklerini uygulama ve kendilerini b\u00f6ylece gelece\u011fe haz\u0131rlama imk\u00e2n\u0131 bulmaktad\u0131r. B\u00f6l\u00fcm\u00fcm\u00fcz \u00f6\u011frencilerini, y\u00fcksek lisans ve doktora programlar\u0131na haz\u0131rlaman\u0131n yan\u0131nda ayr\u0131ca reklamc\u0131l\u0131k, televizyon, sinema ve sosyal medya mecralar\u0131nda g\u00f6rsel ileti\u015fimin tasarlanmas\u0131na katk\u0131da bulunacak sanat y\u00f6netmeni, foto\u011fraf sanat\u00e7\u0131s\u0131, kameraman, kurgu ve grafik tasar\u0131m eleman\u0131, senarist, belgeselci, y\u00f6netmen, animat\u00f6r ve film ele\u015ftirmeni gibi meslek dallar\u0131nda yeti\u015ftirmeyi ama\u00e7lamaktad\u0131r.<\/p>\n<\/div>\n<h4 style=\"text-align: right;\"><strong>Prof. Dr. R\u0131dvan \u015eENT\u00dcRK<\/strong><\/h4>\n<h4 style=\"text-align: right;\">G\u00f6rsel \u0130leti\u015fim Tasar\u0131m\u0131 B\u00f6l\u00fcm Ba\u015fkan\u0131<\/h4>\n<div>\n<h4><\/h4>\n<\/div>\n<\/div>\n","protected":false},"excerpt":{"rendered":"<p>G\u00f6rsel \u0130leti\u015fim Tasar\u0131m\u0131 B\u00f6l\u00fcm\u00fc G\u00f6rselli\u011fin g\u00fcn\u00fcm\u00fczde ger\u00e7eklik alg\u0131s\u0131n\u0131n belirlenmesinde h\u00e2kim bir rol \u00fcstlendi\u011fi bilinmektedir. Matbaa ve foto\u011fraf makinesinin icad\u0131yla ba\u015flayan, sinema ve televizyonla devam eden bu s\u00fcre\u00e7 internet ve mobil ileti\u015fim ara\u00e7lar\u0131yla birlikte her ge\u00e7en g\u00fcn h\u00e2kimiyetini peki\u015ftirmekte ve ayn\u0131 oranda biraz daha karma\u015f\u0131k hale gelmektedir. Bilgisayar\u0131n icad\u0131 ile birlikte g\u00f6rsel ileti\u015fim tasar\u0131m\u0131 alan\u0131nda ikinci [&hellip;]<\/p>\n","protected":false},"author":211,"featured_media":0,"parent":0,"menu_order":0,"comment_status":"closed","ping_status":"closed","template":"genel_sayfa.php","meta":{"footnotes":""},"yoast_head":"<!-- This site is optimized with the Yoast SEO Premium plugin v22.1 (Yoast SEO v22.1) - https:\/\/yoast.com\/wordpress\/plugins\/seo\/ -->\n<title>Giri\u015f Yaz\u0131s\u0131 - G\u00f6rsel \u0130leti\u015fim Tasar\u0131m\u0131<\/title>\n<meta name=\"robots\" content=\"index, follow, max-snippet:-1, max-image-preview:large, max-video-preview:-1\" \/>\n<link rel=\"canonical\" href=\"http:\/\/ticaret.edu.tr\/gorsel-iletisim-tasarimi\/giris-yazisi\/\" \/>\n<meta property=\"og:locale\" content=\"tr_TR\" \/>\n<meta property=\"og:type\" content=\"article\" \/>\n<meta property=\"og:title\" content=\"Giri\u015f Yaz\u0131s\u0131\" \/>\n<meta property=\"og:description\" content=\"G\u00f6rsel \u0130leti\u015fim Tasar\u0131m\u0131 B\u00f6l\u00fcm\u00fc G\u00f6rselli\u011fin g\u00fcn\u00fcm\u00fczde ger\u00e7eklik alg\u0131s\u0131n\u0131n belirlenmesinde h\u00e2kim bir rol \u00fcstlendi\u011fi bilinmektedir. Matbaa ve foto\u011fraf makinesinin icad\u0131yla ba\u015flayan, sinema ve televizyonla devam eden bu s\u00fcre\u00e7 internet ve mobil ileti\u015fim ara\u00e7lar\u0131yla birlikte her ge\u00e7en g\u00fcn h\u00e2kimiyetini peki\u015ftirmekte ve ayn\u0131 oranda biraz daha karma\u015f\u0131k hale gelmektedir. Bilgisayar\u0131n icad\u0131 ile birlikte g\u00f6rsel ileti\u015fim tasar\u0131m\u0131 alan\u0131nda ikinci [&hellip;]\" \/>\n<meta property=\"og:url\" content=\"http:\/\/ticaret.edu.tr\/gorsel-iletisim-tasarimi\/giris-yazisi\/\" \/>\n<meta property=\"og:site_name\" content=\"G\u00f6rsel \u0130leti\u015fim Tasar\u0131m\u0131\" \/>\n<meta property=\"article:publisher\" content=\"https:\/\/www.facebook.com\/ticaretedutr\" \/>\n<meta property=\"article:modified_time\" content=\"2025-03-17T20:24:21+00:00\" \/>\n<meta property=\"og:image\" content=\"http:\/\/ticaret.edu.tr\/gorsel-iletisim-tasarimi\/wp-content\/uploads\/sites\/12\/2025\/03\/1.jpeg\" \/>\n<meta name=\"twitter:card\" content=\"summary_large_image\" \/>\n<meta name=\"twitter:site\" content=\"@ticaretedutr\" \/>\n<meta name=\"twitter:label1\" content=\"Tahmini okuma s\u00fcresi\" \/>\n\t<meta name=\"twitter:data1\" content=\"2 dakika\" \/>\n<script type=\"application\/ld+json\" class=\"yoast-schema-graph\">{\"@context\":\"https:\/\/schema.org\",\"@graph\":[{\"@type\":\"WebPage\",\"@id\":\"http:\/\/ticaret.edu.tr\/gorsel-iletisim-tasarimi\/giris-yazisi\/\",\"url\":\"http:\/\/ticaret.edu.tr\/gorsel-iletisim-tasarimi\/giris-yazisi\/\",\"name\":\"Giri\u015f Yaz\u0131s\u0131 - G\u00f6rsel \u0130leti\u015fim Tasar\u0131m\u0131\",\"isPartOf\":{\"@id\":\"http:\/\/ticaret.edu.tr\/gorsel-iletisim-tasarimi\/en\/#website\"},\"datePublished\":\"2025-01-25T18:05:45+00:00\",\"dateModified\":\"2025-03-17T20:24:21+00:00\",\"breadcrumb\":{\"@id\":\"http:\/\/ticaret.edu.tr\/gorsel-iletisim-tasarimi\/giris-yazisi\/#breadcrumb\"},\"inLanguage\":\"tr\",\"potentialAction\":[{\"@type\":\"ReadAction\",\"target\":[\"http:\/\/ticaret.edu.tr\/gorsel-iletisim-tasarimi\/giris-yazisi\/\"]}]},{\"@type\":\"BreadcrumbList\",\"@id\":\"http:\/\/ticaret.edu.tr\/gorsel-iletisim-tasarimi\/giris-yazisi\/#breadcrumb\",\"itemListElement\":[{\"@type\":\"ListItem\",\"position\":1,\"name\":\"Ana sayfa\",\"item\":\"https:\/\/ticaret.edu.tr\/gorsel-iletisim-tasarimi\/\"},{\"@type\":\"ListItem\",\"position\":2,\"name\":\"Giri\u015f Yaz\u0131s\u0131\"}]},{\"@type\":\"WebSite\",\"@id\":\"http:\/\/ticaret.edu.tr\/gorsel-iletisim-tasarimi\/en\/#website\",\"url\":\"http:\/\/ticaret.edu.tr\/gorsel-iletisim-tasarimi\/en\/\",\"name\":\"G\u00f6rsel \u0130leti\u015fim Tasar\u0131m\u0131\",\"description\":\"\",\"potentialAction\":[{\"@type\":\"SearchAction\",\"target\":{\"@type\":\"EntryPoint\",\"urlTemplate\":\"http:\/\/ticaret.edu.tr\/gorsel-iletisim-tasarimi\/en\/?s={search_term_string}\"},\"query-input\":\"required name=search_term_string\"}],\"inLanguage\":\"tr\"}]}<\/script>\n<!-- \/ Yoast SEO Premium plugin. -->","yoast_head_json":{"title":"Giri\u015f Yaz\u0131s\u0131 - G\u00f6rsel \u0130leti\u015fim Tasar\u0131m\u0131","robots":{"index":"index","follow":"follow","max-snippet":"max-snippet:-1","max-image-preview":"max-image-preview:large","max-video-preview":"max-video-preview:-1"},"canonical":"http:\/\/ticaret.edu.tr\/gorsel-iletisim-tasarimi\/giris-yazisi\/","og_locale":"tr_TR","og_type":"article","og_title":"Giri\u015f Yaz\u0131s\u0131","og_description":"G\u00f6rsel \u0130leti\u015fim Tasar\u0131m\u0131 B\u00f6l\u00fcm\u00fc G\u00f6rselli\u011fin g\u00fcn\u00fcm\u00fczde ger\u00e7eklik alg\u0131s\u0131n\u0131n belirlenmesinde h\u00e2kim bir rol \u00fcstlendi\u011fi bilinmektedir. Matbaa ve foto\u011fraf makinesinin icad\u0131yla ba\u015flayan, sinema ve televizyonla devam eden bu s\u00fcre\u00e7 internet ve mobil ileti\u015fim ara\u00e7lar\u0131yla birlikte her ge\u00e7en g\u00fcn h\u00e2kimiyetini peki\u015ftirmekte ve ayn\u0131 oranda biraz daha karma\u015f\u0131k hale gelmektedir. Bilgisayar\u0131n icad\u0131 ile birlikte g\u00f6rsel ileti\u015fim tasar\u0131m\u0131 alan\u0131nda ikinci [&hellip;]","og_url":"http:\/\/ticaret.edu.tr\/gorsel-iletisim-tasarimi\/giris-yazisi\/","og_site_name":"G\u00f6rsel \u0130leti\u015fim Tasar\u0131m\u0131","article_publisher":"https:\/\/www.facebook.com\/ticaretedutr","article_modified_time":"2025-03-17T20:24:21+00:00","og_image":[{"url":"http:\/\/ticaret.edu.tr\/gorsel-iletisim-tasarimi\/wp-content\/uploads\/sites\/12\/2025\/03\/1.jpeg"}],"twitter_card":"summary_large_image","twitter_site":"@ticaretedutr","twitter_misc":{"Tahmini okuma s\u00fcresi":"2 dakika"},"schema":{"@context":"https:\/\/schema.org","@graph":[{"@type":"WebPage","@id":"http:\/\/ticaret.edu.tr\/gorsel-iletisim-tasarimi\/giris-yazisi\/","url":"http:\/\/ticaret.edu.tr\/gorsel-iletisim-tasarimi\/giris-yazisi\/","name":"Giri\u015f Yaz\u0131s\u0131 - G\u00f6rsel \u0130leti\u015fim Tasar\u0131m\u0131","isPartOf":{"@id":"http:\/\/ticaret.edu.tr\/gorsel-iletisim-tasarimi\/en\/#website"},"datePublished":"2025-01-25T18:05:45+00:00","dateModified":"2025-03-17T20:24:21+00:00","breadcrumb":{"@id":"http:\/\/ticaret.edu.tr\/gorsel-iletisim-tasarimi\/giris-yazisi\/#breadcrumb"},"inLanguage":"tr","potentialAction":[{"@type":"ReadAction","target":["http:\/\/ticaret.edu.tr\/gorsel-iletisim-tasarimi\/giris-yazisi\/"]}]},{"@type":"BreadcrumbList","@id":"http:\/\/ticaret.edu.tr\/gorsel-iletisim-tasarimi\/giris-yazisi\/#breadcrumb","itemListElement":[{"@type":"ListItem","position":1,"name":"Ana sayfa","item":"https:\/\/ticaret.edu.tr\/gorsel-iletisim-tasarimi\/"},{"@type":"ListItem","position":2,"name":"Giri\u015f Yaz\u0131s\u0131"}]},{"@type":"WebSite","@id":"http:\/\/ticaret.edu.tr\/gorsel-iletisim-tasarimi\/en\/#website","url":"http:\/\/ticaret.edu.tr\/gorsel-iletisim-tasarimi\/en\/","name":"G\u00f6rsel \u0130leti\u015fim Tasar\u0131m\u0131","description":"","potentialAction":[{"@type":"SearchAction","target":{"@type":"EntryPoint","urlTemplate":"http:\/\/ticaret.edu.tr\/gorsel-iletisim-tasarimi\/en\/?s={search_term_string}"},"query-input":"required name=search_term_string"}],"inLanguage":"tr"}]}},"lang":"tr","translations":{"en":1755,"tr":1753},"pll_sync_post":[],"_links":{"self":[{"href":"http:\/\/ticaret.edu.tr\/gorsel-iletisim-tasarimi\/wp-json\/wp\/v2\/pages\/1753"}],"collection":[{"href":"http:\/\/ticaret.edu.tr\/gorsel-iletisim-tasarimi\/wp-json\/wp\/v2\/pages"}],"about":[{"href":"http:\/\/ticaret.edu.tr\/gorsel-iletisim-tasarimi\/wp-json\/wp\/v2\/types\/page"}],"author":[{"embeddable":true,"href":"http:\/\/ticaret.edu.tr\/gorsel-iletisim-tasarimi\/wp-json\/wp\/v2\/users\/211"}],"replies":[{"embeddable":true,"href":"http:\/\/ticaret.edu.tr\/gorsel-iletisim-tasarimi\/wp-json\/wp\/v2\/comments?post=1753"}],"version-history":[{"count":7,"href":"http:\/\/ticaret.edu.tr\/gorsel-iletisim-tasarimi\/wp-json\/wp\/v2\/pages\/1753\/revisions"}],"predecessor-version":[{"id":2215,"href":"http:\/\/ticaret.edu.tr\/gorsel-iletisim-tasarimi\/wp-json\/wp\/v2\/pages\/1753\/revisions\/2215"}],"wp:attachment":[{"href":"http:\/\/ticaret.edu.tr\/gorsel-iletisim-tasarimi\/wp-json\/wp\/v2\/media?parent=1753"}],"curies":[{"name":"wp","href":"https:\/\/api.w.org\/{rel}","templated":true}]}}