{"id":1767,"date":"2025-01-26T16:31:46","date_gmt":"2025-01-26T13:31:46","guid":{"rendered":"https:\/\/ticaret.edu.tr\/gorsel-iletisim-tasarimi\/?page_id=1767"},"modified":"2025-10-17T10:17:26","modified_gmt":"2025-10-17T07:17:26","slug":"tarihce","status":"publish","type":"page","link":"http:\/\/ticaret.edu.tr\/gorsel-iletisim-tasarimi\/tarihce\/","title":{"rendered":"Tarih\u00e7e"},"content":{"rendered":"<p>G\u00f6rsel ileti\u015fim Tasar\u0131m\u0131 B\u00f6l\u00fcm\u00fc lisans program\u0131, \u0130stanbulTicaret \u00dcniversitesi\u2019nin kuruldu\u011fu 2001 y\u0131l\u0131ndan itibaren \u0130leti\u015fim Fak\u00fcltesi b\u00fcnyesinde yer almaktad\u0131r. \u00d6\u011fretim dili T\u00fcrk\u00e7e\u2019dir. G\u00f6rsel ileti\u015fim alan\u0131na teorik ve uygulamal\u0131 ders i\u00e7erikleriyle katk\u0131 sunan b\u00f6l\u00fcm\u00fcm\u00fcze ilgi her y\u0131l artmaktad\u0131r. Bu \u00e7er\u00e7evede, 2017-19 y\u0131llar\u0131 aras\u0131nda 30 olan \u00f6\u011frenci kontenjan\u0131 2024-25 \u00f6neminde 59 \u00f6\u011frenci say\u0131s\u0131na ula\u015fm\u0131\u015ft\u0131r.<\/p>\n<p>B\u00f6l\u00fcm\u00fczde yer alan ger\u00e7ek \u00e7ekim efektlerine imk\u00e2n tan\u0131yan televizyon ve film st\u00fcdyosu, 2 foto\u011fraf st\u00fcdyosu, reji odas\u0131, radyo st\u00fcdyosu, film ve animasyon at\u00f6lyesi ve Mac bilgisayarlar\u0131yla donat\u0131lm\u0131\u015f laboratuvarlar\u0131nda \u00f6\u011frencilerimiz teorik ve pratik derslerde \u00f6\u011frendiklerini uygulama ve kendilerini b\u00f6ylece gelece\u011fe haz\u0131rlama imk\u00e2n\u0131 bulmaktad\u0131r.<br \/>\nB\u00f6l\u00fcm\u00fcm\u00fcz b\u00fcnyesinde 2025 y\u0131l\u0131 itibar\u0131yla, 7 \u00d6\u011fretim \u00dcyesi, 1 \u00d6\u011fretim G\u00f6revlisi, 2 Ara\u015ft\u0131rma G\u00f6revlisi ve 1 Teknik Uzman g\u00f6rev yapmaktad\u0131r.<\/p>\n<p>B\u00f6l\u00fcm\u00fcm\u00fczde 2024 d\u00f6nemi itibar\u0131yla kay\u0131t yapt\u0131ran \u00f6\u011frenci say\u0131s\u0131 39, 2024-25 \u00f6\u011fretim d\u00f6nemi itibar\u0131yla mezun olan \u00f6\u011frenci say\u0131m\u0131z 35\u2019dir.<\/p>\n","protected":false},"excerpt":{"rendered":"<p>G\u00f6rsel ileti\u015fim Tasar\u0131m\u0131 B\u00f6l\u00fcm\u00fc lisans program\u0131, \u0130stanbulTicaret \u00dcniversitesi\u2019nin kuruldu\u011fu 2001 y\u0131l\u0131ndan itibaren \u0130leti\u015fim Fak\u00fcltesi b\u00fcnyesinde yer almaktad\u0131r. \u00d6\u011fretim dili T\u00fcrk\u00e7e\u2019dir. G\u00f6rsel ileti\u015fim alan\u0131na teorik ve uygulamal\u0131 ders i\u00e7erikleriyle katk\u0131 sunan b\u00f6l\u00fcm\u00fcm\u00fcze ilgi her y\u0131l artmaktad\u0131r. Bu \u00e7er\u00e7evede, 2017-19 y\u0131llar\u0131 aras\u0131nda 30 olan \u00f6\u011frenci kontenjan\u0131 2024-25 \u00f6neminde 59 \u00f6\u011frenci say\u0131s\u0131na ula\u015fm\u0131\u015ft\u0131r. B\u00f6l\u00fcm\u00fczde yer alan ger\u00e7ek \u00e7ekim [&hellip;]<\/p>\n","protected":false},"author":43,"featured_media":0,"parent":0,"menu_order":0,"comment_status":"closed","ping_status":"closed","template":"genel_sayfa.php","meta":{"footnotes":""},"yoast_head":"<!-- This site is optimized with the Yoast SEO Premium plugin v22.1 (Yoast SEO v22.1) - https:\/\/yoast.com\/wordpress\/plugins\/seo\/ -->\n<title>Tarih\u00e7e - G\u00f6rsel \u0130leti\u015fim Tasar\u0131m\u0131<\/title>\n<meta name=\"robots\" content=\"index, follow, max-snippet:-1, max-image-preview:large, max-video-preview:-1\" \/>\n<link rel=\"canonical\" href=\"http:\/\/ticaret.edu.tr\/gorsel-iletisim-tasarimi\/tarihce\/\" \/>\n<meta property=\"og:locale\" content=\"tr_TR\" \/>\n<meta property=\"og:type\" content=\"article\" \/>\n<meta property=\"og:title\" content=\"Tarih\u00e7e\" \/>\n<meta property=\"og:description\" content=\"G\u00f6rsel ileti\u015fim Tasar\u0131m\u0131 B\u00f6l\u00fcm\u00fc lisans program\u0131, \u0130stanbulTicaret \u00dcniversitesi\u2019nin kuruldu\u011fu 2001 y\u0131l\u0131ndan itibaren \u0130leti\u015fim Fak\u00fcltesi b\u00fcnyesinde yer almaktad\u0131r. \u00d6\u011fretim dili T\u00fcrk\u00e7e\u2019dir. G\u00f6rsel ileti\u015fim alan\u0131na teorik ve uygulamal\u0131 ders i\u00e7erikleriyle katk\u0131 sunan b\u00f6l\u00fcm\u00fcm\u00fcze ilgi her y\u0131l artmaktad\u0131r. Bu \u00e7er\u00e7evede, 2017-19 y\u0131llar\u0131 aras\u0131nda 30 olan \u00f6\u011frenci kontenjan\u0131 2024-25 \u00f6neminde 59 \u00f6\u011frenci say\u0131s\u0131na ula\u015fm\u0131\u015ft\u0131r. B\u00f6l\u00fcm\u00fczde yer alan ger\u00e7ek \u00e7ekim [&hellip;]\" \/>\n<meta property=\"og:url\" content=\"http:\/\/ticaret.edu.tr\/gorsel-iletisim-tasarimi\/tarihce\/\" \/>\n<meta property=\"og:site_name\" content=\"G\u00f6rsel \u0130leti\u015fim Tasar\u0131m\u0131\" \/>\n<meta property=\"article:publisher\" content=\"https:\/\/www.facebook.com\/ticaretedutr\" \/>\n<meta property=\"article:modified_time\" content=\"2025-10-17T07:17:26+00:00\" \/>\n<meta property=\"og:image\" content=\"http:\/\/ticaret.edu.tr\/gorsel-iletisim-tasarimi\/wp-content\/uploads\/sites\/12\/2021\/11\/web_logo-01.jpg\" \/>\n\t<meta property=\"og:image:width\" content=\"1250\" \/>\n\t<meta property=\"og:image:height\" content=\"833\" \/>\n\t<meta property=\"og:image:type\" content=\"image\/jpeg\" \/>\n<meta name=\"twitter:card\" content=\"summary_large_image\" \/>\n<meta name=\"twitter:site\" content=\"@ticaretedutr\" \/>\n<meta name=\"twitter:label1\" content=\"Tahmini okuma s\u00fcresi\" \/>\n\t<meta name=\"twitter:data1\" content=\"1 dakika\" \/>\n<script type=\"application\/ld+json\" class=\"yoast-schema-graph\">{\"@context\":\"https:\/\/schema.org\",\"@graph\":[{\"@type\":\"WebPage\",\"@id\":\"http:\/\/ticaret.edu.tr\/gorsel-iletisim-tasarimi\/tarihce\/\",\"url\":\"http:\/\/ticaret.edu.tr\/gorsel-iletisim-tasarimi\/tarihce\/\",\"name\":\"Tarih\u00e7e - G\u00f6rsel \u0130leti\u015fim Tasar\u0131m\u0131\",\"isPartOf\":{\"@id\":\"http:\/\/ticaret.edu.tr\/gorsel-iletisim-tasarimi\/en\/#website\"},\"datePublished\":\"2025-01-26T13:31:46+00:00\",\"dateModified\":\"2025-10-17T07:17:26+00:00\",\"breadcrumb\":{\"@id\":\"http:\/\/ticaret.edu.tr\/gorsel-iletisim-tasarimi\/tarihce\/#breadcrumb\"},\"inLanguage\":\"tr\",\"potentialAction\":[{\"@type\":\"ReadAction\",\"target\":[\"http:\/\/ticaret.edu.tr\/gorsel-iletisim-tasarimi\/tarihce\/\"]}]},{\"@type\":\"BreadcrumbList\",\"@id\":\"http:\/\/ticaret.edu.tr\/gorsel-iletisim-tasarimi\/tarihce\/#breadcrumb\",\"itemListElement\":[{\"@type\":\"ListItem\",\"position\":1,\"name\":\"Ana sayfa\",\"item\":\"https:\/\/ticaret.edu.tr\/gorsel-iletisim-tasarimi\/\"},{\"@type\":\"ListItem\",\"position\":2,\"name\":\"Tarih\u00e7e\"}]},{\"@type\":\"WebSite\",\"@id\":\"http:\/\/ticaret.edu.tr\/gorsel-iletisim-tasarimi\/en\/#website\",\"url\":\"http:\/\/ticaret.edu.tr\/gorsel-iletisim-tasarimi\/en\/\",\"name\":\"G\u00f6rsel \u0130leti\u015fim Tasar\u0131m\u0131\",\"description\":\"\",\"potentialAction\":[{\"@type\":\"SearchAction\",\"target\":{\"@type\":\"EntryPoint\",\"urlTemplate\":\"http:\/\/ticaret.edu.tr\/gorsel-iletisim-tasarimi\/en\/?s={search_term_string}\"},\"query-input\":\"required name=search_term_string\"}],\"inLanguage\":\"tr\"}]}<\/script>\n<!-- \/ Yoast SEO Premium plugin. -->","yoast_head_json":{"title":"Tarih\u00e7e - G\u00f6rsel \u0130leti\u015fim Tasar\u0131m\u0131","robots":{"index":"index","follow":"follow","max-snippet":"max-snippet:-1","max-image-preview":"max-image-preview:large","max-video-preview":"max-video-preview:-1"},"canonical":"http:\/\/ticaret.edu.tr\/gorsel-iletisim-tasarimi\/tarihce\/","og_locale":"tr_TR","og_type":"article","og_title":"Tarih\u00e7e","og_description":"G\u00f6rsel ileti\u015fim Tasar\u0131m\u0131 B\u00f6l\u00fcm\u00fc lisans program\u0131, \u0130stanbulTicaret \u00dcniversitesi\u2019nin kuruldu\u011fu 2001 y\u0131l\u0131ndan itibaren \u0130leti\u015fim Fak\u00fcltesi b\u00fcnyesinde yer almaktad\u0131r. \u00d6\u011fretim dili T\u00fcrk\u00e7e\u2019dir. G\u00f6rsel ileti\u015fim alan\u0131na teorik ve uygulamal\u0131 ders i\u00e7erikleriyle katk\u0131 sunan b\u00f6l\u00fcm\u00fcm\u00fcze ilgi her y\u0131l artmaktad\u0131r. Bu \u00e7er\u00e7evede, 2017-19 y\u0131llar\u0131 aras\u0131nda 30 olan \u00f6\u011frenci kontenjan\u0131 2024-25 \u00f6neminde 59 \u00f6\u011frenci say\u0131s\u0131na ula\u015fm\u0131\u015ft\u0131r. B\u00f6l\u00fcm\u00fczde yer alan ger\u00e7ek \u00e7ekim [&hellip;]","og_url":"http:\/\/ticaret.edu.tr\/gorsel-iletisim-tasarimi\/tarihce\/","og_site_name":"G\u00f6rsel \u0130leti\u015fim Tasar\u0131m\u0131","article_publisher":"https:\/\/www.facebook.com\/ticaretedutr","article_modified_time":"2025-10-17T07:17:26+00:00","og_image":[{"width":1250,"height":833,"url":"http:\/\/ticaret.edu.tr\/gorsel-iletisim-tasarimi\/wp-content\/uploads\/sites\/12\/2021\/11\/web_logo-01.jpg","type":"image\/jpeg"}],"twitter_card":"summary_large_image","twitter_site":"@ticaretedutr","twitter_misc":{"Tahmini okuma s\u00fcresi":"1 dakika"},"schema":{"@context":"https:\/\/schema.org","@graph":[{"@type":"WebPage","@id":"http:\/\/ticaret.edu.tr\/gorsel-iletisim-tasarimi\/tarihce\/","url":"http:\/\/ticaret.edu.tr\/gorsel-iletisim-tasarimi\/tarihce\/","name":"Tarih\u00e7e - G\u00f6rsel \u0130leti\u015fim Tasar\u0131m\u0131","isPartOf":{"@id":"http:\/\/ticaret.edu.tr\/gorsel-iletisim-tasarimi\/en\/#website"},"datePublished":"2025-01-26T13:31:46+00:00","dateModified":"2025-10-17T07:17:26+00:00","breadcrumb":{"@id":"http:\/\/ticaret.edu.tr\/gorsel-iletisim-tasarimi\/tarihce\/#breadcrumb"},"inLanguage":"tr","potentialAction":[{"@type":"ReadAction","target":["http:\/\/ticaret.edu.tr\/gorsel-iletisim-tasarimi\/tarihce\/"]}]},{"@type":"BreadcrumbList","@id":"http:\/\/ticaret.edu.tr\/gorsel-iletisim-tasarimi\/tarihce\/#breadcrumb","itemListElement":[{"@type":"ListItem","position":1,"name":"Ana sayfa","item":"https:\/\/ticaret.edu.tr\/gorsel-iletisim-tasarimi\/"},{"@type":"ListItem","position":2,"name":"Tarih\u00e7e"}]},{"@type":"WebSite","@id":"http:\/\/ticaret.edu.tr\/gorsel-iletisim-tasarimi\/en\/#website","url":"http:\/\/ticaret.edu.tr\/gorsel-iletisim-tasarimi\/en\/","name":"G\u00f6rsel \u0130leti\u015fim Tasar\u0131m\u0131","description":"","potentialAction":[{"@type":"SearchAction","target":{"@type":"EntryPoint","urlTemplate":"http:\/\/ticaret.edu.tr\/gorsel-iletisim-tasarimi\/en\/?s={search_term_string}"},"query-input":"required name=search_term_string"}],"inLanguage":"tr"}]}},"lang":"tr","translations":{"en":1769,"tr":1767},"pll_sync_post":[],"_links":{"self":[{"href":"http:\/\/ticaret.edu.tr\/gorsel-iletisim-tasarimi\/wp-json\/wp\/v2\/pages\/1767"}],"collection":[{"href":"http:\/\/ticaret.edu.tr\/gorsel-iletisim-tasarimi\/wp-json\/wp\/v2\/pages"}],"about":[{"href":"http:\/\/ticaret.edu.tr\/gorsel-iletisim-tasarimi\/wp-json\/wp\/v2\/types\/page"}],"author":[{"embeddable":true,"href":"http:\/\/ticaret.edu.tr\/gorsel-iletisim-tasarimi\/wp-json\/wp\/v2\/users\/43"}],"replies":[{"embeddable":true,"href":"http:\/\/ticaret.edu.tr\/gorsel-iletisim-tasarimi\/wp-json\/wp\/v2\/comments?post=1767"}],"version-history":[{"count":7,"href":"http:\/\/ticaret.edu.tr\/gorsel-iletisim-tasarimi\/wp-json\/wp\/v2\/pages\/1767\/revisions"}],"predecessor-version":[{"id":2346,"href":"http:\/\/ticaret.edu.tr\/gorsel-iletisim-tasarimi\/wp-json\/wp\/v2\/pages\/1767\/revisions\/2346"}],"wp:attachment":[{"href":"http:\/\/ticaret.edu.tr\/gorsel-iletisim-tasarimi\/wp-json\/wp\/v2\/media?parent=1767"}],"curies":[{"name":"wp","href":"https:\/\/api.w.org\/{rel}","templated":true}]}}