{"id":1779,"date":"2025-01-26T16:35:35","date_gmt":"2025-01-26T13:35:35","guid":{"rendered":"https:\/\/ticaret.edu.tr\/gorsel-iletisim-tasarimi\/?page_id=1779"},"modified":"2025-03-20T15:41:19","modified_gmt":"2025-03-20T12:41:19","slug":"ogrenci-topluluklari","status":"publish","type":"page","link":"http:\/\/ticaret.edu.tr\/gorsel-iletisim-tasarimi\/ogrenci-topluluklari\/","title":{"rendered":"\u00d6\u011frenci Topluluklar\u0131"},"content":{"rendered":"<div class=\"col-12 col-md-8 py-3 d-flex flex-column\">\n<p><strong>Ticaret Medya Merkezi (TMM)<\/strong><\/p>\n<table>\n<tbody>\n<tr>\n<td><a href=\"https:\/\/twitter.com\/ticaretimm\"><img decoding=\"async\" src=\"https:\/\/ticaret.edu.tr\/iletisim\/wp-content\/uploads\/sites\/4\/2020\/06\/timm.png\" \/><\/a><\/td>\n<td><a href=\"https:\/\/www.youtube.com\/watch?v=El-1RQlhZ54\"><img decoding=\"async\" src=\"https:\/\/ticaret.edu.tr\/iletisim\/wp-content\/uploads\/sites\/4\/2020\/06\/timm_anima.png\" \/><\/a><\/td>\n<td><a href=\"https:\/\/www.youtube.com\/channel\/UCBH5Q5rbROPA9PCMAmYu0Tw\/featured\"><img decoding=\"async\" src=\"https:\/\/ticaret.edu.tr\/iletisim\/wp-content\/uploads\/sites\/4\/2020\/06\/timm_tv.png\" \/><\/a><\/td>\n<td><a href=\"http:\/\/prad.ist\/\"><img decoding=\"async\" src=\"https:\/\/ticaret.edu.tr\/iletisim\/wp-content\/uploads\/sites\/4\/2020\/06\/timm_pr.png\" \/><\/a><\/td>\n<\/tr>\n<\/tbody>\n<\/table>\n<\/div>\n<div class=\"col-4 px-4 py-3 d-none d-md-block\"><\/div>\n","protected":false},"excerpt":{"rendered":"<p>Ticaret Medya Merkezi (TMM)<\/p>\n","protected":false},"author":43,"featured_media":0,"parent":0,"menu_order":0,"comment_status":"closed","ping_status":"closed","template":"genel_sayfa.php","meta":{"footnotes":""},"yoast_head":"<!-- This site is optimized with the Yoast SEO Premium plugin v22.1 (Yoast SEO v22.1) - https:\/\/yoast.com\/wordpress\/plugins\/seo\/ -->\n<title>\u00d6\u011frenci Topluluklar\u0131 - G\u00f6rsel \u0130leti\u015fim Tasar\u0131m\u0131<\/title>\n<meta name=\"robots\" content=\"index, follow, max-snippet:-1, max-image-preview:large, max-video-preview:-1\" \/>\n<link rel=\"canonical\" href=\"https:\/\/ticaret.edu.tr\/gorsel-iletisim-tasarimi\/ogrenci-topluluklari\/\" \/>\n<meta property=\"og:locale\" content=\"tr_TR\" \/>\n<meta property=\"og:type\" content=\"article\" \/>\n<meta property=\"og:title\" content=\"\u00d6\u011frenci Topluluklar\u0131\" \/>\n<meta property=\"og:description\" content=\"Ticaret Medya Merkezi (TMM)\" \/>\n<meta property=\"og:url\" content=\"https:\/\/ticaret.edu.tr\/gorsel-iletisim-tasarimi\/ogrenci-topluluklari\/\" \/>\n<meta property=\"og:site_name\" content=\"G\u00f6rsel \u0130leti\u015fim Tasar\u0131m\u0131\" \/>\n<meta property=\"article:publisher\" content=\"https:\/\/www.facebook.com\/ticaretedutr\" \/>\n<meta property=\"article:modified_time\" content=\"2025-03-20T12:41:19+00:00\" \/>\n<meta property=\"og:image\" content=\"https:\/\/ticaret.edu.tr\/iletisim\/wp-content\/uploads\/sites\/4\/2020\/06\/timm.png\" \/>\n<meta name=\"twitter:card\" content=\"summary_large_image\" \/>\n<meta name=\"twitter:site\" content=\"@ticaretedutr\" \/>\n<script type=\"application\/ld+json\" class=\"yoast-schema-graph\">{\"@context\":\"https:\/\/schema.org\",\"@graph\":[{\"@type\":\"WebPage\",\"@id\":\"https:\/\/ticaret.edu.tr\/gorsel-iletisim-tasarimi\/ogrenci-topluluklari\/\",\"url\":\"https:\/\/ticaret.edu.tr\/gorsel-iletisim-tasarimi\/ogrenci-topluluklari\/\",\"name\":\"\u00d6\u011frenci Topluluklar\u0131 - G\u00f6rsel \u0130leti\u015fim Tasar\u0131m\u0131\",\"isPartOf\":{\"@id\":\"http:\/\/ticaret.edu.tr\/gorsel-iletisim-tasarimi\/en\/#website\"},\"datePublished\":\"2025-01-26T13:35:35+00:00\",\"dateModified\":\"2025-03-20T12:41:19+00:00\",\"breadcrumb\":{\"@id\":\"https:\/\/ticaret.edu.tr\/gorsel-iletisim-tasarimi\/ogrenci-topluluklari\/#breadcrumb\"},\"inLanguage\":\"tr\",\"potentialAction\":[{\"@type\":\"ReadAction\",\"target\":[\"https:\/\/ticaret.edu.tr\/gorsel-iletisim-tasarimi\/ogrenci-topluluklari\/\"]}]},{\"@type\":\"BreadcrumbList\",\"@id\":\"https:\/\/ticaret.edu.tr\/gorsel-iletisim-tasarimi\/ogrenci-topluluklari\/#breadcrumb\",\"itemListElement\":[{\"@type\":\"ListItem\",\"position\":1,\"name\":\"Ana sayfa\",\"item\":\"https:\/\/ticaret.edu.tr\/gorsel-iletisim-tasarimi\/\"},{\"@type\":\"ListItem\",\"position\":2,\"name\":\"\u00d6\u011frenci Topluluklar\u0131\"}]},{\"@type\":\"WebSite\",\"@id\":\"http:\/\/ticaret.edu.tr\/gorsel-iletisim-tasarimi\/en\/#website\",\"url\":\"http:\/\/ticaret.edu.tr\/gorsel-iletisim-tasarimi\/en\/\",\"name\":\"G\u00f6rsel \u0130leti\u015fim Tasar\u0131m\u0131\",\"description\":\"\",\"potentialAction\":[{\"@type\":\"SearchAction\",\"target\":{\"@type\":\"EntryPoint\",\"urlTemplate\":\"http:\/\/ticaret.edu.tr\/gorsel-iletisim-tasarimi\/en\/?s={search_term_string}\"},\"query-input\":\"required name=search_term_string\"}],\"inLanguage\":\"tr\"}]}<\/script>\n<!-- \/ Yoast SEO Premium plugin. -->","yoast_head_json":{"title":"\u00d6\u011frenci Topluluklar\u0131 - G\u00f6rsel \u0130leti\u015fim Tasar\u0131m\u0131","robots":{"index":"index","follow":"follow","max-snippet":"max-snippet:-1","max-image-preview":"max-image-preview:large","max-video-preview":"max-video-preview:-1"},"canonical":"https:\/\/ticaret.edu.tr\/gorsel-iletisim-tasarimi\/ogrenci-topluluklari\/","og_locale":"tr_TR","og_type":"article","og_title":"\u00d6\u011frenci Topluluklar\u0131","og_description":"Ticaret Medya Merkezi (TMM)","og_url":"https:\/\/ticaret.edu.tr\/gorsel-iletisim-tasarimi\/ogrenci-topluluklari\/","og_site_name":"G\u00f6rsel \u0130leti\u015fim Tasar\u0131m\u0131","article_publisher":"https:\/\/www.facebook.com\/ticaretedutr","article_modified_time":"2025-03-20T12:41:19+00:00","og_image":[{"url":"https:\/\/ticaret.edu.tr\/iletisim\/wp-content\/uploads\/sites\/4\/2020\/06\/timm.png"}],"twitter_card":"summary_large_image","twitter_site":"@ticaretedutr","schema":{"@context":"https:\/\/schema.org","@graph":[{"@type":"WebPage","@id":"https:\/\/ticaret.edu.tr\/gorsel-iletisim-tasarimi\/ogrenci-topluluklari\/","url":"https:\/\/ticaret.edu.tr\/gorsel-iletisim-tasarimi\/ogrenci-topluluklari\/","name":"\u00d6\u011frenci Topluluklar\u0131 - G\u00f6rsel \u0130leti\u015fim Tasar\u0131m\u0131","isPartOf":{"@id":"http:\/\/ticaret.edu.tr\/gorsel-iletisim-tasarimi\/en\/#website"},"datePublished":"2025-01-26T13:35:35+00:00","dateModified":"2025-03-20T12:41:19+00:00","breadcrumb":{"@id":"https:\/\/ticaret.edu.tr\/gorsel-iletisim-tasarimi\/ogrenci-topluluklari\/#breadcrumb"},"inLanguage":"tr","potentialAction":[{"@type":"ReadAction","target":["https:\/\/ticaret.edu.tr\/gorsel-iletisim-tasarimi\/ogrenci-topluluklari\/"]}]},{"@type":"BreadcrumbList","@id":"https:\/\/ticaret.edu.tr\/gorsel-iletisim-tasarimi\/ogrenci-topluluklari\/#breadcrumb","itemListElement":[{"@type":"ListItem","position":1,"name":"Ana sayfa","item":"https:\/\/ticaret.edu.tr\/gorsel-iletisim-tasarimi\/"},{"@type":"ListItem","position":2,"name":"\u00d6\u011frenci Topluluklar\u0131"}]},{"@type":"WebSite","@id":"http:\/\/ticaret.edu.tr\/gorsel-iletisim-tasarimi\/en\/#website","url":"http:\/\/ticaret.edu.tr\/gorsel-iletisim-tasarimi\/en\/","name":"G\u00f6rsel \u0130leti\u015fim Tasar\u0131m\u0131","description":"","potentialAction":[{"@type":"SearchAction","target":{"@type":"EntryPoint","urlTemplate":"http:\/\/ticaret.edu.tr\/gorsel-iletisim-tasarimi\/en\/?s={search_term_string}"},"query-input":"required name=search_term_string"}],"inLanguage":"tr"}]}},"lang":"tr","translations":{"en":1781,"tr":1779},"pll_sync_post":[],"_links":{"self":[{"href":"http:\/\/ticaret.edu.tr\/gorsel-iletisim-tasarimi\/wp-json\/wp\/v2\/pages\/1779"}],"collection":[{"href":"http:\/\/ticaret.edu.tr\/gorsel-iletisim-tasarimi\/wp-json\/wp\/v2\/pages"}],"about":[{"href":"http:\/\/ticaret.edu.tr\/gorsel-iletisim-tasarimi\/wp-json\/wp\/v2\/types\/page"}],"author":[{"embeddable":true,"href":"http:\/\/ticaret.edu.tr\/gorsel-iletisim-tasarimi\/wp-json\/wp\/v2\/users\/43"}],"replies":[{"embeddable":true,"href":"http:\/\/ticaret.edu.tr\/gorsel-iletisim-tasarimi\/wp-json\/wp\/v2\/comments?post=1779"}],"version-history":[{"count":2,"href":"http:\/\/ticaret.edu.tr\/gorsel-iletisim-tasarimi\/wp-json\/wp\/v2\/pages\/1779\/revisions"}],"predecessor-version":[{"id":2242,"href":"http:\/\/ticaret.edu.tr\/gorsel-iletisim-tasarimi\/wp-json\/wp\/v2\/pages\/1779\/revisions\/2242"}],"wp:attachment":[{"href":"http:\/\/ticaret.edu.tr\/gorsel-iletisim-tasarimi\/wp-json\/wp\/v2\/media?parent=1779"}],"curies":[{"name":"wp","href":"https:\/\/api.w.org\/{rel}","templated":true}]}}