{"id":1838,"date":"2025-01-26T16:48:42","date_gmt":"2025-01-26T13:48:42","guid":{"rendered":"https:\/\/ticaret.edu.tr\/gorsel-iletisim-tasarimi\/?page_id=1838"},"modified":"2025-10-17T10:15:24","modified_gmt":"2025-10-17T07:15:24","slug":"program-egitim-amaclari","status":"publish","type":"page","link":"http:\/\/ticaret.edu.tr\/gorsel-iletisim-tasarimi\/program-egitim-amaclari\/","title":{"rendered":"Program E\u011fitim Ama\u00e7lar\u0131"},"content":{"rendered":"<table class=\"table table-bordered d-none d-lg-table\">\n<tbody>\n<tr>\n<td colspan=\"2\">G\u00f6rsel \u0130leti\u015fim Tasar\u0131m\u0131 B\u00f6l\u00fcm\u00fc, klasik y\u00f6ntemlerle \u00e7a\u011fda\u015f e\u011fitim y\u00f6ntemlerini, yaz\u0131l\u0131m ile tasar\u0131m\u0131, bilgi teknolojileri ile yarat\u0131c\u0131l\u0131\u011f\u0131 b\u00fct\u00fcnle\u015ftiren bir b\u00f6l\u00fcm olma amac\u0131 ta\u015f\u0131maktad\u0131r. B\u00f6l\u00fcm, \u00e7a\u011fda\u015f tasar\u0131m e\u011fitiminin yan\u0131 s\u0131ra mesleki etik- ahlak anlay\u0131\u015f\u0131 ile donan\u0131m\u0131n\u0131 tamamlam\u0131\u015f yetkin tasar\u0131mc\u0131lar yeti\u015ftirmeyi hedeflemektedir. Ama\u00e7lar;<\/p>\n<ul>\n<li>\u0130leti\u015fim bilimi, g\u00f6rsel ileti\u015fim tasar\u0131m\u0131 ilkeleri, tasar\u0131m kurallar\u0131, estetik, g\u00f6rsel k\u00fclt\u00fcr hakk\u0131nda temel bilgi ve bilimsel anlay\u0131\u015fa sahip olmak.<\/li>\n<li>Foto\u011fraf, bilgisayar, web tasar\u0131m\u0131, masa\u00fcst\u00fc yay\u0131nc\u0131l\u0131k, grafik, \u00e7oklu ortam tasar\u0131m\u0131, yay\u0131n tasar\u0131m\u0131, siber k\u00fclt\u00fcr, canland\u0131rma, tipografi, video ve sosyolojisi gibi alt alanlar temel dinamiklerini \u00f6\u011fretmek.<\/li>\n<li>Yeni ileti\u015fim teknolojilerini kullanarak kompozisyon olu\u015fturabilme becerisi kazand\u0131rmak.<\/li>\n<li>Toplumsal, k\u00fclt\u00fcrel, bilimsel ve mesleki etik de\u011ferler do\u011frultusunda kendisini s\u00fcrekli geli\u015ftiren, de\u011fi\u015fime a\u00e7\u0131k g\u00f6rsel ileti\u015fim tasar\u0131mc\u0131 yeti\u015ftirmek.<\/li>\n<li>Mesleki pratiklerinde toplumsal sorumlu\u011fu ve yarar\u0131 g\u00f6zetebilmeyi benimsetmek. D\u00fcnyaya ve kendisine ele\u015ftirel bakabilmek.<\/li>\n<li>Mesleki yetkinlik ve becerilerini g\u00f6rsel ileti\u015fim tasar\u0131m\u0131n\u0131n her alan\u0131nda uygulayabilmek. Disiplinler aras\u0131 bak\u0131\u015f a\u00e7\u0131s\u0131 kazand\u0131rmak.<\/li>\n<li>Ara\u015ft\u0131rma ve geli\u015ftirmeye \u00f6nem veren ve teorik bilgiyi hem bireysel hem de kolektif uygulamaya aktarabilen nitelikli g\u00f6rsel ileti\u015fim tasar\u0131mc\u0131 profesyonelleri yeti\u015ftirmek.<\/li>\n<\/ul>\n<\/td>\n<\/tr>\n<\/tbody>\n<\/table>\n","protected":false},"excerpt":{"rendered":"<p>G\u00f6rsel \u0130leti\u015fim Tasar\u0131m\u0131 B\u00f6l\u00fcm\u00fc, klasik y\u00f6ntemlerle \u00e7a\u011fda\u015f e\u011fitim y\u00f6ntemlerini, yaz\u0131l\u0131m ile tasar\u0131m\u0131, bilgi teknolojileri ile yarat\u0131c\u0131l\u0131\u011f\u0131 b\u00fct\u00fcnle\u015ftiren bir b\u00f6l\u00fcm olma amac\u0131 ta\u015f\u0131maktad\u0131r. B\u00f6l\u00fcm, \u00e7a\u011fda\u015f tasar\u0131m e\u011fitiminin yan\u0131 s\u0131ra mesleki etik- ahlak anlay\u0131\u015f\u0131 ile donan\u0131m\u0131n\u0131 tamamlam\u0131\u015f yetkin tasar\u0131mc\u0131lar yeti\u015ftirmeyi hedeflemektedir. Ama\u00e7lar; \u0130leti\u015fim bilimi, g\u00f6rsel ileti\u015fim tasar\u0131m\u0131 ilkeleri, tasar\u0131m kurallar\u0131, estetik, g\u00f6rsel k\u00fclt\u00fcr hakk\u0131nda temel bilgi ve [&hellip;]<\/p>\n","protected":false},"author":43,"featured_media":0,"parent":0,"menu_order":0,"comment_status":"closed","ping_status":"closed","template":"genel_sayfa.php","meta":{"footnotes":""},"yoast_head":"<!-- This site is optimized with the Yoast SEO Premium plugin v22.1 (Yoast SEO v22.1) - https:\/\/yoast.com\/wordpress\/plugins\/seo\/ -->\n<title>Program E\u011fitim Ama\u00e7lar\u0131 - G\u00f6rsel \u0130leti\u015fim Tasar\u0131m\u0131<\/title>\n<meta name=\"robots\" content=\"index, follow, max-snippet:-1, max-image-preview:large, max-video-preview:-1\" \/>\n<link rel=\"canonical\" href=\"http:\/\/ticaret.edu.tr\/gorsel-iletisim-tasarimi\/program-egitim-amaclari\/\" \/>\n<meta property=\"og:locale\" content=\"tr_TR\" \/>\n<meta property=\"og:type\" content=\"article\" \/>\n<meta property=\"og:title\" content=\"Program E\u011fitim Ama\u00e7lar\u0131\" \/>\n<meta property=\"og:description\" content=\"G\u00f6rsel \u0130leti\u015fim Tasar\u0131m\u0131 B\u00f6l\u00fcm\u00fc, klasik y\u00f6ntemlerle \u00e7a\u011fda\u015f e\u011fitim y\u00f6ntemlerini, yaz\u0131l\u0131m ile tasar\u0131m\u0131, bilgi teknolojileri ile yarat\u0131c\u0131l\u0131\u011f\u0131 b\u00fct\u00fcnle\u015ftiren bir b\u00f6l\u00fcm olma amac\u0131 ta\u015f\u0131maktad\u0131r. B\u00f6l\u00fcm, \u00e7a\u011fda\u015f tasar\u0131m e\u011fitiminin yan\u0131 s\u0131ra mesleki etik- ahlak anlay\u0131\u015f\u0131 ile donan\u0131m\u0131n\u0131 tamamlam\u0131\u015f yetkin tasar\u0131mc\u0131lar yeti\u015ftirmeyi hedeflemektedir. Ama\u00e7lar; \u0130leti\u015fim bilimi, g\u00f6rsel ileti\u015fim tasar\u0131m\u0131 ilkeleri, tasar\u0131m kurallar\u0131, estetik, g\u00f6rsel k\u00fclt\u00fcr hakk\u0131nda temel bilgi ve [&hellip;]\" \/>\n<meta property=\"og:url\" content=\"http:\/\/ticaret.edu.tr\/gorsel-iletisim-tasarimi\/program-egitim-amaclari\/\" \/>\n<meta property=\"og:site_name\" content=\"G\u00f6rsel \u0130leti\u015fim Tasar\u0131m\u0131\" \/>\n<meta property=\"article:publisher\" content=\"https:\/\/www.facebook.com\/ticaretedutr\" \/>\n<meta property=\"article:modified_time\" content=\"2025-10-17T07:15:24+00:00\" \/>\n<meta property=\"og:image\" content=\"http:\/\/ticaret.edu.tr\/gorsel-iletisim-tasarimi\/wp-content\/uploads\/sites\/12\/2021\/11\/web_logo-01.jpg\" \/>\n\t<meta property=\"og:image:width\" content=\"1250\" \/>\n\t<meta property=\"og:image:height\" content=\"833\" \/>\n\t<meta property=\"og:image:type\" content=\"image\/jpeg\" \/>\n<meta name=\"twitter:card\" content=\"summary_large_image\" \/>\n<meta name=\"twitter:site\" content=\"@ticaretedutr\" \/>\n<script type=\"application\/ld+json\" class=\"yoast-schema-graph\">{\"@context\":\"https:\/\/schema.org\",\"@graph\":[{\"@type\":\"WebPage\",\"@id\":\"http:\/\/ticaret.edu.tr\/gorsel-iletisim-tasarimi\/program-egitim-amaclari\/\",\"url\":\"http:\/\/ticaret.edu.tr\/gorsel-iletisim-tasarimi\/program-egitim-amaclari\/\",\"name\":\"Program E\u011fitim Ama\u00e7lar\u0131 - G\u00f6rsel \u0130leti\u015fim Tasar\u0131m\u0131\",\"isPartOf\":{\"@id\":\"http:\/\/ticaret.edu.tr\/gorsel-iletisim-tasarimi\/en\/#website\"},\"datePublished\":\"2025-01-26T13:48:42+00:00\",\"dateModified\":\"2025-10-17T07:15:24+00:00\",\"breadcrumb\":{\"@id\":\"http:\/\/ticaret.edu.tr\/gorsel-iletisim-tasarimi\/program-egitim-amaclari\/#breadcrumb\"},\"inLanguage\":\"tr\",\"potentialAction\":[{\"@type\":\"ReadAction\",\"target\":[\"http:\/\/ticaret.edu.tr\/gorsel-iletisim-tasarimi\/program-egitim-amaclari\/\"]}]},{\"@type\":\"BreadcrumbList\",\"@id\":\"http:\/\/ticaret.edu.tr\/gorsel-iletisim-tasarimi\/program-egitim-amaclari\/#breadcrumb\",\"itemListElement\":[{\"@type\":\"ListItem\",\"position\":1,\"name\":\"Ana sayfa\",\"item\":\"https:\/\/ticaret.edu.tr\/gorsel-iletisim-tasarimi\/\"},{\"@type\":\"ListItem\",\"position\":2,\"name\":\"Program E\u011fitim Ama\u00e7lar\u0131\"}]},{\"@type\":\"WebSite\",\"@id\":\"http:\/\/ticaret.edu.tr\/gorsel-iletisim-tasarimi\/en\/#website\",\"url\":\"http:\/\/ticaret.edu.tr\/gorsel-iletisim-tasarimi\/en\/\",\"name\":\"G\u00f6rsel \u0130leti\u015fim Tasar\u0131m\u0131\",\"description\":\"\",\"potentialAction\":[{\"@type\":\"SearchAction\",\"target\":{\"@type\":\"EntryPoint\",\"urlTemplate\":\"http:\/\/ticaret.edu.tr\/gorsel-iletisim-tasarimi\/en\/?s={search_term_string}\"},\"query-input\":\"required name=search_term_string\"}],\"inLanguage\":\"tr\"}]}<\/script>\n<!-- \/ Yoast SEO Premium plugin. -->","yoast_head_json":{"title":"Program E\u011fitim Ama\u00e7lar\u0131 - G\u00f6rsel \u0130leti\u015fim Tasar\u0131m\u0131","robots":{"index":"index","follow":"follow","max-snippet":"max-snippet:-1","max-image-preview":"max-image-preview:large","max-video-preview":"max-video-preview:-1"},"canonical":"http:\/\/ticaret.edu.tr\/gorsel-iletisim-tasarimi\/program-egitim-amaclari\/","og_locale":"tr_TR","og_type":"article","og_title":"Program E\u011fitim Ama\u00e7lar\u0131","og_description":"G\u00f6rsel \u0130leti\u015fim Tasar\u0131m\u0131 B\u00f6l\u00fcm\u00fc, klasik y\u00f6ntemlerle \u00e7a\u011fda\u015f e\u011fitim y\u00f6ntemlerini, yaz\u0131l\u0131m ile tasar\u0131m\u0131, bilgi teknolojileri ile yarat\u0131c\u0131l\u0131\u011f\u0131 b\u00fct\u00fcnle\u015ftiren bir b\u00f6l\u00fcm olma amac\u0131 ta\u015f\u0131maktad\u0131r. B\u00f6l\u00fcm, \u00e7a\u011fda\u015f tasar\u0131m e\u011fitiminin yan\u0131 s\u0131ra mesleki etik- ahlak anlay\u0131\u015f\u0131 ile donan\u0131m\u0131n\u0131 tamamlam\u0131\u015f yetkin tasar\u0131mc\u0131lar yeti\u015ftirmeyi hedeflemektedir. Ama\u00e7lar; \u0130leti\u015fim bilimi, g\u00f6rsel ileti\u015fim tasar\u0131m\u0131 ilkeleri, tasar\u0131m kurallar\u0131, estetik, g\u00f6rsel k\u00fclt\u00fcr hakk\u0131nda temel bilgi ve [&hellip;]","og_url":"http:\/\/ticaret.edu.tr\/gorsel-iletisim-tasarimi\/program-egitim-amaclari\/","og_site_name":"G\u00f6rsel \u0130leti\u015fim Tasar\u0131m\u0131","article_publisher":"https:\/\/www.facebook.com\/ticaretedutr","article_modified_time":"2025-10-17T07:15:24+00:00","og_image":[{"width":1250,"height":833,"url":"http:\/\/ticaret.edu.tr\/gorsel-iletisim-tasarimi\/wp-content\/uploads\/sites\/12\/2021\/11\/web_logo-01.jpg","type":"image\/jpeg"}],"twitter_card":"summary_large_image","twitter_site":"@ticaretedutr","schema":{"@context":"https:\/\/schema.org","@graph":[{"@type":"WebPage","@id":"http:\/\/ticaret.edu.tr\/gorsel-iletisim-tasarimi\/program-egitim-amaclari\/","url":"http:\/\/ticaret.edu.tr\/gorsel-iletisim-tasarimi\/program-egitim-amaclari\/","name":"Program E\u011fitim Ama\u00e7lar\u0131 - G\u00f6rsel \u0130leti\u015fim Tasar\u0131m\u0131","isPartOf":{"@id":"http:\/\/ticaret.edu.tr\/gorsel-iletisim-tasarimi\/en\/#website"},"datePublished":"2025-01-26T13:48:42+00:00","dateModified":"2025-10-17T07:15:24+00:00","breadcrumb":{"@id":"http:\/\/ticaret.edu.tr\/gorsel-iletisim-tasarimi\/program-egitim-amaclari\/#breadcrumb"},"inLanguage":"tr","potentialAction":[{"@type":"ReadAction","target":["http:\/\/ticaret.edu.tr\/gorsel-iletisim-tasarimi\/program-egitim-amaclari\/"]}]},{"@type":"BreadcrumbList","@id":"http:\/\/ticaret.edu.tr\/gorsel-iletisim-tasarimi\/program-egitim-amaclari\/#breadcrumb","itemListElement":[{"@type":"ListItem","position":1,"name":"Ana sayfa","item":"https:\/\/ticaret.edu.tr\/gorsel-iletisim-tasarimi\/"},{"@type":"ListItem","position":2,"name":"Program E\u011fitim Ama\u00e7lar\u0131"}]},{"@type":"WebSite","@id":"http:\/\/ticaret.edu.tr\/gorsel-iletisim-tasarimi\/en\/#website","url":"http:\/\/ticaret.edu.tr\/gorsel-iletisim-tasarimi\/en\/","name":"G\u00f6rsel \u0130leti\u015fim Tasar\u0131m\u0131","description":"","potentialAction":[{"@type":"SearchAction","target":{"@type":"EntryPoint","urlTemplate":"http:\/\/ticaret.edu.tr\/gorsel-iletisim-tasarimi\/en\/?s={search_term_string}"},"query-input":"required name=search_term_string"}],"inLanguage":"tr"}]}},"lang":"tr","translations":{"en":1840,"tr":1838},"pll_sync_post":[],"_links":{"self":[{"href":"http:\/\/ticaret.edu.tr\/gorsel-iletisim-tasarimi\/wp-json\/wp\/v2\/pages\/1838"}],"collection":[{"href":"http:\/\/ticaret.edu.tr\/gorsel-iletisim-tasarimi\/wp-json\/wp\/v2\/pages"}],"about":[{"href":"http:\/\/ticaret.edu.tr\/gorsel-iletisim-tasarimi\/wp-json\/wp\/v2\/types\/page"}],"author":[{"embeddable":true,"href":"http:\/\/ticaret.edu.tr\/gorsel-iletisim-tasarimi\/wp-json\/wp\/v2\/users\/43"}],"replies":[{"embeddable":true,"href":"http:\/\/ticaret.edu.tr\/gorsel-iletisim-tasarimi\/wp-json\/wp\/v2\/comments?post=1838"}],"version-history":[{"count":3,"href":"http:\/\/ticaret.edu.tr\/gorsel-iletisim-tasarimi\/wp-json\/wp\/v2\/pages\/1838\/revisions"}],"predecessor-version":[{"id":2344,"href":"http:\/\/ticaret.edu.tr\/gorsel-iletisim-tasarimi\/wp-json\/wp\/v2\/pages\/1838\/revisions\/2344"}],"wp:attachment":[{"href":"http:\/\/ticaret.edu.tr\/gorsel-iletisim-tasarimi\/wp-json\/wp\/v2\/media?parent=1838"}],"curies":[{"name":"wp","href":"https:\/\/api.w.org\/{rel}","templated":true}]}}