{"id":1842,"date":"2025-01-26T16:49:31","date_gmt":"2025-01-26T13:49:31","guid":{"rendered":"https:\/\/ticaret.edu.tr\/gorsel-iletisim-tasarimi\/?page_id=1842"},"modified":"2025-03-20T15:20:36","modified_gmt":"2025-03-20T12:20:36","slug":"program-ogretim-ciktilari","status":"publish","type":"page","link":"http:\/\/ticaret.edu.tr\/gorsel-iletisim-tasarimi\/program-ogretim-ciktilari\/","title":{"rendered":"Program \u00d6\u011fretim \u00c7\u0131kt\u0131lar\u0131"},"content":{"rendered":"<p><strong>G\u00d6RSEL \u0130LET\u0130\u015e\u0130M TASARIMI B\u00d6L\u00dcM\u00dc<\/strong><\/p>\n<p><strong>\u00a0PROGRAM\u00a0<\/strong><strong>\u00d6\u011eRENME \u00c7IKTILARI (P\u00d6\u00c7)<\/strong><\/p>\n<p>&nbsp;<\/p>\n<p><strong>P\u00d6\u00c7 1<\/strong><\/p>\n<p>G\u00f6rsel \u0130leti\u015fim Tasar\u0131m\u0131 alan\u0131 ile ilgili kuram, y\u00f6ntem ve teknolojilere ili\u015fkin bilgileri tan\u0131mlamak.<\/p>\n<p><strong>P\u00d6\u00c7 2<\/strong><\/p>\n<p>Sanat, m\u00fczik ve k\u00fclt\u00fcrle ilgili kavramlar\u0131 tan\u0131mlamak.<\/p>\n<p><strong>P\u00d6\u00c7 3<\/strong><\/p>\n<p>\u0130leti\u015fim tasar\u0131m\u0131n\u0131n kuramsal ve pratik bilgilerini di\u011fer alanlarla ili\u015fkilendirme becerisini kazanmak.<\/p>\n<p><strong>P\u00d6\u00c7 4<\/strong><\/p>\n<p>Demokrasi ve insan haklar\u0131na, toplumsal, bilimsel ve mesleki etik de\u011ferler konular\u0131nda bilgi sahibi olmak.<\/p>\n<p><strong>P\u00d6\u00c7 5<\/strong><\/p>\n<p>\u0130lgili alan\u0131n di\u011fer sanat dallar\u0131 ve medya ara\u00e7lar\u0131yla ili\u015fkisini tarihsel s\u00fcre\u00e7 ve estetik, etik ve k\u00fclt\u00fcrel de\u011ferler \u00e7er\u00e7evesinde muhakeme edebilmek.<\/p>\n<p><strong>P\u00d6\u00c7 6<\/strong><\/p>\n<p>G\u00f6rsel \u0130leti\u015fim Tasar\u0131m\u0131 alan\u0131nda \u00e7e\u015fitli ara\u015ft\u0131rma y\u00f6ntemleri ile proje \u00fcretim s\u00fcrecine uygun bi\u00e7imde ula\u015f\u0131lan bilgiyi ifade edebilmek.<\/p>\n<p><strong>P\u00d6\u00c7 7<\/strong><\/p>\n<p>\u0130leti\u015fim tasar\u0131m\u0131 alan\u0131nda kazand\u0131\u011f\u0131 becerilerle uygulamalara y\u00f6nelik tasar\u0131mlar ger\u00e7ekle\u015ftirmek.<\/p>\n<p><strong>P\u00d6\u00c7 8<\/strong><\/p>\n<p>\u0130leti\u015fim alan\u0131nda faaliyet g\u00f6steren kurumlar\u0131n yap\u0131sal, y\u00f6netsel ve teknik \u00f6zelliklerini tan\u0131mak.<\/p>\n<p><strong>P\u00d6\u00c7 9<\/strong><\/p>\n<p>G\u00f6rsel ileti\u015fim tasar\u0131m\u0131n\u0131n b\u00fct\u00fcn s\u00fcre\u00e7leri hakk\u0131nda yeterli d\u00fczeyde teknik bilgi ve pratik becerilerini geli\u015ftirmek.<\/p>\n<p><strong>P\u00d6\u00c7 10<\/strong><\/p>\n<p>Kazand\u0131\u011f\u0131 bilgi ve becerileri yarat\u0131c\u0131 fikirlerle geli\u015ftirerek g\u00f6rsel ileti\u015fim alan\u0131nda proje \u00fcretebilmek.<\/p>\n<p><strong>P\u00d6\u00c7 11<\/strong><\/p>\n<p>\u0130leti\u015fim kurma ve T\u00fcrk\u00e7eyi etkin kullanma becerisini geli\u015ftirmek.<\/p>\n","protected":false},"excerpt":{"rendered":"<p>G\u00d6RSEL \u0130LET\u0130\u015e\u0130M TASARIMI B\u00d6L\u00dcM\u00dc \u00a0PROGRAM\u00a0\u00d6\u011eRENME \u00c7IKTILARI (P\u00d6\u00c7) &nbsp; P\u00d6\u00c7 1 G\u00f6rsel \u0130leti\u015fim Tasar\u0131m\u0131 alan\u0131 ile ilgili kuram, y\u00f6ntem ve teknolojilere ili\u015fkin bilgileri tan\u0131mlamak. P\u00d6\u00c7 2 Sanat, m\u00fczik ve k\u00fclt\u00fcrle ilgili kavramlar\u0131 tan\u0131mlamak. P\u00d6\u00c7 3 \u0130leti\u015fim tasar\u0131m\u0131n\u0131n kuramsal ve pratik bilgilerini di\u011fer alanlarla ili\u015fkilendirme becerisini kazanmak. P\u00d6\u00c7 4 Demokrasi ve insan haklar\u0131na, toplumsal, bilimsel ve mesleki [&hellip;]<\/p>\n","protected":false},"author":43,"featured_media":0,"parent":0,"menu_order":0,"comment_status":"closed","ping_status":"closed","template":"genel_sayfa.php","meta":{"footnotes":""},"yoast_head":"<!-- This site is optimized with the Yoast SEO Premium plugin v22.1 (Yoast SEO v22.1) - https:\/\/yoast.com\/wordpress\/plugins\/seo\/ -->\n<title>Program \u00d6\u011fretim \u00c7\u0131kt\u0131lar\u0131 - G\u00f6rsel \u0130leti\u015fim Tasar\u0131m\u0131<\/title>\n<meta name=\"robots\" content=\"index, follow, max-snippet:-1, max-image-preview:large, max-video-preview:-1\" \/>\n<link rel=\"canonical\" href=\"http:\/\/ticaret.edu.tr\/gorsel-iletisim-tasarimi\/program-ogretim-ciktilari\/\" \/>\n<meta property=\"og:locale\" content=\"tr_TR\" \/>\n<meta property=\"og:type\" content=\"article\" \/>\n<meta property=\"og:title\" content=\"Program \u00d6\u011fretim \u00c7\u0131kt\u0131lar\u0131\" \/>\n<meta property=\"og:description\" content=\"G\u00d6RSEL \u0130LET\u0130\u015e\u0130M TASARIMI B\u00d6L\u00dcM\u00dc \u00a0PROGRAM\u00a0\u00d6\u011eRENME \u00c7IKTILARI (P\u00d6\u00c7) &nbsp; P\u00d6\u00c7 1 G\u00f6rsel \u0130leti\u015fim Tasar\u0131m\u0131 alan\u0131 ile ilgili kuram, y\u00f6ntem ve teknolojilere ili\u015fkin bilgileri tan\u0131mlamak. P\u00d6\u00c7 2 Sanat, m\u00fczik ve k\u00fclt\u00fcrle ilgili kavramlar\u0131 tan\u0131mlamak. P\u00d6\u00c7 3 \u0130leti\u015fim tasar\u0131m\u0131n\u0131n kuramsal ve pratik bilgilerini di\u011fer alanlarla ili\u015fkilendirme becerisini kazanmak. P\u00d6\u00c7 4 Demokrasi ve insan haklar\u0131na, toplumsal, bilimsel ve mesleki [&hellip;]\" \/>\n<meta property=\"og:url\" content=\"http:\/\/ticaret.edu.tr\/gorsel-iletisim-tasarimi\/program-ogretim-ciktilari\/\" \/>\n<meta property=\"og:site_name\" content=\"G\u00f6rsel \u0130leti\u015fim Tasar\u0131m\u0131\" \/>\n<meta property=\"article:publisher\" content=\"https:\/\/www.facebook.com\/ticaretedutr\" \/>\n<meta property=\"article:modified_time\" content=\"2025-03-20T12:20:36+00:00\" \/>\n<meta property=\"og:image\" content=\"http:\/\/ticaret.edu.tr\/gorsel-iletisim-tasarimi\/wp-content\/uploads\/sites\/12\/2021\/11\/web_logo-01.jpg\" \/>\n\t<meta property=\"og:image:width\" content=\"1250\" \/>\n\t<meta property=\"og:image:height\" content=\"833\" \/>\n\t<meta property=\"og:image:type\" content=\"image\/jpeg\" \/>\n<meta name=\"twitter:card\" content=\"summary_large_image\" \/>\n<meta name=\"twitter:site\" content=\"@ticaretedutr\" \/>\n<script type=\"application\/ld+json\" class=\"yoast-schema-graph\">{\"@context\":\"https:\/\/schema.org\",\"@graph\":[{\"@type\":\"WebPage\",\"@id\":\"http:\/\/ticaret.edu.tr\/gorsel-iletisim-tasarimi\/program-ogretim-ciktilari\/\",\"url\":\"http:\/\/ticaret.edu.tr\/gorsel-iletisim-tasarimi\/program-ogretim-ciktilari\/\",\"name\":\"Program \u00d6\u011fretim \u00c7\u0131kt\u0131lar\u0131 - G\u00f6rsel \u0130leti\u015fim Tasar\u0131m\u0131\",\"isPartOf\":{\"@id\":\"http:\/\/ticaret.edu.tr\/gorsel-iletisim-tasarimi\/en\/#website\"},\"datePublished\":\"2025-01-26T13:49:31+00:00\",\"dateModified\":\"2025-03-20T12:20:36+00:00\",\"breadcrumb\":{\"@id\":\"http:\/\/ticaret.edu.tr\/gorsel-iletisim-tasarimi\/program-ogretim-ciktilari\/#breadcrumb\"},\"inLanguage\":\"tr\",\"potentialAction\":[{\"@type\":\"ReadAction\",\"target\":[\"http:\/\/ticaret.edu.tr\/gorsel-iletisim-tasarimi\/program-ogretim-ciktilari\/\"]}]},{\"@type\":\"BreadcrumbList\",\"@id\":\"http:\/\/ticaret.edu.tr\/gorsel-iletisim-tasarimi\/program-ogretim-ciktilari\/#breadcrumb\",\"itemListElement\":[{\"@type\":\"ListItem\",\"position\":1,\"name\":\"Ana sayfa\",\"item\":\"https:\/\/ticaret.edu.tr\/gorsel-iletisim-tasarimi\/\"},{\"@type\":\"ListItem\",\"position\":2,\"name\":\"Program \u00d6\u011fretim \u00c7\u0131kt\u0131lar\u0131\"}]},{\"@type\":\"WebSite\",\"@id\":\"http:\/\/ticaret.edu.tr\/gorsel-iletisim-tasarimi\/en\/#website\",\"url\":\"http:\/\/ticaret.edu.tr\/gorsel-iletisim-tasarimi\/en\/\",\"name\":\"G\u00f6rsel \u0130leti\u015fim Tasar\u0131m\u0131\",\"description\":\"\",\"potentialAction\":[{\"@type\":\"SearchAction\",\"target\":{\"@type\":\"EntryPoint\",\"urlTemplate\":\"http:\/\/ticaret.edu.tr\/gorsel-iletisim-tasarimi\/en\/?s={search_term_string}\"},\"query-input\":\"required name=search_term_string\"}],\"inLanguage\":\"tr\"}]}<\/script>\n<!-- \/ Yoast SEO Premium plugin. -->","yoast_head_json":{"title":"Program \u00d6\u011fretim \u00c7\u0131kt\u0131lar\u0131 - G\u00f6rsel \u0130leti\u015fim Tasar\u0131m\u0131","robots":{"index":"index","follow":"follow","max-snippet":"max-snippet:-1","max-image-preview":"max-image-preview:large","max-video-preview":"max-video-preview:-1"},"canonical":"http:\/\/ticaret.edu.tr\/gorsel-iletisim-tasarimi\/program-ogretim-ciktilari\/","og_locale":"tr_TR","og_type":"article","og_title":"Program \u00d6\u011fretim \u00c7\u0131kt\u0131lar\u0131","og_description":"G\u00d6RSEL \u0130LET\u0130\u015e\u0130M TASARIMI B\u00d6L\u00dcM\u00dc \u00a0PROGRAM\u00a0\u00d6\u011eRENME \u00c7IKTILARI (P\u00d6\u00c7) &nbsp; P\u00d6\u00c7 1 G\u00f6rsel \u0130leti\u015fim Tasar\u0131m\u0131 alan\u0131 ile ilgili kuram, y\u00f6ntem ve teknolojilere ili\u015fkin bilgileri tan\u0131mlamak. P\u00d6\u00c7 2 Sanat, m\u00fczik ve k\u00fclt\u00fcrle ilgili kavramlar\u0131 tan\u0131mlamak. P\u00d6\u00c7 3 \u0130leti\u015fim tasar\u0131m\u0131n\u0131n kuramsal ve pratik bilgilerini di\u011fer alanlarla ili\u015fkilendirme becerisini kazanmak. P\u00d6\u00c7 4 Demokrasi ve insan haklar\u0131na, toplumsal, bilimsel ve mesleki [&hellip;]","og_url":"http:\/\/ticaret.edu.tr\/gorsel-iletisim-tasarimi\/program-ogretim-ciktilari\/","og_site_name":"G\u00f6rsel \u0130leti\u015fim Tasar\u0131m\u0131","article_publisher":"https:\/\/www.facebook.com\/ticaretedutr","article_modified_time":"2025-03-20T12:20:36+00:00","og_image":[{"width":1250,"height":833,"url":"http:\/\/ticaret.edu.tr\/gorsel-iletisim-tasarimi\/wp-content\/uploads\/sites\/12\/2021\/11\/web_logo-01.jpg","type":"image\/jpeg"}],"twitter_card":"summary_large_image","twitter_site":"@ticaretedutr","schema":{"@context":"https:\/\/schema.org","@graph":[{"@type":"WebPage","@id":"http:\/\/ticaret.edu.tr\/gorsel-iletisim-tasarimi\/program-ogretim-ciktilari\/","url":"http:\/\/ticaret.edu.tr\/gorsel-iletisim-tasarimi\/program-ogretim-ciktilari\/","name":"Program \u00d6\u011fretim \u00c7\u0131kt\u0131lar\u0131 - G\u00f6rsel \u0130leti\u015fim Tasar\u0131m\u0131","isPartOf":{"@id":"http:\/\/ticaret.edu.tr\/gorsel-iletisim-tasarimi\/en\/#website"},"datePublished":"2025-01-26T13:49:31+00:00","dateModified":"2025-03-20T12:20:36+00:00","breadcrumb":{"@id":"http:\/\/ticaret.edu.tr\/gorsel-iletisim-tasarimi\/program-ogretim-ciktilari\/#breadcrumb"},"inLanguage":"tr","potentialAction":[{"@type":"ReadAction","target":["http:\/\/ticaret.edu.tr\/gorsel-iletisim-tasarimi\/program-ogretim-ciktilari\/"]}]},{"@type":"BreadcrumbList","@id":"http:\/\/ticaret.edu.tr\/gorsel-iletisim-tasarimi\/program-ogretim-ciktilari\/#breadcrumb","itemListElement":[{"@type":"ListItem","position":1,"name":"Ana sayfa","item":"https:\/\/ticaret.edu.tr\/gorsel-iletisim-tasarimi\/"},{"@type":"ListItem","position":2,"name":"Program \u00d6\u011fretim \u00c7\u0131kt\u0131lar\u0131"}]},{"@type":"WebSite","@id":"http:\/\/ticaret.edu.tr\/gorsel-iletisim-tasarimi\/en\/#website","url":"http:\/\/ticaret.edu.tr\/gorsel-iletisim-tasarimi\/en\/","name":"G\u00f6rsel \u0130leti\u015fim Tasar\u0131m\u0131","description":"","potentialAction":[{"@type":"SearchAction","target":{"@type":"EntryPoint","urlTemplate":"http:\/\/ticaret.edu.tr\/gorsel-iletisim-tasarimi\/en\/?s={search_term_string}"},"query-input":"required name=search_term_string"}],"inLanguage":"tr"}]}},"lang":"tr","translations":{"en":1844,"tr":1842},"pll_sync_post":[],"_links":{"self":[{"href":"http:\/\/ticaret.edu.tr\/gorsel-iletisim-tasarimi\/wp-json\/wp\/v2\/pages\/1842"}],"collection":[{"href":"http:\/\/ticaret.edu.tr\/gorsel-iletisim-tasarimi\/wp-json\/wp\/v2\/pages"}],"about":[{"href":"http:\/\/ticaret.edu.tr\/gorsel-iletisim-tasarimi\/wp-json\/wp\/v2\/types\/page"}],"author":[{"embeddable":true,"href":"http:\/\/ticaret.edu.tr\/gorsel-iletisim-tasarimi\/wp-json\/wp\/v2\/users\/43"}],"replies":[{"embeddable":true,"href":"http:\/\/ticaret.edu.tr\/gorsel-iletisim-tasarimi\/wp-json\/wp\/v2\/comments?post=1842"}],"version-history":[{"count":3,"href":"http:\/\/ticaret.edu.tr\/gorsel-iletisim-tasarimi\/wp-json\/wp\/v2\/pages\/1842\/revisions"}],"predecessor-version":[{"id":2235,"href":"http:\/\/ticaret.edu.tr\/gorsel-iletisim-tasarimi\/wp-json\/wp\/v2\/pages\/1842\/revisions\/2235"}],"wp:attachment":[{"href":"http:\/\/ticaret.edu.tr\/gorsel-iletisim-tasarimi\/wp-json\/wp\/v2\/media?parent=1842"}],"curies":[{"name":"wp","href":"https:\/\/api.w.org\/{rel}","templated":true}]}}