{"id":1851,"date":"2025-01-26T17:41:11","date_gmt":"2025-01-26T14:41:11","guid":{"rendered":"https:\/\/ticaret.edu.tr\/gorsel-iletisim-tasarimi\/?page_id=1851"},"modified":"2025-03-20T15:22:38","modified_gmt":"2025-03-20T12:22:38","slug":"kayit-kabul-sartlari","status":"publish","type":"page","link":"http:\/\/ticaret.edu.tr\/gorsel-iletisim-tasarimi\/kayit-kabul-sartlari\/","title":{"rendered":"Kay\u0131t Kabul \u015eartlar\u0131"},"content":{"rendered":"<h2 data-start=\"200\" data-end=\"256\"><strong data-start=\"203\" data-end=\"254\">\ud83d\udccc Lisans Program\u0131na Ba\u015fvuru ve Kabul Ko\u015fullar\u0131<\/strong><\/h2>\n<p data-start=\"258\" data-end=\"356\">\ud83d\udccd\u00a0<strong data-start=\"261\" data-end=\"354\">Programa kay\u0131t yapt\u0131rmak isteyen \u00f6\u011frencilerin a\u015fa\u011f\u0131daki \u015fartlar\u0131 sa\u011flamas\u0131 gerekmektedir:<\/strong><\/p>\n<p data-start=\"358\" data-end=\"783\">\u2705\u00a0<strong data-start=\"360\" data-end=\"454\">\u00d6SYM taraf\u0131ndan d\u00fczenlenen merkezi s\u0131navlara (TYT-AYT) kat\u0131lmak ve ilgili b\u00f6l\u00fcme yerle\u015fmek<\/strong><br data-start=\"454\" data-end=\"457\" \/>\u2705\u00a0<strong data-start=\"459\" data-end=\"575\">T\u00fcrkiye Cumhuriyeti vatanda\u015f\u0131 olan adaylar i\u00e7in \u00d6SYM\u2019nin belirledi\u011fi taban puan\u0131 ve s\u0131ralama \u015fartlar\u0131n\u0131 sa\u011flamak<\/strong><br data-start=\"575\" data-end=\"578\" \/>\u2705\u00a0<strong data-start=\"580\" data-end=\"673\">Uluslararas\u0131 \u00f6\u011frenciler i\u00e7in \u00fcniversitenin belirledi\u011fi kabul kriterlerini yerine getirmek<\/strong><br data-start=\"673\" data-end=\"676\" \/>\u2705\u00a0<strong data-start=\"678\" data-end=\"781\">Yatay veya dikey ge\u00e7i\u015f yapacak \u00f6\u011frenciler i\u00e7in ilgili y\u00f6netmeliklerde belirtilen ko\u015fullar\u0131 sa\u011flamak<\/strong><\/p>\n<p data-start=\"358\" data-end=\"783\">\n<h2 data-start=\"1702\" data-end=\"1739\"><strong data-start=\"1705\" data-end=\"1737\">\ud83d\udccc Kay\u0131t S\u00fcreci ve Tarihleri<\/strong><\/h2>\n<p data-start=\"1741\" data-end=\"1836\">\ud83d\udccd\u00a0<strong data-start=\"1744\" data-end=\"1834\">Kay\u0131t i\u015flemleri, akademik takvimde belirtilen tarihler aras\u0131nda ger\u00e7ekle\u015ftirilmelidir.<\/strong><\/p>\n<p data-start=\"1838\" data-end=\"2332\">\ud83d\udccc\u00a0<strong data-start=\"1841\" data-end=\"1885\">Kay\u0131t i\u015flemleri \u015fu ad\u0131mlarla tamamlan\u0131r:<\/strong><br data-start=\"1885\" data-end=\"1888\" \/>1\ufe0f\u20e3\u00a0<strong data-start=\"1892\" data-end=\"1912\">Online \u00d6n Kay\u0131t:<\/strong>\u00a0\u00dcniversitenin \u00f6\u011frenci bilgi sistemi \u00fczerinden \u00f6n kay\u0131t i\u015flemi ger\u00e7ekle\u015ftirilir.<br data-start=\"1992\" data-end=\"1995\" \/>2\ufe0f\u20e3\u00a0<strong data-start=\"1999\" data-end=\"2022\">Belgelerin Teslimi:<\/strong>\u00a0Gerekli belgeler eksiksiz olarak \u00f6\u011frenci i\u015fleri ofisine teslim edilir.<\/p>\n<p data-start=\"1838\" data-end=\"2332\">\ud83d\udd17\u00a0<strong data-start=\"2337\" data-end=\"2380\"><a href=\"https:\/\/ticaret.edu.tr\/wp-content\/uploads\/2024\/07\/2024-2025-Egitim-Ogretim-Yili-On-Lisans-ve-Lisans-Akademik-Takvimi.pdf\" rel=\"noopener\" data-start=\"2339\" data-end=\"2378\">Akademik Takvim ve Kay\u0131t Tarihleri<\/a><\/strong><\/p>\n","protected":false},"excerpt":{"rendered":"<p>\ud83d\udccc Lisans Program\u0131na Ba\u015fvuru ve Kabul Ko\u015fullar\u0131 \ud83d\udccd\u00a0Programa kay\u0131t yapt\u0131rmak isteyen \u00f6\u011frencilerin a\u015fa\u011f\u0131daki \u015fartlar\u0131 sa\u011flamas\u0131 gerekmektedir: \u2705\u00a0\u00d6SYM taraf\u0131ndan d\u00fczenlenen merkezi s\u0131navlara (TYT-AYT) kat\u0131lmak ve ilgili b\u00f6l\u00fcme yerle\u015fmek\u2705\u00a0T\u00fcrkiye Cumhuriyeti vatanda\u015f\u0131 olan adaylar i\u00e7in \u00d6SYM\u2019nin belirledi\u011fi taban puan\u0131 ve s\u0131ralama \u015fartlar\u0131n\u0131 sa\u011flamak\u2705\u00a0Uluslararas\u0131 \u00f6\u011frenciler i\u00e7in \u00fcniversitenin belirledi\u011fi kabul kriterlerini yerine getirmek\u2705\u00a0Yatay veya dikey ge\u00e7i\u015f yapacak \u00f6\u011frenciler i\u00e7in ilgili [&hellip;]<\/p>\n","protected":false},"author":43,"featured_media":0,"parent":0,"menu_order":0,"comment_status":"closed","ping_status":"closed","template":"genel_sayfa.php","meta":{"footnotes":""},"yoast_head":"<!-- This site is optimized with the Yoast SEO Premium plugin v22.1 (Yoast SEO v22.1) - https:\/\/yoast.com\/wordpress\/plugins\/seo\/ -->\n<title>Kay\u0131t Kabul \u015eartlar\u0131 - G\u00f6rsel \u0130leti\u015fim Tasar\u0131m\u0131<\/title>\n<meta name=\"robots\" content=\"index, follow, max-snippet:-1, max-image-preview:large, max-video-preview:-1\" \/>\n<link rel=\"canonical\" href=\"http:\/\/ticaret.edu.tr\/gorsel-iletisim-tasarimi\/kayit-kabul-sartlari\/\" \/>\n<meta property=\"og:locale\" content=\"tr_TR\" \/>\n<meta property=\"og:type\" content=\"article\" \/>\n<meta property=\"og:title\" content=\"Kay\u0131t Kabul \u015eartlar\u0131\" \/>\n<meta property=\"og:description\" content=\"\ud83d\udccc Lisans Program\u0131na Ba\u015fvuru ve Kabul Ko\u015fullar\u0131 \ud83d\udccd\u00a0Programa kay\u0131t yapt\u0131rmak isteyen \u00f6\u011frencilerin a\u015fa\u011f\u0131daki \u015fartlar\u0131 sa\u011flamas\u0131 gerekmektedir: \u2705\u00a0\u00d6SYM taraf\u0131ndan d\u00fczenlenen merkezi s\u0131navlara (TYT-AYT) kat\u0131lmak ve ilgili b\u00f6l\u00fcme yerle\u015fmek\u2705\u00a0T\u00fcrkiye Cumhuriyeti vatanda\u015f\u0131 olan adaylar i\u00e7in \u00d6SYM\u2019nin belirledi\u011fi taban puan\u0131 ve s\u0131ralama \u015fartlar\u0131n\u0131 sa\u011flamak\u2705\u00a0Uluslararas\u0131 \u00f6\u011frenciler i\u00e7in \u00fcniversitenin belirledi\u011fi kabul kriterlerini yerine getirmek\u2705\u00a0Yatay veya dikey ge\u00e7i\u015f yapacak \u00f6\u011frenciler i\u00e7in ilgili [&hellip;]\" \/>\n<meta property=\"og:url\" content=\"http:\/\/ticaret.edu.tr\/gorsel-iletisim-tasarimi\/kayit-kabul-sartlari\/\" \/>\n<meta property=\"og:site_name\" content=\"G\u00f6rsel \u0130leti\u015fim Tasar\u0131m\u0131\" \/>\n<meta property=\"article:publisher\" content=\"https:\/\/www.facebook.com\/ticaretedutr\" \/>\n<meta property=\"article:modified_time\" content=\"2025-03-20T12:22:38+00:00\" \/>\n<meta property=\"og:image\" content=\"http:\/\/ticaret.edu.tr\/gorsel-iletisim-tasarimi\/wp-content\/uploads\/sites\/12\/2021\/11\/web_logo-01.jpg\" \/>\n\t<meta property=\"og:image:width\" content=\"1250\" \/>\n\t<meta property=\"og:image:height\" content=\"833\" \/>\n\t<meta property=\"og:image:type\" content=\"image\/jpeg\" \/>\n<meta name=\"twitter:card\" content=\"summary_large_image\" \/>\n<meta name=\"twitter:site\" content=\"@ticaretedutr\" \/>\n<script type=\"application\/ld+json\" class=\"yoast-schema-graph\">{\"@context\":\"https:\/\/schema.org\",\"@graph\":[{\"@type\":\"WebPage\",\"@id\":\"http:\/\/ticaret.edu.tr\/gorsel-iletisim-tasarimi\/kayit-kabul-sartlari\/\",\"url\":\"http:\/\/ticaret.edu.tr\/gorsel-iletisim-tasarimi\/kayit-kabul-sartlari\/\",\"name\":\"Kay\u0131t Kabul \u015eartlar\u0131 - G\u00f6rsel \u0130leti\u015fim Tasar\u0131m\u0131\",\"isPartOf\":{\"@id\":\"http:\/\/ticaret.edu.tr\/gorsel-iletisim-tasarimi\/en\/#website\"},\"datePublished\":\"2025-01-26T14:41:11+00:00\",\"dateModified\":\"2025-03-20T12:22:38+00:00\",\"breadcrumb\":{\"@id\":\"http:\/\/ticaret.edu.tr\/gorsel-iletisim-tasarimi\/kayit-kabul-sartlari\/#breadcrumb\"},\"inLanguage\":\"tr\",\"potentialAction\":[{\"@type\":\"ReadAction\",\"target\":[\"http:\/\/ticaret.edu.tr\/gorsel-iletisim-tasarimi\/kayit-kabul-sartlari\/\"]}]},{\"@type\":\"BreadcrumbList\",\"@id\":\"http:\/\/ticaret.edu.tr\/gorsel-iletisim-tasarimi\/kayit-kabul-sartlari\/#breadcrumb\",\"itemListElement\":[{\"@type\":\"ListItem\",\"position\":1,\"name\":\"Ana sayfa\",\"item\":\"https:\/\/ticaret.edu.tr\/gorsel-iletisim-tasarimi\/\"},{\"@type\":\"ListItem\",\"position\":2,\"name\":\"Kay\u0131t Kabul \u015eartlar\u0131\"}]},{\"@type\":\"WebSite\",\"@id\":\"http:\/\/ticaret.edu.tr\/gorsel-iletisim-tasarimi\/en\/#website\",\"url\":\"http:\/\/ticaret.edu.tr\/gorsel-iletisim-tasarimi\/en\/\",\"name\":\"G\u00f6rsel \u0130leti\u015fim Tasar\u0131m\u0131\",\"description\":\"\",\"potentialAction\":[{\"@type\":\"SearchAction\",\"target\":{\"@type\":\"EntryPoint\",\"urlTemplate\":\"http:\/\/ticaret.edu.tr\/gorsel-iletisim-tasarimi\/en\/?s={search_term_string}\"},\"query-input\":\"required name=search_term_string\"}],\"inLanguage\":\"tr\"}]}<\/script>\n<!-- \/ Yoast SEO Premium plugin. -->","yoast_head_json":{"title":"Kay\u0131t Kabul \u015eartlar\u0131 - G\u00f6rsel \u0130leti\u015fim Tasar\u0131m\u0131","robots":{"index":"index","follow":"follow","max-snippet":"max-snippet:-1","max-image-preview":"max-image-preview:large","max-video-preview":"max-video-preview:-1"},"canonical":"http:\/\/ticaret.edu.tr\/gorsel-iletisim-tasarimi\/kayit-kabul-sartlari\/","og_locale":"tr_TR","og_type":"article","og_title":"Kay\u0131t Kabul \u015eartlar\u0131","og_description":"\ud83d\udccc Lisans Program\u0131na Ba\u015fvuru ve Kabul Ko\u015fullar\u0131 \ud83d\udccd\u00a0Programa kay\u0131t yapt\u0131rmak isteyen \u00f6\u011frencilerin a\u015fa\u011f\u0131daki \u015fartlar\u0131 sa\u011flamas\u0131 gerekmektedir: \u2705\u00a0\u00d6SYM taraf\u0131ndan d\u00fczenlenen merkezi s\u0131navlara (TYT-AYT) kat\u0131lmak ve ilgili b\u00f6l\u00fcme yerle\u015fmek\u2705\u00a0T\u00fcrkiye Cumhuriyeti vatanda\u015f\u0131 olan adaylar i\u00e7in \u00d6SYM\u2019nin belirledi\u011fi taban puan\u0131 ve s\u0131ralama \u015fartlar\u0131n\u0131 sa\u011flamak\u2705\u00a0Uluslararas\u0131 \u00f6\u011frenciler i\u00e7in \u00fcniversitenin belirledi\u011fi kabul kriterlerini yerine getirmek\u2705\u00a0Yatay veya dikey ge\u00e7i\u015f yapacak \u00f6\u011frenciler i\u00e7in ilgili [&hellip;]","og_url":"http:\/\/ticaret.edu.tr\/gorsel-iletisim-tasarimi\/kayit-kabul-sartlari\/","og_site_name":"G\u00f6rsel \u0130leti\u015fim Tasar\u0131m\u0131","article_publisher":"https:\/\/www.facebook.com\/ticaretedutr","article_modified_time":"2025-03-20T12:22:38+00:00","og_image":[{"width":1250,"height":833,"url":"http:\/\/ticaret.edu.tr\/gorsel-iletisim-tasarimi\/wp-content\/uploads\/sites\/12\/2021\/11\/web_logo-01.jpg","type":"image\/jpeg"}],"twitter_card":"summary_large_image","twitter_site":"@ticaretedutr","schema":{"@context":"https:\/\/schema.org","@graph":[{"@type":"WebPage","@id":"http:\/\/ticaret.edu.tr\/gorsel-iletisim-tasarimi\/kayit-kabul-sartlari\/","url":"http:\/\/ticaret.edu.tr\/gorsel-iletisim-tasarimi\/kayit-kabul-sartlari\/","name":"Kay\u0131t Kabul \u015eartlar\u0131 - G\u00f6rsel \u0130leti\u015fim Tasar\u0131m\u0131","isPartOf":{"@id":"http:\/\/ticaret.edu.tr\/gorsel-iletisim-tasarimi\/en\/#website"},"datePublished":"2025-01-26T14:41:11+00:00","dateModified":"2025-03-20T12:22:38+00:00","breadcrumb":{"@id":"http:\/\/ticaret.edu.tr\/gorsel-iletisim-tasarimi\/kayit-kabul-sartlari\/#breadcrumb"},"inLanguage":"tr","potentialAction":[{"@type":"ReadAction","target":["http:\/\/ticaret.edu.tr\/gorsel-iletisim-tasarimi\/kayit-kabul-sartlari\/"]}]},{"@type":"BreadcrumbList","@id":"http:\/\/ticaret.edu.tr\/gorsel-iletisim-tasarimi\/kayit-kabul-sartlari\/#breadcrumb","itemListElement":[{"@type":"ListItem","position":1,"name":"Ana sayfa","item":"https:\/\/ticaret.edu.tr\/gorsel-iletisim-tasarimi\/"},{"@type":"ListItem","position":2,"name":"Kay\u0131t Kabul \u015eartlar\u0131"}]},{"@type":"WebSite","@id":"http:\/\/ticaret.edu.tr\/gorsel-iletisim-tasarimi\/en\/#website","url":"http:\/\/ticaret.edu.tr\/gorsel-iletisim-tasarimi\/en\/","name":"G\u00f6rsel \u0130leti\u015fim Tasar\u0131m\u0131","description":"","potentialAction":[{"@type":"SearchAction","target":{"@type":"EntryPoint","urlTemplate":"http:\/\/ticaret.edu.tr\/gorsel-iletisim-tasarimi\/en\/?s={search_term_string}"},"query-input":"required name=search_term_string"}],"inLanguage":"tr"}]}},"lang":"tr","translations":{"en":1853,"tr":1851},"pll_sync_post":[],"_links":{"self":[{"href":"http:\/\/ticaret.edu.tr\/gorsel-iletisim-tasarimi\/wp-json\/wp\/v2\/pages\/1851"}],"collection":[{"href":"http:\/\/ticaret.edu.tr\/gorsel-iletisim-tasarimi\/wp-json\/wp\/v2\/pages"}],"about":[{"href":"http:\/\/ticaret.edu.tr\/gorsel-iletisim-tasarimi\/wp-json\/wp\/v2\/types\/page"}],"author":[{"embeddable":true,"href":"http:\/\/ticaret.edu.tr\/gorsel-iletisim-tasarimi\/wp-json\/wp\/v2\/users\/43"}],"replies":[{"embeddable":true,"href":"http:\/\/ticaret.edu.tr\/gorsel-iletisim-tasarimi\/wp-json\/wp\/v2\/comments?post=1851"}],"version-history":[{"count":2,"href":"http:\/\/ticaret.edu.tr\/gorsel-iletisim-tasarimi\/wp-json\/wp\/v2\/pages\/1851\/revisions"}],"predecessor-version":[{"id":2236,"href":"http:\/\/ticaret.edu.tr\/gorsel-iletisim-tasarimi\/wp-json\/wp\/v2\/pages\/1851\/revisions\/2236"}],"wp:attachment":[{"href":"http:\/\/ticaret.edu.tr\/gorsel-iletisim-tasarimi\/wp-json\/wp\/v2\/media?parent=1851"}],"curies":[{"name":"wp","href":"https:\/\/api.w.org\/{rel}","templated":true}]}}