{"id":1863,"date":"2025-01-26T17:42:50","date_gmt":"2025-01-26T14:42:50","guid":{"rendered":"https:\/\/ticaret.edu.tr\/gorsel-iletisim-tasarimi\/?page_id=1863"},"modified":"2025-03-20T15:23:29","modified_gmt":"2025-03-20T12:23:29","slug":"mezuniyet-kosullari","status":"publish","type":"page","link":"http:\/\/ticaret.edu.tr\/gorsel-iletisim-tasarimi\/mezuniyet-kosullari\/","title":{"rendered":"Mezuniyet Ko\u015fullar\u0131"},"content":{"rendered":"<h2 data-start=\"271\" data-end=\"313\"><strong data-start=\"274\" data-end=\"311\">\ud83d\udccc Mezuniyet \u0130\u00e7in Gerekli \u015eartlar<\/strong><\/h2>\n<p data-start=\"315\" data-end=\"422\">\ud83d\udccd\u00a0<strong data-start=\"318\" data-end=\"420\">Lisans diplomas\u0131na hak kazanabilmek i\u00e7in \u00f6\u011frencilerin a\u015fa\u011f\u0131daki ko\u015fullar\u0131 sa\u011flamas\u0131 gerekmektedir:<\/strong><\/p>\n<p data-start=\"424\" data-end=\"767\">\u2705\u00a0<strong data-start=\"426\" data-end=\"501\">Programda yer alan t\u00fcm zorunlu, se\u00e7meli ve \u00fcniversite se\u00e7meli dersleri ba\u015far\u0131yla tamamlamak<\/strong><br data-start=\"501\" data-end=\"504\" \/>\u2705\u00a0<strong data-start=\"506\" data-end=\"546\">En az 240 AKTS (ECTS) kredi toplamak<\/strong><br data-start=\"546\" data-end=\"549\" \/>\u2705\u00a0<strong data-start=\"551\" data-end=\"607\">Genel Not Ortalamas\u0131n\u0131n (GNO) en az 2.00\/4.00 olmas\u0131<\/strong><br data-start=\"607\" data-end=\"610\" \/>\u2705\u00a0<strong data-start=\"612\" data-end=\"680\">Zorunlu staj veya bitirme projesini ba\u015far\u0131yla tamamlamak<\/strong><br data-start=\"680\" data-end=\"683\" \/>\u2705\u00a0<strong data-start=\"685\" data-end=\"765\">\u00dcniversiteye ait t\u00fcm mali y\u00fck\u00fcml\u00fcl\u00fckleri ve idari i\u015flemleri tamamlam\u0131\u015f olmak<\/strong><\/p>\n<p data-start=\"769\" data-end=\"865\">\ud83d\udccc\u00a0<strong data-start=\"772\" data-end=\"780\">Not:<\/strong>\u00a0Akademik ba\u015far\u0131 durumu\u00a0<a href=\"http:\/\/obs.ticaret.edu.tr\/\"><strong data-start=\"804\" data-end=\"835\">\u00d6\u011frenci Bilgi Sistemi (OBS)<\/strong><\/a>\u00a0\u00fczerinden takip edilebilir.<\/p>\n","protected":false},"excerpt":{"rendered":"<p>\ud83d\udccc Mezuniyet \u0130\u00e7in Gerekli \u015eartlar \ud83d\udccd\u00a0Lisans diplomas\u0131na hak kazanabilmek i\u00e7in \u00f6\u011frencilerin a\u015fa\u011f\u0131daki ko\u015fullar\u0131 sa\u011flamas\u0131 gerekmektedir: \u2705\u00a0Programda yer alan t\u00fcm zorunlu, se\u00e7meli ve \u00fcniversite se\u00e7meli dersleri ba\u015far\u0131yla tamamlamak\u2705\u00a0En az 240 AKTS (ECTS) kredi toplamak\u2705\u00a0Genel Not Ortalamas\u0131n\u0131n (GNO) en az 2.00\/4.00 olmas\u0131\u2705\u00a0Zorunlu staj veya bitirme projesini ba\u015far\u0131yla tamamlamak\u2705\u00a0\u00dcniversiteye ait t\u00fcm mali y\u00fck\u00fcml\u00fcl\u00fckleri ve idari i\u015flemleri tamamlam\u0131\u015f olmak [&hellip;]<\/p>\n","protected":false},"author":43,"featured_media":0,"parent":0,"menu_order":0,"comment_status":"closed","ping_status":"closed","template":"genel_sayfa.php","meta":{"footnotes":""},"yoast_head":"<!-- This site is optimized with the Yoast SEO Premium plugin v22.1 (Yoast SEO v22.1) - https:\/\/yoast.com\/wordpress\/plugins\/seo\/ -->\n<title>Mezuniyet Ko\u015fullar\u0131 - G\u00f6rsel \u0130leti\u015fim Tasar\u0131m\u0131<\/title>\n<meta name=\"robots\" content=\"index, follow, max-snippet:-1, max-image-preview:large, max-video-preview:-1\" \/>\n<link rel=\"canonical\" href=\"http:\/\/ticaret.edu.tr\/gorsel-iletisim-tasarimi\/mezuniyet-kosullari\/\" \/>\n<meta property=\"og:locale\" content=\"tr_TR\" \/>\n<meta property=\"og:type\" content=\"article\" \/>\n<meta property=\"og:title\" content=\"Mezuniyet Ko\u015fullar\u0131\" \/>\n<meta property=\"og:description\" content=\"\ud83d\udccc Mezuniyet \u0130\u00e7in Gerekli \u015eartlar \ud83d\udccd\u00a0Lisans diplomas\u0131na hak kazanabilmek i\u00e7in \u00f6\u011frencilerin a\u015fa\u011f\u0131daki ko\u015fullar\u0131 sa\u011flamas\u0131 gerekmektedir: \u2705\u00a0Programda yer alan t\u00fcm zorunlu, se\u00e7meli ve \u00fcniversite se\u00e7meli dersleri ba\u015far\u0131yla tamamlamak\u2705\u00a0En az 240 AKTS (ECTS) kredi toplamak\u2705\u00a0Genel Not Ortalamas\u0131n\u0131n (GNO) en az 2.00\/4.00 olmas\u0131\u2705\u00a0Zorunlu staj veya bitirme projesini ba\u015far\u0131yla tamamlamak\u2705\u00a0\u00dcniversiteye ait t\u00fcm mali y\u00fck\u00fcml\u00fcl\u00fckleri ve idari i\u015flemleri tamamlam\u0131\u015f olmak [&hellip;]\" \/>\n<meta property=\"og:url\" content=\"http:\/\/ticaret.edu.tr\/gorsel-iletisim-tasarimi\/mezuniyet-kosullari\/\" \/>\n<meta property=\"og:site_name\" content=\"G\u00f6rsel \u0130leti\u015fim Tasar\u0131m\u0131\" \/>\n<meta property=\"article:publisher\" content=\"https:\/\/www.facebook.com\/ticaretedutr\" \/>\n<meta property=\"article:modified_time\" content=\"2025-03-20T12:23:29+00:00\" \/>\n<meta property=\"og:image\" content=\"http:\/\/ticaret.edu.tr\/gorsel-iletisim-tasarimi\/wp-content\/uploads\/sites\/12\/2021\/11\/web_logo-01.jpg\" \/>\n\t<meta property=\"og:image:width\" content=\"1250\" \/>\n\t<meta property=\"og:image:height\" content=\"833\" \/>\n\t<meta property=\"og:image:type\" content=\"image\/jpeg\" \/>\n<meta name=\"twitter:card\" content=\"summary_large_image\" \/>\n<meta name=\"twitter:site\" content=\"@ticaretedutr\" \/>\n<script type=\"application\/ld+json\" class=\"yoast-schema-graph\">{\"@context\":\"https:\/\/schema.org\",\"@graph\":[{\"@type\":\"WebPage\",\"@id\":\"http:\/\/ticaret.edu.tr\/gorsel-iletisim-tasarimi\/mezuniyet-kosullari\/\",\"url\":\"http:\/\/ticaret.edu.tr\/gorsel-iletisim-tasarimi\/mezuniyet-kosullari\/\",\"name\":\"Mezuniyet Ko\u015fullar\u0131 - G\u00f6rsel \u0130leti\u015fim Tasar\u0131m\u0131\",\"isPartOf\":{\"@id\":\"http:\/\/ticaret.edu.tr\/gorsel-iletisim-tasarimi\/en\/#website\"},\"datePublished\":\"2025-01-26T14:42:50+00:00\",\"dateModified\":\"2025-03-20T12:23:29+00:00\",\"breadcrumb\":{\"@id\":\"http:\/\/ticaret.edu.tr\/gorsel-iletisim-tasarimi\/mezuniyet-kosullari\/#breadcrumb\"},\"inLanguage\":\"tr\",\"potentialAction\":[{\"@type\":\"ReadAction\",\"target\":[\"http:\/\/ticaret.edu.tr\/gorsel-iletisim-tasarimi\/mezuniyet-kosullari\/\"]}]},{\"@type\":\"BreadcrumbList\",\"@id\":\"http:\/\/ticaret.edu.tr\/gorsel-iletisim-tasarimi\/mezuniyet-kosullari\/#breadcrumb\",\"itemListElement\":[{\"@type\":\"ListItem\",\"position\":1,\"name\":\"Ana sayfa\",\"item\":\"https:\/\/ticaret.edu.tr\/gorsel-iletisim-tasarimi\/\"},{\"@type\":\"ListItem\",\"position\":2,\"name\":\"Mezuniyet Ko\u015fullar\u0131\"}]},{\"@type\":\"WebSite\",\"@id\":\"http:\/\/ticaret.edu.tr\/gorsel-iletisim-tasarimi\/en\/#website\",\"url\":\"http:\/\/ticaret.edu.tr\/gorsel-iletisim-tasarimi\/en\/\",\"name\":\"G\u00f6rsel \u0130leti\u015fim Tasar\u0131m\u0131\",\"description\":\"\",\"potentialAction\":[{\"@type\":\"SearchAction\",\"target\":{\"@type\":\"EntryPoint\",\"urlTemplate\":\"http:\/\/ticaret.edu.tr\/gorsel-iletisim-tasarimi\/en\/?s={search_term_string}\"},\"query-input\":\"required name=search_term_string\"}],\"inLanguage\":\"tr\"}]}<\/script>\n<!-- \/ Yoast SEO Premium plugin. -->","yoast_head_json":{"title":"Mezuniyet Ko\u015fullar\u0131 - G\u00f6rsel \u0130leti\u015fim Tasar\u0131m\u0131","robots":{"index":"index","follow":"follow","max-snippet":"max-snippet:-1","max-image-preview":"max-image-preview:large","max-video-preview":"max-video-preview:-1"},"canonical":"http:\/\/ticaret.edu.tr\/gorsel-iletisim-tasarimi\/mezuniyet-kosullari\/","og_locale":"tr_TR","og_type":"article","og_title":"Mezuniyet Ko\u015fullar\u0131","og_description":"\ud83d\udccc Mezuniyet \u0130\u00e7in Gerekli \u015eartlar \ud83d\udccd\u00a0Lisans diplomas\u0131na hak kazanabilmek i\u00e7in \u00f6\u011frencilerin a\u015fa\u011f\u0131daki ko\u015fullar\u0131 sa\u011flamas\u0131 gerekmektedir: \u2705\u00a0Programda yer alan t\u00fcm zorunlu, se\u00e7meli ve \u00fcniversite se\u00e7meli dersleri ba\u015far\u0131yla tamamlamak\u2705\u00a0En az 240 AKTS (ECTS) kredi toplamak\u2705\u00a0Genel Not Ortalamas\u0131n\u0131n (GNO) en az 2.00\/4.00 olmas\u0131\u2705\u00a0Zorunlu staj veya bitirme projesini ba\u015far\u0131yla tamamlamak\u2705\u00a0\u00dcniversiteye ait t\u00fcm mali y\u00fck\u00fcml\u00fcl\u00fckleri ve idari i\u015flemleri tamamlam\u0131\u015f olmak [&hellip;]","og_url":"http:\/\/ticaret.edu.tr\/gorsel-iletisim-tasarimi\/mezuniyet-kosullari\/","og_site_name":"G\u00f6rsel \u0130leti\u015fim Tasar\u0131m\u0131","article_publisher":"https:\/\/www.facebook.com\/ticaretedutr","article_modified_time":"2025-03-20T12:23:29+00:00","og_image":[{"width":1250,"height":833,"url":"http:\/\/ticaret.edu.tr\/gorsel-iletisim-tasarimi\/wp-content\/uploads\/sites\/12\/2021\/11\/web_logo-01.jpg","type":"image\/jpeg"}],"twitter_card":"summary_large_image","twitter_site":"@ticaretedutr","schema":{"@context":"https:\/\/schema.org","@graph":[{"@type":"WebPage","@id":"http:\/\/ticaret.edu.tr\/gorsel-iletisim-tasarimi\/mezuniyet-kosullari\/","url":"http:\/\/ticaret.edu.tr\/gorsel-iletisim-tasarimi\/mezuniyet-kosullari\/","name":"Mezuniyet Ko\u015fullar\u0131 - G\u00f6rsel \u0130leti\u015fim Tasar\u0131m\u0131","isPartOf":{"@id":"http:\/\/ticaret.edu.tr\/gorsel-iletisim-tasarimi\/en\/#website"},"datePublished":"2025-01-26T14:42:50+00:00","dateModified":"2025-03-20T12:23:29+00:00","breadcrumb":{"@id":"http:\/\/ticaret.edu.tr\/gorsel-iletisim-tasarimi\/mezuniyet-kosullari\/#breadcrumb"},"inLanguage":"tr","potentialAction":[{"@type":"ReadAction","target":["http:\/\/ticaret.edu.tr\/gorsel-iletisim-tasarimi\/mezuniyet-kosullari\/"]}]},{"@type":"BreadcrumbList","@id":"http:\/\/ticaret.edu.tr\/gorsel-iletisim-tasarimi\/mezuniyet-kosullari\/#breadcrumb","itemListElement":[{"@type":"ListItem","position":1,"name":"Ana sayfa","item":"https:\/\/ticaret.edu.tr\/gorsel-iletisim-tasarimi\/"},{"@type":"ListItem","position":2,"name":"Mezuniyet Ko\u015fullar\u0131"}]},{"@type":"WebSite","@id":"http:\/\/ticaret.edu.tr\/gorsel-iletisim-tasarimi\/en\/#website","url":"http:\/\/ticaret.edu.tr\/gorsel-iletisim-tasarimi\/en\/","name":"G\u00f6rsel \u0130leti\u015fim Tasar\u0131m\u0131","description":"","potentialAction":[{"@type":"SearchAction","target":{"@type":"EntryPoint","urlTemplate":"http:\/\/ticaret.edu.tr\/gorsel-iletisim-tasarimi\/en\/?s={search_term_string}"},"query-input":"required name=search_term_string"}],"inLanguage":"tr"}]}},"lang":"tr","translations":{"en":1865,"tr":1863},"pll_sync_post":[],"_links":{"self":[{"href":"http:\/\/ticaret.edu.tr\/gorsel-iletisim-tasarimi\/wp-json\/wp\/v2\/pages\/1863"}],"collection":[{"href":"http:\/\/ticaret.edu.tr\/gorsel-iletisim-tasarimi\/wp-json\/wp\/v2\/pages"}],"about":[{"href":"http:\/\/ticaret.edu.tr\/gorsel-iletisim-tasarimi\/wp-json\/wp\/v2\/types\/page"}],"author":[{"embeddable":true,"href":"http:\/\/ticaret.edu.tr\/gorsel-iletisim-tasarimi\/wp-json\/wp\/v2\/users\/43"}],"replies":[{"embeddable":true,"href":"http:\/\/ticaret.edu.tr\/gorsel-iletisim-tasarimi\/wp-json\/wp\/v2\/comments?post=1863"}],"version-history":[{"count":2,"href":"http:\/\/ticaret.edu.tr\/gorsel-iletisim-tasarimi\/wp-json\/wp\/v2\/pages\/1863\/revisions"}],"predecessor-version":[{"id":2237,"href":"http:\/\/ticaret.edu.tr\/gorsel-iletisim-tasarimi\/wp-json\/wp\/v2\/pages\/1863\/revisions\/2237"}],"wp:attachment":[{"href":"http:\/\/ticaret.edu.tr\/gorsel-iletisim-tasarimi\/wp-json\/wp\/v2\/media?parent=1863"}],"curies":[{"name":"wp","href":"https:\/\/api.w.org\/{rel}","templated":true}]}}